{"id":2323,"date":"2025-01-21T09:28:03","date_gmt":"2025-01-21T12:28:03","guid":{"rendered":"https:\/\/portal.pi.gov.br\/adapi\/?page_id=2323"},"modified":"2025-05-05T10:45:57","modified_gmt":"2025-05-05T13:45:57","slug":"avisos","status":"publish","type":"page","link":"https:\/\/portal.pi.gov.br\/adapi\/avisos\/","title":{"rendered":"Avisos"},"content":{"rendered":"<script type=\"text\/x-handlebars-template\"        id=\"wpfd-template-table-categories-319\">    <div class=\"wpfd-categories\">{{#if category}}{{#with category}}{{#if parent}}<a class=\"catlink backcategory\" href=\"#\" data-idcat=\"{{parent}}\">                        <i class=\"zmdi zmdi-chevron-left\"><\/i><span>Voltar<\/span><\/a>{{\/if}}{{\/with}}{{\/if}}<\/div><\/script><script type=\"text\/x-handlebars-template\" id=\"wpfd-template-table-319\">    {{#if files}}    {{#each files}}    <tr class=\"file\" data-id=\"{{ID}}\" data-catid=\"{{catid}}\">    <td class=\"file_title\"><a class=\"wpfd_downloadlink\" href=\"{{linkdownload}}\" title=\"{{post_title}}\"><span class=\"extcol\">{{#if file_custom_icon}}<span class=\"icon-custom\"><img src=\"{{file_custom_icon}}\"><\/span>{{else}}<span class=\"ext ext-{{ext}}\"><\/span>{{\/if}}<\/span>{{{crop_title}}}<\/a><\/td><td class=\"file_size\">{{bytesToSize size}}<\/td><td class=\"file_created\">{{created}}<\/td>                    <td class=\"col-download\">                <a class=\"downloadlink wpfd_downloadlink\"  href=\"{{linkdownload}}\" style=\"background-color:#033b85;color:#ffffff;\">Baixar<i class=\"zmdi zmdi-cloud-download wpfd-download\"><\/i><\/a>{{#if openpdflink}}<a class=\"openlink wpfdlightbox wpfd_previewlink\" href=\"{{openpdflink}}\" target=\"\">Visualizar                            <i class=\"zmdi zmdi-filter-center-focus wpfd-preview\"><\/i>                        <\/a>{{else}}{{#if viewerlink}}<a                            href=\"{{viewerlink}}\"                            class=\"openlink wpfdlightbox wpfd_previewlink\"                            target=\"\"                            data-id=\"{{ID}}\"                            data-catid=\"{{catid}}\"                            data-file-type=\"{{ext}}\">Visualizar<i class=\"zmdi zmdi-filter-center-focus wpfd-preview\"><\/i>                        <\/a>{{\/if}}{{\/if}}            <\/td>            <\/tr>    {{\/each}}    {{\/if}}<\/script><div class=\"wpfd-content wpfd-content-table wpfd-content-multi colstyle\" data-category=\"319\"><input type=\"hidden\" id=\"current_category_319\" value=\"319\" \/>                    <input type=\"hidden\" id=\"current_category_slug_319\" value=\"avisos\" \/>                    <input type=\"hidden\" id=\"current_ordering_319\" value=\"created_time\" \/>                    <input type=\"hidden\" id=\"current_ordering_direction_319\" value=\"desc\" \/><div class=\"wpfd-container\">        <div class=\"wpfd-open-tree\"><\/div>    <div class=\"wpfd-container-table \">        <div class=\"wpfd-categories\"><\/div>        <table class=\"wpfd-table wpfd-table-bordered wpfd-table-striped mediaTable\">            <thead>            <tr>                <th class=\"essential persist file_title\">T\u00edtulo<\/th><th class=\"optional file_size\">Tamanho<\/th><th class=\"optional file_created\">Data de Publica\u00e7\u00e3o<\/th><th class=\"essential file_download\">Baixar<\/th>            <\/tr>            <\/thead>            <tbody>                            <tr class=\"file\" data-id=\"5205\"                    data-catid=\"319\">                    <td class=\"file_title\"><a class=\"wpfd_downloadlink\" href=\"https:\/\/portal.pi.gov.br\/adapi\/download\/319\/avisos\/5205\/aviso-de-contratacao-emergencial-de-empresa-especializada-no-transporte-de-material-biologico.pdf\" title=\"Aviso de contrata\u00e7\u00e3o emergencial de empresa especializada no transporte de material biol\u00f3gico\"><span class=\"extcol\">                                <span class=\"ext ext-pdf\"><\/span>                                Aviso de contrata\u00e7\u00e3o emergencial de empresa especializada no transporte de material biol\u00f3gico                            <\/span><\/a><\/td><td class=\"file_size\">304.83 KB<\/td><td class=\"file_created\">09-03-2026<\/td>                                            <td class=\"col-download\">                            <a class=\"downloadlink wpfd_downloadlink\"  href=\"https:\/\/portal.pi.gov.br\/adapi\/download\/319\/avisos\/5205\/aviso-de-contratacao-emergencial-de-empresa-especializada-no-transporte-de-material-biologico.pdf\" style=\"background-color:#033b85;color:#ffffff;\">Baixar<i class=\"zmdi zmdi-cloud-download wpfd-download\"><\/i><\/a><a                            href=\"https:\/\/docs.google.com\/viewer?url=https%3A%2F%2Fportal.pi.gov.br%2Fadapi%2Fwp-admin%2Fadmin-ajax.php%3Fjuwpfisadmin%3Dfalse%26action%3Dwpfd%26task%3Dfile.download%26wpfd_category_id%3D319%26wpfd_file_id%3D5205%26token%3D%26preview%3D1&#038;embedded=true\"                            class=\"openlink wpfdlightbox wpfd_previewlink\"                            target=\"\"                            data-id=\"5205\"                            data-catid=\"319\"                            data-file-type=\"pdf\">Visualizar<i class=\"zmdi zmdi-filter-center-focus wpfd-preview\"><\/i>                        <\/a>                        <\/td>                                    <\/tr>                            <tr class=\"file\" data-id=\"5204\"                    data-catid=\"319\">                    <td class=\"file_title\"><a class=\"wpfd_downloadlink\" href=\"https:\/\/portal.pi.gov.br\/adapi\/download\/319\/avisos\/5204\/aviso-de-contratacao-emergencial-de-mpresa-especializada-no-transporte-de-material-biologico.pdf\" title=\"Aviso de contrata\u00e7\u00e3o emergencial de mpresa especializada no transporte de material biol\u00f3gico\"><span class=\"extcol\">                                <span class=\"ext ext-pdf\"><\/span>                                Aviso de contrata\u00e7\u00e3o emergencial de mpresa especializada no transporte de material biol\u00f3gico                            <\/span><\/a><\/td><td class=\"file_size\">304.83 KB<\/td><td class=\"file_created\">09-03-2026<\/td>                                            <td class=\"col-download\">                            <a class=\"downloadlink wpfd_downloadlink\"  href=\"https:\/\/portal.pi.gov.br\/adapi\/download\/319\/avisos\/5204\/aviso-de-contratacao-emergencial-de-mpresa-especializada-no-transporte-de-material-biologico.pdf\" style=\"background-color:#033b85;color:#ffffff;\">Baixar<i class=\"zmdi zmdi-cloud-download wpfd-download\"><\/i><\/a><a                            href=\"https:\/\/docs.google.com\/viewer?url=https%3A%2F%2Fportal.pi.gov.br%2Fadapi%2Fwp-admin%2Fadmin-ajax.php%3Fjuwpfisadmin%3Dfalse%26action%3Dwpfd%26task%3Dfile.download%26wpfd_category_id%3D319%26wpfd_file_id%3D5204%26token%3D%26preview%3D1&#038;embedded=true\"                            class=\"openlink wpfdlightbox wpfd_previewlink\"                            target=\"\"                            data-id=\"5204\"                            data-catid=\"319\"                            data-file-type=\"pdf\">Visualizar<i class=\"zmdi zmdi-filter-center-focus wpfd-preview\"><\/i>                        <\/a>                        <\/td>                                    <\/tr>                            <tr class=\"file\" data-id=\"5203\"                    data-catid=\"319\">                    <td class=\"file_title\"><a class=\"wpfd_downloadlink\" href=\"https:\/\/portal.pi.gov.br\/adapi\/download\/319\/avisos\/5203\/aviso-de-contratacao-adapi.pdf\" title=\"Aviso de contrata\u00e7\u00e3o - Adapi\"><span class=\"extcol\">                                <span class=\"ext ext-pdf\"><\/span>                                Aviso de contrata\u00e7\u00e3o - Adapi                            <\/span><\/a><\/td><td class=\"file_size\">304.83 KB<\/td><td class=\"file_created\">09-03-2026<\/td>                                            <td class=\"col-download\">                            <a class=\"downloadlink wpfd_downloadlink\"  href=\"https:\/\/portal.pi.gov.br\/adapi\/download\/319\/avisos\/5203\/aviso-de-contratacao-adapi.pdf\" style=\"background-color:#033b85;color:#ffffff;\">Baixar<i class=\"zmdi zmdi-cloud-download wpfd-download\"><\/i><\/a><a                            href=\"https:\/\/docs.google.com\/viewer?url=https%3A%2F%2Fportal.pi.gov.br%2Fadapi%2Fwp-admin%2Fadmin-ajax.php%3Fjuwpfisadmin%3Dfalse%26action%3Dwpfd%26task%3Dfile.download%26wpfd_category_id%3D319%26wpfd_file_id%3D5203%26token%3D%26preview%3D1&#038;embedded=true\"                            class=\"openlink wpfdlightbox wpfd_previewlink\"                            target=\"\"                            data-id=\"5203\"                            data-catid=\"319\"                            data-file-type=\"pdf\">Visualizar<i class=\"zmdi zmdi-filter-center-focus wpfd-preview\"><\/i>                        <\/a>                        <\/td>                                    <\/tr>                            <tr class=\"file\" data-id=\"4350\"                    data-catid=\"319\">                    <td class=\"file_title\"><a class=\"wpfd_downloadlink\" href=\"https:\/\/portal.pi.gov.br\/adapi\/download\/319\/avisos\/4350\/aviso-de-manifestacao-de-interesse-aquisicao-de-baterias.pdf\" title=\"Aviso de manifesta\u00e7\u00e3o de interesse - aquisi\u00e7\u00e3o de baterias\"><span class=\"extcol\">                                <span class=\"ext ext-pdf\"><\/span>                                Aviso de manifesta\u00e7\u00e3o de interesse - aquisi\u00e7\u00e3o de baterias                            <\/span><\/a><\/td><td class=\"file_size\">31.22 KB<\/td><td class=\"file_created\">06-10-2025<\/td>                                            <td class=\"col-download\">                            <a class=\"downloadlink wpfd_downloadlink\"  href=\"https:\/\/portal.pi.gov.br\/adapi\/download\/319\/avisos\/4350\/aviso-de-manifestacao-de-interesse-aquisicao-de-baterias.pdf\" style=\"background-color:#033b85;color:#ffffff;\">Baixar<i class=\"zmdi zmdi-cloud-download wpfd-download\"><\/i><\/a><a                            href=\"https:\/\/docs.google.com\/viewer?url=https%3A%2F%2Fportal.pi.gov.br%2Fadapi%2Fwp-admin%2Fadmin-ajax.php%3Fjuwpfisadmin%3Dfalse%26action%3Dwpfd%26task%3Dfile.download%26wpfd_category_id%3D319%26wpfd_file_id%3D4350%26token%3D%26preview%3D1&#038;embedded=true\"                            class=\"openlink wpfdlightbox wpfd_previewlink\"                            target=\"\"                            data-id=\"4350\"                            data-catid=\"319\"                            data-file-type=\"pdf\">Visualizar<i class=\"zmdi zmdi-filter-center-focus wpfd-preview\"><\/i>                        <\/a>                        <\/td>                                    <\/tr>                            <tr class=\"file\" data-id=\"4339\"                    data-catid=\"319\">                    <td class=\"file_title\"><a class=\"wpfd_downloadlink\" href=\"https:\/\/portal.pi.gov.br\/adapi\/download\/319\/avisos\/4339\/aviso-de-manifestacao-de-interesse-aquisicao-de-pneus.pdf\" title=\"Aviso de manifesta\u00e7\u00e3o de interesse - aquisi\u00e7\u00e3o de pneus\"><span class=\"extcol\">                                <span class=\"ext ext-pdf\"><\/span>                                Aviso de manifesta\u00e7\u00e3o de interesse - aquisi\u00e7\u00e3o de pneus                            <\/span><\/a><\/td><td class=\"file_size\">31.56 KB<\/td><td class=\"file_created\">01-10-2025<\/td>                                            <td class=\"col-download\">                            <a class=\"downloadlink wpfd_downloadlink\"  href=\"https:\/\/portal.pi.gov.br\/adapi\/download\/319\/avisos\/4339\/aviso-de-manifestacao-de-interesse-aquisicao-de-pneus.pdf\" style=\"background-color:#033b85;color:#ffffff;\">Baixar<i class=\"zmdi zmdi-cloud-download wpfd-download\"><\/i><\/a><a                            href=\"https:\/\/docs.google.com\/viewer?url=https%3A%2F%2Fportal.pi.gov.br%2Fadapi%2Fwp-admin%2Fadmin-ajax.php%3Fjuwpfisadmin%3Dfalse%26action%3Dwpfd%26task%3Dfile.download%26wpfd_category_id%3D319%26wpfd_file_id%3D4339%26token%3D%26preview%3D1&#038;embedded=true\"                            class=\"openlink wpfdlightbox wpfd_previewlink\"                            target=\"\"                            data-id=\"4339\"                            data-catid=\"319\"                            data-file-type=\"pdf\">Visualizar<i class=\"zmdi zmdi-filter-center-focus wpfd-preview\"><\/i>                        <\/a>                        <\/td>                                    <\/tr>                            <tr class=\"file\" data-id=\"4253\"                    data-catid=\"319\">                    <td class=\"file_title\"><a class=\"wpfd_downloadlink\" href=\"https:\/\/portal.pi.gov.br\/adapi\/download\/319\/avisos\/4253\/aviso-n-892025-contratacao-manutencao-central-digital.pdf\" title=\"Aviso n 892025 contrata\u00e7\u00e3o manuten\u00e7\u00e3o central digital\"><span class=\"extcol\">                                <span class=\"ext ext-pdf\"><\/span>                                Aviso n 892025 contrata\u00e7\u00e3o manuten\u00e7\u00e3o central digital                            <\/span><\/a><\/td><td class=\"file_size\">119.53 KB<\/td><td class=\"file_created\">12-09-2025<\/td>                                            <td class=\"col-download\">                            <a class=\"downloadlink wpfd_downloadlink\"  href=\"https:\/\/portal.pi.gov.br\/adapi\/download\/319\/avisos\/4253\/aviso-n-892025-contratacao-manutencao-central-digital.pdf\" style=\"background-color:#033b85;color:#ffffff;\">Baixar<i class=\"zmdi zmdi-cloud-download wpfd-download\"><\/i><\/a><a                            href=\"https:\/\/docs.google.com\/viewer?url=https%3A%2F%2Fportal.pi.gov.br%2Fadapi%2Fwp-admin%2Fadmin-ajax.php%3Fjuwpfisadmin%3Dfalse%26action%3Dwpfd%26task%3Dfile.download%26wpfd_category_id%3D319%26wpfd_file_id%3D4253%26token%3D%26preview%3D1&#038;embedded=true\"                            class=\"openlink wpfdlightbox wpfd_previewlink\"                            target=\"\"                            data-id=\"4253\"                            data-catid=\"319\"                            data-file-type=\"pdf\">Visualizar<i class=\"zmdi zmdi-filter-center-focus wpfd-preview\"><\/i>                        <\/a>                        <\/td>                                    <\/tr>                            <tr class=\"file\" data-id=\"3478\"                    data-catid=\"319\">                    <td class=\"file_title\"><a class=\"wpfd_downloadlink\" href=\"https:\/\/portal.pi.gov.br\/adapi\/download\/319\/avisos\/3478\/publicacao-do-aviso-no-diario-oficial.pdf\" title=\"Publica\u00e7\u00e3o do Aviso no Di\u00e1rio Oficial\"><span class=\"extcol\">                                <span class=\"ext ext-pdf\"><\/span>                                Publica\u00e7\u00e3o do Aviso no Di\u00e1rio Oficial                            <\/span><\/a><\/td><td class=\"file_size\">24.57 KB<\/td><td class=\"file_created\">29-04-2025<\/td>                                            <td class=\"col-download\">                            <a class=\"downloadlink wpfd_downloadlink\"  href=\"https:\/\/portal.pi.gov.br\/adapi\/download\/319\/avisos\/3478\/publicacao-do-aviso-no-diario-oficial.pdf\" style=\"background-color:#033b85;color:#ffffff;\">Baixar<i class=\"zmdi zmdi-cloud-download wpfd-download\"><\/i><\/a><a                            href=\"https:\/\/docs.google.com\/viewer?url=https%3A%2F%2Fportal.pi.gov.br%2Fadapi%2Fwp-admin%2Fadmin-ajax.php%3Fjuwpfisadmin%3Dfalse%26action%3Dwpfd%26task%3Dfile.download%26wpfd_category_id%3D319%26wpfd_file_id%3D3478%26token%3D%26preview%3D1&#038;embedded=true\"                            class=\"openlink wpfdlightbox wpfd_previewlink\"                            target=\"\"                            data-id=\"3478\"                            data-catid=\"319\"                            data-file-type=\"pdf\">Visualizar<i class=\"zmdi zmdi-filter-center-focus wpfd-preview\"><\/i>                        <\/a>                        <\/td>                                    <\/tr>                            <tr class=\"file\" data-id=\"3477\"                    data-catid=\"319\">                    <td class=\"file_title\"><a class=\"wpfd_downloadlink\" href=\"https:\/\/portal.pi.gov.br\/adapi\/download\/319\/avisos\/3477\/menor-preco.pdf\" title=\"MENOR PRE\u00c7O\"><span class=\"extcol\">                                <span class=\"ext ext-pdf\"><\/span>                                MENOR PRE\u00c7O                            <\/span><\/a><\/td><td class=\"file_size\">16.41 KB<\/td><td class=\"file_created\">29-04-2025<\/td>                                            <td class=\"col-download\">                            <a class=\"downloadlink wpfd_downloadlink\"  href=\"https:\/\/portal.pi.gov.br\/adapi\/download\/319\/avisos\/3477\/menor-preco.pdf\" style=\"background-color:#033b85;color:#ffffff;\">Baixar<i class=\"zmdi zmdi-cloud-download wpfd-download\"><\/i><\/a><a                            href=\"https:\/\/docs.google.com\/viewer?url=https%3A%2F%2Fportal.pi.gov.br%2Fadapi%2Fwp-admin%2Fadmin-ajax.php%3Fjuwpfisadmin%3Dfalse%26action%3Dwpfd%26task%3Dfile.download%26wpfd_category_id%3D319%26wpfd_file_id%3D3477%26token%3D%26preview%3D1&#038;embedded=true\"                            class=\"openlink wpfdlightbox wpfd_previewlink\"                            target=\"\"                            data-id=\"3477\"                            data-catid=\"319\"                            data-file-type=\"pdf\">Visualizar<i class=\"zmdi zmdi-filter-center-focus wpfd-preview\"><\/i>                        <\/a>                        <\/td>                                    <\/tr>                            <tr class=\"file\" data-id=\"3476\"                    data-catid=\"319\">                    <td class=\"file_title\"><a class=\"wpfd_downloadlink\" href=\"https:\/\/portal.pi.gov.br\/adapi\/download\/319\/avisos\/3476\/termo-de-referencia-processo-no-00309-003870-2024-51.pdf\" title=\"TERMO DE REFER\u00caNCIA Processo n\u00ba 00309.003870-2024-51\"><span class=\"extcol\">                                <span class=\"ext ext-pdf\"><\/span>                                TERMO DE REFER\u00caNCIA Processo n\u00ba 00309.003870-2024-51                            <\/span><\/a><\/td><td class=\"file_size\">315.94 KB<\/td><td class=\"file_created\">29-04-2025<\/td>                                            <td class=\"col-download\">                            <a class=\"downloadlink wpfd_downloadlink\"  href=\"https:\/\/portal.pi.gov.br\/adapi\/download\/319\/avisos\/3476\/termo-de-referencia-processo-no-00309-003870-2024-51.pdf\" style=\"background-color:#033b85;color:#ffffff;\">Baixar<i class=\"zmdi zmdi-cloud-download wpfd-download\"><\/i><\/a><a                            href=\"https:\/\/docs.google.com\/viewer?url=https%3A%2F%2Fportal.pi.gov.br%2Fadapi%2Fwp-admin%2Fadmin-ajax.php%3Fjuwpfisadmin%3Dfalse%26action%3Dwpfd%26task%3Dfile.download%26wpfd_category_id%3D319%26wpfd_file_id%3D3476%26token%3D%26preview%3D1&#038;embedded=true\"                            class=\"openlink wpfdlightbox wpfd_previewlink\"                            target=\"\"                            data-id=\"3476\"                            data-catid=\"319\"                            data-file-type=\"pdf\">Visualizar<i class=\"zmdi zmdi-filter-center-focus wpfd-preview\"><\/i>                        <\/a>                        <\/td>                                    <\/tr>                            <tr class=\"file\" data-id=\"3475\"                    data-catid=\"319\">                    <td class=\"file_title\"><a class=\"wpfd_downloadlink\" href=\"https:\/\/portal.pi.gov.br\/adapi\/download\/319\/avisos\/3475\/termo-de-referencia-processo-no-00309-002946-2024-21.pdf\" title=\"Termo de refer\u00eancia Processo n\u00ba 00309.002946-2024-21 -\"><span class=\"extcol\">                                <span class=\"ext ext-pdf\"><\/span>                                Termo de refer\u00eancia Processo n\u00ba 00309.002946-2024-21 -                            <\/span><\/a><\/td><td class=\"file_size\">387.51 KB<\/td><td class=\"file_created\">29-04-2025<\/td>                                            <td class=\"col-download\">                            <a class=\"downloadlink wpfd_downloadlink\"  href=\"https:\/\/portal.pi.gov.br\/adapi\/download\/319\/avisos\/3475\/termo-de-referencia-processo-no-00309-002946-2024-21.pdf\" style=\"background-color:#033b85;color:#ffffff;\">Baixar<i class=\"zmdi zmdi-cloud-download wpfd-download\"><\/i><\/a><a                            href=\"https:\/\/docs.google.com\/viewer?url=https%3A%2F%2Fportal.pi.gov.br%2Fadapi%2Fwp-admin%2Fadmin-ajax.php%3Fjuwpfisadmin%3Dfalse%26action%3Dwpfd%26task%3Dfile.download%26wpfd_category_id%3D319%26wpfd_file_id%3D3475%26token%3D%26preview%3D1&#038;embedded=true\"                            class=\"openlink wpfdlightbox wpfd_previewlink\"                            target=\"\"                            data-id=\"3475\"                            data-catid=\"319\"                            data-file-type=\"pdf\">Visualizar<i class=\"zmdi zmdi-filter-center-focus wpfd-preview\"><\/i>                        <\/a>                        <\/td>                                    <\/tr>                        <\/tbody>        <\/table>            <\/div><\/div><\/div><div class='wpfd-pagination'>\n\t<span class='page-numbers current'>1<\/span>\n<a class='page-numbers' data-page='2' data-sourcecat='319'>2<\/a>\n<a class='page-numbers' data-page='3' data-sourcecat='319'>3<\/a>\n<a class='page-numbers' data-page='4' data-sourcecat='319'>4<\/a>\n<a class='next page-numbers' data-page='2' data-sourcecat='319'>Pr\u00f3ximo &raquo;<\/a>\n<\/div>\n\n","protected":false},"excerpt":{"rendered":"","protected":false},"author":1798,"featured_media":0,"parent":0,"menu_order":0,"comment_status":"closed","ping_status":"closed","template":"template-fullwidth.php","meta":[],"featured_image_urls":{"full":"","thumbnail":"","medium":"","medium_large":"","large":"","sgg-420":"","sgg-540":"","sgg-780":"","1536x1536":"","2048x2048":"","homepage-slider":"","homepage-slider-small":"","page-top":"","page-small":"","loop-main":"","thumb-gallery-widget":""},"post_excerpt_stackable":"<p>T\u00edtuloTamanhoData de Publica\u00e7\u00e3oBaixar Aviso de contrata\u00e7\u00e3o emergencial de empresa especializada no transporte de material biol\u00f3gico 304.83 KB09-03-2026 BaixarVisualizar Aviso de contrata\u00e7\u00e3o emergencial de mpresa especializada no transporte de material biol\u00f3gico 304.83 KB09-03-2026 BaixarVisualizar Aviso de contrata\u00e7\u00e3o &#8211; Adapi 304.83 KB09-03-2026 BaixarVisualizar Aviso de manifesta\u00e7\u00e3o de interesse &#8211; aquisi\u00e7\u00e3o de baterias 31.22 KB06-10-2025 BaixarVisualizar Aviso de manifesta\u00e7\u00e3o de interesse &#8211; aquisi\u00e7\u00e3o de pneus 31.56 KB01-10-2025 BaixarVisualizar Aviso n 892025 contrata\u00e7\u00e3o manuten\u00e7\u00e3o central digital 119.53 KB12-09-2025 BaixarVisualizar Publica\u00e7\u00e3o do Aviso no Di\u00e1rio Oficial 24.57 KB29-04-2025 BaixarVisualizar MENOR PRE\u00c7O 16.41 KB29-04-2025 BaixarVisualizar TERMO DE REFER\u00caNCIA Processo n\u00ba 00309.003870-2024-51 315.94 KB29-04-2025 BaixarVisualizar Termo de&hellip;<\/p>\n","category_list":"","author_info":{"name":"yancarvalho","url":"https:\/\/portal.pi.gov.br\/adapi\/author\/yancarvalho\/"},"comments_num":"0 coment\u00e1rio","featured_image_urls_v2":{"full":"","thumbnail":"","medium":"","medium_large":"","large":"","sgg-420":"","sgg-540":"","sgg-780":"","1536x1536":"","2048x2048":"","homepage-slider":"","homepage-slider-small":"","page-top":"","page-small":"","loop-main":"","thumb-gallery-widget":""},"post_excerpt_stackable_v2":"<p>T\u00edtuloTamanhoData de Publica\u00e7\u00e3oBaixar Aviso de contrata\u00e7\u00e3o emergencial de empresa especializada no transporte de material biol\u00f3gico 304.83 KB09-03-2026 BaixarVisualizar Aviso de contrata\u00e7\u00e3o emergencial de mpresa especializada no transporte de material biol\u00f3gico 304.83 KB09-03-2026 BaixarVisualizar Aviso de contrata\u00e7\u00e3o &#8211; Adapi 304.83 KB09-03-2026 BaixarVisualizar Aviso de manifesta\u00e7\u00e3o de interesse &#8211; aquisi\u00e7\u00e3o de baterias 31.22 KB06-10-2025 BaixarVisualizar Aviso de manifesta\u00e7\u00e3o de interesse &#8211; aquisi\u00e7\u00e3o de pneus 31.56 KB01-10-2025 BaixarVisualizar Aviso n 892025 contrata\u00e7\u00e3o manuten\u00e7\u00e3o central digital 119.53 KB12-09-2025 BaixarVisualizar Publica\u00e7\u00e3o do Aviso no Di\u00e1rio Oficial 24.57 KB29-04-2025 BaixarVisualizar MENOR PRE\u00c7O 16.41 KB29-04-2025 BaixarVisualizar TERMO DE REFER\u00caNCIA Processo n\u00ba 00309.003870-2024-51 315.94 KB29-04-2025 BaixarVisualizar Termo de&hellip;<\/p>\n","category_list_v2":"","author_info_v2":{"name":"yancarvalho","url":"https:\/\/portal.pi.gov.br\/adapi\/author\/yancarvalho\/"},"comments_num_v2":"0 coment\u00e1rio","_links":{"self":[{"href":"https:\/\/portal.pi.gov.br\/adapi\/wp-json\/wp\/v2\/pages\/2323"}],"collection":[{"href":"https:\/\/portal.pi.gov.br\/adapi\/wp-json\/wp\/v2\/pages"}],"about":[{"href":"https:\/\/portal.pi.gov.br\/adapi\/wp-json\/wp\/v2\/types\/page"}],"author":[{"embeddable":true,"href":"https:\/\/portal.pi.gov.br\/adapi\/wp-json\/wp\/v2\/users\/1798"}],"replies":[{"embeddable":true,"href":"https:\/\/portal.pi.gov.br\/adapi\/wp-json\/wp\/v2\/comments?post=2323"}],"version-history":[{"count":4,"href":"https:\/\/portal.pi.gov.br\/adapi\/wp-json\/wp\/v2\/pages\/2323\/revisions"}],"predecessor-version":[{"id":3576,"href":"https:\/\/portal.pi.gov.br\/adapi\/wp-json\/wp\/v2\/pages\/2323\/revisions\/3576"}],"wp:attachment":[{"href":"https:\/\/portal.pi.gov.br\/adapi\/wp-json\/wp\/v2\/media?parent=2323"}],"curies":[{"name":"wp","href":"https:\/\/api.w.org\/{rel}","templated":true}]}}