{"id":2340,"date":"2025-03-17T11:41:08","date_gmt":"2025-03-17T14:41:08","guid":{"rendered":"https:\/\/portal.pi.gov.br\/adapi\/?page_id=2340"},"modified":"2026-03-25T09:12:43","modified_gmt":"2026-03-25T12:12:43","slug":"diretoria","status":"publish","type":"page","link":"https:\/\/portal.pi.gov.br\/adapi\/diretoria\/","title":{"rendered":"Diretoria"},"content":{"rendered":"\n<p><strong>Diretor Geral<\/strong><\/p>\n\n\n\n<p>Jo\u00e3o Rodrigues Filho<\/p>\n\n\n\n<p>E-mail: dg@adapi.pi.gov.br<\/p>\n\n\n\n<p><span style=\"color: #ffffff;background-color: #ffffff\" class=\"stk-highlight\">.<\/span><\/p>\n\n\n\n<p><strong>Diretor Administrativo Financeiro<\/strong><\/p>\n\n\n\n<p>Francisco Rob\u00e9rio Batista Almeida<\/p>\n\n\n\n<p>E-mail: daf@adapi.pi.gov.br<\/p>\n\n\n\n<p><span style=\"color: #ffffff;background-color: #ffffff\" class=\"stk-highlight\">.<\/span><\/p>\n\n\n\n<p><strong>Diretora T\u00e9cnico Operacional<\/strong><\/p>\n\n\n\n<p>Alexsandra Soares Carvalho<\/p>\n\n\n\n<p>E-mail: dto@adapi.pi.gov.br<\/p>\n\n\n\n<p><span style=\"color: #ffffff;background-color: #ffffff\" class=\"stk-highlight\">.<\/span><\/p>\n\n\n\n<p><strong>Gest\u00e3o de pessoas<\/strong><\/p>\n\n\n\n<p><strong>Coordenador de Gest\u00e3o de Pessoas<\/strong><\/p>\n\n\n\n<p>\u00cdtalo Franquel Sampaio Sousa<\/p>\n\n\n\n<p>E-mail: gestao.pessoas@adapi.pi.gov.br<\/p>\n\n\n\n<p><span style=\"color: #ffffff;background-color: #ffffff\" class=\"stk-highlight\">.<\/span><\/p>\n\n\n\n<p><strong>Ger\u00eancias<\/strong><\/p>\n\n\n\n<p><strong>Gerente de defesa animal<\/strong><\/p>\n\n\n\n<p>Jos\u00e9 Id\u00edlio Alves Moura<\/p>\n\n\n\n<p>E-mail: geda@adapi.pi.gov.br<\/p>\n\n\n\n<p><span style=\"color: #ffffff;background-color: #ffffff\" class=\"stk-highlight\">.<\/span><\/p>\n\n\n\n<p><strong>Gerente de defesa vegetal<\/strong><\/p>\n\n\n\n<p>Ozael David Val\u00e9rio da Silva<\/p>\n\n\n\n<p>E-mail: gdv@adapi.pi.gov.br<\/p>\n\n\n\n<p><span style=\"color: #ffffff\" class=\"stk-highlight\">.<\/span><\/p>\n\n\n\n<p><strong>Gerente do servi\u00e7o de inspe\u00e7\u00e3o estadual<\/strong><\/p>\n\n\n\n<p>Gerlan Vieira de Sousa<\/p>\n\n\n\n<p>E-mail: gesie@adapi.pi.gov.br<\/p>\n\n\n\n<p><span style=\"color: #ffffff\" class=\"stk-highlight\">.<\/span><\/p>\n\n\n\n<p><strong>Gerente de inspe\u00e7\u00e3o e classifica\u00e7\u00e3o vegetal<\/strong><\/p>\n\n\n\n<p>Ernando Moura Cardoso<\/p>\n\n\n\n<p>E-mail: geclav@adapi.pi.gov.br<\/p>\n\n\n\n<p><span style=\"color: #ffffff\" class=\"stk-highlight\">.<\/span><\/p>\n\n\n\n<p><strong>Coordena\u00e7\u00f5es<\/strong><\/p>\n\n\n\n<p><strong>Coordena\u00e7\u00e3o de defesa animal<\/strong><\/p>\n\n\n\n<p>Simone Pereira Barbosa Lima<\/p>\n\n\n\n<p>E-mail: cda@adapi.pi.gov.br<\/p>\n\n\n\n<p><\/p>\n\n\n\n<p><strong>Coordena\u00e7\u00e3o de defesa vegetal<\/strong><\/p>\n\n\n\n<p>Jabes Costa<\/p>\n\n\n\n<p>cdv@adapi.pi.gov.br<\/p>\n\n\n\n<p><\/p>\n\n\n\n<p><strong>Coordena\u00e7\u00e3o do controle de tr\u00e2nsito<\/strong><\/p>\n\n\n\n<p>Daniela Rab\u00ealo de Ara\u00fajo<\/p>\n\n\n\n<p>E-mail:  controledetransito@adapi.pi.gov.br<\/p>\n\n\n\n<p><\/p>\n\n\n\n<p><strong>Coordena\u00e7\u00e3o de inspe\u00e7\u00e3o de produtos de origem animal<\/strong><\/p>\n\n\n\n<p>Melania Meneses Lima<\/p>\n\n\n\n<p>E-mail: coordenador.inspecao@adapi.pi.gov.br<\/p>\n\n\n\n<p><\/p>\n\n\n\n<p><strong>Coordena\u00e7\u00e3o de controle de agrot\u00f3xicos<\/strong><\/p>\n\n\n\n<p>Olavo Vieira Castelo Branco Filho<\/p>\n\n\n\n<p>E-mail: controle.agrotoxicos@adapi.pi.gov.br<\/p>\n\n\n\n<p><\/p>\n\n\n\n<p><strong>Coordena\u00e7\u00e3o de controle interno<\/strong><\/p>\n\n\n\n<p>Val\u00e9ria Maria de Mac\u00eado<\/p>\n\n\n\n<p>E-mail: controle.interno@adapi.pi.gov.br<\/p>\n\n\n\n<p><\/p>\n\n\n\n<p><strong>Coordena\u00e7\u00e3o de eventos pecu\u00e1rios<\/strong><\/p>\n\n\n\n<p>D\u00e1rio Magalh\u00e3es<\/p>\n\n\n\n<p>E-mail: eventos@adapi.pi.gov.br<\/p>\n\n\n\n<p><\/p>\n\n\n\n<p><strong>Coordena\u00e7\u00e3o de gest\u00e3o e tecnologia da informa\u00e7\u00e3o<\/strong><\/p>\n\n\n\n<p>Marcus Ant\u00f4nio Oliveira Brandt<\/p>\n\n\n\n<p>E-mail: marcus.brandt@adapi.pi.gov.br<\/p>\n\n\n\n<p><\/p>\n\n\n\n<p><strong>Coordena\u00e7\u00e3o de produtos artesanais de origem vegetal<\/strong><\/p>\n\n\n\n<p>Alvanise Braz da Silva<\/p>\n\n\n\n<p>E-mail: alvanise.silva@adapi.pi.gov.br<\/p>\n\n\n\n<p><strong>Coordena\u00e7\u00e3o de inspe\u00e7\u00e3o de produtos de origem vegetal<\/strong><\/p>\n\n\n\n<p>Isa\u00edas Claudius do Nascimento Marques<\/p>\n\n\n\n<p>E-mail: isaias.claudius@adapi.pi.gov.br<\/p>\n\n\n\n<p><strong>Coordena\u00e7\u00e3o de classifica\u00e7\u00e3o vegetal<\/strong><\/p>\n\n\n\n<p>Olivon Mendes Leal<\/p>\n\n\n\n<p>E-mail: olivon.leal@adapi.pi.gov.br<\/p>\n\n\n\n<p><strong>Coordena\u00e7\u00e3o de controle de qualidade de sementes e mudas<\/strong><\/p>\n\n\n\n<p>Joabe Neves Cavalcante<\/p>\n\n\n\n<p>E-mail: joabe.cavalcante@adapi.pi.gov.br<\/p>\n\n\n\n<p><strong>Coordena\u00e7\u00e3o de educa\u00e7\u00e3o sanit\u00e1ria<\/strong><\/p>\n\n\n\n<p>Elyne Dantas<\/p>\n\n\n\n<p>E-mail: educacaosanitaria@adapi.pi.gov.br<\/p>\n","protected":false},"excerpt":{"rendered":"<p>Diretor Geral Jo\u00e3o Rodrigues Filho E-mail: dg@adapi.pi.gov.br . Diretor Administrativo Financeiro Francisco Rob\u00e9rio Batista Almeida E-mail: daf@adapi.pi.gov.br . Diretora T\u00e9cnico Operacional Alexsandra Soares Carvalho E-mail: dto@adapi.pi.gov.br . Gest\u00e3o de pessoas [&hellip;]<\/p>\n","protected":false},"author":1798,"featured_media":0,"parent":0,"menu_order":0,"comment_status":"closed","ping_status":"closed","template":"template-fullwidth.php","meta":[],"featured_image_urls":{"full":"","thumbnail":"","medium":"","medium_large":"","large":"","sgg-420":"","sgg-540":"","sgg-780":"","1536x1536":"","2048x2048":"","homepage-slider":"","homepage-slider-small":"","page-top":"","page-small":"","loop-main":"","thumb-gallery-widget":""},"post_excerpt_stackable":"<p>Diretor Geral Jo\u00e3o Rodrigues Filho E-mail: dg@adapi.pi.gov.br . Diretor Administrativo Financeiro Francisco Rob\u00e9rio Batista Almeida E-mail: daf@adapi.pi.gov.br . Diretora T\u00e9cnico Operacional Alexsandra Soares Carvalho E-mail: dto@adapi.pi.gov.br . Gest\u00e3o de pessoas Coordenador de Gest\u00e3o de Pessoas \u00cdtalo Franquel Sampaio Sousa E-mail: gestao.pessoas@adapi.pi.gov.br . Ger\u00eancias Gerente de defesa animal Jos\u00e9 Id\u00edlio Alves Moura E-mail: geda@adapi.pi.gov.br . Gerente de defesa vegetal Ozael David Val\u00e9rio da Silva E-mail: gdv@adapi.pi.gov.br . Gerente do servi\u00e7o de inspe\u00e7\u00e3o estadual Gerlan Vieira de Sousa E-mail: gesie@adapi.pi.gov.br . Gerente de inspe\u00e7\u00e3o e classifica\u00e7\u00e3o vegetal Ernando Moura Cardoso E-mail: geclav@adapi.pi.gov.br . Coordena\u00e7\u00f5es Coordena\u00e7\u00e3o de defesa animal Simone Pereira Barbosa Lima&hellip;<\/p>\n","category_list":"","author_info":{"name":"yancarvalho","url":"https:\/\/portal.pi.gov.br\/adapi\/author\/yancarvalho\/"},"comments_num":"0 coment\u00e1rio","featured_image_urls_v2":{"full":"","thumbnail":"","medium":"","medium_large":"","large":"","sgg-420":"","sgg-540":"","sgg-780":"","1536x1536":"","2048x2048":"","homepage-slider":"","homepage-slider-small":"","page-top":"","page-small":"","loop-main":"","thumb-gallery-widget":""},"post_excerpt_stackable_v2":"<p>Diretor Geral Jo\u00e3o Rodrigues Filho E-mail: dg@adapi.pi.gov.br . Diretor Administrativo Financeiro Francisco Rob\u00e9rio Batista Almeida E-mail: daf@adapi.pi.gov.br . Diretora T\u00e9cnico Operacional Alexsandra Soares Carvalho E-mail: dto@adapi.pi.gov.br . Gest\u00e3o de pessoas Coordenador de Gest\u00e3o de Pessoas \u00cdtalo Franquel Sampaio Sousa E-mail: gestao.pessoas@adapi.pi.gov.br . Ger\u00eancias Gerente de defesa animal Jos\u00e9 Id\u00edlio Alves Moura E-mail: geda@adapi.pi.gov.br . Gerente de defesa vegetal Ozael David Val\u00e9rio da Silva E-mail: gdv@adapi.pi.gov.br . Gerente do servi\u00e7o de inspe\u00e7\u00e3o estadual Gerlan Vieira de Sousa E-mail: gesie@adapi.pi.gov.br . Gerente de inspe\u00e7\u00e3o e classifica\u00e7\u00e3o vegetal Ernando Moura Cardoso E-mail: geclav@adapi.pi.gov.br . Coordena\u00e7\u00f5es Coordena\u00e7\u00e3o de defesa animal Simone Pereira Barbosa Lima&hellip;<\/p>\n","category_list_v2":"","author_info_v2":{"name":"yancarvalho","url":"https:\/\/portal.pi.gov.br\/adapi\/author\/yancarvalho\/"},"comments_num_v2":"0 coment\u00e1rio","_links":{"self":[{"href":"https:\/\/portal.pi.gov.br\/adapi\/wp-json\/wp\/v2\/pages\/2340"}],"collection":[{"href":"https:\/\/portal.pi.gov.br\/adapi\/wp-json\/wp\/v2\/pages"}],"about":[{"href":"https:\/\/portal.pi.gov.br\/adapi\/wp-json\/wp\/v2\/types\/page"}],"author":[{"embeddable":true,"href":"https:\/\/portal.pi.gov.br\/adapi\/wp-json\/wp\/v2\/users\/1798"}],"replies":[{"embeddable":true,"href":"https:\/\/portal.pi.gov.br\/adapi\/wp-json\/wp\/v2\/comments?post=2340"}],"version-history":[{"count":22,"href":"https:\/\/portal.pi.gov.br\/adapi\/wp-json\/wp\/v2\/pages\/2340\/revisions"}],"predecessor-version":[{"id":5290,"href":"https:\/\/portal.pi.gov.br\/adapi\/wp-json\/wp\/v2\/pages\/2340\/revisions\/5290"}],"wp:attachment":[{"href":"https:\/\/portal.pi.gov.br\/adapi\/wp-json\/wp\/v2\/media?parent=2340"}],"curies":[{"name":"wp","href":"https:\/\/api.w.org\/{rel}","templated":true}]}}