{"id":2344,"date":"2025-03-17T11:41:45","date_gmt":"2025-03-17T14:41:45","guid":{"rendered":"https:\/\/portal.pi.gov.br\/adapi\/?page_id=2344"},"modified":"2025-11-13T15:31:33","modified_gmt":"2025-11-13T18:31:33","slug":"coordenadores-de-usavs","status":"publish","type":"page","link":"https:\/\/portal.pi.gov.br\/adapi\/coordenadores-de-usavs\/","title":{"rendered":"Coordenadores de Usav&#8217;s"},"content":{"rendered":"\n<div class=\"wp-block-stackable-text stk-block-text stk-block stk-73347f8\" data-block-id=\"73347f8\"><p class=\"stk-block-text__text\"><strong>Unidades de Sanidade Animal e Vegetal<\/strong><\/p><\/div>\n\n\n\n<p><strong><a href=\"https:\/\/portal.pi.gov.br\/adapi\/usav-altos\" data-type=\"URL\" data-id=\"https:\/\/portal.pi.gov.br\/adapi\/usav-altos\" target=\"_blank\" rel=\"noreferrer noopener\">Usav Altos<\/a><\/strong><\/p>\n\n\n\n<p>Paulo Pereira<\/p>\n\n\n\n<p>086 994437020<br><br><\/p>\n\n\n\n<p><strong><a href=\"https:\/\/portal.pi.gov.br\/adapi\/usav-amarante\" data-type=\"URL\" data-id=\"https:\/\/portal.pi.gov.br\/adapi\/usav-amarante\" target=\"_blank\" rel=\"noreferrer noopener\">Usav Amarante<\/a><\/strong><\/p>\n\n\n\n<p>Gerardo Lira<\/p>\n\n\n\n<p>086 994542020<br><br><\/p>\n\n\n\n<p><strong><a href=\"https:\/\/portal.pi.gov.br\/adapi\/usav-anisio-de-abreu\" data-type=\"URL\" data-id=\"https:\/\/portal.pi.gov.br\/adapi\/usav-anisio-de-abreu\" target=\"_blank\" rel=\"noreferrer noopener\">Usav An\u00edsio de Abreu<\/a><\/strong><\/p>\n\n\n\n<p>Ronald Vaz<\/p>\n\n\n\n<p>089 981074111<br><br><\/p>\n\n\n\n<p><strong><a href=\"https:\/\/portal.pi.gov.br\/adapi\/usav-barras\" data-type=\"URL\" data-id=\"https:\/\/portal.pi.gov.br\/adapi\/usav-barras\" target=\"_blank\" rel=\"noreferrer noopener\">Usav Barras<\/a><\/strong><\/p>\n\n\n\n<p>Fernando Rodrigues<\/p>\n\n\n\n<p>086 994418906<br><br><\/p>\n\n\n\n<p><strong><a href=\"https:\/\/portal.pi.gov.br\/adapi\/usav-bertolinia\" data-type=\"URL\" data-id=\"https:\/\/portal.pi.gov.br\/adapi\/usav-bertolinia\" target=\"_blank\" rel=\"noreferrer noopener\">Usav Bertol\u00ednia<\/a><\/strong><\/p>\n\n\n\n<p>F\u00e1bio de Jesus<\/p>\n\n\n\n<p>089 994548080<br><br><\/p>\n\n\n\n<p><strong><a href=\"https:\/\/portal.pi.gov.br\/adapi\/usav-bocaina\" data-type=\"URL\" data-id=\"https:\/\/portal.pi.gov.br\/adapi\/usav-bocaina\" target=\"_blank\" rel=\"noreferrer noopener\">Usav Bocaina<\/a><\/strong><\/p>\n\n\n\n<p>Wellgton Pascoal<\/p>\n\n\n\n<p>089 988164547<br><br><\/p>\n\n\n\n<p><strong><a href=\"https:\/\/portal.pi.gov.br\/adapi\/usav-bom-jesus\" data-type=\"URL\" data-id=\"https:\/\/portal.pi.gov.br\/adapi\/usav-bom-jesus\" target=\"_blank\" rel=\"noreferrer noopener\">Usav Bom Jesus<\/a><\/strong><\/p>\n\n\n\n<p>Raimundo Rosal<\/p>\n\n\n\n<p>089 999738312<br><br><\/p>\n\n\n\n<p><strong><a href=\"https:\/\/portal.pi.gov.br\/adapi\/usav-campo-maior\" data-type=\"URL\" data-id=\"https:\/\/portal.pi.gov.br\/adapi\/usav-campo-maior\" target=\"_blank\" rel=\"noreferrer noopener\">Usav Campo Maior<\/a><\/strong><\/p>\n\n\n\n<p>Jo\u00e3o Teixeira<\/p>\n\n\n\n<p>086 981887303<br><br><\/p>\n\n\n\n<p><strong><a href=\"https:\/\/portal.pi.gov.br\/adapi\/usav-canto-do-buriti\" data-type=\"URL\" data-id=\"https:\/\/portal.pi.gov.br\/adapi\/usav-canto-do-buriti\" target=\"_blank\" rel=\"noreferrer noopener\">Usav Canto do Buriti<\/a><\/strong><\/p>\n\n\n\n<p>Kl\u00e9ber Valente<\/p>\n\n\n\n<p>089 981116061<br><br><\/p>\n\n\n\n<p><strong><a href=\"https:\/\/portal.pi.gov.br\/adapi\/usav-castelo-do-piaui\" data-type=\"URL\" data-id=\"https:\/\/portal.pi.gov.br\/adapi\/usav-castelo-do-piaui\" target=\"_blank\" rel=\"noreferrer noopener\">Usav Castelo do Piau\u00ed<\/a><\/strong><\/p>\n\n\n\n<p>Jos\u00e9 Elias<\/p>\n\n\n\n<p>086 999720771<br><br><\/p>\n\n\n\n<p><strong><a href=\"https:\/\/portal.pi.gov.br\/adapi\/usav-cocal-2\" data-type=\"URL\" data-id=\"https:\/\/portal.pi.gov.br\/adapi\/usav-cocal-2\" target=\"_blank\" rel=\"noreferrer noopener\">Usav Cocal<\/a><\/strong><\/p>\n\n\n\n<p>Guilhermino Filho<\/p>\n\n\n\n<p>086 998290646<\/p>\n\n\n\n<p><br><br><strong><a href=\"https:\/\/portal.pi.gov.br\/adapi\/usav-corrente\" data-type=\"URL\" data-id=\"https:\/\/portal.pi.gov.br\/adapi\/usav-corrente\" target=\"_blank\" rel=\"noreferrer noopener\">Usav Corrente<\/a><\/strong><\/p>\n\n\n\n<p>Uendel Lino<\/p>\n\n\n\n<p>089 999099999<\/p>\n\n\n\n<p><br><br><strong><a href=\"https:\/\/portal.pi.gov.br\/adapi\/usav-curimata\" data-type=\"URL\" data-id=\"https:\/\/portal.pi.gov.br\/adapi\/usav-curimata\" target=\"_blank\" rel=\"noreferrer noopener\">Usav Curimat\u00e1<\/a><\/strong><\/p>\n\n\n\n<p>Gabino Nunes<\/p>\n\n\n\n<p>089 999339721<br><br><\/p>\n\n\n\n<p><strong><a href=\"https:\/\/portal.pi.gov.br\/adapi\/usav-elesbao-veloso\" data-type=\"URL\" data-id=\"https:\/\/portal.pi.gov.br\/adapi\/usav-elesbao-veloso\" target=\"_blank\" rel=\"noreferrer noopener\">Usav Elesb\u00e3o Veloso<\/a><\/strong><\/p>\n\n\n\n<p>Ant\u00f4nio Neto<\/p>\n\n\n\n<p>086 999949994<br><br><br><strong><a href=\"https:\/\/portal.pi.gov.br\/adapi\/usav-esperantina\" data-type=\"URL\" data-id=\"https:\/\/portal.pi.gov.br\/adapi\/usav-esperantina\" target=\"_blank\" rel=\"noreferrer noopener\">Usav Esperantina<\/a><\/strong><\/p>\n\n\n\n<p>Cristiana Kelly<\/p>\n\n\n\n<p>086 999362583<br><br><br><strong><a href=\"https:\/\/portal.pi.gov.br\/adapi\/usav-floriano\" data-type=\"URL\" data-id=\"https:\/\/portal.pi.gov.br\/adapi\/usav-floriano\" target=\"_blank\" rel=\"noreferrer noopener\">Usav Floriano<\/a><\/strong><\/p>\n\n\n\n<p>Francisco Cleyton<\/p>\n\n\n\n<p>089 999294377<br><br><br><strong><a href=\"https:\/\/portal.pi.gov.br\/adapi\/usav-guadalupe\" data-type=\"URL\" data-id=\"https:\/\/portal.pi.gov.br\/adapi\/usav-guadalupe\" target=\"_blank\" rel=\"noreferrer noopener\">Usav Guadalupe<\/a><\/strong><\/p>\n\n\n\n<p>Vinicius de Oliveira<\/p>\n\n\n\n<p>089 999061448<br><br><br><a rel=\"noreferrer noopener\" href=\"https:\/\/portal.pi.gov.br\/adapi\/usav-itaueira\" data-type=\"URL\" data-id=\"https:\/\/portal.pi.gov.br\/adapi\/usav-itaueira\" target=\"_blank\"><strong>Usav Itaueira<\/strong><\/a><\/p>\n\n\n\n<p>Nilo Lima<\/p>\n\n\n\n<p>089 999747769<br><br><br><strong><a href=\"https:\/\/portal.pi.gov.br\/adapi\/usav-jaicos\" data-type=\"URL\" data-id=\"https:\/\/portal.pi.gov.br\/adapi\/usav-jaicos\" target=\"_blank\" rel=\"noreferrer noopener\">Usav Jaic\u00f3s<\/a><\/strong><\/p>\n\n\n\n<p>Abdias \u00daltimo<\/p>\n\n\n\n<p>086 999372162<br><br><br><strong><a href=\"https:\/\/portal.pi.gov.br\/adapi\/usav-jose-de-freitas\" data-type=\"URL\" data-id=\"https:\/\/portal.pi.gov.br\/adapi\/usav-jose-de-freitas\" target=\"_blank\" rel=\"noreferrer noopener\">Usav Jos\u00e9 de Freitas<\/a><\/strong><\/p>\n\n\n\n<p>Carlos Alberto<\/p>\n\n\n\n<p>086 998383270<br><br><br><strong><a href=\"https:\/\/portal.pi.gov.br\/adapi\/usav-luzilandia\" data-type=\"URL\" data-id=\"https:\/\/portal.pi.gov.br\/adapi\/usav-luzilandia\" target=\"_blank\" rel=\"noreferrer noopener\">Usav Luzil\u00e2ndia<\/a><\/strong><\/p>\n\n\n\n<p>Francisco S\u00e9rgio<\/p>\n\n\n\n<p>086 999723371<br><br><br><a rel=\"noreferrer noopener\" href=\"https:\/\/portal.pi.gov.br\/adapi\/usav-oeiras\" data-type=\"URL\" data-id=\"https:\/\/portal.pi.gov.br\/adapi\/usav-oeiras\" target=\"_blank\"><strong>Usav Oeiras<\/strong><\/a><\/p>\n\n\n\n<p>Isnarde Martins<\/p>\n\n\n\n<p>089 994573771<br><br><br><strong><a href=\"https:\/\/portal.pi.gov.br\/adapi\/usav-parnaiba-2\" data-type=\"URL\" data-id=\"https:\/\/portal.pi.gov.br\/adapi\/usav-parnaiba-2\" target=\"_blank\" rel=\"noreferrer noopener\">Usav Parna\u00edba<\/a><\/strong><\/p>\n\n\n\n<p>Girllan Viana<\/p>\n\n\n\n<p>086 994827265<br><br><br><strong><a rel=\"noreferrer noopener\" href=\"https:\/\/portal.pi.gov.br\/adapi\/usav-paulistana\" data-type=\"URL\" data-id=\"https:\/\/portal.pi.gov.br\/adapi\/usav-paulistana\" target=\"_blank\">Usav Paulistana<\/a><\/strong><br><br>\u00cdtalo Reneu<\/p>\n\n\n\n<p>089 981045999<br><br><br><strong><a rel=\"noreferrer noopener\" href=\"https:\/\/portal.pi.gov.br\/adapi\/usav-pedro-ii\" data-type=\"URL\" data-id=\"https:\/\/portal.pi.gov.br\/adapi\/usav-pedro-ii\" target=\"_blank\">Usav Pedro II<\/a><\/strong><\/p>\n\n\n\n<p>Kelme Lemos<\/p>\n\n\n\n<p>086 988189932<br><br><br><strong><a href=\"https:\/\/portal.pi.gov.br\/adapi\/usav-picos\" data-type=\"URL\" data-id=\"https:\/\/portal.pi.gov.br\/adapi\/usav-picos\" target=\"_blank\" rel=\"noreferrer noopener\">Usav Picos<\/a><\/strong><\/p>\n\n\n\n<p>Francisco Esdra<\/p>\n\n\n\n<p>089 999843147<br><br><br><strong><a href=\"https:\/\/portal.pi.gov.br\/adapi\/usav-pio-ix\" data-type=\"URL\" data-id=\"https:\/\/portal.pi.gov.br\/adapi\/usav-pio-ix\" target=\"_blank\" rel=\"noreferrer noopener\">Usav Pio IX<\/a><\/strong><\/p>\n\n\n\n<p>Joyce Melo<\/p>\n\n\n\n<p>089 981434516<br><br><br><strong><a href=\"https:\/\/portal.pi.gov.br\/adapi\/usav-piripiri\" data-type=\"URL\" data-id=\"https:\/\/portal.pi.gov.br\/adapi\/usav-piripiri\" target=\"_blank\" rel=\"noreferrer noopener\">Usav Piripiri<\/a><\/strong><\/p>\n\n\n\n<p>Andrade Filho<\/p>\n\n\n\n<p>086 999974752<br><br><br><strong><a href=\"https:\/\/portal.pi.gov.br\/adapi\/usav-ribeiro-goncalves\" data-type=\"URL\" data-id=\"https:\/\/portal.pi.gov.br\/adapi\/usav-ribeiro-goncalves\" target=\"_blank\" rel=\"noreferrer noopener\">Usav Ribeiro Gon\u00e7alves<\/a><\/strong><\/p>\n\n\n\n<p>Ant\u00f4nio Rog\u00e9rio<\/p>\n\n\n\n<p>089 999733586<br><br><br><strong><a href=\"https:\/\/portal.pi.gov.br\/adapi\/usav-santa-cruz-do-piaui\" data-type=\"URL\" data-id=\"https:\/\/portal.pi.gov.br\/adapi\/usav-santa-cruz-do-piaui\" target=\"_blank\" rel=\"noreferrer noopener\">Usav Santa Cruz do Piau\u00ed<\/a><\/strong><\/p>\n\n\n\n<p>Fabr\u00edcio Ara\u00fajo<\/p>\n\n\n\n<p>089 999284890<br><br><br><strong><a href=\"https:\/\/portal.pi.gov.br\/adapi\/usav-sao-joao-do-piaui\" data-type=\"URL\" data-id=\"https:\/\/portal.pi.gov.br\/adapi\/usav-sao-joao-do-piaui\" target=\"_blank\" rel=\"noreferrer noopener\">Usav S\u00e3o Jo\u00e3o do  Piau\u00ed<\/a><\/strong><\/p>\n\n\n\n<p>Edmilson Gomes<\/p>\n\n\n\n<p>089 994482790<br><br><br><strong><a href=\"https:\/\/portal.pi.gov.br\/adapi\/usav-sao-pedro-do-piaui\" data-type=\"URL\" data-id=\"https:\/\/portal.pi.gov.br\/adapi\/usav-sao-pedro-do-piaui\" target=\"_blank\" rel=\"noreferrer noopener\">Usav S\u00e3o Pedro do Piau\u00ed<\/a><\/strong><\/p>\n\n\n\n<p>Raimundo Moura<\/p>\n\n\n\n<p>086 999459139<br><br><br><strong><a href=\"https:\/\/portal.pi.gov.br\/adapi\/usav-sao-raimundo-nonato\" data-type=\"URL\" data-id=\"https:\/\/portal.pi.gov.br\/adapi\/usav-sao-raimundo-nonato\" target=\"_blank\" rel=\"noreferrer noopener\">Usav S\u00e3o Raimundo Nonato<\/a><\/strong><\/p>\n\n\n\n<p>Valdinei Oliveira<\/p>\n\n\n\n<p>089 81466477<br><br><br><strong><a href=\"https:\/\/portal.pi.gov.br\/adapi\/usav-simoes\" data-type=\"URL\" data-id=\"https:\/\/portal.pi.gov.br\/adapi\/usav-simoes\" target=\"_blank\" rel=\"noreferrer noopener\">Usav Sim\u00f5es<\/a><\/strong><\/p>\n\n\n\n<p>Vicente Amorim<\/p>\n\n\n\n<p>089 999207745<br><br><br><strong><a href=\"https:\/\/portal.pi.gov.br\/adapi\/usav-simplicio-mendes\" data-type=\"URL\" data-id=\"https:\/\/portal.pi.gov.br\/adapi\/usav-simplicio-mendes\" target=\"_blank\" rel=\"noreferrer noopener\">Usav Simpl\u00edcio Mendes<\/a><\/strong><\/p>\n\n\n\n<p>Edilberto Ara\u00fajo<\/p>\n\n\n\n<p>089 999094895<br><br><br><strong><a href=\"https:\/\/portal.pi.gov.br\/adapi\/usav-teresina\" data-type=\"URL\" data-id=\"https:\/\/portal.pi.gov.br\/adapi\/usav-teresina\" target=\"_blank\" rel=\"noreferrer noopener\">Usav Teresina<\/a><\/strong><\/p>\n\n\n\n<p>Francisco Wellington<\/p>\n\n\n\n<p>086 994720706<br><br><br><strong><a href=\"https:\/\/portal.pi.gov.br\/adapi\/usav-urucui\" data-type=\"URL\" data-id=\"https:\/\/portal.pi.gov.br\/adapi\/usav-urucui\" target=\"_blank\" rel=\"noreferrer noopener\">Usav Uru\u00e7u\u00ed<\/a><\/strong><\/p>\n\n\n\n<p>Gilvan Coelho<\/p>\n\n\n\n<p>089 94008807<br><br><br><strong><a href=\"https:\/\/portal.pi.gov.br\/adapi\/usav-valenca-do-piaui\" data-type=\"URL\" data-id=\"https:\/\/portal.pi.gov.br\/adapi\/usav-valenca-do-piaui\" target=\"_blank\" rel=\"noreferrer noopener\">Usav Valen\u00e7a<\/a><\/strong><\/p>\n\n\n\n<p>Joaquim Matias<\/p>\n\n\n\n<p>086 999967107<\/p>\n\n\n\n<p><br><\/p>\n","protected":false},"excerpt":{"rendered":"<p>Unidades de Sanidade Animal e Vegetal Usav Altos Paulo Pereira 086 994437020 Usav Amarante Gerardo Lira 086 994542020 Usav An\u00edsio de Abreu Ronald Vaz 089 981074111 Usav Barras Fernando Rodrigues [&hellip;]<\/p>\n","protected":false},"author":1798,"featured_media":0,"parent":0,"menu_order":0,"comment_status":"closed","ping_status":"closed","template":"template-fullwidth.php","meta":[],"featured_image_urls":{"full":"","thumbnail":"","medium":"","medium_large":"","large":"","sgg-420":"","sgg-540":"","sgg-780":"","1536x1536":"","2048x2048":"","homepage-slider":"","homepage-slider-small":"","page-top":"","page-small":"","loop-main":"","thumb-gallery-widget":""},"post_excerpt_stackable":"<p>Unidades de Sanidade Animal e Vegetal Usav Altos Paulo Pereira 086 994437020 Usav Amarante Gerardo Lira 086 994542020 Usav An\u00edsio de Abreu Ronald Vaz 089 981074111 Usav Barras Fernando Rodrigues 086 994418906 Usav Bertol\u00ednia F\u00e1bio de Jesus 089 994548080 Usav Bocaina Wellgton Pascoal 089 988164547 Usav Bom Jesus Raimundo Rosal 089 999738312 Usav Campo Maior Jo\u00e3o Teixeira 086 981887303 Usav Canto do Buriti Kl\u00e9ber Valente 089 981116061 Usav Castelo do Piau\u00ed Jos\u00e9 Elias 086 999720771 Usav Cocal Guilhermino Filho 086 998290646 Usav Corrente Uendel Lino 089 999099999 Usav Curimat\u00e1 Gabino Nunes 089 999339721 Usav Elesb\u00e3o Veloso Ant\u00f4nio Neto 086 999949994Usav&hellip;<\/p>\n","category_list":"","author_info":{"name":"yancarvalho","url":"https:\/\/portal.pi.gov.br\/adapi\/author\/yancarvalho\/"},"comments_num":"0 coment\u00e1rio","featured_image_urls_v2":{"full":"","thumbnail":"","medium":"","medium_large":"","large":"","sgg-420":"","sgg-540":"","sgg-780":"","1536x1536":"","2048x2048":"","homepage-slider":"","homepage-slider-small":"","page-top":"","page-small":"","loop-main":"","thumb-gallery-widget":""},"post_excerpt_stackable_v2":"<p>Unidades de Sanidade Animal e Vegetal Usav Altos Paulo Pereira 086 994437020 Usav Amarante Gerardo Lira 086 994542020 Usav An\u00edsio de Abreu Ronald Vaz 089 981074111 Usav Barras Fernando Rodrigues 086 994418906 Usav Bertol\u00ednia F\u00e1bio de Jesus 089 994548080 Usav Bocaina Wellgton Pascoal 089 988164547 Usav Bom Jesus Raimundo Rosal 089 999738312 Usav Campo Maior Jo\u00e3o Teixeira 086 981887303 Usav Canto do Buriti Kl\u00e9ber Valente 089 981116061 Usav Castelo do Piau\u00ed Jos\u00e9 Elias 086 999720771 Usav Cocal Guilhermino Filho 086 998290646 Usav Corrente Uendel Lino 089 999099999 Usav Curimat\u00e1 Gabino Nunes 089 999339721 Usav Elesb\u00e3o Veloso Ant\u00f4nio Neto 086 999949994Usav&hellip;<\/p>\n","category_list_v2":"","author_info_v2":{"name":"yancarvalho","url":"https:\/\/portal.pi.gov.br\/adapi\/author\/yancarvalho\/"},"comments_num_v2":"0 coment\u00e1rio","_links":{"self":[{"href":"https:\/\/portal.pi.gov.br\/adapi\/wp-json\/wp\/v2\/pages\/2344"}],"collection":[{"href":"https:\/\/portal.pi.gov.br\/adapi\/wp-json\/wp\/v2\/pages"}],"about":[{"href":"https:\/\/portal.pi.gov.br\/adapi\/wp-json\/wp\/v2\/types\/page"}],"author":[{"embeddable":true,"href":"https:\/\/portal.pi.gov.br\/adapi\/wp-json\/wp\/v2\/users\/1798"}],"replies":[{"embeddable":true,"href":"https:\/\/portal.pi.gov.br\/adapi\/wp-json\/wp\/v2\/comments?post=2344"}],"version-history":[{"count":18,"href":"https:\/\/portal.pi.gov.br\/adapi\/wp-json\/wp\/v2\/pages\/2344\/revisions"}],"predecessor-version":[{"id":4803,"href":"https:\/\/portal.pi.gov.br\/adapi\/wp-json\/wp\/v2\/pages\/2344\/revisions\/4803"}],"wp:attachment":[{"href":"https:\/\/portal.pi.gov.br\/adapi\/wp-json\/wp\/v2\/media?parent=2344"}],"curies":[{"name":"wp","href":"https:\/\/api.w.org\/{rel}","templated":true}]}}