{"id":2365,"date":"2025-03-17T12:01:27","date_gmt":"2025-03-17T15:01:27","guid":{"rendered":"https:\/\/portal.pi.gov.br\/adapi\/?page_id=2365"},"modified":"2025-03-18T13:26:24","modified_gmt":"2025-03-18T16:26:24","slug":"animal","status":"publish","type":"page","link":"https:\/\/portal.pi.gov.br\/adapi\/animal\/","title":{"rendered":"Animal"},"content":{"rendered":"<script type=\"text\/x-handlebars-template\"        id=\"wpfd-template-table-categories-355\">    <div class=\"wpfd-categories\">{{#if category}}{{#with category}}{{#if parent}}<a class=\"catlink backcategory\" href=\"#\" data-idcat=\"{{parent}}\">                        <i class=\"zmdi zmdi-chevron-left\"><\/i><span>Voltar<\/span><\/a>{{\/if}}{{\/with}}{{\/if}}<\/div><\/script><script type=\"text\/x-handlebars-template\" id=\"wpfd-template-table-355\">    {{#if files}}    {{#each files}}    <tr class=\"file\" data-id=\"{{ID}}\" data-catid=\"{{catid}}\">    <td class=\"file_title\"><a class=\"wpfd_downloadlink\" href=\"{{linkdownload}}\" title=\"{{post_title}}\"><span class=\"extcol\">{{#if file_custom_icon}}<span class=\"icon-custom\"><img src=\"{{file_custom_icon}}\"><\/span>{{else}}<span class=\"ext ext-{{ext}}\"><\/span>{{\/if}}<\/span>{{{crop_title}}}<\/a><\/td><td class=\"file_size\">{{bytesToSize size}}<\/td><td class=\"file_created\">{{created}}<\/td>                    <td class=\"col-download\">                <a class=\"downloadlink wpfd_downloadlink\"  href=\"{{linkdownload}}\" style=\"background-color:#033b85;color:#ffffff;\">Baixar<i class=\"zmdi zmdi-cloud-download wpfd-download\"><\/i><\/a>{{#if openpdflink}}<a class=\"openlink wpfdlightbox wpfd_previewlink\" href=\"{{openpdflink}}\" target=\"\">Visualizar                            <i class=\"zmdi zmdi-filter-center-focus wpfd-preview\"><\/i>                        <\/a>{{else}}{{#if viewerlink}}<a                            href=\"{{viewerlink}}\"                            class=\"openlink wpfdlightbox wpfd_previewlink\"                            target=\"\"                            data-id=\"{{ID}}\"                            data-catid=\"{{catid}}\"                            data-file-type=\"{{ext}}\">Visualizar<i class=\"zmdi zmdi-filter-center-focus wpfd-preview\"><\/i>                        <\/a>{{\/if}}{{\/if}}            <\/td>            <\/tr>    {{\/each}}    {{\/if}}<\/script><div class=\"wpfd-content wpfd-content-table wpfd-content-multi colstyle\" data-category=\"355\"><input type=\"hidden\" id=\"current_category_355\" value=\"355\" \/>                    <input type=\"hidden\" id=\"current_category_slug_355\" value=\"animal\" \/>                    <input type=\"hidden\" id=\"current_ordering_355\" value=\"ordering\" \/>                    <input type=\"hidden\" id=\"current_ordering_direction_355\" value=\"asc\" \/><div class=\"wpfd-container\">        <div class=\"wpfd-open-tree\"><\/div>    <div class=\"wpfd-container-table \">        <div class=\"wpfd-categories\"><\/div>        <table class=\"wpfd-table wpfd-table-bordered wpfd-table-striped mediaTable\">            <thead>            <tr>                <th class=\"essential persist file_title\">T\u00edtulo<\/th><th class=\"optional file_size\">Tamanho<\/th><th class=\"optional file_created\">Data de Publica\u00e7\u00e3o<\/th><th class=\"essential file_download\">Baixar<\/th>            <\/tr>            <\/thead>            <tbody>                            <tr class=\"file\" data-id=\"3262\"                    data-catid=\"355\">                    <td class=\"file_title\"><a class=\"wpfd_downloadlink\" href=\"https:\/\/portal.pi.gov.br\/adapi\/download\/355\/animal\/3262\/panfleto-ifluenza-aviaria-adulto.pdf\" title=\"Panfleto ifluenza aviaria adulto\"><span class=\"extcol\">                                <span class=\"ext ext-pdf\"><\/span>                                Panfleto ifluenza aviaria adulto                            <\/span><\/a><\/td><td class=\"file_size\">2.07 MB<\/td><td class=\"file_created\">24-04-2025<\/td>                                            <td class=\"col-download\">                            <a class=\"downloadlink wpfd_downloadlink\"  href=\"https:\/\/portal.pi.gov.br\/adapi\/download\/355\/animal\/3262\/panfleto-ifluenza-aviaria-adulto.pdf\" style=\"background-color:#033b85;color:#ffffff;\">Baixar<i class=\"zmdi zmdi-cloud-download wpfd-download\"><\/i><\/a><a                            href=\"https:\/\/docs.google.com\/viewer?url=https%3A%2F%2Fportal.pi.gov.br%2Fadapi%2Fwp-admin%2Fadmin-ajax.php%3Fjuwpfisadmin%3Dfalse%26action%3Dwpfd%26task%3Dfile.download%26wpfd_category_id%3D355%26wpfd_file_id%3D3262%26token%3D%26preview%3D1&#038;embedded=true\"                            class=\"openlink wpfdlightbox wpfd_previewlink\"                            target=\"\"                            data-id=\"3262\"                            data-catid=\"355\"                            data-file-type=\"pdf\">Visualizar<i class=\"zmdi zmdi-filter-center-focus wpfd-preview\"><\/i>                        <\/a>                        <\/td>                                    <\/tr>                            <tr class=\"file\" data-id=\"3288\"                    data-catid=\"355\">                    <td class=\"file_title\"><a class=\"wpfd_downloadlink\" href=\"https:\/\/portal.pi.gov.br\/adapi\/download\/355\/animal\/3288\/vakiria-adapi-branco-3.jpeg\" title=\"vakiria adapi branco\"><span class=\"extcol\">                                <span class=\"ext ext-jpeg\"><\/span>                                vakiria adapi branco                            <\/span><\/a><\/td><td class=\"file_size\">115.54 KB<\/td><td class=\"file_created\">24-04-2025<\/td>                                            <td class=\"col-download\">                            <a class=\"downloadlink wpfd_downloadlink\"  href=\"https:\/\/portal.pi.gov.br\/adapi\/download\/355\/animal\/3288\/vakiria-adapi-branco-3.jpeg\" style=\"background-color:#033b85;color:#ffffff;\">Baixar<i class=\"zmdi zmdi-cloud-download wpfd-download\"><\/i><\/a>                        <\/td>                                    <\/tr>                            <tr class=\"file\" data-id=\"3289\"                    data-catid=\"355\">                    <td class=\"file_title\"><a class=\"wpfd_downloadlink\" href=\"https:\/\/portal.pi.gov.br\/adapi\/download\/355\/animal\/3289\/vakiria-adapi-livre-2.jpeg\" title=\"vakiria adapi livre\"><span class=\"extcol\">                                <span class=\"ext ext-jpeg\"><\/span>                                vakiria adapi livre                            <\/span><\/a><\/td><td class=\"file_size\">66.62 KB<\/td><td class=\"file_created\">24-04-2025<\/td>                                            <td class=\"col-download\">                            <a class=\"downloadlink wpfd_downloadlink\"  href=\"https:\/\/portal.pi.gov.br\/adapi\/download\/355\/animal\/3289\/vakiria-adapi-livre-2.jpeg\" style=\"background-color:#033b85;color:#ffffff;\">Baixar<i class=\"zmdi zmdi-cloud-download wpfd-download\"><\/i><\/a>                        <\/td>                                    <\/tr>                            <tr class=\"file\" data-id=\"3290\"                    data-catid=\"355\">                    <td class=\"file_title\"><a class=\"wpfd_downloadlink\" href=\"https:\/\/portal.pi.gov.br\/adapi\/download\/355\/animal\/3290\/spot-campanha-de-vacinacao-contra-a-brucelose.mp3\" title=\"Spot campanha de vacina\u00e7ao contra a brucelose\"><span class=\"extcol\">                                <span class=\"ext ext-mp3\"><\/span>                                Spot campanha de vacina\u00e7ao contra a brucelose                            <\/span><\/a><\/td><td class=\"file_size\">850.00 KB<\/td><td class=\"file_created\">24-04-2025<\/td>                                            <td class=\"col-download\">                            <a class=\"downloadlink wpfd_downloadlink\"  href=\"https:\/\/portal.pi.gov.br\/adapi\/download\/355\/animal\/3290\/spot-campanha-de-vacinacao-contra-a-brucelose.mp3\" style=\"background-color:#033b85;color:#ffffff;\">Baixar<i class=\"zmdi zmdi-cloud-download wpfd-download\"><\/i><\/a><a                            href=\"https:\/\/portal.pi.gov.br\/adapi\/wp-admin\/admin-ajax.php?juwpfisadmin=false&#038;action=wpfd&#038;task=frontviewer.display&#038;view=frontviewer&#038;id=3290&#038;catid=355&#038;type=audio&#038;ext=mp3\"                            class=\"openlink wpfdlightbox wpfd_previewlink\"                            target=\"\"                            data-id=\"3290\"                            data-catid=\"355\"                            data-file-type=\"mp3\">Visualizar<i class=\"zmdi zmdi-filter-center-focus wpfd-preview\"><\/i>                        <\/a>                        <\/td>                                    <\/tr>                            <tr class=\"file\" data-id=\"3291\"                    data-catid=\"355\">                    <td class=\"file_title\"><a class=\"wpfd_downloadlink\" href=\"https:\/\/portal.pi.gov.br\/adapi\/download\/355\/animal\/3291\/vakiria-e-vakita-livre-2.png\" title=\"vakiria e vakita livre\"><span class=\"extcol\">                                <span class=\"ext ext-png\"><\/span>                                vakiria e vakita livre                            <\/span><\/a><\/td><td class=\"file_size\">735.33 KB<\/td><td class=\"file_created\">24-04-2025<\/td>                                            <td class=\"col-download\">                            <a class=\"downloadlink wpfd_downloadlink\"  href=\"https:\/\/portal.pi.gov.br\/adapi\/download\/355\/animal\/3291\/vakiria-e-vakita-livre-2.png\" style=\"background-color:#033b85;color:#ffffff;\">Baixar<i class=\"zmdi zmdi-cloud-download wpfd-download\"><\/i><\/a><a                            href=\"https:\/\/portal.pi.gov.br\/adapi\/wp-admin\/admin-ajax.php?juwpfisadmin=false&#038;action=wpfd&#038;task=frontviewer.display&#038;view=frontviewer&#038;id=3291&#038;catid=355&#038;type=image&#038;ext=png\"                            class=\"openlink wpfdlightbox wpfd_previewlink\"                            target=\"\"                            data-id=\"3291\"                            data-catid=\"355\"                            data-file-type=\"png\">Visualizar<i class=\"zmdi zmdi-filter-center-focus wpfd-preview\"><\/i>                        <\/a>                        <\/td>                                    <\/tr>                            <tr class=\"file\" data-id=\"3292\"                    data-catid=\"355\">                    <td class=\"file_title\"><a class=\"wpfd_downloadlink\" href=\"https:\/\/portal.pi.gov.br\/adapi\/download\/355\/animal\/3292\/vakiria-e-vakita-branco-2.png\" title=\"vakiria e vakita branco\"><span class=\"extcol\">                                <span class=\"ext ext-png\"><\/span>                                vakiria e vakita branco                            <\/span><\/a><\/td><td class=\"file_size\">771.23 KB<\/td><td class=\"file_created\">24-04-2025<\/td>                                            <td class=\"col-download\">                            <a class=\"downloadlink wpfd_downloadlink\"  href=\"https:\/\/portal.pi.gov.br\/adapi\/download\/355\/animal\/3292\/vakiria-e-vakita-branco-2.png\" style=\"background-color:#033b85;color:#ffffff;\">Baixar<i class=\"zmdi zmdi-cloud-download wpfd-download\"><\/i><\/a><a                            href=\"https:\/\/portal.pi.gov.br\/adapi\/wp-admin\/admin-ajax.php?juwpfisadmin=false&#038;action=wpfd&#038;task=frontviewer.display&#038;view=frontviewer&#038;id=3292&#038;catid=355&#038;type=image&#038;ext=png\"                            class=\"openlink wpfdlightbox wpfd_previewlink\"                            target=\"\"                            data-id=\"3292\"                            data-catid=\"355\"                            data-file-type=\"png\">Visualizar<i class=\"zmdi zmdi-filter-center-focus wpfd-preview\"><\/i>                        <\/a>                        <\/td>                                    <\/tr>                            <tr class=\"file\" data-id=\"3293\"                    data-catid=\"355\">                    <td class=\"file_title\"><a class=\"wpfd_downloadlink\" href=\"https:\/\/portal.pi.gov.br\/adapi\/download\/355\/animal\/3293\/selo-piaui-sem-aftosa.png\" title=\"Selo piaui sem aftosa\"><span class=\"extcol\">                                <span class=\"ext ext-png\"><\/span>                                Selo piaui sem aftosa                            <\/span><\/a><\/td><td class=\"file_size\">4.00 MB<\/td><td class=\"file_created\">24-04-2025<\/td>                                            <td class=\"col-download\">                            <a class=\"downloadlink wpfd_downloadlink\"  href=\"https:\/\/portal.pi.gov.br\/adapi\/download\/355\/animal\/3293\/selo-piaui-sem-aftosa.png\" style=\"background-color:#033b85;color:#ffffff;\">Baixar<i class=\"zmdi zmdi-cloud-download wpfd-download\"><\/i><\/a><a                            href=\"https:\/\/portal.pi.gov.br\/adapi\/wp-admin\/admin-ajax.php?juwpfisadmin=false&#038;action=wpfd&#038;task=frontviewer.display&#038;view=frontviewer&#038;id=3293&#038;catid=355&#038;type=image&#038;ext=png\"                            class=\"openlink wpfdlightbox wpfd_previewlink\"                            target=\"\"                            data-id=\"3293\"                            data-catid=\"355\"                            data-file-type=\"png\">Visualizar<i class=\"zmdi zmdi-filter-center-focus wpfd-preview\"><\/i>                        <\/a>                        <\/td>                                    <\/tr>                            <tr class=\"file\" data-id=\"3294\"                    data-catid=\"355\">                    <td class=\"file_title\"><a class=\"wpfd_downloadlink\" href=\"https:\/\/portal.pi.gov.br\/adapi\/download\/355\/animal\/3294\/logo-oficial-adapi-colorido-2.png\" title=\"Logo oficial adapi colorido\"><span class=\"extcol\">                                <span class=\"ext ext-png\"><\/span>                                Logo oficial adapi colorido                            <\/span><\/a><\/td><td class=\"file_size\">501.97 KB<\/td><td class=\"file_created\">24-04-2025<\/td>                                            <td class=\"col-download\">                            <a class=\"downloadlink wpfd_downloadlink\"  href=\"https:\/\/portal.pi.gov.br\/adapi\/download\/355\/animal\/3294\/logo-oficial-adapi-colorido-2.png\" style=\"background-color:#033b85;color:#ffffff;\">Baixar<i class=\"zmdi zmdi-cloud-download wpfd-download\"><\/i><\/a><a                            href=\"https:\/\/portal.pi.gov.br\/adapi\/wp-admin\/admin-ajax.php?juwpfisadmin=false&#038;action=wpfd&#038;task=frontviewer.display&#038;view=frontviewer&#038;id=3294&#038;catid=355&#038;type=image&#038;ext=png\"                            class=\"openlink wpfdlightbox wpfd_previewlink\"                            target=\"\"                            data-id=\"3294\"                            data-catid=\"355\"                            data-file-type=\"png\">Visualizar<i class=\"zmdi zmdi-filter-center-focus wpfd-preview\"><\/i>                        <\/a>                        <\/td>                                    <\/tr>                            <tr class=\"file\" data-id=\"3295\"                    data-catid=\"355\">                    <td class=\"file_title\"><a class=\"wpfd_downloadlink\" href=\"https:\/\/portal.pi.gov.br\/adapi\/download\/355\/animal\/3295\/logo-oficial-adapi-branco-2.png\" title=\"Logo oficial adapi branco\"><span class=\"extcol\">                                <span class=\"ext ext-png\"><\/span>                                Logo oficial adapi branco                            <\/span><\/a><\/td><td class=\"file_size\">544.07 KB<\/td><td class=\"file_created\">24-04-2025<\/td>                                            <td class=\"col-download\">                            <a class=\"downloadlink wpfd_downloadlink\"  href=\"https:\/\/portal.pi.gov.br\/adapi\/download\/355\/animal\/3295\/logo-oficial-adapi-branco-2.png\" style=\"background-color:#033b85;color:#ffffff;\">Baixar<i class=\"zmdi zmdi-cloud-download wpfd-download\"><\/i><\/a><a                            href=\"https:\/\/portal.pi.gov.br\/adapi\/wp-admin\/admin-ajax.php?juwpfisadmin=false&#038;action=wpfd&#038;task=frontviewer.display&#038;view=frontviewer&#038;id=3295&#038;catid=355&#038;type=image&#038;ext=png\"                            class=\"openlink wpfdlightbox wpfd_previewlink\"                            target=\"\"                            data-id=\"3295\"                            data-catid=\"355\"                            data-file-type=\"png\">Visualizar<i class=\"zmdi zmdi-filter-center-focus wpfd-preview\"><\/i>                        <\/a>                        <\/td>                                    <\/tr>                            <tr class=\"file\" data-id=\"3296\"                    data-catid=\"355\">                    <td class=\"file_title\"><a class=\"wpfd_downloadlink\" href=\"https:\/\/portal.pi.gov.br\/adapi\/download\/355\/animal\/3296\/logo-oficial-adapi-verde-2.png\" title=\"Logo oficial adapi verde\"><span class=\"extcol\">                                <span class=\"ext ext-png\"><\/span>                                Logo oficial adapi verde                            <\/span><\/a><\/td><td class=\"file_size\">704.76 KB<\/td><td class=\"file_created\">24-04-2025<\/td>                                            <td class=\"col-download\">                            <a class=\"downloadlink wpfd_downloadlink\"  href=\"https:\/\/portal.pi.gov.br\/adapi\/download\/355\/animal\/3296\/logo-oficial-adapi-verde-2.png\" style=\"background-color:#033b85;color:#ffffff;\">Baixar<i class=\"zmdi zmdi-cloud-download wpfd-download\"><\/i><\/a><a                            href=\"https:\/\/portal.pi.gov.br\/adapi\/wp-admin\/admin-ajax.php?juwpfisadmin=false&#038;action=wpfd&#038;task=frontviewer.display&#038;view=frontviewer&#038;id=3296&#038;catid=355&#038;type=image&#038;ext=png\"                            class=\"openlink wpfdlightbox wpfd_previewlink\"                            target=\"\"                            data-id=\"3296\"                            data-catid=\"355\"                            data-file-type=\"png\">Visualizar<i class=\"zmdi zmdi-filter-center-focus wpfd-preview\"><\/i>                        <\/a>                        <\/td>                                    <\/tr>                        <\/tbody>        <\/table>            <\/div><\/div><\/div><div class='wpfd-pagination'>\n\t<span class='page-numbers current'>1<\/span>\n<a class='page-numbers' data-page='2' data-sourcecat='355'>2<\/a>\n<a class='page-numbers' data-page='3' data-sourcecat='355'>3<\/a>\n<a class='next page-numbers' data-page='2' data-sourcecat='355'>Pr\u00f3ximo &raquo;<\/a>\n<\/div>\n\n","protected":false},"excerpt":{"rendered":"","protected":false},"author":1798,"featured_media":0,"parent":0,"menu_order":0,"comment_status":"closed","ping_status":"closed","template":"template-fullwidth.php","meta":[],"featured_image_urls":{"full":"","thumbnail":"","medium":"","medium_large":"","large":"","sgg-420":"","sgg-540":"","sgg-780":"","1536x1536":"","2048x2048":"","homepage-slider":"","homepage-slider-small":"","page-top":"","page-small":"","loop-main":"","thumb-gallery-widget":""},"post_excerpt_stackable":"<p>T\u00edtuloTamanhoData de Publica\u00e7\u00e3oBaixar Panfleto ifluenza aviaria adulto 2.07 MB24-04-2025 BaixarVisualizar vakiria adapi branco 115.54 KB24-04-2025 Baixar vakiria adapi livre 66.62 KB24-04-2025 Baixar Spot campanha de vacina\u00e7ao contra a brucelose 850.00 KB24-04-2025 BaixarVisualizar vakiria e vakita livre 735.33 KB24-04-2025 BaixarVisualizar vakiria e vakita branco 771.23 KB24-04-2025 BaixarVisualizar Selo piaui sem aftosa 4.00 MB24-04-2025 BaixarVisualizar Logo oficial adapi colorido 501.97 KB24-04-2025 BaixarVisualizar Logo oficial adapi branco 544.07 KB24-04-2025 BaixarVisualizar Logo oficial adapi verde 704.76 KB24-04-2025 BaixarVisualizar 1 2 3 Pr\u00f3ximo &raquo;<\/p>\n","category_list":"","author_info":{"name":"yancarvalho","url":"https:\/\/portal.pi.gov.br\/adapi\/author\/yancarvalho\/"},"comments_num":"0 coment\u00e1rio","featured_image_urls_v2":{"full":"","thumbnail":"","medium":"","medium_large":"","large":"","sgg-420":"","sgg-540":"","sgg-780":"","1536x1536":"","2048x2048":"","homepage-slider":"","homepage-slider-small":"","page-top":"","page-small":"","loop-main":"","thumb-gallery-widget":""},"post_excerpt_stackable_v2":"<p>T\u00edtuloTamanhoData de Publica\u00e7\u00e3oBaixar Panfleto ifluenza aviaria adulto 2.07 MB24-04-2025 BaixarVisualizar vakiria adapi branco 115.54 KB24-04-2025 Baixar vakiria adapi livre 66.62 KB24-04-2025 Baixar Spot campanha de vacina\u00e7ao contra a brucelose 850.00 KB24-04-2025 BaixarVisualizar vakiria e vakita livre 735.33 KB24-04-2025 BaixarVisualizar vakiria e vakita branco 771.23 KB24-04-2025 BaixarVisualizar Selo piaui sem aftosa 4.00 MB24-04-2025 BaixarVisualizar Logo oficial adapi colorido 501.97 KB24-04-2025 BaixarVisualizar Logo oficial adapi branco 544.07 KB24-04-2025 BaixarVisualizar Logo oficial adapi verde 704.76 KB24-04-2025 BaixarVisualizar 1 2 3 Pr\u00f3ximo &raquo;<\/p>\n","category_list_v2":"","author_info_v2":{"name":"yancarvalho","url":"https:\/\/portal.pi.gov.br\/adapi\/author\/yancarvalho\/"},"comments_num_v2":"0 coment\u00e1rio","_links":{"self":[{"href":"https:\/\/portal.pi.gov.br\/adapi\/wp-json\/wp\/v2\/pages\/2365"}],"collection":[{"href":"https:\/\/portal.pi.gov.br\/adapi\/wp-json\/wp\/v2\/pages"}],"about":[{"href":"https:\/\/portal.pi.gov.br\/adapi\/wp-json\/wp\/v2\/types\/page"}],"author":[{"embeddable":true,"href":"https:\/\/portal.pi.gov.br\/adapi\/wp-json\/wp\/v2\/users\/1798"}],"replies":[{"embeddable":true,"href":"https:\/\/portal.pi.gov.br\/adapi\/wp-json\/wp\/v2\/comments?post=2365"}],"version-history":[{"count":2,"href":"https:\/\/portal.pi.gov.br\/adapi\/wp-json\/wp\/v2\/pages\/2365\/revisions"}],"predecessor-version":[{"id":2718,"href":"https:\/\/portal.pi.gov.br\/adapi\/wp-json\/wp\/v2\/pages\/2365\/revisions\/2718"}],"wp:attachment":[{"href":"https:\/\/portal.pi.gov.br\/adapi\/wp-json\/wp\/v2\/media?parent=2365"}],"curies":[{"name":"wp","href":"https:\/\/api.w.org\/{rel}","templated":true}]}}