{"id":2367,"date":"2025-03-17T12:01:40","date_gmt":"2025-03-17T15:01:40","guid":{"rendered":"https:\/\/portal.pi.gov.br\/adapi\/?page_id=2367"},"modified":"2025-10-16T10:34:47","modified_gmt":"2025-10-16T13:34:47","slug":"vegetal","status":"publish","type":"page","link":"https:\/\/portal.pi.gov.br\/adapi\/vegetal\/","title":{"rendered":"Vegetal"},"content":{"rendered":"<script type=\"text\/x-handlebars-template\"        id=\"wpfd-template-table-categories-356\">    <div class=\"wpfd-categories\">{{#if category}}{{#with category}}{{#if parent}}<a class=\"catlink backcategory\" href=\"#\" data-idcat=\"{{parent}}\">                        <i class=\"zmdi zmdi-chevron-left\"><\/i><span>Voltar<\/span><\/a>{{\/if}}{{\/with}}{{\/if}}<\/div><\/script><script type=\"text\/x-handlebars-template\" id=\"wpfd-template-table-356\">    {{#if files}}    {{#each files}}    <tr class=\"file\" data-id=\"{{ID}}\" data-catid=\"{{catid}}\">    <td class=\"file_title\"><a class=\"wpfd_downloadlink\" href=\"{{linkdownload}}\" title=\"{{post_title}}\"><span class=\"extcol\">{{#if file_custom_icon}}<span class=\"icon-custom\"><img src=\"{{file_custom_icon}}\"><\/span>{{else}}<span class=\"ext ext-{{ext}}\"><\/span>{{\/if}}<\/span>{{{crop_title}}}<\/a><\/td><td class=\"file_size\">{{bytesToSize size}}<\/td><td class=\"file_created\">{{created}}<\/td>                    <td class=\"col-download\">                <a class=\"downloadlink wpfd_downloadlink\"  href=\"{{linkdownload}}\" style=\"background-color:#033b85;color:#ffffff;\">Baixar<i class=\"zmdi zmdi-cloud-download wpfd-download\"><\/i><\/a>{{#if openpdflink}}<a class=\"openlink wpfdlightbox wpfd_previewlink\" href=\"{{openpdflink}}\" target=\"\">Visualizar                            <i class=\"zmdi zmdi-filter-center-focus wpfd-preview\"><\/i>                        <\/a>{{else}}{{#if viewerlink}}<a                            href=\"{{viewerlink}}\"                            class=\"openlink wpfdlightbox wpfd_previewlink\"                            target=\"\"                            data-id=\"{{ID}}\"                            data-catid=\"{{catid}}\"                            data-file-type=\"{{ext}}\">Visualizar<i class=\"zmdi zmdi-filter-center-focus wpfd-preview\"><\/i>                        <\/a>{{\/if}}{{\/if}}            <\/td>            <\/tr>    {{\/each}}    {{\/if}}<\/script><div class=\"wpfd-content wpfd-content-table wpfd-content-multi colstyle\" data-category=\"356\"><input type=\"hidden\" id=\"current_category_356\" value=\"356\" \/>                    <input type=\"hidden\" id=\"current_category_slug_356\" value=\"vegetal\" \/>                    <input type=\"hidden\" id=\"current_ordering_356\" value=\"ordering\" \/>                    <input type=\"hidden\" id=\"current_ordering_direction_356\" value=\"asc\" \/><div class=\"wpfd-container\">        <div class=\"wpfd-open-tree\"><\/div>    <div class=\"wpfd-container-table \">        <div class=\"wpfd-categories\"><\/div>        <table class=\"wpfd-table wpfd-table-bordered wpfd-table-striped mediaTable\">            <thead>            <tr>                <th class=\"essential persist file_title\">T\u00edtulo<\/th><th class=\"optional file_size\">Tamanho<\/th><th class=\"optional file_created\">Data de Publica\u00e7\u00e3o<\/th><th class=\"essential file_download\">Baixar<\/th>            <\/tr>            <\/thead>            <tbody>                            <tr class=\"file\" data-id=\"5068\"                    data-catid=\"356\">                    <td class=\"file_title\"><a class=\"wpfd_downloadlink\" href=\"https:\/\/portal.pi.gov.br\/adapi\/download\/356\/vegetal\/5068\/folder_a4_capina-quimica_2025.pdf\" title=\"folder_A4_capina qu\u00edmica_2025\"><span class=\"extcol\">                                <span class=\"ext ext-pdf\"><\/span>                                folder_A4_capina qu\u00edmica_2025                            <\/span><\/a><\/td><td class=\"file_size\">27.09 MB<\/td><td class=\"file_created\">13-02-2026<\/td>                                            <td class=\"col-download\">                            <a class=\"downloadlink wpfd_downloadlink\"  href=\"https:\/\/portal.pi.gov.br\/adapi\/download\/356\/vegetal\/5068\/folder_a4_capina-quimica_2025.pdf\" style=\"background-color:#033b85;color:#ffffff;\">Baixar<i class=\"zmdi zmdi-cloud-download wpfd-download\"><\/i><\/a><a                            href=\"https:\/\/docs.google.com\/viewer?url=https%3A%2F%2Fportal.pi.gov.br%2Fadapi%2Fwp-admin%2Fadmin-ajax.php%3Fjuwpfisadmin%3Dfalse%26action%3Dwpfd%26task%3Dfile.download%26wpfd_category_id%3D356%26wpfd_file_id%3D5068%26token%3D%26preview%3D1&#038;embedded=true\"                            class=\"openlink wpfdlightbox wpfd_previewlink\"                            target=\"\"                            data-id=\"5068\"                            data-catid=\"356\"                            data-file-type=\"pdf\">Visualizar<i class=\"zmdi zmdi-filter-center-focus wpfd-preview\"><\/i>                        <\/a>                        <\/td>                                    <\/tr>                            <tr class=\"file\" data-id=\"3276\"                    data-catid=\"356\">                    <td class=\"file_title\"><a class=\"wpfd_downloadlink\" href=\"https:\/\/portal.pi.gov.br\/adapi\/download\/356\/vegetal\/3276\/panfleto-devolucao-de-embalagens-de-agrotoxicos.pdf\" title=\"Panfleto devolu\u00e7ao de embalagens de agrot\u00f3xicos\"><span class=\"extcol\">                                <span class=\"ext ext-pdf\"><\/span>                                Panfleto devolu\u00e7ao de embalagens de agrot\u00f3xicos                            <\/span><\/a><\/td><td class=\"file_size\">1.39 MB<\/td><td class=\"file_created\">24-04-2025<\/td>                                            <td class=\"col-download\">                            <a class=\"downloadlink wpfd_downloadlink\"  href=\"https:\/\/portal.pi.gov.br\/adapi\/download\/356\/vegetal\/3276\/panfleto-devolucao-de-embalagens-de-agrotoxicos.pdf\" style=\"background-color:#033b85;color:#ffffff;\">Baixar<i class=\"zmdi zmdi-cloud-download wpfd-download\"><\/i><\/a><a                            href=\"https:\/\/docs.google.com\/viewer?url=https%3A%2F%2Fportal.pi.gov.br%2Fadapi%2Fwp-admin%2Fadmin-ajax.php%3Fjuwpfisadmin%3Dfalse%26action%3Dwpfd%26task%3Dfile.download%26wpfd_category_id%3D356%26wpfd_file_id%3D3276%26token%3D%26preview%3D1&#038;embedded=true\"                            class=\"openlink wpfdlightbox wpfd_previewlink\"                            target=\"\"                            data-id=\"3276\"                            data-catid=\"356\"                            data-file-type=\"pdf\">Visualizar<i class=\"zmdi zmdi-filter-center-focus wpfd-preview\"><\/i>                        <\/a>                        <\/td>                                    <\/tr>                            <tr class=\"file\" data-id=\"4152\"                    data-catid=\"356\">                    <td class=\"file_title\"><a class=\"wpfd_downloadlink\" href=\"https:\/\/portal.pi.gov.br\/adapi\/download\/356\/vegetal\/4152\/coleta-de-amostras-formato-abmael.pdf\" title=\"coleta de amostras formato (ABMAEL)\"><span class=\"extcol\">                                <span class=\"ext ext-pdf\"><\/span>                                coleta de amostras formato (ABMAEL)                            <\/span><\/a><\/td><td class=\"file_size\">43.57 MB<\/td><td class=\"file_created\">04-09-2025<\/td>                                            <td class=\"col-download\">                            <a class=\"downloadlink wpfd_downloadlink\"  href=\"https:\/\/portal.pi.gov.br\/adapi\/download\/356\/vegetal\/4152\/coleta-de-amostras-formato-abmael.pdf\" style=\"background-color:#033b85;color:#ffffff;\">Baixar<i class=\"zmdi zmdi-cloud-download wpfd-download\"><\/i><\/a><a                            href=\"https:\/\/docs.google.com\/viewer?url=https%3A%2F%2Fportal.pi.gov.br%2Fadapi%2Fwp-admin%2Fadmin-ajax.php%3Fjuwpfisadmin%3Dfalse%26action%3Dwpfd%26task%3Dfile.download%26wpfd_category_id%3D356%26wpfd_file_id%3D4152%26token%3D%26preview%3D1&#038;embedded=true\"                            class=\"openlink wpfdlightbox wpfd_previewlink\"                            target=\"\"                            data-id=\"4152\"                            data-catid=\"356\"                            data-file-type=\"pdf\">Visualizar<i class=\"zmdi zmdi-filter-center-focus wpfd-preview\"><\/i>                        <\/a>                        <\/td>                                    <\/tr>                            <tr class=\"file\" data-id=\"4433\"                    data-catid=\"356\">                    <td class=\"file_title\"><a class=\"wpfd_downloadlink\" href=\"https:\/\/portal.pi.gov.br\/adapi\/download\/356\/vegetal\/4433\/manual-de-procedimentos-vassoura-de-bruxareviso1final.pdf\" title=\"Manual de procedimentos vassoura de bruxaReviso1Final\"><span class=\"extcol\">                                <span class=\"ext ext-pdf\"><\/span>                                Manual de procedimentos vassoura de bruxaReviso1Final                            <\/span><\/a><\/td><td class=\"file_size\">1.30 MB<\/td><td class=\"file_created\">16-10-2025<\/td>                                            <td class=\"col-download\">                            <a class=\"downloadlink wpfd_downloadlink\"  href=\"https:\/\/portal.pi.gov.br\/adapi\/download\/356\/vegetal\/4433\/manual-de-procedimentos-vassoura-de-bruxareviso1final.pdf\" style=\"background-color:#033b85;color:#ffffff;\">Baixar<i class=\"zmdi zmdi-cloud-download wpfd-download\"><\/i><\/a><a                            href=\"https:\/\/docs.google.com\/viewer?url=https%3A%2F%2Fportal.pi.gov.br%2Fadapi%2Fwp-admin%2Fadmin-ajax.php%3Fjuwpfisadmin%3Dfalse%26action%3Dwpfd%26task%3Dfile.download%26wpfd_category_id%3D356%26wpfd_file_id%3D4433%26token%3D%26preview%3D1&#038;embedded=true\"                            class=\"openlink wpfdlightbox wpfd_previewlink\"                            target=\"\"                            data-id=\"4433\"                            data-catid=\"356\"                            data-file-type=\"pdf\">Visualizar<i class=\"zmdi zmdi-filter-center-focus wpfd-preview\"><\/i>                        <\/a>                        <\/td>                                    <\/tr>                            <tr class=\"file\" data-id=\"3281\"                    data-catid=\"356\">                    <td class=\"file_title\"><a class=\"wpfd_downloadlink\" href=\"https:\/\/portal.pi.gov.br\/adapi\/download\/356\/vegetal\/3281\/moko-da-bananeira.pdf\" title=\"Moko da Bananeira\"><span class=\"extcol\">                                <span class=\"ext ext-pdf\"><\/span>                                Moko da Bananeira                            <\/span><\/a><\/td><td class=\"file_size\">5.24 MB<\/td><td class=\"file_created\">24-04-2025<\/td>                                            <td class=\"col-download\">                            <a class=\"downloadlink wpfd_downloadlink\"  href=\"https:\/\/portal.pi.gov.br\/adapi\/download\/356\/vegetal\/3281\/moko-da-bananeira.pdf\" style=\"background-color:#033b85;color:#ffffff;\">Baixar<i class=\"zmdi zmdi-cloud-download wpfd-download\"><\/i><\/a><a                            href=\"https:\/\/docs.google.com\/viewer?url=https%3A%2F%2Fportal.pi.gov.br%2Fadapi%2Fwp-admin%2Fadmin-ajax.php%3Fjuwpfisadmin%3Dfalse%26action%3Dwpfd%26task%3Dfile.download%26wpfd_category_id%3D356%26wpfd_file_id%3D3281%26token%3D%26preview%3D1&#038;embedded=true\"                            class=\"openlink wpfdlightbox wpfd_previewlink\"                            target=\"\"                            data-id=\"3281\"                            data-catid=\"356\"                            data-file-type=\"pdf\">Visualizar<i class=\"zmdi zmdi-filter-center-focus wpfd-preview\"><\/i>                        <\/a>                        <\/td>                                    <\/tr>                            <tr class=\"file\" data-id=\"3280\"                    data-catid=\"356\">                    <td class=\"file_title\"><a class=\"wpfd_downloadlink\" href=\"https:\/\/portal.pi.gov.br\/adapi\/download\/356\/vegetal\/3280\/folder-sigatoka-negra.pdf\" title=\"Folder sigatoka negra\"><span class=\"extcol\">                                <span class=\"ext ext-pdf\"><\/span>                                Folder sigatoka negra                            <\/span><\/a><\/td><td class=\"file_size\">4.28 MB<\/td><td class=\"file_created\">24-04-2025<\/td>                                            <td class=\"col-download\">                            <a class=\"downloadlink wpfd_downloadlink\"  href=\"https:\/\/portal.pi.gov.br\/adapi\/download\/356\/vegetal\/3280\/folder-sigatoka-negra.pdf\" style=\"background-color:#033b85;color:#ffffff;\">Baixar<i class=\"zmdi zmdi-cloud-download wpfd-download\"><\/i><\/a><a                            href=\"https:\/\/docs.google.com\/viewer?url=https%3A%2F%2Fportal.pi.gov.br%2Fadapi%2Fwp-admin%2Fadmin-ajax.php%3Fjuwpfisadmin%3Dfalse%26action%3Dwpfd%26task%3Dfile.download%26wpfd_category_id%3D356%26wpfd_file_id%3D3280%26token%3D%26preview%3D1&#038;embedded=true\"                            class=\"openlink wpfdlightbox wpfd_previewlink\"                            target=\"\"                            data-id=\"3280\"                            data-catid=\"356\"                            data-file-type=\"pdf\">Visualizar<i class=\"zmdi zmdi-filter-center-focus wpfd-preview\"><\/i>                        <\/a>                        <\/td>                                    <\/tr>                            <tr class=\"file\" data-id=\"3279\"                    data-catid=\"356\">                    <td class=\"file_title\"><a class=\"wpfd_downloadlink\" href=\"https:\/\/portal.pi.gov.br\/adapi\/download\/356\/vegetal\/3279\/folder-mosca-da-carambola.pdf\" title=\"Folder mosca da carambola\"><span class=\"extcol\">                                <span class=\"ext ext-pdf\"><\/span>                                Folder mosca da carambola                            <\/span><\/a><\/td><td class=\"file_size\">3.30 MB<\/td><td class=\"file_created\">24-04-2025<\/td>                                            <td class=\"col-download\">                            <a class=\"downloadlink wpfd_downloadlink\"  href=\"https:\/\/portal.pi.gov.br\/adapi\/download\/356\/vegetal\/3279\/folder-mosca-da-carambola.pdf\" style=\"background-color:#033b85;color:#ffffff;\">Baixar<i class=\"zmdi zmdi-cloud-download wpfd-download\"><\/i><\/a><a                            href=\"https:\/\/docs.google.com\/viewer?url=https%3A%2F%2Fportal.pi.gov.br%2Fadapi%2Fwp-admin%2Fadmin-ajax.php%3Fjuwpfisadmin%3Dfalse%26action%3Dwpfd%26task%3Dfile.download%26wpfd_category_id%3D356%26wpfd_file_id%3D3279%26token%3D%26preview%3D1&#038;embedded=true\"                            class=\"openlink wpfdlightbox wpfd_previewlink\"                            target=\"\"                            data-id=\"3279\"                            data-catid=\"356\"                            data-file-type=\"pdf\">Visualizar<i class=\"zmdi zmdi-filter-center-focus wpfd-preview\"><\/i>                        <\/a>                        <\/td>                                    <\/tr>                            <tr class=\"file\" data-id=\"3278\"                    data-catid=\"356\">                    <td class=\"file_title\"><a class=\"wpfd_downloadlink\" href=\"https:\/\/portal.pi.gov.br\/adapi\/download\/356\/vegetal\/3278\/folder-lave-e-devolva.pdf\" title=\"Folder lave e devolva\"><span class=\"extcol\">                                <span class=\"ext ext-pdf\"><\/span>                                Folder lave e devolva                            <\/span><\/a><\/td><td class=\"file_size\">2.03 MB<\/td><td class=\"file_created\">24-04-2025<\/td>                                            <td class=\"col-download\">                            <a class=\"downloadlink wpfd_downloadlink\"  href=\"https:\/\/portal.pi.gov.br\/adapi\/download\/356\/vegetal\/3278\/folder-lave-e-devolva.pdf\" style=\"background-color:#033b85;color:#ffffff;\">Baixar<i class=\"zmdi zmdi-cloud-download wpfd-download\"><\/i><\/a><a                            href=\"https:\/\/docs.google.com\/viewer?url=https%3A%2F%2Fportal.pi.gov.br%2Fadapi%2Fwp-admin%2Fadmin-ajax.php%3Fjuwpfisadmin%3Dfalse%26action%3Dwpfd%26task%3Dfile.download%26wpfd_category_id%3D356%26wpfd_file_id%3D3278%26token%3D%26preview%3D1&#038;embedded=true\"                            class=\"openlink wpfdlightbox wpfd_previewlink\"                            target=\"\"                            data-id=\"3278\"                            data-catid=\"356\"                            data-file-type=\"pdf\">Visualizar<i class=\"zmdi zmdi-filter-center-focus wpfd-preview\"><\/i>                        <\/a>                        <\/td>                                    <\/tr>                            <tr class=\"file\" data-id=\"3277\"                    data-catid=\"356\">                    <td class=\"file_title\"><a class=\"wpfd_downloadlink\" href=\"https:\/\/portal.pi.gov.br\/adapi\/download\/356\/vegetal\/3277\/controle-da-lagarta-do-mandarova.pdf\" title=\"Controle da lagarta do mandarov\u00e1\"><span class=\"extcol\">                                <span class=\"ext ext-pdf\"><\/span>                                Controle da lagarta do mandarov\u00e1                            <\/span><\/a><\/td><td class=\"file_size\">1.60 MB<\/td><td class=\"file_created\">24-04-2025<\/td>                                            <td class=\"col-download\">                            <a class=\"downloadlink wpfd_downloadlink\"  href=\"https:\/\/portal.pi.gov.br\/adapi\/download\/356\/vegetal\/3277\/controle-da-lagarta-do-mandarova.pdf\" style=\"background-color:#033b85;color:#ffffff;\">Baixar<i class=\"zmdi zmdi-cloud-download wpfd-download\"><\/i><\/a><a                            href=\"https:\/\/docs.google.com\/viewer?url=https%3A%2F%2Fportal.pi.gov.br%2Fadapi%2Fwp-admin%2Fadmin-ajax.php%3Fjuwpfisadmin%3Dfalse%26action%3Dwpfd%26task%3Dfile.download%26wpfd_category_id%3D356%26wpfd_file_id%3D3277%26token%3D%26preview%3D1&#038;embedded=true\"                            class=\"openlink wpfdlightbox wpfd_previewlink\"                            target=\"\"                            data-id=\"3277\"                            data-catid=\"356\"                            data-file-type=\"pdf\">Visualizar<i class=\"zmdi zmdi-filter-center-focus wpfd-preview\"><\/i>                        <\/a>                        <\/td>                                    <\/tr>                        <\/tbody>        <\/table>            <\/div><\/div><\/div>\n","protected":false},"excerpt":{"rendered":"","protected":false},"author":1798,"featured_media":0,"parent":0,"menu_order":0,"comment_status":"closed","ping_status":"closed","template":"template-fullwidth.php","meta":[],"featured_image_urls":{"full":"","thumbnail":"","medium":"","medium_large":"","large":"","sgg-420":"","sgg-540":"","sgg-780":"","1536x1536":"","2048x2048":"","homepage-slider":"","homepage-slider-small":"","page-top":"","page-small":"","loop-main":"","thumb-gallery-widget":""},"post_excerpt_stackable":"<p>T\u00edtuloTamanhoData de Publica\u00e7\u00e3oBaixar folder_A4_capina qu\u00edmica_2025 27.09 MB13-02-2026 BaixarVisualizar Panfleto devolu\u00e7ao de embalagens de agrot\u00f3xicos 1.39 MB24-04-2025 BaixarVisualizar coleta de amostras formato (ABMAEL) 43.57 MB04-09-2025 BaixarVisualizar Manual de procedimentos vassoura de bruxaReviso1Final 1.30 MB16-10-2025 BaixarVisualizar Moko da Bananeira 5.24 MB24-04-2025 BaixarVisualizar Folder sigatoka negra 4.28 MB24-04-2025 BaixarVisualizar Folder mosca da carambola 3.30 MB24-04-2025 BaixarVisualizar Folder lave e devolva 2.03 MB24-04-2025 BaixarVisualizar Controle da lagarta do mandarov\u00e1 1.60 MB24-04-2025 BaixarVisualizar<\/p>\n","category_list":"","author_info":{"name":"yancarvalho","url":"https:\/\/portal.pi.gov.br\/adapi\/author\/yancarvalho\/"},"comments_num":"0 coment\u00e1rio","featured_image_urls_v2":{"full":"","thumbnail":"","medium":"","medium_large":"","large":"","sgg-420":"","sgg-540":"","sgg-780":"","1536x1536":"","2048x2048":"","homepage-slider":"","homepage-slider-small":"","page-top":"","page-small":"","loop-main":"","thumb-gallery-widget":""},"post_excerpt_stackable_v2":"<p>T\u00edtuloTamanhoData de Publica\u00e7\u00e3oBaixar folder_A4_capina qu\u00edmica_2025 27.09 MB13-02-2026 BaixarVisualizar Panfleto devolu\u00e7ao de embalagens de agrot\u00f3xicos 1.39 MB24-04-2025 BaixarVisualizar coleta de amostras formato (ABMAEL) 43.57 MB04-09-2025 BaixarVisualizar Manual de procedimentos vassoura de bruxaReviso1Final 1.30 MB16-10-2025 BaixarVisualizar Moko da Bananeira 5.24 MB24-04-2025 BaixarVisualizar Folder sigatoka negra 4.28 MB24-04-2025 BaixarVisualizar Folder mosca da carambola 3.30 MB24-04-2025 BaixarVisualizar Folder lave e devolva 2.03 MB24-04-2025 BaixarVisualizar Controle da lagarta do mandarov\u00e1 1.60 MB24-04-2025 BaixarVisualizar<\/p>\n","category_list_v2":"","author_info_v2":{"name":"yancarvalho","url":"https:\/\/portal.pi.gov.br\/adapi\/author\/yancarvalho\/"},"comments_num_v2":"0 coment\u00e1rio","_links":{"self":[{"href":"https:\/\/portal.pi.gov.br\/adapi\/wp-json\/wp\/v2\/pages\/2367"}],"collection":[{"href":"https:\/\/portal.pi.gov.br\/adapi\/wp-json\/wp\/v2\/pages"}],"about":[{"href":"https:\/\/portal.pi.gov.br\/adapi\/wp-json\/wp\/v2\/types\/page"}],"author":[{"embeddable":true,"href":"https:\/\/portal.pi.gov.br\/adapi\/wp-json\/wp\/v2\/users\/1798"}],"replies":[{"embeddable":true,"href":"https:\/\/portal.pi.gov.br\/adapi\/wp-json\/wp\/v2\/comments?post=2367"}],"version-history":[{"count":4,"href":"https:\/\/portal.pi.gov.br\/adapi\/wp-json\/wp\/v2\/pages\/2367\/revisions"}],"predecessor-version":[{"id":4431,"href":"https:\/\/portal.pi.gov.br\/adapi\/wp-json\/wp\/v2\/pages\/2367\/revisions\/4431"}],"wp:attachment":[{"href":"https:\/\/portal.pi.gov.br\/adapi\/wp-json\/wp\/v2\/media?parent=2367"}],"curies":[{"name":"wp","href":"https:\/\/api.w.org\/{rel}","templated":true}]}}