{"id":2380,"date":"2025-03-17T12:10:27","date_gmt":"2025-03-17T15:10:27","guid":{"rendered":"https:\/\/portal.pi.gov.br\/adapi\/?page_id=2380"},"modified":"2025-03-18T13:43:58","modified_gmt":"2025-03-18T16:43:58","slug":"legislacao","status":"publish","type":"page","link":"https:\/\/portal.pi.gov.br\/adapi\/legislacao\/","title":{"rendered":"Legisla\u00e7\u00e3o"},"content":{"rendered":"<script type=\"text\/x-handlebars-template\"        id=\"wpfd-template-table-categories-360\">    <div class=\"wpfd-categories\">{{#if category}}{{#with category}}{{#if parent}}<a class=\"catlink backcategory\" href=\"#\" data-idcat=\"{{parent}}\">                        <i class=\"zmdi zmdi-chevron-left\"><\/i><span>Voltar<\/span><\/a>{{\/if}}{{\/with}}{{\/if}}<\/div><\/script><script type=\"text\/x-handlebars-template\" id=\"wpfd-template-table-360\">    {{#if files}}    {{#each files}}    <tr class=\"file\" data-id=\"{{ID}}\" data-catid=\"{{catid}}\">    <td class=\"file_title\"><a class=\"wpfd_downloadlink\" href=\"{{linkdownload}}\" title=\"{{post_title}}\"><span class=\"extcol\">{{#if file_custom_icon}}<span class=\"icon-custom\"><img src=\"{{file_custom_icon}}\"><\/span>{{else}}<span class=\"ext ext-{{ext}}\"><\/span>{{\/if}}<\/span>{{{crop_title}}}<\/a><\/td><td class=\"file_size\">{{bytesToSize size}}<\/td><td class=\"file_created\">{{created}}<\/td>                    <td class=\"col-download\">                <a class=\"downloadlink wpfd_downloadlink\"  href=\"{{linkdownload}}\" style=\"background-color:#033b85;color:#ffffff;\">Baixar<i class=\"zmdi zmdi-cloud-download wpfd-download\"><\/i><\/a>{{#if openpdflink}}<a class=\"openlink wpfdlightbox wpfd_previewlink\" href=\"{{openpdflink}}\" target=\"\">Visualizar                            <i class=\"zmdi zmdi-filter-center-focus wpfd-preview\"><\/i>                        <\/a>{{else}}{{#if viewerlink}}<a                            href=\"{{viewerlink}}\"                            class=\"openlink wpfdlightbox wpfd_previewlink\"                            target=\"\"                            data-id=\"{{ID}}\"                            data-catid=\"{{catid}}\"                            data-file-type=\"{{ext}}\">Visualizar<i class=\"zmdi zmdi-filter-center-focus wpfd-preview\"><\/i>                        <\/a>{{\/if}}{{\/if}}            <\/td>            <\/tr>    {{\/each}}    {{\/if}}<\/script><div class=\"wpfd-content wpfd-content-table wpfd-content-multi colstyle\" data-category=\"360\"><input type=\"hidden\" id=\"current_category_360\" value=\"360\" \/>                    <input type=\"hidden\" id=\"current_category_slug_360\" value=\"transitovlegislacao\" \/>                    <input type=\"hidden\" id=\"current_ordering_360\" value=\"title\" \/>                    <input type=\"hidden\" id=\"current_ordering_direction_360\" value=\"desc\" \/><div class=\"wpfd-container\">        <div class=\"wpfd-open-tree\"><\/div>    <div class=\"wpfd-container-table \">        <div class=\"wpfd-categories\"><\/div>        <table class=\"wpfd-table wpfd-table-bordered wpfd-table-striped mediaTable\">            <thead>            <tr>                <th class=\"essential persist file_title\">T\u00edtulo<\/th><th class=\"optional file_size\">Tamanho<\/th><th class=\"optional file_created\">Data de Publica\u00e7\u00e3o<\/th><th class=\"essential file_download\">Baixar<\/th>            <\/tr>            <\/thead>            <tbody>                            <tr class=\"file\" data-id=\"5358\"                    data-catid=\"360\">                    <td class=\"file_title\"><a class=\"wpfd_downloadlink\" href=\"https:\/\/portal.pi.gov.br\/adapi\/download\/360\/transitovlegislacao\/5358\/portaria-no-27-transito-caroco-algodao-e-medidas-fito-contra-bicudo.pdf\" title=\"Portaria n\u00ba 27 tr\u00e2nsito caro\u00e7o algod\u00e3o e medidas fito contra bicudo\"><span class=\"extcol\">                                <span class=\"ext ext-pdf\"><\/span>                                Portaria n\u00ba 27 tr\u00e2nsito caro\u00e7o algod\u00e3o e medidas fito contra bicudo                            <\/span><\/a><\/td><td class=\"file_size\">415.61 KB<\/td><td class=\"file_created\">17-04-2026<\/td>                                            <td class=\"col-download\">                            <a class=\"downloadlink wpfd_downloadlink\"  href=\"https:\/\/portal.pi.gov.br\/adapi\/download\/360\/transitovlegislacao\/5358\/portaria-no-27-transito-caroco-algodao-e-medidas-fito-contra-bicudo.pdf\" style=\"background-color:#033b85;color:#ffffff;\">Baixar<i class=\"zmdi zmdi-cloud-download wpfd-download\"><\/i><\/a><a                            href=\"https:\/\/docs.google.com\/viewer?url=https%3A%2F%2Fportal.pi.gov.br%2Fadapi%2Fwp-admin%2Fadmin-ajax.php%3Fjuwpfisadmin%3Dfalse%26action%3Dwpfd%26task%3Dfile.download%26wpfd_category_id%3D360%26wpfd_file_id%3D5358%26token%3D%26preview%3D1&#038;embedded=true\"                            class=\"openlink wpfdlightbox wpfd_previewlink\"                            target=\"\"                            data-id=\"5358\"                            data-catid=\"360\"                            data-file-type=\"pdf\">Visualizar<i class=\"zmdi zmdi-filter-center-focus wpfd-preview\"><\/i>                        <\/a>                        <\/td>                                    <\/tr>                            <tr class=\"file\" data-id=\"4043\"                    data-catid=\"360\">                    <td class=\"file_title\"><a class=\"wpfd_downloadlink\" href=\"https:\/\/portal.pi.gov.br\/adapi\/download\/360\/transitovlegislacao\/4043\/portaria-no-56-transito-de-implementos-e-maquinas-2.pdf\" title=\"Portaria N\u00ba 56 Tr\u00e2nsito de implementos e m\u00e1quinas\"><span class=\"extcol\">                                <span class=\"ext ext-pdf\"><\/span>                                Portaria N\u00ba 56 Tr\u00e2nsito de implementos e m\u00e1quinas                            <\/span><\/a><\/td><td class=\"file_size\">1.20 MB<\/td><td class=\"file_created\">19-08-2025<\/td>                                            <td class=\"col-download\">                            <a class=\"downloadlink wpfd_downloadlink\"  href=\"https:\/\/portal.pi.gov.br\/adapi\/download\/360\/transitovlegislacao\/4043\/portaria-no-56-transito-de-implementos-e-maquinas-2.pdf\" style=\"background-color:#033b85;color:#ffffff;\">Baixar<i class=\"zmdi zmdi-cloud-download wpfd-download\"><\/i><\/a><a                            href=\"https:\/\/docs.google.com\/viewer?url=https%3A%2F%2Fportal.pi.gov.br%2Fadapi%2Fwp-admin%2Fadmin-ajax.php%3Fjuwpfisadmin%3Dfalse%26action%3Dwpfd%26task%3Dfile.download%26wpfd_category_id%3D360%26wpfd_file_id%3D4043%26token%3D%26preview%3D1&#038;embedded=true\"                            class=\"openlink wpfdlightbox wpfd_previewlink\"                            target=\"\"                            data-id=\"4043\"                            data-catid=\"360\"                            data-file-type=\"pdf\">Visualizar<i class=\"zmdi zmdi-filter-center-focus wpfd-preview\"><\/i>                        <\/a>                        <\/td>                                    <\/tr>                            <tr class=\"file\" data-id=\"5001\"                    data-catid=\"360\">                    <td class=\"file_title\"><a class=\"wpfd_downloadlink\" href=\"https:\/\/portal.pi.gov.br\/adapi\/download\/360\/transitovlegislacao\/5001\/passo-a-passo-solicitacao-ingresso-transito-e-maquinas-adapi-no-sidapi.pdf\" title=\"Passo a passo solicita\u00e7\u00e3o ingresso tr\u00e2nsito e m\u00e1quinas Adapi no Sidapi\"><span class=\"extcol\">                                <span class=\"ext ext-pdf\"><\/span>                                Passo a passo solicita\u00e7\u00e3o ingresso tr\u00e2nsito e m\u00e1quinas Adapi no Sidapi                            <\/span><\/a><\/td><td class=\"file_size\">9.32 MB<\/td><td class=\"file_created\">03-02-2026<\/td>                                            <td class=\"col-download\">                            <a class=\"downloadlink wpfd_downloadlink\"  href=\"https:\/\/portal.pi.gov.br\/adapi\/download\/360\/transitovlegislacao\/5001\/passo-a-passo-solicitacao-ingresso-transito-e-maquinas-adapi-no-sidapi.pdf\" style=\"background-color:#033b85;color:#ffffff;\">Baixar<i class=\"zmdi zmdi-cloud-download wpfd-download\"><\/i><\/a><a                            href=\"https:\/\/docs.google.com\/viewer?url=https%3A%2F%2Fportal.pi.gov.br%2Fadapi%2Fwp-admin%2Fadmin-ajax.php%3Fjuwpfisadmin%3Dfalse%26action%3Dwpfd%26task%3Dfile.download%26wpfd_category_id%3D360%26wpfd_file_id%3D5001%26token%3D%26preview%3D1&#038;embedded=true\"                            class=\"openlink wpfdlightbox wpfd_previewlink\"                            target=\"\"                            data-id=\"5001\"                            data-catid=\"360\"                            data-file-type=\"pdf\">Visualizar<i class=\"zmdi zmdi-filter-center-focus wpfd-preview\"><\/i>                        <\/a>                        <\/td>                                    <\/tr>                            <tr class=\"file\" data-id=\"5332\"                    data-catid=\"360\">                    <td class=\"file_title\"><a class=\"wpfd_downloadlink\" href=\"https:\/\/portal.pi.gov.br\/adapi\/download\/360\/transitovlegislacao\/5332\/portaria-sda_mapa-no-1-578-de-2-de-abril-de-2026-certificacao-fitossanitaria.pdf\" title=\"PORTARIA SDA_MAPA N\u00ba 1.578, DE 2 DE ABRIL DE 2026  - certifica\u00e7\u00e3o fitossanitaria\"><span class=\"extcol\">                                <span class=\"ext ext-pdf\"><\/span>                                PORTARIA SDA_MAPA N\u00ba 1.578, DE 2 DE ABRIL DE 2026  - certifica\u00e7\u00e3o fitossanitaria                            <\/span><\/a><\/td><td class=\"file_size\">689.75 KB<\/td><td class=\"file_created\">13-04-2026<\/td>                                            <td class=\"col-download\">                            <a class=\"downloadlink wpfd_downloadlink\"  href=\"https:\/\/portal.pi.gov.br\/adapi\/download\/360\/transitovlegislacao\/5332\/portaria-sda_mapa-no-1-578-de-2-de-abril-de-2026-certificacao-fitossanitaria.pdf\" style=\"background-color:#033b85;color:#ffffff;\">Baixar<i class=\"zmdi zmdi-cloud-download wpfd-download\"><\/i><\/a><a                            href=\"https:\/\/docs.google.com\/viewer?url=https%3A%2F%2Fportal.pi.gov.br%2Fadapi%2Fwp-admin%2Fadmin-ajax.php%3Fjuwpfisadmin%3Dfalse%26action%3Dwpfd%26task%3Dfile.download%26wpfd_category_id%3D360%26wpfd_file_id%3D5332%26token%3D%26preview%3D1&#038;embedded=true\"                            class=\"openlink wpfdlightbox wpfd_previewlink\"                            target=\"\"                            data-id=\"5332\"                            data-catid=\"360\"                            data-file-type=\"pdf\">Visualizar<i class=\"zmdi zmdi-filter-center-focus wpfd-preview\"><\/i>                        <\/a>                        <\/td>                                    <\/tr>                            <tr class=\"file\" data-id=\"5132\"                    data-catid=\"360\">                    <td class=\"file_title\"><a class=\"wpfd_downloadlink\" href=\"https:\/\/portal.pi.gov.br\/adapi\/download\/360\/transitovlegislacao\/5132\/folder-transito-de-maquinas-usadas.pdf\" title=\"Folder tr\u00e2nsito de m\u00e1quinas usadas\"><span class=\"extcol\">                                <span class=\"ext ext-pdf\"><\/span>                                Folder tr\u00e2nsito de m\u00e1quinas usadas                            <\/span><\/a><\/td><td class=\"file_size\">6.52 MB<\/td><td class=\"file_created\">24-02-2026<\/td>                                            <td class=\"col-download\">                            <a class=\"downloadlink wpfd_downloadlink\"  href=\"https:\/\/portal.pi.gov.br\/adapi\/download\/360\/transitovlegislacao\/5132\/folder-transito-de-maquinas-usadas.pdf\" style=\"background-color:#033b85;color:#ffffff;\">Baixar<i class=\"zmdi zmdi-cloud-download wpfd-download\"><\/i><\/a><a                            href=\"https:\/\/docs.google.com\/viewer?url=https%3A%2F%2Fportal.pi.gov.br%2Fadapi%2Fwp-admin%2Fadmin-ajax.php%3Fjuwpfisadmin%3Dfalse%26action%3Dwpfd%26task%3Dfile.download%26wpfd_category_id%3D360%26wpfd_file_id%3D5132%26token%3D%26preview%3D1&#038;embedded=true\"                            class=\"openlink wpfdlightbox wpfd_previewlink\"                            target=\"\"                            data-id=\"5132\"                            data-catid=\"360\"                            data-file-type=\"pdf\">Visualizar<i class=\"zmdi zmdi-filter-center-focus wpfd-preview\"><\/i>                        <\/a>                        <\/td>                                    <\/tr>                        <\/tbody>        <\/table>            <\/div><\/div><\/div>\n","protected":false},"excerpt":{"rendered":"","protected":false},"author":1798,"featured_media":0,"parent":0,"menu_order":0,"comment_status":"closed","ping_status":"closed","template":"template-fullwidth.php","meta":[],"featured_image_urls":{"full":"","thumbnail":"","medium":"","medium_large":"","large":"","sgg-420":"","sgg-540":"","sgg-780":"","1536x1536":"","2048x2048":"","homepage-slider":"","homepage-slider-small":"","page-top":"","page-small":"","loop-main":"","thumb-gallery-widget":""},"post_excerpt_stackable":"<p>T\u00edtuloTamanhoData de Publica\u00e7\u00e3oBaixar Portaria n\u00ba 27 tr\u00e2nsito caro\u00e7o algod\u00e3o e medidas fito contra bicudo 415.61 KB17-04-2026 BaixarVisualizar Portaria N\u00ba 56 Tr\u00e2nsito de implementos e m\u00e1quinas 1.20 MB19-08-2025 BaixarVisualizar Passo a passo solicita\u00e7\u00e3o ingresso tr\u00e2nsito e m\u00e1quinas Adapi no Sidapi 9.32 MB03-02-2026 BaixarVisualizar PORTARIA SDA_MAPA N\u00ba 1.578, DE 2 DE ABRIL DE 2026 &#8211; certifica\u00e7\u00e3o fitossanitaria 689.75 KB13-04-2026 BaixarVisualizar Folder tr\u00e2nsito de m\u00e1quinas usadas 6.52 MB24-02-2026 BaixarVisualizar<\/p>\n","category_list":"","author_info":{"name":"yancarvalho","url":"https:\/\/portal.pi.gov.br\/adapi\/author\/yancarvalho\/"},"comments_num":"0 coment\u00e1rio","featured_image_urls_v2":{"full":"","thumbnail":"","medium":"","medium_large":"","large":"","sgg-420":"","sgg-540":"","sgg-780":"","1536x1536":"","2048x2048":"","homepage-slider":"","homepage-slider-small":"","page-top":"","page-small":"","loop-main":"","thumb-gallery-widget":""},"post_excerpt_stackable_v2":"<p>T\u00edtuloTamanhoData de Publica\u00e7\u00e3oBaixar Portaria n\u00ba 27 tr\u00e2nsito caro\u00e7o algod\u00e3o e medidas fito contra bicudo 415.61 KB17-04-2026 BaixarVisualizar Portaria N\u00ba 56 Tr\u00e2nsito de implementos e m\u00e1quinas 1.20 MB19-08-2025 BaixarVisualizar Passo a passo solicita\u00e7\u00e3o ingresso tr\u00e2nsito e m\u00e1quinas Adapi no Sidapi 9.32 MB03-02-2026 BaixarVisualizar PORTARIA SDA_MAPA N\u00ba 1.578, DE 2 DE ABRIL DE 2026 &#8211; certifica\u00e7\u00e3o fitossanitaria 689.75 KB13-04-2026 BaixarVisualizar Folder tr\u00e2nsito de m\u00e1quinas usadas 6.52 MB24-02-2026 BaixarVisualizar<\/p>\n","category_list_v2":"","author_info_v2":{"name":"yancarvalho","url":"https:\/\/portal.pi.gov.br\/adapi\/author\/yancarvalho\/"},"comments_num_v2":"0 coment\u00e1rio","_links":{"self":[{"href":"https:\/\/portal.pi.gov.br\/adapi\/wp-json\/wp\/v2\/pages\/2380"}],"collection":[{"href":"https:\/\/portal.pi.gov.br\/adapi\/wp-json\/wp\/v2\/pages"}],"about":[{"href":"https:\/\/portal.pi.gov.br\/adapi\/wp-json\/wp\/v2\/types\/page"}],"author":[{"embeddable":true,"href":"https:\/\/portal.pi.gov.br\/adapi\/wp-json\/wp\/v2\/users\/1798"}],"replies":[{"embeddable":true,"href":"https:\/\/portal.pi.gov.br\/adapi\/wp-json\/wp\/v2\/comments?post=2380"}],"version-history":[{"count":4,"href":"https:\/\/portal.pi.gov.br\/adapi\/wp-json\/wp\/v2\/pages\/2380\/revisions"}],"predecessor-version":[{"id":2723,"href":"https:\/\/portal.pi.gov.br\/adapi\/wp-json\/wp\/v2\/pages\/2380\/revisions\/2723"}],"wp:attachment":[{"href":"https:\/\/portal.pi.gov.br\/adapi\/wp-json\/wp\/v2\/media?parent=2380"}],"curies":[{"name":"wp","href":"https:\/\/api.w.org\/{rel}","templated":true}]}}