{"id":2384,"date":"2025-03-17T12:10:59","date_gmt":"2025-03-17T15:10:59","guid":{"rendered":"https:\/\/portal.pi.gov.br\/adapi\/?page_id=2384"},"modified":"2025-03-18T13:38:35","modified_gmt":"2025-03-18T16:38:35","slug":"legislacao-2","status":"publish","type":"page","link":"https:\/\/portal.pi.gov.br\/adapi\/legislacao-2\/","title":{"rendered":"Legisla\u00e7\u00e3o"},"content":{"rendered":"<script type=\"text\/x-handlebars-template\"        id=\"wpfd-template-table-categories-359\">    <div class=\"wpfd-categories\">{{#if category}}{{#with category}}{{#if parent}}<a class=\"catlink backcategory\" href=\"#\" data-idcat=\"{{parent}}\">                        <i class=\"zmdi zmdi-chevron-left\"><\/i><span>Voltar<\/span><\/a>{{\/if}}{{\/with}}{{\/if}}<\/div><\/script><script type=\"text\/x-handlebars-template\" id=\"wpfd-template-table-359\">    {{#if files}}    {{#each files}}    <tr class=\"file\" data-id=\"{{ID}}\" data-catid=\"{{catid}}\">    <td class=\"file_title\"><a class=\"wpfd_downloadlink\" href=\"{{linkdownload}}\" title=\"{{post_title}}\"><span class=\"extcol\">{{#if file_custom_icon}}<span class=\"icon-custom\"><img src=\"{{file_custom_icon}}\"><\/span>{{else}}<span class=\"ext ext-{{ext}}\"><\/span>{{\/if}}<\/span>{{{crop_title}}}<\/a><\/td><td class=\"file_size\">{{bytesToSize size}}<\/td><td class=\"file_created\">{{created}}<\/td>                    <td class=\"col-download\">                <a class=\"downloadlink wpfd_downloadlink\"  href=\"{{linkdownload}}\" style=\"background-color:#033b85;color:#ffffff;\">Baixar<i class=\"zmdi zmdi-cloud-download wpfd-download\"><\/i><\/a>{{#if openpdflink}}<a class=\"openlink wpfdlightbox wpfd_previewlink\" href=\"{{openpdflink}}\" target=\"\">Visualizar                            <i class=\"zmdi zmdi-filter-center-focus wpfd-preview\"><\/i>                        <\/a>{{else}}{{#if viewerlink}}<a                            href=\"{{viewerlink}}\"                            class=\"openlink wpfdlightbox wpfd_previewlink\"                            target=\"\"                            data-id=\"{{ID}}\"                            data-catid=\"{{catid}}\"                            data-file-type=\"{{ext}}\">Visualizar<i class=\"zmdi zmdi-filter-center-focus wpfd-preview\"><\/i>                        <\/a>{{\/if}}{{\/if}}            <\/td>            <\/tr>    {{\/each}}    {{\/if}}<\/script><div class=\"wpfd-content wpfd-content-table wpfd-content-multi colstyle\" data-category=\"359\"><input type=\"hidden\" id=\"current_category_359\" value=\"359\" \/>                    <input type=\"hidden\" id=\"current_category_slug_359\" value=\"transitoalegislacao\" \/>                    <input type=\"hidden\" id=\"current_ordering_359\" value=\"created_time\" \/>                    <input type=\"hidden\" id=\"current_ordering_direction_359\" value=\"desc\" \/><div class=\"wpfd-container\">        <div class=\"wpfd-open-tree\"><\/div>    <div class=\"wpfd-container-table \">        <div class=\"wpfd-categories\"><\/div>        <table class=\"wpfd-table wpfd-table-bordered wpfd-table-striped mediaTable\">            <thead>            <tr>                <th class=\"essential persist file_title\">T\u00edtulo<\/th><th class=\"optional file_size\">Tamanho<\/th><th class=\"optional file_created\">Data de Publica\u00e7\u00e3o<\/th><th class=\"essential file_download\">Baixar<\/th>            <\/tr>            <\/thead>            <tbody>                            <tr class=\"file\" data-id=\"5331\"                    data-catid=\"359\">                    <td class=\"file_title\"><a class=\"wpfd_downloadlink\" href=\"https:\/\/portal.pi.gov.br\/adapi\/download\/359\/transitoalegislacao\/5331\/portaria-interministerial-mpa_mapa-no-54-de-9-de-abril-de-2026.pdf\" title=\"PORTARIA INTERMINISTERIAL MPA_MAPA N\u00ba 54, DE 9 DE ABRIL DE 2026\"><span class=\"extcol\">                                <span class=\"ext ext-pdf\"><\/span>                                PORTARIA INTERMINISTERIAL MPA_MAPA N\u00ba 54, DE 9 DE ABRIL DE 2026                            <\/span><\/a><\/td><td class=\"file_size\">122.59 KB<\/td><td class=\"file_created\">13-04-2026<\/td>                                            <td class=\"col-download\">                            <a class=\"downloadlink wpfd_downloadlink\"  href=\"https:\/\/portal.pi.gov.br\/adapi\/download\/359\/transitoalegislacao\/5331\/portaria-interministerial-mpa_mapa-no-54-de-9-de-abril-de-2026.pdf\" style=\"background-color:#033b85;color:#ffffff;\">Baixar<i class=\"zmdi zmdi-cloud-download wpfd-download\"><\/i><\/a><a                            href=\"https:\/\/docs.google.com\/viewer?url=https%3A%2F%2Fportal.pi.gov.br%2Fadapi%2Fwp-admin%2Fadmin-ajax.php%3Fjuwpfisadmin%3Dfalse%26action%3Dwpfd%26task%3Dfile.download%26wpfd_category_id%3D359%26wpfd_file_id%3D5331%26token%3D%26preview%3D1&#038;embedded=true\"                            class=\"openlink wpfdlightbox wpfd_previewlink\"                            target=\"\"                            data-id=\"5331\"                            data-catid=\"359\"                            data-file-type=\"pdf\">Visualizar<i class=\"zmdi zmdi-filter-center-focus wpfd-preview\"><\/i>                        <\/a>                        <\/td>                                    <\/tr>                            <tr class=\"file\" data-id=\"5174\"                    data-catid=\"359\">                    <td class=\"file_title\"><a class=\"wpfd_downloadlink\" href=\"https:\/\/portal.pi.gov.br\/adapi\/download\/359\/transitoalegislacao\/5174\/lista-habilitados-emissao-de-gta-atualizada.pdf\" title=\"LISTA HABILITADOS EMISS\u00c3O DE GTA- Atualizada\"><span class=\"extcol\">                                <span class=\"ext ext-pdf\"><\/span>                                LISTA HABILITADOS EMISS\u00c3O DE GTA- Atualizada                            <\/span><\/a><\/td><td class=\"file_size\">462.62 KB<\/td><td class=\"file_created\">28-02-2026<\/td>                                            <td class=\"col-download\">                            <a class=\"downloadlink wpfd_downloadlink\"  href=\"https:\/\/portal.pi.gov.br\/adapi\/download\/359\/transitoalegislacao\/5174\/lista-habilitados-emissao-de-gta-atualizada.pdf\" style=\"background-color:#033b85;color:#ffffff;\">Baixar<i class=\"zmdi zmdi-cloud-download wpfd-download\"><\/i><\/a><a                            href=\"https:\/\/docs.google.com\/viewer?url=https%3A%2F%2Fportal.pi.gov.br%2Fadapi%2Fwp-admin%2Fadmin-ajax.php%3Fjuwpfisadmin%3Dfalse%26action%3Dwpfd%26task%3Dfile.download%26wpfd_category_id%3D359%26wpfd_file_id%3D5174%26token%3D%26preview%3D1&#038;embedded=true\"                            class=\"openlink wpfdlightbox wpfd_previewlink\"                            target=\"\"                            data-id=\"5174\"                            data-catid=\"359\"                            data-file-type=\"pdf\">Visualizar<i class=\"zmdi zmdi-filter-center-focus wpfd-preview\"><\/i>                        <\/a>                        <\/td>                                    <\/tr>                            <tr class=\"file\" data-id=\"5168\"                    data-catid=\"359\">                    <td class=\"file_title\"><a class=\"wpfd_downloadlink\" href=\"https:\/\/portal.pi.gov.br\/adapi\/download\/359\/transitoalegislacao\/5168\/pnib-rastreabilidade-2025-a-2032.pdf\" title=\"PNIB-Rastreabilidade 2025 a 2032\"><span class=\"extcol\">                                <span class=\"ext ext-pdf\"><\/span>                                PNIB-Rastreabilidade 2025 a 2032                            <\/span><\/a><\/td><td class=\"file_size\">1.40 MB<\/td><td class=\"file_created\">27-02-2026<\/td>                                            <td class=\"col-download\">                            <a class=\"downloadlink wpfd_downloadlink\"  href=\"https:\/\/portal.pi.gov.br\/adapi\/download\/359\/transitoalegislacao\/5168\/pnib-rastreabilidade-2025-a-2032.pdf\" style=\"background-color:#033b85;color:#ffffff;\">Baixar<i class=\"zmdi zmdi-cloud-download wpfd-download\"><\/i><\/a><a                            href=\"https:\/\/docs.google.com\/viewer?url=https%3A%2F%2Fportal.pi.gov.br%2Fadapi%2Fwp-admin%2Fadmin-ajax.php%3Fjuwpfisadmin%3Dfalse%26action%3Dwpfd%26task%3Dfile.download%26wpfd_category_id%3D359%26wpfd_file_id%3D5168%26token%3D%26preview%3D1&#038;embedded=true\"                            class=\"openlink wpfdlightbox wpfd_previewlink\"                            target=\"\"                            data-id=\"5168\"                            data-catid=\"359\"                            data-file-type=\"pdf\">Visualizar<i class=\"zmdi zmdi-filter-center-focus wpfd-preview\"><\/i>                        <\/a>                        <\/td>                                    <\/tr>                            <tr class=\"file\" data-id=\"4976\"                    data-catid=\"359\">                    <td class=\"file_title\"><a class=\"wpfd_downloadlink\" href=\"https:\/\/portal.pi.gov.br\/adapi\/download\/359\/transitoalegislacao\/4976\/analise-do-transito-atraves-da-emissao-de-gta-2025-1.pdf\" title=\"An\u00e1lise do tr\u00e2nsito atrav\u00e9s da emiss\u00e3o de GTA 2025 (1)\"><span class=\"extcol\">                                <span class=\"ext ext-pdf\"><\/span>                                An\u00e1lise do tr\u00e2nsito atrav\u00e9s da emiss\u00e3o de GTA 2025 (1)                            <\/span><\/a><\/td><td class=\"file_size\">930.11 KB<\/td><td class=\"file_created\">23-01-2026<\/td>                                            <td class=\"col-download\">                            <a class=\"downloadlink wpfd_downloadlink\"  href=\"https:\/\/portal.pi.gov.br\/adapi\/download\/359\/transitoalegislacao\/4976\/analise-do-transito-atraves-da-emissao-de-gta-2025-1.pdf\" style=\"background-color:#033b85;color:#ffffff;\">Baixar<i class=\"zmdi zmdi-cloud-download wpfd-download\"><\/i><\/a><a                            href=\"https:\/\/docs.google.com\/viewer?url=https%3A%2F%2Fportal.pi.gov.br%2Fadapi%2Fwp-admin%2Fadmin-ajax.php%3Fjuwpfisadmin%3Dfalse%26action%3Dwpfd%26task%3Dfile.download%26wpfd_category_id%3D359%26wpfd_file_id%3D4976%26token%3D%26preview%3D1&#038;embedded=true\"                            class=\"openlink wpfdlightbox wpfd_previewlink\"                            target=\"\"                            data-id=\"4976\"                            data-catid=\"359\"                            data-file-type=\"pdf\">Visualizar<i class=\"zmdi zmdi-filter-center-focus wpfd-preview\"><\/i>                        <\/a>                        <\/td>                                    <\/tr>                            <tr class=\"file\" data-id=\"4359\"                    data-catid=\"359\">                    <td class=\"file_title\"><a class=\"wpfd_downloadlink\" href=\"https:\/\/portal.pi.gov.br\/adapi\/download\/359\/transitoalegislacao\/4359\/portaria-sda_mapa-no-1-358-de-14-de-agosto-de-2025-certificacao-granjas-suinos-2.pdf\" title=\"Portaria SDA_MAPA n\u00ba 1.358, de 14 de agosto de 2025 - certifica\u00e7\u00e3o granjas su\u00ednos (2)\"><span class=\"extcol\">                                <span class=\"ext ext-pdf\"><\/span>                                Portaria SDA_MAPA n\u00ba 1.358, de 14 de agosto de 2025 - certifica\u00e7\u00e3o granjas su\u00ednos (2)                            <\/span><\/a><\/td><td class=\"file_size\">727.46 KB<\/td><td class=\"file_created\">07-10-2025<\/td>                                            <td class=\"col-download\">                            <a class=\"downloadlink wpfd_downloadlink\"  href=\"https:\/\/portal.pi.gov.br\/adapi\/download\/359\/transitoalegislacao\/4359\/portaria-sda_mapa-no-1-358-de-14-de-agosto-de-2025-certificacao-granjas-suinos-2.pdf\" style=\"background-color:#033b85;color:#ffffff;\">Baixar<i class=\"zmdi zmdi-cloud-download wpfd-download\"><\/i><\/a><a                            href=\"https:\/\/docs.google.com\/viewer?url=https%3A%2F%2Fportal.pi.gov.br%2Fadapi%2Fwp-admin%2Fadmin-ajax.php%3Fjuwpfisadmin%3Dfalse%26action%3Dwpfd%26task%3Dfile.download%26wpfd_category_id%3D359%26wpfd_file_id%3D4359%26token%3D%26preview%3D1&#038;embedded=true\"                            class=\"openlink wpfdlightbox wpfd_previewlink\"                            target=\"\"                            data-id=\"4359\"                            data-catid=\"359\"                            data-file-type=\"pdf\">Visualizar<i class=\"zmdi zmdi-filter-center-focus wpfd-preview\"><\/i>                        <\/a>                        <\/td>                                    <\/tr>                            <tr class=\"file\" data-id=\"4358\"                    data-catid=\"359\">                    <td class=\"file_title\"><a class=\"wpfd_downloadlink\" href=\"https:\/\/portal.pi.gov.br\/adapi\/download\/359\/transitoalegislacao\/4358\/suideos-manual-de-gta-1.pdf\" title=\"Su\u00eddeos - Manual de GTA (1)\"><span class=\"extcol\">                                <span class=\"ext ext-pdf\"><\/span>                                Su\u00eddeos - Manual de GTA (1)                            <\/span><\/a><\/td><td class=\"file_size\">301.71 KB<\/td><td class=\"file_created\">07-10-2025<\/td>                                            <td class=\"col-download\">                            <a class=\"downloadlink wpfd_downloadlink\"  href=\"https:\/\/portal.pi.gov.br\/adapi\/download\/359\/transitoalegislacao\/4358\/suideos-manual-de-gta-1.pdf\" style=\"background-color:#033b85;color:#ffffff;\">Baixar<i class=\"zmdi zmdi-cloud-download wpfd-download\"><\/i><\/a><a                            href=\"https:\/\/docs.google.com\/viewer?url=https%3A%2F%2Fportal.pi.gov.br%2Fadapi%2Fwp-admin%2Fadmin-ajax.php%3Fjuwpfisadmin%3Dfalse%26action%3Dwpfd%26task%3Dfile.download%26wpfd_category_id%3D359%26wpfd_file_id%3D4358%26token%3D%26preview%3D1&#038;embedded=true\"                            class=\"openlink wpfdlightbox wpfd_previewlink\"                            target=\"\"                            data-id=\"4358\"                            data-catid=\"359\"                            data-file-type=\"pdf\">Visualizar<i class=\"zmdi zmdi-filter-center-focus wpfd-preview\"><\/i>                        <\/a>                        <\/td>                                    <\/tr>                            <tr class=\"file\" data-id=\"4357\"                    data-catid=\"359\">                    <td class=\"file_title\"><a class=\"wpfd_downloadlink\" href=\"https:\/\/portal.pi.gov.br\/adapi\/download\/359\/transitoalegislacao\/4357\/ficha-tecnica_febre-aftosa.pdf\" title=\"Ficha Tecnica_Febre Aftosa\"><span class=\"extcol\">                                <span class=\"ext ext-pdf\"><\/span>                                Ficha Tecnica_Febre Aftosa                            <\/span><\/a><\/td><td class=\"file_size\">1.19 MB<\/td><td class=\"file_created\">07-10-2025<\/td>                                            <td class=\"col-download\">                            <a class=\"downloadlink wpfd_downloadlink\"  href=\"https:\/\/portal.pi.gov.br\/adapi\/download\/359\/transitoalegislacao\/4357\/ficha-tecnica_febre-aftosa.pdf\" style=\"background-color:#033b85;color:#ffffff;\">Baixar<i class=\"zmdi zmdi-cloud-download wpfd-download\"><\/i><\/a><a                            href=\"https:\/\/docs.google.com\/viewer?url=https%3A%2F%2Fportal.pi.gov.br%2Fadapi%2Fwp-admin%2Fadmin-ajax.php%3Fjuwpfisadmin%3Dfalse%26action%3Dwpfd%26task%3Dfile.download%26wpfd_category_id%3D359%26wpfd_file_id%3D4357%26token%3D%26preview%3D1&#038;embedded=true\"                            class=\"openlink wpfdlightbox wpfd_previewlink\"                            target=\"\"                            data-id=\"4357\"                            data-catid=\"359\"                            data-file-type=\"pdf\">Visualizar<i class=\"zmdi zmdi-filter-center-focus wpfd-preview\"><\/i>                        <\/a>                        <\/td>                                    <\/tr>                            <tr class=\"file\" data-id=\"4252\"                    data-catid=\"359\">                    <td class=\"file_title\"><a class=\"wpfd_downloadlink\" href=\"https:\/\/portal.pi.gov.br\/adapi\/download\/359\/transitoalegislacao\/4252\/lista_habilitados_emissao_de_gta_assinado.pdf\" title=\"LISTA_HABILITADOS_EMISSAO_DE_GTA_assinado\"><span class=\"extcol\">                                <span class=\"ext ext-pdf\"><\/span>                                LISTA_HABILITADOS_EMISSAO_DE_GTA_assinado                            <\/span><\/a><\/td><td class=\"file_size\">312.72 KB<\/td><td class=\"file_created\">11-09-2025<\/td>                                            <td class=\"col-download\">                            <a class=\"downloadlink wpfd_downloadlink\"  href=\"https:\/\/portal.pi.gov.br\/adapi\/download\/359\/transitoalegislacao\/4252\/lista_habilitados_emissao_de_gta_assinado.pdf\" style=\"background-color:#033b85;color:#ffffff;\">Baixar<i class=\"zmdi zmdi-cloud-download wpfd-download\"><\/i><\/a><a                            href=\"https:\/\/docs.google.com\/viewer?url=https%3A%2F%2Fportal.pi.gov.br%2Fadapi%2Fwp-admin%2Fadmin-ajax.php%3Fjuwpfisadmin%3Dfalse%26action%3Dwpfd%26task%3Dfile.download%26wpfd_category_id%3D359%26wpfd_file_id%3D4252%26token%3D%26preview%3D1&#038;embedded=true\"                            class=\"openlink wpfdlightbox wpfd_previewlink\"                            target=\"\"                            data-id=\"4252\"                            data-catid=\"359\"                            data-file-type=\"pdf\">Visualizar<i class=\"zmdi zmdi-filter-center-focus wpfd-preview\"><\/i>                        <\/a>                        <\/td>                                    <\/tr>                            <tr class=\"file\" data-id=\"4125\"                    data-catid=\"359\">                    <td class=\"file_title\"><a class=\"wpfd_downloadlink\" href=\"https:\/\/portal.pi.gov.br\/adapi\/download\/359\/transitoalegislacao\/4125\/mapa-rodoviario-piaui-2025-vf-1_compressed.pdf\" title=\"Mapa Rodovi\u00e1rio Piau\u00ed 2025 VF 1_compressed\"><span class=\"extcol\">                                <span class=\"ext ext-pdf\"><\/span>                                Mapa Rodovi\u00e1rio Piau\u00ed 2025 VF 1_compressed                            <\/span><\/a><\/td><td class=\"file_size\">9.32 MB<\/td><td class=\"file_created\">02-09-2025<\/td>                                            <td class=\"col-download\">                            <a class=\"downloadlink wpfd_downloadlink\"  href=\"https:\/\/portal.pi.gov.br\/adapi\/download\/359\/transitoalegislacao\/4125\/mapa-rodoviario-piaui-2025-vf-1_compressed.pdf\" style=\"background-color:#033b85;color:#ffffff;\">Baixar<i class=\"zmdi zmdi-cloud-download wpfd-download\"><\/i><\/a><a                            href=\"https:\/\/docs.google.com\/viewer?url=https%3A%2F%2Fportal.pi.gov.br%2Fadapi%2Fwp-admin%2Fadmin-ajax.php%3Fjuwpfisadmin%3Dfalse%26action%3Dwpfd%26task%3Dfile.download%26wpfd_category_id%3D359%26wpfd_file_id%3D4125%26token%3D%26preview%3D1&#038;embedded=true\"                            class=\"openlink wpfdlightbox wpfd_previewlink\"                            target=\"\"                            data-id=\"4125\"                            data-catid=\"359\"                            data-file-type=\"pdf\">Visualizar<i class=\"zmdi zmdi-filter-center-focus wpfd-preview\"><\/i>                        <\/a>                        <\/td>                                    <\/tr>                            <tr class=\"file\" data-id=\"4001\"                    data-catid=\"359\">                    <td class=\"file_title\"><a class=\"wpfd_downloadlink\" href=\"https:\/\/portal.pi.gov.br\/adapi\/download\/359\/transitoalegislacao\/4001\/portaria-no-57-de-07-de-agosto-de-2025-e-gts.pdf\" title=\"Portaria N\u00ba 57, de 07 de agosto de 2025 e-GTS\"><span class=\"extcol\">                                <span class=\"ext ext-pdf\"><\/span>                                Portaria N\u00ba 57, de 07 de agosto de 2025 e-GTS                            <\/span><\/a><\/td><td class=\"file_size\">1.64 MB<\/td><td class=\"file_created\">12-08-2025<\/td>                                            <td class=\"col-download\">                            <a class=\"downloadlink wpfd_downloadlink\"  href=\"https:\/\/portal.pi.gov.br\/adapi\/download\/359\/transitoalegislacao\/4001\/portaria-no-57-de-07-de-agosto-de-2025-e-gts.pdf\" style=\"background-color:#033b85;color:#ffffff;\">Baixar<i class=\"zmdi zmdi-cloud-download wpfd-download\"><\/i><\/a><a                            href=\"https:\/\/docs.google.com\/viewer?url=https%3A%2F%2Fportal.pi.gov.br%2Fadapi%2Fwp-admin%2Fadmin-ajax.php%3Fjuwpfisadmin%3Dfalse%26action%3Dwpfd%26task%3Dfile.download%26wpfd_category_id%3D359%26wpfd_file_id%3D4001%26token%3D%26preview%3D1&#038;embedded=true\"                            class=\"openlink wpfdlightbox wpfd_previewlink\"                            target=\"\"                            data-id=\"4001\"                            data-catid=\"359\"                            data-file-type=\"pdf\">Visualizar<i class=\"zmdi zmdi-filter-center-focus wpfd-preview\"><\/i>                        <\/a>                        <\/td>                                    <\/tr>                        <\/tbody>        <\/table>            <\/div><\/div><\/div><div class='wpfd-pagination'>\n\t<span class='page-numbers current'>1<\/span>\n<a class='page-numbers' data-page='2' data-sourcecat='359'>2<\/a>\n<a class='page-numbers' data-page='3' data-sourcecat='359'>3<\/a>\n<span class=\"page-numbers dots\">&hellip;<\/span>\n<a class='page-numbers' data-page='6' data-sourcecat='359'>6<\/a>\n<a class='next page-numbers' data-page='2' data-sourcecat='359'>Pr\u00f3ximo &raquo;<\/a>\n<\/div>\n\n","protected":false},"excerpt":{"rendered":"","protected":false},"author":1798,"featured_media":0,"parent":0,"menu_order":0,"comment_status":"closed","ping_status":"closed","template":"template-fullwidth.php","meta":[],"featured_image_urls":{"full":"","thumbnail":"","medium":"","medium_large":"","large":"","sgg-420":"","sgg-540":"","sgg-780":"","1536x1536":"","2048x2048":"","homepage-slider":"","homepage-slider-small":"","page-top":"","page-small":"","loop-main":"","thumb-gallery-widget":""},"post_excerpt_stackable":"<p>T\u00edtuloTamanhoData de Publica\u00e7\u00e3oBaixar PORTARIA INTERMINISTERIAL MPA_MAPA N\u00ba 54, DE 9 DE ABRIL DE 2026 122.59 KB13-04-2026 BaixarVisualizar LISTA HABILITADOS EMISS\u00c3O DE GTA- Atualizada 462.62 KB28-02-2026 BaixarVisualizar PNIB-Rastreabilidade 2025 a 2032 1.40 MB27-02-2026 BaixarVisualizar An\u00e1lise do tr\u00e2nsito atrav\u00e9s da emiss\u00e3o de GTA 2025 (1) 930.11 KB23-01-2026 BaixarVisualizar Portaria SDA_MAPA n\u00ba 1.358, de 14 de agosto de 2025 &#8211; certifica\u00e7\u00e3o granjas su\u00ednos (2) 727.46 KB07-10-2025 BaixarVisualizar Su\u00eddeos &#8211; Manual de GTA (1) 301.71 KB07-10-2025 BaixarVisualizar Ficha Tecnica_Febre Aftosa 1.19 MB07-10-2025 BaixarVisualizar LISTA_HABILITADOS_EMISSAO_DE_GTA_assinado 312.72 KB11-09-2025 BaixarVisualizar Mapa Rodovi\u00e1rio Piau\u00ed 2025 VF 1_compressed 9.32 MB02-09-2025 BaixarVisualizar Portaria N\u00ba 57, de 07 de agosto de&hellip;<\/p>\n","category_list":"","author_info":{"name":"yancarvalho","url":"https:\/\/portal.pi.gov.br\/adapi\/author\/yancarvalho\/"},"comments_num":"0 coment\u00e1rio","featured_image_urls_v2":{"full":"","thumbnail":"","medium":"","medium_large":"","large":"","sgg-420":"","sgg-540":"","sgg-780":"","1536x1536":"","2048x2048":"","homepage-slider":"","homepage-slider-small":"","page-top":"","page-small":"","loop-main":"","thumb-gallery-widget":""},"post_excerpt_stackable_v2":"<p>T\u00edtuloTamanhoData de Publica\u00e7\u00e3oBaixar PORTARIA INTERMINISTERIAL MPA_MAPA N\u00ba 54, DE 9 DE ABRIL DE 2026 122.59 KB13-04-2026 BaixarVisualizar LISTA HABILITADOS EMISS\u00c3O DE GTA- Atualizada 462.62 KB28-02-2026 BaixarVisualizar PNIB-Rastreabilidade 2025 a 2032 1.40 MB27-02-2026 BaixarVisualizar An\u00e1lise do tr\u00e2nsito atrav\u00e9s da emiss\u00e3o de GTA 2025 (1) 930.11 KB23-01-2026 BaixarVisualizar Portaria SDA_MAPA n\u00ba 1.358, de 14 de agosto de 2025 &#8211; certifica\u00e7\u00e3o granjas su\u00ednos (2) 727.46 KB07-10-2025 BaixarVisualizar Su\u00eddeos &#8211; Manual de GTA (1) 301.71 KB07-10-2025 BaixarVisualizar Ficha Tecnica_Febre Aftosa 1.19 MB07-10-2025 BaixarVisualizar LISTA_HABILITADOS_EMISSAO_DE_GTA_assinado 312.72 KB11-09-2025 BaixarVisualizar Mapa Rodovi\u00e1rio Piau\u00ed 2025 VF 1_compressed 9.32 MB02-09-2025 BaixarVisualizar Portaria N\u00ba 57, de 07 de agosto de&hellip;<\/p>\n","category_list_v2":"","author_info_v2":{"name":"yancarvalho","url":"https:\/\/portal.pi.gov.br\/adapi\/author\/yancarvalho\/"},"comments_num_v2":"0 coment\u00e1rio","_links":{"self":[{"href":"https:\/\/portal.pi.gov.br\/adapi\/wp-json\/wp\/v2\/pages\/2384"}],"collection":[{"href":"https:\/\/portal.pi.gov.br\/adapi\/wp-json\/wp\/v2\/pages"}],"about":[{"href":"https:\/\/portal.pi.gov.br\/adapi\/wp-json\/wp\/v2\/types\/page"}],"author":[{"embeddable":true,"href":"https:\/\/portal.pi.gov.br\/adapi\/wp-json\/wp\/v2\/users\/1798"}],"replies":[{"embeddable":true,"href":"https:\/\/portal.pi.gov.br\/adapi\/wp-json\/wp\/v2\/comments?post=2384"}],"version-history":[{"count":2,"href":"https:\/\/portal.pi.gov.br\/adapi\/wp-json\/wp\/v2\/pages\/2384\/revisions"}],"predecessor-version":[{"id":2722,"href":"https:\/\/portal.pi.gov.br\/adapi\/wp-json\/wp\/v2\/pages\/2384\/revisions\/2722"}],"wp:attachment":[{"href":"https:\/\/portal.pi.gov.br\/adapi\/wp-json\/wp\/v2\/media?parent=2384"}],"curies":[{"name":"wp","href":"https:\/\/api.w.org\/{rel}","templated":true}]}}