{"id":2388,"date":"2025-03-17T12:11:30","date_gmt":"2025-03-17T15:11:30","guid":{"rendered":"https:\/\/portal.pi.gov.br\/adapi\/?page_id=2388"},"modified":"2026-02-24T21:54:36","modified_gmt":"2026-02-25T00:54:36","slug":"cefiti","status":"publish","type":"page","link":"https:\/\/portal.pi.gov.br\/adapi\/cefiti\/","title":{"rendered":"CEFITI"},"content":{"rendered":"\n<p>O&nbsp;<strong>CEFiTI<\/strong>&nbsp;(Cat\u00e1logo de Exig\u00eancias Fitossanit\u00e1rias para o Tr\u00e2nsito Interestadual) \u00e9 uma ferramenta do&nbsp;<a rel=\"noreferrer noopener\" href=\"https:\/\/www.google.com\/url?sa=i&amp;source=web&amp;rct=j&amp;url=https:\/\/sistemasweb.agricultura.gov.br\/pages\/CEFITI.html&amp;ved=2ahUKEwijipPGsvOSAxW5qJUCHbMTKRgQy_kOegQIARAB&amp;opi=89978449&amp;cd&amp;psig=AOvVaw36Edd8HgjMUtoQQ_NB82cj&amp;ust=1772066036262000\" target=\"_blank\">Minist\u00e9rio da Agricultura<\/a>&nbsp;que consolida a legisla\u00e7\u00e3o sobre os requisitos fitossanit\u00e1rios necess\u00e1rios para o transporte de vegetais e seus produtos entre estados brasileiros. Ele garante a sanidade vegetal, prevenindo a dissemina\u00e7\u00e3o de pragas pelo pa\u00eds.<\/p>\n\n\n\n<p><strong>Principais caracter\u00edsticas do CEFiTI:<\/strong><\/p>\n\n\n\n<ul>\n<li><strong>Finalidade:<\/strong>&nbsp;Padronizar as regras de tr\u00e2nsito vegetal, facilitando a consulta por produtores, transportadores e agentes de fiscaliza\u00e7\u00e3o.<\/li>\n\n\n\n<li><strong>Conte\u00fado:<\/strong>&nbsp;Consolida exig\u00eancias como Permiss\u00e3o de Tr\u00e2nsito de Vegetais (PTV) e Certificado Fitossanit\u00e1rio de Origem (CFO).<\/li>\n\n\n\n<li><strong>Consulta:<\/strong>&nbsp;Permite verificar quais documentos e procedimentos s\u00e3o obrigat\u00f3rios para cada produto agr\u00edcola ao cruzar fronteiras estaduais.<\/li>\n\n\n\n<li><strong>Gest\u00e3o:<\/strong>&nbsp;O sistema \u00e9 gerido pelo Minist\u00e9rio da Agricultura e Pecu\u00e1ria (MAPA).<\/li>\n<\/ul>\n\n\n\n<p>O CEFiTI \u00e9 essencial para o controle de pragas e doen\u00e7as no agroneg\u00f3cio brasileiro, garantindo que produtos vegetais transitem com seguran\u00e7a.<\/p>\n\n\n\n<p>Acesse o site para consultas atrav\u00e9s do link: <a rel=\"noreferrer noopener\" href=\"https:\/\/sistemasweb.agricultura.gov.br\/cefiti\/\" target=\"_blank\">https:\/\/sistemasweb.agricultura.gov.br\/cefiti\/<\/a><\/p>\n\n\n\n<p><\/p>\n","protected":false},"excerpt":{"rendered":"<p>O&nbsp;CEFiTI&nbsp;(Cat\u00e1logo de Exig\u00eancias Fitossanit\u00e1rias para o Tr\u00e2nsito Interestadual) \u00e9 uma ferramenta do&nbsp;Minist\u00e9rio da Agricultura&nbsp;que consolida a legisla\u00e7\u00e3o sobre os requisitos fitossanit\u00e1rios necess\u00e1rios para o transporte de vegetais e seus produtos [&hellip;]<\/p>\n","protected":false},"author":1798,"featured_media":0,"parent":0,"menu_order":0,"comment_status":"closed","ping_status":"closed","template":"template-fullwidth.php","meta":[],"featured_image_urls":{"full":"","thumbnail":"","medium":"","medium_large":"","large":"","sgg-420":"","sgg-540":"","sgg-780":"","1536x1536":"","2048x2048":"","homepage-slider":"","homepage-slider-small":"","page-top":"","page-small":"","loop-main":"","thumb-gallery-widget":""},"post_excerpt_stackable":"<p>O&nbsp;CEFiTI&nbsp;(Cat\u00e1logo de Exig\u00eancias Fitossanit\u00e1rias para o Tr\u00e2nsito Interestadual) \u00e9 uma ferramenta do&nbsp;Minist\u00e9rio da Agricultura&nbsp;que consolida a legisla\u00e7\u00e3o sobre os requisitos fitossanit\u00e1rios necess\u00e1rios para o transporte de vegetais e seus produtos entre estados brasileiros. Ele garante a sanidade vegetal, prevenindo a dissemina\u00e7\u00e3o de pragas pelo pa\u00eds. Principais caracter\u00edsticas do CEFiTI: Finalidade:&nbsp;Padronizar as regras de tr\u00e2nsito vegetal, facilitando a consulta por produtores, transportadores e agentes de fiscaliza\u00e7\u00e3o. Conte\u00fado:&nbsp;Consolida exig\u00eancias como Permiss\u00e3o de Tr\u00e2nsito de Vegetais (PTV) e Certificado Fitossanit\u00e1rio de Origem (CFO). Consulta:&nbsp;Permite verificar quais documentos e procedimentos s\u00e3o obrigat\u00f3rios para cada produto agr\u00edcola ao cruzar fronteiras estaduais. Gest\u00e3o:&nbsp;O sistema \u00e9 gerido&hellip;<\/p>\n","category_list":"","author_info":{"name":"yancarvalho","url":"https:\/\/portal.pi.gov.br\/adapi\/author\/yancarvalho\/"},"comments_num":"0 coment\u00e1rio","featured_image_urls_v2":{"full":"","thumbnail":"","medium":"","medium_large":"","large":"","sgg-420":"","sgg-540":"","sgg-780":"","1536x1536":"","2048x2048":"","homepage-slider":"","homepage-slider-small":"","page-top":"","page-small":"","loop-main":"","thumb-gallery-widget":""},"post_excerpt_stackable_v2":"<p>O&nbsp;CEFiTI&nbsp;(Cat\u00e1logo de Exig\u00eancias Fitossanit\u00e1rias para o Tr\u00e2nsito Interestadual) \u00e9 uma ferramenta do&nbsp;Minist\u00e9rio da Agricultura&nbsp;que consolida a legisla\u00e7\u00e3o sobre os requisitos fitossanit\u00e1rios necess\u00e1rios para o transporte de vegetais e seus produtos entre estados brasileiros. Ele garante a sanidade vegetal, prevenindo a dissemina\u00e7\u00e3o de pragas pelo pa\u00eds. Principais caracter\u00edsticas do CEFiTI: Finalidade:&nbsp;Padronizar as regras de tr\u00e2nsito vegetal, facilitando a consulta por produtores, transportadores e agentes de fiscaliza\u00e7\u00e3o. Conte\u00fado:&nbsp;Consolida exig\u00eancias como Permiss\u00e3o de Tr\u00e2nsito de Vegetais (PTV) e Certificado Fitossanit\u00e1rio de Origem (CFO). Consulta:&nbsp;Permite verificar quais documentos e procedimentos s\u00e3o obrigat\u00f3rios para cada produto agr\u00edcola ao cruzar fronteiras estaduais. Gest\u00e3o:&nbsp;O sistema \u00e9 gerido&hellip;<\/p>\n","category_list_v2":"","author_info_v2":{"name":"yancarvalho","url":"https:\/\/portal.pi.gov.br\/adapi\/author\/yancarvalho\/"},"comments_num_v2":"0 coment\u00e1rio","_links":{"self":[{"href":"https:\/\/portal.pi.gov.br\/adapi\/wp-json\/wp\/v2\/pages\/2388"}],"collection":[{"href":"https:\/\/portal.pi.gov.br\/adapi\/wp-json\/wp\/v2\/pages"}],"about":[{"href":"https:\/\/portal.pi.gov.br\/adapi\/wp-json\/wp\/v2\/types\/page"}],"author":[{"embeddable":true,"href":"https:\/\/portal.pi.gov.br\/adapi\/wp-json\/wp\/v2\/users\/1798"}],"replies":[{"embeddable":true,"href":"https:\/\/portal.pi.gov.br\/adapi\/wp-json\/wp\/v2\/comments?post=2388"}],"version-history":[{"count":3,"href":"https:\/\/portal.pi.gov.br\/adapi\/wp-json\/wp\/v2\/pages\/2388\/revisions"}],"predecessor-version":[{"id":5160,"href":"https:\/\/portal.pi.gov.br\/adapi\/wp-json\/wp\/v2\/pages\/2388\/revisions\/5160"}],"wp:attachment":[{"href":"https:\/\/portal.pi.gov.br\/adapi\/wp-json\/wp\/v2\/media?parent=2388"}],"curies":[{"name":"wp","href":"https:\/\/api.w.org\/{rel}","templated":true}]}}