{"id":2390,"date":"2025-03-17T12:11:45","date_gmt":"2025-03-17T15:11:45","guid":{"rendered":"https:\/\/portal.pi.gov.br\/adapi\/?page_id=2390"},"modified":"2025-07-11T09:04:54","modified_gmt":"2025-07-11T12:04:54","slug":"pva","status":"publish","type":"page","link":"https:\/\/portal.pi.gov.br\/adapi\/pva\/","title":{"rendered":"PVA"},"content":{"rendered":"<div class=\"wp-block-image\">\n<figure class=\"aligncenter size-full\"><img decoding=\"async\" loading=\"lazy\" width=\"424\" height=\"600\" src=\"https:\/\/portal.pi.gov.br\/adapi\/wp-content\/uploads\/sites\/103\/2025\/07\/postos-de-vigilancia.jpg\" alt=\"\" class=\"wp-image-3833\" srcset=\"https:\/\/portal.pi.gov.br\/adapi\/wp-content\/uploads\/sites\/103\/2025\/07\/postos-de-vigilancia.jpg 424w, https:\/\/portal.pi.gov.br\/adapi\/wp-content\/uploads\/sites\/103\/2025\/07\/postos-de-vigilancia-212x300.jpg 212w, https:\/\/portal.pi.gov.br\/adapi\/wp-content\/uploads\/sites\/103\/2025\/07\/postos-de-vigilancia-297x420.jpg 297w, https:\/\/portal.pi.gov.br\/adapi\/wp-content\/uploads\/sites\/103\/2025\/07\/postos-de-vigilancia-382x540.jpg 382w\" sizes=\"(max-width: 424px) 100vw, 424px\" \/><\/figure><\/div>\n\n\n<p>Os Postos de Vigil\u00e2ncia Agropecu\u00e1ria \u2013 PVA\u2019s est\u00e3o localizados estrategicamente nas divisas do estado e visam impedir a entrada de doen\u00e7as, assegurando a sanidade animal e vegetal, bem como a sa\u00fade da popula\u00e7\u00e3o, atrav\u00e9s da fiscaliza\u00e7\u00e3o de animais, produtos e subprodutos de origem animal. A Adapi possui 10 postos fixos que funcionam 24 horas por dia.<\/p>\n\n\n\n<figure class=\"wp-block-table\"><table><tbody><tr><td><strong>1 PVA TABULETA<\/strong>&nbsp;(divisa PI-MA) E-mail:&nbsp;<a href=\"mailto:tabuleta@adapi.pi.gov.br\">tabuleta@adapi.pi.gov.br<\/a> Endere\u00e7o: BR 316 \u2013 Teresina -PI Geolocaliza\u00e7\u00e3o: S 05\u00b007\u201940\u2019\u2019 \/ W 42\u00b048\u201915\u2019\u2019 &nbsp;<\/td><td><strong>2 PVA PONT\u00d5ES<\/strong>&nbsp;(divisa PI-MA) E-mail:&nbsp;<a href=\"mailto:pontoes@adapi.pi.gov.br\">pontoes@adapi.pi.gov.br<\/a> Endere\u00e7o: BR 320 \u2013 Floriano -PI Geolocaliza\u00e7\u00e3o: S 06\u00b045\u201948\u2019\u2019 \/ W 43\u00b000\u201936\u2019\u2019<\/td><\/tr><tr><td><strong>3 PVA BOA ESPERAN\u00c7A<\/strong>&nbsp;(divisa PI-BA) E-mail:&nbsp;<a href=\"mailto:boaesperanca@adapi.pi.gov.br\">boaesperanca@adapi.pi.gov.br<\/a> Endere\u00e7o: BR 135 \u2013 Cristal\u00e2ndia &#8211; PI Geolocaliza\u00e7\u00e3o: S 05\u00b007\u201940\u2019\u2019 \/ W 42\u00b048\u201915\u2019\u2019 &nbsp;<\/td><td><strong>4 PVA JACARAND\u00c1<\/strong>&nbsp;(divisa PI-CE) E-mail:&nbsp;<a href=\"mailto:jacaranda@adapi.pi.gov.br\">jacaranda@adapi.pi.gov.br<\/a> Endere\u00e7o: BR 402 \u2013 Cocal \u2013 PI Geolocaliza\u00e7\u00e3o: S 03\u00b031.9\u201939\u2019\u2019 \/ W 41\u00b025\u201934\u2019\u2019<\/td><\/tr><tr><td><strong>5 PVA BOM JARDIM<\/strong>&nbsp;(divisa PI-BA) E-mail:&nbsp;<a href=\"mailto:bomjardim@adapi.pi.gov.br\">bomjardim@adapi.pi.gov.br<\/a> Endere\u00e7o: BR 324 \u2013 Dirceu Arcoverde -PI Geolocaliza\u00e7\u00e3o: S 09\u00b020\u201944\u2019\u2019 \/ W 42\u00b025\u201938\u2019\u2019 <strong>&nbsp;<\/strong><\/td><td><strong>6 PVA PIPOCAS<\/strong>&nbsp;(divisa PI-PE) E-mail:&nbsp;<a href=\"mailto:pipocas@adapi.pi.gov.br\">pipocas@adapi.pi.gov.br<\/a> Endere\u00e7o: BR 407 \u2013 Acau\u00e3 &#8211; PI Geolocaliza\u00e7\u00e3o: S 08\u00b023\u201927\u2019\u2019 \/ W 41\u00b005\u201922\u2019\u2019<\/td><\/tr><tr><td><strong>7 PVA CORINTO MATOS<\/strong>&nbsp;(divisa PI-PE) E-mail:&nbsp;<a href=\"mailto:corintomatos@adapi.pi.gov.br\">corintomatos@adapi.pi.gov.br<\/a> Endere\u00e7o: BR 316 \u2013 Marcol\u00e2ndia-PI Geolocaliza\u00e7\u00e3o: S 07\u00b025\u201941\u2019\u2019 \/ W 40\u00b039\u201947\u2019\u2019 <strong>&nbsp;<\/strong><\/td><td><strong>8 PVA LAGOA SECA<\/strong>&nbsp;(divisa PI-CE) E-mail:&nbsp;<a href=\"mailto:lagoaseca@adapi.pi.gov.br\">lagoaseca@adapi.pi.gov.br<\/a> Endere\u00e7o: BR 230 \u2013 Fronteiras-PI Geolocaliza\u00e7\u00e3o: S 07\u00b004\u201942\u2019\u2019 \/ W 40\u00b027\u201902\u2019\u2019<\/td><\/tr><tr><td><strong>9 PVA FRONTEIRA<\/strong>&nbsp;(divisa PI-CE) E-mail:&nbsp;<a href=\"mailto:sjfronteira@adapi.pi.gov.br\">sjfronteira@adapi.pi.gov.br<\/a> Endere\u00e7o: BR 222 \u2013 S\u00e3o Jo\u00e3o da Fronteira-PI Geolocaliza\u00e7\u00e3o: S 04\u00b016\u201931\u2019\u2019 \/ W 41\u00b046\u201950\u2019\u2019 <strong>&nbsp;<\/strong><\/td><td><strong>10 PVA JORRANTE<\/strong>&nbsp;(divisa PI-MA) E-mail:&nbsp;<a href=\"mailto:pvajorrante@adapi.pi.gov.br\">pvajorrante@adapi.pi.gov.br<\/a> Endere\u00e7o: PI 247 \u2013 Uru\u00e7u\u00ed &#8211; PI Geolocaliza\u00e7\u00e3o: S 07\u00b013\u201940\u2019\u2019 \/ W 44\u00b033\u201919\u2019\u2019<\/td><\/tr><\/tbody><\/table><\/figure>\n","protected":false},"excerpt":{"rendered":"<p>Os Postos de Vigil\u00e2ncia Agropecu\u00e1ria \u2013 PVA\u2019s est\u00e3o localizados estrategicamente nas divisas do estado e visam impedir a entrada de doen\u00e7as, assegurando a sanidade animal e vegetal, bem como a [&hellip;]<\/p>\n","protected":false},"author":1798,"featured_media":0,"parent":0,"menu_order":0,"comment_status":"closed","ping_status":"closed","template":"template-fullwidth.php","meta":[],"featured_image_urls":{"full":"","thumbnail":"","medium":"","medium_large":"","large":"","sgg-420":"","sgg-540":"","sgg-780":"","1536x1536":"","2048x2048":"","homepage-slider":"","homepage-slider-small":"","page-top":"","page-small":"","loop-main":"","thumb-gallery-widget":""},"post_excerpt_stackable":"<p>Os Postos de Vigil\u00e2ncia Agropecu\u00e1ria \u2013 PVA\u2019s est\u00e3o localizados estrategicamente nas divisas do estado e visam impedir a entrada de doen\u00e7as, assegurando a sanidade animal e vegetal, bem como a sa\u00fade da popula\u00e7\u00e3o, atrav\u00e9s da fiscaliza\u00e7\u00e3o de animais, produtos e subprodutos de origem animal. A Adapi possui 10 postos fixos que funcionam 24 horas por dia. 1 PVA TABULETA&nbsp;(divisa PI-MA) E-mail:&nbsp;tabuleta@adapi.pi.gov.br Endere\u00e7o: BR 316 \u2013 Teresina -PI Geolocaliza\u00e7\u00e3o: S 05\u00b007\u201940\u2019\u2019 \/ W 42\u00b048\u201915\u2019\u2019 &nbsp;2 PVA PONT\u00d5ES&nbsp;(divisa PI-MA) E-mail:&nbsp;pontoes@adapi.pi.gov.br Endere\u00e7o: BR 320 \u2013 Floriano -PI Geolocaliza\u00e7\u00e3o: S 06\u00b045\u201948\u2019\u2019 \/ W 43\u00b000\u201936\u2019\u20193 PVA BOA ESPERAN\u00c7A&nbsp;(divisa PI-BA) E-mail:&nbsp;boaesperanca@adapi.pi.gov.br Endere\u00e7o: BR 135 \u2013 Cristal\u00e2ndia&hellip;<\/p>\n","category_list":"","author_info":{"name":"yancarvalho","url":"https:\/\/portal.pi.gov.br\/adapi\/author\/yancarvalho\/"},"comments_num":"0 coment\u00e1rio","featured_image_urls_v2":{"full":"","thumbnail":"","medium":"","medium_large":"","large":"","sgg-420":"","sgg-540":"","sgg-780":"","1536x1536":"","2048x2048":"","homepage-slider":"","homepage-slider-small":"","page-top":"","page-small":"","loop-main":"","thumb-gallery-widget":""},"post_excerpt_stackable_v2":"<p>Os Postos de Vigil\u00e2ncia Agropecu\u00e1ria \u2013 PVA\u2019s est\u00e3o localizados estrategicamente nas divisas do estado e visam impedir a entrada de doen\u00e7as, assegurando a sanidade animal e vegetal, bem como a sa\u00fade da popula\u00e7\u00e3o, atrav\u00e9s da fiscaliza\u00e7\u00e3o de animais, produtos e subprodutos de origem animal. A Adapi possui 10 postos fixos que funcionam 24 horas por dia. 1 PVA TABULETA&nbsp;(divisa PI-MA) E-mail:&nbsp;tabuleta@adapi.pi.gov.br Endere\u00e7o: BR 316 \u2013 Teresina -PI Geolocaliza\u00e7\u00e3o: S 05\u00b007\u201940\u2019\u2019 \/ W 42\u00b048\u201915\u2019\u2019 &nbsp;2 PVA PONT\u00d5ES&nbsp;(divisa PI-MA) E-mail:&nbsp;pontoes@adapi.pi.gov.br Endere\u00e7o: BR 320 \u2013 Floriano -PI Geolocaliza\u00e7\u00e3o: S 06\u00b045\u201948\u2019\u2019 \/ W 43\u00b000\u201936\u2019\u20193 PVA BOA ESPERAN\u00c7A&nbsp;(divisa PI-BA) E-mail:&nbsp;boaesperanca@adapi.pi.gov.br Endere\u00e7o: BR 135 \u2013 Cristal\u00e2ndia&hellip;<\/p>\n","category_list_v2":"","author_info_v2":{"name":"yancarvalho","url":"https:\/\/portal.pi.gov.br\/adapi\/author\/yancarvalho\/"},"comments_num_v2":"0 coment\u00e1rio","_links":{"self":[{"href":"https:\/\/portal.pi.gov.br\/adapi\/wp-json\/wp\/v2\/pages\/2390"}],"collection":[{"href":"https:\/\/portal.pi.gov.br\/adapi\/wp-json\/wp\/v2\/pages"}],"about":[{"href":"https:\/\/portal.pi.gov.br\/adapi\/wp-json\/wp\/v2\/types\/page"}],"author":[{"embeddable":true,"href":"https:\/\/portal.pi.gov.br\/adapi\/wp-json\/wp\/v2\/users\/1798"}],"replies":[{"embeddable":true,"href":"https:\/\/portal.pi.gov.br\/adapi\/wp-json\/wp\/v2\/comments?post=2390"}],"version-history":[{"count":2,"href":"https:\/\/portal.pi.gov.br\/adapi\/wp-json\/wp\/v2\/pages\/2390\/revisions"}],"predecessor-version":[{"id":3835,"href":"https:\/\/portal.pi.gov.br\/adapi\/wp-json\/wp\/v2\/pages\/2390\/revisions\/3835"}],"wp:attachment":[{"href":"https:\/\/portal.pi.gov.br\/adapi\/wp-json\/wp\/v2\/media?parent=2390"}],"curies":[{"name":"wp","href":"https:\/\/api.w.org\/{rel}","templated":true}]}}