{"id":2400,"date":"2025-03-17T12:14:24","date_gmt":"2025-03-17T15:14:24","guid":{"rendered":"https:\/\/portal.pi.gov.br\/adapi\/?page_id=2400"},"modified":"2025-04-09T11:55:54","modified_gmt":"2025-04-09T14:55:54","slug":"leis-estaduais","status":"publish","type":"page","link":"https:\/\/portal.pi.gov.br\/adapi\/leis-estaduais\/","title":{"rendered":"Leis Estaduais"},"content":{"rendered":"<script type=\"text\/x-handlebars-template\"        id=\"wpfd-template-table-categories-362\">    <div class=\"wpfd-categories\">{{#if category}}{{#with category}}{{#if parent}}<a class=\"catlink backcategory\" href=\"#\" data-idcat=\"{{parent}}\">                        <i class=\"zmdi zmdi-chevron-left\"><\/i><span>Voltar<\/span><\/a>{{\/if}}{{\/with}}{{\/if}}<\/div><\/script><script type=\"text\/x-handlebars-template\" id=\"wpfd-template-table-362\">    {{#if files}}    {{#each files}}    <tr class=\"file\" data-id=\"{{ID}}\" data-catid=\"{{catid}}\">    <td class=\"file_title\"><a class=\"wpfd_downloadlink\" href=\"{{linkdownload}}\" title=\"{{post_title}}\"><span class=\"extcol\">{{#if file_custom_icon}}<span class=\"icon-custom\"><img src=\"{{file_custom_icon}}\"><\/span>{{else}}<span class=\"ext ext-{{ext}}\"><\/span>{{\/if}}<\/span>{{{crop_title}}}<\/a><\/td><td class=\"file_size\">{{bytesToSize size}}<\/td><td class=\"file_created\">{{created}}<\/td>                    <td class=\"col-download\">                <a class=\"downloadlink wpfd_downloadlink\"  href=\"{{linkdownload}}\" style=\"background-color:#033b85;color:#ffffff;\">Baixar<i class=\"zmdi zmdi-cloud-download wpfd-download\"><\/i><\/a>{{#if openpdflink}}<a class=\"openlink wpfdlightbox wpfd_previewlink\" href=\"{{openpdflink}}\" target=\"\">Visualizar                            <i class=\"zmdi zmdi-filter-center-focus wpfd-preview\"><\/i>                        <\/a>{{else}}{{#if viewerlink}}<a                            href=\"{{viewerlink}}\"                            class=\"openlink wpfdlightbox wpfd_previewlink\"                            target=\"\"                            data-id=\"{{ID}}\"                            data-catid=\"{{catid}}\"                            data-file-type=\"{{ext}}\">Visualizar<i class=\"zmdi zmdi-filter-center-focus wpfd-preview\"><\/i>                        <\/a>{{\/if}}{{\/if}}            <\/td>            <\/tr>    {{\/each}}    {{\/if}}<\/script><div class=\"wpfd-content wpfd-content-table wpfd-content-multi colstyle\" data-category=\"362\"><input type=\"hidden\" id=\"current_category_362\" value=\"362\" \/>                    <input type=\"hidden\" id=\"current_category_slug_362\" value=\"leisestaduais\" \/>                    <input type=\"hidden\" id=\"current_ordering_362\" value=\"created_time\" \/>                    <input type=\"hidden\" id=\"current_ordering_direction_362\" value=\"desc\" \/><div class=\"wpfd-container\">        <div class=\"wpfd-open-tree\"><\/div>    <div class=\"wpfd-container-table \">        <div class=\"wpfd-categories\"><\/div>        <table class=\"wpfd-table wpfd-table-bordered wpfd-table-striped mediaTable\">            <thead>            <tr>                <th class=\"essential persist file_title\">T\u00edtulo<\/th><th class=\"optional file_size\">Tamanho<\/th><th class=\"optional file_created\">Data de Publica\u00e7\u00e3o<\/th><th class=\"essential file_download\">Baixar<\/th>            <\/tr>            <\/thead>            <tbody>                            <tr class=\"file\" data-id=\"4943\"                    data-catid=\"362\">                    <td class=\"file_title\"><a class=\"wpfd_downloadlink\" href=\"https:\/\/portal.pi.gov.br\/adapi\/download\/362\/leisestaduais\/4943\/lei-estadual-no-8364-2024-politica-estadual-de-protecao-a-fauna-silvestre-a-aos-animais-domesticos.pdf\" title=\"Lei estadual n\u00ba 8364-2024 Pol\u00edtica estadual de prote\u00e7\u00e3o \u00e0 Fauna silvestre a aos animais dom\u00e9sticos\"><span class=\"extcol\">                                <span class=\"ext ext-pdf\"><\/span>                                Lei estadual n\u00ba 8364-2024 Pol\u00edtica estadual de prote\u00e7\u00e3o \u00e0 Fauna silvestre a aos animais dom\u00e9sticos                            <\/span><\/a><\/td><td class=\"file_size\">166.02 KB<\/td><td class=\"file_created\">19-01-2026<\/td>                                            <td class=\"col-download\">                            <a class=\"downloadlink wpfd_downloadlink\"  href=\"https:\/\/portal.pi.gov.br\/adapi\/download\/362\/leisestaduais\/4943\/lei-estadual-no-8364-2024-politica-estadual-de-protecao-a-fauna-silvestre-a-aos-animais-domesticos.pdf\" style=\"background-color:#033b85;color:#ffffff;\">Baixar<i class=\"zmdi zmdi-cloud-download wpfd-download\"><\/i><\/a><a                            href=\"https:\/\/docs.google.com\/viewer?url=https%3A%2F%2Fportal.pi.gov.br%2Fadapi%2Fwp-admin%2Fadmin-ajax.php%3Fjuwpfisadmin%3Dfalse%26action%3Dwpfd%26task%3Dfile.download%26wpfd_category_id%3D362%26wpfd_file_id%3D4943%26token%3D%26preview%3D1&#038;embedded=true\"                            class=\"openlink wpfdlightbox wpfd_previewlink\"                            target=\"\"                            data-id=\"4943\"                            data-catid=\"362\"                            data-file-type=\"pdf\">Visualizar<i class=\"zmdi zmdi-filter-center-focus wpfd-preview\"><\/i>                        <\/a>                        <\/td>                                    <\/tr>                            <tr class=\"file\" data-id=\"4944\"                    data-catid=\"362\">                    <td class=\"file_title\"><a class=\"wpfd_downloadlink\" href=\"https:\/\/portal.pi.gov.br\/adapi\/download\/362\/leisestaduais\/4944\/lei-8700-2025-protocolo-estadual-de-protecao-animal.pdf\" title=\"Lei 8700-2025 Protocolo estadual de Prote\u00e7\u00e3o Animal\"><span class=\"extcol\">                                <span class=\"ext ext-pdf\"><\/span>                                Lei 8700-2025 Protocolo estadual de Prote\u00e7\u00e3o Animal                            <\/span><\/a><\/td><td class=\"file_size\">71.06 KB<\/td><td class=\"file_created\">19-01-2026<\/td>                                            <td class=\"col-download\">                            <a class=\"downloadlink wpfd_downloadlink\"  href=\"https:\/\/portal.pi.gov.br\/adapi\/download\/362\/leisestaduais\/4944\/lei-8700-2025-protocolo-estadual-de-protecao-animal.pdf\" style=\"background-color:#033b85;color:#ffffff;\">Baixar<i class=\"zmdi zmdi-cloud-download wpfd-download\"><\/i><\/a><a                            href=\"https:\/\/docs.google.com\/viewer?url=https%3A%2F%2Fportal.pi.gov.br%2Fadapi%2Fwp-admin%2Fadmin-ajax.php%3Fjuwpfisadmin%3Dfalse%26action%3Dwpfd%26task%3Dfile.download%26wpfd_category_id%3D362%26wpfd_file_id%3D4944%26token%3D%26preview%3D1&#038;embedded=true\"                            class=\"openlink wpfdlightbox wpfd_previewlink\"                            target=\"\"                            data-id=\"4944\"                            data-catid=\"362\"                            data-file-type=\"pdf\">Visualizar<i class=\"zmdi zmdi-filter-center-focus wpfd-preview\"><\/i>                        <\/a>                        <\/td>                                    <\/tr>                            <tr class=\"file\" data-id=\"3375\"                    data-catid=\"362\">                    <td class=\"file_title\"><a class=\"wpfd_downloadlink\" href=\"https:\/\/portal.pi.gov.br\/adapi\/download\/362\/leisestaduais\/3375\/legislacao-do-estado-do-piaui-lei-ordinaria-no-5-810-de-26-11-2008-lei-estadual.pdf\" title=\"Legisla\u00e7\u00e3o do Estado do Piaui-Lei Ordin\u00e1ria N\u00ba 5.810 de 26-11-2008-Lei estadual\"><span class=\"extcol\">                                <span class=\"ext ext-pdf\"><\/span>                                Legisla\u00e7\u00e3o do Estado do Piaui-Lei Ordin\u00e1ria N\u00ba 5.810 de 26-11-2008-Lei estadual                            <\/span><\/a><\/td><td class=\"file_size\">100.44 KB<\/td><td class=\"file_created\">25-04-2025<\/td>                                            <td class=\"col-download\">                            <a class=\"downloadlink wpfd_downloadlink\"  href=\"https:\/\/portal.pi.gov.br\/adapi\/download\/362\/leisestaduais\/3375\/legislacao-do-estado-do-piaui-lei-ordinaria-no-5-810-de-26-11-2008-lei-estadual.pdf\" style=\"background-color:#033b85;color:#ffffff;\">Baixar<i class=\"zmdi zmdi-cloud-download wpfd-download\"><\/i><\/a><a                            href=\"https:\/\/docs.google.com\/viewer?url=https%3A%2F%2Fportal.pi.gov.br%2Fadapi%2Fwp-admin%2Fadmin-ajax.php%3Fjuwpfisadmin%3Dfalse%26action%3Dwpfd%26task%3Dfile.download%26wpfd_category_id%3D362%26wpfd_file_id%3D3375%26token%3D%26preview%3D1&#038;embedded=true\"                            class=\"openlink wpfdlightbox wpfd_previewlink\"                            target=\"\"                            data-id=\"3375\"                            data-catid=\"362\"                            data-file-type=\"pdf\">Visualizar<i class=\"zmdi zmdi-filter-center-focus wpfd-preview\"><\/i>                        <\/a>                        <\/td>                                    <\/tr>                            <tr class=\"file\" data-id=\"3376\"                    data-catid=\"362\">                    <td class=\"file_title\"><a class=\"wpfd_downloadlink\" href=\"https:\/\/portal.pi.gov.br\/adapi\/download\/362\/leisestaduais\/3376\/lei-no-7-871-23_09_2022-fundo-de-defesa-agropecuaria-lei-estd.pdf\" title=\"Lei N\u00ba 7.871 23_09_2022 - Fundo de Defesa Agropecu\u00e1ria-Lei estd\"><span class=\"extcol\">                                <span class=\"ext ext-pdf\"><\/span>                                Lei N\u00ba 7.871 23_09_2022 - Fundo de Defesa Agropecu\u00e1ria-Lei estd                            <\/span><\/a><\/td><td class=\"file_size\">146.32 KB<\/td><td class=\"file_created\">25-04-2025<\/td>                                            <td class=\"col-download\">                            <a class=\"downloadlink wpfd_downloadlink\"  href=\"https:\/\/portal.pi.gov.br\/adapi\/download\/362\/leisestaduais\/3376\/lei-no-7-871-23_09_2022-fundo-de-defesa-agropecuaria-lei-estd.pdf\" style=\"background-color:#033b85;color:#ffffff;\">Baixar<i class=\"zmdi zmdi-cloud-download wpfd-download\"><\/i><\/a><a                            href=\"https:\/\/docs.google.com\/viewer?url=https%3A%2F%2Fportal.pi.gov.br%2Fadapi%2Fwp-admin%2Fadmin-ajax.php%3Fjuwpfisadmin%3Dfalse%26action%3Dwpfd%26task%3Dfile.download%26wpfd_category_id%3D362%26wpfd_file_id%3D3376%26token%3D%26preview%3D1&#038;embedded=true\"                            class=\"openlink wpfdlightbox wpfd_previewlink\"                            target=\"\"                            data-id=\"3376\"                            data-catid=\"362\"                            data-file-type=\"pdf\">Visualizar<i class=\"zmdi zmdi-filter-center-focus wpfd-preview\"><\/i>                        <\/a>                        <\/td>                                    <\/tr>                            <tr class=\"file\" data-id=\"3377\"                    data-catid=\"362\">                    <td class=\"file_title\"><a class=\"wpfd_downloadlink\" href=\"https:\/\/portal.pi.gov.br\/adapi\/download\/362\/leisestaduais\/3377\/legislacao-do-estado-do-piaui-lei-ordinaria-no-5-491-de-26-08-2005.pdf\" title=\"Legisla\u00e7\u00e3o do Estado do Piaui-Lei Ordin\u00e1ria N\u00ba 5.491 de 26-08-2005\"><span class=\"extcol\">                                <span class=\"ext ext-pdf\"><\/span>                                Legisla\u00e7\u00e3o do Estado do Piaui-Lei Ordin\u00e1ria N\u00ba 5.491 de 26-08-2005                            <\/span><\/a><\/td><td class=\"file_size\">215.05 KB<\/td><td class=\"file_created\">25-04-2025<\/td>                                            <td class=\"col-download\">                            <a class=\"downloadlink wpfd_downloadlink\"  href=\"https:\/\/portal.pi.gov.br\/adapi\/download\/362\/leisestaduais\/3377\/legislacao-do-estado-do-piaui-lei-ordinaria-no-5-491-de-26-08-2005.pdf\" style=\"background-color:#033b85;color:#ffffff;\">Baixar<i class=\"zmdi zmdi-cloud-download wpfd-download\"><\/i><\/a><a                            href=\"https:\/\/docs.google.com\/viewer?url=https%3A%2F%2Fportal.pi.gov.br%2Fadapi%2Fwp-admin%2Fadmin-ajax.php%3Fjuwpfisadmin%3Dfalse%26action%3Dwpfd%26task%3Dfile.download%26wpfd_category_id%3D362%26wpfd_file_id%3D3377%26token%3D%26preview%3D1&#038;embedded=true\"                            class=\"openlink wpfdlightbox wpfd_previewlink\"                            target=\"\"                            data-id=\"3377\"                            data-catid=\"362\"                            data-file-type=\"pdf\">Visualizar<i class=\"zmdi zmdi-filter-center-focus wpfd-preview\"><\/i>                        <\/a>                        <\/td>                                    <\/tr>                            <tr class=\"file\" data-id=\"3287\"                    data-catid=\"362\">                    <td class=\"file_title\"><a class=\"wpfd_downloadlink\" href=\"https:\/\/portal.pi.gov.br\/adapi\/download\/362\/leisestaduais\/3287\/lei-de-defesa-estadual-animal-5-628-de-29122006-ingles-2.pdf\" title=\"Lei de Defesa Estadual Animal 5.628 de 29122006 (ingl\u00eas)\"><span class=\"extcol\">                                <span class=\"ext ext-pdf\"><\/span>                                Lei de Defesa Estadual Animal 5.628 de 29122006 (ingl\u00eas)                            <\/span><\/a><\/td><td class=\"file_size\">157.07 KB<\/td><td class=\"file_created\">24-04-2025<\/td>                                            <td class=\"col-download\">                            <a class=\"downloadlink wpfd_downloadlink\"  href=\"https:\/\/portal.pi.gov.br\/adapi\/download\/362\/leisestaduais\/3287\/lei-de-defesa-estadual-animal-5-628-de-29122006-ingles-2.pdf\" style=\"background-color:#033b85;color:#ffffff;\">Baixar<i class=\"zmdi zmdi-cloud-download wpfd-download\"><\/i><\/a><a                            href=\"https:\/\/docs.google.com\/viewer?url=https%3A%2F%2Fportal.pi.gov.br%2Fadapi%2Fwp-admin%2Fadmin-ajax.php%3Fjuwpfisadmin%3Dfalse%26action%3Dwpfd%26task%3Dfile.download%26wpfd_category_id%3D362%26wpfd_file_id%3D3287%26token%3D%26preview%3D1&#038;embedded=true\"                            class=\"openlink wpfdlightbox wpfd_previewlink\"                            target=\"\"                            data-id=\"3287\"                            data-catid=\"362\"                            data-file-type=\"pdf\">Visualizar<i class=\"zmdi zmdi-filter-center-focus wpfd-preview\"><\/i>                        <\/a>                        <\/td>                                    <\/tr>                            <tr class=\"file\" data-id=\"3286\"                    data-catid=\"362\">                    <td class=\"file_title\"><a class=\"wpfd_downloadlink\" href=\"https:\/\/portal.pi.gov.br\/adapi\/download\/362\/leisestaduais\/3286\/lei-n8116-de-23-de-agosto-2023.pdf\" title=\"Lei n8116, de 23 de agosto 2023\"><span class=\"extcol\">                                <span class=\"ext ext-pdf\"><\/span>                                Lei n8116, de 23 de agosto 2023                            <\/span><\/a><\/td><td class=\"file_size\">174.55 KB<\/td><td class=\"file_created\">24-04-2025<\/td>                                            <td class=\"col-download\">                            <a class=\"downloadlink wpfd_downloadlink\"  href=\"https:\/\/portal.pi.gov.br\/adapi\/download\/362\/leisestaduais\/3286\/lei-n8116-de-23-de-agosto-2023.pdf\" style=\"background-color:#033b85;color:#ffffff;\">Baixar<i class=\"zmdi zmdi-cloud-download wpfd-download\"><\/i><\/a><a                            href=\"https:\/\/docs.google.com\/viewer?url=https%3A%2F%2Fportal.pi.gov.br%2Fadapi%2Fwp-admin%2Fadmin-ajax.php%3Fjuwpfisadmin%3Dfalse%26action%3Dwpfd%26task%3Dfile.download%26wpfd_category_id%3D362%26wpfd_file_id%3D3286%26token%3D%26preview%3D1&#038;embedded=true\"                            class=\"openlink wpfdlightbox wpfd_previewlink\"                            target=\"\"                            data-id=\"3286\"                            data-catid=\"362\"                            data-file-type=\"pdf\">Visualizar<i class=\"zmdi zmdi-filter-center-focus wpfd-preview\"><\/i>                        <\/a>                        <\/td>                                    <\/tr>                            <tr class=\"file\" data-id=\"3285\"                    data-catid=\"362\">                    <td class=\"file_title\"><a class=\"wpfd_downloadlink\" href=\"https:\/\/portal.pi.gov.br\/adapi\/download\/362\/leisestaduais\/3285\/lei-estadual-defesa-animal-n-5-628-de-29122006-2.pdf\" title=\"LEI ESTADUAL DEFESA ANIMAL  N 5.628 de 29122006\"><span class=\"extcol\">                                <span class=\"ext ext-pdf\"><\/span>                                LEI ESTADUAL DEFESA ANIMAL  N 5.628 de 29122006                            <\/span><\/a><\/td><td class=\"file_size\">143.93 KB<\/td><td class=\"file_created\">24-04-2025<\/td>                                            <td class=\"col-download\">                            <a class=\"downloadlink wpfd_downloadlink\"  href=\"https:\/\/portal.pi.gov.br\/adapi\/download\/362\/leisestaduais\/3285\/lei-estadual-defesa-animal-n-5-628-de-29122006-2.pdf\" style=\"background-color:#033b85;color:#ffffff;\">Baixar<i class=\"zmdi zmdi-cloud-download wpfd-download\"><\/i><\/a><a                            href=\"https:\/\/docs.google.com\/viewer?url=https%3A%2F%2Fportal.pi.gov.br%2Fadapi%2Fwp-admin%2Fadmin-ajax.php%3Fjuwpfisadmin%3Dfalse%26action%3Dwpfd%26task%3Dfile.download%26wpfd_category_id%3D362%26wpfd_file_id%3D3285%26token%3D%26preview%3D1&#038;embedded=true\"                            class=\"openlink wpfdlightbox wpfd_previewlink\"                            target=\"\"                            data-id=\"3285\"                            data-catid=\"362\"                            data-file-type=\"pdf\">Visualizar<i class=\"zmdi zmdi-filter-center-focus wpfd-preview\"><\/i>                        <\/a>                        <\/td>                                    <\/tr>                        <\/tbody>        <\/table>            <\/div><\/div><\/div>\n","protected":false},"excerpt":{"rendered":"","protected":false},"author":1798,"featured_media":0,"parent":0,"menu_order":0,"comment_status":"closed","ping_status":"closed","template":"template-fullwidth.php","meta":[],"featured_image_urls":{"full":"","thumbnail":"","medium":"","medium_large":"","large":"","sgg-420":"","sgg-540":"","sgg-780":"","1536x1536":"","2048x2048":"","homepage-slider":"","homepage-slider-small":"","page-top":"","page-small":"","loop-main":"","thumb-gallery-widget":""},"post_excerpt_stackable":"<p>T\u00edtuloTamanhoData de Publica\u00e7\u00e3oBaixar Lei estadual n\u00ba 8364-2024 Pol\u00edtica estadual de prote\u00e7\u00e3o \u00e0 Fauna silvestre a aos animais dom\u00e9sticos 166.02 KB19-01-2026 BaixarVisualizar Lei 8700-2025 Protocolo estadual de Prote\u00e7\u00e3o Animal 71.06 KB19-01-2026 BaixarVisualizar Legisla\u00e7\u00e3o do Estado do Piaui-Lei Ordin\u00e1ria N\u00ba 5.810 de 26-11-2008-Lei estadual 100.44 KB25-04-2025 BaixarVisualizar Lei N\u00ba 7.871 23_09_2022 &#8211; Fundo de Defesa Agropecu\u00e1ria-Lei estd 146.32 KB25-04-2025 BaixarVisualizar Legisla\u00e7\u00e3o do Estado do Piaui-Lei Ordin\u00e1ria N\u00ba 5.491 de 26-08-2005 215.05 KB25-04-2025 BaixarVisualizar Lei de Defesa Estadual Animal 5.628 de 29122006 (ingl\u00eas) 157.07 KB24-04-2025 BaixarVisualizar Lei n8116, de 23 de agosto 2023 174.55 KB24-04-2025 BaixarVisualizar LEI ESTADUAL DEFESA ANIMAL N 5.628 de&hellip;<\/p>\n","category_list":"","author_info":{"name":"yancarvalho","url":"https:\/\/portal.pi.gov.br\/adapi\/author\/yancarvalho\/"},"comments_num":"0 coment\u00e1rio","featured_image_urls_v2":{"full":"","thumbnail":"","medium":"","medium_large":"","large":"","sgg-420":"","sgg-540":"","sgg-780":"","1536x1536":"","2048x2048":"","homepage-slider":"","homepage-slider-small":"","page-top":"","page-small":"","loop-main":"","thumb-gallery-widget":""},"post_excerpt_stackable_v2":"<p>T\u00edtuloTamanhoData de Publica\u00e7\u00e3oBaixar Lei estadual n\u00ba 8364-2024 Pol\u00edtica estadual de prote\u00e7\u00e3o \u00e0 Fauna silvestre a aos animais dom\u00e9sticos 166.02 KB19-01-2026 BaixarVisualizar Lei 8700-2025 Protocolo estadual de Prote\u00e7\u00e3o Animal 71.06 KB19-01-2026 BaixarVisualizar Legisla\u00e7\u00e3o do Estado do Piaui-Lei Ordin\u00e1ria N\u00ba 5.810 de 26-11-2008-Lei estadual 100.44 KB25-04-2025 BaixarVisualizar Lei N\u00ba 7.871 23_09_2022 &#8211; Fundo de Defesa Agropecu\u00e1ria-Lei estd 146.32 KB25-04-2025 BaixarVisualizar Legisla\u00e7\u00e3o do Estado do Piaui-Lei Ordin\u00e1ria N\u00ba 5.491 de 26-08-2005 215.05 KB25-04-2025 BaixarVisualizar Lei de Defesa Estadual Animal 5.628 de 29122006 (ingl\u00eas) 157.07 KB24-04-2025 BaixarVisualizar Lei n8116, de 23 de agosto 2023 174.55 KB24-04-2025 BaixarVisualizar LEI ESTADUAL DEFESA ANIMAL N 5.628 de&hellip;<\/p>\n","category_list_v2":"","author_info_v2":{"name":"yancarvalho","url":"https:\/\/portal.pi.gov.br\/adapi\/author\/yancarvalho\/"},"comments_num_v2":"0 coment\u00e1rio","_links":{"self":[{"href":"https:\/\/portal.pi.gov.br\/adapi\/wp-json\/wp\/v2\/pages\/2400"}],"collection":[{"href":"https:\/\/portal.pi.gov.br\/adapi\/wp-json\/wp\/v2\/pages"}],"about":[{"href":"https:\/\/portal.pi.gov.br\/adapi\/wp-json\/wp\/v2\/types\/page"}],"author":[{"embeddable":true,"href":"https:\/\/portal.pi.gov.br\/adapi\/wp-json\/wp\/v2\/users\/1798"}],"replies":[{"embeddable":true,"href":"https:\/\/portal.pi.gov.br\/adapi\/wp-json\/wp\/v2\/comments?post=2400"}],"version-history":[{"count":4,"href":"https:\/\/portal.pi.gov.br\/adapi\/wp-json\/wp\/v2\/pages\/2400\/revisions"}],"predecessor-version":[{"id":2759,"href":"https:\/\/portal.pi.gov.br\/adapi\/wp-json\/wp\/v2\/pages\/2400\/revisions\/2759"}],"wp:attachment":[{"href":"https:\/\/portal.pi.gov.br\/adapi\/wp-json\/wp\/v2\/media?parent=2400"}],"curies":[{"name":"wp","href":"https:\/\/api.w.org\/{rel}","templated":true}]}}