{"id":2409,"date":"2025-03-17T12:16:36","date_gmt":"2025-03-17T15:16:36","guid":{"rendered":"https:\/\/portal.pi.gov.br\/adapi\/?page_id=2409"},"modified":"2025-03-18T13:58:45","modified_gmt":"2025-03-18T16:58:45","slug":"portarias","status":"publish","type":"page","link":"https:\/\/portal.pi.gov.br\/adapi\/portarias\/","title":{"rendered":"Portarias"},"content":{"rendered":"<script type=\"text\/x-handlebars-template\"        id=\"wpfd-template-table-categories-366\">    <div class=\"wpfd-categories\">{{#if category}}{{#with category}}{{#if parent}}<a class=\"catlink backcategory\" href=\"#\" data-idcat=\"{{parent}}\">                        <i class=\"zmdi zmdi-chevron-left\"><\/i><span>Voltar<\/span><\/a>{{\/if}}{{\/with}}{{\/if}}<\/div><\/script><script type=\"text\/x-handlebars-template\" id=\"wpfd-template-table-366\">    {{#if files}}    {{#each files}}    <tr class=\"file\" data-id=\"{{ID}}\" data-catid=\"{{catid}}\">    <td class=\"file_title\"><a class=\"wpfd_downloadlink\" href=\"{{linkdownload}}\" title=\"{{post_title}}\"><span class=\"extcol\">{{#if file_custom_icon}}<span class=\"icon-custom\"><img src=\"{{file_custom_icon}}\"><\/span>{{else}}<span class=\"ext ext-{{ext}}\"><\/span>{{\/if}}<\/span>{{{crop_title}}}<\/a><\/td><td class=\"file_size\">{{bytesToSize size}}<\/td><td class=\"file_created\">{{created}}<\/td>                    <td class=\"col-download\">                <a class=\"downloadlink wpfd_downloadlink\"  href=\"{{linkdownload}}\" style=\"background-color:#033b85;color:#ffffff;\">Baixar<i class=\"zmdi zmdi-cloud-download wpfd-download\"><\/i><\/a>{{#if openpdflink}}<a class=\"openlink wpfdlightbox wpfd_previewlink\" href=\"{{openpdflink}}\" target=\"\">Visualizar                            <i class=\"zmdi zmdi-filter-center-focus wpfd-preview\"><\/i>                        <\/a>{{else}}{{#if viewerlink}}<a                            href=\"{{viewerlink}}\"                            class=\"openlink wpfdlightbox wpfd_previewlink\"                            target=\"\"                            data-id=\"{{ID}}\"                            data-catid=\"{{catid}}\"                            data-file-type=\"{{ext}}\">Visualizar<i class=\"zmdi zmdi-filter-center-focus wpfd-preview\"><\/i>                        <\/a>{{\/if}}{{\/if}}            <\/td>            <\/tr>    {{\/each}}    {{\/if}}<\/script><div class=\"wpfd-content wpfd-content-table wpfd-content-multi colstyle\" data-category=\"366\"><input type=\"hidden\" id=\"current_category_366\" value=\"366\" \/>                    <input type=\"hidden\" id=\"current_category_slug_366\" value=\"portarias\" \/>                    <input type=\"hidden\" id=\"current_ordering_366\" value=\"ordering\" \/>                    <input type=\"hidden\" id=\"current_ordering_direction_366\" value=\"asc\" \/><div class=\"wpfd-container\">        <div class=\"wpfd-open-tree\"><\/div>    <div class=\"wpfd-container-table \">        <div class=\"wpfd-categories\"><\/div>        <table class=\"wpfd-table wpfd-table-bordered wpfd-table-striped mediaTable\">            <thead>            <tr>                <th class=\"essential persist file_title\">T\u00edtulo<\/th><th class=\"optional file_size\">Tamanho<\/th><th class=\"optional file_created\">Data de Publica\u00e7\u00e3o<\/th><th class=\"essential file_download\">Baixar<\/th>            <\/tr>            <\/thead>            <tbody>                            <tr class=\"file\" data-id=\"5062\"                    data-catid=\"366\">                    <td class=\"file_title\"><a class=\"wpfd_downloadlink\" href=\"https:\/\/portal.pi.gov.br\/adapi\/download\/366\/portarias\/5062\/portaria_8__2026_codigo_de_conduta_etica.pdf\" title=\"Portaria_8__2026_Codigo_de_Conduta_Etica\"><span class=\"extcol\">                                <span class=\"ext ext-pdf\"><\/span>                                Portaria_8__2026_Codigo_de_Conduta_Etica                            <\/span><\/a><\/td><td class=\"file_size\">1.37 MB<\/td><td class=\"file_created\">11-02-2026<\/td>                                            <td class=\"col-download\">                            <a class=\"downloadlink wpfd_downloadlink\"  href=\"https:\/\/portal.pi.gov.br\/adapi\/download\/366\/portarias\/5062\/portaria_8__2026_codigo_de_conduta_etica.pdf\" style=\"background-color:#033b85;color:#ffffff;\">Baixar<i class=\"zmdi zmdi-cloud-download wpfd-download\"><\/i><\/a><a                            href=\"https:\/\/docs.google.com\/viewer?url=https%3A%2F%2Fportal.pi.gov.br%2Fadapi%2Fwp-admin%2Fadmin-ajax.php%3Fjuwpfisadmin%3Dfalse%26action%3Dwpfd%26task%3Dfile.download%26wpfd_category_id%3D366%26wpfd_file_id%3D5062%26token%3D%26preview%3D1&#038;embedded=true\"                            class=\"openlink wpfdlightbox wpfd_previewlink\"                            target=\"\"                            data-id=\"5062\"                            data-catid=\"366\"                            data-file-type=\"pdf\">Visualizar<i class=\"zmdi zmdi-filter-center-focus wpfd-preview\"><\/i>                        <\/a>                        <\/td>                                    <\/tr>                            <tr class=\"file\" data-id=\"5073\"                    data-catid=\"366\">                    <td class=\"file_title\"><a class=\"wpfd_downloadlink\" href=\"https:\/\/portal.pi.gov.br\/adapi\/download\/366\/portarias\/5073\/portaria-no-36-2025-vazio-sanitario-bicudo-algodao.pdf\" title=\"Portaria n\u00ba 36 2025 vazio sanit\u00e1rio bicudo algod\u00e3o\"><span class=\"extcol\">                                <span class=\"ext ext-pdf\"><\/span>                                Portaria n\u00ba 36 2025 vazio sanit\u00e1rio bicudo algod\u00e3o                            <\/span><\/a><\/td><td class=\"file_size\">1.37 MB<\/td><td class=\"file_created\">13-02-2026<\/td>                                            <td class=\"col-download\">                            <a class=\"downloadlink wpfd_downloadlink\"  href=\"https:\/\/portal.pi.gov.br\/adapi\/download\/366\/portarias\/5073\/portaria-no-36-2025-vazio-sanitario-bicudo-algodao.pdf\" style=\"background-color:#033b85;color:#ffffff;\">Baixar<i class=\"zmdi zmdi-cloud-download wpfd-download\"><\/i><\/a><a                            href=\"https:\/\/docs.google.com\/viewer?url=https%3A%2F%2Fportal.pi.gov.br%2Fadapi%2Fwp-admin%2Fadmin-ajax.php%3Fjuwpfisadmin%3Dfalse%26action%3Dwpfd%26task%3Dfile.download%26wpfd_category_id%3D366%26wpfd_file_id%3D5073%26token%3D%26preview%3D1&#038;embedded=true\"                            class=\"openlink wpfdlightbox wpfd_previewlink\"                            target=\"\"                            data-id=\"5073\"                            data-catid=\"366\"                            data-file-type=\"pdf\">Visualizar<i class=\"zmdi zmdi-filter-center-focus wpfd-preview\"><\/i>                        <\/a>                        <\/td>                                    <\/tr>                            <tr class=\"file\" data-id=\"3055\"                    data-catid=\"366\">                    <td class=\"file_title\"><a class=\"wpfd_downloadlink\" href=\"https:\/\/portal.pi.gov.br\/adapi\/download\/366\/portarias\/3055\/portaria-no-116-de-06-de-outubro-de-2023.pdf\" title=\"Portaria N\u00ba 116, de 06 de outubro de 2023\"><span class=\"extcol\">                                <span class=\"ext ext-pdf\"><\/span>                                Portaria N\u00ba 116, de 06 de outubro de 2023                            <\/span><\/a><\/td><td class=\"file_size\">173.52 KB<\/td><td class=\"file_created\">23-04-2025<\/td>                                            <td class=\"col-download\">                            <a class=\"downloadlink wpfd_downloadlink\"  href=\"https:\/\/portal.pi.gov.br\/adapi\/download\/366\/portarias\/3055\/portaria-no-116-de-06-de-outubro-de-2023.pdf\" style=\"background-color:#033b85;color:#ffffff;\">Baixar<i class=\"zmdi zmdi-cloud-download wpfd-download\"><\/i><\/a><a                            href=\"https:\/\/docs.google.com\/viewer?url=https%3A%2F%2Fportal.pi.gov.br%2Fadapi%2Fwp-admin%2Fadmin-ajax.php%3Fjuwpfisadmin%3Dfalse%26action%3Dwpfd%26task%3Dfile.download%26wpfd_category_id%3D366%26wpfd_file_id%3D3055%26token%3D%26preview%3D1&#038;embedded=true\"                            class=\"openlink wpfdlightbox wpfd_previewlink\"                            target=\"\"                            data-id=\"3055\"                            data-catid=\"366\"                            data-file-type=\"pdf\">Visualizar<i class=\"zmdi zmdi-filter-center-focus wpfd-preview\"><\/i>                        <\/a>                        <\/td>                                    <\/tr>                            <tr class=\"file\" data-id=\"3054\"                    data-catid=\"366\">                    <td class=\"file_title\"><a class=\"wpfd_downloadlink\" href=\"https:\/\/portal.pi.gov.br\/adapi\/download\/366\/portarias\/3054\/portaria-028-2018-de-03-de-abril-de-2018.pdf\" title=\"Portaria 028-2018 de 03 de abril de 2018\"><span class=\"extcol\">                                <span class=\"ext ext-pdf\"><\/span>                                Portaria 028-2018 de 03 de abril de 2018                            <\/span><\/a><\/td><td class=\"file_size\">92.51 KB<\/td><td class=\"file_created\">23-04-2025<\/td>                                            <td class=\"col-download\">                            <a class=\"downloadlink wpfd_downloadlink\"  href=\"https:\/\/portal.pi.gov.br\/adapi\/download\/366\/portarias\/3054\/portaria-028-2018-de-03-de-abril-de-2018.pdf\" style=\"background-color:#033b85;color:#ffffff;\">Baixar<i class=\"zmdi zmdi-cloud-download wpfd-download\"><\/i><\/a><a                            href=\"https:\/\/docs.google.com\/viewer?url=https%3A%2F%2Fportal.pi.gov.br%2Fadapi%2Fwp-admin%2Fadmin-ajax.php%3Fjuwpfisadmin%3Dfalse%26action%3Dwpfd%26task%3Dfile.download%26wpfd_category_id%3D366%26wpfd_file_id%3D3054%26token%3D%26preview%3D1&#038;embedded=true\"                            class=\"openlink wpfdlightbox wpfd_previewlink\"                            target=\"\"                            data-id=\"3054\"                            data-catid=\"366\"                            data-file-type=\"pdf\">Visualizar<i class=\"zmdi zmdi-filter-center-focus wpfd-preview\"><\/i>                        <\/a>                        <\/td>                                    <\/tr>                            <tr class=\"file\" data-id=\"3053\"                    data-catid=\"366\">                    <td class=\"file_title\"><a class=\"wpfd_downloadlink\" href=\"https:\/\/portal.pi.gov.br\/adapi\/download\/366\/portarias\/3053\/portaria-no-87-de-31-de-julho-de-2023-dg-adapi.pdf\" title=\"Portaria N\u00ba 87, de 31 de julho de 2023 \u2013 DG ADAPI\"><span class=\"extcol\">                                <span class=\"ext ext-pdf\"><\/span>                                Portaria N\u00ba 87, de 31 de julho de 2023 \u2013 DG ADAPI                            <\/span><\/a><\/td><td class=\"file_size\">142.55 KB<\/td><td class=\"file_created\">23-04-2025<\/td>                                            <td class=\"col-download\">                            <a class=\"downloadlink wpfd_downloadlink\"  href=\"https:\/\/portal.pi.gov.br\/adapi\/download\/366\/portarias\/3053\/portaria-no-87-de-31-de-julho-de-2023-dg-adapi.pdf\" style=\"background-color:#033b85;color:#ffffff;\">Baixar<i class=\"zmdi zmdi-cloud-download wpfd-download\"><\/i><\/a><a                            href=\"https:\/\/docs.google.com\/viewer?url=https%3A%2F%2Fportal.pi.gov.br%2Fadapi%2Fwp-admin%2Fadmin-ajax.php%3Fjuwpfisadmin%3Dfalse%26action%3Dwpfd%26task%3Dfile.download%26wpfd_category_id%3D366%26wpfd_file_id%3D3053%26token%3D%26preview%3D1&#038;embedded=true\"                            class=\"openlink wpfdlightbox wpfd_previewlink\"                            target=\"\"                            data-id=\"3053\"                            data-catid=\"366\"                            data-file-type=\"pdf\">Visualizar<i class=\"zmdi zmdi-filter-center-focus wpfd-preview\"><\/i>                        <\/a>                        <\/td>                                    <\/tr>                            <tr class=\"file\" data-id=\"3052\"                    data-catid=\"366\">                    <td class=\"file_title\"><a class=\"wpfd_downloadlink\" href=\"https:\/\/portal.pi.gov.br\/adapi\/download\/366\/portarias\/3052\/portaria-no-52-201-072-2022-dg-adapi-de-29-de-setembro-de-2022.pdf\" title=\"PORTARIA N\u00ba 52.201 \u2013 072 2022 \u2013 DG ADAPI, DE 29 DE SETEMBRO DE 2022.\"><span class=\"extcol\">                                <span class=\"ext ext-pdf\"><\/span>                                PORTARIA N\u00ba 52.201 \u2013 072 2022 \u2013 DG ADAPI, DE 29 DE SETEMBRO DE 2022.                            <\/span><\/a><\/td><td class=\"file_size\">137.13 KB<\/td><td class=\"file_created\">23-04-2025<\/td>                                            <td class=\"col-download\">                            <a class=\"downloadlink wpfd_downloadlink\"  href=\"https:\/\/portal.pi.gov.br\/adapi\/download\/366\/portarias\/3052\/portaria-no-52-201-072-2022-dg-adapi-de-29-de-setembro-de-2022.pdf\" style=\"background-color:#033b85;color:#ffffff;\">Baixar<i class=\"zmdi zmdi-cloud-download wpfd-download\"><\/i><\/a><a                            href=\"https:\/\/docs.google.com\/viewer?url=https%3A%2F%2Fportal.pi.gov.br%2Fadapi%2Fwp-admin%2Fadmin-ajax.php%3Fjuwpfisadmin%3Dfalse%26action%3Dwpfd%26task%3Dfile.download%26wpfd_category_id%3D366%26wpfd_file_id%3D3052%26token%3D%26preview%3D1&#038;embedded=true\"                            class=\"openlink wpfdlightbox wpfd_previewlink\"                            target=\"\"                            data-id=\"3052\"                            data-catid=\"366\"                            data-file-type=\"pdf\">Visualizar<i class=\"zmdi zmdi-filter-center-focus wpfd-preview\"><\/i>                        <\/a>                        <\/td>                                    <\/tr>                            <tr class=\"file\" data-id=\"3056\"                    data-catid=\"366\">                    <td class=\"file_title\"><a class=\"wpfd_downloadlink\" href=\"https:\/\/portal.pi.gov.br\/adapi\/download\/366\/portarias\/3056\/portaria-520-201-42-de-19-03-2020.pdf\" title=\"Portaria 520.201-42 de 19-03-2020\"><span class=\"extcol\">                                <span class=\"ext ext-pdf\"><\/span>                                Portaria 520.201-42 de 19-03-2020                            <\/span><\/a><\/td><td class=\"file_size\">260.99 KB<\/td><td class=\"file_created\">23-04-2025<\/td>                                            <td class=\"col-download\">                            <a class=\"downloadlink wpfd_downloadlink\"  href=\"https:\/\/portal.pi.gov.br\/adapi\/download\/366\/portarias\/3056\/portaria-520-201-42-de-19-03-2020.pdf\" style=\"background-color:#033b85;color:#ffffff;\">Baixar<i class=\"zmdi zmdi-cloud-download wpfd-download\"><\/i><\/a><a                            href=\"https:\/\/docs.google.com\/viewer?url=https%3A%2F%2Fportal.pi.gov.br%2Fadapi%2Fwp-admin%2Fadmin-ajax.php%3Fjuwpfisadmin%3Dfalse%26action%3Dwpfd%26task%3Dfile.download%26wpfd_category_id%3D366%26wpfd_file_id%3D3056%26token%3D%26preview%3D1&#038;embedded=true\"                            class=\"openlink wpfdlightbox wpfd_previewlink\"                            target=\"\"                            data-id=\"3056\"                            data-catid=\"366\"                            data-file-type=\"pdf\">Visualizar<i class=\"zmdi zmdi-filter-center-focus wpfd-preview\"><\/i>                        <\/a>                        <\/td>                                    <\/tr>                            <tr class=\"file\" data-id=\"3059\"                    data-catid=\"366\">                    <td class=\"file_title\"><a class=\"wpfd_downloadlink\" href=\"https:\/\/portal.pi.gov.br\/adapi\/download\/366\/portarias\/3059\/portaria-no-52-201-038-2022-dg-adapi-de-06-de-abril-de-2022.pdf\" title=\"PORTARIA N\u00ba 52.201 \u2013 038 2022 \u2013 DG ADAPI, DE 06 DE ABRIL DE 2022\"><span class=\"extcol\">                                <span class=\"ext ext-pdf\"><\/span>                                PORTARIA N\u00ba 52.201 \u2013 038 2022 \u2013 DG ADAPI, DE 06 DE ABRIL DE 2022                            <\/span><\/a><\/td><td class=\"file_size\">291.85 KB<\/td><td class=\"file_created\">23-04-2025<\/td>                                            <td class=\"col-download\">                            <a class=\"downloadlink wpfd_downloadlink\"  href=\"https:\/\/portal.pi.gov.br\/adapi\/download\/366\/portarias\/3059\/portaria-no-52-201-038-2022-dg-adapi-de-06-de-abril-de-2022.pdf\" style=\"background-color:#033b85;color:#ffffff;\">Baixar<i class=\"zmdi zmdi-cloud-download wpfd-download\"><\/i><\/a><a                            href=\"https:\/\/docs.google.com\/viewer?url=https%3A%2F%2Fportal.pi.gov.br%2Fadapi%2Fwp-admin%2Fadmin-ajax.php%3Fjuwpfisadmin%3Dfalse%26action%3Dwpfd%26task%3Dfile.download%26wpfd_category_id%3D366%26wpfd_file_id%3D3059%26token%3D%26preview%3D1&#038;embedded=true\"                            class=\"openlink wpfdlightbox wpfd_previewlink\"                            target=\"\"                            data-id=\"3059\"                            data-catid=\"366\"                            data-file-type=\"pdf\">Visualizar<i class=\"zmdi zmdi-filter-center-focus wpfd-preview\"><\/i>                        <\/a>                        <\/td>                                    <\/tr>                            <tr class=\"file\" data-id=\"3058\"                    data-catid=\"366\">                    <td class=\"file_title\"><a class=\"wpfd_downloadlink\" href=\"https:\/\/portal.pi.gov.br\/adapi\/download\/366\/portarias\/3058\/portaria-no-150-2009-dg-adapi-09-de-novembro-de-2009.pdf\" title=\"PORTARIA N\u00ba 150 2009 - DG ADAPI, 09 DE NOVEMBRO DE 2009\"><span class=\"extcol\">                                <span class=\"ext ext-pdf\"><\/span>                                PORTARIA N\u00ba 150 2009 - DG ADAPI, 09 DE NOVEMBRO DE 2009                            <\/span><\/a><\/td><td class=\"file_size\">356.75 KB<\/td><td class=\"file_created\">23-04-2025<\/td>                                            <td class=\"col-download\">                            <a class=\"downloadlink wpfd_downloadlink\"  href=\"https:\/\/portal.pi.gov.br\/adapi\/download\/366\/portarias\/3058\/portaria-no-150-2009-dg-adapi-09-de-novembro-de-2009.pdf\" style=\"background-color:#033b85;color:#ffffff;\">Baixar<i class=\"zmdi zmdi-cloud-download wpfd-download\"><\/i><\/a><a                            href=\"https:\/\/docs.google.com\/viewer?url=https%3A%2F%2Fportal.pi.gov.br%2Fadapi%2Fwp-admin%2Fadmin-ajax.php%3Fjuwpfisadmin%3Dfalse%26action%3Dwpfd%26task%3Dfile.download%26wpfd_category_id%3D366%26wpfd_file_id%3D3058%26token%3D%26preview%3D1&#038;embedded=true\"                            class=\"openlink wpfdlightbox wpfd_previewlink\"                            target=\"\"                            data-id=\"3058\"                            data-catid=\"366\"                            data-file-type=\"pdf\">Visualizar<i class=\"zmdi zmdi-filter-center-focus wpfd-preview\"><\/i>                        <\/a>                        <\/td>                                    <\/tr>                            <tr class=\"file\" data-id=\"3057\"                    data-catid=\"366\">                    <td class=\"file_title\"><a class=\"wpfd_downloadlink\" href=\"https:\/\/portal.pi.gov.br\/adapi\/download\/366\/portarias\/3057\/portaria-15-204-109-2016-dg-adapi-de-8-de-setembro-de-20216.pdf\" title=\"PORTARIA 15.204 - 109 2016 - DG ADAPI, DE 8 DE SETEMBRO DE 20216\"><span class=\"extcol\">                                <span class=\"ext ext-pdf\"><\/span>                                PORTARIA 15.204 - 109 2016 - DG ADAPI, DE 8 DE SETEMBRO DE 20216                            <\/span><\/a><\/td><td class=\"file_size\">295.75 KB<\/td><td class=\"file_created\">23-04-2025<\/td>                                            <td class=\"col-download\">                            <a class=\"downloadlink wpfd_downloadlink\"  href=\"https:\/\/portal.pi.gov.br\/adapi\/download\/366\/portarias\/3057\/portaria-15-204-109-2016-dg-adapi-de-8-de-setembro-de-20216.pdf\" style=\"background-color:#033b85;color:#ffffff;\">Baixar<i class=\"zmdi zmdi-cloud-download wpfd-download\"><\/i><\/a><a                            href=\"https:\/\/docs.google.com\/viewer?url=https%3A%2F%2Fportal.pi.gov.br%2Fadapi%2Fwp-admin%2Fadmin-ajax.php%3Fjuwpfisadmin%3Dfalse%26action%3Dwpfd%26task%3Dfile.download%26wpfd_category_id%3D366%26wpfd_file_id%3D3057%26token%3D%26preview%3D1&#038;embedded=true\"                            class=\"openlink wpfdlightbox wpfd_previewlink\"                            target=\"\"                            data-id=\"3057\"                            data-catid=\"366\"                            data-file-type=\"pdf\">Visualizar<i class=\"zmdi zmdi-filter-center-focus wpfd-preview\"><\/i>                        <\/a>                        <\/td>                                    <\/tr>                        <\/tbody>        <\/table>            <\/div><\/div><\/div><div class='wpfd-pagination'>\n\t<span class='page-numbers current'>1<\/span>\n<a class='page-numbers' data-page='2' data-sourcecat='366'>2<\/a>\n<a class='page-numbers' data-page='3' data-sourcecat='366'>3<\/a>\n<a class='next page-numbers' data-page='2' data-sourcecat='366'>Pr\u00f3ximo &raquo;<\/a>\n<\/div>\n\n","protected":false},"excerpt":{"rendered":"","protected":false},"author":1798,"featured_media":0,"parent":0,"menu_order":0,"comment_status":"closed","ping_status":"closed","template":"template-fullwidth.php","meta":[],"featured_image_urls":{"full":"","thumbnail":"","medium":"","medium_large":"","large":"","sgg-420":"","sgg-540":"","sgg-780":"","1536x1536":"","2048x2048":"","homepage-slider":"","homepage-slider-small":"","page-top":"","page-small":"","loop-main":"","thumb-gallery-widget":""},"post_excerpt_stackable":"<p>T\u00edtuloTamanhoData de Publica\u00e7\u00e3oBaixar Portaria_8__2026_Codigo_de_Conduta_Etica 1.37 MB11-02-2026 BaixarVisualizar Portaria n\u00ba 36 2025 vazio sanit\u00e1rio bicudo algod\u00e3o 1.37 MB13-02-2026 BaixarVisualizar Portaria N\u00ba 116, de 06 de outubro de 2023 173.52 KB23-04-2025 BaixarVisualizar Portaria 028-2018 de 03 de abril de 2018 92.51 KB23-04-2025 BaixarVisualizar Portaria N\u00ba 87, de 31 de julho de 2023 \u2013 DG ADAPI 142.55 KB23-04-2025 BaixarVisualizar PORTARIA N\u00ba 52.201 \u2013 072 2022 \u2013 DG ADAPI, DE 29 DE SETEMBRO DE 2022. 137.13 KB23-04-2025 BaixarVisualizar Portaria 520.201-42 de 19-03-2020 260.99 KB23-04-2025 BaixarVisualizar PORTARIA N\u00ba 52.201 \u2013 038 2022 \u2013 DG ADAPI, DE 06 DE ABRIL DE 2022 291.85 KB23-04-2025 BaixarVisualizar PORTARIA&hellip;<\/p>\n","category_list":"","author_info":{"name":"yancarvalho","url":"https:\/\/portal.pi.gov.br\/adapi\/author\/yancarvalho\/"},"comments_num":"0 coment\u00e1rio","featured_image_urls_v2":{"full":"","thumbnail":"","medium":"","medium_large":"","large":"","sgg-420":"","sgg-540":"","sgg-780":"","1536x1536":"","2048x2048":"","homepage-slider":"","homepage-slider-small":"","page-top":"","page-small":"","loop-main":"","thumb-gallery-widget":""},"post_excerpt_stackable_v2":"<p>T\u00edtuloTamanhoData de Publica\u00e7\u00e3oBaixar Portaria_8__2026_Codigo_de_Conduta_Etica 1.37 MB11-02-2026 BaixarVisualizar Portaria n\u00ba 36 2025 vazio sanit\u00e1rio bicudo algod\u00e3o 1.37 MB13-02-2026 BaixarVisualizar Portaria N\u00ba 116, de 06 de outubro de 2023 173.52 KB23-04-2025 BaixarVisualizar Portaria 028-2018 de 03 de abril de 2018 92.51 KB23-04-2025 BaixarVisualizar Portaria N\u00ba 87, de 31 de julho de 2023 \u2013 DG ADAPI 142.55 KB23-04-2025 BaixarVisualizar PORTARIA N\u00ba 52.201 \u2013 072 2022 \u2013 DG ADAPI, DE 29 DE SETEMBRO DE 2022. 137.13 KB23-04-2025 BaixarVisualizar Portaria 520.201-42 de 19-03-2020 260.99 KB23-04-2025 BaixarVisualizar PORTARIA N\u00ba 52.201 \u2013 038 2022 \u2013 DG ADAPI, DE 06 DE ABRIL DE 2022 291.85 KB23-04-2025 BaixarVisualizar PORTARIA&hellip;<\/p>\n","category_list_v2":"","author_info_v2":{"name":"yancarvalho","url":"https:\/\/portal.pi.gov.br\/adapi\/author\/yancarvalho\/"},"comments_num_v2":"0 coment\u00e1rio","_links":{"self":[{"href":"https:\/\/portal.pi.gov.br\/adapi\/wp-json\/wp\/v2\/pages\/2409"}],"collection":[{"href":"https:\/\/portal.pi.gov.br\/adapi\/wp-json\/wp\/v2\/pages"}],"about":[{"href":"https:\/\/portal.pi.gov.br\/adapi\/wp-json\/wp\/v2\/types\/page"}],"author":[{"embeddable":true,"href":"https:\/\/portal.pi.gov.br\/adapi\/wp-json\/wp\/v2\/users\/1798"}],"replies":[{"embeddable":true,"href":"https:\/\/portal.pi.gov.br\/adapi\/wp-json\/wp\/v2\/comments?post=2409"}],"version-history":[{"count":2,"href":"https:\/\/portal.pi.gov.br\/adapi\/wp-json\/wp\/v2\/pages\/2409\/revisions"}],"predecessor-version":[{"id":2729,"href":"https:\/\/portal.pi.gov.br\/adapi\/wp-json\/wp\/v2\/pages\/2409\/revisions\/2729"}],"wp:attachment":[{"href":"https:\/\/portal.pi.gov.br\/adapi\/wp-json\/wp\/v2\/media?parent=2409"}],"curies":[{"name":"wp","href":"https:\/\/api.w.org\/{rel}","templated":true}]}}