{"id":2442,"date":"2025-03-17T12:52:49","date_gmt":"2025-03-17T15:52:49","guid":{"rendered":"https:\/\/portal.pi.gov.br\/adapi\/?page_id=2442"},"modified":"2025-03-18T13:59:54","modified_gmt":"2025-03-18T16:59:54","slug":"legislacao-3","status":"publish","type":"page","link":"https:\/\/portal.pi.gov.br\/adapi\/legislacao-3\/","title":{"rendered":"Legisla\u00e7\u00e3o"},"content":{"rendered":"<script type=\"text\/x-handlebars-template\"        id=\"wpfd-template-table-categories-321\">    <div class=\"wpfd-categories\">{{#if category}}{{#with category}}{{#if parent}}<a class=\"catlink backcategory\" href=\"#\" data-idcat=\"{{parent}}\">                        <i class=\"zmdi zmdi-chevron-left\"><\/i><span>Voltar<\/span><\/a>{{\/if}}{{\/with}}{{\/if}}<\/div><\/script><script type=\"text\/x-handlebars-template\" id=\"wpfd-template-table-321\">    {{#if files}}    {{#each files}}    <tr class=\"file\" data-id=\"{{ID}}\" data-catid=\"{{catid}}\">    <td class=\"file_title\"><a class=\"wpfd_downloadlink\" href=\"{{linkdownload}}\" title=\"{{post_title}}\"><span class=\"extcol\">{{#if file_custom_icon}}<span class=\"icon-custom\"><img src=\"{{file_custom_icon}}\"><\/span>{{else}}<span class=\"ext ext-{{ext}}\"><\/span>{{\/if}}<\/span>{{{crop_title}}}<\/a><\/td><td class=\"file_size\">{{bytesToSize size}}<\/td><td class=\"file_created\">{{created}}<\/td>                    <td class=\"col-download\">                <a class=\"downloadlink wpfd_downloadlink\"  href=\"{{linkdownload}}\" style=\"background-color:#033b85;color:#ffffff;\">Baixar<i class=\"zmdi zmdi-cloud-download wpfd-download\"><\/i><\/a>{{#if openpdflink}}<a class=\"openlink wpfdlightbox wpfd_previewlink\" href=\"{{openpdflink}}\" target=\"\">Visualizar                            <i class=\"zmdi zmdi-filter-center-focus wpfd-preview\"><\/i>                        <\/a>{{else}}{{#if viewerlink}}<a                            href=\"{{viewerlink}}\"                            class=\"openlink wpfdlightbox wpfd_previewlink\"                            target=\"\"                            data-id=\"{{ID}}\"                            data-catid=\"{{catid}}\"                            data-file-type=\"{{ext}}\">Visualizar<i class=\"zmdi zmdi-filter-center-focus wpfd-preview\"><\/i>                        <\/a>{{\/if}}{{\/if}}            <\/td>            <\/tr>    {{\/each}}    {{\/if}}<\/script><div class=\"wpfd-content wpfd-content-table wpfd-content-multi colstyle\" data-category=\"321\"><input type=\"hidden\" id=\"current_category_321\" value=\"321\" \/>                    <input type=\"hidden\" id=\"current_category_slug_321\" value=\"aftosa-legislacao\" \/>                    <input type=\"hidden\" id=\"current_ordering_321\" value=\"title\" \/>                    <input type=\"hidden\" id=\"current_ordering_direction_321\" value=\"desc\" \/><div class=\"wpfd-container\">        <div class=\"wpfd-open-tree\"><\/div>    <div class=\"wpfd-container-table \">        <div class=\"wpfd-categories\"><\/div>        <table class=\"wpfd-table wpfd-table-bordered wpfd-table-striped mediaTable\">            <thead>            <tr>                <th class=\"essential persist file_title\">T\u00edtulo<\/th><th class=\"optional file_size\">Tamanho<\/th><th class=\"optional file_created\">Data de Publica\u00e7\u00e3o<\/th><th class=\"essential file_download\">Baixar<\/th>            <\/tr>            <\/thead>            <tbody>                            <tr class=\"file\" data-id=\"3093\"                    data-catid=\"321\">                    <td class=\"file_title\"><a class=\"wpfd_downloadlink\" href=\"https:\/\/portal.pi.gov.br\/adapi\/download\/321\/aftosa-legislacao\/3093\/treinamento-enagro-febre-aftosa.pdf\" title=\"Treinamento Enagro Febre Aftosa\"><span class=\"extcol\">                                <span class=\"ext ext-pdf\"><\/span>                                Treinamento Enagro Febre Aftosa                            <\/span><\/a><\/td><td class=\"file_size\">7.35 MB<\/td><td class=\"file_created\">23-04-2025<\/td>                                            <td class=\"col-download\">                            <a class=\"downloadlink wpfd_downloadlink\"  href=\"https:\/\/portal.pi.gov.br\/adapi\/download\/321\/aftosa-legislacao\/3093\/treinamento-enagro-febre-aftosa.pdf\" style=\"background-color:#033b85;color:#ffffff;\">Baixar<i class=\"zmdi zmdi-cloud-download wpfd-download\"><\/i><\/a><a                            href=\"https:\/\/docs.google.com\/viewer?url=https%3A%2F%2Fportal.pi.gov.br%2Fadapi%2Fwp-admin%2Fadmin-ajax.php%3Fjuwpfisadmin%3Dfalse%26action%3Dwpfd%26task%3Dfile.download%26wpfd_category_id%3D321%26wpfd_file_id%3D3093%26token%3D%26preview%3D1&#038;embedded=true\"                            class=\"openlink wpfdlightbox wpfd_previewlink\"                            target=\"\"                            data-id=\"3093\"                            data-catid=\"321\"                            data-file-type=\"pdf\">Visualizar<i class=\"zmdi zmdi-filter-center-focus wpfd-preview\"><\/i>                        <\/a>                        <\/td>                                    <\/tr>                            <tr class=\"file\" data-id=\"3069\"                    data-catid=\"321\">                    <td class=\"file_title\"><a class=\"wpfd_downloadlink\" href=\"https:\/\/portal.pi.gov.br\/adapi\/download\/321\/aftosa-legislacao\/3069\/portaria-no-116-de-06-de-outubro-de-2023-2.pdf\" title=\"Portaria n\u00ba 116, de 06 de outubro de 2023\"><span class=\"extcol\">                                <span class=\"ext ext-pdf\"><\/span>                                Portaria n\u00ba 116, de 06 de outubro de 2023                            <\/span><\/a><\/td><td class=\"file_size\">173.52 KB<\/td><td class=\"file_created\">23-04-2025<\/td>                                            <td class=\"col-download\">                            <a class=\"downloadlink wpfd_downloadlink\"  href=\"https:\/\/portal.pi.gov.br\/adapi\/download\/321\/aftosa-legislacao\/3069\/portaria-no-116-de-06-de-outubro-de-2023-2.pdf\" style=\"background-color:#033b85;color:#ffffff;\">Baixar<i class=\"zmdi zmdi-cloud-download wpfd-download\"><\/i><\/a><a                            href=\"https:\/\/docs.google.com\/viewer?url=https%3A%2F%2Fportal.pi.gov.br%2Fadapi%2Fwp-admin%2Fadmin-ajax.php%3Fjuwpfisadmin%3Dfalse%26action%3Dwpfd%26task%3Dfile.download%26wpfd_category_id%3D321%26wpfd_file_id%3D3069%26token%3D%26preview%3D1&#038;embedded=true\"                            class=\"openlink wpfdlightbox wpfd_previewlink\"                            target=\"\"                            data-id=\"3069\"                            data-catid=\"321\"                            data-file-type=\"pdf\">Visualizar<i class=\"zmdi zmdi-filter-center-focus wpfd-preview\"><\/i>                        <\/a>                        <\/td>                                    <\/tr>                            <tr class=\"file\" data-id=\"3092\"                    data-catid=\"321\">                    <td class=\"file_title\"><a class=\"wpfd_downloadlink\" href=\"https:\/\/portal.pi.gov.br\/adapi\/download\/321\/aftosa-legislacao\/3092\/portaria-no-52-201-10-diretrizes-do-peefa.pdf\" title=\"Portaria n\u00ba 52.201-10 Diretrizes do PEEFA\"><span class=\"extcol\">                                <span class=\"ext ext-pdf\"><\/span>                                Portaria n\u00ba 52.201-10 Diretrizes do PEEFA                            <\/span><\/a><\/td><td class=\"file_size\">4.53 MB<\/td><td class=\"file_created\">23-04-2025<\/td>                                            <td class=\"col-download\">                            <a class=\"downloadlink wpfd_downloadlink\"  href=\"https:\/\/portal.pi.gov.br\/adapi\/download\/321\/aftosa-legislacao\/3092\/portaria-no-52-201-10-diretrizes-do-peefa.pdf\" style=\"background-color:#033b85;color:#ffffff;\">Baixar<i class=\"zmdi zmdi-cloud-download wpfd-download\"><\/i><\/a><a                            href=\"https:\/\/docs.google.com\/viewer?url=https%3A%2F%2Fportal.pi.gov.br%2Fadapi%2Fwp-admin%2Fadmin-ajax.php%3Fjuwpfisadmin%3Dfalse%26action%3Dwpfd%26task%3Dfile.download%26wpfd_category_id%3D321%26wpfd_file_id%3D3092%26token%3D%26preview%3D1&#038;embedded=true\"                            class=\"openlink wpfdlightbox wpfd_previewlink\"                            target=\"\"                            data-id=\"3092\"                            data-catid=\"321\"                            data-file-type=\"pdf\">Visualizar<i class=\"zmdi zmdi-filter-center-focus wpfd-preview\"><\/i>                        <\/a>                        <\/td>                                    <\/tr>                            <tr class=\"file\" data-id=\"3070\"                    data-catid=\"321\">                    <td class=\"file_title\"><a class=\"wpfd_downloadlink\" href=\"https:\/\/portal.pi.gov.br\/adapi\/download\/321\/aftosa-legislacao\/3070\/portaria-no-52-201-072-2022-dg-adapi-de-29-de-setembro-de-2022-2.pdf\" title=\"Portaria n\u00ba 52.201 \u2013 072-2022 \u2013 DG Adapi, de 29 de setembro de 2022\"><span class=\"extcol\">                                <span class=\"ext ext-pdf\"><\/span>                                Portaria n\u00ba 52.201 \u2013 072-2022 \u2013 DG Adapi, de 29 de setembro de 2022                            <\/span><\/a><\/td><td class=\"file_size\">137.13 KB<\/td><td class=\"file_created\">23-04-2025<\/td>                                            <td class=\"col-download\">                            <a class=\"downloadlink wpfd_downloadlink\"  href=\"https:\/\/portal.pi.gov.br\/adapi\/download\/321\/aftosa-legislacao\/3070\/portaria-no-52-201-072-2022-dg-adapi-de-29-de-setembro-de-2022-2.pdf\" style=\"background-color:#033b85;color:#ffffff;\">Baixar<i class=\"zmdi zmdi-cloud-download wpfd-download\"><\/i><\/a><a                            href=\"https:\/\/docs.google.com\/viewer?url=https%3A%2F%2Fportal.pi.gov.br%2Fadapi%2Fwp-admin%2Fadmin-ajax.php%3Fjuwpfisadmin%3Dfalse%26action%3Dwpfd%26task%3Dfile.download%26wpfd_category_id%3D321%26wpfd_file_id%3D3070%26token%3D%26preview%3D1&#038;embedded=true\"                            class=\"openlink wpfdlightbox wpfd_previewlink\"                            target=\"\"                            data-id=\"3070\"                            data-catid=\"321\"                            data-file-type=\"pdf\">Visualizar<i class=\"zmdi zmdi-filter-center-focus wpfd-preview\"><\/i>                        <\/a>                        <\/td>                                    <\/tr>                            <tr class=\"file\" data-id=\"3084\"                    data-catid=\"321\">                    <td class=\"file_title\"><a class=\"wpfd_downloadlink\" href=\"https:\/\/portal.pi.gov.br\/adapi\/download\/321\/aftosa-legislacao\/3084\/portaria-no-52-201-047-2021-dg-adapi-de-15-de-junho-de-2021-2.pdf\" title=\"Portaria n\u00ba 52.201 \u2013 047-2021 \u2013 DG Adapi, de 15 de junho de 2021\"><span class=\"extcol\">                                <span class=\"ext ext-pdf\"><\/span>                                Portaria n\u00ba 52.201 \u2013 047-2021 \u2013 DG Adapi, de 15 de junho de 2021                            <\/span><\/a><\/td><td class=\"file_size\">1.03 MB<\/td><td class=\"file_created\">23-04-2025<\/td>                                            <td class=\"col-download\">                            <a class=\"downloadlink wpfd_downloadlink\"  href=\"https:\/\/portal.pi.gov.br\/adapi\/download\/321\/aftosa-legislacao\/3084\/portaria-no-52-201-047-2021-dg-adapi-de-15-de-junho-de-2021-2.pdf\" style=\"background-color:#033b85;color:#ffffff;\">Baixar<i class=\"zmdi zmdi-cloud-download wpfd-download\"><\/i><\/a><a                            href=\"https:\/\/docs.google.com\/viewer?url=https%3A%2F%2Fportal.pi.gov.br%2Fadapi%2Fwp-admin%2Fadmin-ajax.php%3Fjuwpfisadmin%3Dfalse%26action%3Dwpfd%26task%3Dfile.download%26wpfd_category_id%3D321%26wpfd_file_id%3D3084%26token%3D%26preview%3D1&#038;embedded=true\"                            class=\"openlink wpfdlightbox wpfd_previewlink\"                            target=\"\"                            data-id=\"3084\"                            data-catid=\"321\"                            data-file-type=\"pdf\">Visualizar<i class=\"zmdi zmdi-filter-center-focus wpfd-preview\"><\/i>                        <\/a>                        <\/td>                                    <\/tr>                            <tr class=\"file\" data-id=\"3074\"                    data-catid=\"321\">                    <td class=\"file_title\"><a class=\"wpfd_downloadlink\" href=\"https:\/\/portal.pi.gov.br\/adapi\/download\/321\/aftosa-legislacao\/3074\/portaria-no-52-201-038-2022-dg-adapi-de-06-de-abril-de-2022-2.pdf\" title=\"Portaria n\u00ba 52.201 \u2013 038-2022 \u2013 DG Adapi, de 06 de abril de 2022\"><span class=\"extcol\">                                <span class=\"ext ext-pdf\"><\/span>                                Portaria n\u00ba 52.201 \u2013 038-2022 \u2013 DG Adapi, de 06 de abril de 2022                            <\/span><\/a><\/td><td class=\"file_size\">291.85 KB<\/td><td class=\"file_created\">23-04-2025<\/td>                                            <td class=\"col-download\">                            <a class=\"downloadlink wpfd_downloadlink\"  href=\"https:\/\/portal.pi.gov.br\/adapi\/download\/321\/aftosa-legislacao\/3074\/portaria-no-52-201-038-2022-dg-adapi-de-06-de-abril-de-2022-2.pdf\" style=\"background-color:#033b85;color:#ffffff;\">Baixar<i class=\"zmdi zmdi-cloud-download wpfd-download\"><\/i><\/a><a                            href=\"https:\/\/docs.google.com\/viewer?url=https%3A%2F%2Fportal.pi.gov.br%2Fadapi%2Fwp-admin%2Fadmin-ajax.php%3Fjuwpfisadmin%3Dfalse%26action%3Dwpfd%26task%3Dfile.download%26wpfd_category_id%3D321%26wpfd_file_id%3D3074%26token%3D%26preview%3D1&#038;embedded=true\"                            class=\"openlink wpfdlightbox wpfd_previewlink\"                            target=\"\"                            data-id=\"3074\"                            data-catid=\"321\"                            data-file-type=\"pdf\">Visualizar<i class=\"zmdi zmdi-filter-center-focus wpfd-preview\"><\/i>                        <\/a>                        <\/td>                                    <\/tr>                            <tr class=\"file\" data-id=\"3077\"                    data-catid=\"321\">                    <td class=\"file_title\"><a class=\"wpfd_downloadlink\" href=\"https:\/\/portal.pi.gov.br\/adapi\/download\/321\/aftosa-legislacao\/3077\/portaria-no-52-201-0005-2023-dg-adapi-de-18-de-janeiro-de-2023-2.pdf\" title=\"Portaria n\u00ba 52.201 - 0005 2023 - DG Adapi, de 18 de janeiro de 2023\"><span class=\"extcol\">                                <span class=\"ext ext-pdf\"><\/span>                                Portaria n\u00ba 52.201 - 0005 2023 - DG Adapi, de 18 de janeiro de 2023                            <\/span><\/a><\/td><td class=\"file_size\">451.98 KB<\/td><td class=\"file_created\">23-04-2025<\/td>                                            <td class=\"col-download\">                            <a class=\"downloadlink wpfd_downloadlink\"  href=\"https:\/\/portal.pi.gov.br\/adapi\/download\/321\/aftosa-legislacao\/3077\/portaria-no-52-201-0005-2023-dg-adapi-de-18-de-janeiro-de-2023-2.pdf\" style=\"background-color:#033b85;color:#ffffff;\">Baixar<i class=\"zmdi zmdi-cloud-download wpfd-download\"><\/i><\/a><a                            href=\"https:\/\/docs.google.com\/viewer?url=https%3A%2F%2Fportal.pi.gov.br%2Fadapi%2Fwp-admin%2Fadmin-ajax.php%3Fjuwpfisadmin%3Dfalse%26action%3Dwpfd%26task%3Dfile.download%26wpfd_category_id%3D321%26wpfd_file_id%3D3077%26token%3D%26preview%3D1&#038;embedded=true\"                            class=\"openlink wpfdlightbox wpfd_previewlink\"                            target=\"\"                            data-id=\"3077\"                            data-catid=\"321\"                            data-file-type=\"pdf\">Visualizar<i class=\"zmdi zmdi-filter-center-focus wpfd-preview\"><\/i>                        <\/a>                        <\/td>                                    <\/tr>                            <tr class=\"file\" data-id=\"3083\"                    data-catid=\"321\">                    <td class=\"file_title\"><a class=\"wpfd_downloadlink\" href=\"https:\/\/portal.pi.gov.br\/adapi\/download\/321\/aftosa-legislacao\/3083\/portaria-no-36-de-14-de-marco-de-2024-2.pdf\" title=\"Portaria n\u00ba 36, de 14 de mar\u00e7o de 2024\"><span class=\"extcol\">                                <span class=\"ext ext-pdf\"><\/span>                                Portaria n\u00ba 36, de 14 de mar\u00e7o de 2024                            <\/span><\/a><\/td><td class=\"file_size\">0.97 MB<\/td><td class=\"file_created\">23-04-2025<\/td>                                            <td class=\"col-download\">                            <a class=\"downloadlink wpfd_downloadlink\"  href=\"https:\/\/portal.pi.gov.br\/adapi\/download\/321\/aftosa-legislacao\/3083\/portaria-no-36-de-14-de-marco-de-2024-2.pdf\" style=\"background-color:#033b85;color:#ffffff;\">Baixar<i class=\"zmdi zmdi-cloud-download wpfd-download\"><\/i><\/a><a                            href=\"https:\/\/docs.google.com\/viewer?url=https%3A%2F%2Fportal.pi.gov.br%2Fadapi%2Fwp-admin%2Fadmin-ajax.php%3Fjuwpfisadmin%3Dfalse%26action%3Dwpfd%26task%3Dfile.download%26wpfd_category_id%3D321%26wpfd_file_id%3D3083%26token%3D%26preview%3D1&#038;embedded=true\"                            class=\"openlink wpfdlightbox wpfd_previewlink\"                            target=\"\"                            data-id=\"3083\"                            data-catid=\"321\"                            data-file-type=\"pdf\">Visualizar<i class=\"zmdi zmdi-filter-center-focus wpfd-preview\"><\/i>                        <\/a>                        <\/td>                                    <\/tr>                            <tr class=\"file\" data-id=\"3067\"                    data-catid=\"321\">                    <td class=\"file_title\"><a class=\"wpfd_downloadlink\" href=\"https:\/\/portal.pi.gov.br\/adapi\/download\/321\/aftosa-legislacao\/3067\/portaria-no-149-de-01-de-dezembro-de-2023.pdf\" title=\"Portaria N\u00ba 149, de 01 de dezembro de 2023\"><span class=\"extcol\">                                <span class=\"ext ext-pdf\"><\/span>                                Portaria N\u00ba 149, de 01 de dezembro de 2023                            <\/span><\/a><\/td><td class=\"file_size\">186.16 KB<\/td><td class=\"file_created\">23-04-2025<\/td>                                            <td class=\"col-download\">                            <a class=\"downloadlink wpfd_downloadlink\"  href=\"https:\/\/portal.pi.gov.br\/adapi\/download\/321\/aftosa-legislacao\/3067\/portaria-no-149-de-01-de-dezembro-de-2023.pdf\" style=\"background-color:#033b85;color:#ffffff;\">Baixar<i class=\"zmdi zmdi-cloud-download wpfd-download\"><\/i><\/a><a                            href=\"https:\/\/docs.google.com\/viewer?url=https%3A%2F%2Fportal.pi.gov.br%2Fadapi%2Fwp-admin%2Fadmin-ajax.php%3Fjuwpfisadmin%3Dfalse%26action%3Dwpfd%26task%3Dfile.download%26wpfd_category_id%3D321%26wpfd_file_id%3D3067%26token%3D%26preview%3D1&#038;embedded=true\"                            class=\"openlink wpfdlightbox wpfd_previewlink\"                            target=\"\"                            data-id=\"3067\"                            data-catid=\"321\"                            data-file-type=\"pdf\">Visualizar<i class=\"zmdi zmdi-filter-center-focus wpfd-preview\"><\/i>                        <\/a>                        <\/td>                                    <\/tr>                            <tr class=\"file\" data-id=\"3072\"                    data-catid=\"321\">                    <td class=\"file_title\"><a class=\"wpfd_downloadlink\" href=\"https:\/\/portal.pi.gov.br\/adapi\/download\/321\/aftosa-legislacao\/3072\/portaria-no-87-de-31-de-julho-de-2023-dg-adapi-2.pdf\" title=\"Portaria N\u00ba 87, de 31 de julho de 2023 \u2013 DG Adapi\"><span class=\"extcol\">                                <span class=\"ext ext-pdf\"><\/span>                                Portaria N\u00ba 87, de 31 de julho de 2023 \u2013 DG Adapi                            <\/span><\/a><\/td><td class=\"file_size\">142.55 KB<\/td><td class=\"file_created\">23-04-2025<\/td>                                            <td class=\"col-download\">                            <a class=\"downloadlink wpfd_downloadlink\"  href=\"https:\/\/portal.pi.gov.br\/adapi\/download\/321\/aftosa-legislacao\/3072\/portaria-no-87-de-31-de-julho-de-2023-dg-adapi-2.pdf\" style=\"background-color:#033b85;color:#ffffff;\">Baixar<i class=\"zmdi zmdi-cloud-download wpfd-download\"><\/i><\/a><a                            href=\"https:\/\/docs.google.com\/viewer?url=https%3A%2F%2Fportal.pi.gov.br%2Fadapi%2Fwp-admin%2Fadmin-ajax.php%3Fjuwpfisadmin%3Dfalse%26action%3Dwpfd%26task%3Dfile.download%26wpfd_category_id%3D321%26wpfd_file_id%3D3072%26token%3D%26preview%3D1&#038;embedded=true\"                            class=\"openlink wpfdlightbox wpfd_previewlink\"                            target=\"\"                            data-id=\"3072\"                            data-catid=\"321\"                            data-file-type=\"pdf\">Visualizar<i class=\"zmdi zmdi-filter-center-focus wpfd-preview\"><\/i>                        <\/a>                        <\/td>                                    <\/tr>                        <\/tbody>        <\/table>            <\/div><\/div><\/div><div class='wpfd-pagination'>\n\t<span class='page-numbers current'>1<\/span>\n<a class='page-numbers' data-page='2' data-sourcecat='321'>2<\/a>\n<a class='page-numbers' data-page='3' data-sourcecat='321'>3<\/a>\n<a class='page-numbers' data-page='4' data-sourcecat='321'>4<\/a>\n<a class='next page-numbers' data-page='2' data-sourcecat='321'>Pr\u00f3ximo &raquo;<\/a>\n<\/div>\n\n","protected":false},"excerpt":{"rendered":"","protected":false},"author":1832,"featured_media":0,"parent":0,"menu_order":0,"comment_status":"closed","ping_status":"closed","template":"template-fullwidth.php","meta":[],"featured_image_urls":{"full":"","thumbnail":"","medium":"","medium_large":"","large":"","sgg-420":"","sgg-540":"","sgg-780":"","1536x1536":"","2048x2048":"","homepage-slider":"","homepage-slider-small":"","page-top":"","page-small":"","loop-main":"","thumb-gallery-widget":""},"post_excerpt_stackable":"<p>T\u00edtuloTamanhoData de Publica\u00e7\u00e3oBaixar Treinamento Enagro Febre Aftosa 7.35 MB23-04-2025 BaixarVisualizar Portaria n\u00ba 116, de 06 de outubro de 2023 173.52 KB23-04-2025 BaixarVisualizar Portaria n\u00ba 52.201-10 Diretrizes do PEEFA 4.53 MB23-04-2025 BaixarVisualizar Portaria n\u00ba 52.201 \u2013 072-2022 \u2013 DG Adapi, de 29 de setembro de 2022 137.13 KB23-04-2025 BaixarVisualizar Portaria n\u00ba 52.201 \u2013 047-2021 \u2013 DG Adapi, de 15 de junho de 2021 1.03 MB23-04-2025 BaixarVisualizar Portaria n\u00ba 52.201 \u2013 038-2022 \u2013 DG Adapi, de 06 de abril de 2022 291.85 KB23-04-2025 BaixarVisualizar Portaria n\u00ba 52.201 &#8211; 0005 2023 &#8211; DG Adapi, de 18 de janeiro de 2023 451.98 KB23-04-2025 BaixarVisualizar&hellip;<\/p>\n","category_list":"","author_info":{"name":"ETIPI","url":"https:\/\/portal.pi.gov.br\/adapi\/author\/pallomagualter\/"},"comments_num":"0 coment\u00e1rio","featured_image_urls_v2":{"full":"","thumbnail":"","medium":"","medium_large":"","large":"","sgg-420":"","sgg-540":"","sgg-780":"","1536x1536":"","2048x2048":"","homepage-slider":"","homepage-slider-small":"","page-top":"","page-small":"","loop-main":"","thumb-gallery-widget":""},"post_excerpt_stackable_v2":"<p>T\u00edtuloTamanhoData de Publica\u00e7\u00e3oBaixar Treinamento Enagro Febre Aftosa 7.35 MB23-04-2025 BaixarVisualizar Portaria n\u00ba 116, de 06 de outubro de 2023 173.52 KB23-04-2025 BaixarVisualizar Portaria n\u00ba 52.201-10 Diretrizes do PEEFA 4.53 MB23-04-2025 BaixarVisualizar Portaria n\u00ba 52.201 \u2013 072-2022 \u2013 DG Adapi, de 29 de setembro de 2022 137.13 KB23-04-2025 BaixarVisualizar Portaria n\u00ba 52.201 \u2013 047-2021 \u2013 DG Adapi, de 15 de junho de 2021 1.03 MB23-04-2025 BaixarVisualizar Portaria n\u00ba 52.201 \u2013 038-2022 \u2013 DG Adapi, de 06 de abril de 2022 291.85 KB23-04-2025 BaixarVisualizar Portaria n\u00ba 52.201 &#8211; 0005 2023 &#8211; DG Adapi, de 18 de janeiro de 2023 451.98 KB23-04-2025 BaixarVisualizar&hellip;<\/p>\n","category_list_v2":"","author_info_v2":{"name":"ETIPI","url":"https:\/\/portal.pi.gov.br\/adapi\/author\/pallomagualter\/"},"comments_num_v2":"0 coment\u00e1rio","_links":{"self":[{"href":"https:\/\/portal.pi.gov.br\/adapi\/wp-json\/wp\/v2\/pages\/2442"}],"collection":[{"href":"https:\/\/portal.pi.gov.br\/adapi\/wp-json\/wp\/v2\/pages"}],"about":[{"href":"https:\/\/portal.pi.gov.br\/adapi\/wp-json\/wp\/v2\/types\/page"}],"author":[{"embeddable":true,"href":"https:\/\/portal.pi.gov.br\/adapi\/wp-json\/wp\/v2\/users\/1832"}],"replies":[{"embeddable":true,"href":"https:\/\/portal.pi.gov.br\/adapi\/wp-json\/wp\/v2\/comments?post=2442"}],"version-history":[{"count":2,"href":"https:\/\/portal.pi.gov.br\/adapi\/wp-json\/wp\/v2\/pages\/2442\/revisions"}],"predecessor-version":[{"id":2730,"href":"https:\/\/portal.pi.gov.br\/adapi\/wp-json\/wp\/v2\/pages\/2442\/revisions\/2730"}],"wp:attachment":[{"href":"https:\/\/portal.pi.gov.br\/adapi\/wp-json\/wp\/v2\/media?parent=2442"}],"curies":[{"name":"wp","href":"https:\/\/api.w.org\/{rel}","templated":true}]}}