{"id":2456,"date":"2025-03-17T13:27:13","date_gmt":"2025-03-17T16:27:13","guid":{"rendered":"https:\/\/portal.pi.gov.br\/adapi\/?page_id=2456"},"modified":"2025-03-18T13:07:04","modified_gmt":"2025-03-18T16:07:04","slug":"sapicula-legislacao","status":"publish","type":"page","link":"https:\/\/portal.pi.gov.br\/adapi\/sapicula-legislacao\/","title":{"rendered":"Legisla\u00e7\u00e3o"},"content":{"rendered":"<script type=\"text\/x-handlebars-template\"        id=\"wpfd-template-table-categories-325\">    <div class=\"wpfd-categories\">{{#if category}}{{#with category}}{{#if parent}}<a class=\"catlink backcategory\" href=\"#\" data-idcat=\"{{parent}}\">                        <i class=\"zmdi zmdi-chevron-left\"><\/i><span>Voltar<\/span><\/a>{{\/if}}{{\/with}}{{\/if}}<\/div><\/script><script type=\"text\/x-handlebars-template\" id=\"wpfd-template-table-325\">    {{#if files}}    {{#each files}}    <tr class=\"file\" data-id=\"{{ID}}\" data-catid=\"{{catid}}\">    <td class=\"file_title\"><a class=\"wpfd_downloadlink\" href=\"{{linkdownload}}\" title=\"{{post_title}}\"><span class=\"extcol\">{{#if file_custom_icon}}<span class=\"icon-custom\"><img src=\"{{file_custom_icon}}\"><\/span>{{else}}<span class=\"ext ext-{{ext}}\"><\/span>{{\/if}}<\/span>{{{crop_title}}}<\/a><\/td><td class=\"file_size\">{{bytesToSize size}}<\/td><td class=\"file_created\">{{created}}<\/td>                    <td class=\"col-download\">                <a class=\"downloadlink wpfd_downloadlink\"  href=\"{{linkdownload}}\" style=\"background-color:#033b85;color:#ffffff;\">Baixar<i class=\"zmdi zmdi-cloud-download wpfd-download\"><\/i><\/a>{{#if openpdflink}}<a class=\"openlink wpfdlightbox wpfd_previewlink\" href=\"{{openpdflink}}\" target=\"\">Visualizar                            <i class=\"zmdi zmdi-filter-center-focus wpfd-preview\"><\/i>                        <\/a>{{else}}{{#if viewerlink}}<a                            href=\"{{viewerlink}}\"                            class=\"openlink wpfdlightbox wpfd_previewlink\"                            target=\"\"                            data-id=\"{{ID}}\"                            data-catid=\"{{catid}}\"                            data-file-type=\"{{ext}}\">Visualizar<i class=\"zmdi zmdi-filter-center-focus wpfd-preview\"><\/i>                        <\/a>{{\/if}}{{\/if}}            <\/td>            <\/tr>    {{\/each}}    {{\/if}}<\/script><div class=\"wpfd-content wpfd-content-table wpfd-content-multi colstyle\" data-category=\"325\"><input type=\"hidden\" id=\"current_category_325\" value=\"325\" \/>                    <input type=\"hidden\" id=\"current_category_slug_325\" value=\"apicola-legislacao\" \/>                    <input type=\"hidden\" id=\"current_ordering_325\" value=\"created_time\" \/>                    <input type=\"hidden\" id=\"current_ordering_direction_325\" value=\"asc\" \/><div class=\"wpfd-container\">        <div class=\"wpfd-open-tree\"><\/div>    <div class=\"wpfd-container-table \">        <div class=\"wpfd-categories\"><\/div>        <table class=\"wpfd-table wpfd-table-bordered wpfd-table-striped mediaTable\">            <thead>            <tr>                <th class=\"essential persist file_title\">T\u00edtulo<\/th><th class=\"optional file_size\">Tamanho<\/th><th class=\"optional file_created\">Data de Publica\u00e7\u00e3o<\/th><th class=\"essential file_download\">Baixar<\/th>            <\/tr>            <\/thead>            <tbody>                            <tr class=\"file\" data-id=\"3111\"                    data-catid=\"325\">                    <td class=\"file_title\"><a class=\"wpfd_downloadlink\" href=\"https:\/\/portal.pi.gov.br\/adapi\/download\/325\/apicola-legislacao\/3111\/portaria-no-111-de-03-de-outubro-de-2023.pdf\" title=\"Portaria n\u00ba 111, de 03 de outubro de 2023\"><span class=\"extcol\">                                <span class=\"ext ext-pdf\"><\/span>                                Portaria n\u00ba 111, de 03 de outubro de 2023                            <\/span><\/a><\/td><td class=\"file_size\">16.84 KB<\/td><td class=\"file_created\">23-04-2025<\/td>                                            <td class=\"col-download\">                            <a class=\"downloadlink wpfd_downloadlink\"  href=\"https:\/\/portal.pi.gov.br\/adapi\/download\/325\/apicola-legislacao\/3111\/portaria-no-111-de-03-de-outubro-de-2023.pdf\" style=\"background-color:#033b85;color:#ffffff;\">Baixar<i class=\"zmdi zmdi-cloud-download wpfd-download\"><\/i><\/a><a                            href=\"https:\/\/docs.google.com\/viewer?url=https%3A%2F%2Fportal.pi.gov.br%2Fadapi%2Fwp-admin%2Fadmin-ajax.php%3Fjuwpfisadmin%3Dfalse%26action%3Dwpfd%26task%3Dfile.download%26wpfd_category_id%3D325%26wpfd_file_id%3D3111%26token%3D%26preview%3D1&#038;embedded=true\"                            class=\"openlink wpfdlightbox wpfd_previewlink\"                            target=\"\"                            data-id=\"3111\"                            data-catid=\"325\"                            data-file-type=\"pdf\">Visualizar<i class=\"zmdi zmdi-filter-center-focus wpfd-preview\"><\/i>                        <\/a>                        <\/td>                                    <\/tr>                            <tr class=\"file\" data-id=\"3110\"                    data-catid=\"325\">                    <td class=\"file_title\"><a class=\"wpfd_downloadlink\" href=\"https:\/\/portal.pi.gov.br\/adapi\/download\/325\/apicola-legislacao\/3110\/portaria-no-9-de-18-de-fevereiro-de-2003.docx\" title=\"Portaria N\u00ba 9, de 18 de Fevereiro de 2003\"><span class=\"extcol\">                                <span class=\"ext ext-docx\"><\/span>                                Portaria N\u00ba 9, de 18 de Fevereiro de 2003                            <\/span><\/a><\/td><td class=\"file_size\">13.67 KB<\/td><td class=\"file_created\">23-04-2025<\/td>                                            <td class=\"col-download\">                            <a class=\"downloadlink wpfd_downloadlink\"  href=\"https:\/\/portal.pi.gov.br\/adapi\/download\/325\/apicola-legislacao\/3110\/portaria-no-9-de-18-de-fevereiro-de-2003.docx\" style=\"background-color:#033b85;color:#ffffff;\">Baixar<i class=\"zmdi zmdi-cloud-download wpfd-download\"><\/i><\/a><a                            href=\"https:\/\/docs.google.com\/viewer?url=https%3A%2F%2Fportal.pi.gov.br%2Fadapi%2Fwp-admin%2Fadmin-ajax.php%3Fjuwpfisadmin%3Dfalse%26action%3Dwpfd%26task%3Dfile.download%26wpfd_category_id%3D325%26wpfd_file_id%3D3110%26token%3D%26preview%3D1&#038;embedded=true\"                            class=\"openlink wpfdlightbox wpfd_previewlink\"                            target=\"\"                            data-id=\"3110\"                            data-catid=\"325\"                            data-file-type=\"docx\">Visualizar<i class=\"zmdi zmdi-filter-center-focus wpfd-preview\"><\/i>                        <\/a>                        <\/td>                                    <\/tr>                            <tr class=\"file\" data-id=\"3109\"                    data-catid=\"325\">                    <td class=\"file_title\"><a class=\"wpfd_downloadlink\" href=\"https:\/\/portal.pi.gov.br\/adapi\/download\/325\/apicola-legislacao\/3109\/portaria-no-6-de-25-de-julho-de-1985.docx\" title=\"Portaria N\u00ba 6, de 25 de Julho de 1985\"><span class=\"extcol\">                                <span class=\"ext ext-docx\"><\/span>                                Portaria N\u00ba 6, de 25 de Julho de 1985                            <\/span><\/a><\/td><td class=\"file_size\">14.38 KB<\/td><td class=\"file_created\">23-04-2025<\/td>                                            <td class=\"col-download\">                            <a class=\"downloadlink wpfd_downloadlink\"  href=\"https:\/\/portal.pi.gov.br\/adapi\/download\/325\/apicola-legislacao\/3109\/portaria-no-6-de-25-de-julho-de-1985.docx\" style=\"background-color:#033b85;color:#ffffff;\">Baixar<i class=\"zmdi zmdi-cloud-download wpfd-download\"><\/i><\/a><a                            href=\"https:\/\/docs.google.com\/viewer?url=https%3A%2F%2Fportal.pi.gov.br%2Fadapi%2Fwp-admin%2Fadmin-ajax.php%3Fjuwpfisadmin%3Dfalse%26action%3Dwpfd%26task%3Dfile.download%26wpfd_category_id%3D325%26wpfd_file_id%3D3109%26token%3D%26preview%3D1&#038;embedded=true\"                            class=\"openlink wpfdlightbox wpfd_previewlink\"                            target=\"\"                            data-id=\"3109\"                            data-catid=\"325\"                            data-file-type=\"docx\">Visualizar<i class=\"zmdi zmdi-filter-center-focus wpfd-preview\"><\/i>                        <\/a>                        <\/td>                                    <\/tr>                            <tr class=\"file\" data-id=\"3117\"                    data-catid=\"325\">                    <td class=\"file_title\"><a class=\"wpfd_downloadlink\" href=\"https:\/\/portal.pi.gov.br\/adapi\/download\/325\/apicola-legislacao\/3117\/instrucao-normativa-no-16-de-08-de-maio-de-2008-2.docx\" title=\"Instru\u00e7\u00e3o Normativa N\u00ba 16, de 08 de Maio de 2008\"><span class=\"extcol\">                                <span class=\"ext ext-docx\"><\/span>                                Instru\u00e7\u00e3o Normativa N\u00ba 16, de 08 de Maio de 2008                            <\/span><\/a><\/td><td class=\"file_size\">14.28 KB<\/td><td class=\"file_created\">23-04-2025<\/td>                                            <td class=\"col-download\">                            <a class=\"downloadlink wpfd_downloadlink\"  href=\"https:\/\/portal.pi.gov.br\/adapi\/download\/325\/apicola-legislacao\/3117\/instrucao-normativa-no-16-de-08-de-maio-de-2008-2.docx\" style=\"background-color:#033b85;color:#ffffff;\">Baixar<i class=\"zmdi zmdi-cloud-download wpfd-download\"><\/i><\/a><a                            href=\"https:\/\/docs.google.com\/viewer?url=https%3A%2F%2Fportal.pi.gov.br%2Fadapi%2Fwp-admin%2Fadmin-ajax.php%3Fjuwpfisadmin%3Dfalse%26action%3Dwpfd%26task%3Dfile.download%26wpfd_category_id%3D325%26wpfd_file_id%3D3117%26token%3D%26preview%3D1&#038;embedded=true\"                            class=\"openlink wpfdlightbox wpfd_previewlink\"                            target=\"\"                            data-id=\"3117\"                            data-catid=\"325\"                            data-file-type=\"docx\">Visualizar<i class=\"zmdi zmdi-filter-center-focus wpfd-preview\"><\/i>                        <\/a>                        <\/td>                                    <\/tr>                            <tr class=\"file\" data-id=\"3116\"                    data-catid=\"325\">                    <td class=\"file_title\"><a class=\"wpfd_downloadlink\" href=\"https:\/\/portal.pi.gov.br\/adapi\/download\/325\/apicola-legislacao\/3116\/instrucao-normativa-no-16-de-08-de-maio-de-2008.docx\" title=\"Instru\u00e7\u00e3o Normativa N\u00ba 16, de 08 de Maio de 2008 -\"><span class=\"extcol\">                                <span class=\"ext ext-docx\"><\/span>                                Instru\u00e7\u00e3o Normativa N\u00ba 16, de 08 de Maio de 2008 -                            <\/span><\/a><\/td><td class=\"file_size\">14.28 KB<\/td><td class=\"file_created\">23-04-2025<\/td>                                            <td class=\"col-download\">                            <a class=\"downloadlink wpfd_downloadlink\"  href=\"https:\/\/portal.pi.gov.br\/adapi\/download\/325\/apicola-legislacao\/3116\/instrucao-normativa-no-16-de-08-de-maio-de-2008.docx\" style=\"background-color:#033b85;color:#ffffff;\">Baixar<i class=\"zmdi zmdi-cloud-download wpfd-download\"><\/i><\/a><a                            href=\"https:\/\/docs.google.com\/viewer?url=https%3A%2F%2Fportal.pi.gov.br%2Fadapi%2Fwp-admin%2Fadmin-ajax.php%3Fjuwpfisadmin%3Dfalse%26action%3Dwpfd%26task%3Dfile.download%26wpfd_category_id%3D325%26wpfd_file_id%3D3116%26token%3D%26preview%3D1&#038;embedded=true\"                            class=\"openlink wpfdlightbox wpfd_previewlink\"                            target=\"\"                            data-id=\"3116\"                            data-catid=\"325\"                            data-file-type=\"docx\">Visualizar<i class=\"zmdi zmdi-filter-center-focus wpfd-preview\"><\/i>                        <\/a>                        <\/td>                                    <\/tr>                            <tr class=\"file\" data-id=\"3115\"                    data-catid=\"325\">                    <td class=\"file_title\"><a class=\"wpfd_downloadlink\" href=\"https:\/\/portal.pi.gov.br\/adapi\/download\/325\/apicola-legislacao\/3115\/instrucao-normativa-no-11-de-20-de-outubro-de-2000.docx\" title=\"Instru\u00e7\u00e3o Normativa N\u00ba 11, de 20 de Outubro de 2000\"><span class=\"extcol\">                                <span class=\"ext ext-docx\"><\/span>                                Instru\u00e7\u00e3o Normativa N\u00ba 11, de 20 de Outubro de 2000                            <\/span><\/a><\/td><td class=\"file_size\">13.68 KB<\/td><td class=\"file_created\">23-04-2025<\/td>                                            <td class=\"col-download\">                            <a class=\"downloadlink wpfd_downloadlink\"  href=\"https:\/\/portal.pi.gov.br\/adapi\/download\/325\/apicola-legislacao\/3115\/instrucao-normativa-no-11-de-20-de-outubro-de-2000.docx\" style=\"background-color:#033b85;color:#ffffff;\">Baixar<i class=\"zmdi zmdi-cloud-download wpfd-download\"><\/i><\/a><a                            href=\"https:\/\/docs.google.com\/viewer?url=https%3A%2F%2Fportal.pi.gov.br%2Fadapi%2Fwp-admin%2Fadmin-ajax.php%3Fjuwpfisadmin%3Dfalse%26action%3Dwpfd%26task%3Dfile.download%26wpfd_category_id%3D325%26wpfd_file_id%3D3115%26token%3D%26preview%3D1&#038;embedded=true\"                            class=\"openlink wpfdlightbox wpfd_previewlink\"                            target=\"\"                            data-id=\"3115\"                            data-catid=\"325\"                            data-file-type=\"docx\">Visualizar<i class=\"zmdi zmdi-filter-center-focus wpfd-preview\"><\/i>                        <\/a>                        <\/td>                                    <\/tr>                            <tr class=\"file\" data-id=\"3114\"                    data-catid=\"325\">                    <td class=\"file_title\"><a class=\"wpfd_downloadlink\" href=\"https:\/\/portal.pi.gov.br\/adapi\/download\/325\/apicola-legislacao\/3114\/instrucao-normativa-no-3-de-19-de-janeiro-de-2001.docx\" title=\"Instru\u00e7\u00e3o Normativa N\u00ba 3, de 19 de Janeiro de 2001\"><span class=\"extcol\">                                <span class=\"ext ext-docx\"><\/span>                                Instru\u00e7\u00e3o Normativa N\u00ba 3, de 19 de Janeiro de 2001                            <\/span><\/a><\/td><td class=\"file_size\">14.21 KB<\/td><td class=\"file_created\">23-04-2025<\/td>                                            <td class=\"col-download\">                            <a class=\"downloadlink wpfd_downloadlink\"  href=\"https:\/\/portal.pi.gov.br\/adapi\/download\/325\/apicola-legislacao\/3114\/instrucao-normativa-no-3-de-19-de-janeiro-de-2001.docx\" style=\"background-color:#033b85;color:#ffffff;\">Baixar<i class=\"zmdi zmdi-cloud-download wpfd-download\"><\/i><\/a><a                            href=\"https:\/\/docs.google.com\/viewer?url=https%3A%2F%2Fportal.pi.gov.br%2Fadapi%2Fwp-admin%2Fadmin-ajax.php%3Fjuwpfisadmin%3Dfalse%26action%3Dwpfd%26task%3Dfile.download%26wpfd_category_id%3D325%26wpfd_file_id%3D3114%26token%3D%26preview%3D1&#038;embedded=true\"                            class=\"openlink wpfdlightbox wpfd_previewlink\"                            target=\"\"                            data-id=\"3114\"                            data-catid=\"325\"                            data-file-type=\"docx\">Visualizar<i class=\"zmdi zmdi-filter-center-focus wpfd-preview\"><\/i>                        <\/a>                        <\/td>                                    <\/tr>                            <tr class=\"file\" data-id=\"3113\"                    data-catid=\"325\">                    <td class=\"file_title\"><a class=\"wpfd_downloadlink\" href=\"https:\/\/portal.pi.gov.br\/adapi\/download\/325\/apicola-legislacao\/3113\/resolucao-conama-no-346-de-16-de-agosto-de-2004.pdf\" title=\"Resolu\u00e7\u00e3o CONAMA n\u00ba 346, de 16 de agosto de 2004\"><span class=\"extcol\">                                <span class=\"ext ext-pdf\"><\/span>                                Resolu\u00e7\u00e3o CONAMA n\u00ba 346, de 16 de agosto de 2004                            <\/span><\/a><\/td><td class=\"file_size\">61.19 KB<\/td><td class=\"file_created\">23-04-2025<\/td>                                            <td class=\"col-download\">                            <a class=\"downloadlink wpfd_downloadlink\"  href=\"https:\/\/portal.pi.gov.br\/adapi\/download\/325\/apicola-legislacao\/3113\/resolucao-conama-no-346-de-16-de-agosto-de-2004.pdf\" style=\"background-color:#033b85;color:#ffffff;\">Baixar<i class=\"zmdi zmdi-cloud-download wpfd-download\"><\/i><\/a><a                            href=\"https:\/\/docs.google.com\/viewer?url=https%3A%2F%2Fportal.pi.gov.br%2Fadapi%2Fwp-admin%2Fadmin-ajax.php%3Fjuwpfisadmin%3Dfalse%26action%3Dwpfd%26task%3Dfile.download%26wpfd_category_id%3D325%26wpfd_file_id%3D3113%26token%3D%26preview%3D1&#038;embedded=true\"                            class=\"openlink wpfdlightbox wpfd_previewlink\"                            target=\"\"                            data-id=\"3113\"                            data-catid=\"325\"                            data-file-type=\"pdf\">Visualizar<i class=\"zmdi zmdi-filter-center-focus wpfd-preview\"><\/i>                        <\/a>                        <\/td>                                    <\/tr>                            <tr class=\"file\" data-id=\"3112\"                    data-catid=\"325\">                    <td class=\"file_title\"><a class=\"wpfd_downloadlink\" href=\"https:\/\/portal.pi.gov.br\/adapi\/download\/325\/apicola-legislacao\/3112\/portaria-no-248-de-30-de-dezembro-de-1998.docx\" title=\"Portaria N\u00ba 248, de 30 de Dezembro de 1998\"><span class=\"extcol\">                                <span class=\"ext ext-docx\"><\/span>                                Portaria N\u00ba 248, de 30 de Dezembro de 1998                            <\/span><\/a><\/td><td class=\"file_size\">13.20 KB<\/td><td class=\"file_created\">23-04-2025<\/td>                                            <td class=\"col-download\">                            <a class=\"downloadlink wpfd_downloadlink\"  href=\"https:\/\/portal.pi.gov.br\/adapi\/download\/325\/apicola-legislacao\/3112\/portaria-no-248-de-30-de-dezembro-de-1998.docx\" style=\"background-color:#033b85;color:#ffffff;\">Baixar<i class=\"zmdi zmdi-cloud-download wpfd-download\"><\/i><\/a><a                            href=\"https:\/\/docs.google.com\/viewer?url=https%3A%2F%2Fportal.pi.gov.br%2Fadapi%2Fwp-admin%2Fadmin-ajax.php%3Fjuwpfisadmin%3Dfalse%26action%3Dwpfd%26task%3Dfile.download%26wpfd_category_id%3D325%26wpfd_file_id%3D3112%26token%3D%26preview%3D1&#038;embedded=true\"                            class=\"openlink wpfdlightbox wpfd_previewlink\"                            target=\"\"                            data-id=\"3112\"                            data-catid=\"325\"                            data-file-type=\"docx\">Visualizar<i class=\"zmdi zmdi-filter-center-focus wpfd-preview\"><\/i>                        <\/a>                        <\/td>                                    <\/tr>                            <tr class=\"file\" data-id=\"3120\"                    data-catid=\"325\">                    <td class=\"file_title\"><a class=\"wpfd_downloadlink\" href=\"https:\/\/portal.pi.gov.br\/adapi\/download\/325\/apicola-legislacao\/3120\/oficio-circular-no-4-de-27-de-fevereiro-de-2007.docx\" title=\"Of\u00edcio Circular N\u00ba 4, DE 27 DE FEVEREIRO DE 2007\"><span class=\"extcol\">                                <span class=\"ext ext-docx\"><\/span>                                Of\u00edcio Circular N\u00ba 4, DE 27 DE FEVEREIRO DE 2007                            <\/span><\/a><\/td><td class=\"file_size\">32.04 KB<\/td><td class=\"file_created\">23-04-2025<\/td>                                            <td class=\"col-download\">                            <a class=\"downloadlink wpfd_downloadlink\"  href=\"https:\/\/portal.pi.gov.br\/adapi\/download\/325\/apicola-legislacao\/3120\/oficio-circular-no-4-de-27-de-fevereiro-de-2007.docx\" style=\"background-color:#033b85;color:#ffffff;\">Baixar<i class=\"zmdi zmdi-cloud-download wpfd-download\"><\/i><\/a><a                            href=\"https:\/\/docs.google.com\/viewer?url=https%3A%2F%2Fportal.pi.gov.br%2Fadapi%2Fwp-admin%2Fadmin-ajax.php%3Fjuwpfisadmin%3Dfalse%26action%3Dwpfd%26task%3Dfile.download%26wpfd_category_id%3D325%26wpfd_file_id%3D3120%26token%3D%26preview%3D1&#038;embedded=true\"                            class=\"openlink wpfdlightbox wpfd_previewlink\"                            target=\"\"                            data-id=\"3120\"                            data-catid=\"325\"                            data-file-type=\"docx\">Visualizar<i class=\"zmdi zmdi-filter-center-focus wpfd-preview\"><\/i>                        <\/a>                        <\/td>                                    <\/tr>                        <\/tbody>        <\/table>            <\/div><\/div><\/div><div class='wpfd-pagination'>\n\t<span class='page-numbers current'>1<\/span>\n<a class='page-numbers' data-page='2' data-sourcecat='325'>2<\/a>\n<a class='page-numbers' data-page='3' data-sourcecat='325'>3<\/a>\n<a class='next page-numbers' data-page='2' data-sourcecat='325'>Pr\u00f3ximo &raquo;<\/a>\n<\/div>\n\n","protected":false},"excerpt":{"rendered":"","protected":false},"author":1832,"featured_media":0,"parent":0,"menu_order":0,"comment_status":"closed","ping_status":"closed","template":"template-fullwidth.php","meta":[],"featured_image_urls":{"full":"","thumbnail":"","medium":"","medium_large":"","large":"","sgg-420":"","sgg-540":"","sgg-780":"","1536x1536":"","2048x2048":"","homepage-slider":"","homepage-slider-small":"","page-top":"","page-small":"","loop-main":"","thumb-gallery-widget":""},"post_excerpt_stackable":"<p>T\u00edtuloTamanhoData de Publica\u00e7\u00e3oBaixar Portaria n\u00ba 111, de 03 de outubro de 2023 16.84 KB23-04-2025 BaixarVisualizar Portaria N\u00ba 9, de 18 de Fevereiro de 2003 13.67 KB23-04-2025 BaixarVisualizar Portaria N\u00ba 6, de 25 de Julho de 1985 14.38 KB23-04-2025 BaixarVisualizar Instru\u00e7\u00e3o Normativa N\u00ba 16, de 08 de Maio de 2008 14.28 KB23-04-2025 BaixarVisualizar Instru\u00e7\u00e3o Normativa N\u00ba 16, de 08 de Maio de 2008 &#8211; 14.28 KB23-04-2025 BaixarVisualizar Instru\u00e7\u00e3o Normativa N\u00ba 11, de 20 de Outubro de 2000 13.68 KB23-04-2025 BaixarVisualizar Instru\u00e7\u00e3o Normativa N\u00ba 3, de 19 de Janeiro de 2001 14.21 KB23-04-2025 BaixarVisualizar Resolu\u00e7\u00e3o CONAMA n\u00ba 346, de 16 de agosto&hellip;<\/p>\n","category_list":"","author_info":{"name":"ETIPI","url":"https:\/\/portal.pi.gov.br\/adapi\/author\/pallomagualter\/"},"comments_num":"0 coment\u00e1rio","featured_image_urls_v2":{"full":"","thumbnail":"","medium":"","medium_large":"","large":"","sgg-420":"","sgg-540":"","sgg-780":"","1536x1536":"","2048x2048":"","homepage-slider":"","homepage-slider-small":"","page-top":"","page-small":"","loop-main":"","thumb-gallery-widget":""},"post_excerpt_stackable_v2":"<p>T\u00edtuloTamanhoData de Publica\u00e7\u00e3oBaixar Portaria n\u00ba 111, de 03 de outubro de 2023 16.84 KB23-04-2025 BaixarVisualizar Portaria N\u00ba 9, de 18 de Fevereiro de 2003 13.67 KB23-04-2025 BaixarVisualizar Portaria N\u00ba 6, de 25 de Julho de 1985 14.38 KB23-04-2025 BaixarVisualizar Instru\u00e7\u00e3o Normativa N\u00ba 16, de 08 de Maio de 2008 14.28 KB23-04-2025 BaixarVisualizar Instru\u00e7\u00e3o Normativa N\u00ba 16, de 08 de Maio de 2008 &#8211; 14.28 KB23-04-2025 BaixarVisualizar Instru\u00e7\u00e3o Normativa N\u00ba 11, de 20 de Outubro de 2000 13.68 KB23-04-2025 BaixarVisualizar Instru\u00e7\u00e3o Normativa N\u00ba 3, de 19 de Janeiro de 2001 14.21 KB23-04-2025 BaixarVisualizar Resolu\u00e7\u00e3o CONAMA n\u00ba 346, de 16 de agosto&hellip;<\/p>\n","category_list_v2":"","author_info_v2":{"name":"ETIPI","url":"https:\/\/portal.pi.gov.br\/adapi\/author\/pallomagualter\/"},"comments_num_v2":"0 coment\u00e1rio","_links":{"self":[{"href":"https:\/\/portal.pi.gov.br\/adapi\/wp-json\/wp\/v2\/pages\/2456"}],"collection":[{"href":"https:\/\/portal.pi.gov.br\/adapi\/wp-json\/wp\/v2\/pages"}],"about":[{"href":"https:\/\/portal.pi.gov.br\/adapi\/wp-json\/wp\/v2\/types\/page"}],"author":[{"embeddable":true,"href":"https:\/\/portal.pi.gov.br\/adapi\/wp-json\/wp\/v2\/users\/1832"}],"replies":[{"embeddable":true,"href":"https:\/\/portal.pi.gov.br\/adapi\/wp-json\/wp\/v2\/comments?post=2456"}],"version-history":[{"count":3,"href":"https:\/\/portal.pi.gov.br\/adapi\/wp-json\/wp\/v2\/pages\/2456\/revisions"}],"predecessor-version":[{"id":2713,"href":"https:\/\/portal.pi.gov.br\/adapi\/wp-json\/wp\/v2\/pages\/2456\/revisions\/2713"}],"wp:attachment":[{"href":"https:\/\/portal.pi.gov.br\/adapi\/wp-json\/wp\/v2\/media?parent=2456"}],"curies":[{"name":"wp","href":"https:\/\/api.w.org\/{rel}","templated":true}]}}