{"id":2469,"date":"2025-03-17T14:02:16","date_gmt":"2025-03-17T17:02:16","guid":{"rendered":"https:\/\/portal.pi.gov.br\/adapi\/?page_id=2469"},"modified":"2025-03-18T13:02:58","modified_gmt":"2025-03-18T16:02:58","slug":"equideos-legislacao","status":"publish","type":"page","link":"https:\/\/portal.pi.gov.br\/adapi\/equideos-legislacao\/","title":{"rendered":"Legisla\u00e7\u00e3o"},"content":{"rendered":"<script type=\"text\/x-handlebars-template\"        id=\"wpfd-template-table-categories-328\">    <div class=\"wpfd-categories\">{{#if category}}{{#with category}}{{#if parent}}<a class=\"catlink backcategory\" href=\"#\" data-idcat=\"{{parent}}\">                        <i class=\"zmdi zmdi-chevron-left\"><\/i><span>Voltar<\/span><\/a>{{\/if}}{{\/with}}{{\/if}}<\/div><\/script><script type=\"text\/x-handlebars-template\" id=\"wpfd-template-table-328\">    {{#if files}}    {{#each files}}    <tr class=\"file\" data-id=\"{{ID}}\" data-catid=\"{{catid}}\">    <td class=\"file_title\"><a class=\"wpfd_downloadlink\" href=\"{{linkdownload}}\" title=\"{{post_title}}\"><span class=\"extcol\">{{#if file_custom_icon}}<span class=\"icon-custom\"><img src=\"{{file_custom_icon}}\"><\/span>{{else}}<span class=\"ext ext-{{ext}}\"><\/span>{{\/if}}<\/span>{{{crop_title}}}<\/a><\/td><td class=\"file_size\">{{bytesToSize size}}<\/td><td class=\"file_created\">{{created}}<\/td>                    <td class=\"col-download\">                <a class=\"downloadlink wpfd_downloadlink\"  href=\"{{linkdownload}}\" style=\"background-color:#033b85;color:#ffffff;\">Baixar<i class=\"zmdi zmdi-cloud-download wpfd-download\"><\/i><\/a>{{#if openpdflink}}<a class=\"openlink wpfdlightbox wpfd_previewlink\" href=\"{{openpdflink}}\" target=\"\">Visualizar                            <i class=\"zmdi zmdi-filter-center-focus wpfd-preview\"><\/i>                        <\/a>{{else}}{{#if viewerlink}}<a                            href=\"{{viewerlink}}\"                            class=\"openlink wpfdlightbox wpfd_previewlink\"                            target=\"\"                            data-id=\"{{ID}}\"                            data-catid=\"{{catid}}\"                            data-file-type=\"{{ext}}\">Visualizar<i class=\"zmdi zmdi-filter-center-focus wpfd-preview\"><\/i>                        <\/a>{{\/if}}{{\/if}}            <\/td>            <\/tr>    {{\/each}}    {{\/if}}<\/script><div class=\"wpfd-content wpfd-content-table wpfd-content-multi colstyle\" data-category=\"328\"><input type=\"hidden\" id=\"current_category_328\" value=\"328\" \/>                    <input type=\"hidden\" id=\"current_category_slug_328\" value=\"equideoslegislacao\" \/>                    <input type=\"hidden\" id=\"current_ordering_328\" value=\"title\" \/>                    <input type=\"hidden\" id=\"current_ordering_direction_328\" value=\"desc\" \/><div class=\"wpfd-container\">        <div class=\"wpfd-open-tree\"><\/div>    <div class=\"wpfd-container-table \">        <div class=\"wpfd-categories\"><\/div>        <table class=\"wpfd-table wpfd-table-bordered wpfd-table-striped mediaTable\">            <thead>            <tr>                <th class=\"essential persist file_title\">T\u00edtulo<\/th><th class=\"optional file_size\">Tamanho<\/th><th class=\"optional file_created\">Data de Publica\u00e7\u00e3o<\/th><th class=\"essential file_download\">Baixar<\/th>            <\/tr>            <\/thead>            <tbody>                            <tr class=\"file\" data-id=\"3168\"                    data-catid=\"328\">                    <td class=\"file_title\"><a class=\"wpfd_downloadlink\" href=\"https:\/\/portal.pi.gov.br\/adapi\/download\/328\/equideoslegislacao\/3168\/portaria-no-593-30-06-2023-mapa.pdf\" title=\"Portaria n\u00ba 593-30.06.2023 - MAPA\"><span class=\"extcol\">                                <span class=\"ext ext-pdf\"><\/span>                                Portaria n\u00ba 593-30.06.2023 - MAPA                            <\/span><\/a><\/td><td class=\"file_size\">716.38 KB<\/td><td class=\"file_created\">23-04-2025<\/td>                                            <td class=\"col-download\">                            <a class=\"downloadlink wpfd_downloadlink\"  href=\"https:\/\/portal.pi.gov.br\/adapi\/download\/328\/equideoslegislacao\/3168\/portaria-no-593-30-06-2023-mapa.pdf\" style=\"background-color:#033b85;color:#ffffff;\">Baixar<i class=\"zmdi zmdi-cloud-download wpfd-download\"><\/i><\/a><a                            href=\"https:\/\/docs.google.com\/viewer?url=https%3A%2F%2Fportal.pi.gov.br%2Fadapi%2Fwp-admin%2Fadmin-ajax.php%3Fjuwpfisadmin%3Dfalse%26action%3Dwpfd%26task%3Dfile.download%26wpfd_category_id%3D328%26wpfd_file_id%3D3168%26token%3D%26preview%3D1&#038;embedded=true\"                            class=\"openlink wpfdlightbox wpfd_previewlink\"                            target=\"\"                            data-id=\"3168\"                            data-catid=\"328\"                            data-file-type=\"pdf\">Visualizar<i class=\"zmdi zmdi-filter-center-focus wpfd-preview\"><\/i>                        <\/a>                        <\/td>                                    <\/tr>                            <tr class=\"file\" data-id=\"3162\"                    data-catid=\"328\">                    <td class=\"file_title\"><a class=\"wpfd_downloadlink\" href=\"https:\/\/portal.pi.gov.br\/adapi\/download\/328\/equideoslegislacao\/3162\/portaria-no-52-201-61-2021-dg-adapi.pdf\" title=\"Portaria n\u00ba 52.201 - 61-2021 DG ADAPI\"><span class=\"extcol\">                                <span class=\"ext ext-pdf\"><\/span>                                Portaria n\u00ba 52.201 - 61-2021 DG ADAPI                            <\/span><\/a><\/td><td class=\"file_size\">333.06 KB<\/td><td class=\"file_created\">23-04-2025<\/td>                                            <td class=\"col-download\">                            <a class=\"downloadlink wpfd_downloadlink\"  href=\"https:\/\/portal.pi.gov.br\/adapi\/download\/328\/equideoslegislacao\/3162\/portaria-no-52-201-61-2021-dg-adapi.pdf\" style=\"background-color:#033b85;color:#ffffff;\">Baixar<i class=\"zmdi zmdi-cloud-download wpfd-download\"><\/i><\/a><a                            href=\"https:\/\/docs.google.com\/viewer?url=https%3A%2F%2Fportal.pi.gov.br%2Fadapi%2Fwp-admin%2Fadmin-ajax.php%3Fjuwpfisadmin%3Dfalse%26action%3Dwpfd%26task%3Dfile.download%26wpfd_category_id%3D328%26wpfd_file_id%3D3162%26token%3D%26preview%3D1&#038;embedded=true\"                            class=\"openlink wpfdlightbox wpfd_previewlink\"                            target=\"\"                            data-id=\"3162\"                            data-catid=\"328\"                            data-file-type=\"pdf\">Visualizar<i class=\"zmdi zmdi-filter-center-focus wpfd-preview\"><\/i>                        <\/a>                        <\/td>                                    <\/tr>                            <tr class=\"file\" data-id=\"3157\"                    data-catid=\"328\">                    <td class=\"file_title\"><a class=\"wpfd_downloadlink\" href=\"https:\/\/portal.pi.gov.br\/adapi\/download\/328\/equideoslegislacao\/3157\/portaria-no-52-201-52-2022-dg-adapi.pdf\" title=\"Portaria n\u00ba 52.201 - 52-2022 DG ADAPI\"><span class=\"extcol\">                                <span class=\"ext ext-pdf\"><\/span>                                Portaria n\u00ba 52.201 - 52-2022 DG ADAPI                            <\/span><\/a><\/td><td class=\"file_size\">195.93 KB<\/td><td class=\"file_created\">23-04-2025<\/td>                                            <td class=\"col-download\">                            <a class=\"downloadlink wpfd_downloadlink\"  href=\"https:\/\/portal.pi.gov.br\/adapi\/download\/328\/equideoslegislacao\/3157\/portaria-no-52-201-52-2022-dg-adapi.pdf\" style=\"background-color:#033b85;color:#ffffff;\">Baixar<i class=\"zmdi zmdi-cloud-download wpfd-download\"><\/i><\/a><a                            href=\"https:\/\/docs.google.com\/viewer?url=https%3A%2F%2Fportal.pi.gov.br%2Fadapi%2Fwp-admin%2Fadmin-ajax.php%3Fjuwpfisadmin%3Dfalse%26action%3Dwpfd%26task%3Dfile.download%26wpfd_category_id%3D328%26wpfd_file_id%3D3157%26token%3D%26preview%3D1&#038;embedded=true\"                            class=\"openlink wpfdlightbox wpfd_previewlink\"                            target=\"\"                            data-id=\"3157\"                            data-catid=\"328\"                            data-file-type=\"pdf\">Visualizar<i class=\"zmdi zmdi-filter-center-focus wpfd-preview\"><\/i>                        <\/a>                        <\/td>                                    <\/tr>                            <tr class=\"file\" data-id=\"3161\"                    data-catid=\"328\">                    <td class=\"file_title\"><a class=\"wpfd_downloadlink\" href=\"https:\/\/portal.pi.gov.br\/adapi\/download\/328\/equideoslegislacao\/3161\/portaria-no-35-sda-mapa.pdf\" title=\"Portaria n\u00ba 35 SDA - MAPA\"><span class=\"extcol\">                                <span class=\"ext ext-pdf\"><\/span>                                Portaria n\u00ba 35 SDA - MAPA                            <\/span><\/a><\/td><td class=\"file_size\">399.75 KB<\/td><td class=\"file_created\">23-04-2025<\/td>                                            <td class=\"col-download\">                            <a class=\"downloadlink wpfd_downloadlink\"  href=\"https:\/\/portal.pi.gov.br\/adapi\/download\/328\/equideoslegislacao\/3161\/portaria-no-35-sda-mapa.pdf\" style=\"background-color:#033b85;color:#ffffff;\">Baixar<i class=\"zmdi zmdi-cloud-download wpfd-download\"><\/i><\/a><a                            href=\"https:\/\/docs.google.com\/viewer?url=https%3A%2F%2Fportal.pi.gov.br%2Fadapi%2Fwp-admin%2Fadmin-ajax.php%3Fjuwpfisadmin%3Dfalse%26action%3Dwpfd%26task%3Dfile.download%26wpfd_category_id%3D328%26wpfd_file_id%3D3161%26token%3D%26preview%3D1&#038;embedded=true\"                            class=\"openlink wpfdlightbox wpfd_previewlink\"                            target=\"\"                            data-id=\"3161\"                            data-catid=\"328\"                            data-file-type=\"pdf\">Visualizar<i class=\"zmdi zmdi-filter-center-focus wpfd-preview\"><\/i>                        <\/a>                        <\/td>                                    <\/tr>                            <tr class=\"file\" data-id=\"3156\"                    data-catid=\"328\">                    <td class=\"file_title\"><a class=\"wpfd_downloadlink\" href=\"https:\/\/portal.pi.gov.br\/adapi\/download\/328\/equideoslegislacao\/3156\/portaria-no-15-204-102-2013-dg-adapi.pdf\" title=\"Portaria n\u00ba 15.204 - 102-2013 DG ADAPI\"><span class=\"extcol\">                                <span class=\"ext ext-pdf\"><\/span>                                Portaria n\u00ba 15.204 - 102-2013 DG ADAPI                            <\/span><\/a><\/td><td class=\"file_size\">468.73 KB<\/td><td class=\"file_created\">23-04-2025<\/td>                                            <td class=\"col-download\">                            <a class=\"downloadlink wpfd_downloadlink\"  href=\"https:\/\/portal.pi.gov.br\/adapi\/download\/328\/equideoslegislacao\/3156\/portaria-no-15-204-102-2013-dg-adapi.pdf\" style=\"background-color:#033b85;color:#ffffff;\">Baixar<i class=\"zmdi zmdi-cloud-download wpfd-download\"><\/i><\/a><a                            href=\"https:\/\/docs.google.com\/viewer?url=https%3A%2F%2Fportal.pi.gov.br%2Fadapi%2Fwp-admin%2Fadmin-ajax.php%3Fjuwpfisadmin%3Dfalse%26action%3Dwpfd%26task%3Dfile.download%26wpfd_category_id%3D328%26wpfd_file_id%3D3156%26token%3D%26preview%3D1&#038;embedded=true\"                            class=\"openlink wpfdlightbox wpfd_previewlink\"                            target=\"\"                            data-id=\"3156\"                            data-catid=\"328\"                            data-file-type=\"pdf\">Visualizar<i class=\"zmdi zmdi-filter-center-focus wpfd-preview\"><\/i>                        <\/a>                        <\/td>                                    <\/tr>                            <tr class=\"file\" data-id=\"3163\"                    data-catid=\"328\">                    <td class=\"file_title\"><a class=\"wpfd_downloadlink\" href=\"https:\/\/portal.pi.gov.br\/adapi\/download\/328\/equideoslegislacao\/3163\/portaria-no-15-204-086-2018-dg-adapi.pdf\" title=\"Portaria n\u00ba 15.204 - 086-2018 DG ADAPI\"><span class=\"extcol\">                                <span class=\"ext ext-pdf\"><\/span>                                Portaria n\u00ba 15.204 - 086-2018 DG ADAPI                            <\/span><\/a><\/td><td class=\"file_size\">426.79 KB<\/td><td class=\"file_created\">23-04-2025<\/td>                                            <td class=\"col-download\">                            <a class=\"downloadlink wpfd_downloadlink\"  href=\"https:\/\/portal.pi.gov.br\/adapi\/download\/328\/equideoslegislacao\/3163\/portaria-no-15-204-086-2018-dg-adapi.pdf\" style=\"background-color:#033b85;color:#ffffff;\">Baixar<i class=\"zmdi zmdi-cloud-download wpfd-download\"><\/i><\/a><a                            href=\"https:\/\/docs.google.com\/viewer?url=https%3A%2F%2Fportal.pi.gov.br%2Fadapi%2Fwp-admin%2Fadmin-ajax.php%3Fjuwpfisadmin%3Dfalse%26action%3Dwpfd%26task%3Dfile.download%26wpfd_category_id%3D328%26wpfd_file_id%3D3163%26token%3D%26preview%3D1&#038;embedded=true\"                            class=\"openlink wpfdlightbox wpfd_previewlink\"                            target=\"\"                            data-id=\"3163\"                            data-catid=\"328\"                            data-file-type=\"pdf\">Visualizar<i class=\"zmdi zmdi-filter-center-focus wpfd-preview\"><\/i>                        <\/a>                        <\/td>                                    <\/tr>                            <tr class=\"file\" data-id=\"3170\"                    data-catid=\"328\">                    <td class=\"file_title\"><a class=\"wpfd_downloadlink\" href=\"https:\/\/portal.pi.gov.br\/adapi\/download\/328\/equideoslegislacao\/3170\/portaria-no-124-de-18-de-dezembro-de-2024.pdf\" title=\"Portaria N\u00ba 124, de 18 de dezembro de 2024\"><span class=\"extcol\">                                <span class=\"ext ext-pdf\"><\/span>                                Portaria N\u00ba 124, de 18 de dezembro de 2024                            <\/span><\/a><\/td><td class=\"file_size\">4.76 MB<\/td><td class=\"file_created\">23-04-2025<\/td>                                            <td class=\"col-download\">                            <a class=\"downloadlink wpfd_downloadlink\"  href=\"https:\/\/portal.pi.gov.br\/adapi\/download\/328\/equideoslegislacao\/3170\/portaria-no-124-de-18-de-dezembro-de-2024.pdf\" style=\"background-color:#033b85;color:#ffffff;\">Baixar<i class=\"zmdi zmdi-cloud-download wpfd-download\"><\/i><\/a><a                            href=\"https:\/\/docs.google.com\/viewer?url=https%3A%2F%2Fportal.pi.gov.br%2Fadapi%2Fwp-admin%2Fadmin-ajax.php%3Fjuwpfisadmin%3Dfalse%26action%3Dwpfd%26task%3Dfile.download%26wpfd_category_id%3D328%26wpfd_file_id%3D3170%26token%3D%26preview%3D1&#038;embedded=true\"                            class=\"openlink wpfdlightbox wpfd_previewlink\"                            target=\"\"                            data-id=\"3170\"                            data-catid=\"328\"                            data-file-type=\"pdf\">Visualizar<i class=\"zmdi zmdi-filter-center-focus wpfd-preview\"><\/i>                        <\/a>                        <\/td>                                    <\/tr>                            <tr class=\"file\" data-id=\"3169\"                    data-catid=\"328\">                    <td class=\"file_title\"><a class=\"wpfd_downloadlink\" href=\"https:\/\/portal.pi.gov.br\/adapi\/download\/328\/equideoslegislacao\/3169\/memo-circular-mapa-no-22-2018.pdf\" title=\"Memo Circular MAPA n\u00ba 22-2018\"><span class=\"extcol\">                                <span class=\"ext ext-pdf\"><\/span>                                Memo Circular MAPA n\u00ba 22-2018                            <\/span><\/a><\/td><td class=\"file_size\">0.98 MB<\/td><td class=\"file_created\">23-04-2025<\/td>                                            <td class=\"col-download\">                            <a class=\"downloadlink wpfd_downloadlink\"  href=\"https:\/\/portal.pi.gov.br\/adapi\/download\/328\/equideoslegislacao\/3169\/memo-circular-mapa-no-22-2018.pdf\" style=\"background-color:#033b85;color:#ffffff;\">Baixar<i class=\"zmdi zmdi-cloud-download wpfd-download\"><\/i><\/a><a                            href=\"https:\/\/docs.google.com\/viewer?url=https%3A%2F%2Fportal.pi.gov.br%2Fadapi%2Fwp-admin%2Fadmin-ajax.php%3Fjuwpfisadmin%3Dfalse%26action%3Dwpfd%26task%3Dfile.download%26wpfd_category_id%3D328%26wpfd_file_id%3D3169%26token%3D%26preview%3D1&#038;embedded=true\"                            class=\"openlink wpfdlightbox wpfd_previewlink\"                            target=\"\"                            data-id=\"3169\"                            data-catid=\"328\"                            data-file-type=\"pdf\">Visualizar<i class=\"zmdi zmdi-filter-center-focus wpfd-preview\"><\/i>                        <\/a>                        <\/td>                                    <\/tr>                            <tr class=\"file\" data-id=\"3167\"                    data-catid=\"328\">                    <td class=\"file_title\"><a class=\"wpfd_downloadlink\" href=\"https:\/\/portal.pi.gov.br\/adapi\/download\/328\/equideoslegislacao\/3167\/lei-ordinaria-estadual-no-5-628.pdf\" title=\"Lei Ordin\u00e1ria Estadual n\u00ba 5.628\"><span class=\"extcol\">                                <span class=\"ext ext-pdf\"><\/span>                                Lei Ordin\u00e1ria Estadual n\u00ba 5.628                            <\/span><\/a><\/td><td class=\"file_size\">417.77 KB<\/td><td class=\"file_created\">23-04-2025<\/td>                                            <td class=\"col-download\">                            <a class=\"downloadlink wpfd_downloadlink\"  href=\"https:\/\/portal.pi.gov.br\/adapi\/download\/328\/equideoslegislacao\/3167\/lei-ordinaria-estadual-no-5-628.pdf\" style=\"background-color:#033b85;color:#ffffff;\">Baixar<i class=\"zmdi zmdi-cloud-download wpfd-download\"><\/i><\/a><a                            href=\"https:\/\/docs.google.com\/viewer?url=https%3A%2F%2Fportal.pi.gov.br%2Fadapi%2Fwp-admin%2Fadmin-ajax.php%3Fjuwpfisadmin%3Dfalse%26action%3Dwpfd%26task%3Dfile.download%26wpfd_category_id%3D328%26wpfd_file_id%3D3167%26token%3D%26preview%3D1&#038;embedded=true\"                            class=\"openlink wpfdlightbox wpfd_previewlink\"                            target=\"\"                            data-id=\"3167\"                            data-catid=\"328\"                            data-file-type=\"pdf\">Visualizar<i class=\"zmdi zmdi-filter-center-focus wpfd-preview\"><\/i>                        <\/a>                        <\/td>                                    <\/tr>                            <tr class=\"file\" data-id=\"3158\"                    data-catid=\"328\">                    <td class=\"file_title\"><a class=\"wpfd_downloadlink\" href=\"https:\/\/portal.pi.gov.br\/adapi\/download\/328\/equideoslegislacao\/3158\/instrucao-de-servico-dda-no-017-01.pdf\" title=\"Instru\u00e7\u00e3o de Servi\u00e7o DDA n\u00ba 017-01\"><span class=\"extcol\">                                <span class=\"ext ext-pdf\"><\/span>                                Instru\u00e7\u00e3o de Servi\u00e7o DDA n\u00ba 017-01                            <\/span><\/a><\/td><td class=\"file_size\">8.77 KB<\/td><td class=\"file_created\">23-04-2025<\/td>                                            <td class=\"col-download\">                            <a class=\"downloadlink wpfd_downloadlink\"  href=\"https:\/\/portal.pi.gov.br\/adapi\/download\/328\/equideoslegislacao\/3158\/instrucao-de-servico-dda-no-017-01.pdf\" style=\"background-color:#033b85;color:#ffffff;\">Baixar<i class=\"zmdi zmdi-cloud-download wpfd-download\"><\/i><\/a><a                            href=\"https:\/\/docs.google.com\/viewer?url=https%3A%2F%2Fportal.pi.gov.br%2Fadapi%2Fwp-admin%2Fadmin-ajax.php%3Fjuwpfisadmin%3Dfalse%26action%3Dwpfd%26task%3Dfile.download%26wpfd_category_id%3D328%26wpfd_file_id%3D3158%26token%3D%26preview%3D1&#038;embedded=true\"                            class=\"openlink wpfdlightbox wpfd_previewlink\"                            target=\"\"                            data-id=\"3158\"                            data-catid=\"328\"                            data-file-type=\"pdf\">Visualizar<i class=\"zmdi zmdi-filter-center-focus wpfd-preview\"><\/i>                        <\/a>                        <\/td>                                    <\/tr>                        <\/tbody>        <\/table>            <\/div><\/div><\/div><div class='wpfd-pagination'>\n\t<span class='page-numbers current'>1<\/span>\n<a class='page-numbers' data-page='2' data-sourcecat='328'>2<\/a>\n<a class='next page-numbers' data-page='2' data-sourcecat='328'>Pr\u00f3ximo &raquo;<\/a>\n<\/div>\n\n","protected":false},"excerpt":{"rendered":"","protected":false},"author":1832,"featured_media":0,"parent":0,"menu_order":0,"comment_status":"closed","ping_status":"closed","template":"template-fullwidth.php","meta":[],"featured_image_urls":{"full":"","thumbnail":"","medium":"","medium_large":"","large":"","sgg-420":"","sgg-540":"","sgg-780":"","1536x1536":"","2048x2048":"","homepage-slider":"","homepage-slider-small":"","page-top":"","page-small":"","loop-main":"","thumb-gallery-widget":""},"post_excerpt_stackable":"<p>T\u00edtuloTamanhoData de Publica\u00e7\u00e3oBaixar Portaria n\u00ba 593-30.06.2023 &#8211; MAPA 716.38 KB23-04-2025 BaixarVisualizar Portaria n\u00ba 52.201 &#8211; 61-2021 DG ADAPI 333.06 KB23-04-2025 BaixarVisualizar Portaria n\u00ba 52.201 &#8211; 52-2022 DG ADAPI 195.93 KB23-04-2025 BaixarVisualizar Portaria n\u00ba 35 SDA &#8211; MAPA 399.75 KB23-04-2025 BaixarVisualizar Portaria n\u00ba 15.204 &#8211; 102-2013 DG ADAPI 468.73 KB23-04-2025 BaixarVisualizar Portaria n\u00ba 15.204 &#8211; 086-2018 DG ADAPI 426.79 KB23-04-2025 BaixarVisualizar Portaria N\u00ba 124, de 18 de dezembro de 2024 4.76 MB23-04-2025 BaixarVisualizar Memo Circular MAPA n\u00ba 22-2018 0.98 MB23-04-2025 BaixarVisualizar Lei Ordin\u00e1ria Estadual n\u00ba 5.628 417.77 KB23-04-2025 BaixarVisualizar Instru\u00e7\u00e3o de Servi\u00e7o DDA n\u00ba 017-01 8.77 KB23-04-2025 BaixarVisualizar 1 2 Pr\u00f3ximo&hellip;<\/p>\n","category_list":"","author_info":{"name":"ETIPI","url":"https:\/\/portal.pi.gov.br\/adapi\/author\/pallomagualter\/"},"comments_num":"0 coment\u00e1rio","featured_image_urls_v2":{"full":"","thumbnail":"","medium":"","medium_large":"","large":"","sgg-420":"","sgg-540":"","sgg-780":"","1536x1536":"","2048x2048":"","homepage-slider":"","homepage-slider-small":"","page-top":"","page-small":"","loop-main":"","thumb-gallery-widget":""},"post_excerpt_stackable_v2":"<p>T\u00edtuloTamanhoData de Publica\u00e7\u00e3oBaixar Portaria n\u00ba 593-30.06.2023 &#8211; MAPA 716.38 KB23-04-2025 BaixarVisualizar Portaria n\u00ba 52.201 &#8211; 61-2021 DG ADAPI 333.06 KB23-04-2025 BaixarVisualizar Portaria n\u00ba 52.201 &#8211; 52-2022 DG ADAPI 195.93 KB23-04-2025 BaixarVisualizar Portaria n\u00ba 35 SDA &#8211; MAPA 399.75 KB23-04-2025 BaixarVisualizar Portaria n\u00ba 15.204 &#8211; 102-2013 DG ADAPI 468.73 KB23-04-2025 BaixarVisualizar Portaria n\u00ba 15.204 &#8211; 086-2018 DG ADAPI 426.79 KB23-04-2025 BaixarVisualizar Portaria N\u00ba 124, de 18 de dezembro de 2024 4.76 MB23-04-2025 BaixarVisualizar Memo Circular MAPA n\u00ba 22-2018 0.98 MB23-04-2025 BaixarVisualizar Lei Ordin\u00e1ria Estadual n\u00ba 5.628 417.77 KB23-04-2025 BaixarVisualizar Instru\u00e7\u00e3o de Servi\u00e7o DDA n\u00ba 017-01 8.77 KB23-04-2025 BaixarVisualizar 1 2 Pr\u00f3ximo&hellip;<\/p>\n","category_list_v2":"","author_info_v2":{"name":"ETIPI","url":"https:\/\/portal.pi.gov.br\/adapi\/author\/pallomagualter\/"},"comments_num_v2":"0 coment\u00e1rio","_links":{"self":[{"href":"https:\/\/portal.pi.gov.br\/adapi\/wp-json\/wp\/v2\/pages\/2469"}],"collection":[{"href":"https:\/\/portal.pi.gov.br\/adapi\/wp-json\/wp\/v2\/pages"}],"about":[{"href":"https:\/\/portal.pi.gov.br\/adapi\/wp-json\/wp\/v2\/types\/page"}],"author":[{"embeddable":true,"href":"https:\/\/portal.pi.gov.br\/adapi\/wp-json\/wp\/v2\/users\/1832"}],"replies":[{"embeddable":true,"href":"https:\/\/portal.pi.gov.br\/adapi\/wp-json\/wp\/v2\/comments?post=2469"}],"version-history":[{"count":2,"href":"https:\/\/portal.pi.gov.br\/adapi\/wp-json\/wp\/v2\/pages\/2469\/revisions"}],"predecessor-version":[{"id":2706,"href":"https:\/\/portal.pi.gov.br\/adapi\/wp-json\/wp\/v2\/pages\/2469\/revisions\/2706"}],"wp:attachment":[{"href":"https:\/\/portal.pi.gov.br\/adapi\/wp-json\/wp\/v2\/media?parent=2469"}],"curies":[{"name":"wp","href":"https:\/\/api.w.org\/{rel}","templated":true}]}}