{"id":2471,"date":"2025-03-17T14:03:19","date_gmt":"2025-03-17T17:03:19","guid":{"rendered":"https:\/\/portal.pi.gov.br\/adapi\/?page_id=2471"},"modified":"2025-10-07T11:20:16","modified_gmt":"2025-10-07T14:20:16","slug":"equideos-doencas-de-notificacao","status":"publish","type":"page","link":"https:\/\/portal.pi.gov.br\/adapi\/equideos-doencas-de-notificacao\/","title":{"rendered":"Doen\u00e7as de Notifica\u00e7\u00e3o"},"content":{"rendered":"\n<p><strong>Doen\u00e7as e Laborat\u00f3rios<\/strong><\/p>\n\n\n\n<p><strong>Doen\u00e7as de notifica\u00e7\u00e3o obrigat\u00f3ria<\/strong><\/p>\n\n\n\n<p>S\u00e3o as doen\u00e7as constantes da lista da Organiza\u00e7\u00e3o Mundial de Sa\u00fade Animal (OIE), al\u00e9m de outras que possam comprometer o rebanho equ\u00eddeo nacional, a economia, a sa\u00fade p\u00fablica ou o meio ambiente.<\/p>\n\n\n\n<p>Qualquer membro da comunidade deve comunicar, imediatamente, toda suspeita ou ocorr\u00eancia de doen\u00e7as de notifica\u00e7\u00e3o obrigat\u00f3ria \u00e0 unidade mais pr\u00f3xima do \u00f3rg\u00e3o executor das atividades de Defesa Sanit\u00e1ria Animal.<\/p>\n\n\n\n<p>Os esfor\u00e7os para prevenir a introdu\u00e7\u00e3o de novas doen\u00e7as no Brasil concentram-se no controle das importa\u00e7\u00f5es de animais vivos, de material de multiplica\u00e7\u00e3o animal e de produtos com potencial de transmiss\u00e3o dos agentes etiol\u00f3gicos.<\/p>\n\n\n\n<p><strong>Informa\u00e7\u00f5es sobre as principais doen\u00e7as<\/strong><\/p>\n\n\n\n<p><strong>ANEMIA INFECCIOSA EQUINA (AIE)<\/strong><\/p>\n\n\n\n<p>\u2013 A Anemia Infecciosa Equina (AIE) \u00e9 uma doen\u00e7a infectocontagiosa cr\u00f4nica de etiologia viral; Notifica\u00e7\u00e3o e sacrif\u00edcio\/abate obrigat\u00f3rios; afeta equinos, asininos e muares de qualquer idade e sexo.<\/p>\n\n\n\n<p><strong>Sintomas:<\/strong><\/p>\n\n\n\n<p>\u2013 Doen\u00e7a essencialmente cr\u00f4nica, embora possa se apresentar em fases hiperaguda, aguda e subaguda, anemia, icter\u00edcia, depress\u00e3o, hemorragias petequeais, febre recorrente, edema nos membros e abd\u00f4men, perda de peso cr\u00f4nica, Inapet\u00eancia.<\/p>\n\n\n\n<p><strong>Transmiss\u00e3o:<\/strong><\/p>\n\n\n\n<p>\u2013 Insetos hemat\u00f3fagos (taban\u00eddeos e mosca dos est\u00e1bulos), material infectado.<\/p>\n\n\n\n<p><strong>Diagn\u00f3stico:<\/strong><\/p>\n\n\n\n<p>\u2013 Prova sorol\u00f3gica de Imunodifus\u00e3o em Gel de \u00c1gar (IDGA)<\/p>\n\n\n\n<p><strong>Controle e erradica\u00e7\u00e3o:<\/strong><\/p>\n\n\n\n<p>\u2013 Uso de agulhas e seringas descart\u00e1veis; Limpeza de utens\u00edlios utilizados nos animais; Isolamento de animais positivos at\u00e9 o sacrif\u00edcio; Sacrif\u00edcio ou abate dos animais positivos; Realiza\u00e7\u00e3o de exame de diagn\u00f3stico de AIE, para tr\u00e2nsito.<\/p>\n\n\n\n<p><strong>Resultado positivo:<\/strong><\/p>\n\n\n\n<p>\u2013 Encaminhado imediatamente ao Servi\u00e7o Veterin\u00e1rio Oficial (MAPA e ADAPI); Notifica\u00e7\u00e3o ao propriet\u00e1rio; Identifica\u00e7\u00e3o e sacrif\u00edcio do animal portador; Interdi\u00e7\u00e3o da propriedade \u2013 proibi\u00e7\u00e3o do tr\u00e2nsito de todos os equ\u00eddeos at\u00e9 saneamento do foco.<\/p>\n\n\n\n<p><strong>MORMO&nbsp;&nbsp;<\/strong><\/p>\n\n\n\n<p><strong>Agente causador:<\/strong><\/p>\n\n\n\n<p>&#8211; Burkholderia mallei; afeta equinos, asininos e muares; \u00e9 uma zoonose; n\u00e3o existe tratamento; Notifica\u00e7\u00e3o e sacrif\u00edcio obrigat\u00f3rios.<\/p>\n\n\n\n<p><strong>Sintomas:<\/strong><\/p>\n\n\n\n<p>\u2013 Doen\u00e7a de manifesta\u00e7\u00e3o aguda ou cr\u00f4nica:<\/p>\n\n\n\n<p>Forma nasal: Febre alta, descarga nasal e tosse; \u00dalcera e n\u00f3dulos nos membros e abd\u00f4men;<\/p>\n\n\n\n<p>Forma pulmonar: Pneumonia cr\u00f4nica; \u00dalceras nos membros e na mucosa nasal;<\/p>\n\n\n\n<p>Forma cut\u00e2nea: \u00dalceras e n\u00f3dulos nos membros com ou sem secre\u00e7\u00e3o amarelada escura.<\/p>\n\n\n\n<p><strong>Transmiss\u00e3o:<\/strong><\/p>\n\n\n\n<p>\u2013 Contato direto com as secre\u00e7\u00f5es e excre\u00e7\u00f5es dos animais doentes.<\/p>\n\n\n\n<p><strong>Controle e erradica\u00e7\u00e3o:<\/strong><\/p>\n\n\n\n<p>\u2013 Sacrif\u00edcio de animais positivos; Enterro ou incinera\u00e7\u00e3o dos cad\u00e1veres; Desinfec\u00e7\u00e3o das instala\u00e7\u00f5es; Interdi\u00e7\u00e3o das propriedades e saneamento do foco; Notifica\u00e7\u00e3o de qualquer suspeita ao servi\u00e7o oficial.<\/p>\n\n\n\n<p><strong>Resultado positivo:<\/strong><\/p>\n\n\n\n<p>\u2013 Encaminhado imediatamente ao Servi\u00e7o Veterin\u00e1rio Oficial (MAPA e ADAPI); Notifica\u00e7\u00e3o ao propriet\u00e1rio; Identifica\u00e7\u00e3o e sacrif\u00edcio do animal portador; Interdi\u00e7\u00e3o da propriedade \u2013 proibi\u00e7\u00e3o do tr\u00e2nsito de todos os equ\u00eddeos at\u00e9 saneamento do foco.<\/p>\n\n\n\n<p><\/p>\n\n\n\n<p><a href=\"https:\/\/www.gov.br\/agricultura\/pt-br\/assuntos\/sanidade-animal-e-vegetal\/saude-animal\/programas-de-saude-animal\/sanidade-de-equideos\">LISTA DE VETERIN\u00c1RIOS HABILITADOS PARA COLHEITA E ENVIO DE MATERIAL PARA O DIAGN\u00d3STICO DE MORMO AOS LABORAT\u00d3RIOS CREDENCIADOS, DE ACORDO COM A IN MAPA N\u00ba 6\/2018<\/a><\/p>\n\n\n\n<p><\/p>\n\n\n\n<p><strong><br>INFLUENZA EQUINA<\/strong><\/p>\n\n\n\n<p>A Influenza Equina \u00e9 uma doen\u00e7a viral, altamente contagiosa, sendo em muitos pa\u00edses considerada a enfermidade respirat\u00f3ria de maior import\u00e2ncia para a esp\u00e9cie. Afeta equ\u00eddeos de forma geral n\u00e3o se conhecendo predile\u00e7\u00e3o por ra\u00e7a ou sexo. Em geral afeta animais de um a tr\u00eas anos, podendo tamb\u00e9m ocorrer em qualquer outra idade. O cont\u00e1gio ocorre por meio do contato com as secre\u00e7\u00f5es nasais, urina e fezes dos animais contaminados, ou por via indireta, por meio de \u00e1gua, alimentos e objetos contaminados.<\/p>\n\n\n\n<p><strong>Eventos Agropecu\u00e1rios e a Sanidade dos Equ\u00eddeos<\/strong><\/p>\n\n\n\n<p>Eventos agropecu\u00e1rios de grande porte aglomeram uma grande quantidade de animais, predispondo-os aos riscos de contamina\u00e7\u00e3o por v\u00e1rios tipos de pat\u00f3genos. A fiscaliza\u00e7\u00e3o destes eventos agropecu\u00e1rios pelos servi\u00e7os veterin\u00e1rios oficiais tem como objetivo controlar a dissemina\u00e7\u00e3o das doen\u00e7as alvo do Programa Nacional de Sanidade dos Equ\u00eddeos.<\/p>\n\n\n\n<p>A participa\u00e7\u00e3o dos propriet\u00e1rios de equ\u00eddeos, por meio da compreens\u00e3o e cumprimento das normas sanit\u00e1rias e do correto manejo dos animais, \u00e9 fundamental para a efetiva\u00e7\u00e3o dos prop\u00f3sitos do Programa Nacional de Sanidade dos Equ\u00eddeos.<\/p>\n\n\n\n<p><strong>Exig\u00eancias para tr\u00e2nsito de equ\u00eddeos:<\/strong><\/p>\n\n\n\n<p>&#8211; Guia de Tr\u00e2nsito Animal \u2013 GTA<\/p>\n\n\n\n<p>&#8211; Exame negativo de Anemia Infecciosa Equina \u2013 AIE<\/p>\n\n\n\n<p>&#8211; Exame negativo de MORMO&nbsp;<\/p>\n\n\n\n<p>&#8211; Vacina\u00e7\u00e3o contra Influenza Equina&nbsp;<\/p>\n\n\n\n<p><strong>LABORAT\u00d3RIO CREDENCIADO<\/strong><\/p>\n\n\n\n<figure class=\"wp-block-table\"><table><tbody><tr><td colspan=\"2\"><strong>Nutrisan Laborat\u00f3rio Animal<\/strong><\/td><\/tr><tr><td>Endere\u00e7o<\/td><td>R. S\u00e3o Jo\u00e3o &#8211; Centro (Sul), Teresina &#8211; PI, 64018-500<\/td><\/tr><tr><td>Contato<\/td><td>(86) 3213-7110<\/td><\/tr><tr><td>Gerente T\u00e9cnico<\/td><td>Reginaldo Soares Veloso<\/td><\/tr><tr><td>Email<\/td><td>reginaldo.veloso@yahoo.com.br<\/td><\/tr><\/tbody><\/table><\/figure>\n","protected":false},"excerpt":{"rendered":"<p>Doen\u00e7as e Laborat\u00f3rios Doen\u00e7as de notifica\u00e7\u00e3o obrigat\u00f3ria S\u00e3o as doen\u00e7as constantes da lista da Organiza\u00e7\u00e3o Mundial de Sa\u00fade Animal (OIE), al\u00e9m de outras que possam comprometer o rebanho equ\u00eddeo nacional, [&hellip;]<\/p>\n","protected":false},"author":1832,"featured_media":0,"parent":0,"menu_order":0,"comment_status":"closed","ping_status":"closed","template":"template-fullwidth.php","meta":[],"featured_image_urls":{"full":"","thumbnail":"","medium":"","medium_large":"","large":"","sgg-420":"","sgg-540":"","sgg-780":"","1536x1536":"","2048x2048":"","homepage-slider":"","homepage-slider-small":"","page-top":"","page-small":"","loop-main":"","thumb-gallery-widget":""},"post_excerpt_stackable":"<p>Doen\u00e7as e Laborat\u00f3rios Doen\u00e7as de notifica\u00e7\u00e3o obrigat\u00f3ria S\u00e3o as doen\u00e7as constantes da lista da Organiza\u00e7\u00e3o Mundial de Sa\u00fade Animal (OIE), al\u00e9m de outras que possam comprometer o rebanho equ\u00eddeo nacional, a economia, a sa\u00fade p\u00fablica ou o meio ambiente. Qualquer membro da comunidade deve comunicar, imediatamente, toda suspeita ou ocorr\u00eancia de doen\u00e7as de notifica\u00e7\u00e3o obrigat\u00f3ria \u00e0 unidade mais pr\u00f3xima do \u00f3rg\u00e3o executor das atividades de Defesa Sanit\u00e1ria Animal. Os esfor\u00e7os para prevenir a introdu\u00e7\u00e3o de novas doen\u00e7as no Brasil concentram-se no controle das importa\u00e7\u00f5es de animais vivos, de material de multiplica\u00e7\u00e3o animal e de produtos com potencial de transmiss\u00e3o dos&hellip;<\/p>\n","category_list":"","author_info":{"name":"ETIPI","url":"https:\/\/portal.pi.gov.br\/adapi\/author\/pallomagualter\/"},"comments_num":"0 coment\u00e1rio","featured_image_urls_v2":{"full":"","thumbnail":"","medium":"","medium_large":"","large":"","sgg-420":"","sgg-540":"","sgg-780":"","1536x1536":"","2048x2048":"","homepage-slider":"","homepage-slider-small":"","page-top":"","page-small":"","loop-main":"","thumb-gallery-widget":""},"post_excerpt_stackable_v2":"<p>Doen\u00e7as e Laborat\u00f3rios Doen\u00e7as de notifica\u00e7\u00e3o obrigat\u00f3ria S\u00e3o as doen\u00e7as constantes da lista da Organiza\u00e7\u00e3o Mundial de Sa\u00fade Animal (OIE), al\u00e9m de outras que possam comprometer o rebanho equ\u00eddeo nacional, a economia, a sa\u00fade p\u00fablica ou o meio ambiente. Qualquer membro da comunidade deve comunicar, imediatamente, toda suspeita ou ocorr\u00eancia de doen\u00e7as de notifica\u00e7\u00e3o obrigat\u00f3ria \u00e0 unidade mais pr\u00f3xima do \u00f3rg\u00e3o executor das atividades de Defesa Sanit\u00e1ria Animal. Os esfor\u00e7os para prevenir a introdu\u00e7\u00e3o de novas doen\u00e7as no Brasil concentram-se no controle das importa\u00e7\u00f5es de animais vivos, de material de multiplica\u00e7\u00e3o animal e de produtos com potencial de transmiss\u00e3o dos&hellip;<\/p>\n","category_list_v2":"","author_info_v2":{"name":"ETIPI","url":"https:\/\/portal.pi.gov.br\/adapi\/author\/pallomagualter\/"},"comments_num_v2":"0 coment\u00e1rio","_links":{"self":[{"href":"https:\/\/portal.pi.gov.br\/adapi\/wp-json\/wp\/v2\/pages\/2471"}],"collection":[{"href":"https:\/\/portal.pi.gov.br\/adapi\/wp-json\/wp\/v2\/pages"}],"about":[{"href":"https:\/\/portal.pi.gov.br\/adapi\/wp-json\/wp\/v2\/types\/page"}],"author":[{"embeddable":true,"href":"https:\/\/portal.pi.gov.br\/adapi\/wp-json\/wp\/v2\/users\/1832"}],"replies":[{"embeddable":true,"href":"https:\/\/portal.pi.gov.br\/adapi\/wp-json\/wp\/v2\/comments?post=2471"}],"version-history":[{"count":3,"href":"https:\/\/portal.pi.gov.br\/adapi\/wp-json\/wp\/v2\/pages\/2471\/revisions"}],"predecessor-version":[{"id":4364,"href":"https:\/\/portal.pi.gov.br\/adapi\/wp-json\/wp\/v2\/pages\/2471\/revisions\/4364"}],"wp:attachment":[{"href":"https:\/\/portal.pi.gov.br\/adapi\/wp-json\/wp\/v2\/media?parent=2471"}],"curies":[{"name":"wp","href":"https:\/\/api.w.org\/{rel}","templated":true}]}}