{"id":2477,"date":"2025-03-17T14:05:38","date_gmt":"2025-03-17T17:05:38","guid":{"rendered":"https:\/\/portal.pi.gov.br\/adapi\/?page_id=2477"},"modified":"2025-10-07T11:28:31","modified_gmt":"2025-10-07T14:28:31","slug":"caprinos-e-ovinos-doencas","status":"publish","type":"page","link":"https:\/\/portal.pi.gov.br\/adapi\/caprinos-e-ovinos-doencas\/","title":{"rendered":"Doen\u00e7as"},"content":{"rendered":"\n<p><strong>1 &#8211;&nbsp;Lentiviroses de Pequenos Ruminantes: CAE \/ Maedi-Visna<\/strong><strong><\/strong><\/p>\n\n\n\n<p><strong>Principais Sinais Cl\u00ednicos:<\/strong><\/p>\n\n\n\n<p>Artrite Encefalite Caprina &#8211; CAE<\/p>\n\n\n\n<p>Em desenvolvimento<\/p>\n\n\n\n<p><strong>2 &#8211;&nbsp;Epididimite Infecciosa Ovina (Brucelose Ovina)<\/strong><\/p>\n\n\n\n<p><strong>Conceitua\u00e7\u00e3o:<\/strong>&nbsp;Processo infeccioso cl\u00ednico ou subcl\u00ednico e de tend\u00eancia \u00e0 cr\u00f4nica, causada pela Brucellla ovis, caracterizada por les\u00f5es genitais de epididimite nos machos e placentite nas f\u00eameas com raros casos de abortamento, elevada mortalidade de rec\u00e9m nascidos, elevada freq\u00fc\u00eancia de nascidos com baixo peso e baixa viabilidade condicionado \u00e0 elevada mortalidade.<\/p>\n\n\n\n<p><strong>Sinais Cl\u00ednicos:<\/strong>Ovinos afetados manifestam inflama\u00e7\u00e3o dos test\u00edculos e epid\u00eddimo (uni ou bilateral), facilmente palp\u00e1vel. \u00c9 um procedimento de suspei\u00e7\u00e3o e somente confirmado com base em prova laboratorial direta (bacteriol\u00f3gica para isolamento) e indireta (sorol\u00f3gica).<br>Nas f\u00eameas se observam abortamento e endometrite. Ressalta-se que o diagn\u00f3stico cl\u00ednico \u00e9 extremamente inespec\u00edfico devido \u00e0 exist\u00eancia de muitas outras bact\u00e9rias causadoras de epididimite tais como Actinobacillus seminis, Histophilus ovis.<br>Lembre-se tamb\u00e9m que muitos casos de epididimite s\u00e3o est\u00e9reis ou traum\u00e1ticas que induzem \u00e0 forma\u00e7\u00e3o de granuloma.<\/p>\n\n\n\n<p><strong>3 &#8211;&nbsp;Linfadenite Caseosa ou Mal-do-Caro\u00e7o<\/strong><\/p>\n\n\n\n<p><strong>Conceitua\u00e7\u00e3o:<\/strong>\u00c9 causada pela bact\u00e9ria Corynebacterium pseudotuberculosis.<br>Manifesta-se, clinicamente, pelo aparecimento de abscessos juntos aos g\u00e2nglios superficiais.<br>Os abscessos localizam-se, com mais freq\u00fc\u00eancia, nos g\u00e2nglios pr\u00e9-escapulares (esp\u00e1tula) e parot\u00eddeos (pr\u00e9-auricular), seguidos pelos g\u00e2nglios pr\u00e9-curais (flanco).<br>A doen\u00e7a pode, ocasionalmente, encontrar-se nos \u00f3rg\u00e3os e ou linfonodos internos.<\/p>\n\n\n\n<p><strong>Sinais Cl\u00ednicos:<\/strong><\/p>\n\n\n\n<figure class=\"wp-block-image\"><img decoding=\"async\" src=\"http:\/\/www.adapinovo.pi.gov.br\/imagem\/201811\/ADAPI30_f8f795252a.jpg\" alt=\"Linfadenite caseosa\" \/><\/figure>\n","protected":false},"excerpt":{"rendered":"<p>1 &#8211;&nbsp;Lentiviroses de Pequenos Ruminantes: CAE \/ Maedi-Visna Principais Sinais Cl\u00ednicos: Artrite Encefalite Caprina &#8211; CAE Em desenvolvimento 2 &#8211;&nbsp;Epididimite Infecciosa Ovina (Brucelose Ovina) Conceitua\u00e7\u00e3o:&nbsp;Processo infeccioso cl\u00ednico ou subcl\u00ednico e [&hellip;]<\/p>\n","protected":false},"author":1832,"featured_media":0,"parent":0,"menu_order":0,"comment_status":"closed","ping_status":"closed","template":"template-fullwidth.php","meta":[],"featured_image_urls":{"full":"","thumbnail":"","medium":"","medium_large":"","large":"","sgg-420":"","sgg-540":"","sgg-780":"","1536x1536":"","2048x2048":"","homepage-slider":"","homepage-slider-small":"","page-top":"","page-small":"","loop-main":"","thumb-gallery-widget":""},"post_excerpt_stackable":"<p>1 &#8211;&nbsp;Lentiviroses de Pequenos Ruminantes: CAE \/ Maedi-Visna Principais Sinais Cl\u00ednicos: Artrite Encefalite Caprina &#8211; CAE Em desenvolvimento 2 &#8211;&nbsp;Epididimite Infecciosa Ovina (Brucelose Ovina) Conceitua\u00e7\u00e3o:&nbsp;Processo infeccioso cl\u00ednico ou subcl\u00ednico e de tend\u00eancia \u00e0 cr\u00f4nica, causada pela Brucellla ovis, caracterizada por les\u00f5es genitais de epididimite nos machos e placentite nas f\u00eameas com raros casos de abortamento, elevada mortalidade de rec\u00e9m nascidos, elevada freq\u00fc\u00eancia de nascidos com baixo peso e baixa viabilidade condicionado \u00e0 elevada mortalidade. Sinais Cl\u00ednicos:Ovinos afetados manifestam inflama\u00e7\u00e3o dos test\u00edculos e epid\u00eddimo (uni ou bilateral), facilmente palp\u00e1vel. \u00c9 um procedimento de suspei\u00e7\u00e3o e somente confirmado com base em prova&hellip;<\/p>\n","category_list":"","author_info":{"name":"ETIPI","url":"https:\/\/portal.pi.gov.br\/adapi\/author\/pallomagualter\/"},"comments_num":"0 coment\u00e1rio","featured_image_urls_v2":{"full":"","thumbnail":"","medium":"","medium_large":"","large":"","sgg-420":"","sgg-540":"","sgg-780":"","1536x1536":"","2048x2048":"","homepage-slider":"","homepage-slider-small":"","page-top":"","page-small":"","loop-main":"","thumb-gallery-widget":""},"post_excerpt_stackable_v2":"<p>1 &#8211;&nbsp;Lentiviroses de Pequenos Ruminantes: CAE \/ Maedi-Visna Principais Sinais Cl\u00ednicos: Artrite Encefalite Caprina &#8211; CAE Em desenvolvimento 2 &#8211;&nbsp;Epididimite Infecciosa Ovina (Brucelose Ovina) Conceitua\u00e7\u00e3o:&nbsp;Processo infeccioso cl\u00ednico ou subcl\u00ednico e de tend\u00eancia \u00e0 cr\u00f4nica, causada pela Brucellla ovis, caracterizada por les\u00f5es genitais de epididimite nos machos e placentite nas f\u00eameas com raros casos de abortamento, elevada mortalidade de rec\u00e9m nascidos, elevada freq\u00fc\u00eancia de nascidos com baixo peso e baixa viabilidade condicionado \u00e0 elevada mortalidade. Sinais Cl\u00ednicos:Ovinos afetados manifestam inflama\u00e7\u00e3o dos test\u00edculos e epid\u00eddimo (uni ou bilateral), facilmente palp\u00e1vel. \u00c9 um procedimento de suspei\u00e7\u00e3o e somente confirmado com base em prova&hellip;<\/p>\n","category_list_v2":"","author_info_v2":{"name":"ETIPI","url":"https:\/\/portal.pi.gov.br\/adapi\/author\/pallomagualter\/"},"comments_num_v2":"0 coment\u00e1rio","_links":{"self":[{"href":"https:\/\/portal.pi.gov.br\/adapi\/wp-json\/wp\/v2\/pages\/2477"}],"collection":[{"href":"https:\/\/portal.pi.gov.br\/adapi\/wp-json\/wp\/v2\/pages"}],"about":[{"href":"https:\/\/portal.pi.gov.br\/adapi\/wp-json\/wp\/v2\/types\/page"}],"author":[{"embeddable":true,"href":"https:\/\/portal.pi.gov.br\/adapi\/wp-json\/wp\/v2\/users\/1832"}],"replies":[{"embeddable":true,"href":"https:\/\/portal.pi.gov.br\/adapi\/wp-json\/wp\/v2\/comments?post=2477"}],"version-history":[{"count":3,"href":"https:\/\/portal.pi.gov.br\/adapi\/wp-json\/wp\/v2\/pages\/2477\/revisions"}],"predecessor-version":[{"id":4367,"href":"https:\/\/portal.pi.gov.br\/adapi\/wp-json\/wp\/v2\/pages\/2477\/revisions\/4367"}],"wp:attachment":[{"href":"https:\/\/portal.pi.gov.br\/adapi\/wp-json\/wp\/v2\/media?parent=2477"}],"curies":[{"name":"wp","href":"https:\/\/api.w.org\/{rel}","templated":true}]}}