{"id":2487,"date":"2025-03-17T14:09:03","date_gmt":"2025-03-17T17:09:03","guid":{"rendered":"https:\/\/portal.pi.gov.br\/adapi\/?page_id=2487"},"modified":"2025-03-18T13:05:38","modified_gmt":"2025-03-18T16:05:38","slug":"avicola-legislacao","status":"publish","type":"page","link":"https:\/\/portal.pi.gov.br\/adapi\/avicola-legislacao\/","title":{"rendered":"Legisla\u00e7\u00e3o"},"content":{"rendered":"<script type=\"text\/x-handlebars-template\"        id=\"wpfd-template-table-categories-326\">    <div class=\"wpfd-categories\">{{#if category}}{{#with category}}{{#if parent}}<a class=\"catlink backcategory\" href=\"#\" data-idcat=\"{{parent}}\">                        <i class=\"zmdi zmdi-chevron-left\"><\/i><span>Voltar<\/span><\/a>{{\/if}}{{\/with}}{{\/if}}<\/div><\/script><script type=\"text\/x-handlebars-template\" id=\"wpfd-template-table-326\">    {{#if files}}    {{#each files}}    <tr class=\"file\" data-id=\"{{ID}}\" data-catid=\"{{catid}}\">    <td class=\"file_title\"><a class=\"wpfd_downloadlink\" href=\"{{linkdownload}}\" title=\"{{post_title}}\"><span class=\"extcol\">{{#if file_custom_icon}}<span class=\"icon-custom\"><img src=\"{{file_custom_icon}}\"><\/span>{{else}}<span class=\"ext ext-{{ext}}\"><\/span>{{\/if}}<\/span>{{{crop_title}}}<\/a><\/td><td class=\"file_size\">{{bytesToSize size}}<\/td><td class=\"file_created\">{{created}}<\/td>                    <td class=\"col-download\">                <a class=\"downloadlink wpfd_downloadlink\"  href=\"{{linkdownload}}\" style=\"background-color:#033b85;color:#ffffff;\">Baixar<i class=\"zmdi zmdi-cloud-download wpfd-download\"><\/i><\/a>{{#if openpdflink}}<a class=\"openlink wpfdlightbox wpfd_previewlink\" href=\"{{openpdflink}}\" target=\"\">Visualizar                            <i class=\"zmdi zmdi-filter-center-focus wpfd-preview\"><\/i>                        <\/a>{{else}}{{#if viewerlink}}<a                            href=\"{{viewerlink}}\"                            class=\"openlink wpfdlightbox wpfd_previewlink\"                            target=\"\"                            data-id=\"{{ID}}\"                            data-catid=\"{{catid}}\"                            data-file-type=\"{{ext}}\">Visualizar<i class=\"zmdi zmdi-filter-center-focus wpfd-preview\"><\/i>                        <\/a>{{\/if}}{{\/if}}            <\/td>            <\/tr>    {{\/each}}    {{\/if}}<\/script><div class=\"wpfd-content wpfd-content-table wpfd-content-multi colstyle\" data-category=\"326\"><input type=\"hidden\" id=\"current_category_326\" value=\"326\" \/>                    <input type=\"hidden\" id=\"current_category_slug_326\" value=\"avicola-legislacao\" \/>                    <input type=\"hidden\" id=\"current_ordering_326\" value=\"created_time\" \/>                    <input type=\"hidden\" id=\"current_ordering_direction_326\" value=\"desc\" \/><div class=\"wpfd-container\">        <div class=\"wpfd-open-tree\"><\/div>    <div class=\"wpfd-container-table \">        <div class=\"wpfd-categories\"><\/div>        <table class=\"wpfd-table wpfd-table-bordered wpfd-table-striped mediaTable\">            <thead>            <tr>                <th class=\"essential persist file_title\">T\u00edtulo<\/th><th class=\"optional file_size\">Tamanho<\/th><th class=\"optional file_created\">Data de Publica\u00e7\u00e3o<\/th><th class=\"essential file_download\">Baixar<\/th>            <\/tr>            <\/thead>            <tbody>                            <tr class=\"file\" data-id=\"4389\"                    data-catid=\"326\">                    <td class=\"file_title\"><a class=\"wpfd_downloadlink\" href=\"https:\/\/portal.pi.gov.br\/adapi\/download\/326\/avicola-legislacao\/4389\/portaria-mapa-n845-de-3-de-outurbo-de-2025-prorroga-por-180-dias-estado-de-emergencia-para-ia.pdf\" title=\"PORTARIA MAPA N\u00b0845, DE 3 DE OUTURBO DE 2025 - prorroga por 180 dias estado de emerg\u00eancia para IA\"><span class=\"extcol\">                                <span class=\"ext ext-pdf\"><\/span>                                PORTARIA MAPA N\u00b0845, DE 3 DE OUTURBO DE 2025 - prorroga por 180 dias estado de emerg\u00eancia para IA                            <\/span><\/a><\/td><td class=\"file_size\">52.93 KB<\/td><td class=\"file_created\">08-10-2025<\/td>                                            <td class=\"col-download\">                            <a class=\"downloadlink wpfd_downloadlink\"  href=\"https:\/\/portal.pi.gov.br\/adapi\/download\/326\/avicola-legislacao\/4389\/portaria-mapa-n845-de-3-de-outurbo-de-2025-prorroga-por-180-dias-estado-de-emergencia-para-ia.pdf\" style=\"background-color:#033b85;color:#ffffff;\">Baixar<i class=\"zmdi zmdi-cloud-download wpfd-download\"><\/i><\/a><a                            href=\"https:\/\/docs.google.com\/viewer?url=https%3A%2F%2Fportal.pi.gov.br%2Fadapi%2Fwp-admin%2Fadmin-ajax.php%3Fjuwpfisadmin%3Dfalse%26action%3Dwpfd%26task%3Dfile.download%26wpfd_category_id%3D326%26wpfd_file_id%3D4389%26token%3D%26preview%3D1&#038;embedded=true\"                            class=\"openlink wpfdlightbox wpfd_previewlink\"                            target=\"\"                            data-id=\"4389\"                            data-catid=\"326\"                            data-file-type=\"pdf\">Visualizar<i class=\"zmdi zmdi-filter-center-focus wpfd-preview\"><\/i>                        <\/a>                        <\/td>                                    <\/tr>                            <tr class=\"file\" data-id=\"4361\"                    data-catid=\"326\">                    <td class=\"file_title\"><a class=\"wpfd_downloadlink\" href=\"https:\/\/portal.pi.gov.br\/adapi\/download\/326\/avicola-legislacao\/4361\/portaria-sda_mapa-no-1-358-de-14-de-agosto-de-2025-certificacao-granjas-suinos.pdf\" title=\"Portaria SDA_MAPA n\u00ba 1.358, de 14 de agosto de 2025 - certifica\u00e7\u00e3o granjas su\u00ednos\"><span class=\"extcol\">                                <span class=\"ext ext-pdf\"><\/span>                                Portaria SDA_MAPA n\u00ba 1.358, de 14 de agosto de 2025 - certifica\u00e7\u00e3o granjas su\u00ednos                            <\/span><\/a><\/td><td class=\"file_size\">727.46 KB<\/td><td class=\"file_created\">07-10-2025<\/td>                                            <td class=\"col-download\">                            <a class=\"downloadlink wpfd_downloadlink\"  href=\"https:\/\/portal.pi.gov.br\/adapi\/download\/326\/avicola-legislacao\/4361\/portaria-sda_mapa-no-1-358-de-14-de-agosto-de-2025-certificacao-granjas-suinos.pdf\" style=\"background-color:#033b85;color:#ffffff;\">Baixar<i class=\"zmdi zmdi-cloud-download wpfd-download\"><\/i><\/a><a                            href=\"https:\/\/docs.google.com\/viewer?url=https%3A%2F%2Fportal.pi.gov.br%2Fadapi%2Fwp-admin%2Fadmin-ajax.php%3Fjuwpfisadmin%3Dfalse%26action%3Dwpfd%26task%3Dfile.download%26wpfd_category_id%3D326%26wpfd_file_id%3D4361%26token%3D%26preview%3D1&#038;embedded=true\"                            class=\"openlink wpfdlightbox wpfd_previewlink\"                            target=\"\"                            data-id=\"4361\"                            data-catid=\"326\"                            data-file-type=\"pdf\">Visualizar<i class=\"zmdi zmdi-filter-center-focus wpfd-preview\"><\/i>                        <\/a>                        <\/td>                                    <\/tr>                            <tr class=\"file\" data-id=\"4255\"                    data-catid=\"326\">                    <td class=\"file_title\"><a class=\"wpfd_downloadlink\" href=\"https:\/\/portal.pi.gov.br\/adapi\/download\/326\/avicola-legislacao\/4255\/ficha-tecnica-dnc-julho-2025.pdf\" title=\"Ficha Tecnica DNC (JULHO 2025)\"><span class=\"extcol\">                                <span class=\"ext ext-pdf\"><\/span>                                Ficha Tecnica DNC (JULHO 2025)                            <\/span><\/a><\/td><td class=\"file_size\">491.42 KB<\/td><td class=\"file_created\">12-09-2025<\/td>                                            <td class=\"col-download\">                            <a class=\"downloadlink wpfd_downloadlink\"  href=\"https:\/\/portal.pi.gov.br\/adapi\/download\/326\/avicola-legislacao\/4255\/ficha-tecnica-dnc-julho-2025.pdf\" style=\"background-color:#033b85;color:#ffffff;\">Baixar<i class=\"zmdi zmdi-cloud-download wpfd-download\"><\/i><\/a><a                            href=\"https:\/\/docs.google.com\/viewer?url=https%3A%2F%2Fportal.pi.gov.br%2Fadapi%2Fwp-admin%2Fadmin-ajax.php%3Fjuwpfisadmin%3Dfalse%26action%3Dwpfd%26task%3Dfile.download%26wpfd_category_id%3D326%26wpfd_file_id%3D4255%26token%3D%26preview%3D1&#038;embedded=true\"                            class=\"openlink wpfdlightbox wpfd_previewlink\"                            target=\"\"                            data-id=\"4255\"                            data-catid=\"326\"                            data-file-type=\"pdf\">Visualizar<i class=\"zmdi zmdi-filter-center-focus wpfd-preview\"><\/i>                        <\/a>                        <\/td>                                    <\/tr>                            <tr class=\"file\" data-id=\"4254\"                    data-catid=\"326\">                    <td class=\"file_title\"><a class=\"wpfd_downloadlink\" href=\"https:\/\/portal.pi.gov.br\/adapi\/download\/326\/avicola-legislacao\/4254\/ficha-tecnica-ia-julho-2025.pdf\" title=\"Ficha Tecnica IA (JULHO 2025)\"><span class=\"extcol\">                                <span class=\"ext ext-pdf\"><\/span>                                Ficha Tecnica IA (JULHO 2025)                            <\/span><\/a><\/td><td class=\"file_size\">480.24 KB<\/td><td class=\"file_created\">12-09-2025<\/td>                                            <td class=\"col-download\">                            <a class=\"downloadlink wpfd_downloadlink\"  href=\"https:\/\/portal.pi.gov.br\/adapi\/download\/326\/avicola-legislacao\/4254\/ficha-tecnica-ia-julho-2025.pdf\" style=\"background-color:#033b85;color:#ffffff;\">Baixar<i class=\"zmdi zmdi-cloud-download wpfd-download\"><\/i><\/a><a                            href=\"https:\/\/docs.google.com\/viewer?url=https%3A%2F%2Fportal.pi.gov.br%2Fadapi%2Fwp-admin%2Fadmin-ajax.php%3Fjuwpfisadmin%3Dfalse%26action%3Dwpfd%26task%3Dfile.download%26wpfd_category_id%3D326%26wpfd_file_id%3D4254%26token%3D%26preview%3D1&#038;embedded=true\"                            class=\"openlink wpfdlightbox wpfd_previewlink\"                            target=\"\"                            data-id=\"4254\"                            data-catid=\"326\"                            data-file-type=\"pdf\">Visualizar<i class=\"zmdi zmdi-filter-center-focus wpfd-preview\"><\/i>                        <\/a>                        <\/td>                                    <\/tr>                            <tr class=\"file\" data-id=\"3625\"                    data-catid=\"326\">                    <td class=\"file_title\"><a class=\"wpfd_downloadlink\" href=\"https:\/\/portal.pi.gov.br\/adapi\/download\/326\/avicola-legislacao\/3625\/decreto-no-23-837-de-19-de-maio-de-2025.pdf\" title=\"DECRETO N\u00ba 23.837, DE 19 DE MAIO DE 2025\"><span class=\"extcol\">                                <span class=\"ext ext-pdf\"><\/span>                                DECRETO N\u00ba 23.837, DE 19 DE MAIO DE 2025                            <\/span><\/a><\/td><td class=\"file_size\">1.76 MB<\/td><td class=\"file_created\">27-05-2025<\/td>                                            <td class=\"col-download\">                            <a class=\"downloadlink wpfd_downloadlink\"  href=\"https:\/\/portal.pi.gov.br\/adapi\/download\/326\/avicola-legislacao\/3625\/decreto-no-23-837-de-19-de-maio-de-2025.pdf\" style=\"background-color:#033b85;color:#ffffff;\">Baixar<i class=\"zmdi zmdi-cloud-download wpfd-download\"><\/i><\/a><a                            href=\"https:\/\/docs.google.com\/viewer?url=https%3A%2F%2Fportal.pi.gov.br%2Fadapi%2Fwp-admin%2Fadmin-ajax.php%3Fjuwpfisadmin%3Dfalse%26action%3Dwpfd%26task%3Dfile.download%26wpfd_category_id%3D326%26wpfd_file_id%3D3625%26token%3D%26preview%3D1&#038;embedded=true\"                            class=\"openlink wpfdlightbox wpfd_previewlink\"                            target=\"\"                            data-id=\"3625\"                            data-catid=\"326\"                            data-file-type=\"pdf\">Visualizar<i class=\"zmdi zmdi-filter-center-focus wpfd-preview\"><\/i>                        <\/a>                        <\/td>                                    <\/tr>                            <tr class=\"file\" data-id=\"3624\"                    data-catid=\"326\">                    <td class=\"file_title\"><a class=\"wpfd_downloadlink\" href=\"https:\/\/portal.pi.gov.br\/adapi\/download\/326\/avicola-legislacao\/3624\/plano-de-contingencia-ia-e-dnc.pdf\" title=\"Plano de Conting\u00eancia IA e DNC\"><span class=\"extcol\">                                <span class=\"ext ext-pdf\"><\/span>                                Plano de Conting\u00eancia IA e DNC                            <\/span><\/a><\/td><td class=\"file_size\">0.96 MB<\/td><td class=\"file_created\">20-05-2025<\/td>                                            <td class=\"col-download\">                            <a class=\"downloadlink wpfd_downloadlink\"  href=\"https:\/\/portal.pi.gov.br\/adapi\/download\/326\/avicola-legislacao\/3624\/plano-de-contingencia-ia-e-dnc.pdf\" style=\"background-color:#033b85;color:#ffffff;\">Baixar<i class=\"zmdi zmdi-cloud-download wpfd-download\"><\/i><\/a><a                            href=\"https:\/\/docs.google.com\/viewer?url=https%3A%2F%2Fportal.pi.gov.br%2Fadapi%2Fwp-admin%2Fadmin-ajax.php%3Fjuwpfisadmin%3Dfalse%26action%3Dwpfd%26task%3Dfile.download%26wpfd_category_id%3D326%26wpfd_file_id%3D3624%26token%3D%26preview%3D1&#038;embedded=true\"                            class=\"openlink wpfdlightbox wpfd_previewlink\"                            target=\"\"                            data-id=\"3624\"                            data-catid=\"326\"                            data-file-type=\"pdf\">Visualizar<i class=\"zmdi zmdi-filter-center-focus wpfd-preview\"><\/i>                        <\/a>                        <\/td>                                    <\/tr>                            <tr class=\"file\" data-id=\"3152\"                    data-catid=\"326\">                    <td class=\"file_title\"><a class=\"wpfd_downloadlink\" href=\"https:\/\/portal.pi.gov.br\/adapi\/download\/326\/avicola-legislacao\/3152\/nota-sobre-situacao-da-influenza-aviaria-na-america-do-sul.pdf\" title=\"Nota sobre situa\u00e7\u00e3o da influenza avi\u00e1ria na Am\u00e9rica do Sul -\"><span class=\"extcol\">                                <span class=\"ext ext-pdf\"><\/span>                                Nota sobre situa\u00e7\u00e3o da influenza avi\u00e1ria na Am\u00e9rica do Sul -                            <\/span><\/a><\/td><td class=\"file_size\">251.45 KB<\/td><td class=\"file_created\">23-04-2025<\/td>                                            <td class=\"col-download\">                            <a class=\"downloadlink wpfd_downloadlink\"  href=\"https:\/\/portal.pi.gov.br\/adapi\/download\/326\/avicola-legislacao\/3152\/nota-sobre-situacao-da-influenza-aviaria-na-america-do-sul.pdf\" style=\"background-color:#033b85;color:#ffffff;\">Baixar<i class=\"zmdi zmdi-cloud-download wpfd-download\"><\/i><\/a><a                            href=\"https:\/\/docs.google.com\/viewer?url=https%3A%2F%2Fportal.pi.gov.br%2Fadapi%2Fwp-admin%2Fadmin-ajax.php%3Fjuwpfisadmin%3Dfalse%26action%3Dwpfd%26task%3Dfile.download%26wpfd_category_id%3D326%26wpfd_file_id%3D3152%26token%3D%26preview%3D1&#038;embedded=true\"                            class=\"openlink wpfdlightbox wpfd_previewlink\"                            target=\"\"                            data-id=\"3152\"                            data-catid=\"326\"                            data-file-type=\"pdf\">Visualizar<i class=\"zmdi zmdi-filter-center-focus wpfd-preview\"><\/i>                        <\/a>                        <\/td>                                    <\/tr>                            <tr class=\"file\" data-id=\"3151\"                    data-catid=\"326\">                    <td class=\"file_title\"><a class=\"wpfd_downloadlink\" href=\"https:\/\/portal.pi.gov.br\/adapi\/download\/326\/avicola-legislacao\/3151\/plano-de-contingencia-para-emergencias-zoossanitaria.pdf\" title=\"Plano de Conting\u00eancia para Emerg\u00eancias Zoossanit\u00e1ria\"><span class=\"extcol\">                                <span class=\"ext ext-pdf\"><\/span>                                Plano de Conting\u00eancia para Emerg\u00eancias Zoossanit\u00e1ria                            <\/span><\/a><\/td><td class=\"file_size\">2.89 MB<\/td><td class=\"file_created\">23-04-2025<\/td>                                            <td class=\"col-download\">                            <a class=\"downloadlink wpfd_downloadlink\"  href=\"https:\/\/portal.pi.gov.br\/adapi\/download\/326\/avicola-legislacao\/3151\/plano-de-contingencia-para-emergencias-zoossanitaria.pdf\" style=\"background-color:#033b85;color:#ffffff;\">Baixar<i class=\"zmdi zmdi-cloud-download wpfd-download\"><\/i><\/a><a                            href=\"https:\/\/docs.google.com\/viewer?url=https%3A%2F%2Fportal.pi.gov.br%2Fadapi%2Fwp-admin%2Fadmin-ajax.php%3Fjuwpfisadmin%3Dfalse%26action%3Dwpfd%26task%3Dfile.download%26wpfd_category_id%3D326%26wpfd_file_id%3D3151%26token%3D%26preview%3D1&#038;embedded=true\"                            class=\"openlink wpfdlightbox wpfd_previewlink\"                            target=\"\"                            data-id=\"3151\"                            data-catid=\"326\"                            data-file-type=\"pdf\">Visualizar<i class=\"zmdi zmdi-filter-center-focus wpfd-preview\"><\/i>                        <\/a>                        <\/td>                                    <\/tr>                            <tr class=\"file\" data-id=\"3150\"                    data-catid=\"326\">                    <td class=\"file_title\"><a class=\"wpfd_downloadlink\" href=\"https:\/\/portal.pi.gov.br\/adapi\/download\/326\/avicola-legislacao\/3150\/metodos-de-depopulacao-de-aves-domesticas-sob-focos-de-iaap.pdf\" title=\"M\u00e9todos de depopula\u00e7\u00e3o de aves dom\u00e9sticas sob focos de IAAP\"><span class=\"extcol\">                                <span class=\"ext ext-pdf\"><\/span>                                M\u00e9todos de depopula\u00e7\u00e3o de aves dom\u00e9sticas sob focos de IAAP                            <\/span><\/a><\/td><td class=\"file_size\">4.90 MB<\/td><td class=\"file_created\">23-04-2025<\/td>                                            <td class=\"col-download\">                            <a class=\"downloadlink wpfd_downloadlink\"  href=\"https:\/\/portal.pi.gov.br\/adapi\/download\/326\/avicola-legislacao\/3150\/metodos-de-depopulacao-de-aves-domesticas-sob-focos-de-iaap.pdf\" style=\"background-color:#033b85;color:#ffffff;\">Baixar<i class=\"zmdi zmdi-cloud-download wpfd-download\"><\/i><\/a><a                            href=\"https:\/\/docs.google.com\/viewer?url=https%3A%2F%2Fportal.pi.gov.br%2Fadapi%2Fwp-admin%2Fadmin-ajax.php%3Fjuwpfisadmin%3Dfalse%26action%3Dwpfd%26task%3Dfile.download%26wpfd_category_id%3D326%26wpfd_file_id%3D3150%26token%3D%26preview%3D1&#038;embedded=true\"                            class=\"openlink wpfdlightbox wpfd_previewlink\"                            target=\"\"                            data-id=\"3150\"                            data-catid=\"326\"                            data-file-type=\"pdf\">Visualizar<i class=\"zmdi zmdi-filter-center-focus wpfd-preview\"><\/i>                        <\/a>                        <\/td>                                    <\/tr>                            <tr class=\"file\" data-id=\"3149\"                    data-catid=\"326\">                    <td class=\"file_title\"><a class=\"wpfd_downloadlink\" href=\"https:\/\/portal.pi.gov.br\/adapi\/download\/326\/avicola-legislacao\/3149\/boletim-panorama_iaap_br_maio_julho2023.pdf\" title=\"Boletim Panorama_IAAP_Br_maio_julho2023\"><span class=\"extcol\">                                <span class=\"ext ext-pdf\"><\/span>                                Boletim Panorama_IAAP_Br_maio_julho2023                            <\/span><\/a><\/td><td class=\"file_size\">4.29 MB<\/td><td class=\"file_created\">23-04-2025<\/td>                                            <td class=\"col-download\">                            <a class=\"downloadlink wpfd_downloadlink\"  href=\"https:\/\/portal.pi.gov.br\/adapi\/download\/326\/avicola-legislacao\/3149\/boletim-panorama_iaap_br_maio_julho2023.pdf\" style=\"background-color:#033b85;color:#ffffff;\">Baixar<i class=\"zmdi zmdi-cloud-download wpfd-download\"><\/i><\/a><a                            href=\"https:\/\/docs.google.com\/viewer?url=https%3A%2F%2Fportal.pi.gov.br%2Fadapi%2Fwp-admin%2Fadmin-ajax.php%3Fjuwpfisadmin%3Dfalse%26action%3Dwpfd%26task%3Dfile.download%26wpfd_category_id%3D326%26wpfd_file_id%3D3149%26token%3D%26preview%3D1&#038;embedded=true\"                            class=\"openlink wpfdlightbox wpfd_previewlink\"                            target=\"\"                            data-id=\"3149\"                            data-catid=\"326\"                            data-file-type=\"pdf\">Visualizar<i class=\"zmdi zmdi-filter-center-focus wpfd-preview\"><\/i>                        <\/a>                        <\/td>                                    <\/tr>                        <\/tbody>        <\/table>            <\/div><\/div><\/div><div class='wpfd-pagination'>\n\t<span class='page-numbers current'>1<\/span>\n<a class='page-numbers' data-page='2' data-sourcecat='326'>2<\/a>\n<a class='page-numbers' data-page='3' data-sourcecat='326'>3<\/a>\n<a class='next page-numbers' data-page='2' data-sourcecat='326'>Pr\u00f3ximo &raquo;<\/a>\n<\/div>\n\n","protected":false},"excerpt":{"rendered":"","protected":false},"author":1832,"featured_media":0,"parent":0,"menu_order":0,"comment_status":"closed","ping_status":"closed","template":"template-fullwidth.php","meta":[],"featured_image_urls":{"full":"","thumbnail":"","medium":"","medium_large":"","large":"","sgg-420":"","sgg-540":"","sgg-780":"","1536x1536":"","2048x2048":"","homepage-slider":"","homepage-slider-small":"","page-top":"","page-small":"","loop-main":"","thumb-gallery-widget":""},"post_excerpt_stackable":"<p>T\u00edtuloTamanhoData de Publica\u00e7\u00e3oBaixar PORTARIA MAPA N\u00b0845, DE 3 DE OUTURBO DE 2025 &#8211; prorroga por 180 dias estado de emerg\u00eancia para IA 52.93 KB08-10-2025 BaixarVisualizar Portaria SDA_MAPA n\u00ba 1.358, de 14 de agosto de 2025 &#8211; certifica\u00e7\u00e3o granjas su\u00ednos 727.46 KB07-10-2025 BaixarVisualizar Ficha Tecnica DNC (JULHO 2025) 491.42 KB12-09-2025 BaixarVisualizar Ficha Tecnica IA (JULHO 2025) 480.24 KB12-09-2025 BaixarVisualizar DECRETO N\u00ba 23.837, DE 19 DE MAIO DE 2025 1.76 MB27-05-2025 BaixarVisualizar Plano de Conting\u00eancia IA e DNC 0.96 MB20-05-2025 BaixarVisualizar Nota sobre situa\u00e7\u00e3o da influenza avi\u00e1ria na Am\u00e9rica do Sul &#8211; 251.45 KB23-04-2025 BaixarVisualizar Plano de Conting\u00eancia para Emerg\u00eancias Zoossanit\u00e1ria 2.89&hellip;<\/p>\n","category_list":"","author_info":{"name":"ETIPI","url":"https:\/\/portal.pi.gov.br\/adapi\/author\/pallomagualter\/"},"comments_num":"0 coment\u00e1rio","featured_image_urls_v2":{"full":"","thumbnail":"","medium":"","medium_large":"","large":"","sgg-420":"","sgg-540":"","sgg-780":"","1536x1536":"","2048x2048":"","homepage-slider":"","homepage-slider-small":"","page-top":"","page-small":"","loop-main":"","thumb-gallery-widget":""},"post_excerpt_stackable_v2":"<p>T\u00edtuloTamanhoData de Publica\u00e7\u00e3oBaixar PORTARIA MAPA N\u00b0845, DE 3 DE OUTURBO DE 2025 &#8211; prorroga por 180 dias estado de emerg\u00eancia para IA 52.93 KB08-10-2025 BaixarVisualizar Portaria SDA_MAPA n\u00ba 1.358, de 14 de agosto de 2025 &#8211; certifica\u00e7\u00e3o granjas su\u00ednos 727.46 KB07-10-2025 BaixarVisualizar Ficha Tecnica DNC (JULHO 2025) 491.42 KB12-09-2025 BaixarVisualizar Ficha Tecnica IA (JULHO 2025) 480.24 KB12-09-2025 BaixarVisualizar DECRETO N\u00ba 23.837, DE 19 DE MAIO DE 2025 1.76 MB27-05-2025 BaixarVisualizar Plano de Conting\u00eancia IA e DNC 0.96 MB20-05-2025 BaixarVisualizar Nota sobre situa\u00e7\u00e3o da influenza avi\u00e1ria na Am\u00e9rica do Sul &#8211; 251.45 KB23-04-2025 BaixarVisualizar Plano de Conting\u00eancia para Emerg\u00eancias Zoossanit\u00e1ria 2.89&hellip;<\/p>\n","category_list_v2":"","author_info_v2":{"name":"ETIPI","url":"https:\/\/portal.pi.gov.br\/adapi\/author\/pallomagualter\/"},"comments_num_v2":"0 coment\u00e1rio","_links":{"self":[{"href":"https:\/\/portal.pi.gov.br\/adapi\/wp-json\/wp\/v2\/pages\/2487"}],"collection":[{"href":"https:\/\/portal.pi.gov.br\/adapi\/wp-json\/wp\/v2\/pages"}],"about":[{"href":"https:\/\/portal.pi.gov.br\/adapi\/wp-json\/wp\/v2\/types\/page"}],"author":[{"embeddable":true,"href":"https:\/\/portal.pi.gov.br\/adapi\/wp-json\/wp\/v2\/users\/1832"}],"replies":[{"embeddable":true,"href":"https:\/\/portal.pi.gov.br\/adapi\/wp-json\/wp\/v2\/comments?post=2487"}],"version-history":[{"count":2,"href":"https:\/\/portal.pi.gov.br\/adapi\/wp-json\/wp\/v2\/pages\/2487\/revisions"}],"predecessor-version":[{"id":2710,"href":"https:\/\/portal.pi.gov.br\/adapi\/wp-json\/wp\/v2\/pages\/2487\/revisions\/2710"}],"wp:attachment":[{"href":"https:\/\/portal.pi.gov.br\/adapi\/wp-json\/wp\/v2\/media?parent=2487"}],"curies":[{"name":"wp","href":"https:\/\/api.w.org\/{rel}","templated":true}]}}