{"id":2502,"date":"2025-03-18T08:35:57","date_gmt":"2025-03-18T11:35:57","guid":{"rendered":"https:\/\/portal.pi.gov.br\/adapi\/?page_id=2502"},"modified":"2025-03-18T13:00:08","modified_gmt":"2025-03-18T16:00:08","slug":"suideos-legislacao","status":"publish","type":"page","link":"https:\/\/portal.pi.gov.br\/adapi\/suideos-legislacao\/","title":{"rendered":"Legisla\u00e7\u00e3o"},"content":{"rendered":"<script type=\"text\/x-handlebars-template\"        id=\"wpfd-template-table-categories-330\">    <div class=\"wpfd-categories\">{{#if category}}{{#with category}}{{#if parent}}<a class=\"catlink backcategory\" href=\"#\" data-idcat=\"{{parent}}\">                        <i class=\"zmdi zmdi-chevron-left\"><\/i><span>Voltar<\/span><\/a>{{\/if}}{{\/with}}{{\/if}}<\/div><\/script><script type=\"text\/x-handlebars-template\" id=\"wpfd-template-table-330\">    {{#if files}}    {{#each files}}    <tr class=\"file\" data-id=\"{{ID}}\" data-catid=\"{{catid}}\">    <td class=\"file_title\"><a class=\"wpfd_downloadlink\" href=\"{{linkdownload}}\" title=\"{{post_title}}\"><span class=\"extcol\">{{#if file_custom_icon}}<span class=\"icon-custom\"><img src=\"{{file_custom_icon}}\"><\/span>{{else}}<span class=\"ext ext-{{ext}}\"><\/span>{{\/if}}<\/span>{{{crop_title}}}<\/a><\/td><td class=\"file_size\">{{bytesToSize size}}<\/td><td class=\"file_created\">{{created}}<\/td>                    <td class=\"col-download\">                <a class=\"downloadlink wpfd_downloadlink\"  href=\"{{linkdownload}}\" style=\"background-color:#033b85;color:#ffffff;\">Baixar<i class=\"zmdi zmdi-cloud-download wpfd-download\"><\/i><\/a>{{#if openpdflink}}<a class=\"openlink wpfdlightbox wpfd_previewlink\" href=\"{{openpdflink}}\" target=\"\">Visualizar                            <i class=\"zmdi zmdi-filter-center-focus wpfd-preview\"><\/i>                        <\/a>{{else}}{{#if viewerlink}}<a                            href=\"{{viewerlink}}\"                            class=\"openlink wpfdlightbox wpfd_previewlink\"                            target=\"\"                            data-id=\"{{ID}}\"                            data-catid=\"{{catid}}\"                            data-file-type=\"{{ext}}\">Visualizar<i class=\"zmdi zmdi-filter-center-focus wpfd-preview\"><\/i>                        <\/a>{{\/if}}{{\/if}}            <\/td>            <\/tr>    {{\/each}}    {{\/if}}<\/script><div class=\"wpfd-content wpfd-content-table wpfd-content-multi colstyle\" data-category=\"330\"><input type=\"hidden\" id=\"current_category_330\" value=\"330\" \/>                    <input type=\"hidden\" id=\"current_category_slug_330\" value=\"suideoslegislacao\" \/>                    <input type=\"hidden\" id=\"current_ordering_330\" value=\"ordering\" \/>                    <input type=\"hidden\" id=\"current_ordering_direction_330\" value=\"asc\" \/><div class=\"wpfd-container\">        <div class=\"wpfd-open-tree\"><\/div>    <div class=\"wpfd-container-table \">        <div class=\"wpfd-categories\"><\/div>        <table class=\"wpfd-table wpfd-table-bordered wpfd-table-striped mediaTable\">            <thead>            <tr>                <th class=\"essential persist file_title\">T\u00edtulo<\/th><th class=\"optional file_size\">Tamanho<\/th><th class=\"optional file_created\">Data de Publica\u00e7\u00e3o<\/th><th class=\"essential file_download\">Baixar<\/th>            <\/tr>            <\/thead>            <tbody>                            <tr class=\"file\" data-id=\"3207\"                    data-catid=\"330\">                    <td class=\"file_title\"><a class=\"wpfd_downloadlink\" href=\"https:\/\/portal.pi.gov.br\/adapi\/download\/330\/suideoslegislacao\/3207\/instrucao-de-servico-n-5-de-19-de-marco-de-2002.pdf\" title=\"Instru\u00e7\u00e3o de Servi\u00e7o N\u00b0 5, de 19 de mar\u00e7o de 2002\"><span class=\"extcol\">                                <span class=\"ext ext-pdf\"><\/span>                                Instru\u00e7\u00e3o de Servi\u00e7o N\u00b0 5, de 19 de mar\u00e7o de 2002                            <\/span><\/a><\/td><td class=\"file_size\">1.83 KB<\/td><td class=\"file_created\">23-04-2025<\/td>                                            <td class=\"col-download\">                            <a class=\"downloadlink wpfd_downloadlink\"  href=\"https:\/\/portal.pi.gov.br\/adapi\/download\/330\/suideoslegislacao\/3207\/instrucao-de-servico-n-5-de-19-de-marco-de-2002.pdf\" style=\"background-color:#033b85;color:#ffffff;\">Baixar<i class=\"zmdi zmdi-cloud-download wpfd-download\"><\/i><\/a><a                            href=\"https:\/\/docs.google.com\/viewer?url=https%3A%2F%2Fportal.pi.gov.br%2Fadapi%2Fwp-admin%2Fadmin-ajax.php%3Fjuwpfisadmin%3Dfalse%26action%3Dwpfd%26task%3Dfile.download%26wpfd_category_id%3D330%26wpfd_file_id%3D3207%26token%3D%26preview%3D1&#038;embedded=true\"                            class=\"openlink wpfdlightbox wpfd_previewlink\"                            target=\"\"                            data-id=\"3207\"                            data-catid=\"330\"                            data-file-type=\"pdf\">Visualizar<i class=\"zmdi zmdi-filter-center-focus wpfd-preview\"><\/i>                        <\/a>                        <\/td>                                    <\/tr>                            <tr class=\"file\" data-id=\"5101\"                    data-catid=\"330\">                    <td class=\"file_title\"><a class=\"wpfd_downloadlink\" href=\"https:\/\/portal.pi.gov.br\/adapi\/download\/330\/suideoslegislacao\/5101\/retificacao_da_in_n__113_2020_em_21_de_janeiro_de_2021.pdf\" title=\"Retificacao_da_IN_n__113_2020_em_21_de_janeiro_de_2021\"><span class=\"extcol\">                                <span class=\"ext ext-pdf\"><\/span>                                Retificacao_da_IN_n__113_2020_em_21_de_janeiro_de_2021                            <\/span><\/a><\/td><td class=\"file_size\">449.08 KB<\/td><td class=\"file_created\">13-02-2026<\/td>                                            <td class=\"col-download\">                            <a class=\"downloadlink wpfd_downloadlink\"  href=\"https:\/\/portal.pi.gov.br\/adapi\/download\/330\/suideoslegislacao\/5101\/retificacao_da_in_n__113_2020_em_21_de_janeiro_de_2021.pdf\" style=\"background-color:#033b85;color:#ffffff;\">Baixar<i class=\"zmdi zmdi-cloud-download wpfd-download\"><\/i><\/a><a                            href=\"https:\/\/docs.google.com\/viewer?url=https%3A%2F%2Fportal.pi.gov.br%2Fadapi%2Fwp-admin%2Fadmin-ajax.php%3Fjuwpfisadmin%3Dfalse%26action%3Dwpfd%26task%3Dfile.download%26wpfd_category_id%3D330%26wpfd_file_id%3D5101%26token%3D%26preview%3D1&#038;embedded=true\"                            class=\"openlink wpfdlightbox wpfd_previewlink\"                            target=\"\"                            data-id=\"5101\"                            data-catid=\"330\"                            data-file-type=\"pdf\">Visualizar<i class=\"zmdi zmdi-filter-center-focus wpfd-preview\"><\/i>                        <\/a>                        <\/td>                                    <\/tr>                            <tr class=\"file\" data-id=\"3204\"                    data-catid=\"330\">                    <td class=\"file_title\"><a class=\"wpfd_downloadlink\" href=\"https:\/\/portal.pi.gov.br\/adapi\/download\/330\/suideoslegislacao\/3204\/portaria-n-142-de-27-de-agosto-de-1998.pdf\" title=\"Portaria N\u00b0 142, de 27 de agosto de 1998\"><span class=\"extcol\">                                <span class=\"ext ext-pdf\"><\/span>                                Portaria N\u00b0 142, de 27 de agosto de 1998                            <\/span><\/a><\/td><td class=\"file_size\">1.95 KB<\/td><td class=\"file_created\">23-04-2025<\/td>                                            <td class=\"col-download\">                            <a class=\"downloadlink wpfd_downloadlink\"  href=\"https:\/\/portal.pi.gov.br\/adapi\/download\/330\/suideoslegislacao\/3204\/portaria-n-142-de-27-de-agosto-de-1998.pdf\" style=\"background-color:#033b85;color:#ffffff;\">Baixar<i class=\"zmdi zmdi-cloud-download wpfd-download\"><\/i><\/a><a                            href=\"https:\/\/docs.google.com\/viewer?url=https%3A%2F%2Fportal.pi.gov.br%2Fadapi%2Fwp-admin%2Fadmin-ajax.php%3Fjuwpfisadmin%3Dfalse%26action%3Dwpfd%26task%3Dfile.download%26wpfd_category_id%3D330%26wpfd_file_id%3D3204%26token%3D%26preview%3D1&#038;embedded=true\"                            class=\"openlink wpfdlightbox wpfd_previewlink\"                            target=\"\"                            data-id=\"3204\"                            data-catid=\"330\"                            data-file-type=\"pdf\">Visualizar<i class=\"zmdi zmdi-filter-center-focus wpfd-preview\"><\/i>                        <\/a>                        <\/td>                                    <\/tr>                            <tr class=\"file\" data-id=\"3200\"                    data-catid=\"330\">                    <td class=\"file_title\"><a class=\"wpfd_downloadlink\" href=\"https:\/\/portal.pi.gov.br\/adapi\/download\/330\/suideoslegislacao\/3200\/instrucao-normativa-n-10-de-06-de-abril-de-2020.pdf\" title=\"Instru\u00e7\u00e3o Normativa N\u00b0 10, de 06 de abril de 2020\"><span class=\"extcol\">                                <span class=\"ext ext-pdf\"><\/span>                                Instru\u00e7\u00e3o Normativa N\u00b0 10, de 06 de abril de 2020                            <\/span><\/a><\/td><td class=\"file_size\">2.74 KB<\/td><td class=\"file_created\">23-04-2025<\/td>                                            <td class=\"col-download\">                            <a class=\"downloadlink wpfd_downloadlink\"  href=\"https:\/\/portal.pi.gov.br\/adapi\/download\/330\/suideoslegislacao\/3200\/instrucao-normativa-n-10-de-06-de-abril-de-2020.pdf\" style=\"background-color:#033b85;color:#ffffff;\">Baixar<i class=\"zmdi zmdi-cloud-download wpfd-download\"><\/i><\/a><a                            href=\"https:\/\/docs.google.com\/viewer?url=https%3A%2F%2Fportal.pi.gov.br%2Fadapi%2Fwp-admin%2Fadmin-ajax.php%3Fjuwpfisadmin%3Dfalse%26action%3Dwpfd%26task%3Dfile.download%26wpfd_category_id%3D330%26wpfd_file_id%3D3200%26token%3D%26preview%3D1&#038;embedded=true\"                            class=\"openlink wpfdlightbox wpfd_previewlink\"                            target=\"\"                            data-id=\"3200\"                            data-catid=\"330\"                            data-file-type=\"pdf\">Visualizar<i class=\"zmdi zmdi-filter-center-focus wpfd-preview\"><\/i>                        <\/a>                        <\/td>                                    <\/tr>                            <tr class=\"file\" data-id=\"3234\"                    data-catid=\"330\">                    <td class=\"file_title\"><a class=\"wpfd_downloadlink\" href=\"https:\/\/portal.pi.gov.br\/adapi\/download\/330\/suideoslegislacao\/3234\/instrucao-normativa-n-33-de-03-de-setembro-de-2014.pdf\" title=\"Instru\u00e7\u00e3o Normativa N\u00b0 33, de 03 de setembro de 2014\"><span class=\"extcol\">                                <span class=\"ext ext-pdf\"><\/span>                                Instru\u00e7\u00e3o Normativa N\u00b0 33, de 03 de setembro de 2014                            <\/span><\/a><\/td><td class=\"file_size\">3.20 KB<\/td><td class=\"file_created\">23-04-2025<\/td>                                            <td class=\"col-download\">                            <a class=\"downloadlink wpfd_downloadlink\"  href=\"https:\/\/portal.pi.gov.br\/adapi\/download\/330\/suideoslegislacao\/3234\/instrucao-normativa-n-33-de-03-de-setembro-de-2014.pdf\" style=\"background-color:#033b85;color:#ffffff;\">Baixar<i class=\"zmdi zmdi-cloud-download wpfd-download\"><\/i><\/a><a                            href=\"https:\/\/docs.google.com\/viewer?url=https%3A%2F%2Fportal.pi.gov.br%2Fadapi%2Fwp-admin%2Fadmin-ajax.php%3Fjuwpfisadmin%3Dfalse%26action%3Dwpfd%26task%3Dfile.download%26wpfd_category_id%3D330%26wpfd_file_id%3D3234%26token%3D%26preview%3D1&#038;embedded=true\"                            class=\"openlink wpfdlightbox wpfd_previewlink\"                            target=\"\"                            data-id=\"3234\"                            data-catid=\"330\"                            data-file-type=\"pdf\">Visualizar<i class=\"zmdi zmdi-filter-center-focus wpfd-preview\"><\/i>                        <\/a>                        <\/td>                                    <\/tr>                            <tr class=\"file\" data-id=\"3202\"                    data-catid=\"330\">                    <td class=\"file_title\"><a class=\"wpfd_downloadlink\" href=\"https:\/\/portal.pi.gov.br\/adapi\/download\/330\/suideoslegislacao\/3202\/instrucao-normativa-n-19-de-03-de-maio-de-2011.pdf\" title=\"Instru\u00e7\u00e3o Normativa N\u00b0 19, de 03 de maio de 2011\"><span class=\"extcol\">                                <span class=\"ext ext-pdf\"><\/span>                                Instru\u00e7\u00e3o Normativa N\u00b0 19, de 03 de maio de 2011                            <\/span><\/a><\/td><td class=\"file_size\">5.54 KB<\/td><td class=\"file_created\">23-04-2025<\/td>                                            <td class=\"col-download\">                            <a class=\"downloadlink wpfd_downloadlink\"  href=\"https:\/\/portal.pi.gov.br\/adapi\/download\/330\/suideoslegislacao\/3202\/instrucao-normativa-n-19-de-03-de-maio-de-2011.pdf\" style=\"background-color:#033b85;color:#ffffff;\">Baixar<i class=\"zmdi zmdi-cloud-download wpfd-download\"><\/i><\/a><a                            href=\"https:\/\/docs.google.com\/viewer?url=https%3A%2F%2Fportal.pi.gov.br%2Fadapi%2Fwp-admin%2Fadmin-ajax.php%3Fjuwpfisadmin%3Dfalse%26action%3Dwpfd%26task%3Dfile.download%26wpfd_category_id%3D330%26wpfd_file_id%3D3202%26token%3D%26preview%3D1&#038;embedded=true\"                            class=\"openlink wpfdlightbox wpfd_previewlink\"                            target=\"\"                            data-id=\"3202\"                            data-catid=\"330\"                            data-file-type=\"pdf\">Visualizar<i class=\"zmdi zmdi-filter-center-focus wpfd-preview\"><\/i>                        <\/a>                        <\/td>                                    <\/tr>                            <tr class=\"file\" data-id=\"3203\"                    data-catid=\"330\">                    <td class=\"file_title\"><a class=\"wpfd_downloadlink\" href=\"https:\/\/portal.pi.gov.br\/adapi\/download\/330\/suideoslegislacao\/3203\/portaria-n-1-304-de-7-de-agosto-de-2018.pdf\" title=\"Portaria N\u00b0 1.304, de 7 de agosto de 2018\"><span class=\"extcol\">                                <span class=\"ext ext-pdf\"><\/span>                                Portaria N\u00b0 1.304, de 7 de agosto de 2018                            <\/span><\/a><\/td><td class=\"file_size\">5.68 KB<\/td><td class=\"file_created\">23-04-2025<\/td>                                            <td class=\"col-download\">                            <a class=\"downloadlink wpfd_downloadlink\"  href=\"https:\/\/portal.pi.gov.br\/adapi\/download\/330\/suideoslegislacao\/3203\/portaria-n-1-304-de-7-de-agosto-de-2018.pdf\" style=\"background-color:#033b85;color:#ffffff;\">Baixar<i class=\"zmdi zmdi-cloud-download wpfd-download\"><\/i><\/a><a                            href=\"https:\/\/docs.google.com\/viewer?url=https%3A%2F%2Fportal.pi.gov.br%2Fadapi%2Fwp-admin%2Fadmin-ajax.php%3Fjuwpfisadmin%3Dfalse%26action%3Dwpfd%26task%3Dfile.download%26wpfd_category_id%3D330%26wpfd_file_id%3D3203%26token%3D%26preview%3D1&#038;embedded=true\"                            class=\"openlink wpfdlightbox wpfd_previewlink\"                            target=\"\"                            data-id=\"3203\"                            data-catid=\"330\"                            data-file-type=\"pdf\">Visualizar<i class=\"zmdi zmdi-filter-center-focus wpfd-preview\"><\/i>                        <\/a>                        <\/td>                                    <\/tr>                            <tr class=\"file\" data-id=\"3231\"                    data-catid=\"330\">                    <td class=\"file_title\"><a class=\"wpfd_downloadlink\" href=\"https:\/\/portal.pi.gov.br\/adapi\/download\/330\/suideoslegislacao\/3231\/instrucao-normativa-n-54-de-17-de-setembro-de-2002.pdf\" title=\"Instru\u00e7\u00e3o Normativa N\u00b0 54, de 17 de setembro de 2002\"><span class=\"extcol\">                                <span class=\"ext ext-pdf\"><\/span>                                Instru\u00e7\u00e3o Normativa N\u00b0 54, de 17 de setembro de 2002                            <\/span><\/a><\/td><td class=\"file_size\">5.74 KB<\/td><td class=\"file_created\">23-04-2025<\/td>                                            <td class=\"col-download\">                            <a class=\"downloadlink wpfd_downloadlink\"  href=\"https:\/\/portal.pi.gov.br\/adapi\/download\/330\/suideoslegislacao\/3231\/instrucao-normativa-n-54-de-17-de-setembro-de-2002.pdf\" style=\"background-color:#033b85;color:#ffffff;\">Baixar<i class=\"zmdi zmdi-cloud-download wpfd-download\"><\/i><\/a><a                            href=\"https:\/\/docs.google.com\/viewer?url=https%3A%2F%2Fportal.pi.gov.br%2Fadapi%2Fwp-admin%2Fadmin-ajax.php%3Fjuwpfisadmin%3Dfalse%26action%3Dwpfd%26task%3Dfile.download%26wpfd_category_id%3D330%26wpfd_file_id%3D3231%26token%3D%26preview%3D1&#038;embedded=true\"                            class=\"openlink wpfdlightbox wpfd_previewlink\"                            target=\"\"                            data-id=\"3231\"                            data-catid=\"330\"                            data-file-type=\"pdf\">Visualizar<i class=\"zmdi zmdi-filter-center-focus wpfd-preview\"><\/i>                        <\/a>                        <\/td>                                    <\/tr>                            <tr class=\"file\" data-id=\"3238\"                    data-catid=\"330\">                    <td class=\"file_title\"><a class=\"wpfd_downloadlink\" href=\"https:\/\/portal.pi.gov.br\/adapi\/download\/330\/suideoslegislacao\/3238\/instrucao-normativa-n-25-de-19-de-julho-de-2016.pdf\" title=\"Instru\u00e7\u00e3o Normativa N\u00b0 25, de 19 de julho de 2016\"><span class=\"extcol\">                                <span class=\"ext ext-pdf\"><\/span>                                Instru\u00e7\u00e3o Normativa N\u00b0 25, de 19 de julho de 2016                            <\/span><\/a><\/td><td class=\"file_size\">5.88 KB<\/td><td class=\"file_created\">23-04-2025<\/td>                                            <td class=\"col-download\">                            <a class=\"downloadlink wpfd_downloadlink\"  href=\"https:\/\/portal.pi.gov.br\/adapi\/download\/330\/suideoslegislacao\/3238\/instrucao-normativa-n-25-de-19-de-julho-de-2016.pdf\" style=\"background-color:#033b85;color:#ffffff;\">Baixar<i class=\"zmdi zmdi-cloud-download wpfd-download\"><\/i><\/a><a                            href=\"https:\/\/docs.google.com\/viewer?url=https%3A%2F%2Fportal.pi.gov.br%2Fadapi%2Fwp-admin%2Fadmin-ajax.php%3Fjuwpfisadmin%3Dfalse%26action%3Dwpfd%26task%3Dfile.download%26wpfd_category_id%3D330%26wpfd_file_id%3D3238%26token%3D%26preview%3D1&#038;embedded=true\"                            class=\"openlink wpfdlightbox wpfd_previewlink\"                            target=\"\"                            data-id=\"3238\"                            data-catid=\"330\"                            data-file-type=\"pdf\">Visualizar<i class=\"zmdi zmdi-filter-center-focus wpfd-preview\"><\/i>                        <\/a>                        <\/td>                                    <\/tr>                            <tr class=\"file\" data-id=\"3235\"                    data-catid=\"330\">                    <td class=\"file_title\"><a class=\"wpfd_downloadlink\" href=\"https:\/\/portal.pi.gov.br\/adapi\/download\/330\/suideoslegislacao\/3235\/instrucao-normativa-n-31-de-23-de-setembro-de-2015.pdf\" title=\"Instru\u00e7\u00e3o Normativa N\u00b0 31, de 23 de setembro de 2015\"><span class=\"extcol\">                                <span class=\"ext ext-pdf\"><\/span>                                Instru\u00e7\u00e3o Normativa N\u00b0 31, de 23 de setembro de 2015                            <\/span><\/a><\/td><td class=\"file_size\">5.95 KB<\/td><td class=\"file_created\">23-04-2025<\/td>                                            <td class=\"col-download\">                            <a class=\"downloadlink wpfd_downloadlink\"  href=\"https:\/\/portal.pi.gov.br\/adapi\/download\/330\/suideoslegislacao\/3235\/instrucao-normativa-n-31-de-23-de-setembro-de-2015.pdf\" style=\"background-color:#033b85;color:#ffffff;\">Baixar<i class=\"zmdi zmdi-cloud-download wpfd-download\"><\/i><\/a><a                            href=\"https:\/\/docs.google.com\/viewer?url=https%3A%2F%2Fportal.pi.gov.br%2Fadapi%2Fwp-admin%2Fadmin-ajax.php%3Fjuwpfisadmin%3Dfalse%26action%3Dwpfd%26task%3Dfile.download%26wpfd_category_id%3D330%26wpfd_file_id%3D3235%26token%3D%26preview%3D1&#038;embedded=true\"                            class=\"openlink wpfdlightbox wpfd_previewlink\"                            target=\"\"                            data-id=\"3235\"                            data-catid=\"330\"                            data-file-type=\"pdf\">Visualizar<i class=\"zmdi zmdi-filter-center-focus wpfd-preview\"><\/i>                        <\/a>                        <\/td>                                    <\/tr>                        <\/tbody>        <\/table>            <\/div><\/div><\/div><div class='wpfd-pagination'>\n\t<span class='page-numbers current'>1<\/span>\n<a class='page-numbers' data-page='2' data-sourcecat='330'>2<\/a>\n<a class='page-numbers' data-page='3' data-sourcecat='330'>3<\/a>\n<a class='page-numbers' data-page='4' data-sourcecat='330'>4<\/a>\n<a class='next page-numbers' data-page='2' data-sourcecat='330'>Pr\u00f3ximo &raquo;<\/a>\n<\/div>\n\n","protected":false},"excerpt":{"rendered":"","protected":false},"author":1832,"featured_media":0,"parent":0,"menu_order":0,"comment_status":"closed","ping_status":"closed","template":"template-fullwidth.php","meta":[],"featured_image_urls":{"full":"","thumbnail":"","medium":"","medium_large":"","large":"","sgg-420":"","sgg-540":"","sgg-780":"","1536x1536":"","2048x2048":"","homepage-slider":"","homepage-slider-small":"","page-top":"","page-small":"","loop-main":"","thumb-gallery-widget":""},"post_excerpt_stackable":"<p>T\u00edtuloTamanhoData de Publica\u00e7\u00e3oBaixar Instru\u00e7\u00e3o de Servi\u00e7o N\u00b0 5, de 19 de mar\u00e7o de 2002 1.83 KB23-04-2025 BaixarVisualizar Retificacao_da_IN_n__113_2020_em_21_de_janeiro_de_2021 449.08 KB13-02-2026 BaixarVisualizar Portaria N\u00b0 142, de 27 de agosto de 1998 1.95 KB23-04-2025 BaixarVisualizar Instru\u00e7\u00e3o Normativa N\u00b0 10, de 06 de abril de 2020 2.74 KB23-04-2025 BaixarVisualizar Instru\u00e7\u00e3o Normativa N\u00b0 33, de 03 de setembro de 2014 3.20 KB23-04-2025 BaixarVisualizar Instru\u00e7\u00e3o Normativa N\u00b0 19, de 03 de maio de 2011 5.54 KB23-04-2025 BaixarVisualizar Portaria N\u00b0 1.304, de 7 de agosto de 2018 5.68 KB23-04-2025 BaixarVisualizar Instru\u00e7\u00e3o Normativa N\u00b0 54, de 17 de setembro de 2002 5.74 KB23-04-2025 BaixarVisualizar Instru\u00e7\u00e3o Normativa N\u00b0&hellip;<\/p>\n","category_list":"","author_info":{"name":"ETIPI","url":"https:\/\/portal.pi.gov.br\/adapi\/author\/pallomagualter\/"},"comments_num":"0 coment\u00e1rio","featured_image_urls_v2":{"full":"","thumbnail":"","medium":"","medium_large":"","large":"","sgg-420":"","sgg-540":"","sgg-780":"","1536x1536":"","2048x2048":"","homepage-slider":"","homepage-slider-small":"","page-top":"","page-small":"","loop-main":"","thumb-gallery-widget":""},"post_excerpt_stackable_v2":"<p>T\u00edtuloTamanhoData de Publica\u00e7\u00e3oBaixar Instru\u00e7\u00e3o de Servi\u00e7o N\u00b0 5, de 19 de mar\u00e7o de 2002 1.83 KB23-04-2025 BaixarVisualizar Retificacao_da_IN_n__113_2020_em_21_de_janeiro_de_2021 449.08 KB13-02-2026 BaixarVisualizar Portaria N\u00b0 142, de 27 de agosto de 1998 1.95 KB23-04-2025 BaixarVisualizar Instru\u00e7\u00e3o Normativa N\u00b0 10, de 06 de abril de 2020 2.74 KB23-04-2025 BaixarVisualizar Instru\u00e7\u00e3o Normativa N\u00b0 33, de 03 de setembro de 2014 3.20 KB23-04-2025 BaixarVisualizar Instru\u00e7\u00e3o Normativa N\u00b0 19, de 03 de maio de 2011 5.54 KB23-04-2025 BaixarVisualizar Portaria N\u00b0 1.304, de 7 de agosto de 2018 5.68 KB23-04-2025 BaixarVisualizar Instru\u00e7\u00e3o Normativa N\u00b0 54, de 17 de setembro de 2002 5.74 KB23-04-2025 BaixarVisualizar Instru\u00e7\u00e3o Normativa N\u00b0&hellip;<\/p>\n","category_list_v2":"","author_info_v2":{"name":"ETIPI","url":"https:\/\/portal.pi.gov.br\/adapi\/author\/pallomagualter\/"},"comments_num_v2":"0 coment\u00e1rio","_links":{"self":[{"href":"https:\/\/portal.pi.gov.br\/adapi\/wp-json\/wp\/v2\/pages\/2502"}],"collection":[{"href":"https:\/\/portal.pi.gov.br\/adapi\/wp-json\/wp\/v2\/pages"}],"about":[{"href":"https:\/\/portal.pi.gov.br\/adapi\/wp-json\/wp\/v2\/types\/page"}],"author":[{"embeddable":true,"href":"https:\/\/portal.pi.gov.br\/adapi\/wp-json\/wp\/v2\/users\/1832"}],"replies":[{"embeddable":true,"href":"https:\/\/portal.pi.gov.br\/adapi\/wp-json\/wp\/v2\/comments?post=2502"}],"version-history":[{"count":2,"href":"https:\/\/portal.pi.gov.br\/adapi\/wp-json\/wp\/v2\/pages\/2502\/revisions"}],"predecessor-version":[{"id":2700,"href":"https:\/\/portal.pi.gov.br\/adapi\/wp-json\/wp\/v2\/pages\/2502\/revisions\/2700"}],"wp:attachment":[{"href":"https:\/\/portal.pi.gov.br\/adapi\/wp-json\/wp\/v2\/media?parent=2502"}],"curies":[{"name":"wp","href":"https:\/\/api.w.org\/{rel}","templated":true}]}}