{"id":2508,"date":"2025-03-18T08:38:36","date_gmt":"2025-03-18T11:38:36","guid":{"rendered":"https:\/\/portal.pi.gov.br\/adapi\/?page_id=2508"},"modified":"2025-03-18T12:57:39","modified_gmt":"2025-03-18T15:57:39","slug":"epidemiologica-legislacao","status":"publish","type":"page","link":"https:\/\/portal.pi.gov.br\/adapi\/epidemiologica-legislacao\/","title":{"rendered":"Legisla\u00e7\u00e3o"},"content":{"rendered":"<script type=\"text\/x-handlebars-template\"        id=\"wpfd-template-table-categories-331\">    <div class=\"wpfd-categories\">{{#if category}}{{#with category}}{{#if parent}}<a class=\"catlink backcategory\" href=\"#\" data-idcat=\"{{parent}}\">                        <i class=\"zmdi zmdi-chevron-left\"><\/i><span>Voltar<\/span><\/a>{{\/if}}{{\/with}}{{\/if}}<\/div><\/script><script type=\"text\/x-handlebars-template\" id=\"wpfd-template-table-331\">    {{#if files}}    {{#each files}}    <tr class=\"file\" data-id=\"{{ID}}\" data-catid=\"{{catid}}\">    <td class=\"file_title\"><a class=\"wpfd_downloadlink\" href=\"{{linkdownload}}\" title=\"{{post_title}}\"><span class=\"extcol\">{{#if file_custom_icon}}<span class=\"icon-custom\"><img src=\"{{file_custom_icon}}\"><\/span>{{else}}<span class=\"ext ext-{{ext}}\"><\/span>{{\/if}}<\/span>{{{crop_title}}}<\/a><\/td><td class=\"file_size\">{{bytesToSize size}}<\/td><td class=\"file_created\">{{created}}<\/td>                    <td class=\"col-download\">                <a class=\"downloadlink wpfd_downloadlink\"  href=\"{{linkdownload}}\" style=\"background-color:#033b85;color:#ffffff;\">Baixar<i class=\"zmdi zmdi-cloud-download wpfd-download\"><\/i><\/a>{{#if openpdflink}}<a class=\"openlink wpfdlightbox wpfd_previewlink\" href=\"{{openpdflink}}\" target=\"\">Visualizar                            <i class=\"zmdi zmdi-filter-center-focus wpfd-preview\"><\/i>                        <\/a>{{else}}{{#if viewerlink}}<a                            href=\"{{viewerlink}}\"                            class=\"openlink wpfdlightbox wpfd_previewlink\"                            target=\"\"                            data-id=\"{{ID}}\"                            data-catid=\"{{catid}}\"                            data-file-type=\"{{ext}}\">Visualizar<i class=\"zmdi zmdi-filter-center-focus wpfd-preview\"><\/i>                        <\/a>{{\/if}}{{\/if}}            <\/td>            <\/tr>    {{\/each}}    {{\/if}}<\/script><div class=\"wpfd-content wpfd-content-table wpfd-content-multi colstyle\" data-category=\"331\"><input type=\"hidden\" id=\"current_category_331\" value=\"331\" \/>                    <input type=\"hidden\" id=\"current_category_slug_331\" value=\"vigilancialegislacao\" \/>                    <input type=\"hidden\" id=\"current_ordering_331\" value=\"title\" \/>                    <input type=\"hidden\" id=\"current_ordering_direction_331\" value=\"desc\" \/><div class=\"wpfd-container\">        <div class=\"wpfd-open-tree\"><\/div>    <div class=\"wpfd-container-table \">        <div class=\"wpfd-categories\"><\/div>        <table class=\"wpfd-table wpfd-table-bordered wpfd-table-striped mediaTable\">            <thead>            <tr>                <th class=\"essential persist file_title\">T\u00edtulo<\/th><th class=\"optional file_size\">Tamanho<\/th><th class=\"optional file_created\">Data de Publica\u00e7\u00e3o<\/th><th class=\"essential file_download\">Baixar<\/th>            <\/tr>            <\/thead>            <tbody>                            <tr class=\"file\" data-id=\"2965\"                    data-catid=\"331\">                    <td class=\"file_title\"><a class=\"wpfd_downloadlink\" href=\"https:\/\/portal.pi.gov.br\/adapi\/download\/331\/vigilancialegislacao\/2965\/portaria-no-135-de-30-de-outubro-de-2023.pdf\" title=\"Portaria n\u00ba 135 de 30 de outubro de 2023\"><span class=\"extcol\">                                <span class=\"ext ext-pdf\"><\/span>                                Portaria n\u00ba 135 de 30 de outubro de 2023                            <\/span><\/a><\/td><td class=\"file_size\">309.43 KB<\/td><td class=\"file_created\">22-04-2025<\/td>                                            <td class=\"col-download\">                            <a class=\"downloadlink wpfd_downloadlink\"  href=\"https:\/\/portal.pi.gov.br\/adapi\/download\/331\/vigilancialegislacao\/2965\/portaria-no-135-de-30-de-outubro-de-2023.pdf\" style=\"background-color:#033b85;color:#ffffff;\">Baixar<i class=\"zmdi zmdi-cloud-download wpfd-download\"><\/i><\/a><a                            href=\"https:\/\/docs.google.com\/viewer?url=https%3A%2F%2Fportal.pi.gov.br%2Fadapi%2Fwp-admin%2Fadmin-ajax.php%3Fjuwpfisadmin%3Dfalse%26action%3Dwpfd%26task%3Dfile.download%26wpfd_category_id%3D331%26wpfd_file_id%3D2965%26token%3D%26preview%3D1&#038;embedded=true\"                            class=\"openlink wpfdlightbox wpfd_previewlink\"                            target=\"\"                            data-id=\"2965\"                            data-catid=\"331\"                            data-file-type=\"pdf\">Visualizar<i class=\"zmdi zmdi-filter-center-focus wpfd-preview\"><\/i>                        <\/a>                        <\/td>                                    <\/tr>                            <tr class=\"file\" data-id=\"2964\"                    data-catid=\"331\">                    <td class=\"file_title\"><a class=\"wpfd_downloadlink\" href=\"https:\/\/portal.pi.gov.br\/adapi\/download\/331\/vigilancialegislacao\/2964\/portaria-no-134-de-30-de-outubro-de-2023.pdf\" title=\"Portaria n\u00ba 134, de 30 de outubro de 2023\"><span class=\"extcol\">                                <span class=\"ext ext-pdf\"><\/span>                                Portaria n\u00ba 134, de 30 de outubro de 2023                            <\/span><\/a><\/td><td class=\"file_size\">374.44 KB<\/td><td class=\"file_created\">22-04-2025<\/td>                                            <td class=\"col-download\">                            <a class=\"downloadlink wpfd_downloadlink\"  href=\"https:\/\/portal.pi.gov.br\/adapi\/download\/331\/vigilancialegislacao\/2964\/portaria-no-134-de-30-de-outubro-de-2023.pdf\" style=\"background-color:#033b85;color:#ffffff;\">Baixar<i class=\"zmdi zmdi-cloud-download wpfd-download\"><\/i><\/a><a                            href=\"https:\/\/docs.google.com\/viewer?url=https%3A%2F%2Fportal.pi.gov.br%2Fadapi%2Fwp-admin%2Fadmin-ajax.php%3Fjuwpfisadmin%3Dfalse%26action%3Dwpfd%26task%3Dfile.download%26wpfd_category_id%3D331%26wpfd_file_id%3D2964%26token%3D%26preview%3D1&#038;embedded=true\"                            class=\"openlink wpfdlightbox wpfd_previewlink\"                            target=\"\"                            data-id=\"2964\"                            data-catid=\"331\"                            data-file-type=\"pdf\">Visualizar<i class=\"zmdi zmdi-filter-center-focus wpfd-preview\"><\/i>                        <\/a>                        <\/td>                                    <\/tr>                            <tr class=\"file\" data-id=\"2963\"                    data-catid=\"331\">                    <td class=\"file_title\"><a class=\"wpfd_downloadlink\" href=\"https:\/\/portal.pi.gov.br\/adapi\/download\/331\/vigilancialegislacao\/2963\/portaria-no-19-ministerio-da-pesca.pdf\" title=\"Portaria n\u00ba 19 Minist\u00e9rio da Pesca\"><span class=\"extcol\">                                <span class=\"ext ext-pdf\"><\/span>                                Portaria n\u00ba 19 Minist\u00e9rio da Pesca                            <\/span><\/a><\/td><td class=\"file_size\">98.85 KB<\/td><td class=\"file_created\">22-04-2025<\/td>                                            <td class=\"col-download\">                            <a class=\"downloadlink wpfd_downloadlink\"  href=\"https:\/\/portal.pi.gov.br\/adapi\/download\/331\/vigilancialegislacao\/2963\/portaria-no-19-ministerio-da-pesca.pdf\" style=\"background-color:#033b85;color:#ffffff;\">Baixar<i class=\"zmdi zmdi-cloud-download wpfd-download\"><\/i><\/a><a                            href=\"https:\/\/docs.google.com\/viewer?url=https%3A%2F%2Fportal.pi.gov.br%2Fadapi%2Fwp-admin%2Fadmin-ajax.php%3Fjuwpfisadmin%3Dfalse%26action%3Dwpfd%26task%3Dfile.download%26wpfd_category_id%3D331%26wpfd_file_id%3D2963%26token%3D%26preview%3D1&#038;embedded=true\"                            class=\"openlink wpfdlightbox wpfd_previewlink\"                            target=\"\"                            data-id=\"2963\"                            data-catid=\"331\"                            data-file-type=\"pdf\">Visualizar<i class=\"zmdi zmdi-filter-center-focus wpfd-preview\"><\/i>                        <\/a>                        <\/td>                                    <\/tr>                            <tr class=\"file\" data-id=\"5010\"                    data-catid=\"331\">                    <td class=\"file_title\"><a class=\"wpfd_downloadlink\" href=\"https:\/\/portal.pi.gov.br\/adapi\/download\/331\/vigilancialegislacao\/5010\/portaria-no7-de-2026-adapi-geez-2.pdf\" title=\"Portaria n\u00ba7 de 2026 Adapi GEEZ\"><span class=\"extcol\">                                <span class=\"ext ext-pdf\"><\/span>                                Portaria n\u00ba7 de 2026 Adapi GEEZ                            <\/span><\/a><\/td><td class=\"file_size\">2.38 MB<\/td><td class=\"file_created\">04-02-2026<\/td>                                            <td class=\"col-download\">                            <a class=\"downloadlink wpfd_downloadlink\"  href=\"https:\/\/portal.pi.gov.br\/adapi\/download\/331\/vigilancialegislacao\/5010\/portaria-no7-de-2026-adapi-geez-2.pdf\" style=\"background-color:#033b85;color:#ffffff;\">Baixar<i class=\"zmdi zmdi-cloud-download wpfd-download\"><\/i><\/a><a                            href=\"https:\/\/docs.google.com\/viewer?url=https%3A%2F%2Fportal.pi.gov.br%2Fadapi%2Fwp-admin%2Fadmin-ajax.php%3Fjuwpfisadmin%3Dfalse%26action%3Dwpfd%26task%3Dfile.download%26wpfd_category_id%3D331%26wpfd_file_id%3D5010%26token%3D%26preview%3D1&#038;embedded=true\"                            class=\"openlink wpfdlightbox wpfd_previewlink\"                            target=\"\"                            data-id=\"5010\"                            data-catid=\"331\"                            data-file-type=\"pdf\">Visualizar<i class=\"zmdi zmdi-filter-center-focus wpfd-preview\"><\/i>                        <\/a>                        <\/td>                                    <\/tr>                            <tr class=\"file\" data-id=\"2966\"                    data-catid=\"331\">                    <td class=\"file_title\"><a class=\"wpfd_downloadlink\" href=\"https:\/\/portal.pi.gov.br\/adapi\/download\/331\/vigilancialegislacao\/2966\/manual-do-sisbravet.pdf\" title=\"Manual do SISBRAVET\"><span class=\"extcol\">                                <span class=\"ext ext-pdf\"><\/span>                                Manual do SISBRAVET                            <\/span><\/a><\/td><td class=\"file_size\">7.82 MB<\/td><td class=\"file_created\">23-04-2025<\/td>                                            <td class=\"col-download\">                            <a class=\"downloadlink wpfd_downloadlink\"  href=\"https:\/\/portal.pi.gov.br\/adapi\/download\/331\/vigilancialegislacao\/2966\/manual-do-sisbravet.pdf\" style=\"background-color:#033b85;color:#ffffff;\">Baixar<i class=\"zmdi zmdi-cloud-download wpfd-download\"><\/i><\/a><a                            href=\"https:\/\/docs.google.com\/viewer?url=https%3A%2F%2Fportal.pi.gov.br%2Fadapi%2Fwp-admin%2Fadmin-ajax.php%3Fjuwpfisadmin%3Dfalse%26action%3Dwpfd%26task%3Dfile.download%26wpfd_category_id%3D331%26wpfd_file_id%3D2966%26token%3D%26preview%3D1&#038;embedded=true\"                            class=\"openlink wpfdlightbox wpfd_previewlink\"                            target=\"\"                            data-id=\"2966\"                            data-catid=\"331\"                            data-file-type=\"pdf\">Visualizar<i class=\"zmdi zmdi-filter-center-focus wpfd-preview\"><\/i>                        <\/a>                        <\/td>                                    <\/tr>                            <tr class=\"file\" data-id=\"2962\"                    data-catid=\"331\">                    <td class=\"file_title\"><a class=\"wpfd_downloadlink\" href=\"https:\/\/portal.pi.gov.br\/adapi\/download\/331\/vigilancialegislacao\/2962\/lei-no-5-628-defesa-sanitaria-animal-no-estado-do-piaui.pdf\" title=\"Lei n\u00ba 5.628 Defesa Sanit\u00e1ria Animal no Estado do Piau\u00ed\"><span class=\"extcol\">                                <span class=\"ext ext-pdf\"><\/span>                                Lei n\u00ba 5.628 Defesa Sanit\u00e1ria Animal no Estado do Piau\u00ed                            <\/span><\/a><\/td><td class=\"file_size\">143.93 KB<\/td><td class=\"file_created\">22-04-2025<\/td>                                            <td class=\"col-download\">                            <a class=\"downloadlink wpfd_downloadlink\"  href=\"https:\/\/portal.pi.gov.br\/adapi\/download\/331\/vigilancialegislacao\/2962\/lei-no-5-628-defesa-sanitaria-animal-no-estado-do-piaui.pdf\" style=\"background-color:#033b85;color:#ffffff;\">Baixar<i class=\"zmdi zmdi-cloud-download wpfd-download\"><\/i><\/a><a                            href=\"https:\/\/docs.google.com\/viewer?url=https%3A%2F%2Fportal.pi.gov.br%2Fadapi%2Fwp-admin%2Fadmin-ajax.php%3Fjuwpfisadmin%3Dfalse%26action%3Dwpfd%26task%3Dfile.download%26wpfd_category_id%3D331%26wpfd_file_id%3D2962%26token%3D%26preview%3D1&#038;embedded=true\"                            class=\"openlink wpfdlightbox wpfd_previewlink\"                            target=\"\"                            data-id=\"2962\"                            data-catid=\"331\"                            data-file-type=\"pdf\">Visualizar<i class=\"zmdi zmdi-filter-center-focus wpfd-preview\"><\/i>                        <\/a>                        <\/td>                                    <\/tr>                            <tr class=\"file\" data-id=\"2961\"                    data-catid=\"331\">                    <td class=\"file_title\"><a class=\"wpfd_downloadlink\" href=\"https:\/\/portal.pi.gov.br\/adapi\/download\/331\/vigilancialegislacao\/2961\/in-50.pdf\" title=\"IN 50\"><span class=\"extcol\">                                <span class=\"ext ext-pdf\"><\/span>                                IN 50                            <\/span><\/a><\/td><td class=\"file_size\">22.51 KB<\/td><td class=\"file_created\">22-04-2025<\/td>                                            <td class=\"col-download\">                            <a class=\"downloadlink wpfd_downloadlink\"  href=\"https:\/\/portal.pi.gov.br\/adapi\/download\/331\/vigilancialegislacao\/2961\/in-50.pdf\" style=\"background-color:#033b85;color:#ffffff;\">Baixar<i class=\"zmdi zmdi-cloud-download wpfd-download\"><\/i><\/a><a                            href=\"https:\/\/docs.google.com\/viewer?url=https%3A%2F%2Fportal.pi.gov.br%2Fadapi%2Fwp-admin%2Fadmin-ajax.php%3Fjuwpfisadmin%3Dfalse%26action%3Dwpfd%26task%3Dfile.download%26wpfd_category_id%3D331%26wpfd_file_id%3D2961%26token%3D%26preview%3D1&#038;embedded=true\"                            class=\"openlink wpfdlightbox wpfd_previewlink\"                            target=\"\"                            data-id=\"2961\"                            data-catid=\"331\"                            data-file-type=\"pdf\">Visualizar<i class=\"zmdi zmdi-filter-center-focus wpfd-preview\"><\/i>                        <\/a>                        <\/td>                                    <\/tr>                            <tr class=\"file\" data-id=\"2967\"                    data-catid=\"331\">                    <td class=\"file_title\"><a class=\"wpfd_downloadlink\" href=\"https:\/\/portal.pi.gov.br\/adapi\/download\/331\/vigilancialegislacao\/2967\/formulario-requisicao-exame-sn-2.docx\" title=\"Formul\u00e1rio requisi\u00e7\u00e3o exame SN\"><span class=\"extcol\">                                <span class=\"ext ext-docx\"><\/span>                                Formul\u00e1rio requisi\u00e7\u00e3o exame SN                            <\/span><\/a><\/td><td class=\"file_size\">194.19 KB<\/td><td class=\"file_created\">23-04-2025<\/td>                                            <td class=\"col-download\">                            <a class=\"downloadlink wpfd_downloadlink\"  href=\"https:\/\/portal.pi.gov.br\/adapi\/download\/331\/vigilancialegislacao\/2967\/formulario-requisicao-exame-sn-2.docx\" style=\"background-color:#033b85;color:#ffffff;\">Baixar<i class=\"zmdi zmdi-cloud-download wpfd-download\"><\/i><\/a><a                            href=\"https:\/\/docs.google.com\/viewer?url=https%3A%2F%2Fportal.pi.gov.br%2Fadapi%2Fwp-admin%2Fadmin-ajax.php%3Fjuwpfisadmin%3Dfalse%26action%3Dwpfd%26task%3Dfile.download%26wpfd_category_id%3D331%26wpfd_file_id%3D2967%26token%3D%26preview%3D1&#038;embedded=true\"                            class=\"openlink wpfdlightbox wpfd_previewlink\"                            target=\"\"                            data-id=\"2967\"                            data-catid=\"331\"                            data-file-type=\"docx\">Visualizar<i class=\"zmdi zmdi-filter-center-focus wpfd-preview\"><\/i>                        <\/a>                        <\/td>                                    <\/tr>                            <tr class=\"file\" data-id=\"2946\"                    data-catid=\"331\">                    <td class=\"file_title\"><a class=\"wpfd_downloadlink\" href=\"https:\/\/portal.pi.gov.br\/adapi\/download\/331\/vigilancialegislacao\/2946\/ficha-tecnica-doenca-de-aujeszky.pdf\" title=\"Ficha T\u00e9cnica doen\u00e7a de Aujeszky\"><span class=\"extcol\">                                <span class=\"ext ext-pdf\"><\/span>                                Ficha T\u00e9cnica doen\u00e7a de Aujeszky                            <\/span><\/a><\/td><td class=\"file_size\">89.19 KB<\/td><td class=\"file_created\">22-04-2025<\/td>                                            <td class=\"col-download\">                            <a class=\"downloadlink wpfd_downloadlink\"  href=\"https:\/\/portal.pi.gov.br\/adapi\/download\/331\/vigilancialegislacao\/2946\/ficha-tecnica-doenca-de-aujeszky.pdf\" style=\"background-color:#033b85;color:#ffffff;\">Baixar<i class=\"zmdi zmdi-cloud-download wpfd-download\"><\/i><\/a><a                            href=\"https:\/\/docs.google.com\/viewer?url=https%3A%2F%2Fportal.pi.gov.br%2Fadapi%2Fwp-admin%2Fadmin-ajax.php%3Fjuwpfisadmin%3Dfalse%26action%3Dwpfd%26task%3Dfile.download%26wpfd_category_id%3D331%26wpfd_file_id%3D2946%26token%3D%26preview%3D1&#038;embedded=true\"                            class=\"openlink wpfdlightbox wpfd_previewlink\"                            target=\"\"                            data-id=\"2946\"                            data-catid=\"331\"                            data-file-type=\"pdf\">Visualizar<i class=\"zmdi zmdi-filter-center-focus wpfd-preview\"><\/i>                        <\/a>                        <\/td>                                    <\/tr>                            <tr class=\"file\" data-id=\"2945\"                    data-catid=\"331\">                    <td class=\"file_title\"><a class=\"wpfd_downloadlink\" href=\"https:\/\/portal.pi.gov.br\/adapi\/download\/331\/vigilancialegislacao\/2945\/ficha-tecnica-de-doenca-de-newcastle.pdf\" title=\"Ficha T\u00e9cnica de Doen\u00e7a de Newcastle\"><span class=\"extcol\">                                <span class=\"ext ext-pdf\"><\/span>                                Ficha T\u00e9cnica de Doen\u00e7a de Newcastle                            <\/span><\/a><\/td><td class=\"file_size\">144.52 KB<\/td><td class=\"file_created\">22-04-2025<\/td>                                            <td class=\"col-download\">                            <a class=\"downloadlink wpfd_downloadlink\"  href=\"https:\/\/portal.pi.gov.br\/adapi\/download\/331\/vigilancialegislacao\/2945\/ficha-tecnica-de-doenca-de-newcastle.pdf\" style=\"background-color:#033b85;color:#ffffff;\">Baixar<i class=\"zmdi zmdi-cloud-download wpfd-download\"><\/i><\/a><a                            href=\"https:\/\/docs.google.com\/viewer?url=https%3A%2F%2Fportal.pi.gov.br%2Fadapi%2Fwp-admin%2Fadmin-ajax.php%3Fjuwpfisadmin%3Dfalse%26action%3Dwpfd%26task%3Dfile.download%26wpfd_category_id%3D331%26wpfd_file_id%3D2945%26token%3D%26preview%3D1&#038;embedded=true\"                            class=\"openlink wpfdlightbox wpfd_previewlink\"                            target=\"\"                            data-id=\"2945\"                            data-catid=\"331\"                            data-file-type=\"pdf\">Visualizar<i class=\"zmdi zmdi-filter-center-focus wpfd-preview\"><\/i>                        <\/a>                        <\/td>                                    <\/tr>                        <\/tbody>        <\/table>            <\/div><\/div><\/div><div class='wpfd-pagination'>\n\t<span class='page-numbers current'>1<\/span>\n<a class='page-numbers' data-page='2' data-sourcecat='331'>2<\/a>\n<a class='page-numbers' data-page='3' data-sourcecat='331'>3<\/a>\n<a class='next page-numbers' data-page='2' data-sourcecat='331'>Pr\u00f3ximo &raquo;<\/a>\n<\/div>\n\n","protected":false},"excerpt":{"rendered":"","protected":false},"author":1832,"featured_media":0,"parent":0,"menu_order":0,"comment_status":"closed","ping_status":"closed","template":"template-fullwidth.php","meta":[],"featured_image_urls":{"full":"","thumbnail":"","medium":"","medium_large":"","large":"","sgg-420":"","sgg-540":"","sgg-780":"","1536x1536":"","2048x2048":"","homepage-slider":"","homepage-slider-small":"","page-top":"","page-small":"","loop-main":"","thumb-gallery-widget":""},"post_excerpt_stackable":"<p>T\u00edtuloTamanhoData de Publica\u00e7\u00e3oBaixar Portaria n\u00ba 135 de 30 de outubro de 2023 309.43 KB22-04-2025 BaixarVisualizar Portaria n\u00ba 134, de 30 de outubro de 2023 374.44 KB22-04-2025 BaixarVisualizar Portaria n\u00ba 19 Minist\u00e9rio da Pesca 98.85 KB22-04-2025 BaixarVisualizar Portaria n\u00ba7 de 2026 Adapi GEEZ 2.38 MB04-02-2026 BaixarVisualizar Manual do SISBRAVET 7.82 MB23-04-2025 BaixarVisualizar Lei n\u00ba 5.628 Defesa Sanit\u00e1ria Animal no Estado do Piau\u00ed 143.93 KB22-04-2025 BaixarVisualizar IN 50 22.51 KB22-04-2025 BaixarVisualizar Formul\u00e1rio requisi\u00e7\u00e3o exame SN 194.19 KB23-04-2025 BaixarVisualizar Ficha T\u00e9cnica doen\u00e7a de Aujeszky 89.19 KB22-04-2025 BaixarVisualizar Ficha T\u00e9cnica de Doen\u00e7a de Newcastle 144.52 KB22-04-2025 BaixarVisualizar 1 2 3 Pr\u00f3ximo &raquo;<\/p>\n","category_list":"","author_info":{"name":"ETIPI","url":"https:\/\/portal.pi.gov.br\/adapi\/author\/pallomagualter\/"},"comments_num":"0 coment\u00e1rio","featured_image_urls_v2":{"full":"","thumbnail":"","medium":"","medium_large":"","large":"","sgg-420":"","sgg-540":"","sgg-780":"","1536x1536":"","2048x2048":"","homepage-slider":"","homepage-slider-small":"","page-top":"","page-small":"","loop-main":"","thumb-gallery-widget":""},"post_excerpt_stackable_v2":"<p>T\u00edtuloTamanhoData de Publica\u00e7\u00e3oBaixar Portaria n\u00ba 135 de 30 de outubro de 2023 309.43 KB22-04-2025 BaixarVisualizar Portaria n\u00ba 134, de 30 de outubro de 2023 374.44 KB22-04-2025 BaixarVisualizar Portaria n\u00ba 19 Minist\u00e9rio da Pesca 98.85 KB22-04-2025 BaixarVisualizar Portaria n\u00ba7 de 2026 Adapi GEEZ 2.38 MB04-02-2026 BaixarVisualizar Manual do SISBRAVET 7.82 MB23-04-2025 BaixarVisualizar Lei n\u00ba 5.628 Defesa Sanit\u00e1ria Animal no Estado do Piau\u00ed 143.93 KB22-04-2025 BaixarVisualizar IN 50 22.51 KB22-04-2025 BaixarVisualizar Formul\u00e1rio requisi\u00e7\u00e3o exame SN 194.19 KB23-04-2025 BaixarVisualizar Ficha T\u00e9cnica doen\u00e7a de Aujeszky 89.19 KB22-04-2025 BaixarVisualizar Ficha T\u00e9cnica de Doen\u00e7a de Newcastle 144.52 KB22-04-2025 BaixarVisualizar 1 2 3 Pr\u00f3ximo &raquo;<\/p>\n","category_list_v2":"","author_info_v2":{"name":"ETIPI","url":"https:\/\/portal.pi.gov.br\/adapi\/author\/pallomagualter\/"},"comments_num_v2":"0 coment\u00e1rio","_links":{"self":[{"href":"https:\/\/portal.pi.gov.br\/adapi\/wp-json\/wp\/v2\/pages\/2508"}],"collection":[{"href":"https:\/\/portal.pi.gov.br\/adapi\/wp-json\/wp\/v2\/pages"}],"about":[{"href":"https:\/\/portal.pi.gov.br\/adapi\/wp-json\/wp\/v2\/types\/page"}],"author":[{"embeddable":true,"href":"https:\/\/portal.pi.gov.br\/adapi\/wp-json\/wp\/v2\/users\/1832"}],"replies":[{"embeddable":true,"href":"https:\/\/portal.pi.gov.br\/adapi\/wp-json\/wp\/v2\/comments?post=2508"}],"version-history":[{"count":2,"href":"https:\/\/portal.pi.gov.br\/adapi\/wp-json\/wp\/v2\/pages\/2508\/revisions"}],"predecessor-version":[{"id":2696,"href":"https:\/\/portal.pi.gov.br\/adapi\/wp-json\/wp\/v2\/pages\/2508\/revisions\/2696"}],"wp:attachment":[{"href":"https:\/\/portal.pi.gov.br\/adapi\/wp-json\/wp\/v2\/media?parent=2508"}],"curies":[{"name":"wp","href":"https:\/\/api.w.org\/{rel}","templated":true}]}}