{"id":2510,"date":"2025-03-18T08:39:05","date_gmt":"2025-03-18T11:39:05","guid":{"rendered":"https:\/\/portal.pi.gov.br\/adapi\/?page_id=2510"},"modified":"2025-03-18T12:58:01","modified_gmt":"2025-03-18T15:58:01","slug":"epidemiologica-comunicados","status":"publish","type":"page","link":"https:\/\/portal.pi.gov.br\/adapi\/epidemiologica-comunicados\/","title":{"rendered":"Comunicados"},"content":{"rendered":"<script type=\"text\/x-handlebars-template\"        id=\"wpfd-template-table-categories-332\">    <div class=\"wpfd-categories\">{{#if category}}{{#with category}}{{#if parent}}<a class=\"catlink backcategory\" href=\"#\" data-idcat=\"{{parent}}\">                        <i class=\"zmdi zmdi-chevron-left\"><\/i><span>Voltar<\/span><\/a>{{\/if}}{{\/with}}{{\/if}}<\/div><\/script><script type=\"text\/x-handlebars-template\" id=\"wpfd-template-table-332\">    {{#if files}}    {{#each files}}    <tr class=\"file\" data-id=\"{{ID}}\" data-catid=\"{{catid}}\">    <td class=\"file_title\"><a class=\"wpfd_downloadlink\" href=\"{{linkdownload}}\" title=\"{{post_title}}\"><span class=\"extcol\">{{#if file_custom_icon}}<span class=\"icon-custom\"><img src=\"{{file_custom_icon}}\"><\/span>{{else}}<span class=\"ext ext-{{ext}}\"><\/span>{{\/if}}<\/span>{{{crop_title}}}<\/a><\/td><td class=\"file_size\">{{bytesToSize size}}<\/td><td class=\"file_created\">{{created}}<\/td>                    <td class=\"col-download\">                <a class=\"downloadlink wpfd_downloadlink\"  href=\"{{linkdownload}}\" style=\"background-color:#033b85;color:#ffffff;\">Baixar<i class=\"zmdi zmdi-cloud-download wpfd-download\"><\/i><\/a>{{#if openpdflink}}<a class=\"openlink wpfdlightbox wpfd_previewlink\" href=\"{{openpdflink}}\" target=\"\">Visualizar                            <i class=\"zmdi zmdi-filter-center-focus wpfd-preview\"><\/i>                        <\/a>{{else}}{{#if viewerlink}}<a                            href=\"{{viewerlink}}\"                            class=\"openlink wpfdlightbox wpfd_previewlink\"                            target=\"\"                            data-id=\"{{ID}}\"                            data-catid=\"{{catid}}\"                            data-file-type=\"{{ext}}\">Visualizar<i class=\"zmdi zmdi-filter-center-focus wpfd-preview\"><\/i>                        <\/a>{{\/if}}{{\/if}}            <\/td>            <\/tr>    {{\/each}}    {{\/if}}<\/script><div class=\"wpfd-content wpfd-content-table wpfd-content-multi colstyle\" data-category=\"332\"><input type=\"hidden\" id=\"current_category_332\" value=\"332\" \/>                    <input type=\"hidden\" id=\"current_category_slug_332\" value=\"vigilanciacomunicados\" \/>                    <input type=\"hidden\" id=\"current_ordering_332\" value=\"title\" \/>                    <input type=\"hidden\" id=\"current_ordering_direction_332\" value=\"desc\" \/><div class=\"wpfd-container\">        <div class=\"wpfd-open-tree\"><\/div>    <div class=\"wpfd-container-table \">        <div class=\"wpfd-categories\"><\/div>        <table class=\"wpfd-table wpfd-table-bordered wpfd-table-striped mediaTable\">            <thead>            <tr>                <th class=\"essential persist file_title\">T\u00edtulo<\/th><th class=\"optional file_size\">Tamanho<\/th><th class=\"optional file_created\">Data de Publica\u00e7\u00e3o<\/th><th class=\"essential file_download\">Baixar<\/th>            <\/tr>            <\/thead>            <tbody>                            <tr class=\"file\" data-id=\"4915\"                    data-catid=\"332\">                    <td class=\"file_title\"><a class=\"wpfd_downloadlink\" href=\"https:\/\/portal.pi.gov.br\/adapi\/download\/332\/vigilanciacomunicados\/4915\/oficio_circular_n-902025_foco-de-peste-suina-classica-psc-no-estado-do-piaui.pdf\" title=\"Oficio_Circular_n 902025_Foco de Peste Su\u00edna Cl\u00e1ssica (PSC) no estado do Piau\u00ed\"><span class=\"extcol\">                                <span class=\"ext ext-pdf\"><\/span>                                Oficio_Circular_n 902025_Foco de Peste Su\u00edna Cl\u00e1ssica (PSC) no estado do Piau\u00ed                            <\/span><\/a><\/td><td class=\"file_size\">370.54 KB<\/td><td class=\"file_created\">19-01-2026<\/td>                                            <td class=\"col-download\">                            <a class=\"downloadlink wpfd_downloadlink\"  href=\"https:\/\/portal.pi.gov.br\/adapi\/download\/332\/vigilanciacomunicados\/4915\/oficio_circular_n-902025_foco-de-peste-suina-classica-psc-no-estado-do-piaui.pdf\" style=\"background-color:#033b85;color:#ffffff;\">Baixar<i class=\"zmdi zmdi-cloud-download wpfd-download\"><\/i><\/a><a                            href=\"https:\/\/docs.google.com\/viewer?url=https%3A%2F%2Fportal.pi.gov.br%2Fadapi%2Fwp-admin%2Fadmin-ajax.php%3Fjuwpfisadmin%3Dfalse%26action%3Dwpfd%26task%3Dfile.download%26wpfd_category_id%3D332%26wpfd_file_id%3D4915%26token%3D%26preview%3D1&#038;embedded=true\"                            class=\"openlink wpfdlightbox wpfd_previewlink\"                            target=\"\"                            data-id=\"4915\"                            data-catid=\"332\"                            data-file-type=\"pdf\">Visualizar<i class=\"zmdi zmdi-filter-center-focus wpfd-preview\"><\/i>                        <\/a>                        <\/td>                                    <\/tr>                            <tr class=\"file\" data-id=\"2941\"                    data-catid=\"332\">                    <td class=\"file_title\"><a class=\"wpfd_downloadlink\" href=\"https:\/\/portal.pi.gov.br\/adapi\/download\/332\/vigilanciacomunicados\/2941\/notificacao-de-focos-de-peste-suina-classica-no-estado-do-piaui.pdf\" title=\"Notifica\u00e7\u00e3o de focos de peste su\u00edna cl\u00e1ssica no estado do Piau\u00ed\"><span class=\"extcol\">                                <span class=\"ext ext-pdf\"><\/span>                                Notifica\u00e7\u00e3o de focos de peste su\u00edna cl\u00e1ssica no estado do Piau\u00ed                            <\/span><\/a><\/td><td class=\"file_size\">252.13 KB<\/td><td class=\"file_created\">22-04-2025<\/td>                                            <td class=\"col-download\">                            <a class=\"downloadlink wpfd_downloadlink\"  href=\"https:\/\/portal.pi.gov.br\/adapi\/download\/332\/vigilanciacomunicados\/2941\/notificacao-de-focos-de-peste-suina-classica-no-estado-do-piaui.pdf\" style=\"background-color:#033b85;color:#ffffff;\">Baixar<i class=\"zmdi zmdi-cloud-download wpfd-download\"><\/i><\/a><a                            href=\"https:\/\/docs.google.com\/viewer?url=https%3A%2F%2Fportal.pi.gov.br%2Fadapi%2Fwp-admin%2Fadmin-ajax.php%3Fjuwpfisadmin%3Dfalse%26action%3Dwpfd%26task%3Dfile.download%26wpfd_category_id%3D332%26wpfd_file_id%3D2941%26token%3D%26preview%3D1&#038;embedded=true\"                            class=\"openlink wpfdlightbox wpfd_previewlink\"                            target=\"\"                            data-id=\"2941\"                            data-catid=\"332\"                            data-file-type=\"pdf\">Visualizar<i class=\"zmdi zmdi-filter-center-focus wpfd-preview\"><\/i>                        <\/a>                        <\/td>                                    <\/tr>                            <tr class=\"file\" data-id=\"2940\"                    data-catid=\"332\">                    <td class=\"file_title\"><a class=\"wpfd_downloadlink\" href=\"https:\/\/portal.pi.gov.br\/adapi\/download\/332\/vigilanciacomunicados\/2940\/notificacao-de-doencas-no-e-sisbravet.pdf\" title=\"NOTIFICA\u00c7\u00c3O DE DOEN\u00c7AS NO E-SISBRAVET\"><span class=\"extcol\">                                <span class=\"ext ext-pdf\"><\/span>                                NOTIFICA\u00c7\u00c3O DE DOEN\u00c7AS NO E-SISBRAVET                            <\/span><\/a><\/td><td class=\"file_size\">619.07 KB<\/td><td class=\"file_created\">22-04-2025<\/td>                                            <td class=\"col-download\">                            <a class=\"downloadlink wpfd_downloadlink\"  href=\"https:\/\/portal.pi.gov.br\/adapi\/download\/332\/vigilanciacomunicados\/2940\/notificacao-de-doencas-no-e-sisbravet.pdf\" style=\"background-color:#033b85;color:#ffffff;\">Baixar<i class=\"zmdi zmdi-cloud-download wpfd-download\"><\/i><\/a><a                            href=\"https:\/\/docs.google.com\/viewer?url=https%3A%2F%2Fportal.pi.gov.br%2Fadapi%2Fwp-admin%2Fadmin-ajax.php%3Fjuwpfisadmin%3Dfalse%26action%3Dwpfd%26task%3Dfile.download%26wpfd_category_id%3D332%26wpfd_file_id%3D2940%26token%3D%26preview%3D1&#038;embedded=true\"                            class=\"openlink wpfdlightbox wpfd_previewlink\"                            target=\"\"                            data-id=\"2940\"                            data-catid=\"332\"                            data-file-type=\"pdf\">Visualizar<i class=\"zmdi zmdi-filter-center-focus wpfd-preview\"><\/i>                        <\/a>                        <\/td>                                    <\/tr>                            <tr class=\"file\" data-id=\"2939\"                    data-catid=\"332\">                    <td class=\"file_title\"><a class=\"wpfd_downloadlink\" href=\"https:\/\/portal.pi.gov.br\/adapi\/download\/332\/vigilanciacomunicados\/2939\/fluxo-de-informacao-zoossanitaria.pdf\" title=\"Fluxo de Informa\u00e7\u00e3o Zoossanit\u00e1ria\"><span class=\"extcol\">                                <span class=\"ext ext-pdf\"><\/span>                                Fluxo de Informa\u00e7\u00e3o Zoossanit\u00e1ria                            <\/span><\/a><\/td><td class=\"file_size\">326.43 KB<\/td><td class=\"file_created\">22-04-2025<\/td>                                            <td class=\"col-download\">                            <a class=\"downloadlink wpfd_downloadlink\"  href=\"https:\/\/portal.pi.gov.br\/adapi\/download\/332\/vigilanciacomunicados\/2939\/fluxo-de-informacao-zoossanitaria.pdf\" style=\"background-color:#033b85;color:#ffffff;\">Baixar<i class=\"zmdi zmdi-cloud-download wpfd-download\"><\/i><\/a><a                            href=\"https:\/\/docs.google.com\/viewer?url=https%3A%2F%2Fportal.pi.gov.br%2Fadapi%2Fwp-admin%2Fadmin-ajax.php%3Fjuwpfisadmin%3Dfalse%26action%3Dwpfd%26task%3Dfile.download%26wpfd_category_id%3D332%26wpfd_file_id%3D2939%26token%3D%26preview%3D1&#038;embedded=true\"                            class=\"openlink wpfdlightbox wpfd_previewlink\"                            target=\"\"                            data-id=\"2939\"                            data-catid=\"332\"                            data-file-type=\"pdf\">Visualizar<i class=\"zmdi zmdi-filter-center-focus wpfd-preview\"><\/i>                        <\/a>                        <\/td>                                    <\/tr>                            <tr class=\"file\" data-id=\"2938\"                    data-catid=\"332\">                    <td class=\"file_title\"><a class=\"wpfd_downloadlink\" href=\"https:\/\/portal.pi.gov.br\/adapi\/download\/332\/vigilanciacomunicados\/2938\/convocacao-para-participacao-do-sistema-de-informacao-zoossanitaria.pdf\" title=\"Convoca\u00e7\u00e3o para participa\u00e7\u00e3o do Sistema de Informa\u00e7\u00e3o Zoossanit\u00e1ria\"><span class=\"extcol\">                                <span class=\"ext ext-pdf\"><\/span>                                Convoca\u00e7\u00e3o para participa\u00e7\u00e3o do Sistema de Informa\u00e7\u00e3o Zoossanit\u00e1ria                            <\/span><\/a><\/td><td class=\"file_size\">797.57 KB<\/td><td class=\"file_created\">22-04-2025<\/td>                                            <td class=\"col-download\">                            <a class=\"downloadlink wpfd_downloadlink\"  href=\"https:\/\/portal.pi.gov.br\/adapi\/download\/332\/vigilanciacomunicados\/2938\/convocacao-para-participacao-do-sistema-de-informacao-zoossanitaria.pdf\" style=\"background-color:#033b85;color:#ffffff;\">Baixar<i class=\"zmdi zmdi-cloud-download wpfd-download\"><\/i><\/a><a                            href=\"https:\/\/docs.google.com\/viewer?url=https%3A%2F%2Fportal.pi.gov.br%2Fadapi%2Fwp-admin%2Fadmin-ajax.php%3Fjuwpfisadmin%3Dfalse%26action%3Dwpfd%26task%3Dfile.download%26wpfd_category_id%3D332%26wpfd_file_id%3D2938%26token%3D%26preview%3D1&#038;embedded=true\"                            class=\"openlink wpfdlightbox wpfd_previewlink\"                            target=\"\"                            data-id=\"2938\"                            data-catid=\"332\"                            data-file-type=\"pdf\">Visualizar<i class=\"zmdi zmdi-filter-center-focus wpfd-preview\"><\/i>                        <\/a>                        <\/td>                                    <\/tr>                            <tr class=\"file\" data-id=\"2935\"                    data-catid=\"332\">                    <td class=\"file_title\"><a class=\"wpfd_downloadlink\" href=\"https:\/\/portal.pi.gov.br\/adapi\/download\/332\/vigilanciacomunicados\/2935\/boletim-epidemiologico-psc-seguimento-6.pdf\" title=\"Boletim epidemiol\u00f3gico PSC SEGUIMENTO 6\"><span class=\"extcol\">                                <span class=\"ext ext-pdf\"><\/span>                                Boletim epidemiol\u00f3gico PSC SEGUIMENTO 6                            <\/span><\/a><\/td><td class=\"file_size\">879.83 KB<\/td><td class=\"file_created\">22-04-2025<\/td>                                            <td class=\"col-download\">                            <a class=\"downloadlink wpfd_downloadlink\"  href=\"https:\/\/portal.pi.gov.br\/adapi\/download\/332\/vigilanciacomunicados\/2935\/boletim-epidemiologico-psc-seguimento-6.pdf\" style=\"background-color:#033b85;color:#ffffff;\">Baixar<i class=\"zmdi zmdi-cloud-download wpfd-download\"><\/i><\/a><a                            href=\"https:\/\/docs.google.com\/viewer?url=https%3A%2F%2Fportal.pi.gov.br%2Fadapi%2Fwp-admin%2Fadmin-ajax.php%3Fjuwpfisadmin%3Dfalse%26action%3Dwpfd%26task%3Dfile.download%26wpfd_category_id%3D332%26wpfd_file_id%3D2935%26token%3D%26preview%3D1&#038;embedded=true\"                            class=\"openlink wpfdlightbox wpfd_previewlink\"                            target=\"\"                            data-id=\"2935\"                            data-catid=\"332\"                            data-file-type=\"pdf\">Visualizar<i class=\"zmdi zmdi-filter-center-focus wpfd-preview\"><\/i>                        <\/a>                        <\/td>                                    <\/tr>                            <tr class=\"file\" data-id=\"2934\"                    data-catid=\"332\">                    <td class=\"file_title\"><a class=\"wpfd_downloadlink\" href=\"https:\/\/portal.pi.gov.br\/adapi\/download\/332\/vigilanciacomunicados\/2934\/boletim-epidemiologico-psc-seguimento-05.pdf\" title=\"Boletim epidemiol\u00f3gico PSC SEGUIMENTO 05\"><span class=\"extcol\">                                <span class=\"ext ext-pdf\"><\/span>                                Boletim epidemiol\u00f3gico PSC SEGUIMENTO 05                            <\/span><\/a><\/td><td class=\"file_size\">215.29 KB<\/td><td class=\"file_created\">22-04-2025<\/td>                                            <td class=\"col-download\">                            <a class=\"downloadlink wpfd_downloadlink\"  href=\"https:\/\/portal.pi.gov.br\/adapi\/download\/332\/vigilanciacomunicados\/2934\/boletim-epidemiologico-psc-seguimento-05.pdf\" style=\"background-color:#033b85;color:#ffffff;\">Baixar<i class=\"zmdi zmdi-cloud-download wpfd-download\"><\/i><\/a><a                            href=\"https:\/\/docs.google.com\/viewer?url=https%3A%2F%2Fportal.pi.gov.br%2Fadapi%2Fwp-admin%2Fadmin-ajax.php%3Fjuwpfisadmin%3Dfalse%26action%3Dwpfd%26task%3Dfile.download%26wpfd_category_id%3D332%26wpfd_file_id%3D2934%26token%3D%26preview%3D1&#038;embedded=true\"                            class=\"openlink wpfdlightbox wpfd_previewlink\"                            target=\"\"                            data-id=\"2934\"                            data-catid=\"332\"                            data-file-type=\"pdf\">Visualizar<i class=\"zmdi zmdi-filter-center-focus wpfd-preview\"><\/i>                        <\/a>                        <\/td>                                    <\/tr>                            <tr class=\"file\" data-id=\"2933\"                    data-catid=\"332\">                    <td class=\"file_title\"><a class=\"wpfd_downloadlink\" href=\"https:\/\/portal.pi.gov.br\/adapi\/download\/332\/vigilanciacomunicados\/2933\/boletim-epidemiologico-psc-seguimento-04.pdf\" title=\"Boletim epidemiol\u00f3gico PSC SEGUIMENTO 04\"><span class=\"extcol\">                                <span class=\"ext ext-pdf\"><\/span>                                Boletim epidemiol\u00f3gico PSC SEGUIMENTO 04                            <\/span><\/a><\/td><td class=\"file_size\">884.52 KB<\/td><td class=\"file_created\">22-04-2025<\/td>                                            <td class=\"col-download\">                            <a class=\"downloadlink wpfd_downloadlink\"  href=\"https:\/\/portal.pi.gov.br\/adapi\/download\/332\/vigilanciacomunicados\/2933\/boletim-epidemiologico-psc-seguimento-04.pdf\" style=\"background-color:#033b85;color:#ffffff;\">Baixar<i class=\"zmdi zmdi-cloud-download wpfd-download\"><\/i><\/a><a                            href=\"https:\/\/docs.google.com\/viewer?url=https%3A%2F%2Fportal.pi.gov.br%2Fadapi%2Fwp-admin%2Fadmin-ajax.php%3Fjuwpfisadmin%3Dfalse%26action%3Dwpfd%26task%3Dfile.download%26wpfd_category_id%3D332%26wpfd_file_id%3D2933%26token%3D%26preview%3D1&#038;embedded=true\"                            class=\"openlink wpfdlightbox wpfd_previewlink\"                            target=\"\"                            data-id=\"2933\"                            data-catid=\"332\"                            data-file-type=\"pdf\">Visualizar<i class=\"zmdi zmdi-filter-center-focus wpfd-preview\"><\/i>                        <\/a>                        <\/td>                                    <\/tr>                            <tr class=\"file\" data-id=\"2932\"                    data-catid=\"332\">                    <td class=\"file_title\"><a class=\"wpfd_downloadlink\" href=\"https:\/\/portal.pi.gov.br\/adapi\/download\/332\/vigilanciacomunicados\/2932\/boletim-epidemiologico-psc-seguimento-03.pdf\" title=\"Boletim epidemiol\u00f3gico PSC SEGUIMENTO 03\"><span class=\"extcol\">                                <span class=\"ext ext-pdf\"><\/span>                                Boletim epidemiol\u00f3gico PSC SEGUIMENTO 03                            <\/span><\/a><\/td><td class=\"file_size\">259.54 KB<\/td><td class=\"file_created\">22-04-2025<\/td>                                            <td class=\"col-download\">                            <a class=\"downloadlink wpfd_downloadlink\"  href=\"https:\/\/portal.pi.gov.br\/adapi\/download\/332\/vigilanciacomunicados\/2932\/boletim-epidemiologico-psc-seguimento-03.pdf\" style=\"background-color:#033b85;color:#ffffff;\">Baixar<i class=\"zmdi zmdi-cloud-download wpfd-download\"><\/i><\/a><a                            href=\"https:\/\/docs.google.com\/viewer?url=https%3A%2F%2Fportal.pi.gov.br%2Fadapi%2Fwp-admin%2Fadmin-ajax.php%3Fjuwpfisadmin%3Dfalse%26action%3Dwpfd%26task%3Dfile.download%26wpfd_category_id%3D332%26wpfd_file_id%3D2932%26token%3D%26preview%3D1&#038;embedded=true\"                            class=\"openlink wpfdlightbox wpfd_previewlink\"                            target=\"\"                            data-id=\"2932\"                            data-catid=\"332\"                            data-file-type=\"pdf\">Visualizar<i class=\"zmdi zmdi-filter-center-focus wpfd-preview\"><\/i>                        <\/a>                        <\/td>                                    <\/tr>                            <tr class=\"file\" data-id=\"2931\"                    data-catid=\"332\">                    <td class=\"file_title\"><a class=\"wpfd_downloadlink\" href=\"https:\/\/portal.pi.gov.br\/adapi\/download\/332\/vigilanciacomunicados\/2931\/boletim-epidemiologico-psc-seguimento-02.pdf\" title=\"Boletim epidemiol\u00f3gico PSC SEGUIMENTO 02\"><span class=\"extcol\">                                <span class=\"ext ext-pdf\"><\/span>                                Boletim epidemiol\u00f3gico PSC SEGUIMENTO 02                            <\/span><\/a><\/td><td class=\"file_size\">180.81 KB<\/td><td class=\"file_created\">22-04-2025<\/td>                                            <td class=\"col-download\">                            <a class=\"downloadlink wpfd_downloadlink\"  href=\"https:\/\/portal.pi.gov.br\/adapi\/download\/332\/vigilanciacomunicados\/2931\/boletim-epidemiologico-psc-seguimento-02.pdf\" style=\"background-color:#033b85;color:#ffffff;\">Baixar<i class=\"zmdi zmdi-cloud-download wpfd-download\"><\/i><\/a><a                            href=\"https:\/\/docs.google.com\/viewer?url=https%3A%2F%2Fportal.pi.gov.br%2Fadapi%2Fwp-admin%2Fadmin-ajax.php%3Fjuwpfisadmin%3Dfalse%26action%3Dwpfd%26task%3Dfile.download%26wpfd_category_id%3D332%26wpfd_file_id%3D2931%26token%3D%26preview%3D1&#038;embedded=true\"                            class=\"openlink wpfdlightbox wpfd_previewlink\"                            target=\"\"                            data-id=\"2931\"                            data-catid=\"332\"                            data-file-type=\"pdf\">Visualizar<i class=\"zmdi zmdi-filter-center-focus wpfd-preview\"><\/i>                        <\/a>                        <\/td>                                    <\/tr>                        <\/tbody>        <\/table>            <\/div><\/div><\/div><div class='wpfd-pagination'>\n\t<span class='page-numbers current'>1<\/span>\n<a class='page-numbers' data-page='2' data-sourcecat='332'>2<\/a>\n<a class='next page-numbers' data-page='2' data-sourcecat='332'>Pr\u00f3ximo &raquo;<\/a>\n<\/div>\n\n","protected":false},"excerpt":{"rendered":"","protected":false},"author":1832,"featured_media":0,"parent":0,"menu_order":0,"comment_status":"closed","ping_status":"closed","template":"template-fullwidth.php","meta":[],"featured_image_urls":{"full":"","thumbnail":"","medium":"","medium_large":"","large":"","sgg-420":"","sgg-540":"","sgg-780":"","1536x1536":"","2048x2048":"","homepage-slider":"","homepage-slider-small":"","page-top":"","page-small":"","loop-main":"","thumb-gallery-widget":""},"post_excerpt_stackable":"<p>T\u00edtuloTamanhoData de Publica\u00e7\u00e3oBaixar Oficio_Circular_n 902025_Foco de Peste Su\u00edna Cl\u00e1ssica (PSC) no estado do Piau\u00ed 370.54 KB19-01-2026 BaixarVisualizar Notifica\u00e7\u00e3o de focos de peste su\u00edna cl\u00e1ssica no estado do Piau\u00ed 252.13 KB22-04-2025 BaixarVisualizar NOTIFICA\u00c7\u00c3O DE DOEN\u00c7AS NO E-SISBRAVET 619.07 KB22-04-2025 BaixarVisualizar Fluxo de Informa\u00e7\u00e3o Zoossanit\u00e1ria 326.43 KB22-04-2025 BaixarVisualizar Convoca\u00e7\u00e3o para participa\u00e7\u00e3o do Sistema de Informa\u00e7\u00e3o Zoossanit\u00e1ria 797.57 KB22-04-2025 BaixarVisualizar Boletim epidemiol\u00f3gico PSC SEGUIMENTO 6 879.83 KB22-04-2025 BaixarVisualizar Boletim epidemiol\u00f3gico PSC SEGUIMENTO 05 215.29 KB22-04-2025 BaixarVisualizar Boletim epidemiol\u00f3gico PSC SEGUIMENTO 04 884.52 KB22-04-2025 BaixarVisualizar Boletim epidemiol\u00f3gico PSC SEGUIMENTO 03 259.54 KB22-04-2025 BaixarVisualizar Boletim epidemiol\u00f3gico PSC SEGUIMENTO 02 180.81 KB22-04-2025 BaixarVisualizar 1 2 Pr\u00f3ximo&hellip;<\/p>\n","category_list":"","author_info":{"name":"ETIPI","url":"https:\/\/portal.pi.gov.br\/adapi\/author\/pallomagualter\/"},"comments_num":"0 coment\u00e1rio","featured_image_urls_v2":{"full":"","thumbnail":"","medium":"","medium_large":"","large":"","sgg-420":"","sgg-540":"","sgg-780":"","1536x1536":"","2048x2048":"","homepage-slider":"","homepage-slider-small":"","page-top":"","page-small":"","loop-main":"","thumb-gallery-widget":""},"post_excerpt_stackable_v2":"<p>T\u00edtuloTamanhoData de Publica\u00e7\u00e3oBaixar Oficio_Circular_n 902025_Foco de Peste Su\u00edna Cl\u00e1ssica (PSC) no estado do Piau\u00ed 370.54 KB19-01-2026 BaixarVisualizar Notifica\u00e7\u00e3o de focos de peste su\u00edna cl\u00e1ssica no estado do Piau\u00ed 252.13 KB22-04-2025 BaixarVisualizar NOTIFICA\u00c7\u00c3O DE DOEN\u00c7AS NO E-SISBRAVET 619.07 KB22-04-2025 BaixarVisualizar Fluxo de Informa\u00e7\u00e3o Zoossanit\u00e1ria 326.43 KB22-04-2025 BaixarVisualizar Convoca\u00e7\u00e3o para participa\u00e7\u00e3o do Sistema de Informa\u00e7\u00e3o Zoossanit\u00e1ria 797.57 KB22-04-2025 BaixarVisualizar Boletim epidemiol\u00f3gico PSC SEGUIMENTO 6 879.83 KB22-04-2025 BaixarVisualizar Boletim epidemiol\u00f3gico PSC SEGUIMENTO 05 215.29 KB22-04-2025 BaixarVisualizar Boletim epidemiol\u00f3gico PSC SEGUIMENTO 04 884.52 KB22-04-2025 BaixarVisualizar Boletim epidemiol\u00f3gico PSC SEGUIMENTO 03 259.54 KB22-04-2025 BaixarVisualizar Boletim epidemiol\u00f3gico PSC SEGUIMENTO 02 180.81 KB22-04-2025 BaixarVisualizar 1 2 Pr\u00f3ximo&hellip;<\/p>\n","category_list_v2":"","author_info_v2":{"name":"ETIPI","url":"https:\/\/portal.pi.gov.br\/adapi\/author\/pallomagualter\/"},"comments_num_v2":"0 coment\u00e1rio","_links":{"self":[{"href":"https:\/\/portal.pi.gov.br\/adapi\/wp-json\/wp\/v2\/pages\/2510"}],"collection":[{"href":"https:\/\/portal.pi.gov.br\/adapi\/wp-json\/wp\/v2\/pages"}],"about":[{"href":"https:\/\/portal.pi.gov.br\/adapi\/wp-json\/wp\/v2\/types\/page"}],"author":[{"embeddable":true,"href":"https:\/\/portal.pi.gov.br\/adapi\/wp-json\/wp\/v2\/users\/1832"}],"replies":[{"embeddable":true,"href":"https:\/\/portal.pi.gov.br\/adapi\/wp-json\/wp\/v2\/comments?post=2510"}],"version-history":[{"count":3,"href":"https:\/\/portal.pi.gov.br\/adapi\/wp-json\/wp\/v2\/pages\/2510\/revisions"}],"predecessor-version":[{"id":4368,"href":"https:\/\/portal.pi.gov.br\/adapi\/wp-json\/wp\/v2\/pages\/2510\/revisions\/4368"}],"wp:attachment":[{"href":"https:\/\/portal.pi.gov.br\/adapi\/wp-json\/wp\/v2\/media?parent=2510"}],"curies":[{"name":"wp","href":"https:\/\/api.w.org\/{rel}","templated":true}]}}