{"id":2516,"date":"2025-03-18T08:41:27","date_gmt":"2025-03-18T11:41:27","guid":{"rendered":"https:\/\/portal.pi.gov.br\/adapi\/?page_id=2516"},"modified":"2025-03-18T12:56:00","modified_gmt":"2025-03-18T15:56:00","slug":"tuberculose-formularios","status":"publish","type":"page","link":"https:\/\/portal.pi.gov.br\/adapi\/tuberculose-formularios\/","title":{"rendered":"Formul\u00e1rios"},"content":{"rendered":"<script type=\"text\/x-handlebars-template\"        id=\"wpfd-template-table-categories-334\">    <div class=\"wpfd-categories\">{{#if category}}{{#with category}}{{#if parent}}<a class=\"catlink backcategory\" href=\"#\" data-idcat=\"{{parent}}\">                        <i class=\"zmdi zmdi-chevron-left\"><\/i><span>Voltar<\/span><\/a>{{\/if}}{{\/with}}{{\/if}}<\/div><\/script><script type=\"text\/x-handlebars-template\" id=\"wpfd-template-table-334\">    {{#if files}}    {{#each files}}    <tr class=\"file\" data-id=\"{{ID}}\" data-catid=\"{{catid}}\">    <td class=\"file_title\"><a class=\"wpfd_downloadlink\" href=\"{{linkdownload}}\" title=\"{{post_title}}\"><span class=\"extcol\">{{#if file_custom_icon}}<span class=\"icon-custom\"><img src=\"{{file_custom_icon}}\"><\/span>{{else}}<span class=\"ext ext-{{ext}}\"><\/span>{{\/if}}<\/span>{{{crop_title}}}<\/a><\/td><td class=\"file_size\">{{bytesToSize size}}<\/td><td class=\"file_created\">{{created}}<\/td>                    <td class=\"col-download\">                <a class=\"downloadlink wpfd_downloadlink\"  href=\"{{linkdownload}}\" style=\"background-color:#033b85;color:#ffffff;\">Baixar<i class=\"zmdi zmdi-cloud-download wpfd-download\"><\/i><\/a>{{#if openpdflink}}<a class=\"openlink wpfdlightbox wpfd_previewlink\" href=\"{{openpdflink}}\" target=\"\">Visualizar                            <i class=\"zmdi zmdi-filter-center-focus wpfd-preview\"><\/i>                        <\/a>{{else}}{{#if viewerlink}}<a                            href=\"{{viewerlink}}\"                            class=\"openlink wpfdlightbox wpfd_previewlink\"                            target=\"\"                            data-id=\"{{ID}}\"                            data-catid=\"{{catid}}\"                            data-file-type=\"{{ext}}\">Visualizar<i class=\"zmdi zmdi-filter-center-focus wpfd-preview\"><\/i>                        <\/a>{{\/if}}{{\/if}}            <\/td>            <\/tr>    {{\/each}}    {{\/if}}<\/script><div class=\"wpfd-content wpfd-content-table wpfd-content-multi colstyle\" data-category=\"334\"><input type=\"hidden\" id=\"current_category_334\" value=\"334\" \/>                    <input type=\"hidden\" id=\"current_category_slug_334\" value=\"brucelose-formularios\" \/>                    <input type=\"hidden\" id=\"current_ordering_334\" value=\"title\" \/>                    <input type=\"hidden\" id=\"current_ordering_direction_334\" value=\"desc\" \/><div class=\"wpfd-container\">        <div class=\"wpfd-open-tree\"><\/div>    <div class=\"wpfd-container-table \">        <div class=\"wpfd-categories\"><\/div>        <table class=\"wpfd-table wpfd-table-bordered wpfd-table-striped mediaTable\">            <thead>            <tr>                <th class=\"essential persist file_title\">T\u00edtulo<\/th><th class=\"optional file_size\">Tamanho<\/th><th class=\"optional file_created\">Data de Publica\u00e7\u00e3o<\/th><th class=\"essential file_download\">Baixar<\/th>            <\/tr>            <\/thead>            <tbody>                            <tr class=\"file\" data-id=\"2922\"                    data-catid=\"334\">                    <td class=\"file_title\"><a class=\"wpfd_downloadlink\" href=\"https:\/\/portal.pi.gov.br\/adapi\/download\/334\/brucelose-formularios\/2922\/termo-de-compromisso-testes-brucelose-e-tuberculose.doc\" title=\"Termo de Compromisso - Testes Brucelose e Tuberculose\"><span class=\"extcol\">                                <span class=\"ext ext-doc\"><\/span>                                Termo de Compromisso - Testes Brucelose e Tuberculose                            <\/span><\/a><\/td><td class=\"file_size\">92.00 KB<\/td><td class=\"file_created\">22-04-2025<\/td>                                            <td class=\"col-download\">                            <a class=\"downloadlink wpfd_downloadlink\"  href=\"https:\/\/portal.pi.gov.br\/adapi\/download\/334\/brucelose-formularios\/2922\/termo-de-compromisso-testes-brucelose-e-tuberculose.doc\" style=\"background-color:#033b85;color:#ffffff;\">Baixar<i class=\"zmdi zmdi-cloud-download wpfd-download\"><\/i><\/a><a                            href=\"https:\/\/docs.google.com\/viewer?url=https%3A%2F%2Fportal.pi.gov.br%2Fadapi%2Fwp-admin%2Fadmin-ajax.php%3Fjuwpfisadmin%3Dfalse%26action%3Dwpfd%26task%3Dfile.download%26wpfd_category_id%3D334%26wpfd_file_id%3D2922%26token%3D%26preview%3D1&#038;embedded=true\"                            class=\"openlink wpfdlightbox wpfd_previewlink\"                            target=\"\"                            data-id=\"2922\"                            data-catid=\"334\"                            data-file-type=\"doc\">Visualizar<i class=\"zmdi zmdi-filter-center-focus wpfd-preview\"><\/i>                        <\/a>                        <\/td>                                    <\/tr>                            <tr class=\"file\" data-id=\"2921\"                    data-catid=\"334\">                    <td class=\"file_title\"><a class=\"wpfd_downloadlink\" href=\"https:\/\/portal.pi.gov.br\/adapi\/download\/334\/brucelose-formularios\/2921\/requerimento-para-habilitacao-no-pecebt.docx\" title=\"Requerimento para Habilita\u00e7\u00e3o no PECEBT\"><span class=\"extcol\">                                <span class=\"ext ext-docx\"><\/span>                                Requerimento para Habilita\u00e7\u00e3o no PECEBT                            <\/span><\/a><\/td><td class=\"file_size\">13.38 KB<\/td><td class=\"file_created\">22-04-2025<\/td>                                            <td class=\"col-download\">                            <a class=\"downloadlink wpfd_downloadlink\"  href=\"https:\/\/portal.pi.gov.br\/adapi\/download\/334\/brucelose-formularios\/2921\/requerimento-para-habilitacao-no-pecebt.docx\" style=\"background-color:#033b85;color:#ffffff;\">Baixar<i class=\"zmdi zmdi-cloud-download wpfd-download\"><\/i><\/a><a                            href=\"https:\/\/docs.google.com\/viewer?url=https%3A%2F%2Fportal.pi.gov.br%2Fadapi%2Fwp-admin%2Fadmin-ajax.php%3Fjuwpfisadmin%3Dfalse%26action%3Dwpfd%26task%3Dfile.download%26wpfd_category_id%3D334%26wpfd_file_id%3D2921%26token%3D%26preview%3D1&#038;embedded=true\"                            class=\"openlink wpfdlightbox wpfd_previewlink\"                            target=\"\"                            data-id=\"2921\"                            data-catid=\"334\"                            data-file-type=\"docx\">Visualizar<i class=\"zmdi zmdi-filter-center-focus wpfd-preview\"><\/i>                        <\/a>                        <\/td>                                    <\/tr>                            <tr class=\"file\" data-id=\"2920\"                    data-catid=\"334\">                    <td class=\"file_title\"><a class=\"wpfd_downloadlink\" href=\"https:\/\/portal.pi.gov.br\/adapi\/download\/334\/brucelose-formularios\/2920\/relatorio-do-vacinador-brucelose.docx\" title=\"Relat\u00f3rio do Vacinador Brucelose\"><span class=\"extcol\">                                <span class=\"ext ext-docx\"><\/span>                                Relat\u00f3rio do Vacinador Brucelose                            <\/span><\/a><\/td><td class=\"file_size\">59.30 KB<\/td><td class=\"file_created\">22-04-2025<\/td>                                            <td class=\"col-download\">                            <a class=\"downloadlink wpfd_downloadlink\"  href=\"https:\/\/portal.pi.gov.br\/adapi\/download\/334\/brucelose-formularios\/2920\/relatorio-do-vacinador-brucelose.docx\" style=\"background-color:#033b85;color:#ffffff;\">Baixar<i class=\"zmdi zmdi-cloud-download wpfd-download\"><\/i><\/a><a                            href=\"https:\/\/docs.google.com\/viewer?url=https%3A%2F%2Fportal.pi.gov.br%2Fadapi%2Fwp-admin%2Fadmin-ajax.php%3Fjuwpfisadmin%3Dfalse%26action%3Dwpfd%26task%3Dfile.download%26wpfd_category_id%3D334%26wpfd_file_id%3D2920%26token%3D%26preview%3D1&#038;embedded=true\"                            class=\"openlink wpfdlightbox wpfd_previewlink\"                            target=\"\"                            data-id=\"2920\"                            data-catid=\"334\"                            data-file-type=\"docx\">Visualizar<i class=\"zmdi zmdi-filter-center-focus wpfd-preview\"><\/i>                        <\/a>                        <\/td>                                    <\/tr>                            <tr class=\"file\" data-id=\"2919\"                    data-catid=\"334\">                    <td class=\"file_title\"><a class=\"wpfd_downloadlink\" href=\"https:\/\/portal.pi.gov.br\/adapi\/download\/334\/brucelose-formularios\/2919\/relatorio-de-utilizacao-de-antigenos-e-tuberculina.xlsx\" title=\"Relat\u00f3rio de Utiliza\u00e7\u00e3o de Ant\u00edgenos e Tuberculina\"><span class=\"extcol\">                                <span class=\"ext ext-xlsx\"><\/span>                                Relat\u00f3rio de Utiliza\u00e7\u00e3o de Ant\u00edgenos e Tuberculina                            <\/span><\/a><\/td><td class=\"file_size\">12.20 KB<\/td><td class=\"file_created\">22-04-2025<\/td>                                            <td class=\"col-download\">                            <a class=\"downloadlink wpfd_downloadlink\"  href=\"https:\/\/portal.pi.gov.br\/adapi\/download\/334\/brucelose-formularios\/2919\/relatorio-de-utilizacao-de-antigenos-e-tuberculina.xlsx\" style=\"background-color:#033b85;color:#ffffff;\">Baixar<i class=\"zmdi zmdi-cloud-download wpfd-download\"><\/i><\/a><a                            href=\"https:\/\/docs.google.com\/viewer?url=https%3A%2F%2Fportal.pi.gov.br%2Fadapi%2Fwp-admin%2Fadmin-ajax.php%3Fjuwpfisadmin%3Dfalse%26action%3Dwpfd%26task%3Dfile.download%26wpfd_category_id%3D334%26wpfd_file_id%3D2919%26token%3D%26preview%3D1&#038;embedded=true\"                            class=\"openlink wpfdlightbox wpfd_previewlink\"                            target=\"\"                            data-id=\"2919\"                            data-catid=\"334\"                            data-file-type=\"xlsx\">Visualizar<i class=\"zmdi zmdi-filter-center-focus wpfd-preview\"><\/i>                        <\/a>                        <\/td>                                    <\/tr>                            <tr class=\"file\" data-id=\"2918\"                    data-catid=\"334\">                    <td class=\"file_title\"><a class=\"wpfd_downloadlink\" href=\"https:\/\/portal.pi.gov.br\/adapi\/download\/334\/brucelose-formularios\/2918\/receituario-para-compra-de-vacina-brucelose.doc\" title=\"Receitu\u00e1rio Para Compra de Vacina Brucelose\"><span class=\"extcol\">                                <span class=\"ext ext-doc\"><\/span>                                Receitu\u00e1rio Para Compra de Vacina Brucelose                            <\/span><\/a><\/td><td class=\"file_size\">23.50 KB<\/td><td class=\"file_created\">22-04-2025<\/td>                                            <td class=\"col-download\">                            <a class=\"downloadlink wpfd_downloadlink\"  href=\"https:\/\/portal.pi.gov.br\/adapi\/download\/334\/brucelose-formularios\/2918\/receituario-para-compra-de-vacina-brucelose.doc\" style=\"background-color:#033b85;color:#ffffff;\">Baixar<i class=\"zmdi zmdi-cloud-download wpfd-download\"><\/i><\/a><a                            href=\"https:\/\/docs.google.com\/viewer?url=https%3A%2F%2Fportal.pi.gov.br%2Fadapi%2Fwp-admin%2Fadmin-ajax.php%3Fjuwpfisadmin%3Dfalse%26action%3Dwpfd%26task%3Dfile.download%26wpfd_category_id%3D334%26wpfd_file_id%3D2918%26token%3D%26preview%3D1&#038;embedded=true\"                            class=\"openlink wpfdlightbox wpfd_previewlink\"                            target=\"\"                            data-id=\"2918\"                            data-catid=\"334\"                            data-file-type=\"doc\">Visualizar<i class=\"zmdi zmdi-filter-center-focus wpfd-preview\"><\/i>                        <\/a>                        <\/td>                                    <\/tr>                            <tr class=\"file\" data-id=\"2917\"                    data-catid=\"334\">                    <td class=\"file_title\"><a class=\"wpfd_downloadlink\" href=\"https:\/\/portal.pi.gov.br\/adapi\/download\/334\/brucelose-formularios\/2917\/recebimento-de-vacinas-contra-brucelose.docx\" title=\"Recebimento de Vacinas Contra Brucelose\"><span class=\"extcol\">                                <span class=\"ext ext-docx\"><\/span>                                Recebimento de Vacinas Contra Brucelose                            <\/span><\/a><\/td><td class=\"file_size\">59.15 KB<\/td><td class=\"file_created\">22-04-2025<\/td>                                            <td class=\"col-download\">                            <a class=\"downloadlink wpfd_downloadlink\"  href=\"https:\/\/portal.pi.gov.br\/adapi\/download\/334\/brucelose-formularios\/2917\/recebimento-de-vacinas-contra-brucelose.docx\" style=\"background-color:#033b85;color:#ffffff;\">Baixar<i class=\"zmdi zmdi-cloud-download wpfd-download\"><\/i><\/a><a                            href=\"https:\/\/docs.google.com\/viewer?url=https%3A%2F%2Fportal.pi.gov.br%2Fadapi%2Fwp-admin%2Fadmin-ajax.php%3Fjuwpfisadmin%3Dfalse%26action%3Dwpfd%26task%3Dfile.download%26wpfd_category_id%3D334%26wpfd_file_id%3D2917%26token%3D%26preview%3D1&#038;embedded=true\"                            class=\"openlink wpfdlightbox wpfd_previewlink\"                            target=\"\"                            data-id=\"2917\"                            data-catid=\"334\"                            data-file-type=\"docx\">Visualizar<i class=\"zmdi zmdi-filter-center-focus wpfd-preview\"><\/i>                        <\/a>                        <\/td>                                    <\/tr>                            <tr class=\"file\" data-id=\"2916\"                    data-catid=\"334\">                    <td class=\"file_title\"><a class=\"wpfd_downloadlink\" href=\"https:\/\/portal.pi.gov.br\/adapi\/download\/334\/brucelose-formularios\/2916\/lista-de-material-necessario-para-habilitacao-pncebt.pdf\" title=\"LISTA DE MATERIAL NECESS\u00c1RIO PARA HABILITA\u00c7\u00c3O PNCEBT\"><span class=\"extcol\">                                <span class=\"ext ext-pdf\"><\/span>                                LISTA DE MATERIAL NECESS\u00c1RIO PARA HABILITA\u00c7\u00c3O PNCEBT                            <\/span><\/a><\/td><td class=\"file_size\">115.10 KB<\/td><td class=\"file_created\">22-04-2025<\/td>                                            <td class=\"col-download\">                            <a class=\"downloadlink wpfd_downloadlink\"  href=\"https:\/\/portal.pi.gov.br\/adapi\/download\/334\/brucelose-formularios\/2916\/lista-de-material-necessario-para-habilitacao-pncebt.pdf\" style=\"background-color:#033b85;color:#ffffff;\">Baixar<i class=\"zmdi zmdi-cloud-download wpfd-download\"><\/i><\/a><a                            href=\"https:\/\/docs.google.com\/viewer?url=https%3A%2F%2Fportal.pi.gov.br%2Fadapi%2Fwp-admin%2Fadmin-ajax.php%3Fjuwpfisadmin%3Dfalse%26action%3Dwpfd%26task%3Dfile.download%26wpfd_category_id%3D334%26wpfd_file_id%3D2916%26token%3D%26preview%3D1&#038;embedded=true\"                            class=\"openlink wpfdlightbox wpfd_previewlink\"                            target=\"\"                            data-id=\"2916\"                            data-catid=\"334\"                            data-file-type=\"pdf\">Visualizar<i class=\"zmdi zmdi-filter-center-focus wpfd-preview\"><\/i>                        <\/a>                        <\/td>                                    <\/tr>                            <tr class=\"file\" data-id=\"2915\"                    data-catid=\"334\">                    <td class=\"file_title\"><a class=\"wpfd_downloadlink\" href=\"https:\/\/portal.pi.gov.br\/adapi\/download\/334\/brucelose-formularios\/2915\/formulario-requerimento-e-autorizacao-aquisicao-de-antigenos.docx\" title=\"Formulario Requerimento e Autoriza\u00e7\u00e3o Aquisi\u00e7\u00e3o de Antigenos\"><span class=\"extcol\">                                <span class=\"ext ext-docx\"><\/span>                                Formulario Requerimento e Autoriza\u00e7\u00e3o Aquisi\u00e7\u00e3o de Antigenos                            <\/span><\/a><\/td><td class=\"file_size\">0.96 MB<\/td><td class=\"file_created\">22-04-2025<\/td>                                            <td class=\"col-download\">                            <a class=\"downloadlink wpfd_downloadlink\"  href=\"https:\/\/portal.pi.gov.br\/adapi\/download\/334\/brucelose-formularios\/2915\/formulario-requerimento-e-autorizacao-aquisicao-de-antigenos.docx\" style=\"background-color:#033b85;color:#ffffff;\">Baixar<i class=\"zmdi zmdi-cloud-download wpfd-download\"><\/i><\/a><a                            href=\"https:\/\/docs.google.com\/viewer?url=https%3A%2F%2Fportal.pi.gov.br%2Fadapi%2Fwp-admin%2Fadmin-ajax.php%3Fjuwpfisadmin%3Dfalse%26action%3Dwpfd%26task%3Dfile.download%26wpfd_category_id%3D334%26wpfd_file_id%3D2915%26token%3D%26preview%3D1&#038;embedded=true\"                            class=\"openlink wpfdlightbox wpfd_previewlink\"                            target=\"\"                            data-id=\"2915\"                            data-catid=\"334\"                            data-file-type=\"docx\">Visualizar<i class=\"zmdi zmdi-filter-center-focus wpfd-preview\"><\/i>                        <\/a>                        <\/td>                                    <\/tr>                            <tr class=\"file\" data-id=\"2914\"                    data-catid=\"334\">                    <td class=\"file_title\"><a class=\"wpfd_downloadlink\" href=\"https:\/\/portal.pi.gov.br\/adapi\/download\/334\/brucelose-formularios\/2914\/ficha-de-cadastramento-medico-veteinariopecebt-pedro-ii.docx\" title=\"Ficha de Cadastramento M\u00e9dico Vetein\u00e1rioPECEBT Pedro II\"><span class=\"extcol\">                                <span class=\"ext ext-docx\"><\/span>                                Ficha de Cadastramento M\u00e9dico Vetein\u00e1rioPECEBT Pedro II                            <\/span><\/a><\/td><td class=\"file_size\">61.22 KB<\/td><td class=\"file_created\">22-04-2025<\/td>                                            <td class=\"col-download\">                            <a class=\"downloadlink wpfd_downloadlink\"  href=\"https:\/\/portal.pi.gov.br\/adapi\/download\/334\/brucelose-formularios\/2914\/ficha-de-cadastramento-medico-veteinariopecebt-pedro-ii.docx\" style=\"background-color:#033b85;color:#ffffff;\">Baixar<i class=\"zmdi zmdi-cloud-download wpfd-download\"><\/i><\/a><a                            href=\"https:\/\/docs.google.com\/viewer?url=https%3A%2F%2Fportal.pi.gov.br%2Fadapi%2Fwp-admin%2Fadmin-ajax.php%3Fjuwpfisadmin%3Dfalse%26action%3Dwpfd%26task%3Dfile.download%26wpfd_category_id%3D334%26wpfd_file_id%3D2914%26token%3D%26preview%3D1&#038;embedded=true\"                            class=\"openlink wpfdlightbox wpfd_previewlink\"                            target=\"\"                            data-id=\"2914\"                            data-catid=\"334\"                            data-file-type=\"docx\">Visualizar<i class=\"zmdi zmdi-filter-center-focus wpfd-preview\"><\/i>                        <\/a>                        <\/td>                                    <\/tr>                            <tr class=\"file\" data-id=\"2913\"                    data-catid=\"334\">                    <td class=\"file_title\"><a class=\"wpfd_downloadlink\" href=\"https:\/\/portal.pi.gov.br\/adapi\/download\/334\/brucelose-formularios\/2913\/declaracao-de-compromisso.docx\" title=\"Declara\u00e7\u00e3o de Compromisso\"><span class=\"extcol\">                                <span class=\"ext ext-docx\"><\/span>                                Declara\u00e7\u00e3o de Compromisso                            <\/span><\/a><\/td><td class=\"file_size\">13.33 KB<\/td><td class=\"file_created\">22-04-2025<\/td>                                            <td class=\"col-download\">                            <a class=\"downloadlink wpfd_downloadlink\"  href=\"https:\/\/portal.pi.gov.br\/adapi\/download\/334\/brucelose-formularios\/2913\/declaracao-de-compromisso.docx\" style=\"background-color:#033b85;color:#ffffff;\">Baixar<i class=\"zmdi zmdi-cloud-download wpfd-download\"><\/i><\/a><a                            href=\"https:\/\/docs.google.com\/viewer?url=https%3A%2F%2Fportal.pi.gov.br%2Fadapi%2Fwp-admin%2Fadmin-ajax.php%3Fjuwpfisadmin%3Dfalse%26action%3Dwpfd%26task%3Dfile.download%26wpfd_category_id%3D334%26wpfd_file_id%3D2913%26token%3D%26preview%3D1&#038;embedded=true\"                            class=\"openlink wpfdlightbox wpfd_previewlink\"                            target=\"\"                            data-id=\"2913\"                            data-catid=\"334\"                            data-file-type=\"docx\">Visualizar<i class=\"zmdi zmdi-filter-center-focus wpfd-preview\"><\/i>                        <\/a>                        <\/td>                                    <\/tr>                        <\/tbody>        <\/table>            <\/div><\/div><\/div><div class='wpfd-pagination'>\n\t<span class='page-numbers current'>1<\/span>\n<a class='page-numbers' data-page='2' data-sourcecat='334'>2<\/a>\n<a class='next page-numbers' data-page='2' data-sourcecat='334'>Pr\u00f3ximo &raquo;<\/a>\n<\/div>\n\n","protected":false},"excerpt":{"rendered":"","protected":false},"author":1832,"featured_media":0,"parent":0,"menu_order":0,"comment_status":"closed","ping_status":"closed","template":"template-fullwidth.php","meta":[],"featured_image_urls":{"full":"","thumbnail":"","medium":"","medium_large":"","large":"","sgg-420":"","sgg-540":"","sgg-780":"","1536x1536":"","2048x2048":"","homepage-slider":"","homepage-slider-small":"","page-top":"","page-small":"","loop-main":"","thumb-gallery-widget":""},"post_excerpt_stackable":"<p>T\u00edtuloTamanhoData de Publica\u00e7\u00e3oBaixar Termo de Compromisso &#8211; Testes Brucelose e Tuberculose 92.00 KB22-04-2025 BaixarVisualizar Requerimento para Habilita\u00e7\u00e3o no PECEBT 13.38 KB22-04-2025 BaixarVisualizar Relat\u00f3rio do Vacinador Brucelose 59.30 KB22-04-2025 BaixarVisualizar Relat\u00f3rio de Utiliza\u00e7\u00e3o de Ant\u00edgenos e Tuberculina 12.20 KB22-04-2025 BaixarVisualizar Receitu\u00e1rio Para Compra de Vacina Brucelose 23.50 KB22-04-2025 BaixarVisualizar Recebimento de Vacinas Contra Brucelose 59.15 KB22-04-2025 BaixarVisualizar LISTA DE MATERIAL NECESS\u00c1RIO PARA HABILITA\u00c7\u00c3O PNCEBT 115.10 KB22-04-2025 BaixarVisualizar Formulario Requerimento e Autoriza\u00e7\u00e3o Aquisi\u00e7\u00e3o de Antigenos 0.96 MB22-04-2025 BaixarVisualizar Ficha de Cadastramento M\u00e9dico Vetein\u00e1rioPECEBT Pedro II 61.22 KB22-04-2025 BaixarVisualizar Declara\u00e7\u00e3o de Compromisso 13.33 KB22-04-2025 BaixarVisualizar 1 2 Pr\u00f3ximo &raquo;<\/p>\n","category_list":"","author_info":{"name":"ETIPI","url":"https:\/\/portal.pi.gov.br\/adapi\/author\/pallomagualter\/"},"comments_num":"0 coment\u00e1rio","featured_image_urls_v2":{"full":"","thumbnail":"","medium":"","medium_large":"","large":"","sgg-420":"","sgg-540":"","sgg-780":"","1536x1536":"","2048x2048":"","homepage-slider":"","homepage-slider-small":"","page-top":"","page-small":"","loop-main":"","thumb-gallery-widget":""},"post_excerpt_stackable_v2":"<p>T\u00edtuloTamanhoData de Publica\u00e7\u00e3oBaixar Termo de Compromisso &#8211; Testes Brucelose e Tuberculose 92.00 KB22-04-2025 BaixarVisualizar Requerimento para Habilita\u00e7\u00e3o no PECEBT 13.38 KB22-04-2025 BaixarVisualizar Relat\u00f3rio do Vacinador Brucelose 59.30 KB22-04-2025 BaixarVisualizar Relat\u00f3rio de Utiliza\u00e7\u00e3o de Ant\u00edgenos e Tuberculina 12.20 KB22-04-2025 BaixarVisualizar Receitu\u00e1rio Para Compra de Vacina Brucelose 23.50 KB22-04-2025 BaixarVisualizar Recebimento de Vacinas Contra Brucelose 59.15 KB22-04-2025 BaixarVisualizar LISTA DE MATERIAL NECESS\u00c1RIO PARA HABILITA\u00c7\u00c3O PNCEBT 115.10 KB22-04-2025 BaixarVisualizar Formulario Requerimento e Autoriza\u00e7\u00e3o Aquisi\u00e7\u00e3o de Antigenos 0.96 MB22-04-2025 BaixarVisualizar Ficha de Cadastramento M\u00e9dico Vetein\u00e1rioPECEBT Pedro II 61.22 KB22-04-2025 BaixarVisualizar Declara\u00e7\u00e3o de Compromisso 13.33 KB22-04-2025 BaixarVisualizar 1 2 Pr\u00f3ximo &raquo;<\/p>\n","category_list_v2":"","author_info_v2":{"name":"ETIPI","url":"https:\/\/portal.pi.gov.br\/adapi\/author\/pallomagualter\/"},"comments_num_v2":"0 coment\u00e1rio","_links":{"self":[{"href":"https:\/\/portal.pi.gov.br\/adapi\/wp-json\/wp\/v2\/pages\/2516"}],"collection":[{"href":"https:\/\/portal.pi.gov.br\/adapi\/wp-json\/wp\/v2\/pages"}],"about":[{"href":"https:\/\/portal.pi.gov.br\/adapi\/wp-json\/wp\/v2\/types\/page"}],"author":[{"embeddable":true,"href":"https:\/\/portal.pi.gov.br\/adapi\/wp-json\/wp\/v2\/users\/1832"}],"replies":[{"embeddable":true,"href":"https:\/\/portal.pi.gov.br\/adapi\/wp-json\/wp\/v2\/comments?post=2516"}],"version-history":[{"count":2,"href":"https:\/\/portal.pi.gov.br\/adapi\/wp-json\/wp\/v2\/pages\/2516\/revisions"}],"predecessor-version":[{"id":2694,"href":"https:\/\/portal.pi.gov.br\/adapi\/wp-json\/wp\/v2\/pages\/2516\/revisions\/2694"}],"wp:attachment":[{"href":"https:\/\/portal.pi.gov.br\/adapi\/wp-json\/wp\/v2\/media?parent=2516"}],"curies":[{"name":"wp","href":"https:\/\/api.w.org\/{rel}","templated":true}]}}