{"id":2532,"date":"2025-03-18T08:47:21","date_gmt":"2025-03-18T11:47:21","guid":{"rendered":"https:\/\/portal.pi.gov.br\/adapi\/?page_id=2532"},"modified":"2025-03-18T12:49:23","modified_gmt":"2025-03-18T15:49:23","slug":"agropecuarios-formularios","status":"publish","type":"page","link":"https:\/\/portal.pi.gov.br\/adapi\/agropecuarios-formularios\/","title":{"rendered":"Formul\u00e1rios"},"content":{"rendered":"<script type=\"text\/x-handlebars-template\"        id=\"wpfd-template-table-categories-339\">    <div class=\"wpfd-categories\">{{#if category}}{{#with category}}{{#if parent}}<a class=\"catlink backcategory\" href=\"#\" data-idcat=\"{{parent}}\">                        <i class=\"zmdi zmdi-chevron-left\"><\/i><span>Voltar<\/span><\/a>{{\/if}}{{\/with}}{{\/if}}<\/div><\/script><script type=\"text\/x-handlebars-template\" id=\"wpfd-template-table-339\">    {{#if files}}    {{#each files}}    <tr class=\"file\" data-id=\"{{ID}}\" data-catid=\"{{catid}}\">    <td class=\"file_title\"><a class=\"wpfd_downloadlink\" href=\"{{linkdownload}}\" title=\"{{post_title}}\"><span class=\"extcol\">{{#if file_custom_icon}}<span class=\"icon-custom\"><img src=\"{{file_custom_icon}}\"><\/span>{{else}}<span class=\"ext ext-{{ext}}\"><\/span>{{\/if}}<\/span>{{{crop_title}}}<\/a><\/td><td class=\"file_size\">{{bytesToSize size}}<\/td><td class=\"file_created\">{{created}}<\/td>                    <td class=\"col-download\">                <a class=\"downloadlink wpfd_downloadlink\"  href=\"{{linkdownload}}\" style=\"background-color:#033b85;color:#ffffff;\">Baixar<i class=\"zmdi zmdi-cloud-download wpfd-download\"><\/i><\/a>{{#if openpdflink}}<a class=\"openlink wpfdlightbox wpfd_previewlink\" href=\"{{openpdflink}}\" target=\"\">Visualizar                            <i class=\"zmdi zmdi-filter-center-focus wpfd-preview\"><\/i>                        <\/a>{{else}}{{#if viewerlink}}<a                            href=\"{{viewerlink}}\"                            class=\"openlink wpfdlightbox wpfd_previewlink\"                            target=\"\"                            data-id=\"{{ID}}\"                            data-catid=\"{{catid}}\"                            data-file-type=\"{{ext}}\">Visualizar<i class=\"zmdi zmdi-filter-center-focus wpfd-preview\"><\/i>                        <\/a>{{\/if}}{{\/if}}            <\/td>            <\/tr>    {{\/each}}    {{\/if}}<\/script><div class=\"wpfd-content wpfd-content-table wpfd-content-multi colstyle\" data-category=\"339\"><input type=\"hidden\" id=\"current_category_339\" value=\"339\" \/>                    <input type=\"hidden\" id=\"current_category_slug_339\" value=\"eventosagroformularios\" \/>                    <input type=\"hidden\" id=\"current_ordering_339\" value=\"title\" \/>                    <input type=\"hidden\" id=\"current_ordering_direction_339\" value=\"desc\" \/><div class=\"wpfd-container\">        <div class=\"wpfd-open-tree\"><\/div>    <div class=\"wpfd-container-table \">        <div class=\"wpfd-categories\"><\/div>        <table class=\"wpfd-table wpfd-table-bordered wpfd-table-striped mediaTable\">            <thead>            <tr>                <th class=\"essential persist file_title\">T\u00edtulo<\/th><th class=\"optional file_size\">Tamanho<\/th><th class=\"optional file_created\">Data de Publica\u00e7\u00e3o<\/th><th class=\"essential file_download\">Baixar<\/th>            <\/tr>            <\/thead>            <tbody>                            <tr class=\"file\" data-id=\"2875\"                    data-catid=\"339\">                    <td class=\"file_title\"><a class=\"wpfd_downloadlink\" href=\"https:\/\/portal.pi.gov.br\/adapi\/download\/339\/eventosagroformularios\/2875\/lista-de-medicos-veterinarios-certificados.pdf\" title=\"LISTA DE M\u00c9DICOS VETERIN\u00c1RIOS CERTIFICADOS\"><span class=\"extcol\">                                <span class=\"ext ext-pdf\"><\/span>                                LISTA DE M\u00c9DICOS VETERIN\u00c1RIOS CERTIFICADOS                            <\/span><\/a><\/td><td class=\"file_size\">607.21 KB<\/td><td class=\"file_created\">22-04-2025<\/td>                                            <td class=\"col-download\">                            <a class=\"downloadlink wpfd_downloadlink\"  href=\"https:\/\/portal.pi.gov.br\/adapi\/download\/339\/eventosagroformularios\/2875\/lista-de-medicos-veterinarios-certificados.pdf\" style=\"background-color:#033b85;color:#ffffff;\">Baixar<i class=\"zmdi zmdi-cloud-download wpfd-download\"><\/i><\/a><a                            href=\"https:\/\/docs.google.com\/viewer?url=https%3A%2F%2Fportal.pi.gov.br%2Fadapi%2Fwp-admin%2Fadmin-ajax.php%3Fjuwpfisadmin%3Dfalse%26action%3Dwpfd%26task%3Dfile.download%26wpfd_category_id%3D339%26wpfd_file_id%3D2875%26token%3D%26preview%3D1&#038;embedded=true\"                            class=\"openlink wpfdlightbox wpfd_previewlink\"                            target=\"\"                            data-id=\"2875\"                            data-catid=\"339\"                            data-file-type=\"pdf\">Visualizar<i class=\"zmdi zmdi-filter-center-focus wpfd-preview\"><\/i>                        <\/a>                        <\/td>                                    <\/tr>                            <tr class=\"file\" data-id=\"2876\"                    data-catid=\"339\">                    <td class=\"file_title\"><a class=\"wpfd_downloadlink\" href=\"https:\/\/portal.pi.gov.br\/adapi\/download\/339\/eventosagroformularios\/2876\/formularios-para-habilitacao-de-emissao-de-gta-em-eventos.doc\" title=\"Formul\u00e1rios para Habilita\u00e7\u00e3o de emiss\u00e3o de GTA em eventos\"><span class=\"extcol\">                                <span class=\"ext ext-doc\"><\/span>                                Formul\u00e1rios para Habilita\u00e7\u00e3o de emiss\u00e3o de GTA em eventos                            <\/span><\/a><\/td><td class=\"file_size\">21.28 KB<\/td><td class=\"file_created\">22-04-2025<\/td>                                            <td class=\"col-download\">                            <a class=\"downloadlink wpfd_downloadlink\"  href=\"https:\/\/portal.pi.gov.br\/adapi\/download\/339\/eventosagroformularios\/2876\/formularios-para-habilitacao-de-emissao-de-gta-em-eventos.doc\" style=\"background-color:#033b85;color:#ffffff;\">Baixar<i class=\"zmdi zmdi-cloud-download wpfd-download\"><\/i><\/a><a                            href=\"https:\/\/docs.google.com\/viewer?url=https%3A%2F%2Fportal.pi.gov.br%2Fadapi%2Fwp-admin%2Fadmin-ajax.php%3Fjuwpfisadmin%3Dfalse%26action%3Dwpfd%26task%3Dfile.download%26wpfd_category_id%3D339%26wpfd_file_id%3D2876%26token%3D%26preview%3D1&#038;embedded=true\"                            class=\"openlink wpfdlightbox wpfd_previewlink\"                            target=\"\"                            data-id=\"2876\"                            data-catid=\"339\"                            data-file-type=\"doc\">Visualizar<i class=\"zmdi zmdi-filter-center-focus wpfd-preview\"><\/i>                        <\/a>                        <\/td>                                    <\/tr>                            <tr class=\"file\" data-id=\"2873\"                    data-catid=\"339\">                    <td class=\"file_title\"><a class=\"wpfd_downloadlink\" href=\"https:\/\/portal.pi.gov.br\/adapi\/download\/339\/eventosagroformularios\/2873\/anexo-15-portaria-no-3-de-04-de-janeiro-de-2024.pdf\" title=\"Anexo 15 Portaria N\u00ba 3, de 04 de janeiro de 2024\"><span class=\"extcol\">                                <span class=\"ext ext-pdf\"><\/span>                                Anexo 15 Portaria N\u00ba 3, de 04 de janeiro de 2024                            <\/span><\/a><\/td><td class=\"file_size\">386.31 KB<\/td><td class=\"file_created\">22-04-2025<\/td>                                            <td class=\"col-download\">                            <a class=\"downloadlink wpfd_downloadlink\"  href=\"https:\/\/portal.pi.gov.br\/adapi\/download\/339\/eventosagroformularios\/2873\/anexo-15-portaria-no-3-de-04-de-janeiro-de-2024.pdf\" style=\"background-color:#033b85;color:#ffffff;\">Baixar<i class=\"zmdi zmdi-cloud-download wpfd-download\"><\/i><\/a><a                            href=\"https:\/\/docs.google.com\/viewer?url=https%3A%2F%2Fportal.pi.gov.br%2Fadapi%2Fwp-admin%2Fadmin-ajax.php%3Fjuwpfisadmin%3Dfalse%26action%3Dwpfd%26task%3Dfile.download%26wpfd_category_id%3D339%26wpfd_file_id%3D2873%26token%3D%26preview%3D1&#038;embedded=true\"                            class=\"openlink wpfdlightbox wpfd_previewlink\"                            target=\"\"                            data-id=\"2873\"                            data-catid=\"339\"                            data-file-type=\"pdf\">Visualizar<i class=\"zmdi zmdi-filter-center-focus wpfd-preview\"><\/i>                        <\/a>                        <\/td>                                    <\/tr>                            <tr class=\"file\" data-id=\"2874\"                    data-catid=\"339\">                    <td class=\"file_title\"><a class=\"wpfd_downloadlink\" href=\"https:\/\/portal.pi.gov.br\/adapi\/download\/339\/eventosagroformularios\/2874\/anexo-14-portaria-no-3-de-04-de-janeiro-de-2024.pdf\" title=\"Anexo 14 Portaria N\u00ba 3, de 04 de janeiro de 2024 -\"><span class=\"extcol\">                                <span class=\"ext ext-pdf\"><\/span>                                Anexo 14 Portaria N\u00ba 3, de 04 de janeiro de 2024 -                            <\/span><\/a><\/td><td class=\"file_size\">376.56 KB<\/td><td class=\"file_created\">22-04-2025<\/td>                                            <td class=\"col-download\">                            <a class=\"downloadlink wpfd_downloadlink\"  href=\"https:\/\/portal.pi.gov.br\/adapi\/download\/339\/eventosagroformularios\/2874\/anexo-14-portaria-no-3-de-04-de-janeiro-de-2024.pdf\" style=\"background-color:#033b85;color:#ffffff;\">Baixar<i class=\"zmdi zmdi-cloud-download wpfd-download\"><\/i><\/a><a                            href=\"https:\/\/docs.google.com\/viewer?url=https%3A%2F%2Fportal.pi.gov.br%2Fadapi%2Fwp-admin%2Fadmin-ajax.php%3Fjuwpfisadmin%3Dfalse%26action%3Dwpfd%26task%3Dfile.download%26wpfd_category_id%3D339%26wpfd_file_id%3D2874%26token%3D%26preview%3D1&#038;embedded=true\"                            class=\"openlink wpfdlightbox wpfd_previewlink\"                            target=\"\"                            data-id=\"2874\"                            data-catid=\"339\"                            data-file-type=\"pdf\">Visualizar<i class=\"zmdi zmdi-filter-center-focus wpfd-preview\"><\/i>                        <\/a>                        <\/td>                                    <\/tr>                            <tr class=\"file\" data-id=\"2872\"                    data-catid=\"339\">                    <td class=\"file_title\"><a class=\"wpfd_downloadlink\" href=\"https:\/\/portal.pi.gov.br\/adapi\/download\/339\/eventosagroformularios\/2872\/anexo-13-portaria-no-3-de-04-de-janeiro-de-2024.pdf\" title=\"Anexo 13 Portaria N\u00ba 3, de 04 de janeiro de 2024\"><span class=\"extcol\">                                <span class=\"ext ext-pdf\"><\/span>                                Anexo 13 Portaria N\u00ba 3, de 04 de janeiro de 2024                            <\/span><\/a><\/td><td class=\"file_size\">389.23 KB<\/td><td class=\"file_created\">22-04-2025<\/td>                                            <td class=\"col-download\">                            <a class=\"downloadlink wpfd_downloadlink\"  href=\"https:\/\/portal.pi.gov.br\/adapi\/download\/339\/eventosagroformularios\/2872\/anexo-13-portaria-no-3-de-04-de-janeiro-de-2024.pdf\" style=\"background-color:#033b85;color:#ffffff;\">Baixar<i class=\"zmdi zmdi-cloud-download wpfd-download\"><\/i><\/a><a                            href=\"https:\/\/docs.google.com\/viewer?url=https%3A%2F%2Fportal.pi.gov.br%2Fadapi%2Fwp-admin%2Fadmin-ajax.php%3Fjuwpfisadmin%3Dfalse%26action%3Dwpfd%26task%3Dfile.download%26wpfd_category_id%3D339%26wpfd_file_id%3D2872%26token%3D%26preview%3D1&#038;embedded=true\"                            class=\"openlink wpfdlightbox wpfd_previewlink\"                            target=\"\"                            data-id=\"2872\"                            data-catid=\"339\"                            data-file-type=\"pdf\">Visualizar<i class=\"zmdi zmdi-filter-center-focus wpfd-preview\"><\/i>                        <\/a>                        <\/td>                                    <\/tr>                            <tr class=\"file\" data-id=\"2871\"                    data-catid=\"339\">                    <td class=\"file_title\"><a class=\"wpfd_downloadlink\" href=\"https:\/\/portal.pi.gov.br\/adapi\/download\/339\/eventosagroformularios\/2871\/anexo-12-portaria-no-3-de-04-de-janeiro-de-2024.pdf\" title=\"Anexo 12 Portaria N\u00ba 3, de 04 de janeiro de 2024\"><span class=\"extcol\">                                <span class=\"ext ext-pdf\"><\/span>                                Anexo 12 Portaria N\u00ba 3, de 04 de janeiro de 2024                            <\/span><\/a><\/td><td class=\"file_size\">396.13 KB<\/td><td class=\"file_created\">22-04-2025<\/td>                                            <td class=\"col-download\">                            <a class=\"downloadlink wpfd_downloadlink\"  href=\"https:\/\/portal.pi.gov.br\/adapi\/download\/339\/eventosagroformularios\/2871\/anexo-12-portaria-no-3-de-04-de-janeiro-de-2024.pdf\" style=\"background-color:#033b85;color:#ffffff;\">Baixar<i class=\"zmdi zmdi-cloud-download wpfd-download\"><\/i><\/a><a                            href=\"https:\/\/docs.google.com\/viewer?url=https%3A%2F%2Fportal.pi.gov.br%2Fadapi%2Fwp-admin%2Fadmin-ajax.php%3Fjuwpfisadmin%3Dfalse%26action%3Dwpfd%26task%3Dfile.download%26wpfd_category_id%3D339%26wpfd_file_id%3D2871%26token%3D%26preview%3D1&#038;embedded=true\"                            class=\"openlink wpfdlightbox wpfd_previewlink\"                            target=\"\"                            data-id=\"2871\"                            data-catid=\"339\"                            data-file-type=\"pdf\">Visualizar<i class=\"zmdi zmdi-filter-center-focus wpfd-preview\"><\/i>                        <\/a>                        <\/td>                                    <\/tr>                            <tr class=\"file\" data-id=\"2869\"                    data-catid=\"339\">                    <td class=\"file_title\"><a class=\"wpfd_downloadlink\" href=\"https:\/\/portal.pi.gov.br\/adapi\/download\/339\/eventosagroformularios\/2869\/anexo-11-portaria-no-3-de-04-de-janeiro-de-2024.pdf\" title=\"Anexo 11 Portaria N\u00ba 3, de 04 de janeiro de 2024\"><span class=\"extcol\">                                <span class=\"ext ext-pdf\"><\/span>                                Anexo 11 Portaria N\u00ba 3, de 04 de janeiro de 2024                            <\/span><\/a><\/td><td class=\"file_size\">365.67 KB<\/td><td class=\"file_created\">22-04-2025<\/td>                                            <td class=\"col-download\">                            <a class=\"downloadlink wpfd_downloadlink\"  href=\"https:\/\/portal.pi.gov.br\/adapi\/download\/339\/eventosagroformularios\/2869\/anexo-11-portaria-no-3-de-04-de-janeiro-de-2024.pdf\" style=\"background-color:#033b85;color:#ffffff;\">Baixar<i class=\"zmdi zmdi-cloud-download wpfd-download\"><\/i><\/a><a                            href=\"https:\/\/docs.google.com\/viewer?url=https%3A%2F%2Fportal.pi.gov.br%2Fadapi%2Fwp-admin%2Fadmin-ajax.php%3Fjuwpfisadmin%3Dfalse%26action%3Dwpfd%26task%3Dfile.download%26wpfd_category_id%3D339%26wpfd_file_id%3D2869%26token%3D%26preview%3D1&#038;embedded=true\"                            class=\"openlink wpfdlightbox wpfd_previewlink\"                            target=\"\"                            data-id=\"2869\"                            data-catid=\"339\"                            data-file-type=\"pdf\">Visualizar<i class=\"zmdi zmdi-filter-center-focus wpfd-preview\"><\/i>                        <\/a>                        <\/td>                                    <\/tr>                            <tr class=\"file\" data-id=\"2868\"                    data-catid=\"339\">                    <td class=\"file_title\"><a class=\"wpfd_downloadlink\" href=\"https:\/\/portal.pi.gov.br\/adapi\/download\/339\/eventosagroformularios\/2868\/anexo-10-portaria-no-3-de-04-de-janeiro-de-2024.pdf\" title=\"Anexo 10 Portaria N\u00ba 3, de 04 de janeiro de 2024\"><span class=\"extcol\">                                <span class=\"ext ext-pdf\"><\/span>                                Anexo 10 Portaria N\u00ba 3, de 04 de janeiro de 2024                            <\/span><\/a><\/td><td class=\"file_size\">376.12 KB<\/td><td class=\"file_created\">22-04-2025<\/td>                                            <td class=\"col-download\">                            <a class=\"downloadlink wpfd_downloadlink\"  href=\"https:\/\/portal.pi.gov.br\/adapi\/download\/339\/eventosagroformularios\/2868\/anexo-10-portaria-no-3-de-04-de-janeiro-de-2024.pdf\" style=\"background-color:#033b85;color:#ffffff;\">Baixar<i class=\"zmdi zmdi-cloud-download wpfd-download\"><\/i><\/a><a                            href=\"https:\/\/docs.google.com\/viewer?url=https%3A%2F%2Fportal.pi.gov.br%2Fadapi%2Fwp-admin%2Fadmin-ajax.php%3Fjuwpfisadmin%3Dfalse%26action%3Dwpfd%26task%3Dfile.download%26wpfd_category_id%3D339%26wpfd_file_id%3D2868%26token%3D%26preview%3D1&#038;embedded=true\"                            class=\"openlink wpfdlightbox wpfd_previewlink\"                            target=\"\"                            data-id=\"2868\"                            data-catid=\"339\"                            data-file-type=\"pdf\">Visualizar<i class=\"zmdi zmdi-filter-center-focus wpfd-preview\"><\/i>                        <\/a>                        <\/td>                                    <\/tr>                            <tr class=\"file\" data-id=\"2867\"                    data-catid=\"339\">                    <td class=\"file_title\"><a class=\"wpfd_downloadlink\" href=\"https:\/\/portal.pi.gov.br\/adapi\/download\/339\/eventosagroformularios\/2867\/anexo-9-portaria-no-3-de-04-de-janeiro-de-2024.pdf\" title=\"Anexo 9 Portaria N\u00ba 3, de 04 de janeiro de 2024\"><span class=\"extcol\">                                <span class=\"ext ext-pdf\"><\/span>                                Anexo 9 Portaria N\u00ba 3, de 04 de janeiro de 2024                            <\/span><\/a><\/td><td class=\"file_size\">364.20 KB<\/td><td class=\"file_created\">22-04-2025<\/td>                                            <td class=\"col-download\">                            <a class=\"downloadlink wpfd_downloadlink\"  href=\"https:\/\/portal.pi.gov.br\/adapi\/download\/339\/eventosagroformularios\/2867\/anexo-9-portaria-no-3-de-04-de-janeiro-de-2024.pdf\" style=\"background-color:#033b85;color:#ffffff;\">Baixar<i class=\"zmdi zmdi-cloud-download wpfd-download\"><\/i><\/a><a                            href=\"https:\/\/docs.google.com\/viewer?url=https%3A%2F%2Fportal.pi.gov.br%2Fadapi%2Fwp-admin%2Fadmin-ajax.php%3Fjuwpfisadmin%3Dfalse%26action%3Dwpfd%26task%3Dfile.download%26wpfd_category_id%3D339%26wpfd_file_id%3D2867%26token%3D%26preview%3D1&#038;embedded=true\"                            class=\"openlink wpfdlightbox wpfd_previewlink\"                            target=\"\"                            data-id=\"2867\"                            data-catid=\"339\"                            data-file-type=\"pdf\">Visualizar<i class=\"zmdi zmdi-filter-center-focus wpfd-preview\"><\/i>                        <\/a>                        <\/td>                                    <\/tr>                            <tr class=\"file\" data-id=\"2866\"                    data-catid=\"339\">                    <td class=\"file_title\"><a class=\"wpfd_downloadlink\" href=\"https:\/\/portal.pi.gov.br\/adapi\/download\/339\/eventosagroformularios\/2866\/anexo-8-portaria-no-3-de-04-de-janeiro-de-2024.pdf\" title=\"Anexo 8 Portaria N\u00ba 3, de 04 de janeiro de 2024\"><span class=\"extcol\">                                <span class=\"ext ext-pdf\"><\/span>                                Anexo 8 Portaria N\u00ba 3, de 04 de janeiro de 2024                            <\/span><\/a><\/td><td class=\"file_size\">360.88 KB<\/td><td class=\"file_created\">22-04-2025<\/td>                                            <td class=\"col-download\">                            <a class=\"downloadlink wpfd_downloadlink\"  href=\"https:\/\/portal.pi.gov.br\/adapi\/download\/339\/eventosagroformularios\/2866\/anexo-8-portaria-no-3-de-04-de-janeiro-de-2024.pdf\" style=\"background-color:#033b85;color:#ffffff;\">Baixar<i class=\"zmdi zmdi-cloud-download wpfd-download\"><\/i><\/a><a                            href=\"https:\/\/docs.google.com\/viewer?url=https%3A%2F%2Fportal.pi.gov.br%2Fadapi%2Fwp-admin%2Fadmin-ajax.php%3Fjuwpfisadmin%3Dfalse%26action%3Dwpfd%26task%3Dfile.download%26wpfd_category_id%3D339%26wpfd_file_id%3D2866%26token%3D%26preview%3D1&#038;embedded=true\"                            class=\"openlink wpfdlightbox wpfd_previewlink\"                            target=\"\"                            data-id=\"2866\"                            data-catid=\"339\"                            data-file-type=\"pdf\">Visualizar<i class=\"zmdi zmdi-filter-center-focus wpfd-preview\"><\/i>                        <\/a>                        <\/td>                                    <\/tr>                        <\/tbody>        <\/table>            <\/div><\/div><\/div><div class='wpfd-pagination'>\n\t<span class='page-numbers current'>1<\/span>\n<a class='page-numbers' data-page='2' data-sourcecat='339'>2<\/a>\n<a class='next page-numbers' data-page='2' data-sourcecat='339'>Pr\u00f3ximo &raquo;<\/a>\n<\/div>\n\n","protected":false},"excerpt":{"rendered":"","protected":false},"author":1832,"featured_media":0,"parent":0,"menu_order":0,"comment_status":"closed","ping_status":"closed","template":"template-fullwidth.php","meta":[],"featured_image_urls":{"full":"","thumbnail":"","medium":"","medium_large":"","large":"","sgg-420":"","sgg-540":"","sgg-780":"","1536x1536":"","2048x2048":"","homepage-slider":"","homepage-slider-small":"","page-top":"","page-small":"","loop-main":"","thumb-gallery-widget":""},"post_excerpt_stackable":"<p>T\u00edtuloTamanhoData de Publica\u00e7\u00e3oBaixar LISTA DE M\u00c9DICOS VETERIN\u00c1RIOS CERTIFICADOS 607.21 KB22-04-2025 BaixarVisualizar Formul\u00e1rios para Habilita\u00e7\u00e3o de emiss\u00e3o de GTA em eventos 21.28 KB22-04-2025 BaixarVisualizar Anexo 15 Portaria N\u00ba 3, de 04 de janeiro de 2024 386.31 KB22-04-2025 BaixarVisualizar Anexo 14 Portaria N\u00ba 3, de 04 de janeiro de 2024 &#8211; 376.56 KB22-04-2025 BaixarVisualizar Anexo 13 Portaria N\u00ba 3, de 04 de janeiro de 2024 389.23 KB22-04-2025 BaixarVisualizar Anexo 12 Portaria N\u00ba 3, de 04 de janeiro de 2024 396.13 KB22-04-2025 BaixarVisualizar Anexo 11 Portaria N\u00ba 3, de 04 de janeiro de 2024 365.67 KB22-04-2025 BaixarVisualizar Anexo 10 Portaria N\u00ba 3, de&hellip;<\/p>\n","category_list":"","author_info":{"name":"ETIPI","url":"https:\/\/portal.pi.gov.br\/adapi\/author\/pallomagualter\/"},"comments_num":"0 coment\u00e1rio","featured_image_urls_v2":{"full":"","thumbnail":"","medium":"","medium_large":"","large":"","sgg-420":"","sgg-540":"","sgg-780":"","1536x1536":"","2048x2048":"","homepage-slider":"","homepage-slider-small":"","page-top":"","page-small":"","loop-main":"","thumb-gallery-widget":""},"post_excerpt_stackable_v2":"<p>T\u00edtuloTamanhoData de Publica\u00e7\u00e3oBaixar LISTA DE M\u00c9DICOS VETERIN\u00c1RIOS CERTIFICADOS 607.21 KB22-04-2025 BaixarVisualizar Formul\u00e1rios para Habilita\u00e7\u00e3o de emiss\u00e3o de GTA em eventos 21.28 KB22-04-2025 BaixarVisualizar Anexo 15 Portaria N\u00ba 3, de 04 de janeiro de 2024 386.31 KB22-04-2025 BaixarVisualizar Anexo 14 Portaria N\u00ba 3, de 04 de janeiro de 2024 &#8211; 376.56 KB22-04-2025 BaixarVisualizar Anexo 13 Portaria N\u00ba 3, de 04 de janeiro de 2024 389.23 KB22-04-2025 BaixarVisualizar Anexo 12 Portaria N\u00ba 3, de 04 de janeiro de 2024 396.13 KB22-04-2025 BaixarVisualizar Anexo 11 Portaria N\u00ba 3, de 04 de janeiro de 2024 365.67 KB22-04-2025 BaixarVisualizar Anexo 10 Portaria N\u00ba 3, de&hellip;<\/p>\n","category_list_v2":"","author_info_v2":{"name":"ETIPI","url":"https:\/\/portal.pi.gov.br\/adapi\/author\/pallomagualter\/"},"comments_num_v2":"0 coment\u00e1rio","_links":{"self":[{"href":"https:\/\/portal.pi.gov.br\/adapi\/wp-json\/wp\/v2\/pages\/2532"}],"collection":[{"href":"https:\/\/portal.pi.gov.br\/adapi\/wp-json\/wp\/v2\/pages"}],"about":[{"href":"https:\/\/portal.pi.gov.br\/adapi\/wp-json\/wp\/v2\/types\/page"}],"author":[{"embeddable":true,"href":"https:\/\/portal.pi.gov.br\/adapi\/wp-json\/wp\/v2\/users\/1832"}],"replies":[{"embeddable":true,"href":"https:\/\/portal.pi.gov.br\/adapi\/wp-json\/wp\/v2\/comments?post=2532"}],"version-history":[{"count":2,"href":"https:\/\/portal.pi.gov.br\/adapi\/wp-json\/wp\/v2\/pages\/2532\/revisions"}],"predecessor-version":[{"id":2682,"href":"https:\/\/portal.pi.gov.br\/adapi\/wp-json\/wp\/v2\/pages\/2532\/revisions\/2682"}],"wp:attachment":[{"href":"https:\/\/portal.pi.gov.br\/adapi\/wp-json\/wp\/v2\/media?parent=2532"}],"curies":[{"name":"wp","href":"https:\/\/api.w.org\/{rel}","templated":true}]}}