{"id":2576,"date":"2025-03-18T09:13:19","date_gmt":"2025-03-18T12:13:19","guid":{"rendered":"https:\/\/portal.pi.gov.br\/adapi\/?page_id=2576"},"modified":"2025-08-19T10:46:54","modified_gmt":"2025-08-19T13:46:54","slug":"vegetal-legislacao","status":"publish","type":"page","link":"https:\/\/portal.pi.gov.br\/adapi\/vegetal-legislacao\/","title":{"rendered":"Legisla\u00e7\u00e3o"},"content":{"rendered":"<script type=\"text\/x-handlebars-template\"        id=\"wpfd-template-table-categories-340\">    <div class=\"wpfd-categories\">{{#if category}}{{#with category}}{{#if parent}}<a class=\"catlink backcategory\" href=\"#\" data-idcat=\"{{parent}}\">                        <i class=\"zmdi zmdi-chevron-left\"><\/i><span>Voltar<\/span><\/a>{{\/if}}{{\/with}}{{\/if}}<\/div><\/script><script type=\"text\/x-handlebars-template\" id=\"wpfd-template-table-340\">    {{#if files}}    {{#each files}}    <tr class=\"file\" data-id=\"{{ID}}\" data-catid=\"{{catid}}\">    <td class=\"file_title\"><a class=\"wpfd_downloadlink\" href=\"{{linkdownload}}\" title=\"{{post_title}}\"><span class=\"extcol\">{{#if file_custom_icon}}<span class=\"icon-custom\"><img src=\"{{file_custom_icon}}\"><\/span>{{else}}<span class=\"ext ext-{{ext}}\"><\/span>{{\/if}}<\/span>{{{crop_title}}}<\/a><\/td><td class=\"file_size\">{{bytesToSize size}}<\/td><td class=\"file_created\">{{created}}<\/td>                    <td class=\"col-download\">                <a class=\"downloadlink wpfd_downloadlink\"  href=\"{{linkdownload}}\" style=\"background-color:#033b85;color:#ffffff;\">Baixar<i class=\"zmdi zmdi-cloud-download wpfd-download\"><\/i><\/a>{{#if openpdflink}}<a class=\"openlink wpfdlightbox wpfd_previewlink\" href=\"{{openpdflink}}\" target=\"\">Visualizar                            <i class=\"zmdi zmdi-filter-center-focus wpfd-preview\"><\/i>                        <\/a>{{else}}{{#if viewerlink}}<a                            href=\"{{viewerlink}}\"                            class=\"openlink wpfdlightbox wpfd_previewlink\"                            target=\"\"                            data-id=\"{{ID}}\"                            data-catid=\"{{catid}}\"                            data-file-type=\"{{ext}}\">Visualizar<i class=\"zmdi zmdi-filter-center-focus wpfd-preview\"><\/i>                        <\/a>{{\/if}}{{\/if}}            <\/td>            <\/tr>    {{\/each}}    {{\/if}}<\/script><div class=\"wpfd-content wpfd-content-table wpfd-content-multi colstyle\" data-category=\"340\"><input type=\"hidden\" id=\"current_category_340\" value=\"340\" \/>                    <input type=\"hidden\" id=\"current_category_slug_340\" value=\"defesaveglegislacao\" \/>                    <input type=\"hidden\" id=\"current_ordering_340\" value=\"created_time\" \/>                    <input type=\"hidden\" id=\"current_ordering_direction_340\" value=\"desc\" \/><div class=\"wpfd-container\">        <div class=\"wpfd-open-tree\"><\/div>    <div class=\"wpfd-container-table \">        <div class=\"wpfd-categories\"><\/div>        <table class=\"wpfd-table wpfd-table-bordered wpfd-table-striped mediaTable\">            <thead>            <tr>                <th class=\"essential persist file_title\">T\u00edtulo<\/th><th class=\"optional file_size\">Tamanho<\/th><th class=\"optional file_created\">Data de Publica\u00e7\u00e3o<\/th><th class=\"essential file_download\">Baixar<\/th>            <\/tr>            <\/thead>            <tbody>                            <tr class=\"file\" data-id=\"5334\"                    data-catid=\"340\">                    <td class=\"file_title\"><a class=\"wpfd_downloadlink\" href=\"https:\/\/portal.pi.gov.br\/adapi\/download\/340\/defesaveglegislacao\/5334\/portaria-sda_mapa-no-1-579-de-9-de-abril-de-2026-calendario-plantio-e-vazio-soja-2026-2027.pdf\" title=\"PORTARIA SDA_MAPA N\u00ba 1.579, DE 9 DE ABRIL DE 2026 - calend\u00e1rio plantio e vazio soja 2026-2027\"><span class=\"extcol\">                                <span class=\"ext ext-pdf\"><\/span>                                PORTARIA SDA_MAPA N\u00ba 1.579, DE 9 DE ABRIL DE 2026 - calend\u00e1rio plantio e vazio soja 2026-2027                            <\/span><\/a><\/td><td class=\"file_size\">210.19 KB<\/td><td class=\"file_created\">13-04-2026<\/td>                                            <td class=\"col-download\">                            <a class=\"downloadlink wpfd_downloadlink\"  href=\"https:\/\/portal.pi.gov.br\/adapi\/download\/340\/defesaveglegislacao\/5334\/portaria-sda_mapa-no-1-579-de-9-de-abril-de-2026-calendario-plantio-e-vazio-soja-2026-2027.pdf\" style=\"background-color:#033b85;color:#ffffff;\">Baixar<i class=\"zmdi zmdi-cloud-download wpfd-download\"><\/i><\/a><a                            href=\"https:\/\/docs.google.com\/viewer?url=https%3A%2F%2Fportal.pi.gov.br%2Fadapi%2Fwp-admin%2Fadmin-ajax.php%3Fjuwpfisadmin%3Dfalse%26action%3Dwpfd%26task%3Dfile.download%26wpfd_category_id%3D340%26wpfd_file_id%3D5334%26token%3D%26preview%3D1&#038;embedded=true\"                            class=\"openlink wpfdlightbox wpfd_previewlink\"                            target=\"\"                            data-id=\"5334\"                            data-catid=\"340\"                            data-file-type=\"pdf\">Visualizar<i class=\"zmdi zmdi-filter-center-focus wpfd-preview\"><\/i>                        <\/a>                        <\/td>                                    <\/tr>                            <tr class=\"file\" data-id=\"5333\"                    data-catid=\"340\">                    <td class=\"file_title\"><a class=\"wpfd_downloadlink\" href=\"https:\/\/portal.pi.gov.br\/adapi\/download\/340\/defesaveglegislacao\/5333\/portaria-sda_mapa-no-1-578-de-2-de-abril-de-2026-certificacao-fitossanitaria-2.pdf\" title=\"PORTARIA SDA_MAPA N\u00ba 1.578, DE 2 DE ABRIL DE 2026  - certifica\u00e7\u00e3o fitossanitaria\"><span class=\"extcol\">                                <span class=\"ext ext-pdf\"><\/span>                                PORTARIA SDA_MAPA N\u00ba 1.578, DE 2 DE ABRIL DE 2026  - certifica\u00e7\u00e3o fitossanitaria                            <\/span><\/a><\/td><td class=\"file_size\">689.75 KB<\/td><td class=\"file_created\">13-04-2026<\/td>                                            <td class=\"col-download\">                            <a class=\"downloadlink wpfd_downloadlink\"  href=\"https:\/\/portal.pi.gov.br\/adapi\/download\/340\/defesaveglegislacao\/5333\/portaria-sda_mapa-no-1-578-de-2-de-abril-de-2026-certificacao-fitossanitaria-2.pdf\" style=\"background-color:#033b85;color:#ffffff;\">Baixar<i class=\"zmdi zmdi-cloud-download wpfd-download\"><\/i><\/a><a                            href=\"https:\/\/docs.google.com\/viewer?url=https%3A%2F%2Fportal.pi.gov.br%2Fadapi%2Fwp-admin%2Fadmin-ajax.php%3Fjuwpfisadmin%3Dfalse%26action%3Dwpfd%26task%3Dfile.download%26wpfd_category_id%3D340%26wpfd_file_id%3D5333%26token%3D%26preview%3D1&#038;embedded=true\"                            class=\"openlink wpfdlightbox wpfd_previewlink\"                            target=\"\"                            data-id=\"5333\"                            data-catid=\"340\"                            data-file-type=\"pdf\">Visualizar<i class=\"zmdi zmdi-filter-center-focus wpfd-preview\"><\/i>                        <\/a>                        <\/td>                                    <\/tr>                            <tr class=\"file\" data-id=\"5223\"                    data-catid=\"340\">                    <td class=\"file_title\"><a class=\"wpfd_downloadlink\" href=\"https:\/\/portal.pi.gov.br\/adapi\/download\/340\/defesaveglegislacao\/5223\/portaria-no-52-201-51-2022-dg-adapi-e-anexos.pdf\" title=\"Portaria n\u00ba 52.201 51-2022-DG-ADAPI e anexos\"><span class=\"extcol\">                                <span class=\"ext ext-pdf\"><\/span>                                Portaria n\u00ba 52.201 51-2022-DG-ADAPI e anexos                            <\/span><\/a><\/td><td class=\"file_size\">752.75 KB<\/td><td class=\"file_created\">12-03-2026<\/td>                                            <td class=\"col-download\">                            <a class=\"downloadlink wpfd_downloadlink\"  href=\"https:\/\/portal.pi.gov.br\/adapi\/download\/340\/defesaveglegislacao\/5223\/portaria-no-52-201-51-2022-dg-adapi-e-anexos.pdf\" style=\"background-color:#033b85;color:#ffffff;\">Baixar<i class=\"zmdi zmdi-cloud-download wpfd-download\"><\/i><\/a><a                            href=\"https:\/\/docs.google.com\/viewer?url=https%3A%2F%2Fportal.pi.gov.br%2Fadapi%2Fwp-admin%2Fadmin-ajax.php%3Fjuwpfisadmin%3Dfalse%26action%3Dwpfd%26task%3Dfile.download%26wpfd_category_id%3D340%26wpfd_file_id%3D5223%26token%3D%26preview%3D1&#038;embedded=true\"                            class=\"openlink wpfdlightbox wpfd_previewlink\"                            target=\"\"                            data-id=\"5223\"                            data-catid=\"340\"                            data-file-type=\"pdf\">Visualizar<i class=\"zmdi zmdi-filter-center-focus wpfd-preview\"><\/i>                        <\/a>                        <\/td>                                    <\/tr>                            <tr class=\"file\" data-id=\"5222\"                    data-catid=\"340\">                    <td class=\"file_title\"><a class=\"wpfd_downloadlink\" href=\"https:\/\/portal.pi.gov.br\/adapi\/download\/340\/defesaveglegislacao\/5222\/portaria-no-88-de-06-de-setembro-de-2024.pdf\" title=\"Portaria n\u00ba 88, de 06 de setembro de 2024\"><span class=\"extcol\">                                <span class=\"ext ext-pdf\"><\/span>                                Portaria n\u00ba 88, de 06 de setembro de 2024                            <\/span><\/a><\/td><td class=\"file_size\">2.05 MB<\/td><td class=\"file_created\">12-03-2026<\/td>                                            <td class=\"col-download\">                            <a class=\"downloadlink wpfd_downloadlink\"  href=\"https:\/\/portal.pi.gov.br\/adapi\/download\/340\/defesaveglegislacao\/5222\/portaria-no-88-de-06-de-setembro-de-2024.pdf\" style=\"background-color:#033b85;color:#ffffff;\">Baixar<i class=\"zmdi zmdi-cloud-download wpfd-download\"><\/i><\/a><a                            href=\"https:\/\/docs.google.com\/viewer?url=https%3A%2F%2Fportal.pi.gov.br%2Fadapi%2Fwp-admin%2Fadmin-ajax.php%3Fjuwpfisadmin%3Dfalse%26action%3Dwpfd%26task%3Dfile.download%26wpfd_category_id%3D340%26wpfd_file_id%3D5222%26token%3D%26preview%3D1&#038;embedded=true\"                            class=\"openlink wpfdlightbox wpfd_previewlink\"                            target=\"\"                            data-id=\"5222\"                            data-catid=\"340\"                            data-file-type=\"pdf\">Visualizar<i class=\"zmdi zmdi-filter-center-focus wpfd-preview\"><\/i>                        <\/a>                        <\/td>                                    <\/tr>                            <tr class=\"file\" data-id=\"5074\"                    data-catid=\"340\">                    <td class=\"file_title\"><a class=\"wpfd_downloadlink\" href=\"https:\/\/portal.pi.gov.br\/adapi\/download\/340\/defesaveglegislacao\/5074\/portaria-no-36-2025-vazio-sanitario-bicudo-algodao-2.pdf\" title=\"Portaria n\u00ba 36 2025 vazio sanit\u00e1rio bicudo algod\u00e3o\"><span class=\"extcol\">                                <span class=\"ext ext-pdf\"><\/span>                                Portaria n\u00ba 36 2025 vazio sanit\u00e1rio bicudo algod\u00e3o                            <\/span><\/a><\/td><td class=\"file_size\">1.37 MB<\/td><td class=\"file_created\">13-02-2026<\/td>                                            <td class=\"col-download\">                            <a class=\"downloadlink wpfd_downloadlink\"  href=\"https:\/\/portal.pi.gov.br\/adapi\/download\/340\/defesaveglegislacao\/5074\/portaria-no-36-2025-vazio-sanitario-bicudo-algodao-2.pdf\" style=\"background-color:#033b85;color:#ffffff;\">Baixar<i class=\"zmdi zmdi-cloud-download wpfd-download\"><\/i><\/a><a                            href=\"https:\/\/docs.google.com\/viewer?url=https%3A%2F%2Fportal.pi.gov.br%2Fadapi%2Fwp-admin%2Fadmin-ajax.php%3Fjuwpfisadmin%3Dfalse%26action%3Dwpfd%26task%3Dfile.download%26wpfd_category_id%3D340%26wpfd_file_id%3D5074%26token%3D%26preview%3D1&#038;embedded=true\"                            class=\"openlink wpfdlightbox wpfd_previewlink\"                            target=\"\"                            data-id=\"5074\"                            data-catid=\"340\"                            data-file-type=\"pdf\">Visualizar<i class=\"zmdi zmdi-filter-center-focus wpfd-preview\"><\/i>                        <\/a>                        <\/td>                                    <\/tr>                            <tr class=\"file\" data-id=\"4151\"                    data-catid=\"340\">                    <td class=\"file_title\"><a class=\"wpfd_downloadlink\" href=\"https:\/\/portal.pi.gov.br\/adapi\/download\/340\/defesaveglegislacao\/4151\/portaria-n-15-204-113-07-valores-de-taxas-defesa-vegetal.pdf\" title=\"Portaria n 15.204 113.07 valores de taxas defesa vegetal\"><span class=\"extcol\">                                <span class=\"ext ext-pdf\"><\/span>                                Portaria n 15.204 113.07 valores de taxas defesa vegetal                            <\/span><\/a><\/td><td class=\"file_size\">170.70 KB<\/td><td class=\"file_created\">04-09-2025<\/td>                                            <td class=\"col-download\">                            <a class=\"downloadlink wpfd_downloadlink\"  href=\"https:\/\/portal.pi.gov.br\/adapi\/download\/340\/defesaveglegislacao\/4151\/portaria-n-15-204-113-07-valores-de-taxas-defesa-vegetal.pdf\" style=\"background-color:#033b85;color:#ffffff;\">Baixar<i class=\"zmdi zmdi-cloud-download wpfd-download\"><\/i><\/a><a                            href=\"https:\/\/docs.google.com\/viewer?url=https%3A%2F%2Fportal.pi.gov.br%2Fadapi%2Fwp-admin%2Fadmin-ajax.php%3Fjuwpfisadmin%3Dfalse%26action%3Dwpfd%26task%3Dfile.download%26wpfd_category_id%3D340%26wpfd_file_id%3D4151%26token%3D%26preview%3D1&#038;embedded=true\"                            class=\"openlink wpfdlightbox wpfd_previewlink\"                            target=\"\"                            data-id=\"4151\"                            data-catid=\"340\"                            data-file-type=\"pdf\">Visualizar<i class=\"zmdi zmdi-filter-center-focus wpfd-preview\"><\/i>                        <\/a>                        <\/td>                                    <\/tr>                            <tr class=\"file\" data-id=\"4150\"                    data-catid=\"340\">                    <td class=\"file_title\"><a class=\"wpfd_downloadlink\" href=\"https:\/\/portal.pi.gov.br\/adapi\/download\/340\/defesaveglegislacao\/4150\/lei-no-5-627-de-29-de-dezembro-de-2006.pdf\" title=\"Lei n\u00ba 5.627 de 29 de dezembro de 2006\"><span class=\"extcol\">                                <span class=\"ext ext-pdf\"><\/span>                                Lei n\u00ba 5.627 de 29 de dezembro de 2006                            <\/span><\/a><\/td><td class=\"file_size\">773.24 KB<\/td><td class=\"file_created\">04-09-2025<\/td>                                            <td class=\"col-download\">                            <a class=\"downloadlink wpfd_downloadlink\"  href=\"https:\/\/portal.pi.gov.br\/adapi\/download\/340\/defesaveglegislacao\/4150\/lei-no-5-627-de-29-de-dezembro-de-2006.pdf\" style=\"background-color:#033b85;color:#ffffff;\">Baixar<i class=\"zmdi zmdi-cloud-download wpfd-download\"><\/i><\/a><a                            href=\"https:\/\/docs.google.com\/viewer?url=https%3A%2F%2Fportal.pi.gov.br%2Fadapi%2Fwp-admin%2Fadmin-ajax.php%3Fjuwpfisadmin%3Dfalse%26action%3Dwpfd%26task%3Dfile.download%26wpfd_category_id%3D340%26wpfd_file_id%3D4150%26token%3D%26preview%3D1&#038;embedded=true\"                            class=\"openlink wpfdlightbox wpfd_previewlink\"                            target=\"\"                            data-id=\"4150\"                            data-catid=\"340\"                            data-file-type=\"pdf\">Visualizar<i class=\"zmdi zmdi-filter-center-focus wpfd-preview\"><\/i>                        <\/a>                        <\/td>                                    <\/tr>                            <tr class=\"file\" data-id=\"4042\"                    data-catid=\"340\">                    <td class=\"file_title\"><a class=\"wpfd_downloadlink\" href=\"https:\/\/portal.pi.gov.br\/adapi\/download\/340\/defesaveglegislacao\/4042\/portaria-no-56-transito-de-implementos-e-maquinas.pdf\" title=\"Portaria N\u00ba 56 Tr\u00e2nsito de implementos e m\u00e1quinas\"><span class=\"extcol\">                                <span class=\"ext ext-pdf\"><\/span>                                Portaria N\u00ba 56 Tr\u00e2nsito de implementos e m\u00e1quinas                            <\/span><\/a><\/td><td class=\"file_size\">1.20 MB<\/td><td class=\"file_created\">19-08-2025<\/td>                                            <td class=\"col-download\">                            <a class=\"downloadlink wpfd_downloadlink\"  href=\"https:\/\/portal.pi.gov.br\/adapi\/download\/340\/defesaveglegislacao\/4042\/portaria-no-56-transito-de-implementos-e-maquinas.pdf\" style=\"background-color:#033b85;color:#ffffff;\">Baixar<i class=\"zmdi zmdi-cloud-download wpfd-download\"><\/i><\/a><a                            href=\"https:\/\/docs.google.com\/viewer?url=https%3A%2F%2Fportal.pi.gov.br%2Fadapi%2Fwp-admin%2Fadmin-ajax.php%3Fjuwpfisadmin%3Dfalse%26action%3Dwpfd%26task%3Dfile.download%26wpfd_category_id%3D340%26wpfd_file_id%3D4042%26token%3D%26preview%3D1&#038;embedded=true\"                            class=\"openlink wpfdlightbox wpfd_previewlink\"                            target=\"\"                            data-id=\"4042\"                            data-catid=\"340\"                            data-file-type=\"pdf\">Visualizar<i class=\"zmdi zmdi-filter-center-focus wpfd-preview\"><\/i>                        <\/a>                        <\/td>                                    <\/tr>                            <tr class=\"file\" data-id=\"3319\"                    data-catid=\"340\">                    <td class=\"file_title\"><a class=\"wpfd_downloadlink\" href=\"https:\/\/portal.pi.gov.br\/adapi\/download\/340\/defesaveglegislacao\/3319\/lei-no-6953-de-08-02-2017.pdf\" title=\"Lei N\u00ba 6953 DE 08 02 2017\"><span class=\"extcol\">                                <span class=\"ext ext-pdf\"><\/span>                                Lei N\u00ba 6953 DE 08 02 2017                            <\/span><\/a><\/td><td class=\"file_size\">211.65 KB<\/td><td class=\"file_created\">24-04-2025<\/td>                                            <td class=\"col-download\">                            <a class=\"downloadlink wpfd_downloadlink\"  href=\"https:\/\/portal.pi.gov.br\/adapi\/download\/340\/defesaveglegislacao\/3319\/lei-no-6953-de-08-02-2017.pdf\" style=\"background-color:#033b85;color:#ffffff;\">Baixar<i class=\"zmdi zmdi-cloud-download wpfd-download\"><\/i><\/a><a                            href=\"https:\/\/docs.google.com\/viewer?url=https%3A%2F%2Fportal.pi.gov.br%2Fadapi%2Fwp-admin%2Fadmin-ajax.php%3Fjuwpfisadmin%3Dfalse%26action%3Dwpfd%26task%3Dfile.download%26wpfd_category_id%3D340%26wpfd_file_id%3D3319%26token%3D%26preview%3D1&#038;embedded=true\"                            class=\"openlink wpfdlightbox wpfd_previewlink\"                            target=\"\"                            data-id=\"3319\"                            data-catid=\"340\"                            data-file-type=\"pdf\">Visualizar<i class=\"zmdi zmdi-filter-center-focus wpfd-preview\"><\/i>                        <\/a>                        <\/td>                                    <\/tr>                            <tr class=\"file\" data-id=\"3318\"                    data-catid=\"340\">                    <td class=\"file_title\"><a class=\"wpfd_downloadlink\" href=\"https:\/\/portal.pi.gov.br\/adapi\/download\/340\/defesaveglegislacao\/3318\/instrucao-normativa-no-45-de-22-de-agosto-de-2018.pdf\" title=\"INSTRU\u00c7\u00c3O NORMATIVA N\u00ba 45, DE 22 DE AGOSTO DE 2018\"><span class=\"extcol\">                                <span class=\"ext ext-pdf\"><\/span>                                INSTRU\u00c7\u00c3O NORMATIVA N\u00ba 45, DE 22 DE AGOSTO DE 2018                            <\/span><\/a><\/td><td class=\"file_size\">8.17 KB<\/td><td class=\"file_created\">24-04-2025<\/td>                                            <td class=\"col-download\">                            <a class=\"downloadlink wpfd_downloadlink\"  href=\"https:\/\/portal.pi.gov.br\/adapi\/download\/340\/defesaveglegislacao\/3318\/instrucao-normativa-no-45-de-22-de-agosto-de-2018.pdf\" style=\"background-color:#033b85;color:#ffffff;\">Baixar<i class=\"zmdi zmdi-cloud-download wpfd-download\"><\/i><\/a><a                            href=\"https:\/\/docs.google.com\/viewer?url=https%3A%2F%2Fportal.pi.gov.br%2Fadapi%2Fwp-admin%2Fadmin-ajax.php%3Fjuwpfisadmin%3Dfalse%26action%3Dwpfd%26task%3Dfile.download%26wpfd_category_id%3D340%26wpfd_file_id%3D3318%26token%3D%26preview%3D1&#038;embedded=true\"                            class=\"openlink wpfdlightbox wpfd_previewlink\"                            target=\"\"                            data-id=\"3318\"                            data-catid=\"340\"                            data-file-type=\"pdf\">Visualizar<i class=\"zmdi zmdi-filter-center-focus wpfd-preview\"><\/i>                        <\/a>                        <\/td>                                    <\/tr>                        <\/tbody>        <\/table>            <\/div><\/div><\/div><div class='wpfd-pagination'>\n\t<span class='page-numbers current'>1<\/span>\n<a class='page-numbers' data-page='2' data-sourcecat='340'>2<\/a>\n<a class='page-numbers' data-page='3' data-sourcecat='340'>3<\/a>\n<a class='next page-numbers' data-page='2' data-sourcecat='340'>Pr\u00f3ximo &raquo;<\/a>\n<\/div>\n\n","protected":false},"excerpt":{"rendered":"","protected":false},"author":1832,"featured_media":0,"parent":0,"menu_order":0,"comment_status":"closed","ping_status":"closed","template":"template-fullwidth.php","meta":[],"featured_image_urls":{"full":"","thumbnail":"","medium":"","medium_large":"","large":"","sgg-420":"","sgg-540":"","sgg-780":"","1536x1536":"","2048x2048":"","homepage-slider":"","homepage-slider-small":"","page-top":"","page-small":"","loop-main":"","thumb-gallery-widget":""},"post_excerpt_stackable":"<p>T\u00edtuloTamanhoData de Publica\u00e7\u00e3oBaixar PORTARIA SDA_MAPA N\u00ba 1.579, DE 9 DE ABRIL DE 2026 &#8211; calend\u00e1rio plantio e vazio soja 2026-2027 210.19 KB13-04-2026 BaixarVisualizar PORTARIA SDA_MAPA N\u00ba 1.578, DE 2 DE ABRIL DE 2026 &#8211; certifica\u00e7\u00e3o fitossanitaria 689.75 KB13-04-2026 BaixarVisualizar Portaria n\u00ba 52.201 51-2022-DG-ADAPI e anexos 752.75 KB12-03-2026 BaixarVisualizar Portaria n\u00ba 88, de 06 de setembro de 2024 2.05 MB12-03-2026 BaixarVisualizar Portaria n\u00ba 36 2025 vazio sanit\u00e1rio bicudo algod\u00e3o 1.37 MB13-02-2026 BaixarVisualizar Portaria n 15.204 113.07 valores de taxas defesa vegetal 170.70 KB04-09-2025 BaixarVisualizar Lei n\u00ba 5.627 de 29 de dezembro de 2006 773.24 KB04-09-2025 BaixarVisualizar Portaria N\u00ba 56 Tr\u00e2nsito de&hellip;<\/p>\n","category_list":"","author_info":{"name":"ETIPI","url":"https:\/\/portal.pi.gov.br\/adapi\/author\/pallomagualter\/"},"comments_num":"0 coment\u00e1rio","featured_image_urls_v2":{"full":"","thumbnail":"","medium":"","medium_large":"","large":"","sgg-420":"","sgg-540":"","sgg-780":"","1536x1536":"","2048x2048":"","homepage-slider":"","homepage-slider-small":"","page-top":"","page-small":"","loop-main":"","thumb-gallery-widget":""},"post_excerpt_stackable_v2":"<p>T\u00edtuloTamanhoData de Publica\u00e7\u00e3oBaixar PORTARIA SDA_MAPA N\u00ba 1.579, DE 9 DE ABRIL DE 2026 &#8211; calend\u00e1rio plantio e vazio soja 2026-2027 210.19 KB13-04-2026 BaixarVisualizar PORTARIA SDA_MAPA N\u00ba 1.578, DE 2 DE ABRIL DE 2026 &#8211; certifica\u00e7\u00e3o fitossanitaria 689.75 KB13-04-2026 BaixarVisualizar Portaria n\u00ba 52.201 51-2022-DG-ADAPI e anexos 752.75 KB12-03-2026 BaixarVisualizar Portaria n\u00ba 88, de 06 de setembro de 2024 2.05 MB12-03-2026 BaixarVisualizar Portaria n\u00ba 36 2025 vazio sanit\u00e1rio bicudo algod\u00e3o 1.37 MB13-02-2026 BaixarVisualizar Portaria n 15.204 113.07 valores de taxas defesa vegetal 170.70 KB04-09-2025 BaixarVisualizar Lei n\u00ba 5.627 de 29 de dezembro de 2006 773.24 KB04-09-2025 BaixarVisualizar Portaria N\u00ba 56 Tr\u00e2nsito de&hellip;<\/p>\n","category_list_v2":"","author_info_v2":{"name":"ETIPI","url":"https:\/\/portal.pi.gov.br\/adapi\/author\/pallomagualter\/"},"comments_num_v2":"0 coment\u00e1rio","_links":{"self":[{"href":"https:\/\/portal.pi.gov.br\/adapi\/wp-json\/wp\/v2\/pages\/2576"}],"collection":[{"href":"https:\/\/portal.pi.gov.br\/adapi\/wp-json\/wp\/v2\/pages"}],"about":[{"href":"https:\/\/portal.pi.gov.br\/adapi\/wp-json\/wp\/v2\/types\/page"}],"author":[{"embeddable":true,"href":"https:\/\/portal.pi.gov.br\/adapi\/wp-json\/wp\/v2\/users\/1832"}],"replies":[{"embeddable":true,"href":"https:\/\/portal.pi.gov.br\/adapi\/wp-json\/wp\/v2\/comments?post=2576"}],"version-history":[{"count":3,"href":"https:\/\/portal.pi.gov.br\/adapi\/wp-json\/wp\/v2\/pages\/2576\/revisions"}],"predecessor-version":[{"id":4045,"href":"https:\/\/portal.pi.gov.br\/adapi\/wp-json\/wp\/v2\/pages\/2576\/revisions\/4045"}],"wp:attachment":[{"href":"https:\/\/portal.pi.gov.br\/adapi\/wp-json\/wp\/v2\/media?parent=2576"}],"curies":[{"name":"wp","href":"https:\/\/api.w.org\/{rel}","templated":true}]}}