{"id":2592,"date":"2025-03-18T09:30:56","date_gmt":"2025-03-18T12:30:56","guid":{"rendered":"https:\/\/portal.pi.gov.br\/adapi\/?page_id=2592"},"modified":"2025-03-18T12:36:09","modified_gmt":"2025-03-18T15:36:09","slug":"agrotoxicos-legislacao","status":"publish","type":"page","link":"https:\/\/portal.pi.gov.br\/adapi\/agrotoxicos-legislacao\/","title":{"rendered":"Legisla\u00e7\u00e3o"},"content":{"rendered":"<script type=\"text\/x-handlebars-template\"        id=\"wpfd-template-table-categories-342\">    <div class=\"wpfd-categories\">{{#if category}}{{#with category}}{{#if parent}}<a class=\"catlink backcategory\" href=\"#\" data-idcat=\"{{parent}}\">                        <i class=\"zmdi zmdi-chevron-left\"><\/i><span>Voltar<\/span><\/a>{{\/if}}{{\/with}}{{\/if}}<\/div><\/script><script type=\"text\/x-handlebars-template\" id=\"wpfd-template-table-342\">    {{#if files}}    {{#each files}}    <tr class=\"file\" data-id=\"{{ID}}\" data-catid=\"{{catid}}\">    <td class=\"file_title\"><a class=\"wpfd_downloadlink\" href=\"{{linkdownload}}\" title=\"{{post_title}}\"><span class=\"extcol\">{{#if file_custom_icon}}<span class=\"icon-custom\"><img src=\"{{file_custom_icon}}\"><\/span>{{else}}<span class=\"ext ext-{{ext}}\"><\/span>{{\/if}}<\/span>{{{crop_title}}}<\/a><\/td><td class=\"file_size\">{{bytesToSize size}}<\/td><td class=\"file_created\">{{created}}<\/td>                    <td class=\"col-download\">                <a class=\"downloadlink wpfd_downloadlink\"  href=\"{{linkdownload}}\" style=\"background-color:#033b85;color:#ffffff;\">Baixar<i class=\"zmdi zmdi-cloud-download wpfd-download\"><\/i><\/a>{{#if openpdflink}}<a class=\"openlink wpfdlightbox wpfd_previewlink\" href=\"{{openpdflink}}\" target=\"\">Visualizar                            <i class=\"zmdi zmdi-filter-center-focus wpfd-preview\"><\/i>                        <\/a>{{else}}{{#if viewerlink}}<a                            href=\"{{viewerlink}}\"                            class=\"openlink wpfdlightbox wpfd_previewlink\"                            target=\"\"                            data-id=\"{{ID}}\"                            data-catid=\"{{catid}}\"                            data-file-type=\"{{ext}}\">Visualizar<i class=\"zmdi zmdi-filter-center-focus wpfd-preview\"><\/i>                        <\/a>{{\/if}}{{\/if}}            <\/td>            <\/tr>    {{\/each}}    {{\/if}}<\/script><div class=\"wpfd-content wpfd-content-table wpfd-content-multi colstyle\" data-category=\"342\"><input type=\"hidden\" id=\"current_category_342\" value=\"342\" \/>                    <input type=\"hidden\" id=\"current_category_slug_342\" value=\"agrotoxicoslegislacao\" \/>                    <input type=\"hidden\" id=\"current_ordering_342\" value=\"title\" \/>                    <input type=\"hidden\" id=\"current_ordering_direction_342\" value=\"desc\" \/><div class=\"wpfd-container\">        <div class=\"wpfd-open-tree\"><\/div>    <div class=\"wpfd-container-table \">        <div class=\"wpfd-categories\"><\/div>        <table class=\"wpfd-table wpfd-table-bordered wpfd-table-striped mediaTable\">            <thead>            <tr>                <th class=\"essential persist file_title\">T\u00edtulo<\/th><th class=\"optional file_size\">Tamanho<\/th><th class=\"optional file_created\">Data de Publica\u00e7\u00e3o<\/th><th class=\"essential file_download\">Baixar<\/th>            <\/tr>            <\/thead>            <tbody>                            <tr class=\"file\" data-id=\"2856\"                    data-catid=\"342\">                    <td class=\"file_title\"><a class=\"wpfd_downloadlink\" href=\"https:\/\/portal.pi.gov.br\/adapi\/download\/342\/agrotoxicoslegislacao\/2856\/portaria-n-15204-862013-dg-adapi-de-02-de-julho-de-2013.pdf\" title=\"Portaria n 15204 862013 DG ADAPI de 02 de julho de 2013\"><span class=\"extcol\">                                <span class=\"ext ext-pdf\"><\/span>                                Portaria n 15204 862013 DG ADAPI de 02 de julho de 2013                            <\/span><\/a><\/td><td class=\"file_size\">78.19 KB<\/td><td class=\"file_created\">22-04-2025<\/td>                                            <td class=\"col-download\">                            <a class=\"downloadlink wpfd_downloadlink\"  href=\"https:\/\/portal.pi.gov.br\/adapi\/download\/342\/agrotoxicoslegislacao\/2856\/portaria-n-15204-862013-dg-adapi-de-02-de-julho-de-2013.pdf\" style=\"background-color:#033b85;color:#ffffff;\">Baixar<i class=\"zmdi zmdi-cloud-download wpfd-download\"><\/i><\/a><a                            href=\"https:\/\/docs.google.com\/viewer?url=https%3A%2F%2Fportal.pi.gov.br%2Fadapi%2Fwp-admin%2Fadmin-ajax.php%3Fjuwpfisadmin%3Dfalse%26action%3Dwpfd%26task%3Dfile.download%26wpfd_category_id%3D342%26wpfd_file_id%3D2856%26token%3D%26preview%3D1&#038;embedded=true\"                            class=\"openlink wpfdlightbox wpfd_previewlink\"                            target=\"\"                            data-id=\"2856\"                            data-catid=\"342\"                            data-file-type=\"pdf\">Visualizar<i class=\"zmdi zmdi-filter-center-focus wpfd-preview\"><\/i>                        <\/a>                        <\/td>                                    <\/tr>                            <tr class=\"file\" data-id=\"2853\"                    data-catid=\"342\">                    <td class=\"file_title\"><a class=\"wpfd_downloadlink\" href=\"https:\/\/portal.pi.gov.br\/adapi\/download\/342\/agrotoxicoslegislacao\/2853\/lei-no-14-785-de-27-de-dezembro-de-2023.pdf\" title=\"Lei n\u00ba 14.785 de 27 de dezembro de 2023\"><span class=\"extcol\">                                <span class=\"ext ext-pdf\"><\/span>                                Lei n\u00ba 14.785 de 27 de dezembro de 2023                            <\/span><\/a><\/td><td class=\"file_size\">552.63 KB<\/td><td class=\"file_created\">22-04-2025<\/td>                                            <td class=\"col-download\">                            <a class=\"downloadlink wpfd_downloadlink\"  href=\"https:\/\/portal.pi.gov.br\/adapi\/download\/342\/agrotoxicoslegislacao\/2853\/lei-no-14-785-de-27-de-dezembro-de-2023.pdf\" style=\"background-color:#033b85;color:#ffffff;\">Baixar<i class=\"zmdi zmdi-cloud-download wpfd-download\"><\/i><\/a><a                            href=\"https:\/\/docs.google.com\/viewer?url=https%3A%2F%2Fportal.pi.gov.br%2Fadapi%2Fwp-admin%2Fadmin-ajax.php%3Fjuwpfisadmin%3Dfalse%26action%3Dwpfd%26task%3Dfile.download%26wpfd_category_id%3D342%26wpfd_file_id%3D2853%26token%3D%26preview%3D1&#038;embedded=true\"                            class=\"openlink wpfdlightbox wpfd_previewlink\"                            target=\"\"                            data-id=\"2853\"                            data-catid=\"342\"                            data-file-type=\"pdf\">Visualizar<i class=\"zmdi zmdi-filter-center-focus wpfd-preview\"><\/i>                        <\/a>                        <\/td>                                    <\/tr>                            <tr class=\"file\" data-id=\"2854\"                    data-catid=\"342\">                    <td class=\"file_title\"><a class=\"wpfd_downloadlink\" href=\"https:\/\/portal.pi.gov.br\/adapi\/download\/342\/agrotoxicoslegislacao\/2854\/lei-no-9-605-de-12-de-fevereiro-de-1998.pdf\" title=\"Lei n\u00ba 9.605, de 12 de fevereiro de 1998\"><span class=\"extcol\">                                <span class=\"ext ext-pdf\"><\/span>                                Lei n\u00ba 9.605, de 12 de fevereiro de 1998                            <\/span><\/a><\/td><td class=\"file_size\">500.82 KB<\/td><td class=\"file_created\">22-04-2025<\/td>                                            <td class=\"col-download\">                            <a class=\"downloadlink wpfd_downloadlink\"  href=\"https:\/\/portal.pi.gov.br\/adapi\/download\/342\/agrotoxicoslegislacao\/2854\/lei-no-9-605-de-12-de-fevereiro-de-1998.pdf\" style=\"background-color:#033b85;color:#ffffff;\">Baixar<i class=\"zmdi zmdi-cloud-download wpfd-download\"><\/i><\/a><a                            href=\"https:\/\/docs.google.com\/viewer?url=https%3A%2F%2Fportal.pi.gov.br%2Fadapi%2Fwp-admin%2Fadmin-ajax.php%3Fjuwpfisadmin%3Dfalse%26action%3Dwpfd%26task%3Dfile.download%26wpfd_category_id%3D342%26wpfd_file_id%3D2854%26token%3D%26preview%3D1&#038;embedded=true\"                            class=\"openlink wpfdlightbox wpfd_previewlink\"                            target=\"\"                            data-id=\"2854\"                            data-catid=\"342\"                            data-file-type=\"pdf\">Visualizar<i class=\"zmdi zmdi-filter-center-focus wpfd-preview\"><\/i>                        <\/a>                        <\/td>                                    <\/tr>                            <tr class=\"file\" data-id=\"2857\"                    data-catid=\"342\">                    <td class=\"file_title\"><a class=\"wpfd_downloadlink\" href=\"https:\/\/portal.pi.gov.br\/adapi\/download\/342\/agrotoxicoslegislacao\/2857\/lei-estadual-n-5-626-de-29-de-dezembro-de-2006.pdf\" title=\"Lei Estadual N 5.626 de 29 de dezembro de 2006\"><span class=\"extcol\">                                <span class=\"ext ext-pdf\"><\/span>                                Lei Estadual N 5.626 de 29 de dezembro de 2006                            <\/span><\/a><\/td><td class=\"file_size\">298.20 KB<\/td><td class=\"file_created\">22-04-2025<\/td>                                            <td class=\"col-download\">                            <a class=\"downloadlink wpfd_downloadlink\"  href=\"https:\/\/portal.pi.gov.br\/adapi\/download\/342\/agrotoxicoslegislacao\/2857\/lei-estadual-n-5-626-de-29-de-dezembro-de-2006.pdf\" style=\"background-color:#033b85;color:#ffffff;\">Baixar<i class=\"zmdi zmdi-cloud-download wpfd-download\"><\/i><\/a><a                            href=\"https:\/\/docs.google.com\/viewer?url=https%3A%2F%2Fportal.pi.gov.br%2Fadapi%2Fwp-admin%2Fadmin-ajax.php%3Fjuwpfisadmin%3Dfalse%26action%3Dwpfd%26task%3Dfile.download%26wpfd_category_id%3D342%26wpfd_file_id%3D2857%26token%3D%26preview%3D1&#038;embedded=true\"                            class=\"openlink wpfdlightbox wpfd_previewlink\"                            target=\"\"                            data-id=\"2857\"                            data-catid=\"342\"                            data-file-type=\"pdf\">Visualizar<i class=\"zmdi zmdi-filter-center-focus wpfd-preview\"><\/i>                        <\/a>                        <\/td>                                    <\/tr>                            <tr class=\"file\" data-id=\"2855\"                    data-catid=\"342\">                    <td class=\"file_title\"><a class=\"wpfd_downloadlink\" href=\"https:\/\/portal.pi.gov.br\/adapi\/download\/342\/agrotoxicoslegislacao\/2855\/instrucao-normativa-no-40-de-11-de-outubro-de-2018.pdf\" title=\"Instru\u00e7\u00e3o Normativa n\u00ba 40, de 11 de outubro de 2018\"><span class=\"extcol\">                                <span class=\"ext ext-pdf\"><\/span>                                Instru\u00e7\u00e3o Normativa n\u00ba 40, de 11 de outubro de 2018                            <\/span><\/a><\/td><td class=\"file_size\">4.23 KB<\/td><td class=\"file_created\">22-04-2025<\/td>                                            <td class=\"col-download\">                            <a class=\"downloadlink wpfd_downloadlink\"  href=\"https:\/\/portal.pi.gov.br\/adapi\/download\/342\/agrotoxicoslegislacao\/2855\/instrucao-normativa-no-40-de-11-de-outubro-de-2018.pdf\" style=\"background-color:#033b85;color:#ffffff;\">Baixar<i class=\"zmdi zmdi-cloud-download wpfd-download\"><\/i><\/a><a                            href=\"https:\/\/docs.google.com\/viewer?url=https%3A%2F%2Fportal.pi.gov.br%2Fadapi%2Fwp-admin%2Fadmin-ajax.php%3Fjuwpfisadmin%3Dfalse%26action%3Dwpfd%26task%3Dfile.download%26wpfd_category_id%3D342%26wpfd_file_id%3D2855%26token%3D%26preview%3D1&#038;embedded=true\"                            class=\"openlink wpfdlightbox wpfd_previewlink\"                            target=\"\"                            data-id=\"2855\"                            data-catid=\"342\"                            data-file-type=\"pdf\">Visualizar<i class=\"zmdi zmdi-filter-center-focus wpfd-preview\"><\/i>                        <\/a>                        <\/td>                                    <\/tr>                            <tr class=\"file\" data-id=\"2858\"                    data-catid=\"342\">                    <td class=\"file_title\"><a class=\"wpfd_downloadlink\" href=\"https:\/\/portal.pi.gov.br\/adapi\/download\/342\/agrotoxicoslegislacao\/2858\/decreto-estadual-n-14-572-de-12-de-setembro-de-2011.pdf\" title=\"Decreto Estadual N 14.572 de 12 de setembro de 2011\"><span class=\"extcol\">                                <span class=\"ext ext-pdf\"><\/span>                                Decreto Estadual N 14.572 de 12 de setembro de 2011                            <\/span><\/a><\/td><td class=\"file_size\">572.70 KB<\/td><td class=\"file_created\">22-04-2025<\/td>                                            <td class=\"col-download\">                            <a class=\"downloadlink wpfd_downloadlink\"  href=\"https:\/\/portal.pi.gov.br\/adapi\/download\/342\/agrotoxicoslegislacao\/2858\/decreto-estadual-n-14-572-de-12-de-setembro-de-2011.pdf\" style=\"background-color:#033b85;color:#ffffff;\">Baixar<i class=\"zmdi zmdi-cloud-download wpfd-download\"><\/i><\/a><a                            href=\"https:\/\/docs.google.com\/viewer?url=https%3A%2F%2Fportal.pi.gov.br%2Fadapi%2Fwp-admin%2Fadmin-ajax.php%3Fjuwpfisadmin%3Dfalse%26action%3Dwpfd%26task%3Dfile.download%26wpfd_category_id%3D342%26wpfd_file_id%3D2858%26token%3D%26preview%3D1&#038;embedded=true\"                            class=\"openlink wpfdlightbox wpfd_previewlink\"                            target=\"\"                            data-id=\"2858\"                            data-catid=\"342\"                            data-file-type=\"pdf\">Visualizar<i class=\"zmdi zmdi-filter-center-focus wpfd-preview\"><\/i>                        <\/a>                        <\/td>                                    <\/tr>                        <\/tbody>        <\/table>            <\/div><\/div><\/div>\n","protected":false},"excerpt":{"rendered":"","protected":false},"author":1832,"featured_media":0,"parent":0,"menu_order":0,"comment_status":"closed","ping_status":"closed","template":"template-fullwidth.php","meta":[],"featured_image_urls":{"full":"","thumbnail":"","medium":"","medium_large":"","large":"","sgg-420":"","sgg-540":"","sgg-780":"","1536x1536":"","2048x2048":"","homepage-slider":"","homepage-slider-small":"","page-top":"","page-small":"","loop-main":"","thumb-gallery-widget":""},"post_excerpt_stackable":"<p>T\u00edtuloTamanhoData de Publica\u00e7\u00e3oBaixar Portaria n 15204 862013 DG ADAPI de 02 de julho de 2013 78.19 KB22-04-2025 BaixarVisualizar Lei n\u00ba 14.785 de 27 de dezembro de 2023 552.63 KB22-04-2025 BaixarVisualizar Lei n\u00ba 9.605, de 12 de fevereiro de 1998 500.82 KB22-04-2025 BaixarVisualizar Lei Estadual N 5.626 de 29 de dezembro de 2006 298.20 KB22-04-2025 BaixarVisualizar Instru\u00e7\u00e3o Normativa n\u00ba 40, de 11 de outubro de 2018 4.23 KB22-04-2025 BaixarVisualizar Decreto Estadual N 14.572 de 12 de setembro de 2011 572.70 KB22-04-2025 BaixarVisualizar<\/p>\n","category_list":"","author_info":{"name":"ETIPI","url":"https:\/\/portal.pi.gov.br\/adapi\/author\/pallomagualter\/"},"comments_num":"0 coment\u00e1rio","featured_image_urls_v2":{"full":"","thumbnail":"","medium":"","medium_large":"","large":"","sgg-420":"","sgg-540":"","sgg-780":"","1536x1536":"","2048x2048":"","homepage-slider":"","homepage-slider-small":"","page-top":"","page-small":"","loop-main":"","thumb-gallery-widget":""},"post_excerpt_stackable_v2":"<p>T\u00edtuloTamanhoData de Publica\u00e7\u00e3oBaixar Portaria n 15204 862013 DG ADAPI de 02 de julho de 2013 78.19 KB22-04-2025 BaixarVisualizar Lei n\u00ba 14.785 de 27 de dezembro de 2023 552.63 KB22-04-2025 BaixarVisualizar Lei n\u00ba 9.605, de 12 de fevereiro de 1998 500.82 KB22-04-2025 BaixarVisualizar Lei Estadual N 5.626 de 29 de dezembro de 2006 298.20 KB22-04-2025 BaixarVisualizar Instru\u00e7\u00e3o Normativa n\u00ba 40, de 11 de outubro de 2018 4.23 KB22-04-2025 BaixarVisualizar Decreto Estadual N 14.572 de 12 de setembro de 2011 572.70 KB22-04-2025 BaixarVisualizar<\/p>\n","category_list_v2":"","author_info_v2":{"name":"ETIPI","url":"https:\/\/portal.pi.gov.br\/adapi\/author\/pallomagualter\/"},"comments_num_v2":"0 coment\u00e1rio","_links":{"self":[{"href":"https:\/\/portal.pi.gov.br\/adapi\/wp-json\/wp\/v2\/pages\/2592"}],"collection":[{"href":"https:\/\/portal.pi.gov.br\/adapi\/wp-json\/wp\/v2\/pages"}],"about":[{"href":"https:\/\/portal.pi.gov.br\/adapi\/wp-json\/wp\/v2\/types\/page"}],"author":[{"embeddable":true,"href":"https:\/\/portal.pi.gov.br\/adapi\/wp-json\/wp\/v2\/users\/1832"}],"replies":[{"embeddable":true,"href":"https:\/\/portal.pi.gov.br\/adapi\/wp-json\/wp\/v2\/comments?post=2592"}],"version-history":[{"count":2,"href":"https:\/\/portal.pi.gov.br\/adapi\/wp-json\/wp\/v2\/pages\/2592\/revisions"}],"predecessor-version":[{"id":2674,"href":"https:\/\/portal.pi.gov.br\/adapi\/wp-json\/wp\/v2\/pages\/2592\/revisions\/2674"}],"wp:attachment":[{"href":"https:\/\/portal.pi.gov.br\/adapi\/wp-json\/wp\/v2\/media?parent=2592"}],"curies":[{"name":"wp","href":"https:\/\/api.w.org\/{rel}","templated":true}]}}