{"id":2594,"date":"2025-03-18T09:31:27","date_gmt":"2025-03-18T12:31:27","guid":{"rendered":"https:\/\/portal.pi.gov.br\/adapi\/?page_id=2594"},"modified":"2025-09-04T10:09:24","modified_gmt":"2025-09-04T13:09:24","slug":"agrotoxicos-cadastros-e-registros","status":"publish","type":"page","link":"https:\/\/portal.pi.gov.br\/adapi\/agrotoxicos-cadastros-e-registros\/","title":{"rendered":"Cadastros e Registros"},"content":{"rendered":"<script type=\"text\/x-handlebars-template\"        id=\"wpfd-template-table-categories-343\">    <div class=\"wpfd-categories\">{{#if category}}{{#with category}}{{#if parent}}<a class=\"catlink backcategory\" href=\"#\" data-idcat=\"{{parent}}\">                        <i class=\"zmdi zmdi-chevron-left\"><\/i><span>Voltar<\/span><\/a>{{\/if}}{{\/with}}{{\/if}}<\/div><\/script><script type=\"text\/x-handlebars-template\" id=\"wpfd-template-table-343\">    {{#if files}}    {{#each files}}    <tr class=\"file\" data-id=\"{{ID}}\" data-catid=\"{{catid}}\">    <td class=\"file_title\"><a class=\"wpfd_downloadlink\" href=\"{{linkdownload}}\" title=\"{{post_title}}\"><span class=\"extcol\">{{#if file_custom_icon}}<span class=\"icon-custom\"><img src=\"{{file_custom_icon}}\"><\/span>{{else}}<span class=\"ext ext-{{ext}}\"><\/span>{{\/if}}<\/span>{{{crop_title}}}<\/a><\/td><td class=\"file_size\">{{bytesToSize size}}<\/td><td class=\"file_created\">{{created}}<\/td>                    <td class=\"col-download\">                <a class=\"downloadlink wpfd_downloadlink\"  href=\"{{linkdownload}}\" style=\"background-color:#033b85;color:#ffffff;\">Baixar<i class=\"zmdi zmdi-cloud-download wpfd-download\"><\/i><\/a>{{#if openpdflink}}<a class=\"openlink wpfdlightbox wpfd_previewlink\" href=\"{{openpdflink}}\" target=\"\">Visualizar                            <i class=\"zmdi zmdi-filter-center-focus wpfd-preview\"><\/i>                        <\/a>{{else}}{{#if viewerlink}}<a                            href=\"{{viewerlink}}\"                            class=\"openlink wpfdlightbox wpfd_previewlink\"                            target=\"\"                            data-id=\"{{ID}}\"                            data-catid=\"{{catid}}\"                            data-file-type=\"{{ext}}\">Visualizar<i class=\"zmdi zmdi-filter-center-focus wpfd-preview\"><\/i>                        <\/a>{{\/if}}{{\/if}}            <\/td>            <\/tr>    {{\/each}}    {{\/if}}<\/script><div class=\"wpfd-content wpfd-content-table wpfd-content-multi colstyle\" data-category=\"343\"><input type=\"hidden\" id=\"current_category_343\" value=\"343\" \/>                    <input type=\"hidden\" id=\"current_category_slug_343\" value=\"agrotoxicoscadastros\" \/>                    <input type=\"hidden\" id=\"current_ordering_343\" value=\"title\" \/>                    <input type=\"hidden\" id=\"current_ordering_direction_343\" value=\"desc\" \/><div class=\"wpfd-container\">        <div class=\"wpfd-open-tree\"><\/div>    <div class=\"wpfd-container-table \">        <div class=\"wpfd-categories\"><\/div>        <table class=\"wpfd-table wpfd-table-bordered wpfd-table-striped mediaTable\">            <thead>            <tr>                <th class=\"essential persist file_title\">T\u00edtulo<\/th><th class=\"optional file_size\">Tamanho<\/th><th class=\"optional file_created\">Data de Publica\u00e7\u00e3o<\/th><th class=\"essential file_download\">Baixar<\/th>            <\/tr>            <\/thead>            <tbody>                            <tr class=\"file\" data-id=\"5093\"                    data-catid=\"343\">                    <td class=\"file_title\"><a class=\"wpfd_downloadlink\" href=\"https:\/\/portal.pi.gov.br\/adapi\/download\/343\/agrotoxicoscadastros\/5093\/instrucao_normativa_n__19__de_15_de_fevereiro_de_2002.pdf\" title=\"Instrucao_Normativa_n__19__de_15_de_fevereiro_de_2002\"><span class=\"extcol\">                                <span class=\"ext ext-pdf\"><\/span>                                Instrucao_Normativa_n__19__de_15_de_fevereiro_de_2002                            <\/span><\/a><\/td><td class=\"file_size\">15.99 KB<\/td><td class=\"file_created\">13-02-2026<\/td>                                            <td class=\"col-download\">                            <a class=\"downloadlink wpfd_downloadlink\"  href=\"https:\/\/portal.pi.gov.br\/adapi\/download\/343\/agrotoxicoscadastros\/5093\/instrucao_normativa_n__19__de_15_de_fevereiro_de_2002.pdf\" style=\"background-color:#033b85;color:#ffffff;\">Baixar<i class=\"zmdi zmdi-cloud-download wpfd-download\"><\/i><\/a><a                            href=\"https:\/\/docs.google.com\/viewer?url=https%3A%2F%2Fportal.pi.gov.br%2Fadapi%2Fwp-admin%2Fadmin-ajax.php%3Fjuwpfisadmin%3Dfalse%26action%3Dwpfd%26task%3Dfile.download%26wpfd_category_id%3D343%26wpfd_file_id%3D5093%26token%3D%26preview%3D1&#038;embedded=true\"                            class=\"openlink wpfdlightbox wpfd_previewlink\"                            target=\"\"                            data-id=\"5093\"                            data-catid=\"343\"                            data-file-type=\"pdf\">Visualizar<i class=\"zmdi zmdi-filter-center-focus wpfd-preview\"><\/i>                        <\/a>                        <\/td>                                    <\/tr>                        <\/tbody>        <\/table>            <\/div><\/div><\/div>\n\n\n\n<p><strong>Cadastro de Agrot\u00f3xicos<\/strong><\/p>\n\n\n\n<p>Todo agrot\u00f3xico ou afim destinado ao uso agr\u00edcola, pastagens ou na prote\u00e7\u00e3o de florestas plantadas para ser transportado, armazenado, comercializado e utilizado no Estado do Piau\u00ed deve ser cadastrado na Adapi e registrado no Minist\u00e9rio da Agricultura e Pecu\u00e1ria &#8211; Mapa ou Ibama.<\/p>\n\n\n\n<p><strong>Documentos necess\u00e1rios:<\/strong><\/p>\n\n\n\n<p>&nbsp;&nbsp;&nbsp;I &#8211; Requerimento assinado pelo representante legal da empresa, dirigido ao &nbsp;&nbsp;&nbsp;&nbsp;&nbsp;&nbsp;Diretor Geral da Ag\u00eancia de Defesa Agropecu\u00e1ria do Estado do Piau\u00ed;<\/p>\n\n\n\n<p>&nbsp;&nbsp;&nbsp;II &#8211; C\u00f3pia do certificado de registro no \u00f3rg\u00e3o federal competente;<\/p>\n\n\n\n<p>\u00a0\u00a0\u00a0III &#8211; C\u00f3pia do modelo de r\u00f3tulo e bula, devidamente aprovados pelo Minist\u00e9rio da Agricultura e Pecu\u00e1ria &#8211; Mapa, Ag\u00eancia Nacional de Vigil\u00e2ncia Sanit\u00e1ria &#8211; Anvisa e Instituto Brasileiro do Meio Ambiente e dos Recursos Naturais Renov\u00e1veis &#8211; Ibama;<\/p>\n\n\n\n<p>&nbsp;&nbsp;&nbsp;IV &#8211; C\u00f3pia do m\u00e9todo de an\u00e1lise de res\u00edduo do produto, por cultura, em papel timbrado, em portugu\u00eas e assinado pelo representante legal da empresa fabricante;<\/p>\n\n\n\n<p>&nbsp;&nbsp;&nbsp;V &#8211; C\u00f3pia do layout do r\u00f3tulo aprovado;<\/p>\n\n\n\n<p>\u00a0\u00a0\u00a0VI &#8211; C\u00f3pia da monografia t\u00e9cnica do ingrediente ativo, autorizado pela Anvisa- Minist\u00e9rio da Sa\u00fade;<\/p>\n\n\n\n<p>\u00a0\u00a0\u00a0VII &#8211; Comprovante de recolhimento do devido pela presta\u00e7\u00e3o de servi\u00e7o de cadastro de agrot\u00f3xicos e afins.<\/p>\n\n\n\n<p><\/p>\n\n\n\n<p>D\u00favidas entrar em contato com o Whatsapp da Adapi 086994621644, coordenador de cadastros de agrot\u00f3xicos Demerval 086988849395 ou coordenador do controle de agrot\u00f3xicos Olavo 086995074181.<\/p>\n","protected":false},"excerpt":{"rendered":"<p>Cadastro de Agrot\u00f3xicos Todo agrot\u00f3xico ou afim destinado ao uso agr\u00edcola, pastagens ou na prote\u00e7\u00e3o de florestas plantadas para ser transportado, armazenado, comercializado e utilizado no Estado do Piau\u00ed deve [&hellip;]<\/p>\n","protected":false},"author":1832,"featured_media":0,"parent":0,"menu_order":0,"comment_status":"closed","ping_status":"closed","template":"template-fullwidth.php","meta":[],"featured_image_urls":{"full":"","thumbnail":"","medium":"","medium_large":"","large":"","sgg-420":"","sgg-540":"","sgg-780":"","1536x1536":"","2048x2048":"","homepage-slider":"","homepage-slider-small":"","page-top":"","page-small":"","loop-main":"","thumb-gallery-widget":""},"post_excerpt_stackable":"<p>T\u00edtuloTamanhoData de Publica\u00e7\u00e3oBaixar Instrucao_Normativa_n__19__de_15_de_fevereiro_de_2002 15.99 KB13-02-2026 BaixarVisualizar Cadastro de Agrot\u00f3xicos Todo agrot\u00f3xico ou afim destinado ao uso agr\u00edcola, pastagens ou na prote\u00e7\u00e3o de florestas plantadas para ser transportado, armazenado, comercializado e utilizado no Estado do Piau\u00ed deve ser cadastrado na Adapi e registrado no Minist\u00e9rio da Agricultura e Pecu\u00e1ria &#8211; Mapa ou Ibama. Documentos necess\u00e1rios: &nbsp;&nbsp;&nbsp;I &#8211; Requerimento assinado pelo representante legal da empresa, dirigido ao &nbsp;&nbsp;&nbsp;&nbsp;&nbsp;&nbsp;Diretor Geral da Ag\u00eancia de Defesa Agropecu\u00e1ria do Estado do Piau\u00ed; &nbsp;&nbsp;&nbsp;II &#8211; C\u00f3pia do certificado de registro no \u00f3rg\u00e3o federal competente; \u00a0\u00a0\u00a0III &#8211; C\u00f3pia do modelo de r\u00f3tulo e bula, devidamente aprovados pelo&hellip;<\/p>\n","category_list":"","author_info":{"name":"ETIPI","url":"https:\/\/portal.pi.gov.br\/adapi\/author\/pallomagualter\/"},"comments_num":"0 coment\u00e1rio","featured_image_urls_v2":{"full":"","thumbnail":"","medium":"","medium_large":"","large":"","sgg-420":"","sgg-540":"","sgg-780":"","1536x1536":"","2048x2048":"","homepage-slider":"","homepage-slider-small":"","page-top":"","page-small":"","loop-main":"","thumb-gallery-widget":""},"post_excerpt_stackable_v2":"<p>T\u00edtuloTamanhoData de Publica\u00e7\u00e3oBaixar Instrucao_Normativa_n__19__de_15_de_fevereiro_de_2002 15.99 KB13-02-2026 BaixarVisualizar Cadastro de Agrot\u00f3xicos Todo agrot\u00f3xico ou afim destinado ao uso agr\u00edcola, pastagens ou na prote\u00e7\u00e3o de florestas plantadas para ser transportado, armazenado, comercializado e utilizado no Estado do Piau\u00ed deve ser cadastrado na Adapi e registrado no Minist\u00e9rio da Agricultura e Pecu\u00e1ria &#8211; Mapa ou Ibama. Documentos necess\u00e1rios: &nbsp;&nbsp;&nbsp;I &#8211; Requerimento assinado pelo representante legal da empresa, dirigido ao &nbsp;&nbsp;&nbsp;&nbsp;&nbsp;&nbsp;Diretor Geral da Ag\u00eancia de Defesa Agropecu\u00e1ria do Estado do Piau\u00ed; &nbsp;&nbsp;&nbsp;II &#8211; C\u00f3pia do certificado de registro no \u00f3rg\u00e3o federal competente; \u00a0\u00a0\u00a0III &#8211; C\u00f3pia do modelo de r\u00f3tulo e bula, devidamente aprovados pelo&hellip;<\/p>\n","category_list_v2":"","author_info_v2":{"name":"ETIPI","url":"https:\/\/portal.pi.gov.br\/adapi\/author\/pallomagualter\/"},"comments_num_v2":"0 coment\u00e1rio","_links":{"self":[{"href":"https:\/\/portal.pi.gov.br\/adapi\/wp-json\/wp\/v2\/pages\/2594"}],"collection":[{"href":"https:\/\/portal.pi.gov.br\/adapi\/wp-json\/wp\/v2\/pages"}],"about":[{"href":"https:\/\/portal.pi.gov.br\/adapi\/wp-json\/wp\/v2\/types\/page"}],"author":[{"embeddable":true,"href":"https:\/\/portal.pi.gov.br\/adapi\/wp-json\/wp\/v2\/users\/1832"}],"replies":[{"embeddable":true,"href":"https:\/\/portal.pi.gov.br\/adapi\/wp-json\/wp\/v2\/comments?post=2594"}],"version-history":[{"count":4,"href":"https:\/\/portal.pi.gov.br\/adapi\/wp-json\/wp\/v2\/pages\/2594\/revisions"}],"predecessor-version":[{"id":4156,"href":"https:\/\/portal.pi.gov.br\/adapi\/wp-json\/wp\/v2\/pages\/2594\/revisions\/4156"}],"wp:attachment":[{"href":"https:\/\/portal.pi.gov.br\/adapi\/wp-json\/wp\/v2\/media?parent=2594"}],"curies":[{"name":"wp","href":"https:\/\/api.w.org\/{rel}","templated":true}]}}