{"id":2596,"date":"2025-03-18T09:32:01","date_gmt":"2025-03-18T12:32:01","guid":{"rendered":"https:\/\/portal.pi.gov.br\/adapi\/?page_id=2596"},"modified":"2025-03-18T12:34:12","modified_gmt":"2025-03-18T15:34:12","slug":"agrotoxicos-permitidos","status":"publish","type":"page","link":"https:\/\/portal.pi.gov.br\/adapi\/agrotoxicos-permitidos\/","title":{"rendered":"Agrot\u00f3xicos Permitidos"},"content":{"rendered":"<script type=\"text\/x-handlebars-template\"        id=\"wpfd-template-table-categories-344\">    <div class=\"wpfd-categories\">{{#if category}}{{#with category}}{{#if parent}}<a class=\"catlink backcategory\" href=\"#\" data-idcat=\"{{parent}}\">                        <i class=\"zmdi zmdi-chevron-left\"><\/i><span>Voltar<\/span><\/a>{{\/if}}{{\/with}}{{\/if}}<\/div><\/script><script type=\"text\/x-handlebars-template\" id=\"wpfd-template-table-344\">    {{#if files}}    {{#each files}}    <tr class=\"file\" data-id=\"{{ID}}\" data-catid=\"{{catid}}\">    <td class=\"file_title\"><a class=\"wpfd_downloadlink\" href=\"{{linkdownload}}\" title=\"{{post_title}}\"><span class=\"extcol\">{{#if file_custom_icon}}<span class=\"icon-custom\"><img src=\"{{file_custom_icon}}\"><\/span>{{else}}<span class=\"ext ext-{{ext}}\"><\/span>{{\/if}}<\/span>{{{crop_title}}}<\/a><\/td><td class=\"file_size\">{{bytesToSize size}}<\/td><td class=\"file_created\">{{created}}<\/td>                    <td class=\"col-download\">                <a class=\"downloadlink wpfd_downloadlink\"  href=\"{{linkdownload}}\" style=\"background-color:#033b85;color:#ffffff;\">Baixar<i class=\"zmdi zmdi-cloud-download wpfd-download\"><\/i><\/a>{{#if openpdflink}}<a class=\"openlink wpfdlightbox wpfd_previewlink\" href=\"{{openpdflink}}\" target=\"\">Visualizar                            <i class=\"zmdi zmdi-filter-center-focus wpfd-preview\"><\/i>                        <\/a>{{else}}{{#if viewerlink}}<a                            href=\"{{viewerlink}}\"                            class=\"openlink wpfdlightbox wpfd_previewlink\"                            target=\"\"                            data-id=\"{{ID}}\"                            data-catid=\"{{catid}}\"                            data-file-type=\"{{ext}}\">Visualizar<i class=\"zmdi zmdi-filter-center-focus wpfd-preview\"><\/i>                        <\/a>{{\/if}}{{\/if}}            <\/td>            <\/tr>    {{\/each}}    {{\/if}}<\/script><div class=\"wpfd-content wpfd-content-table wpfd-content-multi colstyle\" data-category=\"344\"><input type=\"hidden\" id=\"current_category_344\" value=\"344\" \/>                    <input type=\"hidden\" id=\"current_category_slug_344\" value=\"agrotoxicospermitidos\" \/>                    <input type=\"hidden\" id=\"current_ordering_344\" value=\"title\" \/>                    <input type=\"hidden\" id=\"current_ordering_direction_344\" value=\"desc\" \/><div class=\"wpfd-container\">        <div class=\"wpfd-open-tree\"><\/div>    <div class=\"wpfd-container-table \">        <div class=\"wpfd-categories\"><\/div>        <table class=\"wpfd-table wpfd-table-bordered wpfd-table-striped mediaTable\">            <thead>            <tr>                <th class=\"essential persist file_title\">T\u00edtulo<\/th><th class=\"optional file_size\">Tamanho<\/th><th class=\"optional file_created\">Data de Publica\u00e7\u00e3o<\/th><th class=\"essential file_download\">Baixar<\/th>            <\/tr>            <\/thead>            <tbody>                            <tr class=\"file\" data-id=\"4986\"                    data-catid=\"344\">                    <td class=\"file_title\"><a class=\"wpfd_downloadlink\" href=\"https:\/\/portal.pi.gov.br\/adapi\/download\/344\/agrotoxicospermitidos\/4986\/relacao-de-agrotoxico-cadastrados-no-estado-do-piaui-janeiro-2026.pdf\" title=\"Rela\u00e7\u00e3o de agrot\u00f3xico cadastrados no Estado do Piau\u00ed janeiro 2026\"><span class=\"extcol\">                                <span class=\"ext ext-pdf\"><\/span>                                Rela\u00e7\u00e3o de agrot\u00f3xico cadastrados no Estado do Piau\u00ed janeiro 2026                            <\/span><\/a><\/td><td class=\"file_size\">821.85 KB<\/td><td class=\"file_created\">29-01-2026<\/td>                                            <td class=\"col-download\">                            <a class=\"downloadlink wpfd_downloadlink\"  href=\"https:\/\/portal.pi.gov.br\/adapi\/download\/344\/agrotoxicospermitidos\/4986\/relacao-de-agrotoxico-cadastrados-no-estado-do-piaui-janeiro-2026.pdf\" style=\"background-color:#033b85;color:#ffffff;\">Baixar<i class=\"zmdi zmdi-cloud-download wpfd-download\"><\/i><\/a><a                            href=\"https:\/\/docs.google.com\/viewer?url=https%3A%2F%2Fportal.pi.gov.br%2Fadapi%2Fwp-admin%2Fadmin-ajax.php%3Fjuwpfisadmin%3Dfalse%26action%3Dwpfd%26task%3Dfile.download%26wpfd_category_id%3D344%26wpfd_file_id%3D4986%26token%3D%26preview%3D1&#038;embedded=true\"                            class=\"openlink wpfdlightbox wpfd_previewlink\"                            target=\"\"                            data-id=\"4986\"                            data-catid=\"344\"                            data-file-type=\"pdf\">Visualizar<i class=\"zmdi zmdi-filter-center-focus wpfd-preview\"><\/i>                        <\/a>                        <\/td>                                    <\/tr>                            <tr class=\"file\" data-id=\"2852\"                    data-catid=\"344\">                    <td class=\"file_title\"><a class=\"wpfd_downloadlink\" href=\"https:\/\/portal.pi.gov.br\/adapi\/download\/344\/agrotoxicospermitidos\/2852\/nota-tecnica-proibicao-do-comercio-de-carbendazin.pdf\" title=\"Nota T\u00e9cnica proibi\u00e7\u00e3o do com\u00e9rcio de Carbendazin\"><span class=\"extcol\">                                <span class=\"ext ext-pdf\"><\/span>                                Nota T\u00e9cnica proibi\u00e7\u00e3o do com\u00e9rcio de Carbendazin                            <\/span><\/a><\/td><td class=\"file_size\">1.87 MB<\/td><td class=\"file_created\">22-04-2025<\/td>                                            <td class=\"col-download\">                            <a class=\"downloadlink wpfd_downloadlink\"  href=\"https:\/\/portal.pi.gov.br\/adapi\/download\/344\/agrotoxicospermitidos\/2852\/nota-tecnica-proibicao-do-comercio-de-carbendazin.pdf\" style=\"background-color:#033b85;color:#ffffff;\">Baixar<i class=\"zmdi zmdi-cloud-download wpfd-download\"><\/i><\/a><a                            href=\"https:\/\/docs.google.com\/viewer?url=https%3A%2F%2Fportal.pi.gov.br%2Fadapi%2Fwp-admin%2Fadmin-ajax.php%3Fjuwpfisadmin%3Dfalse%26action%3Dwpfd%26task%3Dfile.download%26wpfd_category_id%3D344%26wpfd_file_id%3D2852%26token%3D%26preview%3D1&#038;embedded=true\"                            class=\"openlink wpfdlightbox wpfd_previewlink\"                            target=\"\"                            data-id=\"2852\"                            data-catid=\"344\"                            data-file-type=\"pdf\">Visualizar<i class=\"zmdi zmdi-filter-center-focus wpfd-preview\"><\/i>                        <\/a>                        <\/td>                                    <\/tr>                            <tr class=\"file\" data-id=\"3239\"                    data-catid=\"344\">                    <td class=\"file_title\"><a class=\"wpfd_downloadlink\" href=\"https:\/\/portal.pi.gov.br\/adapi\/download\/344\/agrotoxicospermitidos\/3239\/instrucao-normativa-n-19-de-15-de-fevereiro-de-2002.pdf\" title=\"Instru\u00e7\u00e3o Normativa N\u00b0 19, de 15 de fevereiro de 2002\"><span class=\"extcol\">                                <span class=\"ext ext-pdf\"><\/span>                                Instru\u00e7\u00e3o Normativa N\u00b0 19, de 15 de fevereiro de 2002                            <\/span><\/a><\/td><td class=\"file_size\">15.99 KB<\/td><td class=\"file_created\">23-04-2025<\/td>                                            <td class=\"col-download\">                            <a class=\"downloadlink wpfd_downloadlink\"  href=\"https:\/\/portal.pi.gov.br\/adapi\/download\/344\/agrotoxicospermitidos\/3239\/instrucao-normativa-n-19-de-15-de-fevereiro-de-2002.pdf\" style=\"background-color:#033b85;color:#ffffff;\">Baixar<i class=\"zmdi zmdi-cloud-download wpfd-download\"><\/i><\/a><a                            href=\"https:\/\/docs.google.com\/viewer?url=https%3A%2F%2Fportal.pi.gov.br%2Fadapi%2Fwp-admin%2Fadmin-ajax.php%3Fjuwpfisadmin%3Dfalse%26action%3Dwpfd%26task%3Dfile.download%26wpfd_category_id%3D344%26wpfd_file_id%3D3239%26token%3D%26preview%3D1&#038;embedded=true\"                            class=\"openlink wpfdlightbox wpfd_previewlink\"                            target=\"\"                            data-id=\"3239\"                            data-catid=\"344\"                            data-file-type=\"pdf\">Visualizar<i class=\"zmdi zmdi-filter-center-focus wpfd-preview\"><\/i>                        <\/a>                        <\/td>                                    <\/tr>                            <tr class=\"file\" data-id=\"3201\"                    data-catid=\"344\">                    <td class=\"file_title\"><a class=\"wpfd_downloadlink\" href=\"https:\/\/portal.pi.gov.br\/adapi\/download\/344\/agrotoxicospermitidos\/3201\/instrucao-normativa-n-6-de-09-de-marco-de-2004.pdf\" title=\"Instru\u00e7\u00e3o Normativa N\u00b0 6, de 09 de mar\u00e7o de 2004\"><span class=\"extcol\">                                <span class=\"ext ext-pdf\"><\/span>                                Instru\u00e7\u00e3o Normativa N\u00b0 6, de 09 de mar\u00e7o de 2004                            <\/span><\/a><\/td><td class=\"file_size\">13.35 KB<\/td><td class=\"file_created\">23-04-2025<\/td>                                            <td class=\"col-download\">                            <a class=\"downloadlink wpfd_downloadlink\"  href=\"https:\/\/portal.pi.gov.br\/adapi\/download\/344\/agrotoxicospermitidos\/3201\/instrucao-normativa-n-6-de-09-de-marco-de-2004.pdf\" style=\"background-color:#033b85;color:#ffffff;\">Baixar<i class=\"zmdi zmdi-cloud-download wpfd-download\"><\/i><\/a><a                            href=\"https:\/\/docs.google.com\/viewer?url=https%3A%2F%2Fportal.pi.gov.br%2Fadapi%2Fwp-admin%2Fadmin-ajax.php%3Fjuwpfisadmin%3Dfalse%26action%3Dwpfd%26task%3Dfile.download%26wpfd_category_id%3D344%26wpfd_file_id%3D3201%26token%3D%26preview%3D1&#038;embedded=true\"                            class=\"openlink wpfdlightbox wpfd_previewlink\"                            target=\"\"                            data-id=\"3201\"                            data-catid=\"344\"                            data-file-type=\"pdf\">Visualizar<i class=\"zmdi zmdi-filter-center-focus wpfd-preview\"><\/i>                        <\/a>                        <\/td>                                    <\/tr>                        <\/tbody>        <\/table>            <\/div><\/div><\/div>\n","protected":false},"excerpt":{"rendered":"","protected":false},"author":1832,"featured_media":0,"parent":0,"menu_order":0,"comment_status":"closed","ping_status":"closed","template":"template-fullwidth.php","meta":[],"featured_image_urls":{"full":"","thumbnail":"","medium":"","medium_large":"","large":"","sgg-420":"","sgg-540":"","sgg-780":"","1536x1536":"","2048x2048":"","homepage-slider":"","homepage-slider-small":"","page-top":"","page-small":"","loop-main":"","thumb-gallery-widget":""},"post_excerpt_stackable":"<p>T\u00edtuloTamanhoData de Publica\u00e7\u00e3oBaixar Rela\u00e7\u00e3o de agrot\u00f3xico cadastrados no Estado do Piau\u00ed janeiro 2026 821.85 KB29-01-2026 BaixarVisualizar Nota T\u00e9cnica proibi\u00e7\u00e3o do com\u00e9rcio de Carbendazin 1.87 MB22-04-2025 BaixarVisualizar Instru\u00e7\u00e3o Normativa N\u00b0 19, de 15 de fevereiro de 2002 15.99 KB23-04-2025 BaixarVisualizar Instru\u00e7\u00e3o Normativa N\u00b0 6, de 09 de mar\u00e7o de 2004 13.35 KB23-04-2025 BaixarVisualizar<\/p>\n","category_list":"","author_info":{"name":"ETIPI","url":"https:\/\/portal.pi.gov.br\/adapi\/author\/pallomagualter\/"},"comments_num":"0 coment\u00e1rio","featured_image_urls_v2":{"full":"","thumbnail":"","medium":"","medium_large":"","large":"","sgg-420":"","sgg-540":"","sgg-780":"","1536x1536":"","2048x2048":"","homepage-slider":"","homepage-slider-small":"","page-top":"","page-small":"","loop-main":"","thumb-gallery-widget":""},"post_excerpt_stackable_v2":"<p>T\u00edtuloTamanhoData de Publica\u00e7\u00e3oBaixar Rela\u00e7\u00e3o de agrot\u00f3xico cadastrados no Estado do Piau\u00ed janeiro 2026 821.85 KB29-01-2026 BaixarVisualizar Nota T\u00e9cnica proibi\u00e7\u00e3o do com\u00e9rcio de Carbendazin 1.87 MB22-04-2025 BaixarVisualizar Instru\u00e7\u00e3o Normativa N\u00b0 19, de 15 de fevereiro de 2002 15.99 KB23-04-2025 BaixarVisualizar Instru\u00e7\u00e3o Normativa N\u00b0 6, de 09 de mar\u00e7o de 2004 13.35 KB23-04-2025 BaixarVisualizar<\/p>\n","category_list_v2":"","author_info_v2":{"name":"ETIPI","url":"https:\/\/portal.pi.gov.br\/adapi\/author\/pallomagualter\/"},"comments_num_v2":"0 coment\u00e1rio","_links":{"self":[{"href":"https:\/\/portal.pi.gov.br\/adapi\/wp-json\/wp\/v2\/pages\/2596"}],"collection":[{"href":"https:\/\/portal.pi.gov.br\/adapi\/wp-json\/wp\/v2\/pages"}],"about":[{"href":"https:\/\/portal.pi.gov.br\/adapi\/wp-json\/wp\/v2\/types\/page"}],"author":[{"embeddable":true,"href":"https:\/\/portal.pi.gov.br\/adapi\/wp-json\/wp\/v2\/users\/1832"}],"replies":[{"embeddable":true,"href":"https:\/\/portal.pi.gov.br\/adapi\/wp-json\/wp\/v2\/comments?post=2596"}],"version-history":[{"count":2,"href":"https:\/\/portal.pi.gov.br\/adapi\/wp-json\/wp\/v2\/pages\/2596\/revisions"}],"predecessor-version":[{"id":2672,"href":"https:\/\/portal.pi.gov.br\/adapi\/wp-json\/wp\/v2\/pages\/2596\/revisions\/2672"}],"wp:attachment":[{"href":"https:\/\/portal.pi.gov.br\/adapi\/wp-json\/wp\/v2\/media?parent=2596"}],"curies":[{"name":"wp","href":"https:\/\/api.w.org\/{rel}","templated":true}]}}