{"id":2602,"date":"2025-03-18T09:33:38","date_gmt":"2025-03-18T12:33:38","guid":{"rendered":"https:\/\/portal.pi.gov.br\/adapi\/?page_id=2602"},"modified":"2025-09-04T10:21:35","modified_gmt":"2025-09-04T13:21:35","slug":"agrotoxicos-embalagens-vazias","status":"publish","type":"page","link":"https:\/\/portal.pi.gov.br\/adapi\/agrotoxicos-embalagens-vazias\/","title":{"rendered":"Embalagens Vazias"},"content":{"rendered":"\n<p><strong>Destino das embalagens vazias<\/strong><\/p>\n\n\n\n<p>O estabelecimento que comercializa agrot\u00f3xico, componentes e afins deve estar credenciado a uma central ou posto de recebimento de embalagens vazias licenciado no \u00f3rg\u00e3o estadual do meio ambiente e situado em local cujo acesso n\u00e3o dificulte a devolu\u00e7\u00e3o pelos usu\u00e1rios.&nbsp;<\/p>\n\n\n\n<p><strong>Tr\u00edplice Lavagem\u00a0<br><\/strong><br>Ap\u00f3s a utiliza\u00e7\u00e3o do agrot\u00f3xico a embalagem deve ser lavada tr\u00eas vezes (tr\u00edplice lavagem), inutilizada e armazenada em local apropriado e devolvidas, no prazo de 1 ano, ao estabelecimento onde foi adquirido.<\/p>\n\n\n\n<p><\/p>\n\n\n\n<figure class=\"wp-block-image size-full is-resized\"><img decoding=\"async\" loading=\"lazy\" src=\"https:\/\/portal.pi.gov.br\/adapi\/wp-content\/uploads\/sites\/103\/2025\/09\/lavagem.jpg\" alt=\"\" class=\"wp-image-4158\" width=\"840\" height=\"280\" srcset=\"https:\/\/portal.pi.gov.br\/adapi\/wp-content\/uploads\/sites\/103\/2025\/09\/lavagem.jpg 984w, https:\/\/portal.pi.gov.br\/adapi\/wp-content\/uploads\/sites\/103\/2025\/09\/lavagem-300x100.jpg 300w, https:\/\/portal.pi.gov.br\/adapi\/wp-content\/uploads\/sites\/103\/2025\/09\/lavagem-768x256.jpg 768w, https:\/\/portal.pi.gov.br\/adapi\/wp-content\/uploads\/sites\/103\/2025\/09\/lavagem-420x140.jpg 420w, https:\/\/portal.pi.gov.br\/adapi\/wp-content\/uploads\/sites\/103\/2025\/09\/lavagem-540x180.jpg 540w, https:\/\/portal.pi.gov.br\/adapi\/wp-content\/uploads\/sites\/103\/2025\/09\/lavagem-780x260.jpg 780w, https:\/\/portal.pi.gov.br\/adapi\/wp-content\/uploads\/sites\/103\/2025\/09\/lavagem-947x316.jpg 947w, https:\/\/portal.pi.gov.br\/adapi\/wp-content\/uploads\/sites\/103\/2025\/09\/lavagem-624x208.jpg 624w\" sizes=\"(max-width: 840px) 100vw, 840px\" \/><\/figure>\n\n\n\n<figure class=\"wp-block-image size-large\"><img decoding=\"async\" loading=\"lazy\" width=\"1024\" height=\"329\" src=\"https:\/\/portal.pi.gov.br\/adapi\/wp-content\/uploads\/sites\/103\/2025\/09\/Design-sem-nome-9-1024x329.png\" alt=\"\" class=\"wp-image-4159\" srcset=\"https:\/\/portal.pi.gov.br\/adapi\/wp-content\/uploads\/sites\/103\/2025\/09\/Design-sem-nome-9-1024x329.png 1024w, https:\/\/portal.pi.gov.br\/adapi\/wp-content\/uploads\/sites\/103\/2025\/09\/Design-sem-nome-9-300x96.png 300w, https:\/\/portal.pi.gov.br\/adapi\/wp-content\/uploads\/sites\/103\/2025\/09\/Design-sem-nome-9-768x246.png 768w, https:\/\/portal.pi.gov.br\/adapi\/wp-content\/uploads\/sites\/103\/2025\/09\/Design-sem-nome-9-420x135.png 420w, https:\/\/portal.pi.gov.br\/adapi\/wp-content\/uploads\/sites\/103\/2025\/09\/Design-sem-nome-9-540x173.png 540w, https:\/\/portal.pi.gov.br\/adapi\/wp-content\/uploads\/sites\/103\/2025\/09\/Design-sem-nome-9-780x250.png 780w, https:\/\/portal.pi.gov.br\/adapi\/wp-content\/uploads\/sites\/103\/2025\/09\/Design-sem-nome-9-1536x493.png 1536w, https:\/\/portal.pi.gov.br\/adapi\/wp-content\/uploads\/sites\/103\/2025\/09\/Design-sem-nome-9-947x304.png 947w, https:\/\/portal.pi.gov.br\/adapi\/wp-content\/uploads\/sites\/103\/2025\/09\/Design-sem-nome-9-624x200.png 624w, https:\/\/portal.pi.gov.br\/adapi\/wp-content\/uploads\/sites\/103\/2025\/09\/Design-sem-nome-9.png 1589w\" sizes=\"(max-width: 1024px) 100vw, 1024px\" \/><\/figure>\n\n\n\n<figure class=\"wp-block-image size-full\"><img decoding=\"async\" loading=\"lazy\" width=\"873\" height=\"527\" src=\"https:\/\/portal.pi.gov.br\/adapi\/wp-content\/uploads\/sites\/103\/2025\/09\/Design-sem-nome-10.png\" alt=\"\" class=\"wp-image-4160\" srcset=\"https:\/\/portal.pi.gov.br\/adapi\/wp-content\/uploads\/sites\/103\/2025\/09\/Design-sem-nome-10.png 873w, https:\/\/portal.pi.gov.br\/adapi\/wp-content\/uploads\/sites\/103\/2025\/09\/Design-sem-nome-10-300x181.png 300w, https:\/\/portal.pi.gov.br\/adapi\/wp-content\/uploads\/sites\/103\/2025\/09\/Design-sem-nome-10-768x464.png 768w, https:\/\/portal.pi.gov.br\/adapi\/wp-content\/uploads\/sites\/103\/2025\/09\/Design-sem-nome-10-420x254.png 420w, https:\/\/portal.pi.gov.br\/adapi\/wp-content\/uploads\/sites\/103\/2025\/09\/Design-sem-nome-10-540x326.png 540w, https:\/\/portal.pi.gov.br\/adapi\/wp-content\/uploads\/sites\/103\/2025\/09\/Design-sem-nome-10-780x471.png 780w, https:\/\/portal.pi.gov.br\/adapi\/wp-content\/uploads\/sites\/103\/2025\/09\/Design-sem-nome-10-624x377.png 624w\" sizes=\"(max-width: 873px) 100vw, 873px\" \/><\/figure>\n","protected":false},"excerpt":{"rendered":"<p>Destino das embalagens vazias O estabelecimento que comercializa agrot\u00f3xico, componentes e afins deve estar credenciado a uma central ou posto de recebimento de embalagens vazias licenciado no \u00f3rg\u00e3o estadual do [&hellip;]<\/p>\n","protected":false},"author":1832,"featured_media":0,"parent":0,"menu_order":0,"comment_status":"closed","ping_status":"closed","template":"template-fullwidth.php","meta":[],"featured_image_urls":{"full":"","thumbnail":"","medium":"","medium_large":"","large":"","sgg-420":"","sgg-540":"","sgg-780":"","1536x1536":"","2048x2048":"","homepage-slider":"","homepage-slider-small":"","page-top":"","page-small":"","loop-main":"","thumb-gallery-widget":""},"post_excerpt_stackable":"<p>Destino das embalagens vazias O estabelecimento que comercializa agrot\u00f3xico, componentes e afins deve estar credenciado a uma central ou posto de recebimento de embalagens vazias licenciado no \u00f3rg\u00e3o estadual do meio ambiente e situado em local cujo acesso n\u00e3o dificulte a devolu\u00e7\u00e3o pelos usu\u00e1rios.&nbsp; Tr\u00edplice Lavagem\u00a0Ap\u00f3s a utiliza\u00e7\u00e3o do agrot\u00f3xico a embalagem deve ser lavada tr\u00eas vezes (tr\u00edplice lavagem), inutilizada e armazenada em local apropriado e devolvidas, no prazo de 1 ano, ao estabelecimento onde foi adquirido.<\/p>\n","category_list":"","author_info":{"name":"ETIPI","url":"https:\/\/portal.pi.gov.br\/adapi\/author\/pallomagualter\/"},"comments_num":"0 coment\u00e1rio","featured_image_urls_v2":{"full":"","thumbnail":"","medium":"","medium_large":"","large":"","sgg-420":"","sgg-540":"","sgg-780":"","1536x1536":"","2048x2048":"","homepage-slider":"","homepage-slider-small":"","page-top":"","page-small":"","loop-main":"","thumb-gallery-widget":""},"post_excerpt_stackable_v2":"<p>Destino das embalagens vazias O estabelecimento que comercializa agrot\u00f3xico, componentes e afins deve estar credenciado a uma central ou posto de recebimento de embalagens vazias licenciado no \u00f3rg\u00e3o estadual do meio ambiente e situado em local cujo acesso n\u00e3o dificulte a devolu\u00e7\u00e3o pelos usu\u00e1rios.&nbsp; Tr\u00edplice Lavagem\u00a0Ap\u00f3s a utiliza\u00e7\u00e3o do agrot\u00f3xico a embalagem deve ser lavada tr\u00eas vezes (tr\u00edplice lavagem), inutilizada e armazenada em local apropriado e devolvidas, no prazo de 1 ano, ao estabelecimento onde foi adquirido.<\/p>\n","category_list_v2":"","author_info_v2":{"name":"ETIPI","url":"https:\/\/portal.pi.gov.br\/adapi\/author\/pallomagualter\/"},"comments_num_v2":"0 coment\u00e1rio","_links":{"self":[{"href":"https:\/\/portal.pi.gov.br\/adapi\/wp-json\/wp\/v2\/pages\/2602"}],"collection":[{"href":"https:\/\/portal.pi.gov.br\/adapi\/wp-json\/wp\/v2\/pages"}],"about":[{"href":"https:\/\/portal.pi.gov.br\/adapi\/wp-json\/wp\/v2\/types\/page"}],"author":[{"embeddable":true,"href":"https:\/\/portal.pi.gov.br\/adapi\/wp-json\/wp\/v2\/users\/1832"}],"replies":[{"embeddable":true,"href":"https:\/\/portal.pi.gov.br\/adapi\/wp-json\/wp\/v2\/comments?post=2602"}],"version-history":[{"count":3,"href":"https:\/\/portal.pi.gov.br\/adapi\/wp-json\/wp\/v2\/pages\/2602\/revisions"}],"predecessor-version":[{"id":4161,"href":"https:\/\/portal.pi.gov.br\/adapi\/wp-json\/wp\/v2\/pages\/2602\/revisions\/4161"}],"wp:attachment":[{"href":"https:\/\/portal.pi.gov.br\/adapi\/wp-json\/wp\/v2\/media?parent=2602"}],"curies":[{"name":"wp","href":"https:\/\/api.w.org\/{rel}","templated":true}]}}