{"id":2612,"date":"2025-03-18T09:37:21","date_gmt":"2025-03-18T12:37:21","guid":{"rendered":"https:\/\/portal.pi.gov.br\/adapi\/?page_id=2612"},"modified":"2025-03-18T11:33:21","modified_gmt":"2025-03-18T14:33:21","slug":"inspecao-manual-do-industrial","status":"publish","type":"page","link":"https:\/\/portal.pi.gov.br\/adapi\/inspecao-manual-do-industrial\/","title":{"rendered":"Manual do Industrial"},"content":{"rendered":"<script type=\"text\/x-handlebars-template\"        id=\"wpfd-template-table-categories-349\">    <div class=\"wpfd-categories\">{{#if category}}{{#with category}}{{#if parent}}<a class=\"catlink backcategory\" href=\"#\" data-idcat=\"{{parent}}\">                        <i class=\"zmdi zmdi-chevron-left\"><\/i><span>Voltar<\/span><\/a>{{\/if}}{{\/with}}{{\/if}}<\/div><\/script><script type=\"text\/x-handlebars-template\" id=\"wpfd-template-table-349\">    {{#if files}}    {{#each files}}    <tr class=\"file\" data-id=\"{{ID}}\" data-catid=\"{{catid}}\">    <td class=\"file_title\"><a class=\"wpfd_downloadlink\" href=\"{{linkdownload}}\" title=\"{{post_title}}\"><span class=\"extcol\">{{#if file_custom_icon}}<span class=\"icon-custom\"><img src=\"{{file_custom_icon}}\"><\/span>{{else}}<span class=\"ext ext-{{ext}}\"><\/span>{{\/if}}<\/span>{{{crop_title}}}<\/a><\/td><td class=\"file_size\">{{bytesToSize size}}<\/td><td class=\"file_created\">{{created}}<\/td>                    <td class=\"col-download\">                <a class=\"downloadlink wpfd_downloadlink\"  href=\"{{linkdownload}}\" style=\"background-color:#033b85;color:#ffffff;\">Baixar<i class=\"zmdi zmdi-cloud-download wpfd-download\"><\/i><\/a>{{#if openpdflink}}<a class=\"openlink wpfdlightbox wpfd_previewlink\" href=\"{{openpdflink}}\" target=\"\">Visualizar                            <i class=\"zmdi zmdi-filter-center-focus wpfd-preview\"><\/i>                        <\/a>{{else}}{{#if viewerlink}}<a                            href=\"{{viewerlink}}\"                            class=\"openlink wpfdlightbox wpfd_previewlink\"                            target=\"\"                            data-id=\"{{ID}}\"                            data-catid=\"{{catid}}\"                            data-file-type=\"{{ext}}\">Visualizar<i class=\"zmdi zmdi-filter-center-focus wpfd-preview\"><\/i>                        <\/a>{{\/if}}{{\/if}}            <\/td>            <\/tr>    {{\/each}}    {{\/if}}<\/script><div class=\"wpfd-content wpfd-content-table wpfd-content-multi colstyle\" data-category=\"349\"><input type=\"hidden\" id=\"current_category_349\" value=\"349\" \/>                    <input type=\"hidden\" id=\"current_category_slug_349\" value=\"inspecaomanualindust\" \/>                    <input type=\"hidden\" id=\"current_ordering_349\" value=\"title\" \/>                    <input type=\"hidden\" id=\"current_ordering_direction_349\" value=\"desc\" \/><div class=\"wpfd-container\">        <div class=\"wpfd-open-tree\"><\/div>    <div class=\"wpfd-container-table \">        <div class=\"wpfd-categories\"><\/div>        <table class=\"wpfd-table wpfd-table-bordered wpfd-table-striped mediaTable\">            <thead>            <tr>                <th class=\"essential persist file_title\">T\u00edtulo<\/th><th class=\"optional file_size\">Tamanho<\/th><th class=\"optional file_created\">Data de Publica\u00e7\u00e3o<\/th><th class=\"essential file_download\">Baixar<\/th>            <\/tr>            <\/thead>            <tbody>                            <tr class=\"file\" data-id=\"2849\"                    data-catid=\"349\">                    <td class=\"file_title\"><a class=\"wpfd_downloadlink\" href=\"https:\/\/portal.pi.gov.br\/adapi\/download\/349\/inspecaomanualindust\/2849\/termo-de-compromisso-para-registro.pdf\" title=\"Termo de Compromisso para registro\"><span class=\"extcol\">                                <span class=\"ext ext-pdf\"><\/span>                                Termo de Compromisso para registro                            <\/span><\/a><\/td><td class=\"file_size\">64.40 KB<\/td><td class=\"file_created\">22-04-2025<\/td>                                            <td class=\"col-download\">                            <a class=\"downloadlink wpfd_downloadlink\"  href=\"https:\/\/portal.pi.gov.br\/adapi\/download\/349\/inspecaomanualindust\/2849\/termo-de-compromisso-para-registro.pdf\" style=\"background-color:#033b85;color:#ffffff;\">Baixar<i class=\"zmdi zmdi-cloud-download wpfd-download\"><\/i><\/a><a                            href=\"https:\/\/docs.google.com\/viewer?url=https%3A%2F%2Fportal.pi.gov.br%2Fadapi%2Fwp-admin%2Fadmin-ajax.php%3Fjuwpfisadmin%3Dfalse%26action%3Dwpfd%26task%3Dfile.download%26wpfd_category_id%3D349%26wpfd_file_id%3D2849%26token%3D%26preview%3D1&#038;embedded=true\"                            class=\"openlink wpfdlightbox wpfd_previewlink\"                            target=\"\"                            data-id=\"2849\"                            data-catid=\"349\"                            data-file-type=\"pdf\">Visualizar<i class=\"zmdi zmdi-filter-center-focus wpfd-preview\"><\/i>                        <\/a>                        <\/td>                                    <\/tr>                            <tr class=\"file\" data-id=\"2848\"                    data-catid=\"349\">                    <td class=\"file_title\"><a class=\"wpfd_downloadlink\" href=\"https:\/\/portal.pi.gov.br\/adapi\/download\/349\/inspecaomanualindust\/2848\/solicitacao-de-suspensao-cancelamento-de-registro.pdf\" title=\"Solicita\u00e7\u00e3o de Suspens\u00e3o - Cancelamento de Registro\"><span class=\"extcol\">                                <span class=\"ext ext-pdf\"><\/span>                                Solicita\u00e7\u00e3o de Suspens\u00e3o - Cancelamento de Registro                            <\/span><\/a><\/td><td class=\"file_size\">61.90 KB<\/td><td class=\"file_created\">22-04-2025<\/td>                                            <td class=\"col-download\">                            <a class=\"downloadlink wpfd_downloadlink\"  href=\"https:\/\/portal.pi.gov.br\/adapi\/download\/349\/inspecaomanualindust\/2848\/solicitacao-de-suspensao-cancelamento-de-registro.pdf\" style=\"background-color:#033b85;color:#ffffff;\">Baixar<i class=\"zmdi zmdi-cloud-download wpfd-download\"><\/i><\/a><a                            href=\"https:\/\/docs.google.com\/viewer?url=https%3A%2F%2Fportal.pi.gov.br%2Fadapi%2Fwp-admin%2Fadmin-ajax.php%3Fjuwpfisadmin%3Dfalse%26action%3Dwpfd%26task%3Dfile.download%26wpfd_category_id%3D349%26wpfd_file_id%3D2848%26token%3D%26preview%3D1&#038;embedded=true\"                            class=\"openlink wpfdlightbox wpfd_previewlink\"                            target=\"\"                            data-id=\"2848\"                            data-catid=\"349\"                            data-file-type=\"pdf\">Visualizar<i class=\"zmdi zmdi-filter-center-focus wpfd-preview\"><\/i>                        <\/a>                        <\/td>                                    <\/tr>                            <tr class=\"file\" data-id=\"2847\"                    data-catid=\"349\">                    <td class=\"file_title\"><a class=\"wpfd_downloadlink\" href=\"https:\/\/portal.pi.gov.br\/adapi\/download\/349\/inspecaomanualindust\/2847\/requerimento-de-solicitacao-do-sie.pdf\" title=\"Requerimento de Solicita\u00e7\u00e3o do SIE\"><span class=\"extcol\">                                <span class=\"ext ext-pdf\"><\/span>                                Requerimento de Solicita\u00e7\u00e3o do SIE                            <\/span><\/a><\/td><td class=\"file_size\">125.39 KB<\/td><td class=\"file_created\">22-04-2025<\/td>                                            <td class=\"col-download\">                            <a class=\"downloadlink wpfd_downloadlink\"  href=\"https:\/\/portal.pi.gov.br\/adapi\/download\/349\/inspecaomanualindust\/2847\/requerimento-de-solicitacao-do-sie.pdf\" style=\"background-color:#033b85;color:#ffffff;\">Baixar<i class=\"zmdi zmdi-cloud-download wpfd-download\"><\/i><\/a><a                            href=\"https:\/\/docs.google.com\/viewer?url=https%3A%2F%2Fportal.pi.gov.br%2Fadapi%2Fwp-admin%2Fadmin-ajax.php%3Fjuwpfisadmin%3Dfalse%26action%3Dwpfd%26task%3Dfile.download%26wpfd_category_id%3D349%26wpfd_file_id%3D2847%26token%3D%26preview%3D1&#038;embedded=true\"                            class=\"openlink wpfdlightbox wpfd_previewlink\"                            target=\"\"                            data-id=\"2847\"                            data-catid=\"349\"                            data-file-type=\"pdf\">Visualizar<i class=\"zmdi zmdi-filter-center-focus wpfd-preview\"><\/i>                        <\/a>                        <\/td>                                    <\/tr>                            <tr class=\"file\" data-id=\"2846\"                    data-catid=\"349\">                    <td class=\"file_title\"><a class=\"wpfd_downloadlink\" href=\"https:\/\/portal.pi.gov.br\/adapi\/download\/349\/inspecaomanualindust\/2846\/requerimento-de-analise-de-rotulagem.pdf\" title=\"Requerimento de An\u00e1lise de Rotulagem\"><span class=\"extcol\">                                <span class=\"ext ext-pdf\"><\/span>                                Requerimento de An\u00e1lise de Rotulagem                            <\/span><\/a><\/td><td class=\"file_size\">134.50 KB<\/td><td class=\"file_created\">22-04-2025<\/td>                                            <td class=\"col-download\">                            <a class=\"downloadlink wpfd_downloadlink\"  href=\"https:\/\/portal.pi.gov.br\/adapi\/download\/349\/inspecaomanualindust\/2846\/requerimento-de-analise-de-rotulagem.pdf\" style=\"background-color:#033b85;color:#ffffff;\">Baixar<i class=\"zmdi zmdi-cloud-download wpfd-download\"><\/i><\/a><a                            href=\"https:\/\/docs.google.com\/viewer?url=https%3A%2F%2Fportal.pi.gov.br%2Fadapi%2Fwp-admin%2Fadmin-ajax.php%3Fjuwpfisadmin%3Dfalse%26action%3Dwpfd%26task%3Dfile.download%26wpfd_category_id%3D349%26wpfd_file_id%3D2846%26token%3D%26preview%3D1&#038;embedded=true\"                            class=\"openlink wpfdlightbox wpfd_previewlink\"                            target=\"\"                            data-id=\"2846\"                            data-catid=\"349\"                            data-file-type=\"pdf\">Visualizar<i class=\"zmdi zmdi-filter-center-focus wpfd-preview\"><\/i>                        <\/a>                        <\/td>                                    <\/tr>                            <tr class=\"file\" data-id=\"2845\"                    data-catid=\"349\">                    <td class=\"file_title\"><a class=\"wpfd_downloadlink\" href=\"https:\/\/portal.pi.gov.br\/adapi\/download\/349\/inspecaomanualindust\/2845\/requerimento-de-alteracao-documental.pdf\" title=\"Requerimento de Altera\u00e7\u00e3o documental\"><span class=\"extcol\">                                <span class=\"ext ext-pdf\"><\/span>                                Requerimento de Altera\u00e7\u00e3o documental                            <\/span><\/a><\/td><td class=\"file_size\">17.57 KB<\/td><td class=\"file_created\">22-04-2025<\/td>                                            <td class=\"col-download\">                            <a class=\"downloadlink wpfd_downloadlink\"  href=\"https:\/\/portal.pi.gov.br\/adapi\/download\/349\/inspecaomanualindust\/2845\/requerimento-de-alteracao-documental.pdf\" style=\"background-color:#033b85;color:#ffffff;\">Baixar<i class=\"zmdi zmdi-cloud-download wpfd-download\"><\/i><\/a><a                            href=\"https:\/\/docs.google.com\/viewer?url=https%3A%2F%2Fportal.pi.gov.br%2Fadapi%2Fwp-admin%2Fadmin-ajax.php%3Fjuwpfisadmin%3Dfalse%26action%3Dwpfd%26task%3Dfile.download%26wpfd_category_id%3D349%26wpfd_file_id%3D2845%26token%3D%26preview%3D1&#038;embedded=true\"                            class=\"openlink wpfdlightbox wpfd_previewlink\"                            target=\"\"                            data-id=\"2845\"                            data-catid=\"349\"                            data-file-type=\"pdf\">Visualizar<i class=\"zmdi zmdi-filter-center-focus wpfd-preview\"><\/i>                        <\/a>                        <\/td>                                    <\/tr>                            <tr class=\"file\" data-id=\"2844\"                    data-catid=\"349\">                    <td class=\"file_title\"><a class=\"wpfd_downloadlink\" href=\"https:\/\/portal.pi.gov.br\/adapi\/download\/349\/inspecaomanualindust\/2844\/memoril-descritivo-de-construcao-e-reforma.pdf\" title=\"Memoril Descritivo de Constru\u00e7\u00e3o e Reforma\"><span class=\"extcol\">                                <span class=\"ext ext-pdf\"><\/span>                                Memoril Descritivo de Constru\u00e7\u00e3o e Reforma                            <\/span><\/a><\/td><td class=\"file_size\">202.61 KB<\/td><td class=\"file_created\">22-04-2025<\/td>                                            <td class=\"col-download\">                            <a class=\"downloadlink wpfd_downloadlink\"  href=\"https:\/\/portal.pi.gov.br\/adapi\/download\/349\/inspecaomanualindust\/2844\/memoril-descritivo-de-construcao-e-reforma.pdf\" style=\"background-color:#033b85;color:#ffffff;\">Baixar<i class=\"zmdi zmdi-cloud-download wpfd-download\"><\/i><\/a><a                            href=\"https:\/\/docs.google.com\/viewer?url=https%3A%2F%2Fportal.pi.gov.br%2Fadapi%2Fwp-admin%2Fadmin-ajax.php%3Fjuwpfisadmin%3Dfalse%26action%3Dwpfd%26task%3Dfile.download%26wpfd_category_id%3D349%26wpfd_file_id%3D2844%26token%3D%26preview%3D1&#038;embedded=true\"                            class=\"openlink wpfdlightbox wpfd_previewlink\"                            target=\"\"                            data-id=\"2844\"                            data-catid=\"349\"                            data-file-type=\"pdf\">Visualizar<i class=\"zmdi zmdi-filter-center-focus wpfd-preview\"><\/i>                        <\/a>                        <\/td>                                    <\/tr>                            <tr class=\"file\" data-id=\"2842\"                    data-catid=\"349\">                    <td class=\"file_title\"><a class=\"wpfd_downloadlink\" href=\"https:\/\/portal.pi.gov.br\/adapi\/download\/349\/inspecaomanualindust\/2842\/memorial-economico-sanitario-pescado-e-derivados.pdf\" title=\"Memorial econ\u00f4mico sanit\u00e1rio - pescado e derivados\"><span class=\"extcol\">                                <span class=\"ext ext-pdf\"><\/span>                                Memorial econ\u00f4mico sanit\u00e1rio - pescado e derivados                            <\/span><\/a><\/td><td class=\"file_size\">147.09 KB<\/td><td class=\"file_created\">22-04-2025<\/td>                                            <td class=\"col-download\">                            <a class=\"downloadlink wpfd_downloadlink\"  href=\"https:\/\/portal.pi.gov.br\/adapi\/download\/349\/inspecaomanualindust\/2842\/memorial-economico-sanitario-pescado-e-derivados.pdf\" style=\"background-color:#033b85;color:#ffffff;\">Baixar<i class=\"zmdi zmdi-cloud-download wpfd-download\"><\/i><\/a><a                            href=\"https:\/\/docs.google.com\/viewer?url=https%3A%2F%2Fportal.pi.gov.br%2Fadapi%2Fwp-admin%2Fadmin-ajax.php%3Fjuwpfisadmin%3Dfalse%26action%3Dwpfd%26task%3Dfile.download%26wpfd_category_id%3D349%26wpfd_file_id%3D2842%26token%3D%26preview%3D1&#038;embedded=true\"                            class=\"openlink wpfdlightbox wpfd_previewlink\"                            target=\"\"                            data-id=\"2842\"                            data-catid=\"349\"                            data-file-type=\"pdf\">Visualizar<i class=\"zmdi zmdi-filter-center-focus wpfd-preview\"><\/i>                        <\/a>                        <\/td>                                    <\/tr>                            <tr class=\"file\" data-id=\"2843\"                    data-catid=\"349\">                    <td class=\"file_title\"><a class=\"wpfd_downloadlink\" href=\"https:\/\/portal.pi.gov.br\/adapi\/download\/349\/inspecaomanualindust\/2843\/memorial-economico-sanitario-produtos-de-abelha-e-derivados.pdf\" title=\"Memorial econ\u00f4mico sanit\u00e1rio - Produtos de Abelha e derivados\"><span class=\"extcol\">                                <span class=\"ext ext-pdf\"><\/span>                                Memorial econ\u00f4mico sanit\u00e1rio - Produtos de Abelha e derivados                            <\/span><\/a><\/td><td class=\"file_size\">128.80 KB<\/td><td class=\"file_created\">22-04-2025<\/td>                                            <td class=\"col-download\">                            <a class=\"downloadlink wpfd_downloadlink\"  href=\"https:\/\/portal.pi.gov.br\/adapi\/download\/349\/inspecaomanualindust\/2843\/memorial-economico-sanitario-produtos-de-abelha-e-derivados.pdf\" style=\"background-color:#033b85;color:#ffffff;\">Baixar<i class=\"zmdi zmdi-cloud-download wpfd-download\"><\/i><\/a><a                            href=\"https:\/\/docs.google.com\/viewer?url=https%3A%2F%2Fportal.pi.gov.br%2Fadapi%2Fwp-admin%2Fadmin-ajax.php%3Fjuwpfisadmin%3Dfalse%26action%3Dwpfd%26task%3Dfile.download%26wpfd_category_id%3D349%26wpfd_file_id%3D2843%26token%3D%26preview%3D1&#038;embedded=true\"                            class=\"openlink wpfdlightbox wpfd_previewlink\"                            target=\"\"                            data-id=\"2843\"                            data-catid=\"349\"                            data-file-type=\"pdf\">Visualizar<i class=\"zmdi zmdi-filter-center-focus wpfd-preview\"><\/i>                        <\/a>                        <\/td>                                    <\/tr>                            <tr class=\"file\" data-id=\"2841\"                    data-catid=\"349\">                    <td class=\"file_title\"><a class=\"wpfd_downloadlink\" href=\"https:\/\/portal.pi.gov.br\/adapi\/download\/349\/inspecaomanualindust\/2841\/memorial-economico-sanitario-ovos-e-derivados.pdf\" title=\"Memorial econ\u00f4mico sanit\u00e1rio - Ovos e derivados\"><span class=\"extcol\">                                <span class=\"ext ext-pdf\"><\/span>                                Memorial econ\u00f4mico sanit\u00e1rio - Ovos e derivados                            <\/span><\/a><\/td><td class=\"file_size\">121.28 KB<\/td><td class=\"file_created\">22-04-2025<\/td>                                            <td class=\"col-download\">                            <a class=\"downloadlink wpfd_downloadlink\"  href=\"https:\/\/portal.pi.gov.br\/adapi\/download\/349\/inspecaomanualindust\/2841\/memorial-economico-sanitario-ovos-e-derivados.pdf\" style=\"background-color:#033b85;color:#ffffff;\">Baixar<i class=\"zmdi zmdi-cloud-download wpfd-download\"><\/i><\/a><a                            href=\"https:\/\/docs.google.com\/viewer?url=https%3A%2F%2Fportal.pi.gov.br%2Fadapi%2Fwp-admin%2Fadmin-ajax.php%3Fjuwpfisadmin%3Dfalse%26action%3Dwpfd%26task%3Dfile.download%26wpfd_category_id%3D349%26wpfd_file_id%3D2841%26token%3D%26preview%3D1&#038;embedded=true\"                            class=\"openlink wpfdlightbox wpfd_previewlink\"                            target=\"\"                            data-id=\"2841\"                            data-catid=\"349\"                            data-file-type=\"pdf\">Visualizar<i class=\"zmdi zmdi-filter-center-focus wpfd-preview\"><\/i>                        <\/a>                        <\/td>                                    <\/tr>                            <tr class=\"file\" data-id=\"2840\"                    data-catid=\"349\">                    <td class=\"file_title\"><a class=\"wpfd_downloadlink\" href=\"https:\/\/portal.pi.gov.br\/adapi\/download\/349\/inspecaomanualindust\/2840\/memorial-economico-sanitario-leite-e-derivados.pdf\" title=\"Memorial econ\u00f4mico sanit\u00e1rio - Leite e derivados\"><span class=\"extcol\">                                <span class=\"ext ext-pdf\"><\/span>                                Memorial econ\u00f4mico sanit\u00e1rio - Leite e derivados                            <\/span><\/a><\/td><td class=\"file_size\">140.96 KB<\/td><td class=\"file_created\">22-04-2025<\/td>                                            <td class=\"col-download\">                            <a class=\"downloadlink wpfd_downloadlink\"  href=\"https:\/\/portal.pi.gov.br\/adapi\/download\/349\/inspecaomanualindust\/2840\/memorial-economico-sanitario-leite-e-derivados.pdf\" style=\"background-color:#033b85;color:#ffffff;\">Baixar<i class=\"zmdi zmdi-cloud-download wpfd-download\"><\/i><\/a><a                            href=\"https:\/\/docs.google.com\/viewer?url=https%3A%2F%2Fportal.pi.gov.br%2Fadapi%2Fwp-admin%2Fadmin-ajax.php%3Fjuwpfisadmin%3Dfalse%26action%3Dwpfd%26task%3Dfile.download%26wpfd_category_id%3D349%26wpfd_file_id%3D2840%26token%3D%26preview%3D1&#038;embedded=true\"                            class=\"openlink wpfdlightbox wpfd_previewlink\"                            target=\"\"                            data-id=\"2840\"                            data-catid=\"349\"                            data-file-type=\"pdf\">Visualizar<i class=\"zmdi zmdi-filter-center-focus wpfd-preview\"><\/i>                        <\/a>                        <\/td>                                    <\/tr>                        <\/tbody>        <\/table>            <\/div><\/div><\/div><div class='wpfd-pagination'>\n\t<span class='page-numbers current'>1<\/span>\n<a class='page-numbers' data-page='2' data-sourcecat='349'>2<\/a>\n<a class='next page-numbers' data-page='2' data-sourcecat='349'>Pr\u00f3ximo &raquo;<\/a>\n<\/div>\n\n","protected":false},"excerpt":{"rendered":"","protected":false},"author":1832,"featured_media":0,"parent":0,"menu_order":0,"comment_status":"closed","ping_status":"closed","template":"template-fullwidth.php","meta":[],"featured_image_urls":{"full":"","thumbnail":"","medium":"","medium_large":"","large":"","sgg-420":"","sgg-540":"","sgg-780":"","1536x1536":"","2048x2048":"","homepage-slider":"","homepage-slider-small":"","page-top":"","page-small":"","loop-main":"","thumb-gallery-widget":""},"post_excerpt_stackable":"<p>T\u00edtuloTamanhoData de Publica\u00e7\u00e3oBaixar Termo de Compromisso para registro 64.40 KB22-04-2025 BaixarVisualizar Solicita\u00e7\u00e3o de Suspens\u00e3o &#8211; Cancelamento de Registro 61.90 KB22-04-2025 BaixarVisualizar Requerimento de Solicita\u00e7\u00e3o do SIE 125.39 KB22-04-2025 BaixarVisualizar Requerimento de An\u00e1lise de Rotulagem 134.50 KB22-04-2025 BaixarVisualizar Requerimento de Altera\u00e7\u00e3o documental 17.57 KB22-04-2025 BaixarVisualizar Memoril Descritivo de Constru\u00e7\u00e3o e Reforma 202.61 KB22-04-2025 BaixarVisualizar Memorial econ\u00f4mico sanit\u00e1rio &#8211; pescado e derivados 147.09 KB22-04-2025 BaixarVisualizar Memorial econ\u00f4mico sanit\u00e1rio &#8211; Produtos de Abelha e derivados 128.80 KB22-04-2025 BaixarVisualizar Memorial econ\u00f4mico sanit\u00e1rio &#8211; Ovos e derivados 121.28 KB22-04-2025 BaixarVisualizar Memorial econ\u00f4mico sanit\u00e1rio &#8211; Leite e derivados 140.96 KB22-04-2025 BaixarVisualizar 1 2 Pr\u00f3ximo &raquo;<\/p>\n","category_list":"","author_info":{"name":"ETIPI","url":"https:\/\/portal.pi.gov.br\/adapi\/author\/pallomagualter\/"},"comments_num":"0 coment\u00e1rio","featured_image_urls_v2":{"full":"","thumbnail":"","medium":"","medium_large":"","large":"","sgg-420":"","sgg-540":"","sgg-780":"","1536x1536":"","2048x2048":"","homepage-slider":"","homepage-slider-small":"","page-top":"","page-small":"","loop-main":"","thumb-gallery-widget":""},"post_excerpt_stackable_v2":"<p>T\u00edtuloTamanhoData de Publica\u00e7\u00e3oBaixar Termo de Compromisso para registro 64.40 KB22-04-2025 BaixarVisualizar Solicita\u00e7\u00e3o de Suspens\u00e3o &#8211; Cancelamento de Registro 61.90 KB22-04-2025 BaixarVisualizar Requerimento de Solicita\u00e7\u00e3o do SIE 125.39 KB22-04-2025 BaixarVisualizar Requerimento de An\u00e1lise de Rotulagem 134.50 KB22-04-2025 BaixarVisualizar Requerimento de Altera\u00e7\u00e3o documental 17.57 KB22-04-2025 BaixarVisualizar Memoril Descritivo de Constru\u00e7\u00e3o e Reforma 202.61 KB22-04-2025 BaixarVisualizar Memorial econ\u00f4mico sanit\u00e1rio &#8211; pescado e derivados 147.09 KB22-04-2025 BaixarVisualizar Memorial econ\u00f4mico sanit\u00e1rio &#8211; Produtos de Abelha e derivados 128.80 KB22-04-2025 BaixarVisualizar Memorial econ\u00f4mico sanit\u00e1rio &#8211; Ovos e derivados 121.28 KB22-04-2025 BaixarVisualizar Memorial econ\u00f4mico sanit\u00e1rio &#8211; Leite e derivados 140.96 KB22-04-2025 BaixarVisualizar 1 2 Pr\u00f3ximo &raquo;<\/p>\n","category_list_v2":"","author_info_v2":{"name":"ETIPI","url":"https:\/\/portal.pi.gov.br\/adapi\/author\/pallomagualter\/"},"comments_num_v2":"0 coment\u00e1rio","_links":{"self":[{"href":"https:\/\/portal.pi.gov.br\/adapi\/wp-json\/wp\/v2\/pages\/2612"}],"collection":[{"href":"https:\/\/portal.pi.gov.br\/adapi\/wp-json\/wp\/v2\/pages"}],"about":[{"href":"https:\/\/portal.pi.gov.br\/adapi\/wp-json\/wp\/v2\/types\/page"}],"author":[{"embeddable":true,"href":"https:\/\/portal.pi.gov.br\/adapi\/wp-json\/wp\/v2\/users\/1832"}],"replies":[{"embeddable":true,"href":"https:\/\/portal.pi.gov.br\/adapi\/wp-json\/wp\/v2\/comments?post=2612"}],"version-history":[{"count":2,"href":"https:\/\/portal.pi.gov.br\/adapi\/wp-json\/wp\/v2\/pages\/2612\/revisions"}],"predecessor-version":[{"id":2665,"href":"https:\/\/portal.pi.gov.br\/adapi\/wp-json\/wp\/v2\/pages\/2612\/revisions\/2665"}],"wp:attachment":[{"href":"https:\/\/portal.pi.gov.br\/adapi\/wp-json\/wp\/v2\/media?parent=2612"}],"curies":[{"name":"wp","href":"https:\/\/api.w.org\/{rel}","templated":true}]}}