{"id":2620,"date":"2025-03-18T09:39:20","date_gmt":"2025-03-18T12:39:20","guid":{"rendered":"https:\/\/portal.pi.gov.br\/adapi\/?page_id=2620"},"modified":"2025-03-18T11:29:09","modified_gmt":"2025-03-18T14:29:09","slug":"classificacao-sisbi-pov","status":"publish","type":"page","link":"https:\/\/portal.pi.gov.br\/adapi\/classificacao-sisbi-pov\/","title":{"rendered":"Sisbi POV"},"content":{"rendered":"<script type=\"text\/x-handlebars-template\"        id=\"wpfd-template-table-categories-351\">    <div class=\"wpfd-categories\">{{#if category}}{{#with category}}{{#if parent}}<a class=\"catlink backcategory\" href=\"#\" data-idcat=\"{{parent}}\">                        <i class=\"zmdi zmdi-chevron-left\"><\/i><span>Voltar<\/span><\/a>{{\/if}}{{\/with}}{{\/if}}<\/div><\/script><script type=\"text\/x-handlebars-template\" id=\"wpfd-template-table-351\">    {{#if files}}    {{#each files}}    <tr class=\"file\" data-id=\"{{ID}}\" data-catid=\"{{catid}}\">    <td class=\"file_title\"><a class=\"wpfd_downloadlink\" href=\"{{linkdownload}}\" title=\"{{post_title}}\"><span class=\"extcol\">{{#if file_custom_icon}}<span class=\"icon-custom\"><img src=\"{{file_custom_icon}}\"><\/span>{{else}}<span class=\"ext ext-{{ext}}\"><\/span>{{\/if}}<\/span>{{{crop_title}}}<\/a><\/td><td class=\"file_size\">{{bytesToSize size}}<\/td><td class=\"file_created\">{{created}}<\/td>                    <td class=\"col-download\">                <a class=\"downloadlink wpfd_downloadlink\"  href=\"{{linkdownload}}\" style=\"background-color:#033b85;color:#ffffff;\">Baixar<i class=\"zmdi zmdi-cloud-download wpfd-download\"><\/i><\/a>{{#if openpdflink}}<a class=\"openlink wpfdlightbox wpfd_previewlink\" href=\"{{openpdflink}}\" target=\"\">Visualizar                            <i class=\"zmdi zmdi-filter-center-focus wpfd-preview\"><\/i>                        <\/a>{{else}}{{#if viewerlink}}<a                            href=\"{{viewerlink}}\"                            class=\"openlink wpfdlightbox wpfd_previewlink\"                            target=\"\"                            data-id=\"{{ID}}\"                            data-catid=\"{{catid}}\"                            data-file-type=\"{{ext}}\">Visualizar<i class=\"zmdi zmdi-filter-center-focus wpfd-preview\"><\/i>                        <\/a>{{\/if}}{{\/if}}            <\/td>            <\/tr>    {{\/each}}    {{\/if}}<\/script><div class=\"wpfd-content wpfd-content-table wpfd-content-multi colstyle\" data-category=\"351\"><input type=\"hidden\" id=\"current_category_351\" value=\"351\" \/>                    <input type=\"hidden\" id=\"current_category_slug_351\" value=\"classificacaolsisbipov\" \/>                    <input type=\"hidden\" id=\"current_ordering_351\" value=\"title\" \/>                    <input type=\"hidden\" id=\"current_ordering_direction_351\" value=\"desc\" \/><div class=\"wpfd-container\">        <div class=\"wpfd-open-tree\"><\/div>    <div class=\"wpfd-container-table \">        <div class=\"wpfd-categories\"><\/div>        <table class=\"wpfd-table wpfd-table-bordered wpfd-table-striped mediaTable\">            <thead>            <tr>                <th class=\"essential persist file_title\">T\u00edtulo<\/th><th class=\"optional file_size\">Tamanho<\/th><th class=\"optional file_created\">Data de Publica\u00e7\u00e3o<\/th><th class=\"essential file_download\">Baixar<\/th>            <\/tr>            <\/thead>            <tbody>                            <tr class=\"file\" data-id=\"2833\"                    data-catid=\"351\">                    <td class=\"file_title\"><a class=\"wpfd_downloadlink\" href=\"https:\/\/portal.pi.gov.br\/adapi\/download\/351\/classificacaolsisbipov\/2833\/lei-no-7-755-de-18-de-marco-de-2022.pdf\" title=\"lei n\u00ba 7.755 de 18 de mar\u00e7o de 2022\"><span class=\"extcol\">                                <span class=\"ext ext-pdf\"><\/span>                                lei n\u00ba 7.755 de 18 de mar\u00e7o de 2022                            <\/span><\/a><\/td><td class=\"file_size\">202.67 KB<\/td><td class=\"file_created\">22-04-2025<\/td>                                            <td class=\"col-download\">                            <a class=\"downloadlink wpfd_downloadlink\"  href=\"https:\/\/portal.pi.gov.br\/adapi\/download\/351\/classificacaolsisbipov\/2833\/lei-no-7-755-de-18-de-marco-de-2022.pdf\" style=\"background-color:#033b85;color:#ffffff;\">Baixar<i class=\"zmdi zmdi-cloud-download wpfd-download\"><\/i><\/a><a                            href=\"https:\/\/docs.google.com\/viewer?url=https%3A%2F%2Fportal.pi.gov.br%2Fadapi%2Fwp-admin%2Fadmin-ajax.php%3Fjuwpfisadmin%3Dfalse%26action%3Dwpfd%26task%3Dfile.download%26wpfd_category_id%3D351%26wpfd_file_id%3D2833%26token%3D%26preview%3D1&#038;embedded=true\"                            class=\"openlink wpfdlightbox wpfd_previewlink\"                            target=\"\"                            data-id=\"2833\"                            data-catid=\"351\"                            data-file-type=\"pdf\">Visualizar<i class=\"zmdi zmdi-filter-center-focus wpfd-preview\"><\/i>                        <\/a>                        <\/td>                                    <\/tr>                            <tr class=\"file\" data-id=\"2834\"                    data-catid=\"351\">                    <td class=\"file_title\"><a class=\"wpfd_downloadlink\" href=\"https:\/\/portal.pi.gov.br\/adapi\/download\/351\/classificacaolsisbipov\/2834\/portaria-no-14-de-06-de-fevereiro-de-2024.pdf\" title=\"Portaria N\u00ba 14, de 06 de fevereiro de 2024\"><span class=\"extcol\">                                <span class=\"ext ext-pdf\"><\/span>                                Portaria N\u00ba 14, de 06 de fevereiro de 2024                            <\/span><\/a><\/td><td class=\"file_size\">1.42 MB<\/td><td class=\"file_created\">22-04-2025<\/td>                                            <td class=\"col-download\">                            <a class=\"downloadlink wpfd_downloadlink\"  href=\"https:\/\/portal.pi.gov.br\/adapi\/download\/351\/classificacaolsisbipov\/2834\/portaria-no-14-de-06-de-fevereiro-de-2024.pdf\" style=\"background-color:#033b85;color:#ffffff;\">Baixar<i class=\"zmdi zmdi-cloud-download wpfd-download\"><\/i><\/a><a                            href=\"https:\/\/docs.google.com\/viewer?url=https%3A%2F%2Fportal.pi.gov.br%2Fadapi%2Fwp-admin%2Fadmin-ajax.php%3Fjuwpfisadmin%3Dfalse%26action%3Dwpfd%26task%3Dfile.download%26wpfd_category_id%3D351%26wpfd_file_id%3D2834%26token%3D%26preview%3D1&#038;embedded=true\"                            class=\"openlink wpfdlightbox wpfd_previewlink\"                            target=\"\"                            data-id=\"2834\"                            data-catid=\"351\"                            data-file-type=\"pdf\">Visualizar<i class=\"zmdi zmdi-filter-center-focus wpfd-preview\"><\/i>                        <\/a>                        <\/td>                                    <\/tr>                            <tr class=\"file\" data-id=\"2832\"                    data-catid=\"351\">                    <td class=\"file_title\"><a class=\"wpfd_downloadlink\" href=\"https:\/\/portal.pi.gov.br\/adapi\/download\/351\/classificacaolsisbipov\/2832\/lei-no-8-255-de-20-de-dezembro-de-2023.pdf\" title=\"Lei n\u00ba 8.255 de 20 de dezembro de 2023\"><span class=\"extcol\">                                <span class=\"ext ext-pdf\"><\/span>                                Lei n\u00ba 8.255 de 20 de dezembro de 2023                            <\/span><\/a><\/td><td class=\"file_size\">166.56 KB<\/td><td class=\"file_created\">22-04-2025<\/td>                                            <td class=\"col-download\">                            <a class=\"downloadlink wpfd_downloadlink\"  href=\"https:\/\/portal.pi.gov.br\/adapi\/download\/351\/classificacaolsisbipov\/2832\/lei-no-8-255-de-20-de-dezembro-de-2023.pdf\" style=\"background-color:#033b85;color:#ffffff;\">Baixar<i class=\"zmdi zmdi-cloud-download wpfd-download\"><\/i><\/a><a                            href=\"https:\/\/docs.google.com\/viewer?url=https%3A%2F%2Fportal.pi.gov.br%2Fadapi%2Fwp-admin%2Fadmin-ajax.php%3Fjuwpfisadmin%3Dfalse%26action%3Dwpfd%26task%3Dfile.download%26wpfd_category_id%3D351%26wpfd_file_id%3D2832%26token%3D%26preview%3D1&#038;embedded=true\"                            class=\"openlink wpfdlightbox wpfd_previewlink\"                            target=\"\"                            data-id=\"2832\"                            data-catid=\"351\"                            data-file-type=\"pdf\">Visualizar<i class=\"zmdi zmdi-filter-center-focus wpfd-preview\"><\/i>                        <\/a>                        <\/td>                                    <\/tr>                            <tr class=\"file\" data-id=\"2835\"                    data-catid=\"351\">                    <td class=\"file_title\"><a class=\"wpfd_downloadlink\" href=\"https:\/\/portal.pi.gov.br\/adapi\/download\/351\/classificacaolsisbipov\/2835\/decreto-no-22-862-de-27-de-marco-de-2024.pdf\" title=\"DECRETO N\u00ba 22.862, DE 27 DE MAR\u00c7O DE 2024\"><span class=\"extcol\">                                <span class=\"ext ext-pdf\"><\/span>                                DECRETO N\u00ba 22.862, DE 27 DE MAR\u00c7O DE 2024                            <\/span><\/a><\/td><td class=\"file_size\">1.40 MB<\/td><td class=\"file_created\">22-04-2025<\/td>                                            <td class=\"col-download\">                            <a class=\"downloadlink wpfd_downloadlink\"  href=\"https:\/\/portal.pi.gov.br\/adapi\/download\/351\/classificacaolsisbipov\/2835\/decreto-no-22-862-de-27-de-marco-de-2024.pdf\" style=\"background-color:#033b85;color:#ffffff;\">Baixar<i class=\"zmdi zmdi-cloud-download wpfd-download\"><\/i><\/a><a                            href=\"https:\/\/docs.google.com\/viewer?url=https%3A%2F%2Fportal.pi.gov.br%2Fadapi%2Fwp-admin%2Fadmin-ajax.php%3Fjuwpfisadmin%3Dfalse%26action%3Dwpfd%26task%3Dfile.download%26wpfd_category_id%3D351%26wpfd_file_id%3D2835%26token%3D%26preview%3D1&#038;embedded=true\"                            class=\"openlink wpfdlightbox wpfd_previewlink\"                            target=\"\"                            data-id=\"2835\"                            data-catid=\"351\"                            data-file-type=\"pdf\">Visualizar<i class=\"zmdi zmdi-filter-center-focus wpfd-preview\"><\/i>                        <\/a>                        <\/td>                                    <\/tr>                        <\/tbody>        <\/table>            <\/div><\/div><\/div>\n","protected":false},"excerpt":{"rendered":"","protected":false},"author":1832,"featured_media":0,"parent":0,"menu_order":0,"comment_status":"closed","ping_status":"closed","template":"template-fullwidth.php","meta":[],"featured_image_urls":{"full":"","thumbnail":"","medium":"","medium_large":"","large":"","sgg-420":"","sgg-540":"","sgg-780":"","1536x1536":"","2048x2048":"","homepage-slider":"","homepage-slider-small":"","page-top":"","page-small":"","loop-main":"","thumb-gallery-widget":""},"post_excerpt_stackable":"<p>T\u00edtuloTamanhoData de Publica\u00e7\u00e3oBaixar lei n\u00ba 7.755 de 18 de mar\u00e7o de 2022 202.67 KB22-04-2025 BaixarVisualizar Portaria N\u00ba 14, de 06 de fevereiro de 2024 1.42 MB22-04-2025 BaixarVisualizar Lei n\u00ba 8.255 de 20 de dezembro de 2023 166.56 KB22-04-2025 BaixarVisualizar DECRETO N\u00ba 22.862, DE 27 DE MAR\u00c7O DE 2024 1.40 MB22-04-2025 BaixarVisualizar<\/p>\n","category_list":"","author_info":{"name":"ETIPI","url":"https:\/\/portal.pi.gov.br\/adapi\/author\/pallomagualter\/"},"comments_num":"0 coment\u00e1rio","featured_image_urls_v2":{"full":"","thumbnail":"","medium":"","medium_large":"","large":"","sgg-420":"","sgg-540":"","sgg-780":"","1536x1536":"","2048x2048":"","homepage-slider":"","homepage-slider-small":"","page-top":"","page-small":"","loop-main":"","thumb-gallery-widget":""},"post_excerpt_stackable_v2":"<p>T\u00edtuloTamanhoData de Publica\u00e7\u00e3oBaixar lei n\u00ba 7.755 de 18 de mar\u00e7o de 2022 202.67 KB22-04-2025 BaixarVisualizar Portaria N\u00ba 14, de 06 de fevereiro de 2024 1.42 MB22-04-2025 BaixarVisualizar Lei n\u00ba 8.255 de 20 de dezembro de 2023 166.56 KB22-04-2025 BaixarVisualizar DECRETO N\u00ba 22.862, DE 27 DE MAR\u00c7O DE 2024 1.40 MB22-04-2025 BaixarVisualizar<\/p>\n","category_list_v2":"","author_info_v2":{"name":"ETIPI","url":"https:\/\/portal.pi.gov.br\/adapi\/author\/pallomagualter\/"},"comments_num_v2":"0 coment\u00e1rio","_links":{"self":[{"href":"https:\/\/portal.pi.gov.br\/adapi\/wp-json\/wp\/v2\/pages\/2620"}],"collection":[{"href":"https:\/\/portal.pi.gov.br\/adapi\/wp-json\/wp\/v2\/pages"}],"about":[{"href":"https:\/\/portal.pi.gov.br\/adapi\/wp-json\/wp\/v2\/types\/page"}],"author":[{"embeddable":true,"href":"https:\/\/portal.pi.gov.br\/adapi\/wp-json\/wp\/v2\/users\/1832"}],"replies":[{"embeddable":true,"href":"https:\/\/portal.pi.gov.br\/adapi\/wp-json\/wp\/v2\/comments?post=2620"}],"version-history":[{"count":2,"href":"https:\/\/portal.pi.gov.br\/adapi\/wp-json\/wp\/v2\/pages\/2620\/revisions"}],"predecessor-version":[{"id":2658,"href":"https:\/\/portal.pi.gov.br\/adapi\/wp-json\/wp\/v2\/pages\/2620\/revisions\/2658"}],"wp:attachment":[{"href":"https:\/\/portal.pi.gov.br\/adapi\/wp-json\/wp\/v2\/media?parent=2620"}],"curies":[{"name":"wp","href":"https:\/\/api.w.org\/{rel}","templated":true}]}}