{"id":2628,"date":"2025-03-18T09:42:59","date_gmt":"2025-03-18T12:42:59","guid":{"rendered":"https:\/\/portal.pi.gov.br\/adapi\/?page_id=2628"},"modified":"2025-09-10T09:06:08","modified_gmt":"2025-09-10T12:06:08","slug":"classificacao-como-e-onde-classificar","status":"publish","type":"page","link":"https:\/\/portal.pi.gov.br\/adapi\/classificacao-como-e-onde-classificar\/","title":{"rendered":"Como e Onde Classificar"},"content":{"rendered":"\n<p>A Inspe\u00e7\u00e3o Vegetal assegura a identidade, a inocuidade, a qualidade, a conformidade, a idoneidade e a seguran\u00e7a higi\u00eanico-sanit\u00e1ria de produtos e subprodutos industriais e artesanais de origem vegetal.<\/p>\n\n\n\n<p>A Classifica\u00e7\u00e3o vegetal \u00e9 uma importante ferramenta para o interesse p\u00fablico, pois atesta a qualidade f\u00edsica de produtos embalados e comercializados, estabelecendo par\u00e2metros de qualidade para a defini\u00e7\u00e3o e diferencia\u00e7\u00e3o dos pre\u00e7os de cada produto.<\/p>\n\n\n\n<p>Produto registrados significam agrega\u00e7\u00e3o de valor econ\u00f4mico, bem como a possibilidade de comercializa\u00e7\u00e3o livre em todo territ\u00f3rio brasileiro e possivelmente para o exterior, entrando na pauta de exporta\u00e7\u00e3o.<\/p>\n\n\n\n<p><strong>AMOSTRA<\/strong><\/p>\n\n\n\n<p>Para solicitar a classifica\u00e7\u00e3o, o interessado deve enviar 4 amostras, de no m\u00ednimo 1kg cada uma, devidamente identificadas e lacradas. A amostragem deve ser em quantidade representativa do lote obedecendo a legisla\u00e7\u00e3o espec\u00edfica do Minist\u00e9rio da Agricultura, Pecu\u00e1ria e Abastecimento. Cabe ao coletor a responsabilidade c\u00edvil da amostra.<\/p>\n\n\n\n<p><strong>LEGISLA\u00c7\u00c3O<\/strong><\/p>\n\n\n\n<p><strong><u><a href=\"https:\/\/drive.google.com\/file\/d\/1Tke2j51VL56FZSEmQznRmxqJR75HWny8\/view?usp=sharing\">Lei n\u00ba 7.755 de 18 de mar\u00e7o de 2022<\/a><\/u><\/strong><\/p>\n\n\n\n<p><em>Disp\u00f5e sobre a inspe\u00e7\u00e3o sanit\u00e1ria e industrial nos estabelecimentos que processam produtos de origem vegetal no Estado do Piau\u00ed.<\/em><strong><u><a href=\"https:\/\/drive.google.com\/file\/d\/1GbW-8pQrMxkZ6u0Q4tdmCV1uRqWgm2rB\/view?usp=sharing\">Lei n\u00ba 8.255 de 20 de dezembro de 2023<\/a><\/u><\/strong><\/p>\n\n\n\n<p><em>Altera a Lei n\u00b0 7.755, de 18 de mar\u00e7o de 2022, que disp\u00f5e sobre a inspe\u00e7\u00e3o sanit\u00e1ria e insdustrial nos estabelecimentos que processam produtos de origem vegetal no estado do Piau\u00ed.<\/em><\/p>\n\n\n\n<p><strong><a href=\"https:\/\/drive.google.com\/file\/d\/1x-2Dz7jeo-zMcV8KSeXvFABHyInCyywP\/view?usp=sharing\">Portaria n\u00b0 14, de 06 de fevereiro de 2024<\/a><\/strong><\/p>\n\n\n\n<p><em>Delega e designa a compet\u00eancia interna de servidores para executar as disposi\u00e7\u00f5es dos Arts. 2\u00ba e seguintes da Lei Estadual N\u00ba 7755 de 18 de mar\u00e7o de 2022.<\/em> <a href=\"https:\/\/drive.google.com\/file\/d\/1dpUozzaFsaB8kd9DLUmph3SBn1rueZ9_\/view?usp=sharing\">Lei no&nbsp;9.972, de 25 de maio de 2000<\/a><\/p>\n\n\n\n<p>Institui a classifica\u00e7\u00e3o de produtos vegetais, subprodutos e res\u00edduos de valor econ\u00f4mico, e d\u00e1 outras provid\u00eancias.<\/p>\n\n\n\n<p><a href=\"https:\/\/drive.google.com\/file\/d\/1sI6X2A2ex5KJOnpsgykzclyBaDJ9Gcx4\/view?usp=sharing\">Decreto n\u00ba 6.268, de 22 de novembro de 2007<\/a><\/p>\n\n\n\n<figure class=\"wp-block-table\"><table><tbody><tr><td>Regulamenta a Lei no&nbsp;9.972, de 25 de maio de 2000, que institui a classifica\u00e7\u00e3o de produtos vegetais, seus subprodutos e res\u00edduos de valor econ\u00f4mico, e d\u00e1 outras provid\u00eancias.<\/td><\/tr><\/tbody><\/table><\/figure>\n\n\n\n<p><strong>ETAPAS DA CLASSIFICA\u00c7\u00c3O DO PRODUTO<\/strong><br><\/p>\n\n\n\n<p>&#8211;&nbsp;Solicita\u00e7\u00e3o do servi\u00e7o de classifica\u00e7\u00e3o pelo cliente.<\/p>\n\n\n\n<p>&#8211;&nbsp;Coleta de amostras.<\/p>\n\n\n\n<p>&#8211;&nbsp;Realiza\u00e7\u00e3o de an\u00e1lises f\u00edsicas e\/ou qu\u00edmicas, obedecendo o roteiro de classifica\u00e7\u00e3o.<\/p>\n\n\n\n<p>&#8211;&nbsp;Enquadramento do produto em tipo obedecendo as tabelas espec\u00edficas para cada produto.<\/p>\n\n\n\n<p>&#8211; Elabora\u00e7\u00e3o de um laudo com o resultado, que \u00e9 resumido em um certificado de classifica\u00e7\u00e3o e entregue ao cliente mediante pagamento de taxa espec\u00edfica para o servi\u00e7o.<strong><\/strong><\/p>\n\n\n\n<p><strong>ESTRUTURA F\u00cdSICA DO SERVI\u00c7O<\/strong><\/p>\n\n\n\n<p>Em&nbsp;<strong>Teresina<\/strong>, a classifica\u00e7\u00e3o vegetal \u00e9 realizada no posto fiscal da Sefaz da Tabuleta,&nbsp;que est\u00e1 situada \u00e0&nbsp;Av. Pres. Get\u00falio Vargas &#8211; Tabuleta, Teresina &#8211; PI, 64019-750, e \u00e9 feita por pessoal habilitado, qualificado e treinado pelo Minist\u00e9rio da Agricultura e Pecu\u00e1ria tal fim.<\/p>\n\n\n\n<p>Acesse a localiza\u00e7\u00e3o no link &#8211; <a href=\"https:\/\/maps.app.goo.gl\/9zZkStrriddgmfVE8\">https:\/\/maps.app.goo.gl\/9zZkStrriddgmfVE8<\/a><\/p>\n","protected":false},"excerpt":{"rendered":"<p>A Inspe\u00e7\u00e3o Vegetal assegura a identidade, a inocuidade, a qualidade, a conformidade, a idoneidade e a seguran\u00e7a higi\u00eanico-sanit\u00e1ria de produtos e subprodutos industriais e artesanais de origem vegetal. A Classifica\u00e7\u00e3o [&hellip;]<\/p>\n","protected":false},"author":1832,"featured_media":0,"parent":0,"menu_order":0,"comment_status":"closed","ping_status":"closed","template":"template-fullwidth.php","meta":[],"featured_image_urls":{"full":"","thumbnail":"","medium":"","medium_large":"","large":"","sgg-420":"","sgg-540":"","sgg-780":"","1536x1536":"","2048x2048":"","homepage-slider":"","homepage-slider-small":"","page-top":"","page-small":"","loop-main":"","thumb-gallery-widget":""},"post_excerpt_stackable":"<p>A Inspe\u00e7\u00e3o Vegetal assegura a identidade, a inocuidade, a qualidade, a conformidade, a idoneidade e a seguran\u00e7a higi\u00eanico-sanit\u00e1ria de produtos e subprodutos industriais e artesanais de origem vegetal. A Classifica\u00e7\u00e3o vegetal \u00e9 uma importante ferramenta para o interesse p\u00fablico, pois atesta a qualidade f\u00edsica de produtos embalados e comercializados, estabelecendo par\u00e2metros de qualidade para a defini\u00e7\u00e3o e diferencia\u00e7\u00e3o dos pre\u00e7os de cada produto. Produto registrados significam agrega\u00e7\u00e3o de valor econ\u00f4mico, bem como a possibilidade de comercializa\u00e7\u00e3o livre em todo territ\u00f3rio brasileiro e possivelmente para o exterior, entrando na pauta de exporta\u00e7\u00e3o. AMOSTRA Para solicitar a classifica\u00e7\u00e3o, o interessado deve enviar&hellip;<\/p>\n","category_list":"","author_info":{"name":"ETIPI","url":"https:\/\/portal.pi.gov.br\/adapi\/author\/pallomagualter\/"},"comments_num":"0 coment\u00e1rio","featured_image_urls_v2":{"full":"","thumbnail":"","medium":"","medium_large":"","large":"","sgg-420":"","sgg-540":"","sgg-780":"","1536x1536":"","2048x2048":"","homepage-slider":"","homepage-slider-small":"","page-top":"","page-small":"","loop-main":"","thumb-gallery-widget":""},"post_excerpt_stackable_v2":"<p>A Inspe\u00e7\u00e3o Vegetal assegura a identidade, a inocuidade, a qualidade, a conformidade, a idoneidade e a seguran\u00e7a higi\u00eanico-sanit\u00e1ria de produtos e subprodutos industriais e artesanais de origem vegetal. A Classifica\u00e7\u00e3o vegetal \u00e9 uma importante ferramenta para o interesse p\u00fablico, pois atesta a qualidade f\u00edsica de produtos embalados e comercializados, estabelecendo par\u00e2metros de qualidade para a defini\u00e7\u00e3o e diferencia\u00e7\u00e3o dos pre\u00e7os de cada produto. Produto registrados significam agrega\u00e7\u00e3o de valor econ\u00f4mico, bem como a possibilidade de comercializa\u00e7\u00e3o livre em todo territ\u00f3rio brasileiro e possivelmente para o exterior, entrando na pauta de exporta\u00e7\u00e3o. AMOSTRA Para solicitar a classifica\u00e7\u00e3o, o interessado deve enviar&hellip;<\/p>\n","category_list_v2":"","author_info_v2":{"name":"ETIPI","url":"https:\/\/portal.pi.gov.br\/adapi\/author\/pallomagualter\/"},"comments_num_v2":"0 coment\u00e1rio","_links":{"self":[{"href":"https:\/\/portal.pi.gov.br\/adapi\/wp-json\/wp\/v2\/pages\/2628"}],"collection":[{"href":"https:\/\/portal.pi.gov.br\/adapi\/wp-json\/wp\/v2\/pages"}],"about":[{"href":"https:\/\/portal.pi.gov.br\/adapi\/wp-json\/wp\/v2\/types\/page"}],"author":[{"embeddable":true,"href":"https:\/\/portal.pi.gov.br\/adapi\/wp-json\/wp\/v2\/users\/1832"}],"replies":[{"embeddable":true,"href":"https:\/\/portal.pi.gov.br\/adapi\/wp-json\/wp\/v2\/comments?post=2628"}],"version-history":[{"count":5,"href":"https:\/\/portal.pi.gov.br\/adapi\/wp-json\/wp\/v2\/pages\/2628\/revisions"}],"predecessor-version":[{"id":4221,"href":"https:\/\/portal.pi.gov.br\/adapi\/wp-json\/wp\/v2\/pages\/2628\/revisions\/4221"}],"wp:attachment":[{"href":"https:\/\/portal.pi.gov.br\/adapi\/wp-json\/wp\/v2\/media?parent=2628"}],"curies":[{"name":"wp","href":"https:\/\/api.w.org\/{rel}","templated":true}]}}