{"id":3570,"date":"2025-05-05T10:39:28","date_gmt":"2025-05-05T13:39:28","guid":{"rendered":"https:\/\/portal.pi.gov.br\/adapi\/?page_id=3570"},"modified":"2026-04-22T14:50:35","modified_gmt":"2026-04-22T17:50:35","slug":"educacao-sanitaria","status":"publish","type":"page","link":"https:\/\/portal.pi.gov.br\/adapi\/educacao-sanitaria\/","title":{"rendered":"Educa\u00e7\u00e3o Sanit\u00e1ria"},"content":{"rendered":"\n<figure class=\"wp-block-gallery has-nested-images columns-default is-cropped wp-block-gallery-1 is-layout-flex\"><\/figure>\n\n\n\n<div class=\"wp-block-file\"><object class=\"wp-block-file__embed\" data=\"https:\/\/portal.pi.gov.br\/adapi\/wp-content\/uploads\/sites\/103\/2026\/04\/LISTA-DE-PRESENCA.pdf\" type=\"application\/pdf\" style=\"width:100%;height:600px\" aria-label=\"Incorporado de LISTA DE PRESEN\u00c7A.\"><\/object><a id=\"wp-block-file--media-e63d8e8d-07c1-4ff0-ab69-43c35d868ea3\" href=\"https:\/\/portal.pi.gov.br\/adapi\/wp-content\/uploads\/sites\/103\/2026\/04\/LISTA-DE-PRESENCA.pdf\">LISTA DE PRESEN\u00c7A<\/a><a href=\"https:\/\/portal.pi.gov.br\/adapi\/wp-content\/uploads\/sites\/103\/2026\/04\/LISTA-DE-PRESENCA.pdf\" class=\"wp-block-file__button wp-element-button\" download aria-describedby=\"wp-block-file--media-e63d8e8d-07c1-4ff0-ab69-43c35d868ea3\">Baixar<\/a><\/div>\n","protected":false},"excerpt":{"rendered":"","protected":false},"author":1832,"featured_media":0,"parent":0,"menu_order":0,"comment_status":"closed","ping_status":"closed","template":"","meta":[],"featured_image_urls":{"full":"","thumbnail":"","medium":"","medium_large":"","large":"","sgg-420":"","sgg-540":"","sgg-780":"","1536x1536":"","2048x2048":"","homepage-slider":"","homepage-slider-small":"","page-top":"","page-small":"","loop-main":"","thumb-gallery-widget":""},"post_excerpt_stackable":"<p>LISTA DE PRESEN\u00c7ABaixar<\/p>\n","category_list":"","author_info":{"name":"ETIPI","url":"https:\/\/portal.pi.gov.br\/adapi\/author\/pallomagualter\/"},"comments_num":"0 coment\u00e1rio","featured_image_urls_v2":{"full":"","thumbnail":"","medium":"","medium_large":"","large":"","sgg-420":"","sgg-540":"","sgg-780":"","1536x1536":"","2048x2048":"","homepage-slider":"","homepage-slider-small":"","page-top":"","page-small":"","loop-main":"","thumb-gallery-widget":""},"post_excerpt_stackable_v2":"<p>LISTA DE PRESEN\u00c7ABaixar<\/p>\n","category_list_v2":"","author_info_v2":{"name":"ETIPI","url":"https:\/\/portal.pi.gov.br\/adapi\/author\/pallomagualter\/"},"comments_num_v2":"0 coment\u00e1rio","_links":{"self":[{"href":"https:\/\/portal.pi.gov.br\/adapi\/wp-json\/wp\/v2\/pages\/3570"}],"collection":[{"href":"https:\/\/portal.pi.gov.br\/adapi\/wp-json\/wp\/v2\/pages"}],"about":[{"href":"https:\/\/portal.pi.gov.br\/adapi\/wp-json\/wp\/v2\/types\/page"}],"author":[{"embeddable":true,"href":"https:\/\/portal.pi.gov.br\/adapi\/wp-json\/wp\/v2\/users\/1832"}],"replies":[{"embeddable":true,"href":"https:\/\/portal.pi.gov.br\/adapi\/wp-json\/wp\/v2\/comments?post=3570"}],"version-history":[{"count":2,"href":"https:\/\/portal.pi.gov.br\/adapi\/wp-json\/wp\/v2\/pages\/3570\/revisions"}],"predecessor-version":[{"id":5412,"href":"https:\/\/portal.pi.gov.br\/adapi\/wp-json\/wp\/v2\/pages\/3570\/revisions\/5412"}],"wp:attachment":[{"href":"https:\/\/portal.pi.gov.br\/adapi\/wp-json\/wp\/v2\/media?parent=3570"}],"curies":[{"name":"wp","href":"https:\/\/api.w.org\/{rel}","templated":true}]}}