{"id":3878,"date":"2025-07-29T11:57:34","date_gmt":"2025-07-29T14:57:34","guid":{"rendered":"https:\/\/portal.pi.gov.br\/adapi\/?page_id=3878"},"modified":"2025-10-22T12:36:30","modified_gmt":"2025-10-22T15:36:30","slug":"febre-aftosa","status":"publish","type":"page","link":"https:\/\/portal.pi.gov.br\/adapi\/febre-aftosa\/","title":{"rendered":"Programa Estadual de Erradica\u00e7\u00e3o da Febra Aftosa \u2013 PEEFA"},"content":{"rendered":"\n<p>Institu\u00eddo atrav\u00e9s de Legisla\u00e7\u00e3o Federal do Minist\u00e9rio da Agricultura, Pecu\u00e1ria e Abastecimento (Mapa), o Programa Estadual de Erradica\u00e7\u00e3o da Febra Aftosa \u2013 PEEFA tem como objetivo erradicar a febre aftosa do Territ\u00f3rio Piauiense e sustentar essa condi\u00e7\u00e3o sanit\u00e1ria, por meio de implanta\u00e7\u00e3o e implementa\u00e7\u00e3o de um sistema de vigil\u00e2ncia apoiado na manuten\u00e7\u00e3o das estruturas do servi\u00e7o veterin\u00e1rio oficial e participa\u00e7\u00e3o da comunidade.<\/p>\n\n\n\n<p>Desde sua cria\u00e7\u00e3o, vem garantindo ao Piau\u00ed constante evolu\u00e7\u00e3o no Status Sanit\u00e1rio Estadual:<\/p>\n\n\n\n<p>&#8211; Em 2009 o Piau\u00ed conquistou o STATUS sanit\u00e1rio de m\u00e9dio risco para Febre Aftosa<\/p>\n\n\n\n<p>&#8211; Em 2013 foi reconhecido como Zona Livre de Febre Aftosa<\/p>\n\n\n\n<p>&#8211; Em 2014 recebeu o Certificado de Zona livre de febre aftosa com vacina\u00e7\u00e3o, da Assembl\u00e9ia Mundial dos Delegados da Organiza\u00e7\u00e3o Mundial da Sa\u00fade Animal (OIE)<\/p>\n\n\n\n<p>&#8211; Atualmente prepara-se para retirar completamente a vacina\u00e7\u00e3o no ano de 2020, seguindo o Plano Estrat\u00e9gico do PNEFA 2017-2026.<\/p>\n\n\n\n<p><strong>O que \u00e9 Febre Aftosa?<\/strong><\/p>\n\n\n\n<p>\u00c9 uma doen\u00e7a altamente contagiosa causada por v\u00edrus e que ataca os animais de casco fendido (partido), principalmente os bovinos, caprinos, ovinos, su\u00ednos e b\u00fafalos. A doen\u00e7a pode ser transmitida pelo contato com animais doentes, pelas fezes e urina, atrav\u00e9s de alimentos contaminados, pelas pessoas que lidam com os animais e pelos animais dom\u00e9sticos.<\/p>\n\n\n\n<p><strong>Quais s\u00e3o os sintomas?<\/strong><\/p>\n\n\n\n<p>Os animais com a doen\u00e7a apresentam febre alta, aftas (feridas) na l\u00edngua e boca, babam muito e apresentam les\u00f5es nos cascos e tetos. Os animais n\u00e3o se alimentam e emagrecem progressivamente, reduzindo a produ\u00e7\u00e3o de carne e leite.<\/p>\n\n\n\n<p><strong>Como se d\u00e1 a vacina\u00e7\u00e3o?<\/strong><\/p>\n\n\n\n<p><strong>1\u00ba Passo:&nbsp;<\/strong>Nos meses de vacina\u00e7\u00e3o (maio e novembro) os criadores de bovinos ou b\u00fafalos devem procurar uma loja de produtos agropecu\u00e1rios e comprar a vacina contra febre aftosa para os seus animais, lembrando sempre de exigir a nota fiscal. A vacina deve sair da loja sempre em um isopor com tr\u00eas partes de gelo para cada parte de vacina para garantir a conserva\u00e7\u00e3o da vacina \u00e0 temperatura ideal (2 a 8\u00baC).<\/p>\n\n\n\n<figure class=\"wp-block-table\"><table><tbody><tr><td>Observa\u00e7\u00e3o: Em maio vacinar todo o rebanho e em novembro somente os animais entre 0 e 24 meses.<\/td><\/tr><\/tbody><\/table><\/figure>\n\n\n\n<p><strong>2\u00ba Passo:&nbsp;<\/strong>Na propriedade a vacina pode ser conservada na geladeira at\u00e9 o momento da aplica\u00e7\u00e3o, nunca na porta da geladeira, freezer ou congelador. Estes cuidados v\u00e3o garantir a qualidade da vacina<\/p>\n\n\n\n<p><strong>3\u00ba Passo:&nbsp;<\/strong>A vacina\u00e7\u00e3o dos animais deve ser realizada preferencialmente nos hor\u00e1rios mais frescos do dia, o gado deve ser preso no dia anterior. A aplica\u00e7\u00e3o da vacina deve ser realizada de maneira tranquila, evitando-se agita\u00e7\u00e3o dos animais, prevenindo-se assim que ocorram acidentes com os animais e as pessoas que est\u00e3o aplicando a vacina.<\/p>\n\n\n\n<p><strong>4\u00ba Passo:&nbsp;<\/strong>A pistola ou aparelho de vacina\u00e7\u00e3o e as agulhas devem ser esterilizados em \u00e1gua fervente, por no m\u00ednimo 15 minutos, e a agulha ser trocada a cada 10 aplica\u00e7\u00f5es. E deve haver dispon\u00edvel \u00e1gua fervente para lavagem das agulhas utilizadas para que elas possam ser reutilizadas.<\/p>\n\n\n\n<p><strong>5\u00ba Passo:&nbsp;<\/strong>Os animais devem ser bem contidos para evitar que se machuquem e a vacina deve ser aplicada na t\u00e1bua do pesco\u00e7o, por via subcut\u00e2nea (entre a carne e o couro), com agulha 15&#215;15, ou intramuscular (na carne), com agulha 30&#215;15.<\/p>\n\n\n\n<p><strong>6\u00ba Passo:&nbsp;<\/strong>Ap\u00f3s vacinar o rebanho, o criador deve procurar um escrit\u00f3rio da ADAPI com a nota fiscal da vacina, o CPF do criador e a quantidade de animais de responsabilidade do criador.<\/p>\n\n\n\n<p><\/p>\n\n\n\n<p><strong>O SISTEMA DE VIGIL\u00c2NCIA PARA FEBRE&nbsp;AFTOSA<br>AN\u00c1LISE DOS COMPONENTES DE VIGIL\u00c2NCIA PARA FEBRE&nbsp;AFTOSA<\/strong>:<\/p>\n\n\n\n<p><strong><a href=\"https:\/\/drive.google.com\/drive\/folders\/1OwpT6uU5Wjw-1kQVI8d5Irv5DOCFJceM?usp=sharing\">Acesse aqui<\/a><\/strong><\/p>\n\n\n\n<div class=\"wp-block-columns is-layout-flex wp-container-3\">\n<div class=\"wp-block-column is-layout-flow\">\n<div class=\"wp-block-stackable-button-group stk-block-button-group stk-block stk-c2661d1\" data-block-id=\"c2661d1\"><div class=\"stk-row stk-inner-blocks stk-block-content stk-button-group\">\n<div class=\"wp-block-stackable-button stk-block-button stk-block stk-2c4bbd5\" data-block-id=\"2c4bbd5\"><style>.stk-2c4bbd5,.stk-2c4bbd5 .stk-button{width:100% !important}.stk-2c4bbd5{flex:1 1 0 !important}.stk-2c4bbd5 .stk-button{min-height:50px !important;padding-top:8px !important;padding-right:8px !important;padding-bottom:8px !important;padding-left:8px !important;background:#034ea2 !important;border-radius:10px !important}.stk-2c4bbd5 .stk-button__inner-text{color:#ffffff !important;line-height:1.5em !important;font-weight:700 !important;font-style:normal !important;font-family:\"Montserrat\",Sans-serif !important;letter-spacing:0px !important}<\/style><a class=\"stk-link stk-button stk--hover-effect-darken\" href=\"https:\/\/portal.pi.gov.br\/adapi\/legislacao-3\/\"><span class=\"has-text-color stk-button__inner-text\">Legisla\u00e7\u00e3o<\/span><\/a><\/div>\n<\/div><\/div>\n\n\n\n<div class=\"wp-block-stackable-button-group stk-block-button-group stk-block stk-929a483\" data-block-id=\"929a483\"><div class=\"stk-row stk-inner-blocks stk-block-content stk-button-group\">\n<div class=\"wp-block-stackable-button stk-block-button stk-block stk-9e8a375\" data-block-id=\"9e8a375\"><style>.stk-9e8a375,.stk-9e8a375 .stk-button{width:100% !important}.stk-9e8a375{flex:1 1 0 !important}.stk-9e8a375 .stk-button{min-height:50px !important;padding-top:8px !important;padding-right:8px !important;padding-bottom:8px !important;padding-left:8px !important;background:#034ea2 !important;border-radius:10px !important}.stk-9e8a375 .stk-button__inner-text{color:#ffffff !important;line-height:1.5em !important;font-weight:700 !important;font-style:normal !important;font-family:\"Montserrat\",Sans-serif !important;letter-spacing:0px !important}<\/style><a class=\"stk-link stk-button stk--hover-effect-darken\" href=\"https:\/\/portal.pi.gov.br\/adapi\/revendas-agropecuarias\/\"><span class=\"has-text-color stk-button__inner-text\">Revendas Agropecu\u00e1rias<\/span><\/a><\/div>\n<\/div><\/div>\n<\/div>\n\n\n\n<div class=\"wp-block-column is-layout-flow\">\n<div class=\"wp-block-stackable-button-group stk-block-button-group stk-block stk-0b9b3f2\" data-block-id=\"0b9b3f2\"><div class=\"stk-row stk-inner-blocks stk-block-content stk-button-group\">\n<div class=\"wp-block-stackable-button stk-block-button stk-block stk-463da5e\" data-block-id=\"463da5e\"><style>.stk-463da5e,.stk-463da5e .stk-button{width:100% !important}.stk-463da5e{flex:1 1 0 !important}.stk-463da5e .stk-button{min-height:50px !important;padding-top:8px !important;padding-right:8px !important;padding-bottom:8px !important;padding-left:8px !important;background:#034ea2 !important;border-radius:10px !important}.stk-463da5e .stk-button__inner-text{color:#ffffff !important;line-height:1.5em !important;font-weight:700 !important;font-style:normal !important;font-family:\"Montserrat\",Sans-serif !important;letter-spacing:0px !important}<\/style><a class=\"stk-link stk-button stk--hover-effect-darken\" href=\"https:\/\/portal.pi.gov.br\/adapi\/formularios\/\"><span class=\"has-text-color stk-button__inner-text\">Formul\u00e1rios<\/span><\/a><\/div>\n<\/div><\/div>\n\n\n\n<div class=\"wp-block-stackable-button-group stk-block-button-group stk-block stk-80c525c\" data-block-id=\"80c525c\"><div class=\"stk-row stk-inner-blocks stk-block-content stk-button-group\">\n<div class=\"wp-block-stackable-button stk-block-button stk-block stk-b95e1f9\" data-block-id=\"b95e1f9\"><style>.stk-b95e1f9,.stk-b95e1f9 .stk-button{width:100% !important}.stk-b95e1f9{flex:1 1 0 !important}.stk-b95e1f9 .stk-button{min-height:50px !important;padding-top:8px !important;padding-right:8px !important;padding-bottom:8px !important;padding-left:8px !important;background:#034ea2 !important;border-radius:10px !important}.stk-b95e1f9 .stk-button__inner-text{color:#ffffff !important;line-height:1.5em !important;font-weight:700 !important;font-style:normal !important;font-family:\"Montserrat\",Sans-serif !important;letter-spacing:0px !important}<\/style><a class=\"stk-link stk-button stk--hover-effect-darken\" href=\"https:\/\/portal.pi.gov.br\/adapi\/material-e-palestras-2\/\"><span class=\"has-text-color stk-button__inner-text\">Material e Palestras<\/span><\/a><\/div>\n<\/div><\/div>\n<\/div>\n<\/div>\n","protected":false},"excerpt":{"rendered":"<p>Institu\u00eddo atrav\u00e9s de Legisla\u00e7\u00e3o Federal do Minist\u00e9rio da Agricultura, Pecu\u00e1ria e Abastecimento (Mapa), o Programa Estadual de Erradica\u00e7\u00e3o da Febra Aftosa \u2013 PEEFA tem como objetivo erradicar a febre aftosa [&hellip;]<\/p>\n","protected":false},"author":1832,"featured_media":0,"parent":0,"menu_order":0,"comment_status":"closed","ping_status":"closed","template":"template-fullwidth.php","meta":[],"featured_image_urls":{"full":"","thumbnail":"","medium":"","medium_large":"","large":"","sgg-420":"","sgg-540":"","sgg-780":"","1536x1536":"","2048x2048":"","homepage-slider":"","homepage-slider-small":"","page-top":"","page-small":"","loop-main":"","thumb-gallery-widget":""},"post_excerpt_stackable":"<p>Institu\u00eddo atrav\u00e9s de Legisla\u00e7\u00e3o Federal do Minist\u00e9rio da Agricultura, Pecu\u00e1ria e Abastecimento (Mapa), o Programa Estadual de Erradica\u00e7\u00e3o da Febra Aftosa \u2013 PEEFA tem como objetivo erradicar a febre aftosa do Territ\u00f3rio Piauiense e sustentar essa condi\u00e7\u00e3o sanit\u00e1ria, por meio de implanta\u00e7\u00e3o e implementa\u00e7\u00e3o de um sistema de vigil\u00e2ncia apoiado na manuten\u00e7\u00e3o das estruturas do servi\u00e7o veterin\u00e1rio oficial e participa\u00e7\u00e3o da comunidade. Desde sua cria\u00e7\u00e3o, vem garantindo ao Piau\u00ed constante evolu\u00e7\u00e3o no Status Sanit\u00e1rio Estadual: &#8211; Em 2009 o Piau\u00ed conquistou o STATUS sanit\u00e1rio de m\u00e9dio risco para Febre Aftosa &#8211; Em 2013 foi reconhecido como Zona Livre de Febre&hellip;<\/p>\n","category_list":"","author_info":{"name":"ETIPI","url":"https:\/\/portal.pi.gov.br\/adapi\/author\/pallomagualter\/"},"comments_num":"0 coment\u00e1rio","featured_image_urls_v2":{"full":"","thumbnail":"","medium":"","medium_large":"","large":"","sgg-420":"","sgg-540":"","sgg-780":"","1536x1536":"","2048x2048":"","homepage-slider":"","homepage-slider-small":"","page-top":"","page-small":"","loop-main":"","thumb-gallery-widget":""},"post_excerpt_stackable_v2":"<p>Institu\u00eddo atrav\u00e9s de Legisla\u00e7\u00e3o Federal do Minist\u00e9rio da Agricultura, Pecu\u00e1ria e Abastecimento (Mapa), o Programa Estadual de Erradica\u00e7\u00e3o da Febra Aftosa \u2013 PEEFA tem como objetivo erradicar a febre aftosa do Territ\u00f3rio Piauiense e sustentar essa condi\u00e7\u00e3o sanit\u00e1ria, por meio de implanta\u00e7\u00e3o e implementa\u00e7\u00e3o de um sistema de vigil\u00e2ncia apoiado na manuten\u00e7\u00e3o das estruturas do servi\u00e7o veterin\u00e1rio oficial e participa\u00e7\u00e3o da comunidade. Desde sua cria\u00e7\u00e3o, vem garantindo ao Piau\u00ed constante evolu\u00e7\u00e3o no Status Sanit\u00e1rio Estadual: &#8211; Em 2009 o Piau\u00ed conquistou o STATUS sanit\u00e1rio de m\u00e9dio risco para Febre Aftosa &#8211; Em 2013 foi reconhecido como Zona Livre de Febre&hellip;<\/p>\n","category_list_v2":"","author_info_v2":{"name":"ETIPI","url":"https:\/\/portal.pi.gov.br\/adapi\/author\/pallomagualter\/"},"comments_num_v2":"0 coment\u00e1rio","_links":{"self":[{"href":"https:\/\/portal.pi.gov.br\/adapi\/wp-json\/wp\/v2\/pages\/3878"}],"collection":[{"href":"https:\/\/portal.pi.gov.br\/adapi\/wp-json\/wp\/v2\/pages"}],"about":[{"href":"https:\/\/portal.pi.gov.br\/adapi\/wp-json\/wp\/v2\/types\/page"}],"author":[{"embeddable":true,"href":"https:\/\/portal.pi.gov.br\/adapi\/wp-json\/wp\/v2\/users\/1832"}],"replies":[{"embeddable":true,"href":"https:\/\/portal.pi.gov.br\/adapi\/wp-json\/wp\/v2\/comments?post=3878"}],"version-history":[{"count":5,"href":"https:\/\/portal.pi.gov.br\/adapi\/wp-json\/wp\/v2\/pages\/3878\/revisions"}],"predecessor-version":[{"id":4523,"href":"https:\/\/portal.pi.gov.br\/adapi\/wp-json\/wp\/v2\/pages\/3878\/revisions\/4523"}],"wp:attachment":[{"href":"https:\/\/portal.pi.gov.br\/adapi\/wp-json\/wp\/v2\/media?parent=3878"}],"curies":[{"name":"wp","href":"https:\/\/api.w.org\/{rel}","templated":true}]}}