{"id":3881,"date":"2025-07-29T12:14:47","date_gmt":"2025-07-29T15:14:47","guid":{"rendered":"https:\/\/portal.pi.gov.br\/adapi\/?page_id=3881"},"modified":"2025-10-22T13:12:21","modified_gmt":"2025-10-22T16:12:21","slug":"sanidade-apicola","status":"publish","type":"page","link":"https:\/\/portal.pi.gov.br\/adapi\/sanidade-apicola\/","title":{"rendered":"Sanidade Ap\u00edcola"},"content":{"rendered":"\n<p><strong>Apresenta\u00e7\u00e3o &#8211; Sanidade Ap\u00edcola<\/strong><\/p>\n\n\n\n<p>O Programa Nacional de Sanidade Ap\u00edcola (PNSAp) foi institu\u00eddo pela Instru\u00e7\u00e3o Normativa N\u00ba 16, de 8 de maio de 2008, do Minist\u00e9rio da Agricultura, Pecu\u00e1ria e Abastecimento e tem por finalidade o fortalecimento da cadeia produtiva ap\u00edcola atrav\u00e9s de a\u00e7\u00f5es de vigil\u00e2ncia e defesa sanit\u00e1ria animal. As a\u00e7\u00f5es previstas no PNSAp s\u00e3o coordenadas pelo Minist\u00e9rio da Agricultura, Pecu\u00e1ria e Abastecimento (Mapa) e executadas, no \u00e2mbito do estadual, pela Coordena\u00e7\u00e3o Estadual de Sanidade Ap\u00edcola (PESAp).<\/p>\n\n\n\n<p><strong>Estrat\u00e9gias do Programa de Sanidade Ap\u00edcola- PNSAp:<\/strong><\/p>\n\n\n\n<p>Para prevenir, controlar ou erradicar doen\u00e7as das abelhas, o PNSAp promover\u00e1 as seguintes atividades:<\/p>\n\n\n\n<p>I &#8211; educa\u00e7\u00e3o sanit\u00e1ria;<\/p>\n\n\n\n<p>II &#8211; estudos epidemiol\u00f3gicos;<\/p>\n\n\n\n<p>III &#8211; fiscaliza\u00e7\u00e3o e controle do tr\u00e2nsito de abelhas e produtos ap\u00edcolas;<\/p>\n\n\n\n<p>IV &#8211; cadastramento, fiscaliza\u00e7\u00e3o e certifica\u00e7\u00e3o sanit\u00e1ria de estabelecimentos; e<\/p>\n\n\n\n<p>V &#8211; interven\u00e7\u00e3o imediata quando da suspeita ou ocorr\u00eancia de doen\u00e7a de notifica\u00e7\u00e3o obrigat\u00f3ria.<\/p>\n\n\n\n<p><strong>Vigil\u00e2ncia epidemiol\u00f3gica<\/strong><\/p>\n\n\n\n<p>S\u00e3o fontes de informa\u00e7\u00e3o do sistema de vigil\u00e2ncia epidemiol\u00f3gica para doen\u00e7as das abelhas:<\/p>\n\n\n\n<p>I &#8211; o Servi\u00e7o Veterin\u00e1rio Oficial (Federal, Estadual ou Municipal), por meio das atividades de:<\/p>\n\n\n\n<p>a) fiscaliza\u00e7\u00e3o de estabelecimentos;<\/p>\n\n\n\n<p>b) fiscaliza\u00e7\u00e3o do tr\u00e2nsito de abelhas e produtos ap\u00edcolas; e&nbsp;<\/p>\n\n\n\n<p>c) monitoramentos epidemiol\u00f3gicos; e<\/p>\n\n\n\n<p>II &#8211; a comunidade, representada por:<\/p>\n\n\n\n<p>a) apicultores;&nbsp;<\/p>\n\n\n\n<p>b) prestadores de servi\u00e7o agropecu\u00e1rio;<\/p>\n\n\n\n<p>c) profissionais que atuam em laborat\u00f3rios de diagn\u00f3stico veterin\u00e1rio, institui\u00e7\u00f5es de ensino ou pesquisa agropecu\u00e1ria; e&nbsp;<\/p>\n\n\n\n<p>d) qualquer outro cidad\u00e3o.<\/p>\n\n\n\n<p><strong>SITUA\u00c7\u00c3O SANIT\u00c1RIA BRASILEIRA<\/strong><\/p>\n\n\n\n<p>A ocorr\u00eancia das doen\u00e7as de notifica\u00e7\u00e3o obrigat\u00f3ria no Brasil, e demais pa\u00edses membros da OIE, est\u00e1 dispon\u00edvel no Sistema Mundial de Informa\u00e7\u00e3o Zoossanit\u00e1ria da Organiza\u00e7\u00e3o Mundial de Sa\u00fade Animal (WAHID\/OIE). Acesse&nbsp;<a href=\"http:\/\/http\/\/www.oie.int\/wahis_2\/public\/wahid.php\/Wahidhome\/Home\">clicando aqui<\/a>.<\/p>\n\n\n\n<p><strong>PAPEL DOS APICULTORES<\/strong><\/p>\n\n\n\n<p>1. Observar o disposto nas normas sanit\u00e1rias, em especial \u00e0s exig\u00eancias para o tr\u00e2nsito de abelhas;<\/p>\n\n\n\n<p>2. Manter atualizado o cadastro do api\u00e1rio junto ao Servi\u00e7o Veterin\u00e1rio Oficial;<\/p>\n\n\n\n<p>3. Comunicar imediatamente ao Servi\u00e7o Veterin\u00e1rio Oficial qualquer altera\u00e7\u00e3o significativa da condi\u00e7\u00e3o sanit\u00e1ria do api\u00e1rio;<\/p>\n\n\n\n<p>4. Utilizar somente insumos agropecu\u00e1rios registrados no MAPA, respeitando as indica\u00e7\u00f5es de uso; e<\/p>\n\n\n\n<p>5. Manter o registro do tr\u00e2nsito de colm\u00e9ias e rainhas, da ocorr\u00eancia de doen\u00e7as, dos medicamentos, produtos veterin\u00e1rios e demais insumos agropecu\u00e1rios utilizados no api\u00e1rio.<\/p>\n\n\n\n<p>A participa\u00e7\u00e3o dos apicultores, por meio da compreens\u00e3o e cumprimento das normas sanit\u00e1rias e do correto manejo do api\u00e1rio, \u00e9 fundamental para a efetiva\u00e7\u00e3o dos prop\u00f3sitos do PNSAp.<\/p>\n\n\n\n<p><strong>PAPEL DOS M\u00c9DICOS VETERIN\u00c1RIOS DO SETOR PRIVADO<\/strong><\/p>\n\n\n\n<p>Os M\u00e9dicos Veterin\u00e1rios do setor privado poder\u00e3o prestar servi\u00e7os no \u00e2mbito do PNSAp, observado o disposto nas normas sanit\u00e1rias, em particular no que se refere aos procedimentos necess\u00e1rios \u00e0 certifica\u00e7\u00e3o de estabelecimentos para doen\u00e7as objeto do PNSAp.<\/p>\n\n\n\n<p><strong>PAPEL DOS M\u00c9DICOS VETERIN\u00c1RIOS DO SETOR PRIVADO<\/strong><\/p>\n\n\n\n<p>Os M\u00e9dicos Veterin\u00e1rios do setor privado poder\u00e3o prestar servi\u00e7os no \u00e2mbito do PNSAp, observado o disposto nas normas sanit\u00e1rias, em particular no que se refere aos procedimentos necess\u00e1rios \u00e0 certifica\u00e7\u00e3o de estabelecimentos para doen\u00e7as objeto do PNSAp.<\/p>\n\n\n\n<div class=\"wp-block-columns is-layout-flex wp-container-3\">\n<div class=\"wp-block-column is-layout-flow\">\n<div class=\"wp-block-stackable-button-group stk-block-button-group stk-block stk-3ceb70f\" data-block-id=\"3ceb70f\"><div class=\"stk-row stk-inner-blocks stk-block-content stk-button-group\">\n<div class=\"wp-block-stackable-button stk-block-button stk-block stk-2c444c1\" data-block-id=\"2c444c1\"><style>.stk-2c444c1,.stk-2c444c1 .stk-button{width:100% !important}.stk-2c444c1{flex:1 1 0 !important}.stk-2c444c1 .stk-button{min-height:50px !important;padding-top:8px !important;padding-right:8px !important;padding-bottom:8px !important;padding-left:8px !important;background:#034ea2 !important;border-radius:10px !important}.stk-2c444c1 .stk-button__inner-text{color:#ffffff !important;line-height:1.5em !important;font-weight:700 !important;font-style:normal !important;font-family:\"Montserrat\",Sans-serif !important;letter-spacing:0px !important}<\/style><a class=\"stk-link stk-button stk--hover-effect-darken\" href=\"https:\/\/portal.pi.gov.br\/adapi\/sapicula-legislacao\/\"><span class=\"has-text-color stk-button__inner-text\">Legisla\u00e7\u00e3o<\/span><\/a><\/div>\n<\/div><\/div>\n\n\n\n<div class=\"wp-block-stackable-button-group stk-block-button-group stk-block stk-5a2336e\" data-block-id=\"5a2336e\"><div class=\"stk-row stk-inner-blocks stk-block-content stk-button-group\">\n<div class=\"wp-block-stackable-button stk-block-button stk-block stk-b047ab6\" data-block-id=\"b047ab6\"><style>.stk-b047ab6,.stk-b047ab6 .stk-button{width:100% !important}.stk-b047ab6{flex:1 1 0 !important}.stk-b047ab6 .stk-button{min-height:50px !important;padding-top:8px !important;padding-right:8px !important;padding-bottom:8px !important;padding-left:8px !important;background:#034ea2 !important;border-radius:10px !important}.stk-b047ab6 .stk-button__inner-text{color:#ffffff !important;line-height:1.5em !important;font-weight:700 !important;font-style:normal !important;font-family:\"Montserrat\",Sans-serif !important;letter-spacing:0px !important}<\/style><a class=\"stk-link stk-button stk--hover-effect-darken\" href=\"https:\/\/portal.pi.gov.br\/adapi\/material-e-palestras-5\/\"><span class=\"has-text-color stk-button__inner-text\">Material e Palestras<\/span><\/a><\/div>\n<\/div><\/div>\n<\/div>\n\n\n\n<div class=\"wp-block-column is-layout-flow\">\n<div class=\"wp-block-stackable-button-group stk-block-button-group stk-block stk-b09a69d\" data-block-id=\"b09a69d\"><div class=\"stk-row stk-inner-blocks stk-block-content stk-button-group\">\n<div class=\"wp-block-stackable-button stk-block-button stk-block stk-fc2f269\" data-block-id=\"fc2f269\"><style>.stk-fc2f269,.stk-fc2f269 .stk-button{width:100% !important}.stk-fc2f269{flex:1 1 0 !important}.stk-fc2f269 .stk-button{min-height:50px !important;padding-top:8px !important;padding-right:8px !important;padding-bottom:8px !important;padding-left:8px !important;background:#034ea2 !important;border-radius:10px !important}.stk-fc2f269 .stk-button__inner-text{color:#ffffff !important;line-height:1.5em !important;font-weight:700 !important;font-style:normal !important;font-family:\"Montserrat\",Sans-serif !important;letter-spacing:0px !important}<\/style><a class=\"stk-link stk-button stk--hover-effect-darken\" href=\"https:\/\/portal.pi.gov.br\/adapi\/doencas-de-notificacao\/\"><span class=\"has-text-color stk-button__inner-text\">Doen\u00e7as de Notifica\u00e7\u00e3o<\/span><\/a><\/div>\n<\/div><\/div>\n<\/div>\n<\/div>\n","protected":false},"excerpt":{"rendered":"<p>Apresenta\u00e7\u00e3o &#8211; Sanidade Ap\u00edcola O Programa Nacional de Sanidade Ap\u00edcola (PNSAp) foi institu\u00eddo pela Instru\u00e7\u00e3o Normativa N\u00ba 16, de 8 de maio de 2008, do Minist\u00e9rio da Agricultura, Pecu\u00e1ria e [&hellip;]<\/p>\n","protected":false},"author":1832,"featured_media":0,"parent":0,"menu_order":0,"comment_status":"closed","ping_status":"closed","template":"template-fullwidth.php","meta":[],"featured_image_urls":{"full":"","thumbnail":"","medium":"","medium_large":"","large":"","sgg-420":"","sgg-540":"","sgg-780":"","1536x1536":"","2048x2048":"","homepage-slider":"","homepage-slider-small":"","page-top":"","page-small":"","loop-main":"","thumb-gallery-widget":""},"post_excerpt_stackable":"<p>Apresenta\u00e7\u00e3o &#8211; Sanidade Ap\u00edcola O Programa Nacional de Sanidade Ap\u00edcola (PNSAp) foi institu\u00eddo pela Instru\u00e7\u00e3o Normativa N\u00ba 16, de 8 de maio de 2008, do Minist\u00e9rio da Agricultura, Pecu\u00e1ria e Abastecimento e tem por finalidade o fortalecimento da cadeia produtiva ap\u00edcola atrav\u00e9s de a\u00e7\u00f5es de vigil\u00e2ncia e defesa sanit\u00e1ria animal. As a\u00e7\u00f5es previstas no PNSAp s\u00e3o coordenadas pelo Minist\u00e9rio da Agricultura, Pecu\u00e1ria e Abastecimento (Mapa) e executadas, no \u00e2mbito do estadual, pela Coordena\u00e7\u00e3o Estadual de Sanidade Ap\u00edcola (PESAp). Estrat\u00e9gias do Programa de Sanidade Ap\u00edcola- PNSAp: Para prevenir, controlar ou erradicar doen\u00e7as das abelhas, o PNSAp promover\u00e1 as seguintes atividades: I&hellip;<\/p>\n","category_list":"","author_info":{"name":"ETIPI","url":"https:\/\/portal.pi.gov.br\/adapi\/author\/pallomagualter\/"},"comments_num":"0 coment\u00e1rio","featured_image_urls_v2":{"full":"","thumbnail":"","medium":"","medium_large":"","large":"","sgg-420":"","sgg-540":"","sgg-780":"","1536x1536":"","2048x2048":"","homepage-slider":"","homepage-slider-small":"","page-top":"","page-small":"","loop-main":"","thumb-gallery-widget":""},"post_excerpt_stackable_v2":"<p>Apresenta\u00e7\u00e3o &#8211; Sanidade Ap\u00edcola O Programa Nacional de Sanidade Ap\u00edcola (PNSAp) foi institu\u00eddo pela Instru\u00e7\u00e3o Normativa N\u00ba 16, de 8 de maio de 2008, do Minist\u00e9rio da Agricultura, Pecu\u00e1ria e Abastecimento e tem por finalidade o fortalecimento da cadeia produtiva ap\u00edcola atrav\u00e9s de a\u00e7\u00f5es de vigil\u00e2ncia e defesa sanit\u00e1ria animal. As a\u00e7\u00f5es previstas no PNSAp s\u00e3o coordenadas pelo Minist\u00e9rio da Agricultura, Pecu\u00e1ria e Abastecimento (Mapa) e executadas, no \u00e2mbito do estadual, pela Coordena\u00e7\u00e3o Estadual de Sanidade Ap\u00edcola (PESAp). Estrat\u00e9gias do Programa de Sanidade Ap\u00edcola- PNSAp: Para prevenir, controlar ou erradicar doen\u00e7as das abelhas, o PNSAp promover\u00e1 as seguintes atividades: I&hellip;<\/p>\n","category_list_v2":"","author_info_v2":{"name":"ETIPI","url":"https:\/\/portal.pi.gov.br\/adapi\/author\/pallomagualter\/"},"comments_num_v2":"0 coment\u00e1rio","_links":{"self":[{"href":"https:\/\/portal.pi.gov.br\/adapi\/wp-json\/wp\/v2\/pages\/3881"}],"collection":[{"href":"https:\/\/portal.pi.gov.br\/adapi\/wp-json\/wp\/v2\/pages"}],"about":[{"href":"https:\/\/portal.pi.gov.br\/adapi\/wp-json\/wp\/v2\/types\/page"}],"author":[{"embeddable":true,"href":"https:\/\/portal.pi.gov.br\/adapi\/wp-json\/wp\/v2\/users\/1832"}],"replies":[{"embeddable":true,"href":"https:\/\/portal.pi.gov.br\/adapi\/wp-json\/wp\/v2\/comments?post=3881"}],"version-history":[{"count":3,"href":"https:\/\/portal.pi.gov.br\/adapi\/wp-json\/wp\/v2\/pages\/3881\/revisions"}],"predecessor-version":[{"id":4537,"href":"https:\/\/portal.pi.gov.br\/adapi\/wp-json\/wp\/v2\/pages\/3881\/revisions\/4537"}],"wp:attachment":[{"href":"https:\/\/portal.pi.gov.br\/adapi\/wp-json\/wp\/v2\/media?parent=3881"}],"curies":[{"name":"wp","href":"https:\/\/api.w.org\/{rel}","templated":true}]}}