{"id":3884,"date":"2025-07-29T12:28:38","date_gmt":"2025-07-29T15:28:38","guid":{"rendered":"https:\/\/portal.pi.gov.br\/adapi\/?page_id=3884"},"modified":"2025-11-19T11:09:55","modified_gmt":"2025-11-19T14:09:55","slug":"sanidade-avicola","status":"publish","type":"page","link":"https:\/\/portal.pi.gov.br\/adapi\/sanidade-avicola\/","title":{"rendered":"Sanidade Av\u00edcola"},"content":{"rendered":"\n<p>O <strong>Programa Estadual de Sanidade Av\u00edcola (PESA)<\/strong>, segue as diretrizes do Programa Nacional de Sanidade Av\u00edcola do Minist\u00e9rio da Agricultura e Pecu\u00e1ria (MAPA). A avicultura \u00e9 um pilar do agroneg\u00f3cio brasileiro e a prote\u00e7\u00e3o sanit\u00e1ria assegurada pelo programa previne grandes perdas econ\u00f4micas, mant\u00e9m empregos e garante a rentabilidade do setor e ainda salvaguarda a sa\u00fade p\u00fablica.<\/p>\n\n\n\n<p><\/p>\n\n\n\n<p><strong>OBJETIVOS DO PESA<\/strong><\/p>\n\n\n\n<p>Dentre os principais objetivos do programa, podemos destacar:<\/p>\n\n\n\n<ul>\n<li><strong>Preven\u00e7\u00e3o e Controle de Doen\u00e7as:<\/strong> O principal objetivo \u00e9 evitar a introdu\u00e7\u00e3o e dissemina\u00e7\u00e3o de doen\u00e7as avi\u00e1rias que possam causar preju\u00edzos econ\u00f4micos e impactos na sa\u00fade p\u00fablica.<\/li>\n<\/ul>\n\n\n\n<p><\/p>\n\n\n\n<ul>\n<li><strong>Melhoria da Qualidade Sanit\u00e1ria:<\/strong> Busca elevar o padr\u00e3o sanit\u00e1rio das granjas e dos produtos av\u00edcolas, atendendo \u00e0s exig\u00eancias dos mercados interno e externo.<\/li>\n<\/ul>\n\n\n\n<p><\/p>\n\n\n\n<ul>\n<li><strong>Prote\u00e7\u00e3o da Sa\u00fade P\u00fablica:<\/strong> Ao controlar as zoonoses, o programa atua como uma barreira protetora contra doen\u00e7as que podem ser transmitidas das aves para os humanos.<\/li>\n<\/ul>\n\n\n\n<p><\/p>\n\n\n\n<ul>\n<li><strong>Manuten\u00e7\u00e3o do Status Sanit\u00e1rio:<\/strong> Garante o reconhecimento internacional do Brasil como pa\u00eds livre ou com controle efetivo de doen\u00e7as de alto impacto, facilitando o com\u00e9rcio internacional.<\/li>\n<\/ul>\n\n\n\n<p><\/p>\n\n\n\n<ul>\n<li><strong>Fomento \u00e0 Biosseguridade:<\/strong> Estimula a ado\u00e7\u00e3o de medidas rigorosas de higiene, manejo e isolamento nas propriedades rurais.<\/li>\n<\/ul>\n\n\n\n<p><\/p>\n\n\n\n<p><strong>PRINCIPAIS A\u00c7\u00d5ES DO PROGRAMA DE SANIDADE AV\u00cdCOLA:<\/strong><\/p>\n\n\n\n<ul>\n<li>Cadastro e fiscaliza\u00e7\u00e3o de estabelecimentos av\u00edcolas comerciais.<\/li>\n\n\n\n<li>Vigil\u00e2ncia ativa e monitoramento dos plant\u00e9is av\u00edcolas.<\/li>\n\n\n\n<li>Certifica\u00e7\u00e3o de registro de estabelecimentos av\u00edcolas comerciais.<\/li>\n\n\n\n<li>Cadastro e fiscaliza\u00e7\u00e3o de lojas revendedoras de aves vivas.<\/li>\n\n\n\n<li>Atendimento a notifica\u00e7\u00e3o de suspeitas de s\u00edndromes respirat\u00f3rias e nervosas em aves.<\/li>\n\n\n\n<li>Fiscaliza\u00e7\u00e3o do tr\u00e2nsito de aves.<\/li>\n\n\n\n<li>Educa\u00e7\u00e3o Sanit\u00e1ria<\/li>\n<\/ul>\n\n\n\n<p><\/p>\n\n\n\n<p><strong>PRINCIPAIS DOEN\u00c7AS DE INTERESSE<\/strong><\/p>\n\n\n\n<p>O programa foca suas a\u00e7\u00f5es na vigil\u00e2ncia, preven\u00e7\u00e3o e erradica\u00e7\u00e3o de doen\u00e7as que representam as maiores amea\u00e7as sanit\u00e1rias e econ\u00f4micas. S\u00e3o elas:<\/p>\n\n\n\n<p>As principais doen\u00e7as de controle oficial pelo PNSA s\u00e3o:<\/p>\n\n\n\n<ul>\n<li><a href=\"https:\/\/www.gov.br\/agricultura\/pt-br\/assuntos\/sanidade-animal-e-vegetal\/saude-animal\/programas-de-saude-animal\/pnsa\/influenza-aviaria\"><strong>Influenza avi\u00e1ria \u2013&nbsp;<\/strong>Pa\u00eds livre, \u00fanico foco em aves comerciais em maio de 2025.<\/a><strong>&nbsp;<\/strong><\/li>\n\n\n\n<li><a href=\"https:\/\/www.gov.br\/agricultura\/pt-br\/assuntos\/sanidade-animal-e-vegetal\/saude-animal\/programas-de-saude-animal\/pnsa\/doenca-de-newcastle\"><strong>Doen\u00e7a de Newcastle &#8211; <\/strong>Pa\u00eds&nbsp;livre, \u00fanico foco em aves comerciais em junho de 2024.<\/a><\/li>\n\n\n\n<li><a href=\"https:\/\/www.gov.br\/agricultura\/pt-br\/assuntos\/sanidade-animal-e-vegetal\/saude-animal\/programas-de-saude-animal\/pnsa\/salmonelas\"><strong>Salmonelas:<\/strong><em>&nbsp;<\/em><em>Salmonella<\/em><em>&nbsp;Gallinarum,&nbsp;<\/em><em>Salmonella<\/em><em>&nbsp;Pullorum,&nbsp;<\/em><em>Salmonella<\/em><em>&nbsp;Enteritidis,&nbsp;<\/em><em>Salmonella Tphimurium<\/em><em>&nbsp;e salmonelas monof\u00e1sicas<\/em><\/a><\/li>\n\n\n\n<li><a href=\"https:\/\/www.gov.br\/agricultura\/pt-br\/assuntos\/sanidade-animal-e-vegetal\/saude-animal\/programas-de-saude-animal\/pnsa\/micoplasmas\"><strong>Micoplasmas \u2013\u00a0<\/strong><em>Mycoplasma gallisepticum, Mycoplasma synoviae e Mycoplasma melleagridis (perus)<\/em><\/a><\/li>\n<\/ul>\n\n\n\n<p><\/p>\n\n\n\n<p><strong>Aten\u00e7\u00e3o:<\/strong> A Doen\u00e7a de Newcastle e a Influenza Avi\u00e1ria s\u00e3o consideradas as mais graves, por seu potencial de r\u00e1pida dissemina\u00e7\u00e3o, alta mortalidade e pelas severas barreiras comerciais que causam. A manuten\u00e7\u00e3o do <em>status<\/em> de pa\u00eds livre dessas doen\u00e7as \u00e9 prioridade absoluta do programa.<\/p>\n\n\n\n<p><\/p>\n\n\n\n<div class=\"wp-block-columns is-layout-flex wp-container-3\">\n<div class=\"wp-block-column is-layout-flow\">\n<div class=\"wp-block-stackable-button-group stk-block-button-group stk-block stk-bcaada0\" data-block-id=\"bcaada0\"><div class=\"stk-row stk-inner-blocks stk-block-content stk-button-group\">\n<div class=\"wp-block-stackable-button stk-block-button stk-block stk-4a3cd82\" data-block-id=\"4a3cd82\"><style>.stk-4a3cd82,.stk-4a3cd82 .stk-button{width:100% !important}.stk-4a3cd82{flex:1 1 0 !important}.stk-4a3cd82 .stk-button{min-height:50px !important;padding-top:8px !important;padding-right:8px !important;padding-bottom:8px !important;padding-left:8px !important;background:#034ea2 !important;border-radius:10px !important}.stk-4a3cd82 .stk-button__inner-text{color:#ffffff !important;line-height:1.5em !important;font-weight:700 !important;font-style:normal !important;font-family:\"Montserrat\",Sans-serif !important;letter-spacing:0px !important}<\/style><a class=\"stk-link stk-button stk--hover-effect-darken\" href=\"https:\/\/portal.pi.gov.br\/adapi\/avicola-legislacao\/\"><span class=\"has-text-color stk-button__inner-text\">Legisla\u00e7\u00e3o<\/span><\/a><\/div>\n<\/div><\/div>\n\n\n\n<div class=\"wp-block-stackable-button-group stk-block-button-group stk-block stk-ea96a04\" data-block-id=\"ea96a04\"><div class=\"stk-row stk-inner-blocks stk-block-content stk-button-group\">\n<div class=\"wp-block-stackable-button stk-block-button stk-block stk-1385672\" data-block-id=\"1385672\"><style>.stk-1385672,.stk-1385672 .stk-button{width:100% !important}.stk-1385672{flex:1 1 0 !important}.stk-1385672 .stk-button{min-height:50px !important;padding-top:8px !important;padding-right:8px !important;padding-bottom:8px !important;padding-left:8px !important;background:#034ea2 !important;border-radius:10px !important}.stk-1385672 .stk-button__inner-text{color:#ffffff !important;line-height:1.5em !important;font-weight:700 !important;font-style:normal !important;font-family:\"Montserrat\",Sans-serif !important;letter-spacing:0px !important}<\/style><a class=\"stk-link stk-button stk--hover-effect-darken\" href=\"https:\/\/portal.pi.gov.br\/adapi\/avicola-granjas-registradas\/\"><span class=\"has-text-color stk-button__inner-text\">Granjas Registradas<\/span><\/a><\/div>\n<\/div><\/div>\n<\/div>\n\n\n\n<div class=\"wp-block-column is-layout-flow\">\n<div class=\"wp-block-stackable-button-group stk-block-button-group stk-block stk-2f72901\" data-block-id=\"2f72901\"><div class=\"stk-row stk-inner-blocks stk-block-content stk-button-group\">\n<div class=\"wp-block-stackable-button stk-block-button stk-block stk-4c37355\" data-block-id=\"4c37355\"><style>.stk-4c37355,.stk-4c37355 .stk-button{width:100% !important}.stk-4c37355{flex:1 1 0 !important}.stk-4c37355 .stk-button{min-height:50px !important;padding-top:8px !important;padding-right:8px !important;padding-bottom:8px !important;padding-left:8px !important;background:#034ea2 !important;border-radius:10px !important}.stk-4c37355 .stk-button__inner-text{color:#ffffff !important;line-height:1.5em !important;font-weight:700 !important;font-style:normal !important;font-family:\"Montserrat\",Sans-serif !important;letter-spacing:0px !important}<\/style><a class=\"stk-link stk-button stk--hover-effect-darken\" href=\"https:\/\/portal.pi.gov.br\/adapi\/avicola-doencas-de-notificacao\/\"><span class=\"has-text-color stk-button__inner-text\">Doen\u00e7as de Notifica\u00e7\u00e3o<\/span><\/a><\/div>\n<\/div><\/div>\n\n\n\n<div class=\"wp-block-stackable-button-group stk-block-button-group stk-block stk-a4bb4fe\" data-block-id=\"a4bb4fe\"><div class=\"stk-row stk-inner-blocks stk-block-content stk-button-group\">\n<div class=\"wp-block-stackable-button stk-block-button stk-block stk-186fb70\" data-block-id=\"186fb70\"><style>.stk-186fb70,.stk-186fb70 .stk-button{width:100% !important}.stk-186fb70{flex:1 1 0 !important}.stk-186fb70 .stk-button{min-height:50px !important;padding-top:8px !important;padding-right:8px !important;padding-bottom:8px !important;padding-left:8px !important;background:#034ea2 !important;border-radius:10px !important}.stk-186fb70 .stk-button__inner-text{color:#ffffff !important;line-height:1.5em !important;font-weight:700 !important;font-style:normal !important;font-family:\"Montserrat\",Sans-serif !important;letter-spacing:0px !important}<\/style><a class=\"stk-link stk-button stk--hover-effect-darken\" href=\"https:\/\/portal.pi.gov.br\/adapi\/material-e-palestras-6\/\"><span class=\"has-text-color stk-button__inner-text\">Material e Palestras<\/span><\/a><\/div>\n<\/div><\/div>\n<\/div>\n<\/div>\n","protected":false},"excerpt":{"rendered":"<p>O Programa Estadual de Sanidade Av\u00edcola (PESA), segue as diretrizes do Programa Nacional de Sanidade Av\u00edcola do Minist\u00e9rio da Agricultura e Pecu\u00e1ria (MAPA). A avicultura \u00e9 um pilar do agroneg\u00f3cio [&hellip;]<\/p>\n","protected":false},"author":1832,"featured_media":0,"parent":0,"menu_order":0,"comment_status":"closed","ping_status":"closed","template":"template-fullwidth.php","meta":[],"featured_image_urls":{"full":"","thumbnail":"","medium":"","medium_large":"","large":"","sgg-420":"","sgg-540":"","sgg-780":"","1536x1536":"","2048x2048":"","homepage-slider":"","homepage-slider-small":"","page-top":"","page-small":"","loop-main":"","thumb-gallery-widget":""},"post_excerpt_stackable":"<p>O Programa Estadual de Sanidade Av\u00edcola (PESA), segue as diretrizes do Programa Nacional de Sanidade Av\u00edcola do Minist\u00e9rio da Agricultura e Pecu\u00e1ria (MAPA). A avicultura \u00e9 um pilar do agroneg\u00f3cio brasileiro e a prote\u00e7\u00e3o sanit\u00e1ria assegurada pelo programa previne grandes perdas econ\u00f4micas, mant\u00e9m empregos e garante a rentabilidade do setor e ainda salvaguarda a sa\u00fade p\u00fablica. OBJETIVOS DO PESA Dentre os principais objetivos do programa, podemos destacar: Preven\u00e7\u00e3o e Controle de Doen\u00e7as: O principal objetivo \u00e9 evitar a introdu\u00e7\u00e3o e dissemina\u00e7\u00e3o de doen\u00e7as avi\u00e1rias que possam causar preju\u00edzos econ\u00f4micos e impactos na sa\u00fade p\u00fablica. Melhoria da Qualidade Sanit\u00e1ria: Busca elevar&hellip;<\/p>\n","category_list":"","author_info":{"name":"ETIPI","url":"https:\/\/portal.pi.gov.br\/adapi\/author\/pallomagualter\/"},"comments_num":"0 coment\u00e1rio","featured_image_urls_v2":{"full":"","thumbnail":"","medium":"","medium_large":"","large":"","sgg-420":"","sgg-540":"","sgg-780":"","1536x1536":"","2048x2048":"","homepage-slider":"","homepage-slider-small":"","page-top":"","page-small":"","loop-main":"","thumb-gallery-widget":""},"post_excerpt_stackable_v2":"<p>O Programa Estadual de Sanidade Av\u00edcola (PESA), segue as diretrizes do Programa Nacional de Sanidade Av\u00edcola do Minist\u00e9rio da Agricultura e Pecu\u00e1ria (MAPA). A avicultura \u00e9 um pilar do agroneg\u00f3cio brasileiro e a prote\u00e7\u00e3o sanit\u00e1ria assegurada pelo programa previne grandes perdas econ\u00f4micas, mant\u00e9m empregos e garante a rentabilidade do setor e ainda salvaguarda a sa\u00fade p\u00fablica. OBJETIVOS DO PESA Dentre os principais objetivos do programa, podemos destacar: Preven\u00e7\u00e3o e Controle de Doen\u00e7as: O principal objetivo \u00e9 evitar a introdu\u00e7\u00e3o e dissemina\u00e7\u00e3o de doen\u00e7as avi\u00e1rias que possam causar preju\u00edzos econ\u00f4micos e impactos na sa\u00fade p\u00fablica. Melhoria da Qualidade Sanit\u00e1ria: Busca elevar&hellip;<\/p>\n","category_list_v2":"","author_info_v2":{"name":"ETIPI","url":"https:\/\/portal.pi.gov.br\/adapi\/author\/pallomagualter\/"},"comments_num_v2":"0 coment\u00e1rio","_links":{"self":[{"href":"https:\/\/portal.pi.gov.br\/adapi\/wp-json\/wp\/v2\/pages\/3884"}],"collection":[{"href":"https:\/\/portal.pi.gov.br\/adapi\/wp-json\/wp\/v2\/pages"}],"about":[{"href":"https:\/\/portal.pi.gov.br\/adapi\/wp-json\/wp\/v2\/types\/page"}],"author":[{"embeddable":true,"href":"https:\/\/portal.pi.gov.br\/adapi\/wp-json\/wp\/v2\/users\/1832"}],"replies":[{"embeddable":true,"href":"https:\/\/portal.pi.gov.br\/adapi\/wp-json\/wp\/v2\/comments?post=3884"}],"version-history":[{"count":4,"href":"https:\/\/portal.pi.gov.br\/adapi\/wp-json\/wp\/v2\/pages\/3884\/revisions"}],"predecessor-version":[{"id":4811,"href":"https:\/\/portal.pi.gov.br\/adapi\/wp-json\/wp\/v2\/pages\/3884\/revisions\/4811"}],"wp:attachment":[{"href":"https:\/\/portal.pi.gov.br\/adapi\/wp-json\/wp\/v2\/media?parent=3884"}],"curies":[{"name":"wp","href":"https:\/\/api.w.org\/{rel}","templated":true}]}}