{"id":3887,"date":"2025-07-29T12:46:56","date_gmt":"2025-07-29T15:46:56","guid":{"rendered":"https:\/\/portal.pi.gov.br\/adapi\/?page_id=3887"},"modified":"2025-11-13T08:58:48","modified_gmt":"2025-11-13T11:58:48","slug":"sanidade-dos-equideos","status":"publish","type":"page","link":"https:\/\/portal.pi.gov.br\/adapi\/sanidade-dos-equideos\/","title":{"rendered":"Sanidade dos Equ\u00eddeos"},"content":{"rendered":"\n<p><strong>Estrat\u00e9gias do PESE<\/strong><\/p>\n\n\n\n<p>Para prevenir, controlar ou erradicar doen\u00e7as dos equ\u00eddeos, o PESE promove as seguintes atividades:<\/p>\n\n\n\n<p>I \u2013 educa\u00e7\u00e3o sanit\u00e1ria;<\/p>\n\n\n\n<p>II \u2013 estudos epidemiol\u00f3gicos;<\/p>\n\n\n\n<p>III \u2013 fiscaliza\u00e7\u00e3o e controle do tr\u00e2nsito de equ\u00eddeos;<\/p>\n\n\n\n<p>IV \u2013 cadastramento, fiscaliza\u00e7\u00e3o e certifica\u00e7\u00e3o sanit\u00e1ria de estabelecimentos; e<\/p>\n\n\n\n<p>V \u2013 interven\u00e7\u00e3o imediata quando da suspeita ou ocorr\u00eancia de doen\u00e7a de notifica\u00e7\u00e3o obrigat\u00f3ria.<\/p>\n\n\n\n<p><strong>Vigil\u00e2ncia epidemiol\u00f3gica<\/strong><\/p>\n\n\n\n<p>S\u00e3o fontes de informa\u00e7\u00e3o do sistema de vigil\u00e2ncia epidemiol\u00f3gica para doen\u00e7as dos equ\u00eddeos:<\/p>\n\n\n\n<p>I \u2013 o Servi\u00e7o Veterin\u00e1rio Oficial (Federal, Estadual ou Municipal), por meio das atividades de:<\/p>\n\n\n\n<p>a) inspe\u00e7\u00e3o em matadouros;<\/p>\n\n\n\n<p>b) fiscaliza\u00e7\u00e3o de estabelecimentos;<\/p>\n\n\n\n<p>c) fiscaliza\u00e7\u00e3o de eventos pecu\u00e1rios;<\/p>\n\n\n\n<p>d) fiscaliza\u00e7\u00e3o do tr\u00e2nsito de animais; e<\/p>\n\n\n\n<p>e) monitoramentos soro epidemiol\u00f3gicos; e<\/p>\n\n\n\n<p>II \u2013 a comunidade, representada por:<\/p>\n\n\n\n<p>a) propriet\u00e1rios de animais e seus prepostos;<\/p>\n\n\n\n<p>b) m\u00e9dicos veterin\u00e1rios, transportadores de animais e demais prestadores de servi\u00e7o agropecu\u00e1rio;<\/p>\n\n\n\n<p>c) profissionais que atuam em laborat\u00f3rios de diagn\u00f3stico veterin\u00e1rio, institui\u00e7\u00f5es de ensino ou pesquisa agropecu\u00e1ria; e<\/p>\n\n\n\n<p>d) qualquer outro cidad\u00e3o.<\/p>\n\n\n\n<p><strong>Situa\u00e7\u00e3o sanit\u00e1ria brasileira<\/strong><\/p>\n\n\n\n<p>A ocorr\u00eancia das doen\u00e7as de notifica\u00e7\u00e3o obrigat\u00f3ria no Brasil e demais pa\u00edses membros da OIE est\u00e1 dispon\u00edvel no Sistema Mundial de Informa\u00e7\u00e3o Zoossanit\u00e1ria da Organiza\u00e7\u00e3o Mundial de Sa\u00fade Animal (World Animal Health Information Database \u2013 WAHID\/OIE).<\/p>\n\n\n\n<p><strong>Papel dos propriet\u00e1rios de equ\u00eddeos:<\/strong><\/p>\n\n\n\n<p>1. Observar o disposto nas normas sanit\u00e1rias, em especial \u00e0s exig\u00eancias para o tr\u00e2nsito de equ\u00eddeos e participa\u00e7\u00e3o em exposi\u00e7\u00f5es e demais eventos de aglomera\u00e7\u00e3o (Guia de Tr\u00e2nsito Animal (GTA) e exames sanit\u00e1rios);<\/p>\n\n\n\n<p>2. Manter atualizado o cadastro junto ao Servi\u00e7o Veterin\u00e1rio Oficial;<\/p>\n\n\n\n<p>3. Comunicar imediatamente ao Servi\u00e7o Veterin\u00e1rio Oficial qualquer altera\u00e7\u00e3o significativa da condi\u00e7\u00e3o sanit\u00e1ria dos animais;<\/p>\n\n\n\n<p>4. Utilizar somente insumos agropecu\u00e1rios registrados no MAPA, respeitando as indica\u00e7\u00f5es de uso; e<\/p>\n\n\n\n<p>5. Manter o registro do tr\u00e2nsito de animais, da ocorr\u00eancia de doen\u00e7as, dos medicamentos, produtos veterin\u00e1rios e demais insumos agropecu\u00e1rios utilizados na cria\u00e7\u00e3o.A participa\u00e7\u00e3o dos propriet\u00e1rios de equ\u00eddeos, por meio da compreens\u00e3o e cumprimento das normas sanit\u00e1rias e do correto manejo dos animais, \u00e9 fundamental para a efetiva\u00e7\u00e3o dos prop\u00f3sitos do PESE.<\/p>\n\n\n\n<p><strong>Papel dos M\u00e9dicos Veterin\u00e1rios do setor privado:<\/strong><\/p>\n\n\n\n<p>Os M\u00e9dicos Veterin\u00e1rios do setor privado poder\u00e3o prestar servi\u00e7os no \u00e2mbito do PESE,&nbsp;<strong>observado o disposto nas normas sanit\u00e1rias<\/strong>, em particular no que se refere \u00e0 colheita de amostras biol\u00f3gicas, requisi\u00e7\u00e3o de exames para diagn\u00f3stico laboratorial e procedimentos necess\u00e1rios \u00e0 certifica\u00e7\u00e3o de estabelecimentos para doen\u00e7as objeto do PESE.<\/p>\n\n\n\n<div class=\"wp-block-columns is-layout-flex wp-container-3\">\n<div class=\"wp-block-column is-layout-flow\">\n<div class=\"wp-block-stackable-button-group stk-block-button-group stk-block stk-93539d4\" data-block-id=\"93539d4\"><div class=\"stk-row stk-inner-blocks stk-block-content stk-button-group\">\n<div class=\"wp-block-stackable-button stk-block-button stk-block stk-5315593\" data-block-id=\"5315593\"><style>.stk-5315593,.stk-5315593 .stk-button{width:100% !important}.stk-5315593{flex:1 1 0 !important}.stk-5315593 .stk-button{min-height:50px !important;padding-top:8px !important;padding-right:8px !important;padding-bottom:8px !important;padding-left:8px !important;background:#034ea2 !important;border-radius:10px !important}.stk-5315593 .stk-button__inner-text{color:#ffffff !important;line-height:1.5em !important;font-weight:700 !important;font-style:normal !important;font-family:\"Montserrat\",Sans-serif !important;letter-spacing:0px !important}<\/style><a class=\"stk-link stk-button stk--hover-effect-darken\" href=\"https:\/\/portal.pi.gov.br\/adapi\/equideos-legislacao\/\"><span class=\"has-text-color stk-button__inner-text\">Legisla\u00e7\u00e3o<\/span><\/a><\/div>\n<\/div><\/div>\n\n\n\n<div class=\"wp-block-stackable-button-group stk-block-button-group stk-block stk-d89c369\" data-block-id=\"d89c369\"><div class=\"stk-row stk-inner-blocks stk-block-content stk-button-group\">\n<div class=\"wp-block-stackable-button stk-block-button stk-block stk-bfbc75c\" data-block-id=\"bfbc75c\"><style>.stk-bfbc75c,.stk-bfbc75c .stk-button{width:100% !important}.stk-bfbc75c{flex:1 1 0 !important}.stk-bfbc75c .stk-button{min-height:50px !important;padding-top:8px !important;padding-right:8px !important;padding-bottom:8px !important;padding-left:8px !important;background:#034ea2 !important;border-radius:10px !important}.stk-bfbc75c .stk-button__inner-text{color:#ffffff !important;line-height:1.5em !important;font-weight:700 !important;font-style:normal !important;font-family:\"Montserrat\",Sans-serif !important;letter-spacing:0px !important}<\/style><a class=\"stk-link stk-button stk--hover-effect-darken\" href=\"https:\/\/portal.pi.gov.br\/adapi\/material-e-palestras-7\/\"><span class=\"has-text-color stk-button__inner-text\">Material e Palestras<\/span><\/a><\/div>\n<\/div><\/div>\n<\/div>\n\n\n\n<div class=\"wp-block-column is-layout-flow\">\n<div class=\"wp-block-stackable-button-group stk-block-button-group stk-block stk-fee8a7c\" data-block-id=\"fee8a7c\"><div class=\"stk-row stk-inner-blocks stk-block-content stk-button-group\">\n<div class=\"wp-block-stackable-button stk-block-button stk-block stk-3653880\" data-block-id=\"3653880\"><style>.stk-3653880,.stk-3653880 .stk-button{width:100% !important}.stk-3653880{flex:1 1 0 !important}.stk-3653880 .stk-button{min-height:50px !important;padding-top:8px !important;padding-right:8px !important;padding-bottom:8px !important;padding-left:8px !important;background:#034ea2 !important;border-radius:10px !important}.stk-3653880 .stk-button__inner-text{color:#ffffff !important;line-height:1.5em !important;font-weight:700 !important;font-style:normal !important;font-family:\"Montserrat\",Sans-serif !important;letter-spacing:0px !important}<\/style><a class=\"stk-link stk-button stk--hover-effect-darken\" href=\"https:\/\/portal.pi.gov.br\/adapi\/equideos-doencas-de-notificacao\/\"><span class=\"has-text-color stk-button__inner-text\">Doen\u00e7as de Notifica\u00e7\u00e3o<\/span><\/a><\/div>\n<\/div><\/div>\n<\/div>\n<\/div>\n","protected":false},"excerpt":{"rendered":"<p>Estrat\u00e9gias do PESE Para prevenir, controlar ou erradicar doen\u00e7as dos equ\u00eddeos, o PESE promove as seguintes atividades: I \u2013 educa\u00e7\u00e3o sanit\u00e1ria; II \u2013 estudos epidemiol\u00f3gicos; III \u2013 fiscaliza\u00e7\u00e3o e controle [&hellip;]<\/p>\n","protected":false},"author":1832,"featured_media":0,"parent":0,"menu_order":0,"comment_status":"closed","ping_status":"closed","template":"template-fullwidth.php","meta":[],"featured_image_urls":{"full":"","thumbnail":"","medium":"","medium_large":"","large":"","sgg-420":"","sgg-540":"","sgg-780":"","1536x1536":"","2048x2048":"","homepage-slider":"","homepage-slider-small":"","page-top":"","page-small":"","loop-main":"","thumb-gallery-widget":""},"post_excerpt_stackable":"<p>Estrat\u00e9gias do PESE Para prevenir, controlar ou erradicar doen\u00e7as dos equ\u00eddeos, o PESE promove as seguintes atividades: I \u2013 educa\u00e7\u00e3o sanit\u00e1ria; II \u2013 estudos epidemiol\u00f3gicos; III \u2013 fiscaliza\u00e7\u00e3o e controle do tr\u00e2nsito de equ\u00eddeos; IV \u2013 cadastramento, fiscaliza\u00e7\u00e3o e certifica\u00e7\u00e3o sanit\u00e1ria de estabelecimentos; e V \u2013 interven\u00e7\u00e3o imediata quando da suspeita ou ocorr\u00eancia de doen\u00e7a de notifica\u00e7\u00e3o obrigat\u00f3ria. Vigil\u00e2ncia epidemiol\u00f3gica S\u00e3o fontes de informa\u00e7\u00e3o do sistema de vigil\u00e2ncia epidemiol\u00f3gica para doen\u00e7as dos equ\u00eddeos: I \u2013 o Servi\u00e7o Veterin\u00e1rio Oficial (Federal, Estadual ou Municipal), por meio das atividades de: a) inspe\u00e7\u00e3o em matadouros; b) fiscaliza\u00e7\u00e3o de estabelecimentos; c) fiscaliza\u00e7\u00e3o de eventos&hellip;<\/p>\n","category_list":"","author_info":{"name":"ETIPI","url":"https:\/\/portal.pi.gov.br\/adapi\/author\/pallomagualter\/"},"comments_num":"0 coment\u00e1rio","featured_image_urls_v2":{"full":"","thumbnail":"","medium":"","medium_large":"","large":"","sgg-420":"","sgg-540":"","sgg-780":"","1536x1536":"","2048x2048":"","homepage-slider":"","homepage-slider-small":"","page-top":"","page-small":"","loop-main":"","thumb-gallery-widget":""},"post_excerpt_stackable_v2":"<p>Estrat\u00e9gias do PESE Para prevenir, controlar ou erradicar doen\u00e7as dos equ\u00eddeos, o PESE promove as seguintes atividades: I \u2013 educa\u00e7\u00e3o sanit\u00e1ria; II \u2013 estudos epidemiol\u00f3gicos; III \u2013 fiscaliza\u00e7\u00e3o e controle do tr\u00e2nsito de equ\u00eddeos; IV \u2013 cadastramento, fiscaliza\u00e7\u00e3o e certifica\u00e7\u00e3o sanit\u00e1ria de estabelecimentos; e V \u2013 interven\u00e7\u00e3o imediata quando da suspeita ou ocorr\u00eancia de doen\u00e7a de notifica\u00e7\u00e3o obrigat\u00f3ria. Vigil\u00e2ncia epidemiol\u00f3gica S\u00e3o fontes de informa\u00e7\u00e3o do sistema de vigil\u00e2ncia epidemiol\u00f3gica para doen\u00e7as dos equ\u00eddeos: I \u2013 o Servi\u00e7o Veterin\u00e1rio Oficial (Federal, Estadual ou Municipal), por meio das atividades de: a) inspe\u00e7\u00e3o em matadouros; b) fiscaliza\u00e7\u00e3o de estabelecimentos; c) fiscaliza\u00e7\u00e3o de eventos&hellip;<\/p>\n","category_list_v2":"","author_info_v2":{"name":"ETIPI","url":"https:\/\/portal.pi.gov.br\/adapi\/author\/pallomagualter\/"},"comments_num_v2":"0 coment\u00e1rio","_links":{"self":[{"href":"https:\/\/portal.pi.gov.br\/adapi\/wp-json\/wp\/v2\/pages\/3887"}],"collection":[{"href":"https:\/\/portal.pi.gov.br\/adapi\/wp-json\/wp\/v2\/pages"}],"about":[{"href":"https:\/\/portal.pi.gov.br\/adapi\/wp-json\/wp\/v2\/types\/page"}],"author":[{"embeddable":true,"href":"https:\/\/portal.pi.gov.br\/adapi\/wp-json\/wp\/v2\/users\/1832"}],"replies":[{"embeddable":true,"href":"https:\/\/portal.pi.gov.br\/adapi\/wp-json\/wp\/v2\/comments?post=3887"}],"version-history":[{"count":4,"href":"https:\/\/portal.pi.gov.br\/adapi\/wp-json\/wp\/v2\/pages\/3887\/revisions"}],"predecessor-version":[{"id":4781,"href":"https:\/\/portal.pi.gov.br\/adapi\/wp-json\/wp\/v2\/pages\/3887\/revisions\/4781"}],"wp:attachment":[{"href":"https:\/\/portal.pi.gov.br\/adapi\/wp-json\/wp\/v2\/media?parent=3887"}],"curies":[{"name":"wp","href":"https:\/\/api.w.org\/{rel}","templated":true}]}}