{"id":3897,"date":"2025-07-29T12:57:08","date_gmt":"2025-07-29T15:57:08","guid":{"rendered":"https:\/\/portal.pi.gov.br\/adapi\/?page_id=3897"},"modified":"2025-11-13T09:48:26","modified_gmt":"2025-11-13T12:48:26","slug":"sanidade-dos-suideos","status":"publish","type":"page","link":"https:\/\/portal.pi.gov.br\/adapi\/sanidade-dos-suideos\/","title":{"rendered":"Sanidade dos Su\u00eddeos"},"content":{"rendered":"\n<p><strong><u>Apresenta\u00e7\u00e3o<\/u><\/strong><\/p>\n\n\n<div class=\"wp-block-image\">\n<figure class=\"alignright size-full is-resized\"><img decoding=\"async\" loading=\"lazy\" src=\"https:\/\/portal.pi.gov.br\/adapi\/wp-content\/uploads\/sites\/103\/2025\/11\/SITUACAO-SANITARIA-DA-PSC.jpg\" alt=\"\" class=\"wp-image-4782\" width=\"379\" height=\"275\" srcset=\"https:\/\/portal.pi.gov.br\/adapi\/wp-content\/uploads\/sites\/103\/2025\/11\/SITUACAO-SANITARIA-DA-PSC.jpg 827w, https:\/\/portal.pi.gov.br\/adapi\/wp-content\/uploads\/sites\/103\/2025\/11\/SITUACAO-SANITARIA-DA-PSC-300x218.jpg 300w, https:\/\/portal.pi.gov.br\/adapi\/wp-content\/uploads\/sites\/103\/2025\/11\/SITUACAO-SANITARIA-DA-PSC-768x557.jpg 768w, https:\/\/portal.pi.gov.br\/adapi\/wp-content\/uploads\/sites\/103\/2025\/11\/SITUACAO-SANITARIA-DA-PSC-420x305.jpg 420w, https:\/\/portal.pi.gov.br\/adapi\/wp-content\/uploads\/sites\/103\/2025\/11\/SITUACAO-SANITARIA-DA-PSC-540x392.jpg 540w, https:\/\/portal.pi.gov.br\/adapi\/wp-content\/uploads\/sites\/103\/2025\/11\/SITUACAO-SANITARIA-DA-PSC-780x566.jpg 780w, https:\/\/portal.pi.gov.br\/adapi\/wp-content\/uploads\/sites\/103\/2025\/11\/SITUACAO-SANITARIA-DA-PSC-624x453.jpg 624w\" sizes=\"(max-width: 379px) 100vw, 379px\" \/><figcaption class=\"wp-element-caption\"><strong><mark style=\"background-color:#005587\" class=\"has-inline-color has-white-color\">SITUA\u00c7\u00c3O SANIT\u00c1RIA DA PSC<\/mark><\/strong><\/figcaption><\/figure><\/div>\n\n\n<p>O Programa Estadual de Sanidade dos Su\u00eddeos \u2013PESS visa manter o controle da sanidade do rebanho su\u00edno, concentrando seus esfor\u00e7os nas doen\u00e7as da lista da Organiza\u00e7\u00e3o Mundial de Sa\u00fade Animal &#8211; OIE. Tais enfermidades se caracterizam pelo grande poder de difus\u00e3o, consequ\u00eancias econ\u00f4micas ou sanit\u00e1rias graves e repercuss\u00e3o no com\u00e9rcio internacional, como a Peste Su\u00edna Cl\u00e1ssica \u2013 PSC.<\/p>\n\n\n\n<p>As atividades do programa est\u00e3o voltadas para a preven\u00e7\u00e3o de doen\u00e7as, para o reconhecimento, manuten\u00e7\u00e3o e amplia\u00e7\u00e3o de zonas livres de doen\u00e7as e na certifica\u00e7\u00e3o e monitoramento de granjas de reprodutores Su\u00eddeos &#8211; GRSC. Estas atividades est\u00e3o descritas no Regulamento T\u00e9cnico do Programa Nacional de Sanidade dos Su\u00eddeos &#8211; PNSS, aprovado pela Instru\u00e7\u00e3o Normativa n\u00ba 47, de 18\/6\/2004, que prev\u00ea o controle sanit\u00e1rio oficial a ser realizado nos estabelecimentos de cria\u00e7\u00e3o de su\u00eddeos que desenvolvam atividades relacionadas \u00e0 produ\u00e7\u00e3o, reprodu\u00e7\u00e3o, comercializa\u00e7\u00e3o, distribui\u00e7\u00e3o de su\u00eddeos e material de multiplica\u00e7\u00e3o de origem su\u00eddea, bem como impedir a introdu\u00e7\u00e3o de doen\u00e7as ex\u00f3ticas e controlar ou erradicar aquelas j\u00e1 existentes no Brasil.<\/p>\n\n\n\n<p>O Piau\u00ed faz parte da Zona N\u00e3o Livre de PSC. Desde 2016, o Programa Estadual de Sanidade dos Su\u00eddeos \u2013 PESS, desenvolve atividades objetivando a elimina\u00e7\u00e3o da doen\u00e7a. Atualmente, o estado faz parte do projeto \u201cBrasil livre de Peste Su\u00edna Cl\u00e1ssica\u201d,juntamente com os estados de Alagoas, Amap\u00e1, Amazonas, Cear\u00e1, Maranh\u00e3o, Par\u00e1,Para\u00edba, Pernambuco, Rio Grande do Norte e Roraima, que tem como finalidade erradicara doen\u00e7a do territ\u00f3rio nacional.<\/p>\n\n\n\n<p>A Zona Livre de PSC \u00e9 composta pelo Acre, Bahia, Distrito Federal, Esp\u00edrito Santo,Goi\u00e1s, Mato Grosso, Mato Grosso do Sul, Minas Gerais, Paran\u00e1, Rio de Janeiro, Rio Grande do Sul, Rond\u00f4nia, Santa Catarina, S\u00e3o Paulo, Sergipe, Tocantins e os Munic\u00edpios de Guajar\u00e1, Boca do Acre, sul do Munic\u00edpio de Canutama e sudoeste do Munic\u00edpio de L\u00e1brea, pertencentes ao Estado do Amazonas. O status desta zona possui reconhecimento internacional pela Organiza\u00e7\u00e3o Mundial da Sa\u00fade Animal \u2013 OIE.<\/p>\n\n\n\n<div class=\"wp-block-columns is-layout-flex wp-container-3\">\n<div class=\"wp-block-column is-layout-flow\">\n<div class=\"wp-block-stackable-button-group stk-block-button-group stk-block stk-a429942\" data-block-id=\"a429942\"><div class=\"stk-row stk-inner-blocks stk-block-content stk-button-group\">\n<div class=\"wp-block-stackable-button stk-block-button stk-block stk-b1a91d1\" data-block-id=\"b1a91d1\"><style>.stk-b1a91d1,.stk-b1a91d1 .stk-button{width:100% !important}.stk-b1a91d1{flex:1 1 0 !important}.stk-b1a91d1 .stk-button{min-height:50px !important;padding-top:8px !important;padding-right:8px !important;padding-bottom:8px !important;padding-left:8px !important;background:#034ea2 !important;border-radius:10px !important}.stk-b1a91d1 .stk-button__inner-text{color:#ffffff !important;line-height:1.5em !important;font-weight:700 !important;font-style:normal !important;font-family:\"Montserrat\",Sans-serif !important;letter-spacing:0px !important}<\/style><a class=\"stk-link stk-button stk--hover-effect-darken\" href=\"https:\/\/portal.pi.gov.br\/adapi\/suideos-legislacao\/\"><span class=\"has-text-color stk-button__inner-text\">Legisla\u00e7\u00e3o<\/span><\/a><\/div>\n<\/div><\/div>\n\n\n\n<div class=\"wp-block-stackable-button-group stk-block-button-group stk-block stk-986c029\" data-block-id=\"986c029\"><div class=\"stk-row stk-inner-blocks stk-block-content stk-button-group\">\n<div class=\"wp-block-stackable-button stk-block-button stk-block stk-15960cc\" data-block-id=\"15960cc\"><style>.stk-15960cc,.stk-15960cc .stk-button{width:100% !important}.stk-15960cc{flex:1 1 0 !important}.stk-15960cc .stk-button{min-height:50px !important;padding-top:8px !important;padding-right:8px !important;padding-bottom:8px !important;padding-left:8px !important;background:#034ea2 !important;border-radius:10px !important}.stk-15960cc .stk-button__inner-text{color:#ffffff !important;line-height:1.5em !important;font-weight:700 !important;font-style:normal !important;font-family:\"Montserrat\",Sans-serif !important;letter-spacing:0px !important}<\/style><a class=\"stk-link stk-button stk--hover-effect-darken\" href=\"https:\/\/portal.pi.gov.br\/adapi\/material-e-palestras-9\/\"><span class=\"has-text-color stk-button__inner-text\">Material e Palestras<\/span><\/a><\/div>\n<\/div><\/div>\n<\/div>\n\n\n\n<div class=\"wp-block-column is-layout-flow\">\n<div class=\"wp-block-stackable-button-group stk-block-button-group stk-block stk-13f94a8\" data-block-id=\"13f94a8\"><div class=\"stk-row stk-inner-blocks stk-block-content stk-button-group\">\n<div class=\"wp-block-stackable-button stk-block-button stk-block stk-45d90ce\" data-block-id=\"45d90ce\"><style>.stk-45d90ce,.stk-45d90ce .stk-button{width:100% !important}.stk-45d90ce{flex:1 1 0 !important}.stk-45d90ce .stk-button{min-height:50px !important;padding-top:8px !important;padding-right:8px !important;padding-bottom:8px !important;padding-left:8px !important;background:#034ea2 !important;border-radius:10px !important}.stk-45d90ce .stk-button__inner-text{color:#ffffff !important;line-height:1.5em !important;font-weight:700 !important;font-style:normal !important;font-family:\"Montserrat\",Sans-serif !important;letter-spacing:0px !important}<\/style><a class=\"stk-link stk-button stk--hover-effect-darken\" href=\"https:\/\/portal.pi.gov.br\/adapi\/suideos-doencas-de-notificacao\/\"><span class=\"has-text-color stk-button__inner-text\">Doen\u00e7as de Notifica\u00e7\u00e3o<\/span><\/a><\/div>\n<\/div><\/div>\n<\/div>\n<\/div>\n","protected":false},"excerpt":{"rendered":"<p>Apresenta\u00e7\u00e3o O Programa Estadual de Sanidade dos Su\u00eddeos \u2013PESS visa manter o controle da sanidade do rebanho su\u00edno, concentrando seus esfor\u00e7os nas doen\u00e7as da lista da Organiza\u00e7\u00e3o Mundial de Sa\u00fade [&hellip;]<\/p>\n","protected":false},"author":1832,"featured_media":0,"parent":0,"menu_order":0,"comment_status":"closed","ping_status":"closed","template":"template-fullwidth.php","meta":[],"featured_image_urls":{"full":"","thumbnail":"","medium":"","medium_large":"","large":"","sgg-420":"","sgg-540":"","sgg-780":"","1536x1536":"","2048x2048":"","homepage-slider":"","homepage-slider-small":"","page-top":"","page-small":"","loop-main":"","thumb-gallery-widget":""},"post_excerpt_stackable":"<p>Apresenta\u00e7\u00e3o SITUA\u00c7\u00c3O SANIT\u00c1RIA DA PSC O Programa Estadual de Sanidade dos Su\u00eddeos \u2013PESS visa manter o controle da sanidade do rebanho su\u00edno, concentrando seus esfor\u00e7os nas doen\u00e7as da lista da Organiza\u00e7\u00e3o Mundial de Sa\u00fade Animal &#8211; OIE. Tais enfermidades se caracterizam pelo grande poder de difus\u00e3o, consequ\u00eancias econ\u00f4micas ou sanit\u00e1rias graves e repercuss\u00e3o no com\u00e9rcio internacional, como a Peste Su\u00edna Cl\u00e1ssica \u2013 PSC. As atividades do programa est\u00e3o voltadas para a preven\u00e7\u00e3o de doen\u00e7as, para o reconhecimento, manuten\u00e7\u00e3o e amplia\u00e7\u00e3o de zonas livres de doen\u00e7as e na certifica\u00e7\u00e3o e monitoramento de granjas de reprodutores Su\u00eddeos &#8211; GRSC. Estas atividades est\u00e3o&hellip;<\/p>\n","category_list":"","author_info":{"name":"ETIPI","url":"https:\/\/portal.pi.gov.br\/adapi\/author\/pallomagualter\/"},"comments_num":"0 coment\u00e1rio","featured_image_urls_v2":{"full":"","thumbnail":"","medium":"","medium_large":"","large":"","sgg-420":"","sgg-540":"","sgg-780":"","1536x1536":"","2048x2048":"","homepage-slider":"","homepage-slider-small":"","page-top":"","page-small":"","loop-main":"","thumb-gallery-widget":""},"post_excerpt_stackable_v2":"<p>Apresenta\u00e7\u00e3o SITUA\u00c7\u00c3O SANIT\u00c1RIA DA PSC O Programa Estadual de Sanidade dos Su\u00eddeos \u2013PESS visa manter o controle da sanidade do rebanho su\u00edno, concentrando seus esfor\u00e7os nas doen\u00e7as da lista da Organiza\u00e7\u00e3o Mundial de Sa\u00fade Animal &#8211; OIE. Tais enfermidades se caracterizam pelo grande poder de difus\u00e3o, consequ\u00eancias econ\u00f4micas ou sanit\u00e1rias graves e repercuss\u00e3o no com\u00e9rcio internacional, como a Peste Su\u00edna Cl\u00e1ssica \u2013 PSC. As atividades do programa est\u00e3o voltadas para a preven\u00e7\u00e3o de doen\u00e7as, para o reconhecimento, manuten\u00e7\u00e3o e amplia\u00e7\u00e3o de zonas livres de doen\u00e7as e na certifica\u00e7\u00e3o e monitoramento de granjas de reprodutores Su\u00eddeos &#8211; GRSC. Estas atividades est\u00e3o&hellip;<\/p>\n","category_list_v2":"","author_info_v2":{"name":"ETIPI","url":"https:\/\/portal.pi.gov.br\/adapi\/author\/pallomagualter\/"},"comments_num_v2":"0 coment\u00e1rio","_links":{"self":[{"href":"https:\/\/portal.pi.gov.br\/adapi\/wp-json\/wp\/v2\/pages\/3897"}],"collection":[{"href":"https:\/\/portal.pi.gov.br\/adapi\/wp-json\/wp\/v2\/pages"}],"about":[{"href":"https:\/\/portal.pi.gov.br\/adapi\/wp-json\/wp\/v2\/types\/page"}],"author":[{"embeddable":true,"href":"https:\/\/portal.pi.gov.br\/adapi\/wp-json\/wp\/v2\/users\/1832"}],"replies":[{"embeddable":true,"href":"https:\/\/portal.pi.gov.br\/adapi\/wp-json\/wp\/v2\/comments?post=3897"}],"version-history":[{"count":5,"href":"https:\/\/portal.pi.gov.br\/adapi\/wp-json\/wp\/v2\/pages\/3897\/revisions"}],"predecessor-version":[{"id":4800,"href":"https:\/\/portal.pi.gov.br\/adapi\/wp-json\/wp\/v2\/pages\/3897\/revisions\/4800"}],"wp:attachment":[{"href":"https:\/\/portal.pi.gov.br\/adapi\/wp-json\/wp\/v2\/media?parent=3897"}],"curies":[{"name":"wp","href":"https:\/\/api.w.org\/{rel}","templated":true}]}}