{"id":3900,"date":"2025-07-29T12:59:37","date_gmt":"2025-07-29T15:59:37","guid":{"rendered":"https:\/\/portal.pi.gov.br\/adapi\/?page_id=3900"},"modified":"2026-02-11T07:44:38","modified_gmt":"2026-02-11T10:44:38","slug":"vigilancia-epidemiologica","status":"publish","type":"page","link":"https:\/\/portal.pi.gov.br\/adapi\/vigilancia-epidemiologica\/","title":{"rendered":"Vigil\u00e2ncia Epidemiol\u00f3gica"},"content":{"rendered":"\n<p>A vigil\u00e2ncia epidemiol\u00f3gica \u00e9 caracterizada como um conjunto de procedimentos, de natureza sistem\u00e1tica e permanente, por meio do qual tomamos conhecimento dos eventos relacionados com a presen\u00e7a de doen\u00e7as e os respectivos meios de combate, em uma determinada \u00e1rea geogr\u00e1fica.<\/p>\n\n\n\n<p>Dessa forma, entende-se como vigil\u00e2ncia epidemiol\u00f3gica todas as atividades regulares que tem por objetivo averiguar o estado de sa\u00fade de uma determinada popula\u00e7\u00e3o com o prop\u00f3sito de detectar e controlar as doen\u00e7as dos animais de import\u00e2ncia para a economia dos pa\u00edses, seguran\u00e7a dos alimentos e correspondente com\u00e9rcio.<\/p>\n\n\n\n<p>Dentre as principais finalidades da vigil\u00e2ncia epidemiol\u00f3gica destacam-se a investiga\u00e7\u00e3o e identifica\u00e7\u00e3o das causas e ecologia das enfermidades que afetam os rebanhos, visando seu controle, erradica\u00e7\u00e3o ou preven\u00e7\u00e3o. Tamb\u00e9m a avalia\u00e7\u00e3o dos riscos e o impacto econ\u00f4mico dos efeitos das enfermidades nas popula\u00e7\u00f5es animais, assim como das estrat\u00e9gias adotadas para controle ou preven\u00e7\u00e3o, auxiliando no planejamento dos programas de sanidade animal.<\/p>\n\n\n\n<p><strong>A\u00e7\u00f5es Desenvolvidas<\/strong><\/p>\n\n\n\n<p>Atividades de educa\u00e7\u00e3o sanit\u00e1ria voltadas \u00e0 sensibiliza\u00e7\u00e3o das principais fontes de informa\u00e7\u00e3o (produtores, profissionais da \u00e1rea de sa\u00fade animal, institui\u00e7\u00f5es de ensino e pesquisa) para a identifica\u00e7\u00e3o e notifica\u00e7\u00e3o de doen\u00e7as animais terrestres inscritas na IN n\u00b050 de 24\/09\/2013 do Mapa e doen\u00e7as dos animais aqu\u00e1ticos (Portaria n\u00ba 19, de 04\/02\/2015);<\/p>\n\n\n\n<p>Monitoramento e capta\u00e7\u00e3o de dados no e-SISBRAVET (Sistema Brasileiro de Vigil\u00e2ncia e Emerg\u00eancia Veterin\u00e1rias), que \u00e9 a ferramenta eletr\u00f4nica espec\u00edfica para gest\u00e3o dos dados obtidos na vigil\u00e2ncia em sa\u00fade animal, desenvolvida para o registro e acompanhamento das notifica\u00e7\u00f5es de suspeitas de doen\u00e7as e das investiga\u00e7\u00f5es realizadas pelo Servi\u00e7o Veterin\u00e1rio Oficial (SVO).<br><\/p>\n\n\n\n<ul>\n<li>Orienta\u00e7\u00e3o e acompanhamento das atividades de vigil\u00e2ncia epidemiol\u00f3gica;<\/li>\n<\/ul>\n\n\n\n<ul>\n<li>Elabora\u00e7\u00e3o de formul\u00e1rios, documentos t\u00e9cnicos e instru\u00e7\u00f5es para a colheita de dados e investiga\u00e7\u00e3o de eventos sanit\u00e1rios;<\/li>\n<\/ul>\n\n\n\n<ul>\n<li>Elabora\u00e7\u00e3o e an\u00e1lises de estudos epidemiol\u00f3gicos sobre as enfermidades que afetam os animais do Piau\u00ed;<\/li>\n<\/ul>\n\n\n\n<ul>\n<li>Elabora\u00e7\u00e3o e manuten\u00e7\u00e3o de bases de dados das investiga\u00e7\u00f5es das enfermidades; Proposi\u00e7\u00e3o de estrat\u00e9gias de controle, elimina\u00e7\u00e3o e preven\u00e7\u00e3o de enfermidades relacionadas \u00e0 defesa sanit\u00e1ria animal.<\/li>\n<\/ul>\n\n\n\n<p><br><strong>NOTIFICA\u00c7\u00c3O DE DOEN\u00c7AS ANIMAIS<\/strong><\/p>\n\n\n\n<h3 class=\"wp-block-heading\">Import\u00e2ncia da notifica\u00e7\u00e3o<\/h3>\n\n\n\n<p>A notifica\u00e7\u00e3o imediata de determinadas doen\u00e7as animais \u00e9 fundamental para a prote\u00e7\u00e3o da pecu\u00e1ria, economia e sa\u00fade p\u00fablica.&nbsp;<\/p>\n\n\n\n<p>A notifica\u00e7\u00e3o \u00e9 obrigat\u00f3ria para qualquer cidad\u00e3o ou produtor, assim como para profissionais que atuam na \u00e1rea de Sa\u00fade Animal, sempre que houver <strong>suspeita ou ocorr\u00eancia de doen\u00e7as<\/strong><strong>.<\/strong><\/p>\n\n\n\n<p>Ap\u00f3s a notifica\u00e7\u00e3o, uma equipe da Adapi realizar\u00e1 a investiga\u00e7\u00e3o cl\u00ednica e epidemiol\u00f3gica da ocorr\u00eancia. Quanto mais r\u00e1pida a notifica\u00e7\u00e3o, mais \u00e1gil ser\u00e1 a a\u00e7\u00e3o da Adapi para garantir a prote\u00e7\u00e3o do rebanho piauiense.<\/p>\n\n\n\n<p>Por meio da notifica\u00e7\u00e3o, a Adapi pode:<\/p>\n\n\n\n<ul>\n<li>Monitorar e acompanhar a ocorr\u00eancia de doen\u00e7as no Piau\u00ed;<\/li>\n\n\n\n<li>Adotar estrat\u00e9gias r\u00e1pidas de controle e erradica\u00e7\u00e3o;<\/li>\n\n\n\n<li>Proteger a sanidade animal e a produ\u00e7\u00e3o agropecu\u00e1ria;<\/li>\n\n\n\n<li>Garantir o cumprimento das normas sanit\u00e1rias estaduais e federais.<\/li>\n<\/ul>\n\n\n\n<p>Ao observar sinais de doen\u00e7as em animais, notifique imediatamente. Sua comunica\u00e7\u00e3o contribui para o fortalecimento da pecu\u00e1ria piauiense e prote\u00e7\u00e3o da sa\u00fade p\u00fablica.<\/p>\n\n\n\n<h3 class=\"wp-block-heading\"><br>Como notificar uma doen\u00e7a?<\/h3>\n\n\n\n<p><br>A notifica\u00e7\u00e3o pode ser feita de <strong>tr\u00eas maneiras<\/strong>:<\/p>\n\n\n\n<h4 class=\"wp-block-heading\">1 &#8211; Pelo Sistema SISBRAVET<br><br><\/h4>\n\n\n\n<p>O&nbsp;<strong>Sistema Brasileiro de Vigil\u00e2ncia e Emerg\u00eancias Veterin\u00e1rias (SISBRAVET)<\/strong>&nbsp;\u00e9 a plataforma oficial do Minist\u00e9rio da Agricultura e Pecu\u00e1ria (Mapa).<\/p>\n\n\n\n<p>\u00c9 poss\u00edvel registrar a notifica\u00e7\u00e3o acessando o link: <a rel=\"noreferrer noopener\" href=\"https:\/\/sistemasweb4.agricultura.gov.br\/sisbravet\/manterNotificacao!abrirFormInternet.action\" target=\"_blank\">https:\/\/sistemasweb4.agricultura.gov.br\/sisbravet\/manterNotificacao!abrirFormInternet.action<\/a><\/p>\n\n\n\n<p>*Clique no link para acessar a p\u00e1gina abaixo<\/p>\n\n\n\n<figure class=\"wp-block-image size-large is-resized\"><img decoding=\"async\" loading=\"lazy\" src=\"https:\/\/portal.pi.gov.br\/adapi\/wp-content\/uploads\/sites\/103\/2026\/02\/TELA-NOTIFICACAO-1024x396.png\" alt=\"\" class=\"wp-image-5044\" width=\"840\" height=\"324\" srcset=\"https:\/\/portal.pi.gov.br\/adapi\/wp-content\/uploads\/sites\/103\/2026\/02\/TELA-NOTIFICACAO-1024x396.png 1024w, https:\/\/portal.pi.gov.br\/adapi\/wp-content\/uploads\/sites\/103\/2026\/02\/TELA-NOTIFICACAO-300x116.png 300w, https:\/\/portal.pi.gov.br\/adapi\/wp-content\/uploads\/sites\/103\/2026\/02\/TELA-NOTIFICACAO-768x297.png 768w, https:\/\/portal.pi.gov.br\/adapi\/wp-content\/uploads\/sites\/103\/2026\/02\/TELA-NOTIFICACAO-420x162.png 420w, https:\/\/portal.pi.gov.br\/adapi\/wp-content\/uploads\/sites\/103\/2026\/02\/TELA-NOTIFICACAO-540x209.png 540w, https:\/\/portal.pi.gov.br\/adapi\/wp-content\/uploads\/sites\/103\/2026\/02\/TELA-NOTIFICACAO-780x301.png 780w, https:\/\/portal.pi.gov.br\/adapi\/wp-content\/uploads\/sites\/103\/2026\/02\/TELA-NOTIFICACAO-1536x594.png 1536w, https:\/\/portal.pi.gov.br\/adapi\/wp-content\/uploads\/sites\/103\/2026\/02\/TELA-NOTIFICACAO-947x366.png 947w, https:\/\/portal.pi.gov.br\/adapi\/wp-content\/uploads\/sites\/103\/2026\/02\/TELA-NOTIFICACAO-624x241.png 624w, https:\/\/portal.pi.gov.br\/adapi\/wp-content\/uploads\/sites\/103\/2026\/02\/TELA-NOTIFICACAO.png 1555w\" sizes=\"(max-width: 840px) 100vw, 840px\" \/><\/figure>\n\n\n\n<figure class=\"wp-block-image size-large is-resized\"><img decoding=\"async\" loading=\"lazy\" src=\"https:\/\/portal.pi.gov.br\/adapi\/wp-content\/uploads\/sites\/103\/2026\/02\/Clique-na-caixa-Registrar-uma-notificacao-1024x512.png\" alt=\"\" class=\"wp-image-5052\" width=\"768\" height=\"384\" srcset=\"https:\/\/portal.pi.gov.br\/adapi\/wp-content\/uploads\/sites\/103\/2026\/02\/Clique-na-caixa-Registrar-uma-notificacao-1024x512.png 1024w, https:\/\/portal.pi.gov.br\/adapi\/wp-content\/uploads\/sites\/103\/2026\/02\/Clique-na-caixa-Registrar-uma-notificacao-300x150.png 300w, https:\/\/portal.pi.gov.br\/adapi\/wp-content\/uploads\/sites\/103\/2026\/02\/Clique-na-caixa-Registrar-uma-notificacao-768x384.png 768w, https:\/\/portal.pi.gov.br\/adapi\/wp-content\/uploads\/sites\/103\/2026\/02\/Clique-na-caixa-Registrar-uma-notificacao-420x210.png 420w, https:\/\/portal.pi.gov.br\/adapi\/wp-content\/uploads\/sites\/103\/2026\/02\/Clique-na-caixa-Registrar-uma-notificacao-540x270.png 540w, https:\/\/portal.pi.gov.br\/adapi\/wp-content\/uploads\/sites\/103\/2026\/02\/Clique-na-caixa-Registrar-uma-notificacao-780x390.png 780w, https:\/\/portal.pi.gov.br\/adapi\/wp-content\/uploads\/sites\/103\/2026\/02\/Clique-na-caixa-Registrar-uma-notificacao-1536x768.png 1536w, https:\/\/portal.pi.gov.br\/adapi\/wp-content\/uploads\/sites\/103\/2026\/02\/Clique-na-caixa-Registrar-uma-notificacao-947x473.png 947w, https:\/\/portal.pi.gov.br\/adapi\/wp-content\/uploads\/sites\/103\/2026\/02\/Clique-na-caixa-Registrar-uma-notificacao-624x312.png 624w, https:\/\/portal.pi.gov.br\/adapi\/wp-content\/uploads\/sites\/103\/2026\/02\/Clique-na-caixa-Registrar-uma-notificacao.png 1599w\" sizes=\"(max-width: 768px) 100vw, 768px\" \/><\/figure>\n\n\n\n<h4 class=\"wp-block-heading\"><br>2 &#8211;\u00a0Presencialmente nos escrit\u00f3rios da Adapi:<br><br><\/h4>\n\n\n\n<p>O cidad\u00e3o pode se dirigir ao <strong>escrit\u00f3rio da Adapi mais pr\u00f3ximo<\/strong> e comunicar a suspeita diretamente aos t\u00e9cnicos da unidade.<\/p>\n\n\n\n<ul>\n<li><a rel=\"noreferrer noopener\" href=\"https:\/\/portal.pi.gov.br\/adapi\/mapa-usavs\/\" data-type=\"URL\" data-id=\"https:\/\/portal.pi.gov.br\/adapi\/mapa-usavs\/\" target=\"_blank\">Clique aqui e localize a unidade mais pr\u00f3xima<\/a><\/li>\n<\/ul>\n\n\n\n<ul>\n<li><a rel=\"noreferrer noopener\" href=\"https:\/\/portal.pi.gov.br\/adapi\/coordenadores-de-usavs\/\" data-type=\"URL\" data-id=\"https:\/\/portal.pi.gov.br\/adapi\/coordenadores-de-usavs\/\" target=\"_blank\">Clique aqui e tenha o nome e contato do coordenador de sua regi\u00e3o<\/a><\/li>\n<\/ul>\n\n\n\n<h4 class=\"wp-block-heading\"><br>3 &#8211; Pelo e-mail da Coordena\u00e7\u00e3o de Vigil\u00e2ncia Epidemiol\u00f3gica: <br><br><\/h4>\n\n\n\n<p> Tamb\u00e9m \u00e9 poss\u00edvel realizar a notifica\u00e7\u00e3o por <strong>e-mail:<\/strong> epidemiologia@adapi.pi.gov.br<\/p>\n\n\n\n<p><\/p>\n\n\n\n<p>Ao enviar a notifica\u00e7\u00e3o, informe o m\u00e1ximo de detalhes poss\u00edveis, como:<\/p>\n\n\n\n<ul>\n<li>Esp\u00e9cie afetada;<\/li>\n\n\n\n<li>Sinais observados nos animais;<\/li>\n\n\n\n<li>Endere\u00e7o da propriedade;<\/li>\n\n\n\n<li>Demais informa\u00e7\u00f5es relevantes.<\/li>\n<\/ul>\n\n\n\n<p><\/p>\n\n\n\n<p>Al\u00e9m disso, a Adapi disponibiliza o WhatsApp <strong><a rel=\"noreferrer noopener\" href=\"https:\/\/api.whatsapp.com\/message\/OMMTEJQHJVE2L1?autoload=1&amp;app_absent=0\" data-type=\"URL\" data-id=\"https:\/\/api.whatsapp.com\/message\/OMMTEJQHJVE2L1?autoload=1&amp;app_absent=0\" target=\"_blank\">(86) 99462-1644<\/a><\/strong> para o recebimento de notifica\u00e7\u00f5es de suspeitas de doen\u00e7as e ocorr\u00eancias de alta mortalidade de animais. (clique no n\u00famero para enviar uma mensagem)<br><\/p>\n\n\n\n<p><strong>Notificar n\u00e3o \u00e9 op\u00e7\u00e3o, \u00e9 preven\u00e7\u00e3o e prote\u00e7\u00e3o!<\/strong><\/p>\n\n\n\n<p><strong>Notifique e ajude a promover a sa\u00fade animal!<\/strong><\/p>\n\n\n\n<p><\/p>\n\n\n\n<p><br><\/p>\n\n\n\n<div class=\"wp-block-columns is-layout-flex wp-container-3\">\n<div class=\"wp-block-column is-layout-flow\">\n<div class=\"wp-block-stackable-button-group stk-block-button-group stk-block stk-11ae887\" data-block-id=\"11ae887\"><div class=\"stk-row stk-inner-blocks stk-block-content stk-button-group\">\n<div class=\"wp-block-stackable-button stk-block-button stk-block stk-5465149\" data-block-id=\"5465149\"><style>.stk-5465149,.stk-5465149 .stk-button{width:100% !important}.stk-5465149{flex:1 1 0 !important}.stk-5465149 .stk-button{min-height:50px !important;padding-top:8px !important;padding-right:8px !important;padding-bottom:8px !important;padding-left:8px !important;background:#034ea2 !important;border-radius:10px !important}.stk-5465149 .stk-button__inner-text{color:#ffffff !important;line-height:1.5em !important;font-weight:700 !important;font-style:normal !important;font-family:\"Montserrat\",Sans-serif !important;letter-spacing:0px !important}<\/style><a class=\"stk-link stk-button stk--hover-effect-darken\" href=\"https:\/\/portal.pi.gov.br\/adapi\/epidemiologica-legislacao\/\"><span class=\"has-text-color stk-button__inner-text\">Legisla\u00e7\u00e3o<\/span><\/a><\/div>\n<\/div><\/div>\n\n\n\n<div class=\"wp-block-stackable-button-group stk-block-button-group stk-block stk-0763ddd\" data-block-id=\"0763ddd\"><div class=\"stk-row stk-inner-blocks stk-block-content stk-button-group\">\n<div class=\"wp-block-stackable-button stk-block-button stk-block stk-1d5d3f6\" data-block-id=\"1d5d3f6\"><style>.stk-1d5d3f6,.stk-1d5d3f6 .stk-button{width:100% !important}.stk-1d5d3f6{flex:1 1 0 !important}.stk-1d5d3f6 .stk-button{min-height:50px !important;padding-top:8px !important;padding-right:8px !important;padding-bottom:8px !important;padding-left:8px !important;background:#034ea2 !important;border-radius:10px !important}.stk-1d5d3f6 .stk-button__inner-text{color:#ffffff !important;line-height:1.5em !important;font-weight:700 !important;font-style:normal !important;font-family:\"Montserrat\",Sans-serif !important;letter-spacing:0px !important}<\/style><a class=\"stk-link stk-button stk--hover-effect-darken\" href=\"https:\/\/portal.pi.gov.br\/adapi\/material-e-palestras-10\/\"><span class=\"has-text-color stk-button__inner-text\">Material e Palestras<\/span><\/a><\/div>\n<\/div><\/div>\n<\/div>\n\n\n\n<div class=\"wp-block-column is-layout-flow\">\n<div class=\"wp-block-stackable-button-group stk-block-button-group stk-block stk-2122119\" data-block-id=\"2122119\"><div class=\"stk-row stk-inner-blocks stk-block-content stk-button-group\">\n<div class=\"wp-block-stackable-button stk-block-button stk-block stk-7c82624\" data-block-id=\"7c82624\"><style>.stk-7c82624,.stk-7c82624 .stk-button{width:100% !important}.stk-7c82624{flex:1 1 0 !important}.stk-7c82624 .stk-button{min-height:50px !important;padding-top:8px !important;padding-right:8px !important;padding-bottom:8px !important;padding-left:8px !important;background:#034ea2 !important;border-radius:10px !important}.stk-7c82624 .stk-button__inner-text{color:#ffffff !important;line-height:1.5em !important;font-weight:700 !important;font-style:normal !important;font-family:\"Montserrat\",Sans-serif !important;letter-spacing:0px !important}<\/style><a class=\"stk-link stk-button stk--hover-effect-darken\" href=\"https:\/\/portal.pi.gov.br\/adapi\/epidemiologica-comunicados\/\"><span class=\"has-text-color stk-button__inner-text\">Comunicados<\/span><\/a><\/div>\n<\/div><\/div>\n<\/div>\n<\/div>\n","protected":false},"excerpt":{"rendered":"<p>A vigil\u00e2ncia epidemiol\u00f3gica \u00e9 caracterizada como um conjunto de procedimentos, de natureza sistem\u00e1tica e permanente, por meio do qual tomamos conhecimento dos eventos relacionados com a presen\u00e7a de doen\u00e7as e [&hellip;]<\/p>\n","protected":false},"author":1832,"featured_media":0,"parent":0,"menu_order":0,"comment_status":"closed","ping_status":"closed","template":"template-fullwidth.php","meta":[],"featured_image_urls":{"full":"","thumbnail":"","medium":"","medium_large":"","large":"","sgg-420":"","sgg-540":"","sgg-780":"","1536x1536":"","2048x2048":"","homepage-slider":"","homepage-slider-small":"","page-top":"","page-small":"","loop-main":"","thumb-gallery-widget":""},"post_excerpt_stackable":"<p>A vigil\u00e2ncia epidemiol\u00f3gica \u00e9 caracterizada como um conjunto de procedimentos, de natureza sistem\u00e1tica e permanente, por meio do qual tomamos conhecimento dos eventos relacionados com a presen\u00e7a de doen\u00e7as e os respectivos meios de combate, em uma determinada \u00e1rea geogr\u00e1fica. Dessa forma, entende-se como vigil\u00e2ncia epidemiol\u00f3gica todas as atividades regulares que tem por objetivo averiguar o estado de sa\u00fade de uma determinada popula\u00e7\u00e3o com o prop\u00f3sito de detectar e controlar as doen\u00e7as dos animais de import\u00e2ncia para a economia dos pa\u00edses, seguran\u00e7a dos alimentos e correspondente com\u00e9rcio. Dentre as principais finalidades da vigil\u00e2ncia epidemiol\u00f3gica destacam-se a investiga\u00e7\u00e3o e identifica\u00e7\u00e3o das&hellip;<\/p>\n","category_list":"","author_info":{"name":"ETIPI","url":"https:\/\/portal.pi.gov.br\/adapi\/author\/pallomagualter\/"},"comments_num":"0 coment\u00e1rio","featured_image_urls_v2":{"full":"","thumbnail":"","medium":"","medium_large":"","large":"","sgg-420":"","sgg-540":"","sgg-780":"","1536x1536":"","2048x2048":"","homepage-slider":"","homepage-slider-small":"","page-top":"","page-small":"","loop-main":"","thumb-gallery-widget":""},"post_excerpt_stackable_v2":"<p>A vigil\u00e2ncia epidemiol\u00f3gica \u00e9 caracterizada como um conjunto de procedimentos, de natureza sistem\u00e1tica e permanente, por meio do qual tomamos conhecimento dos eventos relacionados com a presen\u00e7a de doen\u00e7as e os respectivos meios de combate, em uma determinada \u00e1rea geogr\u00e1fica. Dessa forma, entende-se como vigil\u00e2ncia epidemiol\u00f3gica todas as atividades regulares que tem por objetivo averiguar o estado de sa\u00fade de uma determinada popula\u00e7\u00e3o com o prop\u00f3sito de detectar e controlar as doen\u00e7as dos animais de import\u00e2ncia para a economia dos pa\u00edses, seguran\u00e7a dos alimentos e correspondente com\u00e9rcio. Dentre as principais finalidades da vigil\u00e2ncia epidemiol\u00f3gica destacam-se a investiga\u00e7\u00e3o e identifica\u00e7\u00e3o das&hellip;<\/p>\n","category_list_v2":"","author_info_v2":{"name":"ETIPI","url":"https:\/\/portal.pi.gov.br\/adapi\/author\/pallomagualter\/"},"comments_num_v2":"0 coment\u00e1rio","_links":{"self":[{"href":"https:\/\/portal.pi.gov.br\/adapi\/wp-json\/wp\/v2\/pages\/3900"}],"collection":[{"href":"https:\/\/portal.pi.gov.br\/adapi\/wp-json\/wp\/v2\/pages"}],"about":[{"href":"https:\/\/portal.pi.gov.br\/adapi\/wp-json\/wp\/v2\/types\/page"}],"author":[{"embeddable":true,"href":"https:\/\/portal.pi.gov.br\/adapi\/wp-json\/wp\/v2\/users\/1832"}],"replies":[{"embeddable":true,"href":"https:\/\/portal.pi.gov.br\/adapi\/wp-json\/wp\/v2\/comments?post=3900"}],"version-history":[{"count":23,"href":"https:\/\/portal.pi.gov.br\/adapi\/wp-json\/wp\/v2\/pages\/3900\/revisions"}],"predecessor-version":[{"id":5059,"href":"https:\/\/portal.pi.gov.br\/adapi\/wp-json\/wp\/v2\/pages\/3900\/revisions\/5059"}],"wp:attachment":[{"href":"https:\/\/portal.pi.gov.br\/adapi\/wp-json\/wp\/v2\/media?parent=3900"}],"curies":[{"name":"wp","href":"https:\/\/api.w.org\/{rel}","templated":true}]}}