{"id":3911,"date":"2025-07-29T18:52:07","date_gmt":"2025-07-29T21:52:07","guid":{"rendered":"https:\/\/portal.pi.gov.br\/adapi\/?page_id=3911"},"modified":"2025-10-22T13:23:35","modified_gmt":"2025-10-22T16:23:35","slug":"raiva-em-herbivoros","status":"publish","type":"page","link":"https:\/\/portal.pi.gov.br\/adapi\/raiva-em-herbivoros\/","title":{"rendered":"Raiva em Herb\u00edvoros"},"content":{"rendered":"\n<p><strong>PECRH<\/strong><\/p>\n\n\n\n<p>O Programa Estadual de Controle da Raiva dos Herb\u00edvoros tem como objetivo o controle da ocorr\u00eancia da Raiva de herb\u00edvoros no Brasil e n\u00e3o a conviv\u00eancia com a doen\u00e7a, contribuindo assim para o crescimento do setor agropecu\u00e1rio, diminuindo os preju\u00edzos aos produtores e ao mesmo tempo promovendo a sa\u00fade \u00fanica, j\u00e1 que a raiva \u00e9 uma zoonose, atrav\u00e9s do controle dos morcegos hemat\u00f3fagos, cadastramento de abrigos assim como a\u00e7\u00f5es de educa\u00e7\u00e3o sanit\u00e1ria.<\/p>\n\n\n\n<p>Como estrat\u00e9gias do programa temos:<\/p>\n\n\n\n<p>* Controle da popula\u00e7\u00e3o de morcegos hemat\u00f3fagos;<\/p>\n\n\n\n<p>* Cadastramento de propriedades rurais, cadastramento e monitoramento de abrigos de morcegos hemat\u00f3fagos;<\/p>\n\n\n\n<p>* Execu\u00e7\u00e3o da vigil\u00e2ncia nas \u00e1reas ou propriedades de risco;<\/p>\n\n\n\n<p>* Atendimento aos focos da doen\u00e7a;<\/p>\n\n\n\n<p>* Educa\u00e7\u00e3o em sa\u00fade;<\/p>\n\n\n\n<p>* Orienta\u00e7\u00e3o da vacina\u00e7\u00e3o de herb\u00edvoros dom\u00e9sticos.<\/p>\n\n\n\n<p>Alguns fatores contribuem para o aumento dos casos de raiva nos herb\u00edvoros, como:<\/p>\n\n\n\n<p>* Altera\u00e7\u00f5es no meio ambiente que acontecem principalmente por desmatamento, crescimento das cidades, amplia\u00e7\u00e3o de rodovias, onde alteraram o meio ambiente e o habitat natural destes morcegos hemat\u00f3fagos, fazendo com que os mesmos procurem novos locais para se abrigar assim como novas fontes de alimenta\u00e7\u00e3o;<\/p>\n\n\n\n<p>* Crescimento da popula\u00e7\u00e3o dos morcegos hemat\u00f3fagos devido ao aumento da oferta de alimentos;<\/p>\n\n\n\n<p>* Baixa cobertura vacinal dos animais.<\/p>\n\n\n\n<p>Atualmente o PECRH segue as orienta\u00e7\u00f5es da Legisla\u00e7\u00e3o Federal do Minist\u00e9rio da Agricultura, que aprova as Normas T\u00e9cnicas para o Controle da Raiva dos Herb\u00edvoros no Brasil (Instru\u00e7\u00e3o Normativa Ministerial n\u00ba 5, de 1\u00ba de mar\u00e7o de 2002).<\/p>\n\n\n\n<p>\u00c9 importante que o produtor rural realize as vacina\u00e7\u00f5es peri\u00f3dicas contra a raiva do seu rebanho, com a finalidade de prevenir a doen\u00e7a, j\u00e1 que a raiva n\u00e3o tem cura. Em caso de animais com sintomatologia neurol\u00f3gica, presen\u00e7a de sinais de mordeduras de morcegos hemat\u00f3fagos ou presen\u00e7a de abrigos de morcegos em sua propriedade, o produtor deve notificar a ADAPI em qualquer um dos seus escrit\u00f3rios para que possa ser realizado o atendimento.<\/p>\n\n\n\n<p>PNEEB<\/p>\n\n\n\n<p>O Minist\u00e9rio da Agricultura, Pecu\u00e1ria e Abastecimento \u2013 MAPA, atento \u00e0 vigil\u00e2ncia da doen\u00e7a no pa\u00eds, criou o Programa Nacional de Preven\u00e7\u00e3o e Vigil\u00e2ncia da Encefalopatia Espongiforme Bovina (PNEEB), popularmente conhecida como Doen\u00e7a da Vaca Louca. Apesar de nunca ter sido notificada no Brasil, mas devido \u00e0 preocupa\u00e7\u00e3o da popula\u00e7\u00e3o com esta doen\u00e7a, por representar riscos \u00e0 sa\u00fade humana e consequentemente riscos \u00e0 comercializa\u00e7\u00e3o de animais, produtos e subprodutos de origem animal, s\u00e3o adotadas diversas medidas de preven\u00e7\u00e3o e vigil\u00e2ncia da EEB, com a finalidade de assegurar a sa\u00fade da popula\u00e7\u00e3o, assim como a sanidade dos rebanhos.<\/p>\n\n\n\n<p>O PNEEB tem como objetivos evitar a entrada do agente da encefalopatia espongiforme bovina &#8211; EEB no territ\u00f3rio Nacional; aplicar medidas de mitiga\u00e7\u00e3o de risco, para evitar eventual difus\u00e3o do agente da EEB no pa\u00eds; e manter um sistema de vigil\u00e2ncia para detec\u00e7\u00e3o de animais infectados por encefalopatias espongiformes transmiss\u00edveis.<\/p>\n\n\n\n<p>O PNEEB abrange todo o territ\u00f3rio nacional e, desde 2012, o Brasil \u00e9 categorizado pela Organiza\u00e7\u00e3o Mundial de Sa\u00fade Animal como de \u201crisco insignificante\u201d para EEB, ou seja, o menor e melhor grau de risco da classifica\u00e7\u00e3o.<\/p>\n\n\n\n<p><\/p>\n\n\n\n<div class=\"wp-block-columns is-layout-flex wp-container-3\">\n<div class=\"wp-block-column is-layout-flow\">\n<div class=\"wp-block-stackable-button-group stk-block-button-group stk-block stk-320e5fb\" data-block-id=\"320e5fb\"><div class=\"stk-row stk-inner-blocks stk-block-content stk-button-group\">\n<div class=\"wp-block-stackable-button stk-block-button stk-block stk-afe4f44\" data-block-id=\"afe4f44\"><style>.stk-afe4f44,.stk-afe4f44 .stk-button{width:100% !important}.stk-afe4f44{flex:1 1 0 !important}.stk-afe4f44 .stk-button{min-height:50px !important;padding-top:8px !important;padding-right:8px !important;padding-bottom:8px !important;padding-left:8px !important;background:#034ea2 !important;border-radius:10px !important}.stk-afe4f44 .stk-button__inner-text{color:#ffffff !important;line-height:1.5em !important;font-weight:700 !important;font-style:normal !important;font-family:\"Montserrat\",Sans-serif !important;letter-spacing:0px !important}<\/style><a class=\"stk-link stk-button stk--hover-effect-darken\" href=\"https:\/\/portal.pi.gov.br\/adapi\/equipes\/\"><span class=\"has-text-color stk-button__inner-text\">Equipes<\/span><\/a><\/div>\n<\/div><\/div>\n\n\n\n<div class=\"wp-block-stackable-button-group stk-block-button-group stk-block stk-36cfb10\" data-block-id=\"36cfb10\"><div class=\"stk-row stk-inner-blocks stk-block-content stk-button-group\">\n<div class=\"wp-block-stackable-button stk-block-button stk-block stk-bd6a648\" data-block-id=\"bd6a648\"><style>.stk-bd6a648,.stk-bd6a648 .stk-button{width:100% !important}.stk-bd6a648{flex:1 1 0 !important}.stk-bd6a648 .stk-button{min-height:50px !important;padding-top:8px !important;padding-right:8px !important;padding-bottom:8px !important;padding-left:8px !important;background:#034ea2 !important;border-radius:10px !important}.stk-bd6a648 .stk-button__inner-text{color:#ffffff !important;line-height:1.5em !important;font-weight:700 !important;font-style:normal !important;font-family:\"Montserrat\",Sans-serif !important;letter-spacing:0px !important}<\/style><a class=\"stk-link stk-button stk--hover-effect-darken\" href=\"https:\/\/portal.pi.gov.br\/adapi\/material-e-palestras-8\/\"><span class=\"has-text-color stk-button__inner-text\">Material e Palestras<\/span><\/a><\/div>\n<\/div><\/div>\n<\/div>\n\n\n\n<div class=\"wp-block-column is-layout-flow\">\n<div class=\"wp-block-stackable-button-group stk-block-button-group stk-block stk-958f3da\" data-block-id=\"958f3da\"><div class=\"stk-row stk-inner-blocks stk-block-content stk-button-group\">\n<div class=\"wp-block-stackable-button stk-block-button stk-block stk-39fd40c\" data-block-id=\"39fd40c\"><style>.stk-39fd40c,.stk-39fd40c .stk-button{width:100% !important}.stk-39fd40c{flex:1 1 0 !important}.stk-39fd40c .stk-button{min-height:50px !important;padding-top:8px !important;padding-right:8px !important;padding-bottom:8px !important;padding-left:8px !important;background:#034ea2 !important;border-radius:10px !important}.stk-39fd40c .stk-button__inner-text{color:#ffffff !important;line-height:1.5em !important;font-weight:700 !important;font-style:normal !important;font-family:\"Montserrat\",Sans-serif !important;letter-spacing:0px !important}<\/style><a class=\"stk-link stk-button stk--hover-effect-darken\" href=\"https:\/\/portal.pi.gov.br\/adapi\/legislacao-5\/\"><span class=\"has-text-color stk-button__inner-text\">Legisla\u00e7\u00e3o<\/span><\/a><\/div>\n<\/div><\/div>\n<\/div>\n<\/div>\n","protected":false},"excerpt":{"rendered":"<p>PECRH O Programa Estadual de Controle da Raiva dos Herb\u00edvoros tem como objetivo o controle da ocorr\u00eancia da Raiva de herb\u00edvoros no Brasil e n\u00e3o a conviv\u00eancia com a doen\u00e7a, [&hellip;]<\/p>\n","protected":false},"author":1832,"featured_media":0,"parent":0,"menu_order":0,"comment_status":"closed","ping_status":"closed","template":"template-fullwidth.php","meta":[],"featured_image_urls":{"full":"","thumbnail":"","medium":"","medium_large":"","large":"","sgg-420":"","sgg-540":"","sgg-780":"","1536x1536":"","2048x2048":"","homepage-slider":"","homepage-slider-small":"","page-top":"","page-small":"","loop-main":"","thumb-gallery-widget":""},"post_excerpt_stackable":"<p>PECRH O Programa Estadual de Controle da Raiva dos Herb\u00edvoros tem como objetivo o controle da ocorr\u00eancia da Raiva de herb\u00edvoros no Brasil e n\u00e3o a conviv\u00eancia com a doen\u00e7a, contribuindo assim para o crescimento do setor agropecu\u00e1rio, diminuindo os preju\u00edzos aos produtores e ao mesmo tempo promovendo a sa\u00fade \u00fanica, j\u00e1 que a raiva \u00e9 uma zoonose, atrav\u00e9s do controle dos morcegos hemat\u00f3fagos, cadastramento de abrigos assim como a\u00e7\u00f5es de educa\u00e7\u00e3o sanit\u00e1ria. Como estrat\u00e9gias do programa temos: * Controle da popula\u00e7\u00e3o de morcegos hemat\u00f3fagos; * Cadastramento de propriedades rurais, cadastramento e monitoramento de abrigos de morcegos hemat\u00f3fagos; * Execu\u00e7\u00e3o&hellip;<\/p>\n","category_list":"","author_info":{"name":"ETIPI","url":"https:\/\/portal.pi.gov.br\/adapi\/author\/pallomagualter\/"},"comments_num":"0 coment\u00e1rio","featured_image_urls_v2":{"full":"","thumbnail":"","medium":"","medium_large":"","large":"","sgg-420":"","sgg-540":"","sgg-780":"","1536x1536":"","2048x2048":"","homepage-slider":"","homepage-slider-small":"","page-top":"","page-small":"","loop-main":"","thumb-gallery-widget":""},"post_excerpt_stackable_v2":"<p>PECRH O Programa Estadual de Controle da Raiva dos Herb\u00edvoros tem como objetivo o controle da ocorr\u00eancia da Raiva de herb\u00edvoros no Brasil e n\u00e3o a conviv\u00eancia com a doen\u00e7a, contribuindo assim para o crescimento do setor agropecu\u00e1rio, diminuindo os preju\u00edzos aos produtores e ao mesmo tempo promovendo a sa\u00fade \u00fanica, j\u00e1 que a raiva \u00e9 uma zoonose, atrav\u00e9s do controle dos morcegos hemat\u00f3fagos, cadastramento de abrigos assim como a\u00e7\u00f5es de educa\u00e7\u00e3o sanit\u00e1ria. Como estrat\u00e9gias do programa temos: * Controle da popula\u00e7\u00e3o de morcegos hemat\u00f3fagos; * Cadastramento de propriedades rurais, cadastramento e monitoramento de abrigos de morcegos hemat\u00f3fagos; * Execu\u00e7\u00e3o&hellip;<\/p>\n","category_list_v2":"","author_info_v2":{"name":"ETIPI","url":"https:\/\/portal.pi.gov.br\/adapi\/author\/pallomagualter\/"},"comments_num_v2":"0 coment\u00e1rio","_links":{"self":[{"href":"https:\/\/portal.pi.gov.br\/adapi\/wp-json\/wp\/v2\/pages\/3911"}],"collection":[{"href":"https:\/\/portal.pi.gov.br\/adapi\/wp-json\/wp\/v2\/pages"}],"about":[{"href":"https:\/\/portal.pi.gov.br\/adapi\/wp-json\/wp\/v2\/types\/page"}],"author":[{"embeddable":true,"href":"https:\/\/portal.pi.gov.br\/adapi\/wp-json\/wp\/v2\/users\/1832"}],"replies":[{"embeddable":true,"href":"https:\/\/portal.pi.gov.br\/adapi\/wp-json\/wp\/v2\/comments?post=3911"}],"version-history":[{"count":12,"href":"https:\/\/portal.pi.gov.br\/adapi\/wp-json\/wp\/v2\/pages\/3911\/revisions"}],"predecessor-version":[{"id":4548,"href":"https:\/\/portal.pi.gov.br\/adapi\/wp-json\/wp\/v2\/pages\/3911\/revisions\/4548"}],"wp:attachment":[{"href":"https:\/\/portal.pi.gov.br\/adapi\/wp-json\/wp\/v2\/media?parent=3911"}],"curies":[{"name":"wp","href":"https:\/\/api.w.org\/{rel}","templated":true}]}}