{"id":3922,"date":"2025-07-30T10:28:25","date_gmt":"2025-07-30T13:28:25","guid":{"rendered":"https:\/\/portal.pi.gov.br\/adapi\/?page_id=3922"},"modified":"2025-11-13T09:45:10","modified_gmt":"2025-11-13T12:45:10","slug":"sanidade-dos-animais-aquaticos","status":"publish","type":"page","link":"https:\/\/portal.pi.gov.br\/adapi\/sanidade-dos-animais-aquaticos\/","title":{"rendered":"Sanidade dos Animais Aqu\u00e1ticos"},"content":{"rendered":"\n<p>Sanidade dos Animais Aqu\u00e1ticos<\/p>\n\n\n\n<p>A sanidade dos animais aqu\u00e1ticos \u00e9 essencial para garantir a sustentabilidade da aquicultura, a seguran\u00e7a alimentar e a preserva\u00e7\u00e3o ambiental. Ela envolve o monitoramento, preven\u00e7\u00e3o e controle de doen\u00e7as que afetam peixes, crust\u00e1ceos e outros organismos aqu\u00e1ticos, tanto em ambientes naturais quanto em sistemas de cultivo. Pr\u00e1ticas como a biosseguridade, diagn\u00f3stico precoce, manejo adequado e uso respons\u00e1vel de medicamentos s\u00e3o fundamentais para manter a sa\u00fade dos animais, evitar perdas econ\u00f4micas e proteger a sa\u00fade p\u00fablica.<\/p>\n\n\n\n<p>A ADAPI, executa a\u00e7\u00f5es que buscam o controle sanit\u00e1rio e a preven\u00e7\u00e3o de doen\u00e7as infecciosas e parasit\u00e1rias que afetam a aquicultura, como: cadastro dos estabelecimentos aqu\u00edcolas, fiscaliza\u00e7\u00e3o do tr\u00e2nsito intra municipal e interestadual, blitz nas rodovi\u00e1rias, fiscaliza\u00e7\u00f5es nas barreiras sanit\u00e1rias e a\u00e7\u00f5es educativas.<\/p>\n\n\n\n<p><strong>ESTRAT\u00c9GIAS PROFIL\u00c1TICAS GERIS DO PESAA<\/strong><\/p>\n\n\n\n<p>N\u00e3o introdu\u00e7\u00e3o de animais aqu\u00e1ticos oriundos de locais considerados de risco;<\/p>\n\n\n\n<p>N\u00e3o introdu\u00e7\u00e3o de animais doentes;<\/p>\n\n\n\n<p>Notifica\u00e7\u00e3o obrigat\u00f3ria de animais doentes.<\/p>\n\n\n\n<p><strong>FA\u00c7A SEU CADASTRO<\/strong><\/p>\n\n\n\n<p>O produtor aqu\u00edcola deve fazer o seu cadastro na Unidade Local de Atendimento da ADAPI.<\/p>\n\n\n\n<p><strong>TR\u00c2NSITO DE ANIMAIS AQU\u00c1TICOS E FISCALIZA\u00c7\u00c3O<\/strong><\/p>\n\n\n\n<p>Todo tr\u00e2nsito de animais aqu\u00e1ticos s\u00f3 ser\u00e1 permitido mediante a apresenta\u00e7\u00e3o do documento zoossanit\u00e1rio que ateste a sanidade do plantel aqu\u00edcola. Esse documento \u00e9 a Guia de Tr\u00e2nsito Animal &#8211; GTA. Com ela, assegura-se a sanidade daquilo que circula dentro ou fora do nosso estado.<\/p>\n\n\n\n<p>Lembramos que todo estabelecimento onde s\u00e3o criados animais aqu\u00e1ticos est\u00e3o sujeitos \u00e0 fiscaliza\u00e7\u00e3o do servi\u00e7o oficial da ADAPI.<\/p>\n\n\n\n<p>Para emiss\u00e3o da GTA, os animais aqu\u00e1ticos e produtos devem ser procedentes de estabelecimentos de aquicultura na qual no ciclo anterior n\u00e3o tenha sido constatado nenhum foco das doen\u00e7as de notifica\u00e7\u00e3o obrigat\u00f3ria nos \u00faltimos 90 dias.<\/p>\n\n\n\n<p><strong>OBJETIVOS<\/strong><\/p>\n\n\n\n<p>Controlar e erradicar as principais doen\u00e7as existentes no Brasil;<\/p>\n\n\n\n<p>Evitar a introdu\u00e7\u00e3o de doen\u00e7as ex\u00f3ticas no pa\u00eds.<\/p>\n\n\n\n<p><\/p>\n\n\n\n<div class=\"wp-block-columns is-layout-flex wp-container-3\">\n<div class=\"wp-block-column is-layout-flow\">\n<div class=\"wp-block-stackable-button-group stk-block-button-group stk-block stk-bcc6603\" data-block-id=\"bcc6603\"><div class=\"stk-row stk-inner-blocks stk-block-content stk-button-group\">\n<div class=\"wp-block-stackable-button stk-block-button stk-block stk-11dd594\" data-block-id=\"11dd594\"><style>.stk-11dd594,.stk-11dd594 .stk-button{width:100% !important}.stk-11dd594{flex:1 1 0 !important}.stk-11dd594 .stk-button{min-height:50px !important;padding-top:8px !important;padding-right:8px !important;padding-bottom:8px !important;padding-left:8px !important;background:#034ea2 !important;border-radius:10px !important}.stk-11dd594 .stk-button__inner-text{color:#ffffff !important;line-height:1.5em !important;font-weight:700 !important;font-style:normal !important;font-family:\"Montserrat\",Sans-serif !important;letter-spacing:0px !important}<\/style><a class=\"stk-link stk-button stk--hover-effect-darken\" href=\"https:\/\/portal.pi.gov.br\/adapi\/legislacao-6\/\"><span class=\"has-text-color stk-button__inner-text\">Legisla\u00e7\u00e3o<\/span><\/a><\/div>\n<\/div><\/div>\n\n\n\n<div class=\"wp-block-stackable-button-group stk-block-button-group stk-block stk-e09eaf4\" data-block-id=\"e09eaf4\"><div class=\"stk-row stk-inner-blocks stk-block-content stk-button-group\">\n<div class=\"wp-block-stackable-button stk-block-button stk-block stk-cd18c32\" data-block-id=\"cd18c32\"><style>.stk-cd18c32,.stk-cd18c32 .stk-button{width:100% !important}.stk-cd18c32{flex:1 1 0 !important}.stk-cd18c32 .stk-button{min-height:50px !important;padding-top:8px !important;padding-right:8px !important;padding-bottom:8px !important;padding-left:8px !important;background:#034ea2 !important;border-radius:10px !important}.stk-cd18c32 .stk-button__inner-text{color:#ffffff !important;line-height:1.5em !important;font-weight:700 !important;font-style:normal !important;font-family:\"Montserrat\",Sans-serif !important;letter-spacing:0px !important}<\/style><a class=\"stk-link stk-button stk--hover-effect-darken\" href=\"https:\/\/portal.pi.gov.br\/adapi\/material-e-palestras-13\/\"><span class=\"has-text-color stk-button__inner-text\">Material e Palestras<\/span><\/a><\/div>\n<\/div><\/div>\n<\/div>\n\n\n\n<div class=\"wp-block-column is-layout-flow\">\n<div class=\"wp-block-stackable-button-group stk-block-button-group stk-block stk-00b8c9f\" data-block-id=\"00b8c9f\"><div class=\"stk-row stk-inner-blocks stk-block-content stk-button-group\">\n<div class=\"wp-block-stackable-button stk-block-button stk-block stk-6631b0b\" data-block-id=\"6631b0b\"><style>.stk-6631b0b,.stk-6631b0b .stk-button{width:100% !important}.stk-6631b0b{flex:1 1 0 !important}.stk-6631b0b .stk-button{min-height:50px !important;padding-top:8px !important;padding-right:8px !important;padding-bottom:8px !important;padding-left:8px !important;background:#034ea2 !important;border-radius:10px !important}.stk-6631b0b .stk-button__inner-text{color:#ffffff !important;line-height:1.5em !important;font-weight:700 !important;font-style:normal !important;font-family:\"Montserrat\",Sans-serif !important;letter-spacing:0px !important}<\/style><a class=\"stk-link stk-button stk--hover-effect-darken\" href=\"https:\/\/portal.pi.gov.br\/adapi\/doencas-de-notificacao-2\/\"><span class=\"has-text-color stk-button__inner-text\">Doen\u00e7as de Notifica\u00e7\u00e3o<\/span><\/a><\/div>\n<\/div><\/div>\n<\/div>\n<\/div>\n","protected":false},"excerpt":{"rendered":"<p>Sanidade dos Animais Aqu\u00e1ticos A sanidade dos animais aqu\u00e1ticos \u00e9 essencial para garantir a sustentabilidade da aquicultura, a seguran\u00e7a alimentar e a preserva\u00e7\u00e3o ambiental. Ela envolve o monitoramento, preven\u00e7\u00e3o e [&hellip;]<\/p>\n","protected":false},"author":1832,"featured_media":0,"parent":0,"menu_order":0,"comment_status":"closed","ping_status":"closed","template":"template-fullwidth.php","meta":[],"featured_image_urls":{"full":"","thumbnail":"","medium":"","medium_large":"","large":"","sgg-420":"","sgg-540":"","sgg-780":"","1536x1536":"","2048x2048":"","homepage-slider":"","homepage-slider-small":"","page-top":"","page-small":"","loop-main":"","thumb-gallery-widget":""},"post_excerpt_stackable":"<p>Sanidade dos Animais Aqu\u00e1ticos A sanidade dos animais aqu\u00e1ticos \u00e9 essencial para garantir a sustentabilidade da aquicultura, a seguran\u00e7a alimentar e a preserva\u00e7\u00e3o ambiental. Ela envolve o monitoramento, preven\u00e7\u00e3o e controle de doen\u00e7as que afetam peixes, crust\u00e1ceos e outros organismos aqu\u00e1ticos, tanto em ambientes naturais quanto em sistemas de cultivo. Pr\u00e1ticas como a biosseguridade, diagn\u00f3stico precoce, manejo adequado e uso respons\u00e1vel de medicamentos s\u00e3o fundamentais para manter a sa\u00fade dos animais, evitar perdas econ\u00f4micas e proteger a sa\u00fade p\u00fablica. A ADAPI, executa a\u00e7\u00f5es que buscam o controle sanit\u00e1rio e a preven\u00e7\u00e3o de doen\u00e7as infecciosas e parasit\u00e1rias que afetam a aquicultura,&hellip;<\/p>\n","category_list":"","author_info":{"name":"ETIPI","url":"https:\/\/portal.pi.gov.br\/adapi\/author\/pallomagualter\/"},"comments_num":"0 coment\u00e1rio","featured_image_urls_v2":{"full":"","thumbnail":"","medium":"","medium_large":"","large":"","sgg-420":"","sgg-540":"","sgg-780":"","1536x1536":"","2048x2048":"","homepage-slider":"","homepage-slider-small":"","page-top":"","page-small":"","loop-main":"","thumb-gallery-widget":""},"post_excerpt_stackable_v2":"<p>Sanidade dos Animais Aqu\u00e1ticos A sanidade dos animais aqu\u00e1ticos \u00e9 essencial para garantir a sustentabilidade da aquicultura, a seguran\u00e7a alimentar e a preserva\u00e7\u00e3o ambiental. Ela envolve o monitoramento, preven\u00e7\u00e3o e controle de doen\u00e7as que afetam peixes, crust\u00e1ceos e outros organismos aqu\u00e1ticos, tanto em ambientes naturais quanto em sistemas de cultivo. Pr\u00e1ticas como a biosseguridade, diagn\u00f3stico precoce, manejo adequado e uso respons\u00e1vel de medicamentos s\u00e3o fundamentais para manter a sa\u00fade dos animais, evitar perdas econ\u00f4micas e proteger a sa\u00fade p\u00fablica. A ADAPI, executa a\u00e7\u00f5es que buscam o controle sanit\u00e1rio e a preven\u00e7\u00e3o de doen\u00e7as infecciosas e parasit\u00e1rias que afetam a aquicultura,&hellip;<\/p>\n","category_list_v2":"","author_info_v2":{"name":"ETIPI","url":"https:\/\/portal.pi.gov.br\/adapi\/author\/pallomagualter\/"},"comments_num_v2":"0 coment\u00e1rio","_links":{"self":[{"href":"https:\/\/portal.pi.gov.br\/adapi\/wp-json\/wp\/v2\/pages\/3922"}],"collection":[{"href":"https:\/\/portal.pi.gov.br\/adapi\/wp-json\/wp\/v2\/pages"}],"about":[{"href":"https:\/\/portal.pi.gov.br\/adapi\/wp-json\/wp\/v2\/types\/page"}],"author":[{"embeddable":true,"href":"https:\/\/portal.pi.gov.br\/adapi\/wp-json\/wp\/v2\/users\/1832"}],"replies":[{"embeddable":true,"href":"https:\/\/portal.pi.gov.br\/adapi\/wp-json\/wp\/v2\/comments?post=3922"}],"version-history":[{"count":6,"href":"https:\/\/portal.pi.gov.br\/adapi\/wp-json\/wp\/v2\/pages\/3922\/revisions"}],"predecessor-version":[{"id":4799,"href":"https:\/\/portal.pi.gov.br\/adapi\/wp-json\/wp\/v2\/pages\/3922\/revisions\/4799"}],"wp:attachment":[{"href":"https:\/\/portal.pi.gov.br\/adapi\/wp-json\/wp\/v2\/media?parent=3922"}],"curies":[{"name":"wp","href":"https:\/\/api.w.org\/{rel}","templated":true}]}}