{"id":3924,"date":"2025-07-30T10:54:42","date_gmt":"2025-07-30T13:54:42","guid":{"rendered":"https:\/\/portal.pi.gov.br\/adapi\/?page_id=3924"},"modified":"2026-03-18T10:49:35","modified_gmt":"2026-03-18T13:49:35","slug":"eventos-agropecuarios","status":"publish","type":"page","link":"https:\/\/portal.pi.gov.br\/adapi\/eventos-agropecuarios\/","title":{"rendered":"Eventos Agropecu\u00e1rios"},"content":{"rendered":"\n<figure class=\"wp-block-image size-large\"><img decoding=\"async\" loading=\"lazy\" width=\"576\" height=\"1024\" src=\"https:\/\/portal.pi.gov.br\/adapi\/wp-content\/uploads\/sites\/103\/2026\/03\/Story-do-instagram-dia-do-agronomo-verde-com-fotos-simples-576x1024.png\" alt=\"\" class=\"wp-image-5249\" srcset=\"https:\/\/portal.pi.gov.br\/adapi\/wp-content\/uploads\/sites\/103\/2026\/03\/Story-do-instagram-dia-do-agronomo-verde-com-fotos-simples-576x1024.png 576w, https:\/\/portal.pi.gov.br\/adapi\/wp-content\/uploads\/sites\/103\/2026\/03\/Story-do-instagram-dia-do-agronomo-verde-com-fotos-simples-169x300.png 169w, https:\/\/portal.pi.gov.br\/adapi\/wp-content\/uploads\/sites\/103\/2026\/03\/Story-do-instagram-dia-do-agronomo-verde-com-fotos-simples-768x1365.png 768w, https:\/\/portal.pi.gov.br\/adapi\/wp-content\/uploads\/sites\/103\/2026\/03\/Story-do-instagram-dia-do-agronomo-verde-com-fotos-simples-236x420.png 236w, https:\/\/portal.pi.gov.br\/adapi\/wp-content\/uploads\/sites\/103\/2026\/03\/Story-do-instagram-dia-do-agronomo-verde-com-fotos-simples-304x540.png 304w, https:\/\/portal.pi.gov.br\/adapi\/wp-content\/uploads\/sites\/103\/2026\/03\/Story-do-instagram-dia-do-agronomo-verde-com-fotos-simples-439x780.png 439w, https:\/\/portal.pi.gov.br\/adapi\/wp-content\/uploads\/sites\/103\/2026\/03\/Story-do-instagram-dia-do-agronomo-verde-com-fotos-simples-864x1536.png 864w, https:\/\/portal.pi.gov.br\/adapi\/wp-content\/uploads\/sites\/103\/2026\/03\/Story-do-instagram-dia-do-agronomo-verde-com-fotos-simples-947x1684.png 947w, https:\/\/portal.pi.gov.br\/adapi\/wp-content\/uploads\/sites\/103\/2026\/03\/Story-do-instagram-dia-do-agronomo-verde-com-fotos-simples-624x1109.png 624w, https:\/\/portal.pi.gov.br\/adapi\/wp-content\/uploads\/sites\/103\/2026\/03\/Story-do-instagram-dia-do-agronomo-verde-com-fotos-simples.png 1080w\" sizes=\"(max-width: 576px) 100vw, 576px\" \/><\/figure>\n\n\n\n<p>Est\u00e3o abertas as inscri\u00e7\u00f5es para o credenciamento de respons\u00e1veis t\u00e9cnicos de eventos pecu\u00e1rios, com semin\u00e1rio introdut\u00f3rio on-line pelo Canal Educa\u00e7\u00e3o da Seduc (turma 2026).<\/p>\n\n\n\n<p><strong>Aten\u00e7\u00e3o:<\/strong><\/p>\n\n\n\n<p>&#8211; O semin\u00e1rio fica hospedado na plataforma do Canal Educa\u00e7\u00e3o da Seduc;<\/p>\n\n\n\n<p>&#8211; Fa\u00e7a sua inscri\u00e7\u00e3o preenchendo as informa\u00e7\u00f5es no formul\u00e1rio eletr\u00f4nico (<a rel=\"noreferrer noopener\" href=\"https:\/\/forms.gle\/2iT3CFWNeVHEqUMZ8\" target=\"_blank\">clique aqui<\/a>) e aguarde at\u00e9 a quinta-feira seguinte para recebimento do e-mail da plataforma com login e senha de acesso. Confira sempre sua caixa de spam;<\/p>\n\n\n\n<p>&#8211; Caso n\u00e3o tenha recebido sua senha ou ela n\u00e3o funcione, entre em contato com o suporte do Canal Educa\u00e7\u00e3o atrav\u00e9s do WhatsApp 086994576527;<\/p>\n\n\n\n<p>&#8211; Ao terminar o semin\u00e1rio, baixe o certificado de conclus\u00e3o na plataforma e entregue na Usav da Adapi mais pr\u00f3xima para realiza\u00e7\u00e3o da parte pr\u00e1tica e se tornar um RT de eventos pecu\u00e1rios oficialmente;<\/p>\n\n\n\n<p>&#8211; Demais d\u00favidas podem ser enviadas para o e-mail educacaosanitaria@adapi.pi.gov.br ou para o WhatsApp da Adapi 086994621644.<\/p>\n\n\n\n<p><br><\/p>\n\n\n\n<div class=\"wp-block-columns is-layout-flex wp-container-3\">\n<div class=\"wp-block-column is-layout-flow\">\n<div class=\"wp-block-stackable-button-group stk-block-button-group stk-block stk-9612265\" data-block-id=\"9612265\"><div class=\"stk-row stk-inner-blocks stk-block-content stk-button-group\">\n<div class=\"wp-block-stackable-button stk-block-button stk-block stk-e7a1819\" data-block-id=\"e7a1819\"><style>.stk-e7a1819,.stk-e7a1819 .stk-button{width:100% !important}.stk-e7a1819{flex:1 1 0 !important}.stk-e7a1819 .stk-button{min-height:50px !important;padding-top:8px !important;padding-right:8px !important;padding-bottom:8px !important;padding-left:8px !important;background:#034ea2 !important;border-radius:10px !important}.stk-e7a1819 .stk-button__inner-text{color:#ffffff !important;line-height:1.5em !important;font-weight:700 !important;font-style:normal !important;font-family:\"Montserrat\",Sans-serif !important;letter-spacing:0px !important}<\/style><a class=\"stk-link stk-button stk--hover-effect-darken\" href=\"https:\/\/portal.pi.gov.br\/adapi\/agropecuarios-legislacao\/\"><span class=\"has-text-color stk-button__inner-text\">Legisla\u00e7\u00e3o<\/span><\/a><\/div>\n<\/div><\/div>\n\n\n\n<div class=\"wp-block-stackable-button-group stk-block-button-group stk-block stk-7f08ece\" data-block-id=\"7f08ece\"><div class=\"stk-row stk-inner-blocks stk-block-content stk-button-group\">\n<div class=\"wp-block-stackable-button stk-block-button stk-block stk-430fa45\" data-block-id=\"430fa45\"><style>.stk-430fa45,.stk-430fa45 .stk-button{width:100% !important}.stk-430fa45{flex:1 1 0 !important}.stk-430fa45 .stk-button{min-height:50px !important;padding-top:8px !important;padding-right:8px !important;padding-bottom:8px !important;padding-left:8px !important;background:#034ea2 !important;border-radius:10px !important}.stk-430fa45 .stk-button__inner-text{color:#ffffff !important;line-height:1.5em !important;font-weight:700 !important;font-style:normal !important;font-family:\"Montserrat\",Sans-serif !important;letter-spacing:0px !important}<\/style><a class=\"stk-link stk-button stk--hover-effect-darken\" href=\"https:\/\/portal.pi.gov.br\/adapi\/material-e-palestras-11\/\"><span class=\"has-text-color stk-button__inner-text\">Material e Palestras<\/span><\/a><\/div>\n<\/div><\/div>\n<\/div>\n\n\n\n<div class=\"wp-block-column is-layout-flow\">\n<div class=\"wp-block-stackable-button-group stk-block-button-group stk-block stk-c5809c2\" data-block-id=\"c5809c2\"><div class=\"stk-row stk-inner-blocks stk-block-content stk-button-group\">\n<div class=\"wp-block-stackable-button stk-block-button stk-block stk-6d5ce01\" data-block-id=\"6d5ce01\"><style>.stk-6d5ce01,.stk-6d5ce01 .stk-button{width:100% !important}.stk-6d5ce01{flex:1 1 0 !important}.stk-6d5ce01 .stk-button{min-height:50px !important;padding-top:8px !important;padding-right:8px !important;padding-bottom:8px !important;padding-left:8px !important;background:#034ea2 !important;border-radius:10px !important}.stk-6d5ce01 .stk-button__inner-text{color:#ffffff !important;line-height:1.5em !important;font-weight:700 !important;font-style:normal !important;font-family:\"Montserrat\",Sans-serif !important;letter-spacing:0px !important}<\/style><a class=\"stk-link stk-button stk--hover-effect-darken\" href=\"https:\/\/portal.pi.gov.br\/adapi\/agropecuarios-formularios\/\"><span class=\"has-text-color stk-button__inner-text\">Formul\u00e1rios<\/span><\/a><\/div>\n<\/div><\/div>\n\n\n\n<div class=\"wp-block-stackable-button-group stk-block-button-group stk-block stk-9990e93\" data-block-id=\"9990e93\"><div class=\"stk-row stk-inner-blocks stk-block-content stk-button-group\">\n<div class=\"wp-block-stackable-button stk-block-button stk-block stk-61a0642\" data-block-id=\"61a0642\"><style>.stk-61a0642,.stk-61a0642 .stk-button{width:100% !important}.stk-61a0642{flex:1 1 0 !important}.stk-61a0642 .stk-button{min-height:50px !important;padding-top:8px !important;padding-right:8px !important;padding-bottom:8px !important;padding-left:8px !important;background:#034ea2 !important;border-radius:10px !important}.stk-61a0642 .stk-button__inner-text{color:#ffffff !important;line-height:1.5em !important;font-weight:700 !important;font-style:normal !important;font-family:\"Montserrat\",Sans-serif !important;letter-spacing:0px !important}<\/style><a class=\"stk-link stk-button stk--hover-effect-darken\" href=\"https:\/\/portal.pi.gov.br\/adapi\/agropecuarios-sidapi\/\"><span class=\"has-text-color stk-button__inner-text\">Sidapi<\/span><\/a><\/div>\n<\/div><\/div>\n<\/div>\n<\/div>\n","protected":false},"excerpt":{"rendered":"<p>Est\u00e3o abertas as inscri\u00e7\u00f5es para o credenciamento de respons\u00e1veis t\u00e9cnicos de eventos pecu\u00e1rios, com semin\u00e1rio introdut\u00f3rio on-line pelo Canal Educa\u00e7\u00e3o da Seduc (turma 2026). Aten\u00e7\u00e3o: &#8211; O semin\u00e1rio fica hospedado [&hellip;]<\/p>\n","protected":false},"author":1832,"featured_media":0,"parent":0,"menu_order":0,"comment_status":"closed","ping_status":"closed","template":"template-fullwidth.php","meta":[],"featured_image_urls":{"full":"","thumbnail":"","medium":"","medium_large":"","large":"","sgg-420":"","sgg-540":"","sgg-780":"","1536x1536":"","2048x2048":"","homepage-slider":"","homepage-slider-small":"","page-top":"","page-small":"","loop-main":"","thumb-gallery-widget":""},"post_excerpt_stackable":"<p>Est\u00e3o abertas as inscri\u00e7\u00f5es para o credenciamento de respons\u00e1veis t\u00e9cnicos de eventos pecu\u00e1rios, com semin\u00e1rio introdut\u00f3rio on-line pelo Canal Educa\u00e7\u00e3o da Seduc (turma 2026). Aten\u00e7\u00e3o: &#8211; O semin\u00e1rio fica hospedado na plataforma do Canal Educa\u00e7\u00e3o da Seduc; &#8211; Fa\u00e7a sua inscri\u00e7\u00e3o preenchendo as informa\u00e7\u00f5es no formul\u00e1rio eletr\u00f4nico (clique aqui) e aguarde at\u00e9 a quinta-feira seguinte para recebimento do e-mail da plataforma com login e senha de acesso. Confira sempre sua caixa de spam; &#8211; Caso n\u00e3o tenha recebido sua senha ou ela n\u00e3o funcione, entre em contato com o suporte do Canal Educa\u00e7\u00e3o atrav\u00e9s do WhatsApp 086994576527; &#8211; Ao terminar&hellip;<\/p>\n","category_list":"","author_info":{"name":"ETIPI","url":"https:\/\/portal.pi.gov.br\/adapi\/author\/pallomagualter\/"},"comments_num":"0 coment\u00e1rio","featured_image_urls_v2":{"full":"","thumbnail":"","medium":"","medium_large":"","large":"","sgg-420":"","sgg-540":"","sgg-780":"","1536x1536":"","2048x2048":"","homepage-slider":"","homepage-slider-small":"","page-top":"","page-small":"","loop-main":"","thumb-gallery-widget":""},"post_excerpt_stackable_v2":"<p>Est\u00e3o abertas as inscri\u00e7\u00f5es para o credenciamento de respons\u00e1veis t\u00e9cnicos de eventos pecu\u00e1rios, com semin\u00e1rio introdut\u00f3rio on-line pelo Canal Educa\u00e7\u00e3o da Seduc (turma 2026). Aten\u00e7\u00e3o: &#8211; O semin\u00e1rio fica hospedado na plataforma do Canal Educa\u00e7\u00e3o da Seduc; &#8211; Fa\u00e7a sua inscri\u00e7\u00e3o preenchendo as informa\u00e7\u00f5es no formul\u00e1rio eletr\u00f4nico (clique aqui) e aguarde at\u00e9 a quinta-feira seguinte para recebimento do e-mail da plataforma com login e senha de acesso. Confira sempre sua caixa de spam; &#8211; Caso n\u00e3o tenha recebido sua senha ou ela n\u00e3o funcione, entre em contato com o suporte do Canal Educa\u00e7\u00e3o atrav\u00e9s do WhatsApp 086994576527; &#8211; Ao terminar&hellip;<\/p>\n","category_list_v2":"","author_info_v2":{"name":"ETIPI","url":"https:\/\/portal.pi.gov.br\/adapi\/author\/pallomagualter\/"},"comments_num_v2":"0 coment\u00e1rio","_links":{"self":[{"href":"https:\/\/portal.pi.gov.br\/adapi\/wp-json\/wp\/v2\/pages\/3924"}],"collection":[{"href":"https:\/\/portal.pi.gov.br\/adapi\/wp-json\/wp\/v2\/pages"}],"about":[{"href":"https:\/\/portal.pi.gov.br\/adapi\/wp-json\/wp\/v2\/types\/page"}],"author":[{"embeddable":true,"href":"https:\/\/portal.pi.gov.br\/adapi\/wp-json\/wp\/v2\/users\/1832"}],"replies":[{"embeddable":true,"href":"https:\/\/portal.pi.gov.br\/adapi\/wp-json\/wp\/v2\/comments?post=3924"}],"version-history":[{"count":4,"href":"https:\/\/portal.pi.gov.br\/adapi\/wp-json\/wp\/v2\/pages\/3924\/revisions"}],"predecessor-version":[{"id":5251,"href":"https:\/\/portal.pi.gov.br\/adapi\/wp-json\/wp\/v2\/pages\/3924\/revisions\/5251"}],"wp:attachment":[{"href":"https:\/\/portal.pi.gov.br\/adapi\/wp-json\/wp\/v2\/media?parent=3924"}],"curies":[{"name":"wp","href":"https:\/\/api.w.org\/{rel}","templated":true}]}}