{"id":3940,"date":"2025-07-31T12:19:11","date_gmt":"2025-07-31T15:19:11","guid":{"rendered":"https:\/\/portal.pi.gov.br\/adapi\/?page_id=3940"},"modified":"2025-11-25T10:08:16","modified_gmt":"2025-11-25T13:08:16","slug":"defesa-sanitaria-animal","status":"publish","type":"page","link":"https:\/\/portal.pi.gov.br\/adapi\/defesa-sanitaria-animal\/","title":{"rendered":"Defesa Animal"},"content":{"rendered":"\n<p><\/p>\n\n\n\n<div class=\"wp-block-columns is-layout-flex wp-container-4\">\n<div class=\"wp-block-column is-layout-flow\">\n<div class=\"wp-block-stackable-button-group stk-block-button-group stk-block stk-3b924e2\" data-block-id=\"3b924e2\"><style>.stk-3b924e2 .stk-button-group{flex-direction:column !important;align-items:stretch !important}.stk-3b924e2 .stk-block{flex-basis:auto !important}.stk-3b924e2 .stk-block-button,.stk-3b924e2 .stk-block-icon-button{flex:1 !important}.stk-3b924e2,.stk-3b924e2 .stk-block-icon-button .stk-button{width:100% !important}<\/style><div class=\"stk-row stk-inner-blocks stk-block-content stk-button-group\">\n<div class=\"wp-block-stackable-button stk-block-button stk-block stk-4c10086\" data-block-id=\"4c10086\"><style>.stk-4c10086,.stk-4c10086 .stk-button{width:100% !important}.stk-4c10086{flex:1 1 0 !important}.stk-4c10086 .stk-button{min-height:50px !important;padding-top:8px !important;padding-right:8px !important;padding-bottom:8px !important;padding-left:8px !important;background:#034ea2 !important;border-radius:10px !important}.stk-4c10086 .stk-button__inner-text{color:#ffffff !important;line-height:1.5em !important;font-weight:700 !important;font-style:normal !important;font-family:\"Montserrat\",Sans-serif !important;letter-spacing:0px !important}<\/style><a class=\"stk-link stk-button stk--hover-effect-darken\" href=\"https:\/\/portal.pi.gov.br\/adapi\/febre-aftosa\/\"><span class=\"has-text-color stk-button__inner-text\">Febre Aftosa<\/span><\/a><\/div>\n\n\n\n<div class=\"wp-block-stackable-button stk-block-button stk-block stk-3733fcb\" data-block-id=\"3733fcb\"><style>.stk-3733fcb,.stk-3733fcb .stk-button{width:100% !important}.stk-3733fcb{flex:1 1 0 !important}.stk-3733fcb .stk-button{min-height:50px !important;padding-top:8px !important;padding-right:8px !important;padding-bottom:8px !important;padding-left:8px !important;background:#034ea2 !important;border-radius:10px !important}.stk-3733fcb .stk-button__inner-text{color:#ffffff !important;line-height:1.5em !important;font-weight:700 !important;font-style:normal !important;font-family:\"Montserrat\",Sans-serif !important;letter-spacing:0px !important}<\/style><a class=\"stk-link stk-button stk--hover-effect-darken\" href=\"https:\/\/portal.pi.gov.br\/adapi\/sanidade-dos-equideos\/\"><span class=\"has-text-color stk-button__inner-text\">Sanidade dos Equ\u00eddeos<\/span><\/a><\/div>\n\n\n\n<div class=\"wp-block-stackable-button stk-block-button stk-block stk-bcd56d2\" data-block-id=\"bcd56d2\"><style>.stk-bcd56d2,.stk-bcd56d2 .stk-button{width:100% !important}.stk-bcd56d2{flex:1 1 0 !important}.stk-bcd56d2 .stk-button{min-height:50px !important;padding-top:8px !important;padding-right:8px !important;padding-bottom:8px !important;padding-left:8px !important;background:#034ea2 !important;border-radius:10px !important}.stk-bcd56d2 .stk-button__inner-text{color:#ffffff !important;line-height:1.5em !important;font-weight:700 !important;font-style:normal !important;font-family:\"Montserrat\",Sans-serif !important;letter-spacing:0px !important}<\/style><a class=\"stk-link stk-button stk--hover-effect-darken\" href=\"https:\/\/portal.pi.gov.br\/adapi\/sanidade-dos-suideos\/\"><span class=\"has-text-color stk-button__inner-text\">Sanidade dos Su\u00eddeos<\/span><\/a><\/div>\n\n\n\n<div class=\"wp-block-stackable-button stk-block-button stk-block stk-6b3ea5d\" data-block-id=\"6b3ea5d\"><style>.stk-6b3ea5d,.stk-6b3ea5d .stk-button{width:100% !important}.stk-6b3ea5d{flex:1 1 0 !important}.stk-6b3ea5d .stk-button{min-height:50px !important;padding-top:8px !important;padding-right:8px !important;padding-bottom:8px !important;padding-left:8px !important;background:#034ea2 !important;border-radius:10px !important}.stk-6b3ea5d .stk-button__inner-text{color:#ffffff !important;line-height:1.5em !important;font-weight:700 !important;font-style:normal !important;font-family:\"Montserrat\",Sans-serif !important;letter-spacing:0px !important}<\/style><a class=\"stk-link stk-button stk--hover-effect-darken\" href=\"https:\/\/portal.pi.gov.br\/adapi\/sanidade-dos-caprinos-e-ovinos\/\"><span class=\"has-text-color stk-button__inner-text\">Sanidade dos Caprinos e Ovinos<\/span><\/a><\/div>\n<\/div><\/div>\n<\/div>\n\n\n\n<div class=\"wp-block-column is-layout-flow\">\n<div class=\"wp-block-stackable-button-group stk-block-button-group stk-block stk-ab5a155\" data-block-id=\"ab5a155\"><style>.stk-ab5a155 .stk-button-group{flex-direction:column !important;align-items:stretch !important}.stk-ab5a155 .stk-block{flex-basis:auto !important}.stk-ab5a155 .stk-block-button,.stk-ab5a155 .stk-block-icon-button{flex:1 !important}.stk-ab5a155,.stk-ab5a155 .stk-block-icon-button .stk-button{width:100% !important}<\/style><div class=\"stk-row stk-inner-blocks stk-block-content stk-button-group\">\n<div class=\"wp-block-stackable-button stk-block-button stk-block stk-477325d\" data-block-id=\"477325d\"><style>.stk-477325d,.stk-477325d .stk-button{width:100% !important}.stk-477325d{flex:1 1 0 !important}.stk-477325d .stk-button{min-height:50px !important;padding-top:8px !important;padding-right:8px !important;padding-bottom:8px !important;padding-left:8px !important;background:#034ea2 !important;border-radius:10px !important}.stk-477325d .stk-button__inner-text{color:#ffffff !important;line-height:1.5em !important;font-weight:700 !important;font-style:normal !important;font-family:\"Montserrat\",Sans-serif !important;letter-spacing:0px !important}<\/style><a class=\"stk-link stk-button stk--hover-effect-darken\" href=\"https:\/\/portal.pi.gov.br\/adapi\/sanidade-apicola\/\"><span class=\"has-text-color stk-button__inner-text\">Sanidade Ap\u00edcola<\/span><\/a><\/div>\n\n\n\n<div class=\"wp-block-stackable-button stk-block-button stk-block stk-0526cdc\" data-block-id=\"0526cdc\"><style>.stk-0526cdc,.stk-0526cdc .stk-button{width:100% !important}.stk-0526cdc{flex:1 1 0 !important}.stk-0526cdc .stk-button{min-height:50px !important;padding-top:8px !important;padding-right:8px !important;padding-bottom:8px !important;padding-left:8px !important;background:#034ea2 !important;border-radius:10px !important}.stk-0526cdc .stk-button__inner-text{color:#ffffff !important;line-height:1.5em !important;font-weight:700 !important;font-style:normal !important;font-family:\"Montserrat\",Sans-serif !important;letter-spacing:0px !important}<\/style><a class=\"stk-link stk-button stk--hover-effect-darken\" href=\"https:\/\/portal.pi.gov.br\/adapi\/raiva-em-herbivoros\/\"><span class=\"has-text-color stk-button__inner-text\">Raiva em Herb\u00edvoros<\/span><\/a><\/div>\n\n\n\n<div class=\"wp-block-stackable-button stk-block-button stk-block stk-7ee5cfc\" data-block-id=\"7ee5cfc\"><style>.stk-7ee5cfc,.stk-7ee5cfc .stk-button{width:100% !important}.stk-7ee5cfc{flex:1 1 0 !important}.stk-7ee5cfc .stk-button{min-height:50px !important;padding-top:8px !important;padding-right:8px !important;padding-bottom:8px !important;padding-left:8px !important;background:#034ea2 !important;border-radius:10px !important}.stk-7ee5cfc .stk-button__inner-text{color:#ffffff !important;line-height:1.5em !important;font-weight:700 !important;font-style:normal !important;font-family:\"Montserrat\",Sans-serif !important;letter-spacing:0px !important}<\/style><a class=\"stk-link stk-button stk--hover-effect-darken\" href=\"https:\/\/portal.pi.gov.br\/adapi\/vigilancia-epidemiologica\/\"><span class=\"has-text-color stk-button__inner-text\">Vigil\u00e2ncia Epidemiol\u00f3gica<\/span><\/a><\/div>\n\n\n\n<div class=\"wp-block-stackable-button stk-block-button stk-block stk-4858fd3\" data-block-id=\"4858fd3\"><style>.stk-4858fd3,.stk-4858fd3 .stk-button{width:100% !important}.stk-4858fd3{flex:1 1 0 !important}.stk-4858fd3 .stk-button{min-height:50px !important;padding-top:8px !important;padding-right:8px !important;padding-bottom:8px !important;padding-left:8px !important;background:#034ea2 !important;border-radius:10px !important}.stk-4858fd3 .stk-button__inner-text{color:#ffffff !important;line-height:1.5em !important;font-weight:700 !important;font-style:normal !important;font-family:\"Montserrat\",Sans-serif !important;letter-spacing:0px !important}<\/style><a class=\"stk-link stk-button stk--hover-effect-darken\" href=\"https:\/\/portal.pi.gov.br\/adapi\/sanidade-dos-animais-aquaticos\/\"><span class=\"has-text-color stk-button__inner-text\">Sanidade dos Animais Aqu\u00e1ticos<\/span><\/a><\/div>\n<\/div><\/div>\n<\/div>\n\n\n\n<div class=\"wp-block-column is-layout-flow\">\n<div class=\"wp-block-stackable-button-group stk-block-button-group stk-block stk-efb2ad1\" data-block-id=\"efb2ad1\"><style>.stk-efb2ad1 .stk-button-group{flex-direction:column !important;align-items:stretch !important}.stk-efb2ad1 .stk-block{flex-basis:auto !important}.stk-efb2ad1 .stk-block-button,.stk-efb2ad1 .stk-block-icon-button{flex:1 !important}.stk-efb2ad1,.stk-efb2ad1 .stk-block-icon-button .stk-button{width:100% !important}<\/style><div class=\"stk-row stk-inner-blocks stk-block-content stk-button-group\">\n<div class=\"wp-block-stackable-button stk-block-button stk-block stk-783d089\" data-block-id=\"783d089\"><style>.stk-783d089,.stk-783d089 .stk-button{width:100% !important}.stk-783d089{flex:1 1 0 !important}.stk-783d089 .stk-button{min-height:50px !important;padding-top:8px !important;padding-right:8px !important;padding-bottom:8px !important;padding-left:8px !important;background:#034ea2 !important;border-radius:10px !important}.stk-783d089 .stk-button__inner-text{color:#ffffff !important;line-height:1.5em !important;font-weight:700 !important;font-style:normal !important;font-family:\"Montserrat\",Sans-serif !important;letter-spacing:0px !important}<\/style><a class=\"stk-link stk-button stk--hover-effect-darken\" href=\"https:\/\/portal.pi.gov.br\/adapi\/sanidade-avicola\/\"><span class=\"has-text-color stk-button__inner-text\">Sanidade Av\u00edcola<\/span><\/a><\/div>\n\n\n\n<div class=\"wp-block-stackable-button stk-block-button stk-block stk-1a5a502\" data-block-id=\"1a5a502\"><style>.stk-1a5a502,.stk-1a5a502 .stk-button{width:100% !important}.stk-1a5a502{flex:1 1 0 !important}.stk-1a5a502 .stk-button{min-height:50px !important;padding-top:8px !important;padding-right:8px !important;padding-bottom:8px !important;padding-left:8px !important;background:#034ea2 !important;border-radius:10px !important}.stk-1a5a502 .stk-button__inner-text{color:#ffffff !important;line-height:1.5em !important;font-weight:700 !important;font-style:normal !important;font-family:\"Montserrat\",Sans-serif !important;letter-spacing:0px !important}<\/style><a class=\"stk-link stk-button stk--hover-effect-darken\" href=\"https:\/\/portal.pi.gov.br\/adapi\/brucelose-e-tuberculose\/\"><span class=\"has-text-color stk-button__inner-text\">Brucelose e Tuberculose<\/span><\/a><\/div>\n\n\n\n<div class=\"wp-block-stackable-button stk-block-button stk-block stk-03ddd6a\" data-block-id=\"03ddd6a\"><style>.stk-03ddd6a,.stk-03ddd6a .stk-button{width:100% !important}.stk-03ddd6a{flex:1 1 0 !important}.stk-03ddd6a .stk-button{min-height:50px !important;padding-top:8px !important;padding-right:8px !important;padding-bottom:8px !important;padding-left:8px !important;background:#034ea2 !important;border-radius:10px !important}.stk-03ddd6a .stk-button__inner-text{color:#ffffff !important;line-height:1.5em !important;font-weight:700 !important;font-style:normal !important;font-family:\"Montserrat\",Sans-serif !important;letter-spacing:0px !important}<\/style><a class=\"stk-link stk-button stk--hover-effect-darken\" href=\"https:\/\/portal.pi.gov.br\/adapi\/eventos-agropecuarios\/\"><span class=\"has-text-color stk-button__inner-text\">Eventos Agropecu\u00e1rios<\/span><\/a><\/div>\n\n\n\n<div class=\"wp-block-stackable-button stk-block-button stk-block stk-453a1e7\" data-block-id=\"453a1e7\"><style>.stk-453a1e7,.stk-453a1e7 .stk-button{width:100% !important}.stk-453a1e7{flex:1 1 0 !important}.stk-453a1e7 .stk-button{min-height:50px !important;padding-top:8px !important;padding-right:8px !important;padding-bottom:8px !important;padding-left:8px !important;background:#034ea2 !important;border-radius:10px !important}.stk-453a1e7 .stk-button__inner-text{color:#ffffff !important;line-height:1.5em !important;font-weight:700 !important;font-style:normal !important;font-family:\"Montserrat\",Sans-serif !important;letter-spacing:0px !important}<\/style><a class=\"stk-link stk-button stk--hover-effect-darken\" href=\"https:\/\/portal.pi.gov.br\/adapi\/encefalopatias-espongiformes-transmissiveis\/\"><span class=\"has-text-color stk-button__inner-text\">Encefalopatias Espongiformes Transmiss\u00edveis<\/span><\/a><\/div>\n<\/div><\/div>\n<\/div>\n<\/div>\n","protected":false},"excerpt":{"rendered":"<p>Febre Aftosa Sanidade dos Equ\u00eddeos Sanidade dos Su\u00eddeos Sanidade dos Caprinos e Ovinos Sanidade Ap\u00edcola Raiva em Herb\u00edvoros Vigil\u00e2ncia Epidemiol\u00f3gica Sanidade dos Animais Aqu\u00e1ticos Sanidade Av\u00edcola Brucelose e Tuberculose Eventos [&hellip;]<\/p>\n","protected":false},"author":1832,"featured_media":0,"parent":0,"menu_order":0,"comment_status":"closed","ping_status":"closed","template":"template-fullwidth.php","meta":[],"featured_image_urls":{"full":"","thumbnail":"","medium":"","medium_large":"","large":"","sgg-420":"","sgg-540":"","sgg-780":"","1536x1536":"","2048x2048":"","homepage-slider":"","homepage-slider-small":"","page-top":"","page-small":"","loop-main":"","thumb-gallery-widget":""},"post_excerpt_stackable":"<p>Febre Aftosa Sanidade dos Equ\u00eddeos Sanidade dos Su\u00eddeos Sanidade dos Caprinos e Ovinos Sanidade Ap\u00edcola Raiva em Herb\u00edvoros Vigil\u00e2ncia Epidemiol\u00f3gica Sanidade dos Animais Aqu\u00e1ticos Sanidade Av\u00edcola Brucelose e Tuberculose Eventos Agropecu\u00e1rios Encefalopatias Espongiformes Transmiss\u00edveis<\/p>\n","category_list":"","author_info":{"name":"ETIPI","url":"https:\/\/portal.pi.gov.br\/adapi\/author\/pallomagualter\/"},"comments_num":"0 coment\u00e1rio","featured_image_urls_v2":{"full":"","thumbnail":"","medium":"","medium_large":"","large":"","sgg-420":"","sgg-540":"","sgg-780":"","1536x1536":"","2048x2048":"","homepage-slider":"","homepage-slider-small":"","page-top":"","page-small":"","loop-main":"","thumb-gallery-widget":""},"post_excerpt_stackable_v2":"<p>Febre Aftosa Sanidade dos Equ\u00eddeos Sanidade dos Su\u00eddeos Sanidade dos Caprinos e Ovinos Sanidade Ap\u00edcola Raiva em Herb\u00edvoros Vigil\u00e2ncia Epidemiol\u00f3gica Sanidade dos Animais Aqu\u00e1ticos Sanidade Av\u00edcola Brucelose e Tuberculose Eventos Agropecu\u00e1rios Encefalopatias Espongiformes Transmiss\u00edveis<\/p>\n","category_list_v2":"","author_info_v2":{"name":"ETIPI","url":"https:\/\/portal.pi.gov.br\/adapi\/author\/pallomagualter\/"},"comments_num_v2":"0 coment\u00e1rio","_links":{"self":[{"href":"https:\/\/portal.pi.gov.br\/adapi\/wp-json\/wp\/v2\/pages\/3940"}],"collection":[{"href":"https:\/\/portal.pi.gov.br\/adapi\/wp-json\/wp\/v2\/pages"}],"about":[{"href":"https:\/\/portal.pi.gov.br\/adapi\/wp-json\/wp\/v2\/types\/page"}],"author":[{"embeddable":true,"href":"https:\/\/portal.pi.gov.br\/adapi\/wp-json\/wp\/v2\/users\/1832"}],"replies":[{"embeddable":true,"href":"https:\/\/portal.pi.gov.br\/adapi\/wp-json\/wp\/v2\/comments?post=3940"}],"version-history":[{"count":5,"href":"https:\/\/portal.pi.gov.br\/adapi\/wp-json\/wp\/v2\/pages\/3940\/revisions"}],"predecessor-version":[{"id":4825,"href":"https:\/\/portal.pi.gov.br\/adapi\/wp-json\/wp\/v2\/pages\/3940\/revisions\/4825"}],"wp:attachment":[{"href":"https:\/\/portal.pi.gov.br\/adapi\/wp-json\/wp\/v2\/media?parent=3940"}],"curies":[{"name":"wp","href":"https:\/\/api.w.org\/{rel}","templated":true}]}}