{"id":3947,"date":"2025-07-31T13:02:35","date_gmt":"2025-07-31T16:02:35","guid":{"rendered":"https:\/\/portal.pi.gov.br\/adapi\/?page_id=3947"},"modified":"2026-02-05T09:38:43","modified_gmt":"2026-02-05T12:38:43","slug":"defesa-vegetal","status":"publish","type":"page","link":"https:\/\/portal.pi.gov.br\/adapi\/defesa-vegetal\/","title":{"rendered":"Defesa Vegetal"},"content":{"rendered":"\n<p>A Defesa Vegetal \u00e9 formada pelo conjunto de pr\u00e1ticas destinadas a prevenir, controlar ou erradicar pragas capazes de provocar danos econ\u00f4micos \u00e0s lavouras e seus produtos, especialmente nas culturas que det\u00eam import\u00e2ncia econ\u00f4mica e social para o estado.<\/p>\n\n\n\n<p>No Piau\u00ed, cabe a Ag\u00eancia de Defesa Agropecu\u00e1ria do Estado do Piau\u00ed (Adapi), por meio da Ger\u00eancia de Defesa Vegetal (GDV), a coordena\u00e7\u00e3o do trabalho destinado a preservar a sanidade na agricultura. As atividades incluem medidas de vigil\u00e2ncia e fiscaliza\u00e7\u00e3o aplicadas em v\u00e1rias etapas do processo produtivo agr\u00edcola tais como:<\/p>\n\n\n\n<p>Vigil\u00e2ncia;<br>Monitoramento;<br>Fiscaliza\u00e7\u00e3o;<br>Diagn\u00f3stico;<br>Certifica\u00e7\u00e3o;<br>Educa\u00e7\u00e3o sanit\u00e1ria.<\/p>\n\n\n\n<p><strong>Objetivo<\/strong><\/p>\n\n\n\n<p>Garantir a sanidade das popula\u00e7\u00f5es vegetais.<\/p>\n\n\n\n<p>Todos esses procedimentos est\u00e3o fundamentados nas legisla\u00e7\u00f5es estadual e federal e em conformidade com os preceitos de conserva\u00e7\u00e3o do meio ambiente.<\/p>\n\n\n\n<p><br><strong>Permiss\u00e3o de Tr\u00e2nsito Vegetal (PTV)<\/strong><\/p>\n\n\n\n<p>A PTV \u00e9 o documento emitido para acompanhar o tr\u00e2nsito da partida de plantas ou produtos vegetais, de acordo com as normas de defesa sanit\u00e1ria vegetal, e para subsidiar, conforme o caso, a emiss\u00e3o do Certificado Fitossanit\u00e1rio &#8211; CF e do Certificado Fitossanit\u00e1rio de Reexporta\u00e7\u00e3o &#8211; CFR, com declara\u00e7\u00e3o adicional do Minist\u00e9rio da Agricultura, Pecu\u00e1ria e Abastecimento &#8211; MAPA.<br><br>No estado do Piau\u00ed a emiss\u00e3o de PTV \u00e9 eletr\u00f4nica e sua aprova\u00e7\u00e3o \u00e9 realizada por Engenheiro Agr\u00f4nomo da Adapi, ap\u00f3s conferencia dos documentos e atendimento as legisla\u00e7\u00f5es vigentes.<\/p>\n\n\n\n<h3 class=\"wp-block-heading\">Orienta\u00e7\u00f5es sobre o Servi\u00e7o<\/h3>\n\n\n\n<p>A emiss\u00e3o da PTV \u00e9 feita atrav\u00e9s do sistema eletr\u00f4nico Sidapi.<br><br>A PTV poder\u00e1 ser emitida diretamente pelo produtor rural ou seu respons\u00e1vel t\u00e9cnico (RT). Nestes casos, ap\u00f3s o interessado preencher corretamente todos os campos, dever\u00e1 aguardar a aprova\u00e7\u00e3o da PTV pelo Engenheiro Agr\u00f4nomo da Usav (Unidade de Sanidade Animal e Vegetal) onde est\u00e1 localizada a propriedade ou Unidade de Consolida\u00e7\u00e3o.<\/p>\n\n\n\n<p>O valor da taxa para emiss\u00e3o de PTV corresponde \u00e0 10 (dez) UFR-PIs, conforme Portaria  n\u00ba 15.204-113\/07 de 20 de setembro de 2007 (acesse no bal\u00e3o &#8220;Legisla\u00e7\u00e3o&#8221; mais abaixo), com gera\u00e7\u00e3o de boleto via sistema eletr\u00f4nico Sidapi, ap\u00f3s o preenchimento da PTV pelo interessado.<\/p>\n\n\n\n<p><strong>Obs.:<\/strong> Valor da UFR-PI 2026 R$ 4,95.<\/p>\n\n\n\n<div class=\"wp-block-stackable-columns stk-block-columns stk-block stk-3a8cf80\" data-block-id=\"3a8cf80\"><div class=\"stk-row stk-inner-blocks stk-block-content stk-content-align stk-3a8cf80-column\">\n<div class=\"wp-block-stackable-column stk-block-column stk-column stk-block stk-850cd7b\" data-v=\"4\" data-block-id=\"850cd7b\"><div class=\"stk-column-wrapper stk-block-column__content stk-container stk-850cd7b-container stk--no-background stk--no-padding\"><div class=\"stk-block-content stk-inner-blocks stk-850cd7b-inner-blocks\">\n<div class=\"wp-block-stackable-button-group stk-block-button-group stk-block stk-d83dca1\" data-block-id=\"d83dca1\"><style>.stk-d83dca1 .stk-button-group{flex-direction:column !important;align-items:stretch !important}.stk-d83dca1 .stk-block{flex-basis:auto !important}.stk-d83dca1 .stk-block-button,.stk-d83dca1 .stk-block-icon-button{flex:1 !important}.stk-d83dca1,.stk-d83dca1 .stk-block-icon-button .stk-button{width:100% !important}<\/style><div class=\"stk-row stk-inner-blocks stk-block-content stk-button-group\">\n<div class=\"wp-block-stackable-button stk-block-button stk-block stk-448d1fb\" data-block-id=\"448d1fb\"><style>.stk-448d1fb,.stk-448d1fb .stk-button{width:100% !important}.stk-448d1fb{flex:1 1 0 !important}.stk-448d1fb .stk-button{min-height:50px !important;padding-top:8px !important;padding-right:8px !important;padding-bottom:8px !important;padding-left:8px !important;background:#034ea2 !important;border-radius:10px !important}.stk-448d1fb .stk-button__inner-text{color:#ffffff !important;line-height:1.5em !important;font-weight:700 !important;font-style:normal !important;font-family:\"Montserrat\",Sans-serif !important;letter-spacing:0px !important}<\/style><a class=\"stk-link stk-button stk--hover-effect-darken\" href=\"https:\/\/portal.pi.gov.br\/adapi\/material-e-palestras-3\/\"><span class=\"has-text-color stk-button__inner-text\">Material e Palestras<\/span><\/a><\/div>\n\n\n\n<div class=\"wp-block-stackable-button stk-block-button stk-block stk-e10665e\" data-block-id=\"e10665e\"><style>.stk-e10665e,.stk-e10665e .stk-button{width:100% !important}.stk-e10665e{flex:1 1 0 !important}.stk-e10665e .stk-button{min-height:50px !important;padding-top:8px !important;padding-right:8px !important;padding-bottom:8px !important;padding-left:8px !important;background:#034ea2 !important;border-radius:10px !important}.stk-e10665e .stk-button__inner-text{color:#ffffff !important;line-height:1.5em !important;font-weight:700 !important;font-style:normal !important;font-family:\"Montserrat\",Sans-serif !important;letter-spacing:0px !important}<\/style><a class=\"stk-link stk-button stk--hover-effect-darken\" href=\"https:\/\/portal.pi.gov.br\/adapi\/vegetal-habilitados-ptv-e-cfo-cfoc\/\"><span class=\"has-text-color stk-button__inner-text\">Habilitados PTV e CFO\/CFOC<\/span><\/a><\/div>\n<\/div><\/div>\n<\/div><\/div><\/div>\n\n\n\n<div class=\"wp-block-stackable-column stk-block-column stk-column stk-block stk-59375ec\" data-v=\"4\" data-block-id=\"59375ec\"><div class=\"stk-column-wrapper stk-block-column__content stk-container stk-59375ec-container stk--no-background stk--no-padding\"><div class=\"stk-block-content stk-inner-blocks stk-59375ec-inner-blocks\">\n<div class=\"wp-block-stackable-button-group stk-block-button-group stk-block stk-6c5f76d\" data-block-id=\"6c5f76d\"><style>.stk-6c5f76d .stk-button-group{flex-direction:column !important;align-items:stretch !important}.stk-6c5f76d .stk-block{flex-basis:auto !important}.stk-6c5f76d .stk-block-button,.stk-6c5f76d .stk-block-icon-button{flex:1 !important}.stk-6c5f76d,.stk-6c5f76d .stk-block-icon-button .stk-button{width:100% !important}<\/style><div class=\"stk-row stk-inner-blocks stk-block-content stk-button-group\">\n<div class=\"wp-block-stackable-button stk-block-button stk-block stk-4fe5757\" data-block-id=\"4fe5757\"><style>.stk-4fe5757,.stk-4fe5757 .stk-button{width:100% !important}.stk-4fe5757{flex:1 1 0 !important}.stk-4fe5757 .stk-button{min-height:50px !important;padding-top:8px !important;padding-right:8px !important;padding-bottom:8px !important;padding-left:8px !important;background:#034ea2 !important;border-radius:10px !important}.stk-4fe5757 .stk-button__inner-text{color:#ffffff !important;line-height:1.5em !important;font-weight:700 !important;font-style:normal !important;font-family:\"Montserrat\",Sans-serif !important;letter-spacing:0px !important}<\/style><a class=\"stk-link stk-button stk--hover-effect-darken\" href=\"https:\/\/portal.pi.gov.br\/adapi\/vegetal-legislacao\/\"><span class=\"has-text-color stk-button__inner-text\">Legisla\u00e7\u00e3o<\/span><\/a><\/div>\n\n\n\n<div class=\"wp-block-stackable-button stk-block-button stk-block stk-57b1efc\" data-block-id=\"57b1efc\"><style>.stk-57b1efc,.stk-57b1efc .stk-button{width:100% !important}.stk-57b1efc{flex:1 1 0 !important}.stk-57b1efc .stk-button{min-height:50px !important;padding-top:8px !important;padding-right:8px !important;padding-bottom:8px !important;padding-left:8px !important;background:#034ea2 !important;border-radius:10px !important}.stk-57b1efc .stk-button__inner-text{color:#ffffff !important;line-height:1.5em !important;font-weight:700 !important;font-style:normal !important;font-family:\"Montserrat\",Sans-serif !important;letter-spacing:0px !important}<\/style><a class=\"stk-link stk-button stk--hover-effect-darken\" href=\"https:\/\/portal.pi.gov.br\/adapi\/vegetal-sidapi\/\"><span class=\"has-text-color stk-button__inner-text\">Sidapi<\/span><\/a><\/div>\n<\/div><\/div>\n<\/div><\/div><\/div>\n\n\n\n<div class=\"wp-block-stackable-column stk-block-column stk-column stk-block stk-2556139\" data-v=\"4\" data-block-id=\"2556139\"><div class=\"stk-column-wrapper stk-block-column__content stk-container stk-2556139-container stk--no-background stk--no-padding\"><div class=\"stk-block-content stk-inner-blocks stk-2556139-inner-blocks\">\n<div class=\"wp-block-stackable-button-group stk-block-button-group stk-block stk-9c5ce65\" data-block-id=\"9c5ce65\"><div class=\"stk-row stk-inner-blocks stk-block-content stk-button-group\">\n<div class=\"wp-block-stackable-button stk-block-button stk-block stk-64bc535\" data-block-id=\"64bc535\"><style>.stk-64bc535,.stk-64bc535 .stk-button{width:100% !important}.stk-64bc535{flex:1 1 0 !important}.stk-64bc535 .stk-button{min-height:50px !important;padding-top:8px !important;padding-right:8px !important;padding-bottom:8px !important;padding-left:8px !important;background:#034ea2 !important;border-radius:10px !important}.stk-64bc535 .stk-button__inner-text{color:#ffffff !important;line-height:1.5em !important;font-weight:700 !important;font-style:normal !important;font-family:\"Montserrat\",Sans-serif !important;letter-spacing:0px !important}<\/style><a class=\"stk-link stk-button stk--hover-effect-darken\" href=\"https:\/\/portal.pi.gov.br\/adapi\/vegetal-pragas-quarentenarias\/\"><span class=\"has-text-color stk-button__inner-text\">Pragas Quarenten\u00e1rias<\/span><\/a><\/div>\n<\/div><\/div>\n<\/div><\/div><\/div>\n<\/div><\/div>\n","protected":false},"excerpt":{"rendered":"<p>A Defesa Vegetal \u00e9 formada pelo conjunto de pr\u00e1ticas destinadas a prevenir, controlar ou erradicar pragas capazes de provocar danos econ\u00f4micos \u00e0s lavouras e seus produtos, especialmente nas culturas que [&hellip;]<\/p>\n","protected":false},"author":1832,"featured_media":0,"parent":0,"menu_order":0,"comment_status":"closed","ping_status":"closed","template":"template-fullwidth.php","meta":[],"featured_image_urls":{"full":"","thumbnail":"","medium":"","medium_large":"","large":"","sgg-420":"","sgg-540":"","sgg-780":"","1536x1536":"","2048x2048":"","homepage-slider":"","homepage-slider-small":"","page-top":"","page-small":"","loop-main":"","thumb-gallery-widget":""},"post_excerpt_stackable":"<p>A Defesa Vegetal \u00e9 formada pelo conjunto de pr\u00e1ticas destinadas a prevenir, controlar ou erradicar pragas capazes de provocar danos econ\u00f4micos \u00e0s lavouras e seus produtos, especialmente nas culturas que det\u00eam import\u00e2ncia econ\u00f4mica e social para o estado. No Piau\u00ed, cabe a Ag\u00eancia de Defesa Agropecu\u00e1ria do Estado do Piau\u00ed (Adapi), por meio da Ger\u00eancia de Defesa Vegetal (GDV), a coordena\u00e7\u00e3o do trabalho destinado a preservar a sanidade na agricultura. As atividades incluem medidas de vigil\u00e2ncia e fiscaliza\u00e7\u00e3o aplicadas em v\u00e1rias etapas do processo produtivo agr\u00edcola tais como: Vigil\u00e2ncia;Monitoramento;Fiscaliza\u00e7\u00e3o;Diagn\u00f3stico;Certifica\u00e7\u00e3o;Educa\u00e7\u00e3o sanit\u00e1ria. Objetivo Garantir a sanidade das popula\u00e7\u00f5es vegetais. Todos esses procedimentos&hellip;<\/p>\n","category_list":"","author_info":{"name":"ETIPI","url":"https:\/\/portal.pi.gov.br\/adapi\/author\/pallomagualter\/"},"comments_num":"0 coment\u00e1rio","featured_image_urls_v2":{"full":"","thumbnail":"","medium":"","medium_large":"","large":"","sgg-420":"","sgg-540":"","sgg-780":"","1536x1536":"","2048x2048":"","homepage-slider":"","homepage-slider-small":"","page-top":"","page-small":"","loop-main":"","thumb-gallery-widget":""},"post_excerpt_stackable_v2":"<p>A Defesa Vegetal \u00e9 formada pelo conjunto de pr\u00e1ticas destinadas a prevenir, controlar ou erradicar pragas capazes de provocar danos econ\u00f4micos \u00e0s lavouras e seus produtos, especialmente nas culturas que det\u00eam import\u00e2ncia econ\u00f4mica e social para o estado. No Piau\u00ed, cabe a Ag\u00eancia de Defesa Agropecu\u00e1ria do Estado do Piau\u00ed (Adapi), por meio da Ger\u00eancia de Defesa Vegetal (GDV), a coordena\u00e7\u00e3o do trabalho destinado a preservar a sanidade na agricultura. As atividades incluem medidas de vigil\u00e2ncia e fiscaliza\u00e7\u00e3o aplicadas em v\u00e1rias etapas do processo produtivo agr\u00edcola tais como: Vigil\u00e2ncia;Monitoramento;Fiscaliza\u00e7\u00e3o;Diagn\u00f3stico;Certifica\u00e7\u00e3o;Educa\u00e7\u00e3o sanit\u00e1ria. Objetivo Garantir a sanidade das popula\u00e7\u00f5es vegetais. Todos esses procedimentos&hellip;<\/p>\n","category_list_v2":"","author_info_v2":{"name":"ETIPI","url":"https:\/\/portal.pi.gov.br\/adapi\/author\/pallomagualter\/"},"comments_num_v2":"0 coment\u00e1rio","_links":{"self":[{"href":"https:\/\/portal.pi.gov.br\/adapi\/wp-json\/wp\/v2\/pages\/3947"}],"collection":[{"href":"https:\/\/portal.pi.gov.br\/adapi\/wp-json\/wp\/v2\/pages"}],"about":[{"href":"https:\/\/portal.pi.gov.br\/adapi\/wp-json\/wp\/v2\/types\/page"}],"author":[{"embeddable":true,"href":"https:\/\/portal.pi.gov.br\/adapi\/wp-json\/wp\/v2\/users\/1832"}],"replies":[{"embeddable":true,"href":"https:\/\/portal.pi.gov.br\/adapi\/wp-json\/wp\/v2\/comments?post=3947"}],"version-history":[{"count":5,"href":"https:\/\/portal.pi.gov.br\/adapi\/wp-json\/wp\/v2\/pages\/3947\/revisions"}],"predecessor-version":[{"id":5015,"href":"https:\/\/portal.pi.gov.br\/adapi\/wp-json\/wp\/v2\/pages\/3947\/revisions\/5015"}],"wp:attachment":[{"href":"https:\/\/portal.pi.gov.br\/adapi\/wp-json\/wp\/v2\/media?parent=3947"}],"curies":[{"name":"wp","href":"https:\/\/api.w.org\/{rel}","templated":true}]}}