{"id":3956,"date":"2025-07-31T13:30:46","date_gmt":"2025-07-31T16:30:46","guid":{"rendered":"https:\/\/portal.pi.gov.br\/adapi\/?page_id=3956"},"modified":"2025-09-04T10:24:00","modified_gmt":"2025-09-04T13:24:00","slug":"inspecao-origem-animal","status":"publish","type":"page","link":"https:\/\/portal.pi.gov.br\/adapi\/inspecao-origem-animal\/","title":{"rendered":"Inspe\u00e7\u00e3o Origem Animal"},"content":{"rendered":"\n<p><\/p>\n\n\n\n<p>A Ag\u00eancia de Defesa Agropecu\u00e1ria do Piau\u00ed (Adapi), por meio da Ger\u00eancia e Servi\u00e7os de Inspe\u00e7\u00e3o Estadual (GESIE) coordena o Servi\u00e7o de Inspe\u00e7\u00e3o Estadual &#8211; SIE\/PI, sendo respons\u00e1vel pelas atividades que envolvem: vistorias em terrenos, estabelecimentos pr\u00e9-existentes e em constru\u00e7\u00e3o, an\u00e1lise de projetos industriais, registro e controle da inspe\u00e7\u00e3o higi\u00eanico sanit\u00e1ria e tecnol\u00f3gica dos estabelecimentos e produtos de origem animal, que realizam o com\u00e9rcio intermunicipal, a\u00e7\u00f5es cautelares de interdi\u00e7\u00e3o, suspens\u00e3o, apreens\u00e3o, e destrui\u00e7\u00e3o de produtos impr\u00f3prios para o consumo visando a prote\u00e7\u00e3o da sa\u00fade p\u00fablica, coleta de amostras oficiais (P.O.A), dados estat\u00edsticos, nosogr\u00e1ficos, produ\u00e7\u00e3o e comercializa\u00e7\u00e3o e a\u00e7\u00f5es de combate \u00e0 clandestinos.<\/p>\n\n\n\n<p><strong>Divis\u00e3o da GESIE: Coordena\u00e7\u00f5es<\/strong><\/p>\n\n\n\n<p>-Carne e Derivados<\/p>\n\n\n\n<p>&#8211;&nbsp;Pescado e Derivados<\/p>\n\n\n\n<p>&#8211;&nbsp;Leite e Derivados<\/p>\n\n\n\n<p>&#8211;&nbsp;Produtos do Mel e Derivados<\/p>\n\n\n\n<p>&#8211;&nbsp;Ovos e Derivados<\/p>\n\n\n\n<p>&#8211;&nbsp;Clandestinos<\/p>\n\n\n\n<p><strong>Est\u00e3o sujeitos \u00e0 referida fiscaliza\u00e7\u00e3o:<\/strong><\/p>\n\n\n\n<p>a) Os animais destinados \u00e0 matan\u00e7a, seus produtos, sub-produtos e mat\u00e9rias primas;<\/p>\n\n\n\n<p>b) O pescado e seus derivados;<\/p>\n\n\n\n<p>c) O leite e seus derivados;<\/p>\n\n\n\n<p>d) O ovo e seus derivados;<\/p>\n\n\n\n<p>e) O mel, a cera de abelha e seus derivados.<\/p>\n\n\n\n<p><strong>Os requisitos para concess\u00e3o do registro no SIE est\u00e3o em anexo no Manual do Industrial.<\/strong><\/p>\n\n\n\n<div class=\"wp-block-stackable-columns stk-block-columns stk-block stk-059ecdc\" data-block-id=\"059ecdc\"><div class=\"stk-row stk-inner-blocks stk-block-content stk-content-align stk-059ecdc-column\">\n<div class=\"wp-block-stackable-column stk-block-column stk-column stk-block stk-3275813\" data-v=\"4\" data-block-id=\"3275813\"><div class=\"stk-column-wrapper stk-block-column__content stk-container stk-3275813-container stk--no-background stk--no-padding\"><div class=\"stk-block-content stk-inner-blocks stk-3275813-inner-blocks\">\n<div class=\"wp-block-stackable-button-group stk-block-button-group stk-block stk-c028990\" data-block-id=\"c028990\"><style>.stk-c028990 .stk-button-group{flex-direction:column !important;align-items:stretch !important}.stk-c028990 .stk-block{flex-basis:auto !important}.stk-c028990 .stk-block-button,.stk-c028990 .stk-block-icon-button{flex:1 !important}.stk-c028990,.stk-c028990 .stk-block-icon-button .stk-button{width:100% !important}<\/style><div class=\"stk-row stk-inner-blocks stk-block-content stk-button-group\">\n<div class=\"wp-block-stackable-button stk-block-button stk-block stk-c7be545\" data-block-id=\"c7be545\"><style>.stk-c7be545,.stk-c7be545 .stk-button{width:100% !important}.stk-c7be545{flex:1 1 0 !important}.stk-c7be545 .stk-button{min-height:50px !important;padding-top:8px !important;padding-right:8px !important;padding-bottom:8px !important;padding-left:8px !important;background:#034ea2 !important;border-radius:10px !important}.stk-c7be545 .stk-button__inner-text{color:#ffffff !important;line-height:1.5em !important;font-weight:700 !important;font-style:normal !important;font-family:\"Montserrat\",Sans-serif !important;letter-spacing:0px !important}<\/style><a class=\"stk-link stk-button stk--hover-effect-darken\" href=\"https:\/\/portal.pi.gov.br\/adapi\/inspecao-legislacao\/\"><span class=\"has-text-color stk-button__inner-text\">Legisla\u00e7\u00e3o<\/span><\/a><\/div>\n\n\n\n<div class=\"wp-block-stackable-button stk-block-button stk-block stk-fbca5dd\" data-block-id=\"fbca5dd\"><style>.stk-fbca5dd,.stk-fbca5dd .stk-button{width:100% !important}.stk-fbca5dd{flex:1 1 0 !important}.stk-fbca5dd .stk-button{min-height:50px !important;padding-top:8px !important;padding-right:8px !important;padding-bottom:8px !important;padding-left:8px !important;background:#034ea2 !important;border-radius:10px !important}.stk-fbca5dd .stk-button__inner-text{color:#ffffff !important;line-height:1.5em !important;font-weight:700 !important;font-style:normal !important;font-family:\"Montserrat\",Sans-serif !important;letter-spacing:0px !important}<\/style><a class=\"stk-link stk-button stk--hover-effect-darken\" href=\"https:\/\/portal.pi.gov.br\/adapi\/inspecao-estabelecimentos-registrados\/\"><span class=\"has-text-color stk-button__inner-text\">Estabelecimentos Registrados<\/span><\/a><\/div>\n<\/div><\/div>\n<\/div><\/div><\/div>\n\n\n\n<div class=\"wp-block-stackable-column stk-block-column stk-column stk-block stk-50e2105\" data-v=\"4\" data-block-id=\"50e2105\"><div class=\"stk-column-wrapper stk-block-column__content stk-container stk-50e2105-container stk--no-background stk--no-padding\"><div class=\"stk-block-content stk-inner-blocks stk-50e2105-inner-blocks\">\n<div class=\"wp-block-stackable-button-group stk-block-button-group stk-block stk-f103984\" data-block-id=\"f103984\"><style>.stk-f103984 .stk-button-group{flex-direction:column !important;align-items:stretch !important}.stk-f103984 .stk-block{flex-basis:auto !important}.stk-f103984 .stk-block-button,.stk-f103984 .stk-block-icon-button{flex:1 !important}.stk-f103984,.stk-f103984 .stk-block-icon-button .stk-button{width:100% !important}<\/style><div class=\"stk-row stk-inner-blocks stk-block-content stk-button-group\">\n<div class=\"wp-block-stackable-button stk-block-button stk-block stk-2870428\" data-block-id=\"2870428\"><style>.stk-2870428,.stk-2870428 .stk-button{width:100% !important}.stk-2870428{flex:1 1 0 !important}.stk-2870428 .stk-button{min-height:50px !important;padding-top:8px !important;padding-right:8px !important;padding-bottom:8px !important;padding-left:8px !important;background:#034ea2 !important;border-radius:10px !important}.stk-2870428 .stk-button__inner-text{color:#ffffff !important;line-height:1.5em !important;font-weight:700 !important;font-style:normal !important;font-family:\"Montserrat\",Sans-serif !important;letter-spacing:0px !important}<\/style><a class=\"stk-link stk-button stk--hover-effect-darken\" href=\"https:\/\/portal.pi.gov.br\/adapi\/inspecao-como-solicitar-o-sie\/\"><span class=\"has-text-color stk-button__inner-text\">Como Solicitar o SIE?<\/span><\/a><\/div>\n\n\n\n<div class=\"wp-block-stackable-button stk-block-button stk-block stk-cceb8a1\" data-block-id=\"cceb8a1\"><style>.stk-cceb8a1,.stk-cceb8a1 .stk-button{width:100% !important}.stk-cceb8a1{flex:1 1 0 !important}.stk-cceb8a1 .stk-button{min-height:50px !important;padding-top:8px !important;padding-right:8px !important;padding-bottom:8px !important;padding-left:8px !important;background:#034ea2 !important;border-radius:10px !important}.stk-cceb8a1 .stk-button__inner-text{color:#ffffff !important;line-height:1.5em !important;font-weight:700 !important;font-style:normal !important;font-family:\"Montserrat\",Sans-serif !important;letter-spacing:0px !important}<\/style><a class=\"stk-link stk-button stk--hover-effect-darken\" href=\"https:\/\/portal.pi.gov.br\/adapi\/inspecao-manual-do-industrial\/\"><span class=\"has-text-color stk-button__inner-text\">Manual do Industrial<\/span><\/a><\/div>\n<\/div><\/div>\n<\/div><\/div><\/div>\n<\/div><\/div>\n","protected":false},"excerpt":{"rendered":"<p>A Ag\u00eancia de Defesa Agropecu\u00e1ria do Piau\u00ed (Adapi), por meio da Ger\u00eancia e Servi\u00e7os de Inspe\u00e7\u00e3o Estadual (GESIE) coordena o Servi\u00e7o de Inspe\u00e7\u00e3o Estadual &#8211; SIE\/PI, sendo respons\u00e1vel pelas atividades [&hellip;]<\/p>\n","protected":false},"author":1832,"featured_media":0,"parent":0,"menu_order":0,"comment_status":"closed","ping_status":"closed","template":"template-fullwidth.php","meta":[],"featured_image_urls":{"full":"","thumbnail":"","medium":"","medium_large":"","large":"","sgg-420":"","sgg-540":"","sgg-780":"","1536x1536":"","2048x2048":"","homepage-slider":"","homepage-slider-small":"","page-top":"","page-small":"","loop-main":"","thumb-gallery-widget":""},"post_excerpt_stackable":"<p>A Ag\u00eancia de Defesa Agropecu\u00e1ria do Piau\u00ed (Adapi), por meio da Ger\u00eancia e Servi\u00e7os de Inspe\u00e7\u00e3o Estadual (GESIE) coordena o Servi\u00e7o de Inspe\u00e7\u00e3o Estadual &#8211; SIE\/PI, sendo respons\u00e1vel pelas atividades que envolvem: vistorias em terrenos, estabelecimentos pr\u00e9-existentes e em constru\u00e7\u00e3o, an\u00e1lise de projetos industriais, registro e controle da inspe\u00e7\u00e3o higi\u00eanico sanit\u00e1ria e tecnol\u00f3gica dos estabelecimentos e produtos de origem animal, que realizam o com\u00e9rcio intermunicipal, a\u00e7\u00f5es cautelares de interdi\u00e7\u00e3o, suspens\u00e3o, apreens\u00e3o, e destrui\u00e7\u00e3o de produtos impr\u00f3prios para o consumo visando a prote\u00e7\u00e3o da sa\u00fade p\u00fablica, coleta de amostras oficiais (P.O.A), dados estat\u00edsticos, nosogr\u00e1ficos, produ\u00e7\u00e3o e comercializa\u00e7\u00e3o e a\u00e7\u00f5es de combate&hellip;<\/p>\n","category_list":"","author_info":{"name":"ETIPI","url":"https:\/\/portal.pi.gov.br\/adapi\/author\/pallomagualter\/"},"comments_num":"0 coment\u00e1rio","featured_image_urls_v2":{"full":"","thumbnail":"","medium":"","medium_large":"","large":"","sgg-420":"","sgg-540":"","sgg-780":"","1536x1536":"","2048x2048":"","homepage-slider":"","homepage-slider-small":"","page-top":"","page-small":"","loop-main":"","thumb-gallery-widget":""},"post_excerpt_stackable_v2":"<p>A Ag\u00eancia de Defesa Agropecu\u00e1ria do Piau\u00ed (Adapi), por meio da Ger\u00eancia e Servi\u00e7os de Inspe\u00e7\u00e3o Estadual (GESIE) coordena o Servi\u00e7o de Inspe\u00e7\u00e3o Estadual &#8211; SIE\/PI, sendo respons\u00e1vel pelas atividades que envolvem: vistorias em terrenos, estabelecimentos pr\u00e9-existentes e em constru\u00e7\u00e3o, an\u00e1lise de projetos industriais, registro e controle da inspe\u00e7\u00e3o higi\u00eanico sanit\u00e1ria e tecnol\u00f3gica dos estabelecimentos e produtos de origem animal, que realizam o com\u00e9rcio intermunicipal, a\u00e7\u00f5es cautelares de interdi\u00e7\u00e3o, suspens\u00e3o, apreens\u00e3o, e destrui\u00e7\u00e3o de produtos impr\u00f3prios para o consumo visando a prote\u00e7\u00e3o da sa\u00fade p\u00fablica, coleta de amostras oficiais (P.O.A), dados estat\u00edsticos, nosogr\u00e1ficos, produ\u00e7\u00e3o e comercializa\u00e7\u00e3o e a\u00e7\u00f5es de combate&hellip;<\/p>\n","category_list_v2":"","author_info_v2":{"name":"ETIPI","url":"https:\/\/portal.pi.gov.br\/adapi\/author\/pallomagualter\/"},"comments_num_v2":"0 coment\u00e1rio","_links":{"self":[{"href":"https:\/\/portal.pi.gov.br\/adapi\/wp-json\/wp\/v2\/pages\/3956"}],"collection":[{"href":"https:\/\/portal.pi.gov.br\/adapi\/wp-json\/wp\/v2\/pages"}],"about":[{"href":"https:\/\/portal.pi.gov.br\/adapi\/wp-json\/wp\/v2\/types\/page"}],"author":[{"embeddable":true,"href":"https:\/\/portal.pi.gov.br\/adapi\/wp-json\/wp\/v2\/users\/1832"}],"replies":[{"embeddable":true,"href":"https:\/\/portal.pi.gov.br\/adapi\/wp-json\/wp\/v2\/comments?post=3956"}],"version-history":[{"count":2,"href":"https:\/\/portal.pi.gov.br\/adapi\/wp-json\/wp\/v2\/pages\/3956\/revisions"}],"predecessor-version":[{"id":4163,"href":"https:\/\/portal.pi.gov.br\/adapi\/wp-json\/wp\/v2\/pages\/3956\/revisions\/4163"}],"wp:attachment":[{"href":"https:\/\/portal.pi.gov.br\/adapi\/wp-json\/wp\/v2\/media?parent=3956"}],"curies":[{"name":"wp","href":"https:\/\/api.w.org\/{rel}","templated":true}]}}