{"id":3959,"date":"2025-07-31T13:43:43","date_gmt":"2025-07-31T16:43:43","guid":{"rendered":"https:\/\/portal.pi.gov.br\/adapi\/?page_id=3959"},"modified":"2025-08-01T12:42:49","modified_gmt":"2025-08-01T15:42:49","slug":"classificacao-inspecao-vegetal","status":"publish","type":"page","link":"https:\/\/portal.pi.gov.br\/adapi\/classificacao-inspecao-vegetal\/","title":{"rendered":"Classifica\u00e7\u00e3o\/Inspe\u00e7\u00e3o Vegetal"},"content":{"rendered":"\n<div class=\"wp-block-stackable-columns stk-block-columns stk-block stk-fe41f69\" data-block-id=\"fe41f69\"><div class=\"stk-row stk-inner-blocks stk-block-content stk-content-align stk-fe41f69-column\">\n<div class=\"wp-block-stackable-column stk-block-column stk-column stk-block stk-6dfc2ef\" data-v=\"4\" data-block-id=\"6dfc2ef\"><div class=\"stk-column-wrapper stk-block-column__content stk-container stk-6dfc2ef-container stk--no-background stk--no-padding\"><div class=\"stk-block-content stk-inner-blocks stk-6dfc2ef-inner-blocks\">\n<div class=\"wp-block-stackable-button-group stk-block-button-group stk-block stk-86429ea\" data-block-id=\"86429ea\"><div class=\"stk-row stk-inner-blocks stk-block-content stk-button-group\">\n<div class=\"wp-block-stackable-button stk-block-button stk-block stk-a3df38f\" data-block-id=\"a3df38f\"><style>.stk-a3df38f,.stk-a3df38f .stk-button{width:100% !important}.stk-a3df38f{flex:1 1 0 !important}.stk-a3df38f .stk-button{min-height:50px !important;padding-top:8px !important;padding-right:8px !important;padding-bottom:8px !important;padding-left:8px !important;background:#034ea2 !important;border-radius:10px !important}.stk-a3df38f .stk-button__inner-text{color:#ffffff !important;line-height:1.5em !important;font-weight:700 !important;font-style:normal !important;font-family:\"Montserrat\",Sans-serif !important;letter-spacing:0px !important}<\/style><a class=\"stk-link stk-button stk--hover-effect-darken\" href=\"https:\/\/portal.pi.gov.br\/adapi\/classificacao-legislacao-2\/\"><span class=\"has-text-color stk-button__inner-text\">Legisla\u00e7\u00e3o<\/span><\/a><\/div>\n<\/div><\/div>\n<\/div><\/div><\/div>\n\n\n\n<div class=\"wp-block-stackable-column stk-block-column stk-column stk-block stk-4997d0f\" data-v=\"4\" data-block-id=\"4997d0f\"><div class=\"stk-column-wrapper stk-block-column__content stk-container stk-4997d0f-container stk--no-background stk--no-padding\"><div class=\"stk-block-content stk-inner-blocks stk-4997d0f-inner-blocks\">\n<div class=\"wp-block-stackable-button-group stk-block-button-group stk-block stk-6565634\" data-block-id=\"6565634\"><div class=\"stk-row stk-inner-blocks stk-block-content stk-button-group\">\n<div class=\"wp-block-stackable-button stk-block-button stk-block stk-557e45a\" data-block-id=\"557e45a\"><style>.stk-557e45a,.stk-557e45a .stk-button{width:100% !important}.stk-557e45a{flex:1 1 0 !important}.stk-557e45a .stk-button{min-height:50px !important;padding-top:8px !important;padding-right:8px !important;padding-bottom:8px !important;padding-left:8px !important;background:#034ea2 !important;border-radius:10px !important}.stk-557e45a .stk-button__inner-text{color:#ffffff !important;line-height:1.5em !important;font-weight:700 !important;font-style:normal !important;font-family:\"Montserrat\",Sans-serif !important;letter-spacing:0px !important}<\/style><a class=\"stk-link stk-button stk--hover-effect-darken\" href=\"https:\/\/portal.pi.gov.br\/adapi\/classificacao-formularios-2\/\"><span class=\"has-text-color stk-button__inner-text\">Formul\u00e1rios<\/span><\/a><\/div>\n<\/div><\/div>\n<\/div><\/div><\/div>\n\n\n\n<div class=\"wp-block-stackable-column stk-block-column stk-column stk-block stk-c79431b\" data-v=\"4\" data-block-id=\"c79431b\"><div class=\"stk-column-wrapper stk-block-column__content stk-container stk-c79431b-container stk--no-background stk--no-padding\"><div class=\"stk-block-content stk-inner-blocks stk-c79431b-inner-blocks\">\n<div class=\"wp-block-stackable-button-group stk-block-button-group stk-block stk-8d3baa0\" data-block-id=\"8d3baa0\"><div class=\"stk-row stk-inner-blocks stk-block-content stk-button-group\">\n<div class=\"wp-block-stackable-button stk-block-button stk-block stk-d6eb3f6\" data-block-id=\"d6eb3f6\"><style>.stk-d6eb3f6,.stk-d6eb3f6 .stk-button{width:100% !important}.stk-d6eb3f6{flex:1 1 0 !important}.stk-d6eb3f6 .stk-button{min-height:50px !important;padding-top:8px !important;padding-right:8px !important;padding-bottom:8px !important;padding-left:8px !important;background:#034ea2 !important;border-radius:10px !important}.stk-d6eb3f6 .stk-button__inner-text{color:#ffffff !important;line-height:1.5em !important;font-weight:700 !important;font-style:normal !important;font-family:\"Montserrat\",Sans-serif !important;letter-spacing:0px !important}<\/style><a class=\"stk-link stk-button stk--hover-effect-darken\" href=\"https:\/\/portal.pi.gov.br\/adapi\/classificacao-como-e-onde-classificar\/\"><span class=\"has-text-color stk-button__inner-text\">Como e Onde Classificar<\/span><\/a><\/div>\n<\/div><\/div>\n<\/div><\/div><\/div>\n<\/div><\/div>\n","protected":false},"excerpt":{"rendered":"<p>Legisla\u00e7\u00e3o Formul\u00e1rios Como e Onde Classificar<\/p>\n","protected":false},"author":1832,"featured_media":0,"parent":0,"menu_order":0,"comment_status":"closed","ping_status":"closed","template":"template-fullwidth.php","meta":[],"featured_image_urls":{"full":"","thumbnail":"","medium":"","medium_large":"","large":"","sgg-420":"","sgg-540":"","sgg-780":"","1536x1536":"","2048x2048":"","homepage-slider":"","homepage-slider-small":"","page-top":"","page-small":"","loop-main":"","thumb-gallery-widget":""},"post_excerpt_stackable":"<p>Legisla\u00e7\u00e3o Formul\u00e1rios Como e Onde Classificar<\/p>\n","category_list":"","author_info":{"name":"ETIPI","url":"https:\/\/portal.pi.gov.br\/adapi\/author\/pallomagualter\/"},"comments_num":"0 coment\u00e1rio","featured_image_urls_v2":{"full":"","thumbnail":"","medium":"","medium_large":"","large":"","sgg-420":"","sgg-540":"","sgg-780":"","1536x1536":"","2048x2048":"","homepage-slider":"","homepage-slider-small":"","page-top":"","page-small":"","loop-main":"","thumb-gallery-widget":""},"post_excerpt_stackable_v2":"<p>Legisla\u00e7\u00e3o Formul\u00e1rios Como e Onde Classificar<\/p>\n","category_list_v2":"","author_info_v2":{"name":"ETIPI","url":"https:\/\/portal.pi.gov.br\/adapi\/author\/pallomagualter\/"},"comments_num_v2":"0 coment\u00e1rio","_links":{"self":[{"href":"https:\/\/portal.pi.gov.br\/adapi\/wp-json\/wp\/v2\/pages\/3959"}],"collection":[{"href":"https:\/\/portal.pi.gov.br\/adapi\/wp-json\/wp\/v2\/pages"}],"about":[{"href":"https:\/\/portal.pi.gov.br\/adapi\/wp-json\/wp\/v2\/types\/page"}],"author":[{"embeddable":true,"href":"https:\/\/portal.pi.gov.br\/adapi\/wp-json\/wp\/v2\/users\/1832"}],"replies":[{"embeddable":true,"href":"https:\/\/portal.pi.gov.br\/adapi\/wp-json\/wp\/v2\/comments?post=3959"}],"version-history":[{"count":2,"href":"https:\/\/portal.pi.gov.br\/adapi\/wp-json\/wp\/v2\/pages\/3959\/revisions"}],"predecessor-version":[{"id":3970,"href":"https:\/\/portal.pi.gov.br\/adapi\/wp-json\/wp\/v2\/pages\/3959\/revisions\/3970"}],"wp:attachment":[{"href":"https:\/\/portal.pi.gov.br\/adapi\/wp-json\/wp\/v2\/media?parent=3959"}],"curies":[{"name":"wp","href":"https:\/\/api.w.org\/{rel}","templated":true}]}}