{"id":4173,"date":"2025-09-04T12:01:14","date_gmt":"2025-09-04T15:01:14","guid":{"rendered":"https:\/\/portal.pi.gov.br\/adapi\/?page_id=4173"},"modified":"2025-09-04T12:05:38","modified_gmt":"2025-09-04T15:05:38","slug":"material-e-palestras","status":"publish","type":"page","link":"https:\/\/portal.pi.gov.br\/adapi\/material-e-palestras\/","title":{"rendered":"Material e Palestras"},"content":{"rendered":"<script type=\"text\/x-handlebars-template\"        id=\"wpfd-template-table-categories-430\">    <div class=\"wpfd-categories\">{{#if category}}{{#with category}}{{#if parent}}<a class=\"catlink backcategory\" href=\"#\" data-idcat=\"{{parent}}\">                        <i class=\"zmdi zmdi-chevron-left\"><\/i><span>Voltar<\/span><\/a>{{\/if}}{{\/with}}{{\/if}}<\/div><\/script><script type=\"text\/x-handlebars-template\" id=\"wpfd-template-table-430\">    {{#if files}}    {{#each files}}    <tr class=\"file\" data-id=\"{{ID}}\" data-catid=\"{{catid}}\">    <td class=\"file_title\"><a class=\"wpfd_downloadlink\" href=\"{{linkdownload}}\" title=\"{{post_title}}\"><span class=\"extcol\">{{#if file_custom_icon}}<span class=\"icon-custom\"><img src=\"{{file_custom_icon}}\"><\/span>{{else}}<span class=\"ext ext-{{ext}}\"><\/span>{{\/if}}<\/span>{{{crop_title}}}<\/a><\/td><td class=\"file_size\">{{bytesToSize size}}<\/td><td class=\"file_created\">{{created}}<\/td>                    <td class=\"col-download\">                <a class=\"downloadlink wpfd_downloadlink\"  href=\"{{linkdownload}}\" style=\"background-color:#033b85;color:#ffffff;\">Baixar<i class=\"zmdi zmdi-cloud-download wpfd-download\"><\/i><\/a>{{#if openpdflink}}<a class=\"openlink wpfdlightbox wpfd_previewlink\" href=\"{{openpdflink}}\" target=\"\">Visualizar                            <i class=\"zmdi zmdi-filter-center-focus wpfd-preview\"><\/i>                        <\/a>{{else}}{{#if viewerlink}}<a                            href=\"{{viewerlink}}\"                            class=\"openlink wpfdlightbox wpfd_previewlink\"                            target=\"\"                            data-id=\"{{ID}}\"                            data-catid=\"{{catid}}\"                            data-file-type=\"{{ext}}\">Visualizar<i class=\"zmdi zmdi-filter-center-focus wpfd-preview\"><\/i>                        <\/a>{{\/if}}{{\/if}}            <\/td>            <\/tr>    {{\/each}}    {{\/if}}<\/script><div class=\"wpfd-content wpfd-content-table wpfd-content-multi colstyle\" data-category=\"430\"><input type=\"hidden\" id=\"current_category_430\" value=\"430\" \/>                    <input type=\"hidden\" id=\"current_category_slug_430\" value=\"brucelose-material-e-palestras\" \/>                    <input type=\"hidden\" id=\"current_ordering_430\" value=\"title\" \/>                    <input type=\"hidden\" id=\"current_ordering_direction_430\" value=\"asc\" \/><div class=\"wpfd-container\">        <div class=\"wpfd-open-tree\"><\/div>    <div class=\"wpfd-container-table \">        <div class=\"wpfd-categories\"><\/div>        <table class=\"wpfd-table wpfd-table-bordered wpfd-table-striped mediaTable\">            <thead>            <tr>                <th class=\"essential persist file_title\">T\u00edtulo<\/th><th class=\"optional file_size\">Tamanho<\/th><th class=\"optional file_created\">Data de Publica\u00e7\u00e3o<\/th><th class=\"essential file_download\">Baixar<\/th>            <\/tr>            <\/thead>            <tbody>                            <tr class=\"file\" data-id=\"4818\"                    data-catid=\"430\">                    <td class=\"file_title\"><a class=\"wpfd_downloadlink\" href=\"https:\/\/portal.pi.gov.br\/adapi\/download\/430\/brucelose-material-e-palestras\/4818\/adapi07_folder-campanha-brucelose.pdf\" title=\"ADAPI07_folder campanha brucelose\"><span class=\"extcol\">                                <span class=\"ext ext-pdf\"><\/span>                                ADAPI07_folder campanha brucelose                            <\/span><\/a><\/td><td class=\"file_size\">17.97 MB<\/td><td class=\"file_created\">21-11-2025<\/td>                                            <td class=\"col-download\">                            <a class=\"downloadlink wpfd_downloadlink\"  href=\"https:\/\/portal.pi.gov.br\/adapi\/download\/430\/brucelose-material-e-palestras\/4818\/adapi07_folder-campanha-brucelose.pdf\" style=\"background-color:#033b85;color:#ffffff;\">Baixar<i class=\"zmdi zmdi-cloud-download wpfd-download\"><\/i><\/a><a                            href=\"https:\/\/docs.google.com\/viewer?url=https%3A%2F%2Fportal.pi.gov.br%2Fadapi%2Fwp-admin%2Fadmin-ajax.php%3Fjuwpfisadmin%3Dfalse%26action%3Dwpfd%26task%3Dfile.download%26wpfd_category_id%3D430%26wpfd_file_id%3D4818%26token%3D%26preview%3D1&#038;embedded=true\"                            class=\"openlink wpfdlightbox wpfd_previewlink\"                            target=\"\"                            data-id=\"4818\"                            data-catid=\"430\"                            data-file-type=\"pdf\">Visualizar<i class=\"zmdi zmdi-filter-center-focus wpfd-preview\"><\/i>                        <\/a>                        <\/td>                                    <\/tr>                            <tr class=\"file\" data-id=\"4820\"                    data-catid=\"430\">                    <td class=\"file_title\"><a class=\"wpfd_downloadlink\" href=\"https:\/\/portal.pi.gov.br\/adapi\/download\/430\/brucelose-material-e-palestras\/4820\/campanha-de-vacinacao-contra-a-brucelose-2.mp4\" title=\"Campanha de vacina\u00e7ao contra a brucelose\"><span class=\"extcol\">                                <span class=\"ext ext-mp4\"><\/span>                                Campanha de vacina\u00e7ao contra a brucelose                            <\/span><\/a><\/td><td class=\"file_size\">9.64 MB<\/td><td class=\"file_created\">21-11-2025<\/td>                                            <td class=\"col-download\">                            <a class=\"downloadlink wpfd_downloadlink\"  href=\"https:\/\/portal.pi.gov.br\/adapi\/download\/430\/brucelose-material-e-palestras\/4820\/campanha-de-vacinacao-contra-a-brucelose-2.mp4\" style=\"background-color:#033b85;color:#ffffff;\">Baixar<i class=\"zmdi zmdi-cloud-download wpfd-download\"><\/i><\/a><a                            href=\"https:\/\/portal.pi.gov.br\/adapi\/wp-admin\/admin-ajax.php?juwpfisadmin=false&#038;action=wpfd&#038;task=frontviewer.display&#038;view=frontviewer&#038;id=4820&#038;catid=430&#038;type=video&#038;ext=mp4\"                            class=\"openlink wpfdlightbox wpfd_previewlink\"                            target=\"\"                            data-id=\"4820\"                            data-catid=\"430\"                            data-file-type=\"mp4\">Visualizar<i class=\"zmdi zmdi-filter-center-focus wpfd-preview\"><\/i>                        <\/a>                        <\/td>                                    <\/tr>                            <tr class=\"file\" data-id=\"4819\"                    data-catid=\"430\">                    <td class=\"file_title\"><a class=\"wpfd_downloadlink\" href=\"https:\/\/portal.pi.gov.br\/adapi\/download\/430\/brucelose-material-e-palestras\/4819\/spot-campanha-de-vacinacao-contra-a-brucelose-2.mp3\" title=\"Spot campanha de vacina\u00e7ao contra a brucelose\"><span class=\"extcol\">                                <span class=\"ext ext-mp3\"><\/span>                                Spot campanha de vacina\u00e7ao contra a brucelose                            <\/span><\/a><\/td><td class=\"file_size\">850.00 KB<\/td><td class=\"file_created\">21-11-2025<\/td>                                            <td class=\"col-download\">                            <a class=\"downloadlink wpfd_downloadlink\"  href=\"https:\/\/portal.pi.gov.br\/adapi\/download\/430\/brucelose-material-e-palestras\/4819\/spot-campanha-de-vacinacao-contra-a-brucelose-2.mp3\" style=\"background-color:#033b85;color:#ffffff;\">Baixar<i class=\"zmdi zmdi-cloud-download wpfd-download\"><\/i><\/a><a                            href=\"https:\/\/portal.pi.gov.br\/adapi\/wp-admin\/admin-ajax.php?juwpfisadmin=false&#038;action=wpfd&#038;task=frontviewer.display&#038;view=frontviewer&#038;id=4819&#038;catid=430&#038;type=audio&#038;ext=mp3\"                            class=\"openlink wpfdlightbox wpfd_previewlink\"                            target=\"\"                            data-id=\"4819\"                            data-catid=\"430\"                            data-file-type=\"mp3\">Visualizar<i class=\"zmdi zmdi-filter-center-focus wpfd-preview\"><\/i>                        <\/a>                        <\/td>                                    <\/tr>                            <tr class=\"file\" data-id=\"4821\"                    data-catid=\"430\">                    <td class=\"file_title\"><a class=\"wpfd_downloadlink\" href=\"https:\/\/portal.pi.gov.br\/adapi\/download\/430\/brucelose-material-e-palestras\/4821\/folder-cuide-dos-seus-rebanhos.pdf\" title=\"folder cuide dos seus rebanhos\"><span class=\"extcol\">                                <span class=\"ext ext-pdf\"><\/span>                                folder cuide dos seus rebanhos                            <\/span><\/a><\/td><td class=\"file_size\">8.11 MB<\/td><td class=\"file_created\">21-11-2025<\/td>                                            <td class=\"col-download\">                            <a class=\"downloadlink wpfd_downloadlink\"  href=\"https:\/\/portal.pi.gov.br\/adapi\/download\/430\/brucelose-material-e-palestras\/4821\/folder-cuide-dos-seus-rebanhos.pdf\" style=\"background-color:#033b85;color:#ffffff;\">Baixar<i class=\"zmdi zmdi-cloud-download wpfd-download\"><\/i><\/a><a                            href=\"https:\/\/docs.google.com\/viewer?url=https%3A%2F%2Fportal.pi.gov.br%2Fadapi%2Fwp-admin%2Fadmin-ajax.php%3Fjuwpfisadmin%3Dfalse%26action%3Dwpfd%26task%3Dfile.download%26wpfd_category_id%3D430%26wpfd_file_id%3D4821%26token%3D%26preview%3D1&#038;embedded=true\"                            class=\"openlink wpfdlightbox wpfd_previewlink\"                            target=\"\"                            data-id=\"4821\"                            data-catid=\"430\"                            data-file-type=\"pdf\">Visualizar<i class=\"zmdi zmdi-filter-center-focus wpfd-preview\"><\/i>                        <\/a>                        <\/td>                                    <\/tr>                        <\/tbody>        <\/table>            <\/div><\/div><\/div>\n","protected":false},"excerpt":{"rendered":"","protected":false},"author":1832,"featured_media":0,"parent":0,"menu_order":0,"comment_status":"closed","ping_status":"closed","template":"template-fullwidth.php","meta":[],"featured_image_urls":{"full":"","thumbnail":"","medium":"","medium_large":"","large":"","sgg-420":"","sgg-540":"","sgg-780":"","1536x1536":"","2048x2048":"","homepage-slider":"","homepage-slider-small":"","page-top":"","page-small":"","loop-main":"","thumb-gallery-widget":""},"post_excerpt_stackable":"<p>T\u00edtuloTamanhoData de Publica\u00e7\u00e3oBaixar ADAPI07_folder campanha brucelose 17.97 MB21-11-2025 BaixarVisualizar Campanha de vacina\u00e7ao contra a brucelose 9.64 MB21-11-2025 BaixarVisualizar Spot campanha de vacina\u00e7ao contra a brucelose 850.00 KB21-11-2025 BaixarVisualizar folder cuide dos seus rebanhos 8.11 MB21-11-2025 BaixarVisualizar<\/p>\n","category_list":"","author_info":{"name":"ETIPI","url":"https:\/\/portal.pi.gov.br\/adapi\/author\/pallomagualter\/"},"comments_num":"0 coment\u00e1rio","featured_image_urls_v2":{"full":"","thumbnail":"","medium":"","medium_large":"","large":"","sgg-420":"","sgg-540":"","sgg-780":"","1536x1536":"","2048x2048":"","homepage-slider":"","homepage-slider-small":"","page-top":"","page-small":"","loop-main":"","thumb-gallery-widget":""},"post_excerpt_stackable_v2":"<p>T\u00edtuloTamanhoData de Publica\u00e7\u00e3oBaixar ADAPI07_folder campanha brucelose 17.97 MB21-11-2025 BaixarVisualizar Campanha de vacina\u00e7ao contra a brucelose 9.64 MB21-11-2025 BaixarVisualizar Spot campanha de vacina\u00e7ao contra a brucelose 850.00 KB21-11-2025 BaixarVisualizar folder cuide dos seus rebanhos 8.11 MB21-11-2025 BaixarVisualizar<\/p>\n","category_list_v2":"","author_info_v2":{"name":"ETIPI","url":"https:\/\/portal.pi.gov.br\/adapi\/author\/pallomagualter\/"},"comments_num_v2":"0 coment\u00e1rio","_links":{"self":[{"href":"https:\/\/portal.pi.gov.br\/adapi\/wp-json\/wp\/v2\/pages\/4173"}],"collection":[{"href":"https:\/\/portal.pi.gov.br\/adapi\/wp-json\/wp\/v2\/pages"}],"about":[{"href":"https:\/\/portal.pi.gov.br\/adapi\/wp-json\/wp\/v2\/types\/page"}],"author":[{"embeddable":true,"href":"https:\/\/portal.pi.gov.br\/adapi\/wp-json\/wp\/v2\/users\/1832"}],"replies":[{"embeddable":true,"href":"https:\/\/portal.pi.gov.br\/adapi\/wp-json\/wp\/v2\/comments?post=4173"}],"version-history":[{"count":2,"href":"https:\/\/portal.pi.gov.br\/adapi\/wp-json\/wp\/v2\/pages\/4173\/revisions"}],"predecessor-version":[{"id":4175,"href":"https:\/\/portal.pi.gov.br\/adapi\/wp-json\/wp\/v2\/pages\/4173\/revisions\/4175"}],"wp:attachment":[{"href":"https:\/\/portal.pi.gov.br\/adapi\/wp-json\/wp\/v2\/media?parent=4173"}],"curies":[{"name":"wp","href":"https:\/\/api.w.org\/{rel}","templated":true}]}}