{"id":4494,"date":"2025-10-22T10:31:14","date_gmt":"2025-10-22T13:31:14","guid":{"rendered":"https:\/\/portal.pi.gov.br\/adapi\/?page_id=4494"},"modified":"2026-02-24T21:40:28","modified_gmt":"2026-02-25T00:40:28","slug":"transito-vegetal","status":"publish","type":"page","link":"https:\/\/portal.pi.gov.br\/adapi\/transito-vegetal\/","title":{"rendered":"Tr\u00e2nsito Vegetal"},"content":{"rendered":"\n<p><br>Come\u00e7ou a valer em janeiro de 2026 a Portaria N\u00ba 56, de 04 de agosto de 2025, que estabelece a fiscaliza\u00e7\u00e3o do tr\u00e2nsito de m\u00e1quinas, equipamentos e implementos agr\u00edcolas usados como medida fitossanit\u00e1ria e d\u00e1 outras provid\u00eancias no estado do Piau\u00ed.<\/p>\n\n\n\n<p>Clique no bal\u00e3o &#8220;Legisla\u00e7\u00e3o&#8221; para baixar a portaria e o passo a passo de como fazer a solicita\u00e7\u00e3o de ingresso de m\u00e1quinas e implementos agr\u00edcola para o Piau\u00ed, atrav\u00e9s do Sidapi.<br><\/p>\n\n\n\n<p><strong>Transportador e produtor rural, aten\u00e7\u00e3o!<\/strong><br>Est\u00e1 trazendo ou ir\u00e1 cruzar o estado com m\u00e1quina(s), equipamento(s) ou implemento(s) agr\u00edcola(s) usado(s).<\/p>\n\n\n\n<p>N\u00e3o esque\u00e7a de realizar a desinfesta\u00e7\u00e3o e fazer a solicita\u00e7\u00e3o no link:<br><br>\u2022 Para m\u00e1quinas em tr\u00e2nsito pelo Piau\u00ed <a rel=\"noreferrer noopener\" href=\"https:\/\/sidapi.adapi.pi.gov.br\/sem-login\/solicitacao-ingresso-maquinas\/inserir\" target=\"_blank\">https:\/\/sidapi.adapi.pi.gov.br\/sem-login\/solicitacao-ingresso-maquinas\/inserir<\/a><br>\u2022 Para m\u00e1quinas com destino Piau\u00ed <a rel=\"noreferrer noopener\" href=\"https:\/\/sidapi.adapi.pi.gov.br\/\" target=\"_blank\">https:\/\/sidapi.adapi.pi.gov.br\/<\/a><\/p>\n\n\n\n<p>Simples, \u00e1gil e sem custos.<\/p>\n\n\n\n<p>Proteja nossas lavouras de pragas e mantenha seu campo saud\u00e1vel e produtivo.<\/p>\n\n\n\n<p>Acesse o folder no bal\u00e3o &#8220;Legisla\u00e7\u00e3o\/Materiais&#8221; e saiba mais.<\/p>\n\n\n\n<p><\/p>\n\n\n\n<p>Assista ao v\u00eddeo clicando aqui <a rel=\"noreferrer noopener\" href=\"https:\/\/drive.google.com\/file\/d\/12uynZAJIeQCu0IbTDlQeU47LQ9EJrfvG\/view?usp=sharing\" target=\"_blank\">https:\/\/drive.google.com\/file\/d\/12uynZAJIeQCu0IbTDlQeU47LQ9EJrfvG\/view?usp=sharing<\/a><\/p>\n\n\n\n<figure class=\"wp-block-gallery has-nested-images columns-default is-cropped wp-block-gallery-1 is-layout-flex\"><\/figure>\n\n\n\n<div class=\"wp-block-columns is-layout-flex wp-container-5\">\n<div class=\"wp-block-column is-layout-flow\">\n<div class=\"wp-block-stackable-button-group stk-block-button-group stk-block stk-88f71bc\" data-block-id=\"88f71bc\"><div class=\"stk-row stk-inner-blocks stk-block-content stk-button-group\">\n<div class=\"wp-block-stackable-button stk-block-button stk-block stk-58cbede\" data-block-id=\"58cbede\"><style>.stk-58cbede,.stk-58cbede .stk-button{width:100% !important}.stk-58cbede{flex:1 1 0 !important}.stk-58cbede .stk-button{min-height:50px !important;padding-top:8px !important;padding-right:8px !important;padding-bottom:8px !important;padding-left:8px !important;background:#034ea2 !important;border-radius:10px !important}.stk-58cbede .stk-button__inner-text{color:#ffffff !important;line-height:1.5em !important;font-weight:700 !important;font-style:normal !important;font-family:\"Montserrat\",Sans-serif !important;letter-spacing:0px !important}<\/style><a class=\"stk-link stk-button stk--hover-effect-darken\" href=\"https:\/\/portal.pi.gov.br\/adapi\/legislacao\/\"><span class=\"has-text-color stk-button__inner-text\">Legisla\u00e7\u00e3o\/Materiais<\/span><\/a><\/div>\n<\/div><\/div>\n\n\n\n<div class=\"wp-block-stackable-button-group stk-block-button-group stk-block stk-19d175e\" data-block-id=\"19d175e\"><div class=\"stk-row stk-inner-blocks stk-block-content stk-button-group\">\n<div class=\"wp-block-stackable-button stk-block-button stk-block stk-6e5e089\" data-block-id=\"6e5e089\"><style>.stk-6e5e089,.stk-6e5e089 .stk-button{width:100% !important}.stk-6e5e089{flex:1 1 0 !important}.stk-6e5e089 .stk-button{min-height:50px !important;padding-top:8px !important;padding-right:8px !important;padding-bottom:8px !important;padding-left:8px !important;background:#034ea2 !important;border-radius:10px !important}.stk-6e5e089 .stk-button__inner-text{color:#ffffff !important;line-height:1.5em !important;font-weight:700 !important;font-style:normal !important;font-family:\"Montserrat\",Sans-serif !important;letter-spacing:0px !important}<\/style><a class=\"stk-link stk-button stk--hover-effect-darken\" href=\"https:\/\/portal.pi.gov.br\/adapi\/cefiti\/\"><span class=\"has-text-color stk-button__inner-text\">CEFITI<\/span><\/a><\/div>\n<\/div><\/div>\n<\/div>\n\n\n\n<div class=\"wp-block-column is-layout-flow\">\n<div class=\"wp-block-stackable-button-group stk-block-button-group stk-block stk-5b59f8f\" data-block-id=\"5b59f8f\"><div class=\"stk-row stk-inner-blocks stk-block-content stk-button-group\">\n<div class=\"wp-block-stackable-button stk-block-button stk-block stk-5166221\" data-block-id=\"5166221\"><style>.stk-5166221,.stk-5166221 .stk-button{width:100% !important}.stk-5166221{flex:1 1 0 !important}.stk-5166221 .stk-button{min-height:50px !important;padding-top:8px !important;padding-right:8px !important;padding-bottom:8px !important;padding-left:8px !important;background:#034ea2 !important;border-radius:10px !important}.stk-5166221 .stk-button__inner-text{color:#ffffff !important;line-height:1.5em !important;font-weight:700 !important;font-style:normal !important;font-family:\"Montserrat\",Sans-serif !important;letter-spacing:0px !important}<\/style><a class=\"stk-link stk-button stk--hover-effect-darken\" href=\"https:\/\/portal.pi.gov.br\/adapi\/habilitados-ptv-cfo\/\"><span class=\"has-text-color stk-button__inner-text\">Habilitados PTV\/CFO<\/span><\/a><\/div>\n<\/div><\/div>\n\n\n\n<div class=\"wp-block-stackable-button-group stk-block-button-group stk-block stk-48cf327\" data-block-id=\"48cf327\"><div class=\"stk-row stk-inner-blocks stk-block-content stk-button-group\">\n<div class=\"wp-block-stackable-button stk-block-button stk-block stk-661aff0\" data-block-id=\"661aff0\"><style>.stk-661aff0,.stk-661aff0 .stk-button{width:100% !important}.stk-661aff0{flex:1 1 0 !important}.stk-661aff0 .stk-button{min-height:50px !important;padding-top:8px !important;padding-right:8px !important;padding-bottom:8px !important;padding-left:8px !important;background:#034ea2 !important;border-radius:10px !important}.stk-661aff0 .stk-button__inner-text{color:#ffffff !important;line-height:1.5em !important;font-weight:700 !important;font-style:normal !important;font-family:\"Montserrat\",Sans-serif !important;letter-spacing:0px !important}<\/style><a class=\"stk-link stk-button stk--hover-effect-darken\" href=\"https:\/\/portal.pi.gov.br\/adapi\/pva\/\"><span class=\"has-text-color stk-button__inner-text\">PVA<\/span><\/a><\/div>\n<\/div><\/div>\n<\/div>\n<\/div>\n\n\n\n<p><\/p>\n","protected":false},"excerpt":{"rendered":"<p>Come\u00e7ou a valer em janeiro de 2026 a Portaria N\u00ba 56, de 04 de agosto de 2025, que estabelece a fiscaliza\u00e7\u00e3o do tr\u00e2nsito de m\u00e1quinas, equipamentos e implementos agr\u00edcolas usados [&hellip;]<\/p>\n","protected":false},"author":1832,"featured_media":0,"parent":0,"menu_order":0,"comment_status":"closed","ping_status":"closed","template":"template-fullwidth.php","meta":[],"featured_image_urls":{"full":"","thumbnail":"","medium":"","medium_large":"","large":"","sgg-420":"","sgg-540":"","sgg-780":"","1536x1536":"","2048x2048":"","homepage-slider":"","homepage-slider-small":"","page-top":"","page-small":"","loop-main":"","thumb-gallery-widget":""},"post_excerpt_stackable":"<p>Come\u00e7ou a valer em janeiro de 2026 a Portaria N\u00ba 56, de 04 de agosto de 2025, que estabelece a fiscaliza\u00e7\u00e3o do tr\u00e2nsito de m\u00e1quinas, equipamentos e implementos agr\u00edcolas usados como medida fitossanit\u00e1ria e d\u00e1 outras provid\u00eancias no estado do Piau\u00ed. Clique no bal\u00e3o &#8220;Legisla\u00e7\u00e3o&#8221; para baixar a portaria e o passo a passo de como fazer a solicita\u00e7\u00e3o de ingresso de m\u00e1quinas e implementos agr\u00edcola para o Piau\u00ed, atrav\u00e9s do Sidapi. Transportador e produtor rural, aten\u00e7\u00e3o!Est\u00e1 trazendo ou ir\u00e1 cruzar o estado com m\u00e1quina(s), equipamento(s) ou implemento(s) agr\u00edcola(s) usado(s). N\u00e3o esque\u00e7a de realizar a desinfesta\u00e7\u00e3o e fazer a solicita\u00e7\u00e3o&hellip;<\/p>\n","category_list":"","author_info":{"name":"ETIPI","url":"https:\/\/portal.pi.gov.br\/adapi\/author\/pallomagualter\/"},"comments_num":"0 coment\u00e1rio","featured_image_urls_v2":{"full":"","thumbnail":"","medium":"","medium_large":"","large":"","sgg-420":"","sgg-540":"","sgg-780":"","1536x1536":"","2048x2048":"","homepage-slider":"","homepage-slider-small":"","page-top":"","page-small":"","loop-main":"","thumb-gallery-widget":""},"post_excerpt_stackable_v2":"<p>Come\u00e7ou a valer em janeiro de 2026 a Portaria N\u00ba 56, de 04 de agosto de 2025, que estabelece a fiscaliza\u00e7\u00e3o do tr\u00e2nsito de m\u00e1quinas, equipamentos e implementos agr\u00edcolas usados como medida fitossanit\u00e1ria e d\u00e1 outras provid\u00eancias no estado do Piau\u00ed. Clique no bal\u00e3o &#8220;Legisla\u00e7\u00e3o&#8221; para baixar a portaria e o passo a passo de como fazer a solicita\u00e7\u00e3o de ingresso de m\u00e1quinas e implementos agr\u00edcola para o Piau\u00ed, atrav\u00e9s do Sidapi. Transportador e produtor rural, aten\u00e7\u00e3o!Est\u00e1 trazendo ou ir\u00e1 cruzar o estado com m\u00e1quina(s), equipamento(s) ou implemento(s) agr\u00edcola(s) usado(s). N\u00e3o esque\u00e7a de realizar a desinfesta\u00e7\u00e3o e fazer a solicita\u00e7\u00e3o&hellip;<\/p>\n","category_list_v2":"","author_info_v2":{"name":"ETIPI","url":"https:\/\/portal.pi.gov.br\/adapi\/author\/pallomagualter\/"},"comments_num_v2":"0 coment\u00e1rio","_links":{"self":[{"href":"https:\/\/portal.pi.gov.br\/adapi\/wp-json\/wp\/v2\/pages\/4494"}],"collection":[{"href":"https:\/\/portal.pi.gov.br\/adapi\/wp-json\/wp\/v2\/pages"}],"about":[{"href":"https:\/\/portal.pi.gov.br\/adapi\/wp-json\/wp\/v2\/types\/page"}],"author":[{"embeddable":true,"href":"https:\/\/portal.pi.gov.br\/adapi\/wp-json\/wp\/v2\/users\/1832"}],"replies":[{"embeddable":true,"href":"https:\/\/portal.pi.gov.br\/adapi\/wp-json\/wp\/v2\/comments?post=4494"}],"version-history":[{"count":8,"href":"https:\/\/portal.pi.gov.br\/adapi\/wp-json\/wp\/v2\/pages\/4494\/revisions"}],"predecessor-version":[{"id":5159,"href":"https:\/\/portal.pi.gov.br\/adapi\/wp-json\/wp\/v2\/pages\/4494\/revisions\/5159"}],"wp:attachment":[{"href":"https:\/\/portal.pi.gov.br\/adapi\/wp-json\/wp\/v2\/media?parent=4494"}],"curies":[{"name":"wp","href":"https:\/\/api.w.org\/{rel}","templated":true}]}}