{"id":4507,"date":"2025-10-22T11:51:15","date_gmt":"2025-10-22T14:51:15","guid":{"rendered":"https:\/\/portal.pi.gov.br\/adapi\/?page_id=4507"},"modified":"2025-10-22T11:51:17","modified_gmt":"2025-10-22T14:51:17","slug":"legislacao-5","status":"publish","type":"page","link":"https:\/\/portal.pi.gov.br\/adapi\/legislacao-5\/","title":{"rendered":"Legisla\u00e7\u00e3o"},"content":{"rendered":"\n<script type=\"text\/x-handlebars-template\"        id=\"wpfd-template-table-categories-336\">    <div class=\"wpfd-categories\">{{#if category}}{{#with category}}{{#if parent}}<a class=\"catlink backcategory\" href=\"#\" data-idcat=\"{{parent}}\">                        <i class=\"zmdi zmdi-chevron-left\"><\/i><span>Voltar<\/span><\/a>{{\/if}}{{\/with}}{{\/if}}<\/div><\/script><script type=\"text\/x-handlebars-template\" id=\"wpfd-template-table-336\">    {{#if files}}    {{#each files}}    <tr class=\"file\" data-id=\"{{ID}}\" data-catid=\"{{catid}}\">    <td class=\"file_title\"><a class=\"wpfd_downloadlink\" href=\"{{linkdownload}}\" title=\"{{post_title}}\"><span class=\"extcol\">{{#if file_custom_icon}}<span class=\"icon-custom\"><img src=\"{{file_custom_icon}}\"><\/span>{{else}}<span class=\"ext ext-{{ext}}\"><\/span>{{\/if}}<\/span>{{{crop_title}}}<\/a><\/td><td class=\"file_size\">{{bytesToSize size}}<\/td><td class=\"file_created\">{{created}}<\/td>                    <td class=\"col-download\">                <a class=\"downloadlink wpfd_downloadlink\"  href=\"{{linkdownload}}\" style=\"background-color:#033b85;color:#ffffff;\">Baixar<i class=\"zmdi zmdi-cloud-download wpfd-download\"><\/i><\/a>{{#if openpdflink}}<a class=\"openlink wpfdlightbox wpfd_previewlink\" href=\"{{openpdflink}}\" target=\"\">Visualizar                            <i class=\"zmdi zmdi-filter-center-focus wpfd-preview\"><\/i>                        <\/a>{{else}}{{#if viewerlink}}<a                            href=\"{{viewerlink}}\"                            class=\"openlink wpfdlightbox wpfd_previewlink\"                            target=\"\"                            data-id=\"{{ID}}\"                            data-catid=\"{{catid}}\"                            data-file-type=\"{{ext}}\">Visualizar<i class=\"zmdi zmdi-filter-center-focus wpfd-preview\"><\/i>                        <\/a>{{\/if}}{{\/if}}            <\/td>            <\/tr>    {{\/each}}    {{\/if}}<\/script><div class=\"wpfd-content wpfd-content-table wpfd-content-multi colstyle\" data-category=\"336\"><input type=\"hidden\" id=\"current_category_336\" value=\"336\" \/>                    <input type=\"hidden\" id=\"current_category_slug_336\" value=\"herbivoroslegislacao\" \/>                    <input type=\"hidden\" id=\"current_ordering_336\" value=\"title\" \/>                    <input type=\"hidden\" id=\"current_ordering_direction_336\" value=\"desc\" \/><div class=\"wpfd-container\">        <div class=\"wpfd-open-tree\"><\/div>    <div class=\"wpfd-container-table \">        <div class=\"wpfd-categories\"><\/div>        <table class=\"wpfd-table wpfd-table-bordered wpfd-table-striped mediaTable\">            <thead>            <tr>                <th class=\"essential persist file_title\">T\u00edtulo<\/th><th class=\"optional file_size\">Tamanho<\/th><th class=\"optional file_created\">Data de Publica\u00e7\u00e3o<\/th><th class=\"essential file_download\">Baixar<\/th>            <\/tr>            <\/thead>            <tbody>                            <tr class=\"file\" data-id=\"2905\"                    data-catid=\"336\">                    <td class=\"file_title\"><a class=\"wpfd_downloadlink\" href=\"https:\/\/portal.pi.gov.br\/adapi\/download\/336\/herbivoroslegislacao\/2905\/portaria-no-140-de-01-de-novembro-de-2023.pdf\" title=\"Portaria n\u00ba 140, de 01 de novembro de 2023\"><span class=\"extcol\">                                <span class=\"ext ext-pdf\"><\/span>                                Portaria n\u00ba 140, de 01 de novembro de 2023                            <\/span><\/a><\/td><td class=\"file_size\">577.06 KB<\/td><td class=\"file_created\">22-04-2025<\/td>                                            <td class=\"col-download\">                            <a class=\"downloadlink wpfd_downloadlink\"  href=\"https:\/\/portal.pi.gov.br\/adapi\/download\/336\/herbivoroslegislacao\/2905\/portaria-no-140-de-01-de-novembro-de-2023.pdf\" style=\"background-color:#033b85;color:#ffffff;\">Baixar<i class=\"zmdi zmdi-cloud-download wpfd-download\"><\/i><\/a><a                            href=\"https:\/\/docs.google.com\/viewer?url=https%3A%2F%2Fportal.pi.gov.br%2Fadapi%2Fwp-admin%2Fadmin-ajax.php%3Fjuwpfisadmin%3Dfalse%26action%3Dwpfd%26task%3Dfile.download%26wpfd_category_id%3D336%26wpfd_file_id%3D2905%26token%3D%26preview%3D1&#038;embedded=true\"                            class=\"openlink wpfdlightbox wpfd_previewlink\"                            target=\"\"                            data-id=\"2905\"                            data-catid=\"336\"                            data-file-type=\"pdf\">Visualizar<i class=\"zmdi zmdi-filter-center-focus wpfd-preview\"><\/i>                        <\/a>                        <\/td>                                    <\/tr>                            <tr class=\"file\" data-id=\"2906\"                    data-catid=\"336\">                    <td class=\"file_title\"><a class=\"wpfd_downloadlink\" href=\"https:\/\/portal.pi.gov.br\/adapi\/download\/336\/herbivoroslegislacao\/2906\/portaria-sda-mapa-168-2005.pdf\" title=\"Portaria SDA-MAPA 168-2005\"><span class=\"extcol\">                                <span class=\"ext ext-pdf\"><\/span>                                Portaria SDA-MAPA 168-2005                            <\/span><\/a><\/td><td class=\"file_size\">956.76 KB<\/td><td class=\"file_created\">22-04-2025<\/td>                                            <td class=\"col-download\">                            <a class=\"downloadlink wpfd_downloadlink\"  href=\"https:\/\/portal.pi.gov.br\/adapi\/download\/336\/herbivoroslegislacao\/2906\/portaria-sda-mapa-168-2005.pdf\" style=\"background-color:#033b85;color:#ffffff;\">Baixar<i class=\"zmdi zmdi-cloud-download wpfd-download\"><\/i><\/a><a                            href=\"https:\/\/docs.google.com\/viewer?url=https%3A%2F%2Fportal.pi.gov.br%2Fadapi%2Fwp-admin%2Fadmin-ajax.php%3Fjuwpfisadmin%3Dfalse%26action%3Dwpfd%26task%3Dfile.download%26wpfd_category_id%3D336%26wpfd_file_id%3D2906%26token%3D%26preview%3D1&#038;embedded=true\"                            class=\"openlink wpfdlightbox wpfd_previewlink\"                            target=\"\"                            data-id=\"2906\"                            data-catid=\"336\"                            data-file-type=\"pdf\">Visualizar<i class=\"zmdi zmdi-filter-center-focus wpfd-preview\"><\/i>                        <\/a>                        <\/td>                                    <\/tr>                            <tr class=\"file\" data-id=\"2903\"                    data-catid=\"336\">                    <td class=\"file_title\"><a class=\"wpfd_downloadlink\" href=\"https:\/\/portal.pi.gov.br\/adapi\/download\/336\/herbivoroslegislacao\/2903\/portaria-no-52-201-52-2022-dg-adapi-de-02-de-junho-de-2022.pdf\" title=\"PORTARIA N\u00ba 52.201 \u2013 52 -2022 \u2013 DG ADAPI, DE 02 DE JUNHO DE 2022\"><span class=\"extcol\">                                <span class=\"ext ext-pdf\"><\/span>                                PORTARIA N\u00ba 52.201 \u2013 52 -2022 \u2013 DG ADAPI, DE 02 DE JUNHO DE 2022                            <\/span><\/a><\/td><td class=\"file_size\">195.93 KB<\/td><td class=\"file_created\">22-04-2025<\/td>                                            <td class=\"col-download\">                            <a class=\"downloadlink wpfd_downloadlink\"  href=\"https:\/\/portal.pi.gov.br\/adapi\/download\/336\/herbivoroslegislacao\/2903\/portaria-no-52-201-52-2022-dg-adapi-de-02-de-junho-de-2022.pdf\" style=\"background-color:#033b85;color:#ffffff;\">Baixar<i class=\"zmdi zmdi-cloud-download wpfd-download\"><\/i><\/a><a                            href=\"https:\/\/docs.google.com\/viewer?url=https%3A%2F%2Fportal.pi.gov.br%2Fadapi%2Fwp-admin%2Fadmin-ajax.php%3Fjuwpfisadmin%3Dfalse%26action%3Dwpfd%26task%3Dfile.download%26wpfd_category_id%3D336%26wpfd_file_id%3D2903%26token%3D%26preview%3D1&#038;embedded=true\"                            class=\"openlink wpfdlightbox wpfd_previewlink\"                            target=\"\"                            data-id=\"2903\"                            data-catid=\"336\"                            data-file-type=\"pdf\">Visualizar<i class=\"zmdi zmdi-filter-center-focus wpfd-preview\"><\/i>                        <\/a>                        <\/td>                                    <\/tr>                            <tr class=\"file\" data-id=\"2904\"                    data-catid=\"336\">                    <td class=\"file_title\"><a class=\"wpfd_downloadlink\" href=\"https:\/\/portal.pi.gov.br\/adapi\/download\/336\/herbivoroslegislacao\/2904\/manual-de-procedimentos-pecrh.pdf\" title=\"MANUAL DE PROCEDIMENTOS PECRH\"><span class=\"extcol\">                                <span class=\"ext ext-pdf\"><\/span>                                MANUAL DE PROCEDIMENTOS PECRH                            <\/span><\/a><\/td><td class=\"file_size\">2.22 MB<\/td><td class=\"file_created\">22-04-2025<\/td>                                            <td class=\"col-download\">                            <a class=\"downloadlink wpfd_downloadlink\"  href=\"https:\/\/portal.pi.gov.br\/adapi\/download\/336\/herbivoroslegislacao\/2904\/manual-de-procedimentos-pecrh.pdf\" style=\"background-color:#033b85;color:#ffffff;\">Baixar<i class=\"zmdi zmdi-cloud-download wpfd-download\"><\/i><\/a><a                            href=\"https:\/\/docs.google.com\/viewer?url=https%3A%2F%2Fportal.pi.gov.br%2Fadapi%2Fwp-admin%2Fadmin-ajax.php%3Fjuwpfisadmin%3Dfalse%26action%3Dwpfd%26task%3Dfile.download%26wpfd_category_id%3D336%26wpfd_file_id%3D2904%26token%3D%26preview%3D1&#038;embedded=true\"                            class=\"openlink wpfdlightbox wpfd_previewlink\"                            target=\"\"                            data-id=\"2904\"                            data-catid=\"336\"                            data-file-type=\"pdf\">Visualizar<i class=\"zmdi zmdi-filter-center-focus wpfd-preview\"><\/i>                        <\/a>                        <\/td>                                    <\/tr>                            <tr class=\"file\" data-id=\"2902\"                    data-catid=\"336\">                    <td class=\"file_title\"><a class=\"wpfd_downloadlink\" href=\"https:\/\/portal.pi.gov.br\/adapi\/download\/336\/herbivoroslegislacao\/2902\/instrucao-normativa-sda-mapa-18-2002.pdf\" title=\"Instru\u00e7\u00e3o Normativa SDA-MAPA 18-2002\"><span class=\"extcol\">                                <span class=\"ext ext-pdf\"><\/span>                                Instru\u00e7\u00e3o Normativa SDA-MAPA 18-2002                            <\/span><\/a><\/td><td class=\"file_size\">85.28 KB<\/td><td class=\"file_created\">22-04-2025<\/td>                                            <td class=\"col-download\">                            <a class=\"downloadlink wpfd_downloadlink\"  href=\"https:\/\/portal.pi.gov.br\/adapi\/download\/336\/herbivoroslegislacao\/2902\/instrucao-normativa-sda-mapa-18-2002.pdf\" style=\"background-color:#033b85;color:#ffffff;\">Baixar<i class=\"zmdi zmdi-cloud-download wpfd-download\"><\/i><\/a><a                            href=\"https:\/\/docs.google.com\/viewer?url=https%3A%2F%2Fportal.pi.gov.br%2Fadapi%2Fwp-admin%2Fadmin-ajax.php%3Fjuwpfisadmin%3Dfalse%26action%3Dwpfd%26task%3Dfile.download%26wpfd_category_id%3D336%26wpfd_file_id%3D2902%26token%3D%26preview%3D1&#038;embedded=true\"                            class=\"openlink wpfdlightbox wpfd_previewlink\"                            target=\"\"                            data-id=\"2902\"                            data-catid=\"336\"                            data-file-type=\"pdf\">Visualizar<i class=\"zmdi zmdi-filter-center-focus wpfd-preview\"><\/i>                        <\/a>                        <\/td>                                    <\/tr>                            <tr class=\"file\" data-id=\"2899\"                    data-catid=\"336\">                    <td class=\"file_title\"><a class=\"wpfd_downloadlink\" href=\"https:\/\/portal.pi.gov.br\/adapi\/download\/336\/herbivoroslegislacao\/2899\/instrucao-normativa-mapa-49-2008.pdf\" title=\"Instru\u00e7\u00e3o Normativa MAPA 49-2008\"><span class=\"extcol\">                                <span class=\"ext ext-pdf\"><\/span>                                Instru\u00e7\u00e3o Normativa MAPA 49-2008                            <\/span><\/a><\/td><td class=\"file_size\">108.99 KB<\/td><td class=\"file_created\">22-04-2025<\/td>                                            <td class=\"col-download\">                            <a class=\"downloadlink wpfd_downloadlink\"  href=\"https:\/\/portal.pi.gov.br\/adapi\/download\/336\/herbivoroslegislacao\/2899\/instrucao-normativa-mapa-49-2008.pdf\" style=\"background-color:#033b85;color:#ffffff;\">Baixar<i class=\"zmdi zmdi-cloud-download wpfd-download\"><\/i><\/a><a                            href=\"https:\/\/docs.google.com\/viewer?url=https%3A%2F%2Fportal.pi.gov.br%2Fadapi%2Fwp-admin%2Fadmin-ajax.php%3Fjuwpfisadmin%3Dfalse%26action%3Dwpfd%26task%3Dfile.download%26wpfd_category_id%3D336%26wpfd_file_id%3D2899%26token%3D%26preview%3D1&#038;embedded=true\"                            class=\"openlink wpfdlightbox wpfd_previewlink\"                            target=\"\"                            data-id=\"2899\"                            data-catid=\"336\"                            data-file-type=\"pdf\">Visualizar<i class=\"zmdi zmdi-filter-center-focus wpfd-preview\"><\/i>                        <\/a>                        <\/td>                                    <\/tr>                            <tr class=\"file\" data-id=\"2898\"                    data-catid=\"336\">                    <td class=\"file_title\"><a class=\"wpfd_downloadlink\" href=\"https:\/\/portal.pi.gov.br\/adapi\/download\/336\/herbivoroslegislacao\/2898\/instrucao-normativa-mapa-44-2013.pdf\" title=\"Instru\u00e7\u00e3o Normativa MAPA 44-2013\"><span class=\"extcol\">                                <span class=\"ext ext-pdf\"><\/span>                                Instru\u00e7\u00e3o Normativa MAPA 44-2013                            <\/span><\/a><\/td><td class=\"file_size\">91.98 KB<\/td><td class=\"file_created\">22-04-2025<\/td>                                            <td class=\"col-download\">                            <a class=\"downloadlink wpfd_downloadlink\"  href=\"https:\/\/portal.pi.gov.br\/adapi\/download\/336\/herbivoroslegislacao\/2898\/instrucao-normativa-mapa-44-2013.pdf\" style=\"background-color:#033b85;color:#ffffff;\">Baixar<i class=\"zmdi zmdi-cloud-download wpfd-download\"><\/i><\/a><a                            href=\"https:\/\/docs.google.com\/viewer?url=https%3A%2F%2Fportal.pi.gov.br%2Fadapi%2Fwp-admin%2Fadmin-ajax.php%3Fjuwpfisadmin%3Dfalse%26action%3Dwpfd%26task%3Dfile.download%26wpfd_category_id%3D336%26wpfd_file_id%3D2898%26token%3D%26preview%3D1&#038;embedded=true\"                            class=\"openlink wpfdlightbox wpfd_previewlink\"                            target=\"\"                            data-id=\"2898\"                            data-catid=\"336\"                            data-file-type=\"pdf\">Visualizar<i class=\"zmdi zmdi-filter-center-focus wpfd-preview\"><\/i>                        <\/a>                        <\/td>                                    <\/tr>                            <tr class=\"file\" data-id=\"2897\"                    data-catid=\"336\">                    <td class=\"file_title\"><a class=\"wpfd_downloadlink\" href=\"https:\/\/portal.pi.gov.br\/adapi\/download\/336\/herbivoroslegislacao\/2897\/instrucao-normativa-mapa-41-2009.pdf\" title=\"Instru\u00e7\u00e3o Normativa MAPA 41-2009\"><span class=\"extcol\">                                <span class=\"ext ext-pdf\"><\/span>                                Instru\u00e7\u00e3o Normativa MAPA 41-2009                            <\/span><\/a><\/td><td class=\"file_size\">188.66 KB<\/td><td class=\"file_created\">22-04-2025<\/td>                                            <td class=\"col-download\">                            <a class=\"downloadlink wpfd_downloadlink\"  href=\"https:\/\/portal.pi.gov.br\/adapi\/download\/336\/herbivoroslegislacao\/2897\/instrucao-normativa-mapa-41-2009.pdf\" style=\"background-color:#033b85;color:#ffffff;\">Baixar<i class=\"zmdi zmdi-cloud-download wpfd-download\"><\/i><\/a><a                            href=\"https:\/\/docs.google.com\/viewer?url=https%3A%2F%2Fportal.pi.gov.br%2Fadapi%2Fwp-admin%2Fadmin-ajax.php%3Fjuwpfisadmin%3Dfalse%26action%3Dwpfd%26task%3Dfile.download%26wpfd_category_id%3D336%26wpfd_file_id%3D2897%26token%3D%26preview%3D1&#038;embedded=true\"                            class=\"openlink wpfdlightbox wpfd_previewlink\"                            target=\"\"                            data-id=\"2897\"                            data-catid=\"336\"                            data-file-type=\"pdf\">Visualizar<i class=\"zmdi zmdi-filter-center-focus wpfd-preview\"><\/i>                        <\/a>                        <\/td>                                    <\/tr>                            <tr class=\"file\" data-id=\"2896\"                    data-catid=\"336\">                    <td class=\"file_title\"><a class=\"wpfd_downloadlink\" href=\"https:\/\/portal.pi.gov.br\/adapi\/download\/336\/herbivoroslegislacao\/2896\/instrucao-normativa-mapa-31-2014.pdf\" title=\"Instru\u00e7\u00e3o Normativa MAPA 31-2014\"><span class=\"extcol\">                                <span class=\"ext ext-pdf\"><\/span>                                Instru\u00e7\u00e3o Normativa MAPA 31-2014                            <\/span><\/a><\/td><td class=\"file_size\">78.54 KB<\/td><td class=\"file_created\">22-04-2025<\/td>                                            <td class=\"col-download\">                            <a class=\"downloadlink wpfd_downloadlink\"  href=\"https:\/\/portal.pi.gov.br\/adapi\/download\/336\/herbivoroslegislacao\/2896\/instrucao-normativa-mapa-31-2014.pdf\" style=\"background-color:#033b85;color:#ffffff;\">Baixar<i class=\"zmdi zmdi-cloud-download wpfd-download\"><\/i><\/a><a                            href=\"https:\/\/docs.google.com\/viewer?url=https%3A%2F%2Fportal.pi.gov.br%2Fadapi%2Fwp-admin%2Fadmin-ajax.php%3Fjuwpfisadmin%3Dfalse%26action%3Dwpfd%26task%3Dfile.download%26wpfd_category_id%3D336%26wpfd_file_id%3D2896%26token%3D%26preview%3D1&#038;embedded=true\"                            class=\"openlink wpfdlightbox wpfd_previewlink\"                            target=\"\"                            data-id=\"2896\"                            data-catid=\"336\"                            data-file-type=\"pdf\">Visualizar<i class=\"zmdi zmdi-filter-center-focus wpfd-preview\"><\/i>                        <\/a>                        <\/td>                                    <\/tr>                            <tr class=\"file\" data-id=\"2893\"                    data-catid=\"336\">                    <td class=\"file_title\"><a class=\"wpfd_downloadlink\" href=\"https:\/\/portal.pi.gov.br\/adapi\/download\/336\/herbivoroslegislacao\/2893\/instrucao-normativa-mapa-8-2004.pdf\" title=\"Instru\u00e7\u00e3o Normativa MAPA 8-2004\"><span class=\"extcol\">                                <span class=\"ext ext-pdf\"><\/span>                                Instru\u00e7\u00e3o Normativa MAPA 8-2004                            <\/span><\/a><\/td><td class=\"file_size\">108.77 KB<\/td><td class=\"file_created\">22-04-2025<\/td>                                            <td class=\"col-download\">                            <a class=\"downloadlink wpfd_downloadlink\"  href=\"https:\/\/portal.pi.gov.br\/adapi\/download\/336\/herbivoroslegislacao\/2893\/instrucao-normativa-mapa-8-2004.pdf\" style=\"background-color:#033b85;color:#ffffff;\">Baixar<i class=\"zmdi zmdi-cloud-download wpfd-download\"><\/i><\/a><a                            href=\"https:\/\/docs.google.com\/viewer?url=https%3A%2F%2Fportal.pi.gov.br%2Fadapi%2Fwp-admin%2Fadmin-ajax.php%3Fjuwpfisadmin%3Dfalse%26action%3Dwpfd%26task%3Dfile.download%26wpfd_category_id%3D336%26wpfd_file_id%3D2893%26token%3D%26preview%3D1&#038;embedded=true\"                            class=\"openlink wpfdlightbox wpfd_previewlink\"                            target=\"\"                            data-id=\"2893\"                            data-catid=\"336\"                            data-file-type=\"pdf\">Visualizar<i class=\"zmdi zmdi-filter-center-focus wpfd-preview\"><\/i>                        <\/a>                        <\/td>                                    <\/tr>                        <\/tbody>        <\/table>            <\/div><\/div><\/div><div class='wpfd-pagination'>\n\t<span class='page-numbers current'>1<\/span>\n<a class='page-numbers' data-page='2' data-sourcecat='336'>2<\/a>\n<a class='next page-numbers' data-page='2' data-sourcecat='336'>Pr\u00f3ximo &raquo;<\/a>\n<\/div>\n\n","protected":false},"excerpt":{"rendered":"","protected":false},"author":1832,"featured_media":0,"parent":0,"menu_order":0,"comment_status":"closed","ping_status":"closed","template":"template-fullwidth.php","meta":[],"featured_image_urls":{"full":"","thumbnail":"","medium":"","medium_large":"","large":"","sgg-420":"","sgg-540":"","sgg-780":"","1536x1536":"","2048x2048":"","homepage-slider":"","homepage-slider-small":"","page-top":"","page-small":"","loop-main":"","thumb-gallery-widget":""},"post_excerpt_stackable":"<p>T\u00edtuloTamanhoData de Publica\u00e7\u00e3oBaixar Portaria n\u00ba 140, de 01 de novembro de 2023 577.06 KB22-04-2025 BaixarVisualizar Portaria SDA-MAPA 168-2005 956.76 KB22-04-2025 BaixarVisualizar PORTARIA N\u00ba 52.201 \u2013 52 -2022 \u2013 DG ADAPI, DE 02 DE JUNHO DE 2022 195.93 KB22-04-2025 BaixarVisualizar MANUAL DE PROCEDIMENTOS PECRH 2.22 MB22-04-2025 BaixarVisualizar Instru\u00e7\u00e3o Normativa SDA-MAPA 18-2002 85.28 KB22-04-2025 BaixarVisualizar Instru\u00e7\u00e3o Normativa MAPA 49-2008 108.99 KB22-04-2025 BaixarVisualizar Instru\u00e7\u00e3o Normativa MAPA 44-2013 91.98 KB22-04-2025 BaixarVisualizar Instru\u00e7\u00e3o Normativa MAPA 41-2009 188.66 KB22-04-2025 BaixarVisualizar Instru\u00e7\u00e3o Normativa MAPA 31-2014 78.54 KB22-04-2025 BaixarVisualizar Instru\u00e7\u00e3o Normativa MAPA 8-2004 108.77 KB22-04-2025 BaixarVisualizar 1 2 Pr\u00f3ximo &raquo;<\/p>\n","category_list":"","author_info":{"name":"ETIPI","url":"https:\/\/portal.pi.gov.br\/adapi\/author\/pallomagualter\/"},"comments_num":"0 coment\u00e1rio","featured_image_urls_v2":{"full":"","thumbnail":"","medium":"","medium_large":"","large":"","sgg-420":"","sgg-540":"","sgg-780":"","1536x1536":"","2048x2048":"","homepage-slider":"","homepage-slider-small":"","page-top":"","page-small":"","loop-main":"","thumb-gallery-widget":""},"post_excerpt_stackable_v2":"<p>T\u00edtuloTamanhoData de Publica\u00e7\u00e3oBaixar Portaria n\u00ba 140, de 01 de novembro de 2023 577.06 KB22-04-2025 BaixarVisualizar Portaria SDA-MAPA 168-2005 956.76 KB22-04-2025 BaixarVisualizar PORTARIA N\u00ba 52.201 \u2013 52 -2022 \u2013 DG ADAPI, DE 02 DE JUNHO DE 2022 195.93 KB22-04-2025 BaixarVisualizar MANUAL DE PROCEDIMENTOS PECRH 2.22 MB22-04-2025 BaixarVisualizar Instru\u00e7\u00e3o Normativa SDA-MAPA 18-2002 85.28 KB22-04-2025 BaixarVisualizar Instru\u00e7\u00e3o Normativa MAPA 49-2008 108.99 KB22-04-2025 BaixarVisualizar Instru\u00e7\u00e3o Normativa MAPA 44-2013 91.98 KB22-04-2025 BaixarVisualizar Instru\u00e7\u00e3o Normativa MAPA 41-2009 188.66 KB22-04-2025 BaixarVisualizar Instru\u00e7\u00e3o Normativa MAPA 31-2014 78.54 KB22-04-2025 BaixarVisualizar Instru\u00e7\u00e3o Normativa MAPA 8-2004 108.77 KB22-04-2025 BaixarVisualizar 1 2 Pr\u00f3ximo &raquo;<\/p>\n","category_list_v2":"","author_info_v2":{"name":"ETIPI","url":"https:\/\/portal.pi.gov.br\/adapi\/author\/pallomagualter\/"},"comments_num_v2":"0 coment\u00e1rio","_links":{"self":[{"href":"https:\/\/portal.pi.gov.br\/adapi\/wp-json\/wp\/v2\/pages\/4507"}],"collection":[{"href":"https:\/\/portal.pi.gov.br\/adapi\/wp-json\/wp\/v2\/pages"}],"about":[{"href":"https:\/\/portal.pi.gov.br\/adapi\/wp-json\/wp\/v2\/types\/page"}],"author":[{"embeddable":true,"href":"https:\/\/portal.pi.gov.br\/adapi\/wp-json\/wp\/v2\/users\/1832"}],"replies":[{"embeddable":true,"href":"https:\/\/portal.pi.gov.br\/adapi\/wp-json\/wp\/v2\/comments?post=4507"}],"version-history":[{"count":1,"href":"https:\/\/portal.pi.gov.br\/adapi\/wp-json\/wp\/v2\/pages\/4507\/revisions"}],"predecessor-version":[{"id":4508,"href":"https:\/\/portal.pi.gov.br\/adapi\/wp-json\/wp\/v2\/pages\/4507\/revisions\/4508"}],"wp:attachment":[{"href":"https:\/\/portal.pi.gov.br\/adapi\/wp-json\/wp\/v2\/media?parent=4507"}],"curies":[{"name":"wp","href":"https:\/\/api.w.org\/{rel}","templated":true}]}}