{"id":4509,"date":"2025-10-22T11:52:54","date_gmt":"2025-10-22T14:52:54","guid":{"rendered":"https:\/\/portal.pi.gov.br\/adapi\/?page_id=4509"},"modified":"2025-11-13T09:33:43","modified_gmt":"2025-11-13T12:33:43","slug":"equipes","status":"publish","type":"page","link":"https:\/\/portal.pi.gov.br\/adapi\/equipes\/","title":{"rendered":"Equipes"},"content":{"rendered":"\n<p>O PECRH e EETs (Programa Estadual de Controle da Raiva dos Herb\u00edvoros e das Encefalopatias Espongiformes Transmiss\u00edveis) realiza o cadastramento, monitoramento de abrigos e o controle populacional dos morcegos hemat\u00f3fagos, principalmente os da esp\u00e9cie&nbsp;<em><u>Desmodus Rotundus<\/u><\/em>, que \u00e9 o principal transmissor da Raiva para os animais de produ\u00e7\u00e3o.<\/p>\n\n\n\n<p>Esse trabalho \u00e9 realizados pelas equipes de controle e captura de morcegos hemat\u00f3fago da Adapi, que al\u00e9m do trabalho de controle realiza o trabalho de Educa\u00e7\u00e3o sanit\u00e1ria atrav\u00e9s da divulga\u00e7\u00e3o dessas a\u00e7\u00f5es, visando a prote\u00e7\u00e3o da sa\u00fade animal e humana contra a Raiva dos Herb\u00edvoros.<\/p>\n\n\n\n<p>Atualmente o PECRH e EETs conta com tr\u00eas equipes nomeadas palas <strong>portarias\u00a0n\u00ba 52.201 \u2013 062\/2022 \u2013 DG ADAPI, de 05 de Agosto de 2022\u00a0e\u00a0n\u00ba 140, de 01 de Novembro de 2023<\/strong>, sediadas nas regi\u00f5es Norte, Centro e Sul, cada equipe compostas por 02 M\u00e9dicos Veterin\u00e1rios e 02 T\u00e9cnicos em Agropecu\u00e1ria.<\/p>\n","protected":false},"excerpt":{"rendered":"<p>O PECRH e EETs (Programa Estadual de Controle da Raiva dos Herb\u00edvoros e das Encefalopatias Espongiformes Transmiss\u00edveis) realiza o cadastramento, monitoramento de abrigos e o controle populacional dos morcegos hemat\u00f3fagos, [&hellip;]<\/p>\n","protected":false},"author":1832,"featured_media":0,"parent":0,"menu_order":0,"comment_status":"closed","ping_status":"closed","template":"template-fullwidth.php","meta":[],"featured_image_urls":{"full":"","thumbnail":"","medium":"","medium_large":"","large":"","sgg-420":"","sgg-540":"","sgg-780":"","1536x1536":"","2048x2048":"","homepage-slider":"","homepage-slider-small":"","page-top":"","page-small":"","loop-main":"","thumb-gallery-widget":""},"post_excerpt_stackable":"<p>O PECRH e EETs (Programa Estadual de Controle da Raiva dos Herb\u00edvoros e das Encefalopatias Espongiformes Transmiss\u00edveis) realiza o cadastramento, monitoramento de abrigos e o controle populacional dos morcegos hemat\u00f3fagos, principalmente os da esp\u00e9cie&nbsp;Desmodus Rotundus, que \u00e9 o principal transmissor da Raiva para os animais de produ\u00e7\u00e3o. Esse trabalho \u00e9 realizados pelas equipes de controle e captura de morcegos hemat\u00f3fago da Adapi, que al\u00e9m do trabalho de controle realiza o trabalho de Educa\u00e7\u00e3o sanit\u00e1ria atrav\u00e9s da divulga\u00e7\u00e3o dessas a\u00e7\u00f5es, visando a prote\u00e7\u00e3o da sa\u00fade animal e humana contra a Raiva dos Herb\u00edvoros. Atualmente o PECRH e EETs conta com tr\u00eas&hellip;<\/p>\n","category_list":"","author_info":{"name":"ETIPI","url":"https:\/\/portal.pi.gov.br\/adapi\/author\/pallomagualter\/"},"comments_num":"0 coment\u00e1rio","featured_image_urls_v2":{"full":"","thumbnail":"","medium":"","medium_large":"","large":"","sgg-420":"","sgg-540":"","sgg-780":"","1536x1536":"","2048x2048":"","homepage-slider":"","homepage-slider-small":"","page-top":"","page-small":"","loop-main":"","thumb-gallery-widget":""},"post_excerpt_stackable_v2":"<p>O PECRH e EETs (Programa Estadual de Controle da Raiva dos Herb\u00edvoros e das Encefalopatias Espongiformes Transmiss\u00edveis) realiza o cadastramento, monitoramento de abrigos e o controle populacional dos morcegos hemat\u00f3fagos, principalmente os da esp\u00e9cie&nbsp;Desmodus Rotundus, que \u00e9 o principal transmissor da Raiva para os animais de produ\u00e7\u00e3o. Esse trabalho \u00e9 realizados pelas equipes de controle e captura de morcegos hemat\u00f3fago da Adapi, que al\u00e9m do trabalho de controle realiza o trabalho de Educa\u00e7\u00e3o sanit\u00e1ria atrav\u00e9s da divulga\u00e7\u00e3o dessas a\u00e7\u00f5es, visando a prote\u00e7\u00e3o da sa\u00fade animal e humana contra a Raiva dos Herb\u00edvoros. Atualmente o PECRH e EETs conta com tr\u00eas&hellip;<\/p>\n","category_list_v2":"","author_info_v2":{"name":"ETIPI","url":"https:\/\/portal.pi.gov.br\/adapi\/author\/pallomagualter\/"},"comments_num_v2":"0 coment\u00e1rio","_links":{"self":[{"href":"https:\/\/portal.pi.gov.br\/adapi\/wp-json\/wp\/v2\/pages\/4509"}],"collection":[{"href":"https:\/\/portal.pi.gov.br\/adapi\/wp-json\/wp\/v2\/pages"}],"about":[{"href":"https:\/\/portal.pi.gov.br\/adapi\/wp-json\/wp\/v2\/types\/page"}],"author":[{"embeddable":true,"href":"https:\/\/portal.pi.gov.br\/adapi\/wp-json\/wp\/v2\/users\/1832"}],"replies":[{"embeddable":true,"href":"https:\/\/portal.pi.gov.br\/adapi\/wp-json\/wp\/v2\/comments?post=4509"}],"version-history":[{"count":3,"href":"https:\/\/portal.pi.gov.br\/adapi\/wp-json\/wp\/v2\/pages\/4509\/revisions"}],"predecessor-version":[{"id":4794,"href":"https:\/\/portal.pi.gov.br\/adapi\/wp-json\/wp\/v2\/pages\/4509\/revisions\/4794"}],"wp:attachment":[{"href":"https:\/\/portal.pi.gov.br\/adapi\/wp-json\/wp\/v2\/media?parent=4509"}],"curies":[{"name":"wp","href":"https:\/\/api.w.org\/{rel}","templated":true}]}}