{"id":4513,"date":"2025-10-22T12:14:32","date_gmt":"2025-10-22T15:14:32","guid":{"rendered":"https:\/\/portal.pi.gov.br\/adapi\/?page_id=4513"},"modified":"2025-10-22T12:14:33","modified_gmt":"2025-10-22T15:14:33","slug":"legislacao-6","status":"publish","type":"page","link":"https:\/\/portal.pi.gov.br\/adapi\/legislacao-6\/","title":{"rendered":"Legisla\u00e7\u00e3o"},"content":{"rendered":"<script type=\"text\/x-handlebars-template\"        id=\"wpfd-template-table-categories-337\">    <div class=\"wpfd-categories\">{{#if category}}{{#with category}}{{#if parent}}<a class=\"catlink backcategory\" href=\"#\" data-idcat=\"{{parent}}\">                        <i class=\"zmdi zmdi-chevron-left\"><\/i><span>Voltar<\/span><\/a>{{\/if}}{{\/with}}{{\/if}}<\/div><\/script><script type=\"text\/x-handlebars-template\" id=\"wpfd-template-table-337\">    {{#if files}}    {{#each files}}    <tr class=\"file\" data-id=\"{{ID}}\" data-catid=\"{{catid}}\">    <td class=\"file_title\"><a class=\"wpfd_downloadlink\" href=\"{{linkdownload}}\" title=\"{{post_title}}\"><span class=\"extcol\">{{#if file_custom_icon}}<span class=\"icon-custom\"><img src=\"{{file_custom_icon}}\"><\/span>{{else}}<span class=\"ext ext-{{ext}}\"><\/span>{{\/if}}<\/span>{{{crop_title}}}<\/a><\/td><td class=\"file_size\">{{bytesToSize size}}<\/td><td class=\"file_created\">{{created}}<\/td>                    <td class=\"col-download\">                <a class=\"downloadlink wpfd_downloadlink\"  href=\"{{linkdownload}}\" style=\"background-color:#033b85;color:#ffffff;\">Baixar<i class=\"zmdi zmdi-cloud-download wpfd-download\"><\/i><\/a>{{#if openpdflink}}<a class=\"openlink wpfdlightbox wpfd_previewlink\" href=\"{{openpdflink}}\" target=\"\">Visualizar                            <i class=\"zmdi zmdi-filter-center-focus wpfd-preview\"><\/i>                        <\/a>{{else}}{{#if viewerlink}}<a                            href=\"{{viewerlink}}\"                            class=\"openlink wpfdlightbox wpfd_previewlink\"                            target=\"\"                            data-id=\"{{ID}}\"                            data-catid=\"{{catid}}\"                            data-file-type=\"{{ext}}\">Visualizar<i class=\"zmdi zmdi-filter-center-focus wpfd-preview\"><\/i>                        <\/a>{{\/if}}{{\/if}}            <\/td>            <\/tr>    {{\/each}}    {{\/if}}<\/script><div class=\"wpfd-content wpfd-content-table wpfd-content-multi colstyle\" data-category=\"337\"><input type=\"hidden\" id=\"current_category_337\" value=\"337\" \/>                    <input type=\"hidden\" id=\"current_category_slug_337\" value=\"aquaticoslegislacao\" \/>                    <input type=\"hidden\" id=\"current_ordering_337\" value=\"title\" \/>                    <input type=\"hidden\" id=\"current_ordering_direction_337\" value=\"desc\" \/><div class=\"wpfd-container\">        <div class=\"wpfd-open-tree\"><\/div>    <div class=\"wpfd-container-table \">        <div class=\"wpfd-categories\"><\/div>        <table class=\"wpfd-table wpfd-table-bordered wpfd-table-striped mediaTable\">            <thead>            <tr>                <th class=\"essential persist file_title\">T\u00edtulo<\/th><th class=\"optional file_size\">Tamanho<\/th><th class=\"optional file_created\">Data de Publica\u00e7\u00e3o<\/th><th class=\"essential file_download\">Baixar<\/th>            <\/tr>            <\/thead>            <tbody>                            <tr class=\"file\" data-id=\"2891\"                    data-catid=\"337\">                    <td class=\"file_title\"><a class=\"wpfd_downloadlink\" href=\"https:\/\/portal.pi.gov.br\/adapi\/download\/337\/aquaticoslegislacao\/2891\/portaria-mpa-no-19-de-04-fevereiro-2015.pdf\" title=\"Portaria MPA n\u00ba 19, de 04 fevereiro 2015\"><span class=\"extcol\">                                <span class=\"ext ext-pdf\"><\/span>                                Portaria MPA n\u00ba 19, de 04 fevereiro 2015                            <\/span><\/a><\/td><td class=\"file_size\">300.43 KB<\/td><td class=\"file_created\">22-04-2025<\/td>                                            <td class=\"col-download\">                            <a class=\"downloadlink wpfd_downloadlink\"  href=\"https:\/\/portal.pi.gov.br\/adapi\/download\/337\/aquaticoslegislacao\/2891\/portaria-mpa-no-19-de-04-fevereiro-2015.pdf\" style=\"background-color:#033b85;color:#ffffff;\">Baixar<i class=\"zmdi zmdi-cloud-download wpfd-download\"><\/i><\/a><a                            href=\"https:\/\/docs.google.com\/viewer?url=https%3A%2F%2Fportal.pi.gov.br%2Fadapi%2Fwp-admin%2Fadmin-ajax.php%3Fjuwpfisadmin%3Dfalse%26action%3Dwpfd%26task%3Dfile.download%26wpfd_category_id%3D337%26wpfd_file_id%3D2891%26token%3D%26preview%3D1&#038;embedded=true\"                            class=\"openlink wpfdlightbox wpfd_previewlink\"                            target=\"\"                            data-id=\"2891\"                            data-catid=\"337\"                            data-file-type=\"pdf\">Visualizar<i class=\"zmdi zmdi-filter-center-focus wpfd-preview\"><\/i>                        <\/a>                        <\/td>                                    <\/tr>                            <tr class=\"file\" data-id=\"2892\"                    data-catid=\"337\">                    <td class=\"file_title\"><a class=\"wpfd_downloadlink\" href=\"https:\/\/portal.pi.gov.br\/adapi\/download\/337\/aquaticoslegislacao\/2892\/portaria-sda-mapa-no-884-de-6-de-setembro-de-2023.pdf\" title=\"PORTARIA SDA-MAPA N\u00ba 884, DE 6 DE SETEMBRO DE 2023\"><span class=\"extcol\">                                <span class=\"ext ext-pdf\"><\/span>                                PORTARIA SDA-MAPA N\u00ba 884, DE 6 DE SETEMBRO DE 2023                            <\/span><\/a><\/td><td class=\"file_size\">303.07 KB<\/td><td class=\"file_created\">22-04-2025<\/td>                                            <td class=\"col-download\">                            <a class=\"downloadlink wpfd_downloadlink\"  href=\"https:\/\/portal.pi.gov.br\/adapi\/download\/337\/aquaticoslegislacao\/2892\/portaria-sda-mapa-no-884-de-6-de-setembro-de-2023.pdf\" style=\"background-color:#033b85;color:#ffffff;\">Baixar<i class=\"zmdi zmdi-cloud-download wpfd-download\"><\/i><\/a><a                            href=\"https:\/\/docs.google.com\/viewer?url=https%3A%2F%2Fportal.pi.gov.br%2Fadapi%2Fwp-admin%2Fadmin-ajax.php%3Fjuwpfisadmin%3Dfalse%26action%3Dwpfd%26task%3Dfile.download%26wpfd_category_id%3D337%26wpfd_file_id%3D2892%26token%3D%26preview%3D1&#038;embedded=true\"                            class=\"openlink wpfdlightbox wpfd_previewlink\"                            target=\"\"                            data-id=\"2892\"                            data-catid=\"337\"                            data-file-type=\"pdf\">Visualizar<i class=\"zmdi zmdi-filter-center-focus wpfd-preview\"><\/i>                        <\/a>                        <\/td>                                    <\/tr>                            <tr class=\"file\" data-id=\"5325\"                    data-catid=\"337\">                    <td class=\"file_title\"><a class=\"wpfd_downloadlink\" href=\"https:\/\/portal.pi.gov.br\/adapi\/download\/337\/aquaticoslegislacao\/5325\/portaria-interministerial-mpa_mapa-no-54-de-9-de-abril-de-2026-dou-imprensa-nacional.pdf\" title=\"PORTARIA INTERMINISTERIAL MPA_MAPA N\u00ba 54, DE 9 DE ABRIL DE 2026 - DOU - Imprensa Nacional\"><span class=\"extcol\">                                <span class=\"ext ext-pdf\"><\/span>                                PORTARIA INTERMINISTERIAL MPA_MAPA N\u00ba 54, DE 9 DE ABRIL DE 2026 - DOU - Imprensa Nacional                            <\/span><\/a><\/td><td class=\"file_size\">122.59 KB<\/td><td class=\"file_created\">10-04-2026<\/td>                                            <td class=\"col-download\">                            <a class=\"downloadlink wpfd_downloadlink\"  href=\"https:\/\/portal.pi.gov.br\/adapi\/download\/337\/aquaticoslegislacao\/5325\/portaria-interministerial-mpa_mapa-no-54-de-9-de-abril-de-2026-dou-imprensa-nacional.pdf\" style=\"background-color:#033b85;color:#ffffff;\">Baixar<i class=\"zmdi zmdi-cloud-download wpfd-download\"><\/i><\/a><a                            href=\"https:\/\/docs.google.com\/viewer?url=https%3A%2F%2Fportal.pi.gov.br%2Fadapi%2Fwp-admin%2Fadmin-ajax.php%3Fjuwpfisadmin%3Dfalse%26action%3Dwpfd%26task%3Dfile.download%26wpfd_category_id%3D337%26wpfd_file_id%3D5325%26token%3D%26preview%3D1&#038;embedded=true\"                            class=\"openlink wpfdlightbox wpfd_previewlink\"                            target=\"\"                            data-id=\"5325\"                            data-catid=\"337\"                            data-file-type=\"pdf\">Visualizar<i class=\"zmdi zmdi-filter-center-focus wpfd-preview\"><\/i>                        <\/a>                        <\/td>                                    <\/tr>                            <tr class=\"file\" data-id=\"2884\"                    data-catid=\"337\">                    <td class=\"file_title\"><a class=\"wpfd_downloadlink\" href=\"https:\/\/portal.pi.gov.br\/adapi\/download\/337\/aquaticoslegislacao\/2884\/instrucao-normativa-no-30-de-30-de-dezembro-de-2014.pdf\" title=\"Instru\u00e7\u00e3o Normativa n\u00ba 30, de 30 de dezembro de 2014\"><span class=\"extcol\">                                <span class=\"ext ext-pdf\"><\/span>                                Instru\u00e7\u00e3o Normativa n\u00ba 30, de 30 de dezembro de 2014                            <\/span><\/a><\/td><td class=\"file_size\">105.31 KB<\/td><td class=\"file_created\">22-04-2025<\/td>                                            <td class=\"col-download\">                            <a class=\"downloadlink wpfd_downloadlink\"  href=\"https:\/\/portal.pi.gov.br\/adapi\/download\/337\/aquaticoslegislacao\/2884\/instrucao-normativa-no-30-de-30-de-dezembro-de-2014.pdf\" style=\"background-color:#033b85;color:#ffffff;\">Baixar<i class=\"zmdi zmdi-cloud-download wpfd-download\"><\/i><\/a><a                            href=\"https:\/\/docs.google.com\/viewer?url=https%3A%2F%2Fportal.pi.gov.br%2Fadapi%2Fwp-admin%2Fadmin-ajax.php%3Fjuwpfisadmin%3Dfalse%26action%3Dwpfd%26task%3Dfile.download%26wpfd_category_id%3D337%26wpfd_file_id%3D2884%26token%3D%26preview%3D1&#038;embedded=true\"                            class=\"openlink wpfdlightbox wpfd_previewlink\"                            target=\"\"                            data-id=\"2884\"                            data-catid=\"337\"                            data-file-type=\"pdf\">Visualizar<i class=\"zmdi zmdi-filter-center-focus wpfd-preview\"><\/i>                        <\/a>                        <\/td>                                    <\/tr>                            <tr class=\"file\" data-id=\"2883\"                    data-catid=\"337\">                    <td class=\"file_title\"><a class=\"wpfd_downloadlink\" href=\"https:\/\/portal.pi.gov.br\/adapi\/download\/337\/aquaticoslegislacao\/2883\/instrucao-normativa-no-4-de-28-de-fevereiro-de-2019.pdf\" title=\"Instru\u00e7\u00e3o Normativa n\u00ba 4, de 28 de fevereiro de 2019\"><span class=\"extcol\">                                <span class=\"ext ext-pdf\"><\/span>                                Instru\u00e7\u00e3o Normativa n\u00ba 4, de 28 de fevereiro de 2019                            <\/span><\/a><\/td><td class=\"file_size\">111.69 KB<\/td><td class=\"file_created\">22-04-2025<\/td>                                            <td class=\"col-download\">                            <a class=\"downloadlink wpfd_downloadlink\"  href=\"https:\/\/portal.pi.gov.br\/adapi\/download\/337\/aquaticoslegislacao\/2883\/instrucao-normativa-no-4-de-28-de-fevereiro-de-2019.pdf\" style=\"background-color:#033b85;color:#ffffff;\">Baixar<i class=\"zmdi zmdi-cloud-download wpfd-download\"><\/i><\/a><a                            href=\"https:\/\/docs.google.com\/viewer?url=https%3A%2F%2Fportal.pi.gov.br%2Fadapi%2Fwp-admin%2Fadmin-ajax.php%3Fjuwpfisadmin%3Dfalse%26action%3Dwpfd%26task%3Dfile.download%26wpfd_category_id%3D337%26wpfd_file_id%3D2883%26token%3D%26preview%3D1&#038;embedded=true\"                            class=\"openlink wpfdlightbox wpfd_previewlink\"                            target=\"\"                            data-id=\"2883\"                            data-catid=\"337\"                            data-file-type=\"pdf\">Visualizar<i class=\"zmdi zmdi-filter-center-focus wpfd-preview\"><\/i>                        <\/a>                        <\/td>                                    <\/tr>                            <tr class=\"file\" data-id=\"2882\"                    data-catid=\"337\">                    <td class=\"file_title\"><a class=\"wpfd_downloadlink\" href=\"https:\/\/portal.pi.gov.br\/adapi\/download\/337\/aquaticoslegislacao\/2882\/instrucao-normativa-no-4-de-4-de-fevereiro-de-2015.pdf\" title=\"Instru\u00e7\u00e3o Normativa n\u00ba 4, de 4 de fevereiro de 2015\"><span class=\"extcol\">                                <span class=\"ext ext-pdf\"><\/span>                                Instru\u00e7\u00e3o Normativa n\u00ba 4, de 4 de fevereiro de 2015                            <\/span><\/a><\/td><td class=\"file_size\">36.46 KB<\/td><td class=\"file_created\">22-04-2025<\/td>                                            <td class=\"col-download\">                            <a class=\"downloadlink wpfd_downloadlink\"  href=\"https:\/\/portal.pi.gov.br\/adapi\/download\/337\/aquaticoslegislacao\/2882\/instrucao-normativa-no-4-de-4-de-fevereiro-de-2015.pdf\" style=\"background-color:#033b85;color:#ffffff;\">Baixar<i class=\"zmdi zmdi-cloud-download wpfd-download\"><\/i><\/a><a                            href=\"https:\/\/docs.google.com\/viewer?url=https%3A%2F%2Fportal.pi.gov.br%2Fadapi%2Fwp-admin%2Fadmin-ajax.php%3Fjuwpfisadmin%3Dfalse%26action%3Dwpfd%26task%3Dfile.download%26wpfd_category_id%3D337%26wpfd_file_id%3D2882%26token%3D%26preview%3D1&#038;embedded=true\"                            class=\"openlink wpfdlightbox wpfd_previewlink\"                            target=\"\"                            data-id=\"2882\"                            data-catid=\"337\"                            data-file-type=\"pdf\">Visualizar<i class=\"zmdi zmdi-filter-center-focus wpfd-preview\"><\/i>                        <\/a>                        <\/td>                                    <\/tr>                            <tr class=\"file\" data-id=\"2881\"                    data-catid=\"337\">                    <td class=\"file_title\"><a class=\"wpfd_downloadlink\" href=\"https:\/\/portal.pi.gov.br\/adapi\/download\/337\/aquaticoslegislacao\/2881\/instrucao-normativa-no-2-de-27-de-setembro-de-2018.pdf\" title=\"Instru\u00e7\u00e3o Normativa n\u00ba 2, de 27 de setembro de 2018\"><span class=\"extcol\">                                <span class=\"ext ext-pdf\"><\/span>                                Instru\u00e7\u00e3o Normativa n\u00ba 2, de 27 de setembro de 2018                            <\/span><\/a><\/td><td class=\"file_size\">111.31 KB<\/td><td class=\"file_created\">22-04-2025<\/td>                                            <td class=\"col-download\">                            <a class=\"downloadlink wpfd_downloadlink\"  href=\"https:\/\/portal.pi.gov.br\/adapi\/download\/337\/aquaticoslegislacao\/2881\/instrucao-normativa-no-2-de-27-de-setembro-de-2018.pdf\" style=\"background-color:#033b85;color:#ffffff;\">Baixar<i class=\"zmdi zmdi-cloud-download wpfd-download\"><\/i><\/a><a                            href=\"https:\/\/docs.google.com\/viewer?url=https%3A%2F%2Fportal.pi.gov.br%2Fadapi%2Fwp-admin%2Fadmin-ajax.php%3Fjuwpfisadmin%3Dfalse%26action%3Dwpfd%26task%3Dfile.download%26wpfd_category_id%3D337%26wpfd_file_id%3D2881%26token%3D%26preview%3D1&#038;embedded=true\"                            class=\"openlink wpfdlightbox wpfd_previewlink\"                            target=\"\"                            data-id=\"2881\"                            data-catid=\"337\"                            data-file-type=\"pdf\">Visualizar<i class=\"zmdi zmdi-filter-center-focus wpfd-preview\"><\/i>                        <\/a>                        <\/td>                                    <\/tr>                            <tr class=\"file\" data-id=\"2880\"                    data-catid=\"337\">                    <td class=\"file_title\"><a class=\"wpfd_downloadlink\" href=\"https:\/\/portal.pi.gov.br\/adapi\/download\/337\/aquaticoslegislacao\/2880\/instrucao-normativa-mpa-no-10-de-24-de-setembro-de-2015.pdf\" title=\"Instru\u00e7\u00e3o Normativa MPA n\u00ba 10, de 24 de setembro de 2015\"><span class=\"extcol\">                                <span class=\"ext ext-pdf\"><\/span>                                Instru\u00e7\u00e3o Normativa MPA n\u00ba 10, de 24 de setembro de 2015                            <\/span><\/a><\/td><td class=\"file_size\">9.01 KB<\/td><td class=\"file_created\">22-04-2025<\/td>                                            <td class=\"col-download\">                            <a class=\"downloadlink wpfd_downloadlink\"  href=\"https:\/\/portal.pi.gov.br\/adapi\/download\/337\/aquaticoslegislacao\/2880\/instrucao-normativa-mpa-no-10-de-24-de-setembro-de-2015.pdf\" style=\"background-color:#033b85;color:#ffffff;\">Baixar<i class=\"zmdi zmdi-cloud-download wpfd-download\"><\/i><\/a><a                            href=\"https:\/\/docs.google.com\/viewer?url=https%3A%2F%2Fportal.pi.gov.br%2Fadapi%2Fwp-admin%2Fadmin-ajax.php%3Fjuwpfisadmin%3Dfalse%26action%3Dwpfd%26task%3Dfile.download%26wpfd_category_id%3D337%26wpfd_file_id%3D2880%26token%3D%26preview%3D1&#038;embedded=true\"                            class=\"openlink wpfdlightbox wpfd_previewlink\"                            target=\"\"                            data-id=\"2880\"                            data-catid=\"337\"                            data-file-type=\"pdf\">Visualizar<i class=\"zmdi zmdi-filter-center-focus wpfd-preview\"><\/i>                        <\/a>                        <\/td>                                    <\/tr>                            <tr class=\"file\" data-id=\"2879\"                    data-catid=\"337\">                    <td class=\"file_title\"><a class=\"wpfd_downloadlink\" href=\"https:\/\/portal.pi.gov.br\/adapi\/download\/337\/aquaticoslegislacao\/2879\/fluxograma-para-notificacao-ao-svo-e-investigacao-oficial.pptx\" title=\"Fluxograma para notifica\u00e7\u00e3o ao SVO e investiga\u00e7\u00e3o oficial\"><span class=\"extcol\">                                <span class=\"ext ext-pptx\"><\/span>                                Fluxograma para notifica\u00e7\u00e3o ao SVO e investiga\u00e7\u00e3o oficial                            <\/span><\/a><\/td><td class=\"file_size\">53.68 KB<\/td><td class=\"file_created\">22-04-2025<\/td>                                            <td class=\"col-download\">                            <a class=\"downloadlink wpfd_downloadlink\"  href=\"https:\/\/portal.pi.gov.br\/adapi\/download\/337\/aquaticoslegislacao\/2879\/fluxograma-para-notificacao-ao-svo-e-investigacao-oficial.pptx\" style=\"background-color:#033b85;color:#ffffff;\">Baixar<i class=\"zmdi zmdi-cloud-download wpfd-download\"><\/i><\/a><a                            href=\"https:\/\/docs.google.com\/viewer?url=https%3A%2F%2Fportal.pi.gov.br%2Fadapi%2Fwp-admin%2Fadmin-ajax.php%3Fjuwpfisadmin%3Dfalse%26action%3Dwpfd%26task%3Dfile.download%26wpfd_category_id%3D337%26wpfd_file_id%3D2879%26token%3D%26preview%3D1&#038;embedded=true\"                            class=\"openlink wpfdlightbox wpfd_previewlink\"                            target=\"\"                            data-id=\"2879\"                            data-catid=\"337\"                            data-file-type=\"pptx\">Visualizar<i class=\"zmdi zmdi-filter-center-focus wpfd-preview\"><\/i>                        <\/a>                        <\/td>                                    <\/tr>                        <\/tbody>        <\/table>            <\/div><\/div><\/div>\n","protected":false},"excerpt":{"rendered":"","protected":false},"author":1832,"featured_media":0,"parent":0,"menu_order":0,"comment_status":"closed","ping_status":"closed","template":"template-fullwidth.php","meta":[],"featured_image_urls":{"full":"","thumbnail":"","medium":"","medium_large":"","large":"","sgg-420":"","sgg-540":"","sgg-780":"","1536x1536":"","2048x2048":"","homepage-slider":"","homepage-slider-small":"","page-top":"","page-small":"","loop-main":"","thumb-gallery-widget":""},"post_excerpt_stackable":"<p>T\u00edtuloTamanhoData de Publica\u00e7\u00e3oBaixar Portaria MPA n\u00ba 19, de 04 fevereiro 2015 300.43 KB22-04-2025 BaixarVisualizar PORTARIA SDA-MAPA N\u00ba 884, DE 6 DE SETEMBRO DE 2023 303.07 KB22-04-2025 BaixarVisualizar PORTARIA INTERMINISTERIAL MPA_MAPA N\u00ba 54, DE 9 DE ABRIL DE 2026 &#8211; DOU &#8211; Imprensa Nacional 122.59 KB10-04-2026 BaixarVisualizar Instru\u00e7\u00e3o Normativa n\u00ba 30, de 30 de dezembro de 2014 105.31 KB22-04-2025 BaixarVisualizar Instru\u00e7\u00e3o Normativa n\u00ba 4, de 28 de fevereiro de 2019 111.69 KB22-04-2025 BaixarVisualizar Instru\u00e7\u00e3o Normativa n\u00ba 4, de 4 de fevereiro de 2015 36.46 KB22-04-2025 BaixarVisualizar Instru\u00e7\u00e3o Normativa n\u00ba 2, de 27 de setembro de 2018 111.31 KB22-04-2025 BaixarVisualizar Instru\u00e7\u00e3o Normativa&hellip;<\/p>\n","category_list":"","author_info":{"name":"ETIPI","url":"https:\/\/portal.pi.gov.br\/adapi\/author\/pallomagualter\/"},"comments_num":"0 coment\u00e1rio","featured_image_urls_v2":{"full":"","thumbnail":"","medium":"","medium_large":"","large":"","sgg-420":"","sgg-540":"","sgg-780":"","1536x1536":"","2048x2048":"","homepage-slider":"","homepage-slider-small":"","page-top":"","page-small":"","loop-main":"","thumb-gallery-widget":""},"post_excerpt_stackable_v2":"<p>T\u00edtuloTamanhoData de Publica\u00e7\u00e3oBaixar Portaria MPA n\u00ba 19, de 04 fevereiro 2015 300.43 KB22-04-2025 BaixarVisualizar PORTARIA SDA-MAPA N\u00ba 884, DE 6 DE SETEMBRO DE 2023 303.07 KB22-04-2025 BaixarVisualizar PORTARIA INTERMINISTERIAL MPA_MAPA N\u00ba 54, DE 9 DE ABRIL DE 2026 &#8211; DOU &#8211; Imprensa Nacional 122.59 KB10-04-2026 BaixarVisualizar Instru\u00e7\u00e3o Normativa n\u00ba 30, de 30 de dezembro de 2014 105.31 KB22-04-2025 BaixarVisualizar Instru\u00e7\u00e3o Normativa n\u00ba 4, de 28 de fevereiro de 2019 111.69 KB22-04-2025 BaixarVisualizar Instru\u00e7\u00e3o Normativa n\u00ba 4, de 4 de fevereiro de 2015 36.46 KB22-04-2025 BaixarVisualizar Instru\u00e7\u00e3o Normativa n\u00ba 2, de 27 de setembro de 2018 111.31 KB22-04-2025 BaixarVisualizar Instru\u00e7\u00e3o Normativa&hellip;<\/p>\n","category_list_v2":"","author_info_v2":{"name":"ETIPI","url":"https:\/\/portal.pi.gov.br\/adapi\/author\/pallomagualter\/"},"comments_num_v2":"0 coment\u00e1rio","_links":{"self":[{"href":"https:\/\/portal.pi.gov.br\/adapi\/wp-json\/wp\/v2\/pages\/4513"}],"collection":[{"href":"https:\/\/portal.pi.gov.br\/adapi\/wp-json\/wp\/v2\/pages"}],"about":[{"href":"https:\/\/portal.pi.gov.br\/adapi\/wp-json\/wp\/v2\/types\/page"}],"author":[{"embeddable":true,"href":"https:\/\/portal.pi.gov.br\/adapi\/wp-json\/wp\/v2\/users\/1832"}],"replies":[{"embeddable":true,"href":"https:\/\/portal.pi.gov.br\/adapi\/wp-json\/wp\/v2\/comments?post=4513"}],"version-history":[{"count":1,"href":"https:\/\/portal.pi.gov.br\/adapi\/wp-json\/wp\/v2\/pages\/4513\/revisions"}],"predecessor-version":[{"id":4514,"href":"https:\/\/portal.pi.gov.br\/adapi\/wp-json\/wp\/v2\/pages\/4513\/revisions\/4514"}],"wp:attachment":[{"href":"https:\/\/portal.pi.gov.br\/adapi\/wp-json\/wp\/v2\/media?parent=4513"}],"curies":[{"name":"wp","href":"https:\/\/api.w.org\/{rel}","templated":true}]}}