{"id":4515,"date":"2025-10-22T12:16:05","date_gmt":"2025-10-22T15:16:05","guid":{"rendered":"https:\/\/portal.pi.gov.br\/adapi\/?page_id=4515"},"modified":"2025-11-13T09:41:44","modified_gmt":"2025-11-13T12:41:44","slug":"doencas-de-notificacao-2","status":"publish","type":"page","link":"https:\/\/portal.pi.gov.br\/adapi\/doencas-de-notificacao-2\/","title":{"rendered":"Doen\u00e7as de Notifica\u00e7\u00e3o"},"content":{"rendered":"\n<p><strong>PRINCIPAIS DOEN\u00c7AS DE NOTIFICA\u00c7\u00c3O OBRIGAT\u00d3RIA NOS PEIXES<\/strong><\/p>\n\n\n\n<ul>\n<li>Necrose Hematopoi\u00e9tica Epizo\u00f3tica;<\/li>\n<\/ul>\n\n\n\n<p><\/p>\n\n\n\n<ul>\n<li>Necrose Hematopoi\u00e9tica Infecciosa<\/li>\n<\/ul>\n\n\n\n<p><\/p>\n\n\n\n<ul>\n<li>Viremia Primaveril da Carpa<\/li>\n<\/ul>\n\n\n\n<p><\/p>\n\n\n\n<ul>\n<li><strong>&nbsp;<\/strong>Septicemia Hemorr\u00e1gica Viral;<\/li>\n<\/ul>\n\n\n\n<p><\/p>\n\n\n\n<ul>\n<li>Anemia Infecciosa do Salm\u00e3o;<\/li>\n<\/ul>\n\n\n\n<p><\/p>\n\n\n\n<ul>\n<li>Gyrodactilose.<\/li>\n<\/ul>\n\n\n\n<p><\/p>\n\n\n\n<p><strong>ALGUMAS DOEN\u00c7AS DOS CRUST\u00c1CEOS<\/strong><\/p>\n\n\n\n<ul>\n<li>S\u00edndrome de Taura;<\/li>\n<\/ul>\n\n\n\n<p><\/p>\n\n\n\n<ul>\n<li>Doen\u00e7a da Mancha Branca;<\/li>\n<\/ul>\n\n\n\n<p><\/p>\n\n\n\n<ul>\n<li>Doen\u00e7a da Cabe\u00e7a Amarela;<\/li>\n<\/ul>\n\n\n\n<p><\/p>\n\n\n\n<ul>\n<li>Baculovirose Tetra\u00e9drica;<\/li>\n<\/ul>\n\n\n\n<p><\/p>\n\n\n\n<ul>\n<li>Necrose Hipod\u00e9rmica e Hematopoi\u00e9tica Infecciosa;<\/li>\n<\/ul>\n\n\n\n<p><\/p>\n\n\n\n<ul>\n<li>Infec\u00e7\u00e3o por Aphanomyces Astaci;<\/li>\n<\/ul>\n\n\n\n<p><\/p>\n\n\n\n<ul>\n<li>Mionecrose Infecciosa;<\/li>\n<\/ul>\n\n\n\n<p><\/p>\n\n\n\n<ul>\n<li>Doen\u00e7a da Calda Branca<\/li>\n<\/ul>\n","protected":false},"excerpt":{"rendered":"<p>PRINCIPAIS DOEN\u00c7AS DE NOTIFICA\u00c7\u00c3O OBRIGAT\u00d3RIA NOS PEIXES ALGUMAS DOEN\u00c7AS DOS CRUST\u00c1CEOS<\/p>\n","protected":false},"author":1832,"featured_media":0,"parent":0,"menu_order":0,"comment_status":"closed","ping_status":"closed","template":"template-fullwidth.php","meta":[],"featured_image_urls":{"full":"","thumbnail":"","medium":"","medium_large":"","large":"","sgg-420":"","sgg-540":"","sgg-780":"","1536x1536":"","2048x2048":"","homepage-slider":"","homepage-slider-small":"","page-top":"","page-small":"","loop-main":"","thumb-gallery-widget":""},"post_excerpt_stackable":"<p>PRINCIPAIS DOEN\u00c7AS DE NOTIFICA\u00c7\u00c3O OBRIGAT\u00d3RIA NOS PEIXES Necrose Hematopoi\u00e9tica Epizo\u00f3tica; Necrose Hematopoi\u00e9tica Infecciosa Viremia Primaveril da Carpa &nbsp;Septicemia Hemorr\u00e1gica Viral; Anemia Infecciosa do Salm\u00e3o; Gyrodactilose. ALGUMAS DOEN\u00c7AS DOS CRUST\u00c1CEOS S\u00edndrome de Taura; Doen\u00e7a da Mancha Branca; Doen\u00e7a da Cabe\u00e7a Amarela; Baculovirose Tetra\u00e9drica; Necrose Hipod\u00e9rmica e Hematopoi\u00e9tica Infecciosa; Infec\u00e7\u00e3o por Aphanomyces Astaci; Mionecrose Infecciosa; Doen\u00e7a da Calda Branca<\/p>\n","category_list":"","author_info":{"name":"ETIPI","url":"https:\/\/portal.pi.gov.br\/adapi\/author\/pallomagualter\/"},"comments_num":"0 coment\u00e1rio","featured_image_urls_v2":{"full":"","thumbnail":"","medium":"","medium_large":"","large":"","sgg-420":"","sgg-540":"","sgg-780":"","1536x1536":"","2048x2048":"","homepage-slider":"","homepage-slider-small":"","page-top":"","page-small":"","loop-main":"","thumb-gallery-widget":""},"post_excerpt_stackable_v2":"<p>PRINCIPAIS DOEN\u00c7AS DE NOTIFICA\u00c7\u00c3O OBRIGAT\u00d3RIA NOS PEIXES Necrose Hematopoi\u00e9tica Epizo\u00f3tica; Necrose Hematopoi\u00e9tica Infecciosa Viremia Primaveril da Carpa &nbsp;Septicemia Hemorr\u00e1gica Viral; Anemia Infecciosa do Salm\u00e3o; Gyrodactilose. ALGUMAS DOEN\u00c7AS DOS CRUST\u00c1CEOS S\u00edndrome de Taura; Doen\u00e7a da Mancha Branca; Doen\u00e7a da Cabe\u00e7a Amarela; Baculovirose Tetra\u00e9drica; Necrose Hipod\u00e9rmica e Hematopoi\u00e9tica Infecciosa; Infec\u00e7\u00e3o por Aphanomyces Astaci; Mionecrose Infecciosa; Doen\u00e7a da Calda Branca<\/p>\n","category_list_v2":"","author_info_v2":{"name":"ETIPI","url":"https:\/\/portal.pi.gov.br\/adapi\/author\/pallomagualter\/"},"comments_num_v2":"0 coment\u00e1rio","_links":{"self":[{"href":"https:\/\/portal.pi.gov.br\/adapi\/wp-json\/wp\/v2\/pages\/4515"}],"collection":[{"href":"https:\/\/portal.pi.gov.br\/adapi\/wp-json\/wp\/v2\/pages"}],"about":[{"href":"https:\/\/portal.pi.gov.br\/adapi\/wp-json\/wp\/v2\/types\/page"}],"author":[{"embeddable":true,"href":"https:\/\/portal.pi.gov.br\/adapi\/wp-json\/wp\/v2\/users\/1832"}],"replies":[{"embeddable":true,"href":"https:\/\/portal.pi.gov.br\/adapi\/wp-json\/wp\/v2\/comments?post=4515"}],"version-history":[{"count":3,"href":"https:\/\/portal.pi.gov.br\/adapi\/wp-json\/wp\/v2\/pages\/4515\/revisions"}],"predecessor-version":[{"id":4797,"href":"https:\/\/portal.pi.gov.br\/adapi\/wp-json\/wp\/v2\/pages\/4515\/revisions\/4797"}],"wp:attachment":[{"href":"https:\/\/portal.pi.gov.br\/adapi\/wp-json\/wp\/v2\/media?parent=4515"}],"curies":[{"name":"wp","href":"https:\/\/api.w.org\/{rel}","templated":true}]}}